{"id":11542,"date":"2023-12-25T15:46:11","date_gmt":"2023-12-25T15:46:11","guid":{"rendered":"https:\/\/www.ping.fm\/data-recovery-software\/sd-card-recovery-software\/"},"modified":"2024-02-29T18:23:31","modified_gmt":"2024-02-29T18:23:31","slug":"sd-card-recovery-software","status":"publish","type":"page","link":"https:\/\/datarecovery.ping.fm\/it\/sd-card-recovery-software\/","title":{"rendered":"Miglior software gratuito per il recupero dati da schede SD in uso"},"content":{"rendered":"<section>\n<h1>Il Miglior Software Gratuito per il Recupero di Schede SD<\/h1>\n<div class=\"inbrief\">\n<div>             <img src=\"https:\/\/www.ping.fm\/data-recovery-software\/wp-content\/uploads\/ai\/Best-Free-SD-Card-Recovery-Software-to-Use-Italian.jpg\" alt=\"Il Miglior Software Gratuito per il Recupero di Schede SD\" title=\"Il Miglior Software Gratuito per il Recupero di Schede SD\" width=\"1280\" height=\"720\">             <\/p>\n<p>Quando i video scompaiono dal tuo PC o Mac, il panico pu\u00f2 insorgere rapidamente. Ma prima di rassegnarsi a una perdita, sappi che quei preziosi ricordi e importanti file potrebbero non essere perduti per sempre. Infatti, con gli strumenti giusti, <b>recuperare video cancellati<\/b> pu\u00f2 spesso essere sorprendentemente semplice. \u00c8 qualcosa che ho dovuto fare pi\u00f9 di una volta, e sono qui per condividere le mie esperienze personali e le raccomandazioni per i migliori strumenti per recuperare video cancellati dal tuo computer.<\/p>\n<\/div>\n<\/div>\n<\/section>\n<section>\n<div class=\"medal\">\n<div>&#129351;<\/div>\n<\/div>\n<h2>Recuva<\/h2>\n<p><b>Recuva<\/b> \u00e8 un <b>software di recupero dati<\/b> facile da usare progettato per Windows. Con una interfaccia semplice, offre capacit\u00e0 di scansione profonda per trovare video che sono stati cancellati. L&#8217;ho trovato particolarmente efficace per recuperi rapidi sul mio PC.<\/p>\n<p>Sito Ufficiale<\/p>\n<h3 class='prosTitle'>Pro<\/h3>\n<ul class='listpc pros'>\n<li>Versione gratuita disponibile<\/li>\n<li>Interfaccia intuitiva<\/li>\n<\/ul>\n<h3 class='consTitle'>Contro<\/h3>\n<ul class='listpc cons'>\n<li>Principale per Windows<\/li>\n<li>Potrebbe non trovare tutti i file<\/li>\n<\/ul>\n<\/section>\n<section>\n<div class=\"medal\">\n<div>&#129352;<\/div>\n<\/div>\n<h2><a href='https:\/\/www.easeus.com\/datarecoverywizard\/free-data-recovery-software.htm' rel=\"nofollow noopener\" target='_blank'>EaseUS Data Recovery Wizard<\/a><\/h2>\n<p><img src=\"https:\/\/www.ping.fm\/data-recovery-software\/wp-content\/uploads\/ai\/https---www-easeus-com-datarecoverywizard-free-data-recovery-software-htmItalian.jpg\"><\/p>\n<p>Il <b>EaseUS Data Recovery Wizard<\/b> funziona sia su piattaforme PC che Mac. Si distingue per il suo layout chiaro e le robuste opzioni di scansione. \u00c8 uno dei miei software di fiducia per recuperi pi\u00f9 difficili.<\/p>\n<p><a href='https:\/\/www.easeus.com\/datarecoverywizard\/free-data-recovery-software.htm' rel=\"nofollow noopener\" target='_blank' class='ofWSite'>Sito Ufficiale<\/a><\/p>\n<h3 class='prosTitle'>Pro<\/h3>\n<ul class='listpc pros'>\n<li>Supporta vari tipi di file<\/li>\n<li>Opzione di anteprima prima del recupero<\/li>\n<\/ul>\n<h3 class='consTitle'>Contro<\/h3>\n<ul class='listpc cons'>\n<li>Limited free recovery data<\/li>\n<li>Can be pricey<\/li>\n<\/ul>\n<\/section>\n<section>\n<div class=\"medal\">\n<div>&#129353;<\/div>\n<\/div>\n<h2><a href='https:\/\/www.cleverfiles.com\/' rel=\"nofollow noopener\" target='_blank'>Disk Drill<\/a><\/h2>\n<p><img src=\"https:\/\/www.ping.fm\/data-recovery-software\/wp-content\/uploads\/ai\/https---www-cleverfiles-com-Italian.jpg\"><\/p>\n<p><b>Disk Drill<\/b> mi ha impressionato con il suo design elegante e il processo di scansione efficiente. Il software include tutorial utili, rendendolo una scelta solida anche per chi ha meno esperienza nel recupero dati su Windows e Mac.<\/p>\n<p><a href='https:\/\/www.cleverfiles.com\/' rel=\"nofollow noopener\" target='_blank' class='ofWSite'>Sito Ufficiale<\/a><\/p>\n<h3 class='prosTitle'>Pro<\/h3>\n<ul class='listpc pros'>\n<li>Adatto ai principianti<\/li>\n<li>Funzionalit\u00e0 di protezione per prevenire future perdite di dati<\/li>\n<\/ul>\n<h3 class='consTitle'>Contro<\/h3>\n<ul class='listpc cons'>\n<li>La versione gratuita ha funzionalit\u00e0 limitate<\/li>\n<li>La velocit\u00e0 di recupero pu\u00f2 variare<\/li>\n<\/ul>\n<\/section>\n<section>\n<div class=\"no-medal\">\n<div>4<\/div>\n<\/div>\n<h2><a href='https:\/\/www.stellarinfo.com\/data-recovery-mac.php' rel=\"nofollow noopener\" target='_blank'>Stellar Data Recovery<\/a><\/h2>\n<p><img src=\"https:\/\/www.ping.fm\/data-recovery-software\/wp-content\/uploads\/ai\/https---www-stellarinfo-com-data-recovery-mac-phpItalian.jpg\"><\/p>\n<p><b>Stellar Data Recovery<\/b> \u00e8 una forza quando si tratta di salvare file. Offre un&#8217;opzione avanzata per gli <b>utenti Mac<\/b> e mi ha salvato da perdite di video essenziali in varie occasioni. La versione per PC \u00e8 altrettanto prolifica.<\/p>\n<p><a href='https:\/\/www.stellarinfo.com\/data-recovery-mac.php' rel=\"nofollow noopener\" target='_blank' class='ofWSite'>Sito Ufficiale<\/a><\/p>\n<h3 class='prosTitle'>Pro<\/h3>\n<ul class='listpc pros'>\n<li>Alta percentuale di successo<\/li>\n<li>Supporta un&#8217;ampia gamma di formati di file<\/li>\n<\/ul>\n<h3 class='consTitle'>Contro<\/h3>\n<ul class='listpc cons'>\n<li>Prezzo pi\u00f9 elevato<\/li>\n<li>Pu\u00f2 essere complesso per i principianti<\/li>\n<\/ul>\n<\/section>\n<section>\n<div class=\"no-medal\">\n<div>5<\/div>\n<\/div>\n<h2><a href='https:\/\/www.wondershare.com\/data-recovery-mac\/' rel=\"nofollow noopener\" target='_blank'>Wondershare Recoverit<\/a><\/h2>\n<p><img src=\"https:\/\/www.ping.fm\/data-recovery-software\/wp-content\/uploads\/ai\/https---www-wondershare-com-data-recovery-mac-Italian.jpg\"><\/p>\n<p>Lo strumento <b>Wondershare Recoverit<\/b> dispone di un&#8217;esperienza utente aggiornata con supporto che copre una moltitudine di tipi di file. Utilizzandolo sul mio Mac, ho trovato la sua funzione di scansione approfondita piuttosto dettagliata, anche se richiede un po&#8217; di tempo per completare.<\/p>\n<p><a href='https:\/\/www.wondershare.com\/data-recovery-mac\/' rel=\"nofollow noopener\" target='_blank' class='ofWSite'>Sito Ufficiale<\/a><\/p>\n<h3 class='prosTitle'>Pro<\/h3>\n<ul class='listpc pros'>\n<li>Facile da navigare<\/li>\n<li>Buone prestazioni nelle scansioni approfondite<\/li>\n<\/ul>\n<h3 class='consTitle'>Contro<\/h3>\n<ul class='listpc cons'>\n<li>Tempi di scansione lenti<\/li>\n<li>Limitazioni della versione di prova gratuita<\/li>\n<\/ul>\n<\/section>\n<section>\n<h2>Video Youtube da guardare<\/h2>\n<div class=\"nonp iframe\"><iframe width=\"420\" height=\"315\" src=\"\/\/www.youtube.com\/embed\/lJZTb0buKeY\" frameborder=\"0\" allowfullscreen><\/iframe><\/div>\n<\/section>\n<section>\n<h2>Conclusione:<\/h2>\n<div class=\"nonp\">\n<p>Navigare il processo di <b>recupero video<\/b> pu\u00f2 essere scoraggiante, ma con un approccio strategico e gli strumenti giusti, spesso \u00e8 possibile recuperare ci\u00f2 che \u00e8 stato perso. Inizia sempre con il metodo meno invasivo, come controllare il Cestino o il Trash, prima di passare alle soluzioni software.<\/p>\n<p>Capire i sistemi di file e la loro struttura pu\u00f2 aiutare nel processo di recupero dei video. Ad esempio, sapere se il tuo disco \u00e8 formattato come NTFS, FAT o HFS+ potrebbe influenzare quale strumento di recupero funzioner\u00e0 meglio per la tua situazione.<\/p>\n<p>Per evitare future perdite, considera di richiedere l&#8217;aiuto di <a href='https:\/\/www.backblaze.com' rel=\"nofollow noopener\" target='_blank'>servizi di backup cloud<\/a> come Backblaze o Carbonite, che possono salvare automaticamente copie dei tuoi file e ridurre la necessit\u00e0 di recupero dati d&#8217;emergenza.<\/p>\n<\/div>\n<\/section>\n","protected":false},"excerpt":{"rendered":"<p>Il Miglior Software Gratuito per il Recupero di Schede SD Quando i video scompaiono dal tuo PC o Mac, il panico pu\u00f2 insorgere rapidamente. Ma prima di rassegnarsi a una perdita, sappi che quei preziosi ricordi e importanti file potrebbero non essere perduti per sempre. Infatti, con gli strumenti giusti, recuperare video cancellati pu\u00f2 spesso [&hellip;]<\/p>\n","protected":false},"author":2,"featured_media":34655,"parent":0,"menu_order":0,"comment_status":"closed","ping_status":"closed","template":"chromecast.php","meta":{"_stopmodifiedupdate":false,"_modified_date":"","_lmt_disableupdate":"yes","_lmt_disable":""},"acf":[],"yoast_head":"<!-- This site is optimized with the Yoast SEO plugin v20.9 - https:\/\/yoast.com\/wordpress\/plugins\/seo\/ -->\n<title>Software gratuito per il recupero di schede SD per l&#039;anno 2024<\/title>\n<meta name=\"robots\" content=\"index, follow, max-snippet:-1, max-image-preview:large, max-video-preview:-1\" \/>\n<link rel=\"canonical\" href=\"https:\/\/datarecovery.ping.fm\/it\/sd-card-recovery-software\/\" \/>\n<meta property=\"og:locale\" content=\"it_IT\" \/>\n<meta property=\"og:type\" content=\"article\" \/>\n<meta property=\"og:title\" content=\"Software gratuito per il recupero di schede SD per l&#039;anno 2024\" \/>\n<meta property=\"og:description\" content=\"Il Miglior Software Gratuito per il Recupero di Schede SD Quando i video scompaiono dal tuo PC o Mac, il panico pu\u00f2 insorgere rapidamente. Ma prima di rassegnarsi a una perdita, sappi che quei preziosi ricordi e importanti file potrebbero non essere perduti per sempre. Infatti, con gli strumenti giusti, recuperare video cancellati pu\u00f2 spesso [&hellip;]\" \/>\n<meta property=\"og:url\" content=\"https:\/\/datarecovery.ping.fm\/it\/sd-card-recovery-software\/\" \/>\n<meta property=\"og:site_name\" content=\"Software di Recupero Dati\" \/>\n<meta property=\"article:modified_time\" content=\"2024-02-29T18:23:31+00:00\" \/>\n<meta property=\"og:image\" content=\"https:\/\/datarecovery.ping.fm\/wp-content\/uploads\/2024\/03\/Best-Free-SD-Card-Recovery-Software-to-Use-Italian.jpg\" \/>\n\t<meta property=\"og:image:width\" content=\"1280\" \/>\n\t<meta property=\"og:image:height\" content=\"731\" \/>\n\t<meta property=\"og:image:type\" content=\"image\/jpeg\" \/>\n<meta name=\"twitter:card\" content=\"summary_large_image\" \/>\n<meta name=\"twitter:label1\" content=\"Est. reading time\" \/>\n\t<meta name=\"twitter:data1\" content=\"2 minuti\" \/>\n<script type=\"application\/ld+json\" class=\"yoast-schema-graph\">{\"@context\":\"https:\/\/schema.org\",\"@graph\":[{\"@type\":\"WebPage\",\"@id\":\"https:\/\/datarecovery.ping.fm\/it\/sd-card-recovery-software\/\",\"url\":\"https:\/\/datarecovery.ping.fm\/it\/sd-card-recovery-software\/\",\"name\":\"Software gratuito per il recupero di schede SD per l'anno 2024\",\"isPartOf\":{\"@id\":\"https:\/\/datarecovery.ping.fm\/it\/#website\"},\"datePublished\":\"2023-12-25T15:46:11+00:00\",\"dateModified\":\"2024-02-29T18:23:31+00:00\",\"breadcrumb\":{\"@id\":\"https:\/\/datarecovery.ping.fm\/it\/sd-card-recovery-software\/#breadcrumb\"},\"inLanguage\":\"it-IT\",\"potentialAction\":[{\"@type\":\"ReadAction\",\"target\":[\"https:\/\/datarecovery.ping.fm\/it\/sd-card-recovery-software\/\"]}]},{\"@type\":\"BreadcrumbList\",\"@id\":\"https:\/\/datarecovery.ping.fm\/it\/sd-card-recovery-software\/#breadcrumb\",\"itemListElement\":[{\"@type\":\"ListItem\",\"position\":1,\"name\":\"Home\",\"item\":\"https:\/\/datarecovery.ping.fm\/it\/\"},{\"@type\":\"ListItem\",\"position\":2,\"name\":\"Miglior software gratuito per il recupero dati da schede SD in uso\"}]},{\"@type\":\"WebSite\",\"@id\":\"https:\/\/datarecovery.ping.fm\/it\/#website\",\"url\":\"https:\/\/datarecovery.ping.fm\/it\/\",\"name\":\"Software di Recupero Dati\",\"description\":\"\",\"potentialAction\":[{\"@type\":\"SearchAction\",\"target\":{\"@type\":\"EntryPoint\",\"urlTemplate\":\"https:\/\/datarecovery.ping.fm\/it\/?s={search_term_string}\"},\"query-input\":\"required name=search_term_string\"}],\"inLanguage\":\"it-IT\"}]}<\/script>\n<!-- \/ Yoast SEO plugin. -->","yoast_head_json":{"title":"Software gratuito per il recupero di schede SD per l'anno 2024","robots":{"index":"index","follow":"follow","max-snippet":"max-snippet:-1","max-image-preview":"max-image-preview:large","max-video-preview":"max-video-preview:-1"},"canonical":"https:\/\/datarecovery.ping.fm\/it\/sd-card-recovery-software\/","og_locale":"it_IT","og_type":"article","og_title":"Software gratuito per il recupero di schede SD per l'anno 2024","og_description":"Il Miglior Software Gratuito per il Recupero di Schede SD Quando i video scompaiono dal tuo PC o Mac, il panico pu\u00f2 insorgere rapidamente. Ma prima di rassegnarsi a una perdita, sappi che quei preziosi ricordi e importanti file potrebbero non essere perduti per sempre. Infatti, con gli strumenti giusti, recuperare video cancellati pu\u00f2 spesso [&hellip;]","og_url":"https:\/\/datarecovery.ping.fm\/it\/sd-card-recovery-software\/","og_site_name":"Software di Recupero Dati","article_modified_time":"2024-02-29T18:23:31+00:00","og_image":[{"width":1280,"height":731,"url":"https:\/\/datarecovery.ping.fm\/wp-content\/uploads\/2024\/03\/Best-Free-SD-Card-Recovery-Software-to-Use-Italian.jpg","type":"image\/jpeg"}],"twitter_card":"summary_large_image","twitter_misc":{"Est. reading time":"2 minuti"},"schema":{"@context":"https:\/\/schema.org","@graph":[{"@type":"WebPage","@id":"https:\/\/datarecovery.ping.fm\/it\/sd-card-recovery-software\/","url":"https:\/\/datarecovery.ping.fm\/it\/sd-card-recovery-software\/","name":"Software gratuito per il recupero di schede SD per l'anno 2024","isPartOf":{"@id":"https:\/\/datarecovery.ping.fm\/it\/#website"},"datePublished":"2023-12-25T15:46:11+00:00","dateModified":"2024-02-29T18:23:31+00:00","breadcrumb":{"@id":"https:\/\/datarecovery.ping.fm\/it\/sd-card-recovery-software\/#breadcrumb"},"inLanguage":"it-IT","potentialAction":[{"@type":"ReadAction","target":["https:\/\/datarecovery.ping.fm\/it\/sd-card-recovery-software\/"]}]},{"@type":"BreadcrumbList","@id":"https:\/\/datarecovery.ping.fm\/it\/sd-card-recovery-software\/#breadcrumb","itemListElement":[{"@type":"ListItem","position":1,"name":"Home","item":"https:\/\/datarecovery.ping.fm\/it\/"},{"@type":"ListItem","position":2,"name":"Miglior software gratuito per il recupero dati da schede SD in uso"}]},{"@type":"WebSite","@id":"https:\/\/datarecovery.ping.fm\/it\/#website","url":"https:\/\/datarecovery.ping.fm\/it\/","name":"Software di Recupero Dati","description":"","potentialAction":[{"@type":"SearchAction","target":{"@type":"EntryPoint","urlTemplate":"https:\/\/datarecovery.ping.fm\/it\/?s={search_term_string}"},"query-input":"required name=search_term_string"}],"inLanguage":"it-IT"}]}},"_links":{"self":[{"href":"https:\/\/datarecovery.ping.fm\/it\/wp-json\/wp\/v2\/pages\/11542"}],"collection":[{"href":"https:\/\/datarecovery.ping.fm\/it\/wp-json\/wp\/v2\/pages"}],"about":[{"href":"https:\/\/datarecovery.ping.fm\/it\/wp-json\/wp\/v2\/types\/page"}],"author":[{"embeddable":true,"href":"https:\/\/datarecovery.ping.fm\/it\/wp-json\/wp\/v2\/users\/2"}],"replies":[{"embeddable":true,"href":"https:\/\/datarecovery.ping.fm\/it\/wp-json\/wp\/v2\/comments?post=11542"}],"version-history":[{"count":1,"href":"https:\/\/datarecovery.ping.fm\/it\/wp-json\/wp\/v2\/pages\/11542\/revisions"}],"predecessor-version":[{"id":28816,"href":"https:\/\/datarecovery.ping.fm\/it\/wp-json\/wp\/v2\/pages\/11542\/revisions\/28816"}],"wp:featuredmedia":[{"embeddable":true,"href":"https:\/\/datarecovery.ping.fm\/it\/wp-json\/wp\/v2\/media\/34655"}],"wp:attachment":[{"href":"https:\/\/datarecovery.ping.fm\/it\/wp-json\/wp\/v2\/media?parent=11542"}],"curies":[{"name":"wp","href":"https:\/\/api.w.org\/{rel}","templated":true}]}}