{"id":43767,"date":"2024-02-22T06:28:29","date_gmt":"2024-02-22T06:28:29","guid":{"rendered":"https:\/\/www.ping.fm\/data-recovery-software\/hard-drive-repair-software\/"},"modified":"2024-04-23T07:34:29","modified_gmt":"2024-04-23T07:34:29","slug":"hard-drive-repair-software","status":"publish","type":"page","link":"https:\/\/datarecovery.ping.fm\/fr\/hard-drive-repair-software\/","title":{"rendered":"Meilleur logiciel de r\u00e9paration de disque dur \u00e0 utiliser en 2024"},"content":{"rendered":"<section>\n<h1>Meilleurs logiciels de r\u00e9paration de disque dur \u00e0 utiliser en 2024<\/h1>\n<div class=\"inbrief\">\n<div>                     <img src=\"https:\/\/www.ping.fm\/data-recovery-software\/wp-content\/uploads\/ai\/Best-Hard-Drive-Repair-Software-to-Use-in-2024-French.jpg\" alt=\"Meilleurs logiciels de r\u00e9paration de disque dur \u00e0 utiliser en 2024\" title=\"Meilleurs logiciels de r\u00e9paration de disque dur \u00e0 utiliser en 2024\" width=\"1280\" height=\"720\">                     <\/p>\n<p>Il n&rsquo;y a rien de plus d\u00e9courageant pour les utilisateurs d&rsquo;ordinateurs que la perspective d&rsquo;une d\u00e9faillance du disque dur. Qu&rsquo;il s&rsquo;agisse du redout\u00e9 &lsquo;clic de la mort&rsquo; ou d&rsquo;un message d&rsquo;erreur cryptique, un disque dur d\u00e9fectueux peut sembler \u00eatre un probl\u00e8me insurmontable. Cependant, une pl\u00e9thore d&rsquo;outils de r\u00e9paration de disque dur sont disponibles qui peuvent aider \u00e0 sauvegarder vos donn\u00e9es et potentiellement prolonger la vie de votre disque. Dans cet article, nous vous guiderons \u00e0 travers certains des meilleurs outils de r\u00e9paration de disque dur disponibles sur le march\u00e9. Plongeons dans cette trousse \u00e0 outils essentielle pour toute ligne de vie num\u00e9rique.<\/p>\n<\/div>\n<\/div>\n<\/section>\n<section>\n<div class=\"medal\">\n<div>&#129351;<\/div>\n<\/div>\n<h2><a href='https:\/\/www.cleverfiles.com\/' rel=\"nofollow noopener\" target='_blank'>Disk Drill<\/a><\/h2>\n<p><img src=\"https:\/\/www.ping.fm\/data-recovery-software\/wp-content\/uploads\/ai\/https---www-cleverfiles-com-French.jpg\" alt=\"Capture d'\u00e9cran de https:\/\/www.cleverfiles.com\/\" width=\"1280\" height=\"720\"><\/p>\n<p>Ayant personnellement navigu\u00e9 \u00e0 travers les mers tumultueuses de la perte de donn\u00e9es, j&rsquo;ai trouv\u00e9 une bou\u00e9e de sauvetage avec <b>Disk Drill<\/b>, un utilitaire complet con\u00e7u pour la <b>r\u00e9cup\u00e9ration de donn\u00e9es<\/b> et l&rsquo;analyse de disque dur. Son interface utilisateur conviviale simplifie le processus de r\u00e9cup\u00e9ration, le rendant accessible aussi bien aux novices qu&rsquo;aux experts. La suite de fonctionnalit\u00e9s de Disk Drill s&rsquo;\u00e9tend au-del\u00e0 de la r\u00e9cup\u00e9ration avec des utilitaires de <b>protection de donn\u00e9es<\/b> tels que Recovery Vault et la sauvegarde de disque.<\/p>\n<p><a href='https:\/\/www.cleverfiles.com\/' rel=\"nofollow noopener\" target='_blank' class='ofWSite'>Site Officiel<\/a><\/p>\n<h3 class='prosTitle'>Avantages<\/h3>\n<ul class='listpc pros'>\n<li>Interface utilisateur intuitive<\/li>\n<li>Algorithmes de balayage puissants<\/li>\n<\/ul>\n<h3 class='consTitle'>Inconv\u00e9nients<\/h3>\n<ul class='listpc cons'>\n<li>La version gratuite a des limites de r\u00e9cup\u00e9ration de donn\u00e9es<\/li>\n<li>Les fonctionnalit\u00e9s avanc\u00e9es n\u00e9cessitent la version premium<\/li>\n<\/ul>\n<\/section>\n<section>\n<div class=\"medal\">\n<div>&#129352;<\/div>\n<\/div>\n<h2><a href='https:\/\/www.cgsecurity.org\/wiki\/TestDisk' rel=\"nofollow noopener\" target='_blank'>TestDisk<\/a><\/h2>\n<p><img src=\"https:\/\/www.ping.fm\/data-recovery-software\/wp-content\/uploads\/ai\/https---www-cgsecurity-org-wiki-TestDiskFrench.jpg\" alt=\"Capture d'\u00e9cran de https:\/\/www.cgsecurity.org\/wiki\/TestDisk\" width=\"1280\" height=\"720\"><\/p>\n<p><b>TestDisk<\/b> est une force majeure en ce qui concerne la r\u00e9cup\u00e9ration de partitions perdues et la r\u00e9paration de disques bootables qui refusent de d\u00e9marrer. C&rsquo;est un outil open-source que les passionn\u00e9s de technologie respectent pour sa grande fonctionnalit\u00e9. M\u00eame s&rsquo;il fonctionne via une interface de ligne de commande, ce qui peut \u00eatre intimidant pour certains, son efficacit\u00e9 \u00e0 r\u00e9cup\u00e9rer des tables de partition et \u00e0 r\u00e9parer des syst\u00e8mes de fichiers est incontestable.<\/p>\n<p><a href='https:\/\/www.cgsecurity.org\/wiki\/TestDisk' rel=\"nofollow noopener\" target='_blank' class='ofWSite'>Site Officiel<\/a><\/p>\n<h3 class='prosTitle'>Avantages<\/h3>\n<ul class='listpc pros'>\n<li>Peut r\u00e9cup\u00e9rer des partitions perdues<\/li>\n<li>Open-source avec des mises \u00e0 jour fr\u00e9quentes<\/li>\n<\/ul>\n<h3 class='consTitle'>Inconv\u00e9nients<\/h3>\n<ul class='listpc cons'>\n<li>L&rsquo;interface de ligne de commande peut \u00eatre difficile pour certains utilisateurs<\/li>\n<li>Pas d&rsquo;interface graphique<\/li>\n<\/ul>\n<\/section>\n<section>\n<div class=\"medal\">\n<div>&#129353;<\/div>\n<\/div>\n<h2>GParted<\/h2>\n<p>L&rsquo;application <b>GParted<\/b> est un \u00e9diteur de partitions gratuit et open-source qui excelle dans le redimensionnement, la copie et le d\u00e9placement de partitions sans perte de donn\u00e9es. Il prend en charge divers syst\u00e8mes de fichiers et est souvent utilis\u00e9 pour g\u00e9rer l&rsquo;espace disque sur un disque dur. Avec une interface graphique simple, GParted peut \u00eatre ex\u00e9cut\u00e9 depuis une cl\u00e9 USB live, ce qui en fait un outil portable et flexible pour la gestion de disque.<\/p>\n<h3 class='prosTitle'>Avantages<\/h3>\n<ul class='listpc pros'>\n<li>Prend en charge une large gamme de syst\u00e8mes de fichiers<\/li>\n<li>Interface utilisateur graphique<\/li>\n<\/ul>\n<h3 class='consTitle'>Inconv\u00e9nients<\/h3>\n<ul class='listpc cons'>\n<li>Peut ne pas g\u00e9rer des sc\u00e9narios de r\u00e9cup\u00e9ration complexes<\/li>\n<li>Options \u00e9crasantes pour les d\u00e9butants<\/li>\n<\/ul>\n<\/section>\n<section>\n<div class=\"no-medal\">\n<div>4<\/div>\n<\/div>\n<h2><a href='https:\/\/hddscan.com\/' rel=\"nofollow noopener\" target='_blank'>HDDScan<\/a><\/h2>\n<p><img src=\"https:\/\/www.ping.fm\/data-recovery-software\/wp-content\/uploads\/ai\/https---hddscan-com-French.jpg\" alt=\"https:\/\/hddscan.com\/ capture d'\u00e9cran\" width=\"1280\" height=\"720\"><\/p>\n<p><b>HDDScan<\/b> est un logiciel gratuit pour le diagnostic de disques durs. Il fournit une vari\u00e9t\u00e9 de tests qui peuvent \u00eatre utilis\u00e9s pour v\u00e9rifier la pr\u00e9sence de secteurs d\u00e9fectueux, surveiller les attributs SMART et effectuer des benchmarks de bas niveau. Ce que j&rsquo;ai trouv\u00e9 particuli\u00e8rement utile, c&rsquo;est sa capacit\u00e9 \u00e0 ex\u00e9cuter ces diagnostics sans n\u00e9cessiter la suppression de donn\u00e9es du disque\u2014crucial lorsque vous essayez d&rsquo;\u00e9viter une perte de donn\u00e9es suppl\u00e9mentaire.<\/p>\n<p><a href='https:\/\/hddscan.com\/' rel=\"nofollow noopener\" target='_blank' class='ofWSite'>Site officiel<\/a><\/p>\n<h3 class='prosTitle'>Avantages<\/h3>\n<ul class='listpc pros'>\n<li>Aucune installation requise (portable)<\/li>\n<li>Rapports d\u00e9taill\u00e9s sur l&rsquo;\u00e9tat du disque<\/li>\n<\/ul>\n<h3 class='consTitle'>Inconv\u00e9nients<\/h3>\n<ul class='listpc cons'>\n<li>L&rsquo;interface utilisateur peut \u00eatre complexe pour les d\u00e9butants<\/li>\n<li>Capacit\u00e9s de r\u00e9paration limit\u00e9es<\/li>\n<\/ul>\n<\/section>\n<section>\n<div class=\"no-medal\">\n<div>5<\/div>\n<\/div>\n<h2><a href='https:\/\/www.crystalmark.info\/en\/software\/crystaldiskinfo\/' rel=\"nofollow noopener\" target='_blank'>CrystalDiskInfo<\/a><\/h2>\n<p><img src=\"https:\/\/www.ping.fm\/data-recovery-software\/wp-content\/uploads\/ai\/https---www-crystalmark.info-en-software-crystaldiskinfo-.jpg\" alt=\"https:\/\/www.crystalmark.info\/en\/software\/crystaldiskinfo\/ capture d'\u00e9cran\" width=\"1280\" height=\"720\"><\/p>\n<p>Lors de la surveillance de la sant\u00e9 d&rsquo;un disque dur, <b>CrystalDiskInfo<\/b> est une constante dans ma bo\u00eete \u00e0 outils. C&rsquo;est un outil utilitaire gratuit qui vous tient inform\u00e9 des informations SMART de votre disque dur, servant ainsi de syst\u00e8me d&rsquo;alerte pr\u00e9coce pour les \u00e9ventuelles d\u00e9faillances de disque. Avec une surveillance et des alertes en temps r\u00e9el, CrystalDiskInfo permet aux utilisateurs d&rsquo;\u00eatre proactifs dans la protection de leurs donn\u00e9es.<\/p>\n<p><a href='https:\/\/www.crystalmark.info\/en\/software\/crystaldiskinfo\/' rel=\"nofollow noopener\" target='_blank' class='ofWSite'>Site officiel<\/a><\/p>\n<h3 class='prosTitle'>Avantages<\/h3>\n<ul class='listpc pros'>\n<li>Surveillance SMART en temps r\u00e9el<\/li>\n<li>Interface conviviale<\/li>\n<\/ul>\n<h3 class='consTitle'>Inconv\u00e9nients<\/h3>\n<ul class='listpc cons'>\n<li>Limit\u00e9 \u00e0 la surveillance (pas d&rsquo;options de r\u00e9paration)<\/li>\n<li>Publicit\u00e9s dans la version gratuite<\/li>\n<\/ul>\n<\/section>\n<section>\n<h2>Conclusion :<\/h2>\n<div class=\"nonp\">\n<p>Pr\u00e9server la sant\u00e9 de votre disque dur et assurer la s\u00e9curit\u00e9 de vos donn\u00e9es est un processus continu. En plus d&rsquo;utiliser des outils de r\u00e9paration, prenez l&rsquo;habitude d&rsquo;un <b>entretien de routine<\/b>, comme v\u00e9rifier p\u00e9riodiquement les erreurs du disque avec des utilitaires int\u00e9gr\u00e9s tels que <b>CHKDSK<\/b> sur Windows ou <b>Utilitaire de disque<\/b> sur macOS. Bien que les mesures pr\u00e9ventives soient fondamentales, la r\u00e9cup\u00e9ration est parfois in\u00e9vitable. Dans de tels cas, il est vital de comprendre les capacit\u00e9s et les limites des outils de r\u00e9paration. Les op\u00e9rations de sauvetage impliquant des outils logiciels devraient \u00eatre tent\u00e9es avant de recourir \u00e0 des services professionnels, qui peuvent \u00eatre co\u00fbteux et pas toujours n\u00e9cessaires. J&rsquo;ai trouv\u00e9 que les articles de sites comme <a href='https:\/\/www.techradar.com\/' rel=\"nofollow noopener\" target='_blank'>TechRadar<\/a> et <a href='https:\/\/www.pcworld.com\/' rel=\"nofollow noopener\" target='_blank'>PCWorld<\/a> \u00e9taient utiles pour rester inform\u00e9 des derniers outils et techniques.<\/p>\n<\/div>\n<\/section>\n","protected":false},"excerpt":{"rendered":"<p>Meilleurs logiciels de r\u00e9paration de disque dur \u00e0 utiliser en 2024 Il n&rsquo;y a rien de plus d\u00e9courageant pour les utilisateurs d&rsquo;ordinateurs que la perspective d&rsquo;une d\u00e9faillance du disque dur. Qu&rsquo;il s&rsquo;agisse du redout\u00e9 &lsquo;clic de la mort&rsquo; ou d&rsquo;un message d&rsquo;erreur cryptique, un disque dur d\u00e9fectueux peut sembler \u00eatre un probl\u00e8me insurmontable. Cependant, une [&hellip;]<\/p>\n","protected":false},"author":0,"featured_media":44689,"parent":0,"menu_order":0,"comment_status":"closed","ping_status":"closed","template":"chromecast.php","meta":{"_stopmodifiedupdate":false,"_modified_date":"","_lmt_disableupdate":"","_lmt_disable":""},"acf":[],"yoast_head":"<!-- This site is optimized with the Yoast SEO plugin v20.9 - https:\/\/yoast.com\/wordpress\/plugins\/seo\/ -->\n<title>Meilleur logiciel de r\u00e9paration de disque dur \u00e0 utiliser en 2024 | \u00c9valu\u00e9<\/title>\n<meta name=\"robots\" content=\"index, follow, max-snippet:-1, max-image-preview:large, max-video-preview:-1\" \/>\n<link rel=\"canonical\" href=\"https:\/\/datarecovery.ping.fm\/fr\/hard-drive-repair-software\/\" \/>\n<meta property=\"og:locale\" content=\"fr_FR\" \/>\n<meta property=\"og:type\" content=\"article\" \/>\n<meta property=\"og:title\" content=\"Meilleur logiciel de r\u00e9paration de disque dur \u00e0 utiliser en 2024 | \u00c9valu\u00e9\" \/>\n<meta property=\"og:description\" content=\"Meilleurs logiciels de r\u00e9paration de disque dur \u00e0 utiliser en 2024 Il n&rsquo;y a rien de plus d\u00e9courageant pour les utilisateurs d&rsquo;ordinateurs que la perspective d&rsquo;une d\u00e9faillance du disque dur. Qu&rsquo;il s&rsquo;agisse du redout\u00e9 &lsquo;clic de la mort&rsquo; ou d&rsquo;un message d&rsquo;erreur cryptique, un disque dur d\u00e9fectueux peut sembler \u00eatre un probl\u00e8me insurmontable. Cependant, une [&hellip;]\" \/>\n<meta property=\"og:url\" content=\"https:\/\/datarecovery.ping.fm\/fr\/hard-drive-repair-software\/\" \/>\n<meta property=\"og:site_name\" content=\"Logiciel de r\u00e9cup\u00e9ration de donn\u00e9es\" \/>\n<meta property=\"article:modified_time\" content=\"2024-04-23T07:34:29+00:00\" \/>\n<meta property=\"og:image\" content=\"https:\/\/datarecovery.ping.fm\/wp-content\/uploads\/2024\/04\/Best-Hard-Drive-Repair-Software-to-Use-in-2024-French-1.jpg\" \/>\n\t<meta property=\"og:image:width\" content=\"1280\" \/>\n\t<meta property=\"og:image:height\" content=\"731\" \/>\n\t<meta property=\"og:image:type\" content=\"image\/jpeg\" \/>\n<meta name=\"twitter:card\" content=\"summary_large_image\" \/>\n<meta name=\"twitter:label1\" content=\"Est. reading time\" \/>\n\t<meta name=\"twitter:data1\" content=\"4 minutes\" \/>\n<script type=\"application\/ld+json\" class=\"yoast-schema-graph\">{\"@context\":\"https:\/\/schema.org\",\"@graph\":[{\"@type\":\"WebPage\",\"@id\":\"https:\/\/datarecovery.ping.fm\/fr\/hard-drive-repair-software\/\",\"url\":\"https:\/\/datarecovery.ping.fm\/fr\/hard-drive-repair-software\/\",\"name\":\"Meilleur logiciel de r\u00e9paration de disque dur \u00e0 utiliser en 2024 | \u00c9valu\u00e9\",\"isPartOf\":{\"@id\":\"https:\/\/datarecovery.ping.fm\/fr\/#website\"},\"datePublished\":\"2024-02-22T06:28:29+00:00\",\"dateModified\":\"2024-04-23T07:34:29+00:00\",\"breadcrumb\":{\"@id\":\"https:\/\/datarecovery.ping.fm\/fr\/hard-drive-repair-software\/#breadcrumb\"},\"inLanguage\":\"fr-FR\",\"potentialAction\":[{\"@type\":\"ReadAction\",\"target\":[\"https:\/\/datarecovery.ping.fm\/fr\/hard-drive-repair-software\/\"]}]},{\"@type\":\"BreadcrumbList\",\"@id\":\"https:\/\/datarecovery.ping.fm\/fr\/hard-drive-repair-software\/#breadcrumb\",\"itemListElement\":[{\"@type\":\"ListItem\",\"position\":1,\"name\":\"Home\",\"item\":\"https:\/\/datarecovery.ping.fm\/fr\/\"},{\"@type\":\"ListItem\",\"position\":2,\"name\":\"Meilleur logiciel de r\u00e9paration de disque dur \u00e0 utiliser en 2024\"}]},{\"@type\":\"WebSite\",\"@id\":\"https:\/\/datarecovery.ping.fm\/fr\/#website\",\"url\":\"https:\/\/datarecovery.ping.fm\/fr\/\",\"name\":\"Logiciel de r\u00e9cup\u00e9ration de donn\u00e9es\",\"description\":\"\",\"potentialAction\":[{\"@type\":\"SearchAction\",\"target\":{\"@type\":\"EntryPoint\",\"urlTemplate\":\"https:\/\/datarecovery.ping.fm\/fr\/?s={search_term_string}\"},\"query-input\":\"required name=search_term_string\"}],\"inLanguage\":\"fr-FR\"}]}<\/script>\n<!-- \/ Yoast SEO plugin. -->","yoast_head_json":{"title":"Meilleur logiciel de r\u00e9paration de disque dur \u00e0 utiliser en 2024 | \u00c9valu\u00e9","robots":{"index":"index","follow":"follow","max-snippet":"max-snippet:-1","max-image-preview":"max-image-preview:large","max-video-preview":"max-video-preview:-1"},"canonical":"https:\/\/datarecovery.ping.fm\/fr\/hard-drive-repair-software\/","og_locale":"fr_FR","og_type":"article","og_title":"Meilleur logiciel de r\u00e9paration de disque dur \u00e0 utiliser en 2024 | \u00c9valu\u00e9","og_description":"Meilleurs logiciels de r\u00e9paration de disque dur \u00e0 utiliser en 2024 Il n&rsquo;y a rien de plus d\u00e9courageant pour les utilisateurs d&rsquo;ordinateurs que la perspective d&rsquo;une d\u00e9faillance du disque dur. Qu&rsquo;il s&rsquo;agisse du redout\u00e9 &lsquo;clic de la mort&rsquo; ou d&rsquo;un message d&rsquo;erreur cryptique, un disque dur d\u00e9fectueux peut sembler \u00eatre un probl\u00e8me insurmontable. Cependant, une [&hellip;]","og_url":"https:\/\/datarecovery.ping.fm\/fr\/hard-drive-repair-software\/","og_site_name":"Logiciel de r\u00e9cup\u00e9ration de donn\u00e9es","article_modified_time":"2024-04-23T07:34:29+00:00","og_image":[{"width":1280,"height":731,"url":"https:\/\/datarecovery.ping.fm\/wp-content\/uploads\/2024\/04\/Best-Hard-Drive-Repair-Software-to-Use-in-2024-French-1.jpg","type":"image\/jpeg"}],"twitter_card":"summary_large_image","twitter_misc":{"Est. reading time":"4 minutes"},"schema":{"@context":"https:\/\/schema.org","@graph":[{"@type":"WebPage","@id":"https:\/\/datarecovery.ping.fm\/fr\/hard-drive-repair-software\/","url":"https:\/\/datarecovery.ping.fm\/fr\/hard-drive-repair-software\/","name":"Meilleur logiciel de r\u00e9paration de disque dur \u00e0 utiliser en 2024 | \u00c9valu\u00e9","isPartOf":{"@id":"https:\/\/datarecovery.ping.fm\/fr\/#website"},"datePublished":"2024-02-22T06:28:29+00:00","dateModified":"2024-04-23T07:34:29+00:00","breadcrumb":{"@id":"https:\/\/datarecovery.ping.fm\/fr\/hard-drive-repair-software\/#breadcrumb"},"inLanguage":"fr-FR","potentialAction":[{"@type":"ReadAction","target":["https:\/\/datarecovery.ping.fm\/fr\/hard-drive-repair-software\/"]}]},{"@type":"BreadcrumbList","@id":"https:\/\/datarecovery.ping.fm\/fr\/hard-drive-repair-software\/#breadcrumb","itemListElement":[{"@type":"ListItem","position":1,"name":"Home","item":"https:\/\/datarecovery.ping.fm\/fr\/"},{"@type":"ListItem","position":2,"name":"Meilleur logiciel de r\u00e9paration de disque dur \u00e0 utiliser en 2024"}]},{"@type":"WebSite","@id":"https:\/\/datarecovery.ping.fm\/fr\/#website","url":"https:\/\/datarecovery.ping.fm\/fr\/","name":"Logiciel de r\u00e9cup\u00e9ration de donn\u00e9es","description":"","potentialAction":[{"@type":"SearchAction","target":{"@type":"EntryPoint","urlTemplate":"https:\/\/datarecovery.ping.fm\/fr\/?s={search_term_string}"},"query-input":"required name=search_term_string"}],"inLanguage":"fr-FR"}]}},"_links":{"self":[{"href":"https:\/\/datarecovery.ping.fm\/fr\/wp-json\/wp\/v2\/pages\/43767"}],"collection":[{"href":"https:\/\/datarecovery.ping.fm\/fr\/wp-json\/wp\/v2\/pages"}],"about":[{"href":"https:\/\/datarecovery.ping.fm\/fr\/wp-json\/wp\/v2\/types\/page"}],"replies":[{"embeddable":true,"href":"https:\/\/datarecovery.ping.fm\/fr\/wp-json\/wp\/v2\/comments?post=43767"}],"version-history":[{"count":0,"href":"https:\/\/datarecovery.ping.fm\/fr\/wp-json\/wp\/v2\/pages\/43767\/revisions"}],"wp:featuredmedia":[{"embeddable":true,"href":"https:\/\/datarecovery.ping.fm\/fr\/wp-json\/wp\/v2\/media\/44689"}],"wp:attachment":[{"href":"https:\/\/datarecovery.ping.fm\/fr\/wp-json\/wp\/v2\/media?parent=43767"}],"curies":[{"name":"wp","href":"https:\/\/api.w.org\/{rel}","templated":true}]}}