{"id":40908,"date":"2024-01-22T08:55:46","date_gmt":"2024-01-22T08:55:46","guid":{"rendered":"https:\/\/www.ping.fm\/data-recovery-software\/recover-deleted-photos-iphone\/"},"modified":"2024-04-15T18:35:54","modified_gmt":"2024-04-15T18:35:54","slug":"recover-deleted-photos-iphone","status":"publish","type":"page","link":"https:\/\/datarecovery.ping.fm\/fr\/recover-deleted-photos-iphone\/","title":{"rendered":"Comment r\u00e9cup\u00e9rer d\u00e9finitivement des photos supprim\u00e9es d&rsquo;un iPhone"},"content":{"rendered":"<section>\n<h1>Comment r\u00e9cup\u00e9rer des photos supprim\u00e9es d\u00e9finitivement d&rsquo;un iPhone<\/h1>\n<div class=\"inbrief\">\n<div>              <img decoding=\"async\" class=\"lazyload\"  srcset=\"data:image\/png;base64,iVBORw0KGgoAAAANSUhEUgAABLAAAAKkAQMAAAAqeFQ7AAAAA3NCSVQICAjb4U\/gAAAABlBMVEX\/\/\/\/\/\/\/9VfPVsAAAAAnRSTlMA\/1uRIrUAAAAJcEhZcwAACxIAAAsSAdLdfvwAAAAcdEVYdFNvZnR3YXJlAEFkb2JlIEZpcmV3b3JrcyBDUzbovLKMAAAAFnRFWHRDcmVhdGlvbiBUaW1lADAxLzI5LzE536V52wAAAHpJREFUeJztwQENAAAAwqD3T20ON6AAAAAAAAAAAAAAAAAAAAAAAAAAAAAAAAAAAAAAAAAAAAAAAAAAAAAAAAAAAAAAAAAAAAAAAAAAAAAAAAAAAAAAAAAAAAAAAAAAAAAAAAAAAAAAAAAAAAAAAAAAAAAAAAAAAIAHA47LAAHp9LjEAAAAAElFTkSuQmCC\" src=\"https:\/\/www.ping.fm\/data-recovery-software\/wp-content\/uploads\/ai\/How-to-Recover-Permanently-Deleted-Photos-from-an-iPhone-French.jpg\" data-srcset=\"https:\/\/www.ping.fm\/data-recovery-software\/wp-content\/uploads\/ai\/How-to-Recover-Permanently-Deleted-Photos-from-an-iPhone-French.jpg\" data-lazy-type=\"image\" data-original=\"https:\/\/www.ping.fm\/data-recovery-software\/wp-content\/uploads\/ai\/How-to-Recover-Permanently-Deleted-Photos-from-an-iPhone-French.jpg\" alt=\"Comment r\u00e9cup\u00e9rer des photos supprim\u00e9es d\u00e9finitivement d'un iPhone\" title=\"Comment r\u00e9cup\u00e9rer des photos supprim\u00e9es d\u00e9finitivement d'un iPhone\" width=\"1280\" height=\"720\">              <\/p>\n<p>\u00c0 l&rsquo;\u00e8re num\u00e9rique, nos iPhones servent de coffres-forts pour d&rsquo;innombrables souvenirs sous forme de photos. Cependant, que se passe-t-il lorsque ces pr\u00e9cieux clich\u00e9s disparaissent \u00e0 jamais ? Si vous avez accidentellement supprim\u00e9 vos images ch\u00e9ries, ne d\u00e9sesp\u00e9rez pas. Plusieurs m\u00e9thodes permettent de r\u00e9cup\u00e9rer des images perdues, m\u00eame apr\u00e8s leur suppression d\u00e9finitive de votre iPhone. Dans ce guide, je vais vous faire part de ma propre exp\u00e9rience pour r\u00e9cup\u00e9rer des photos supprim\u00e9es d\u00e9finitivement, en partageant les strat\u00e9gies qui m&rsquo;ont aid\u00e9 \u00e0 r\u00e9ussir. Pour vous aider davantage, je vous recommande de lire comment un probl\u00e8me similaire est abord\u00e9 lorsque <a href=\"https:\/\/applesn.info\/2023\/11\/03\/how-to-fix-photos-disappeared-from-an-iphone-camera-roll\/\" rel=\"dofollow external noopener noreferrer\" target=\"_blank\" data-wpel-link=\"external\">les photos disparaissent de la pellicule d&rsquo;un iPhone<\/a>, ce qui d\u00e9crit certaines corrections que vous pouvez essayer si vos images disparaissent de la pellicule.<\/p>\n<\/div>\n<\/div>\n<\/section>\n<section>\n<div>\n<div>1<\/div>\n<h2>Sc\u00e9narios courants :<\/h2>\n<\/div>\n<h3>Suppression accidentelle  \ufe0f<\/h3>\n<ul>\n<li>En tentant de lib\u00e9rer de l&rsquo;espace sur mon iPhone, j&rsquo;ai accidentellement s\u00e9lectionn\u00e9 et supprim\u00e9 des photos importantes de l&rsquo;album \u00ab\u00a0Supprim\u00e9 r\u00e9cemment\u00a0\u00bb, rendant la suppression d\u00e9finitive.<\/li>\n<li>Lors d&rsquo;un nettoyage de routine, j&rsquo;ai confirm\u00e9 par erreur la suppression d&rsquo;un album entier contenant des images que je souhaitais conserver.<\/li>\n<li>Mon enfant a eu acc\u00e8s \u00e0 mon iPhone et a supprim\u00e9 involontairement des photos de famille qui n&rsquo;avaient \u00e9t\u00e9 sauvegard\u00e9es nulle part ailleurs.<\/li>\n<\/ul>\n<h3>Mise \u00e0 jour logicielle probl\u00e9matique  <\/h3>\n<ul>\n<li>J&rsquo;ai mis \u00e0 jour mon iPhone vers la derni\u00e8re version d&rsquo;iOS, pour ensuite d\u00e9couvrir que certaines de mes photos manquaient apr\u00e8s la fin de la mise \u00e0 jour.<\/li>\n<li>Lors du jailbreak de mon iPhone, quelque chose a mal tourn\u00e9, entra\u00eenant la perte de plusieurs albums photo.<\/li>\n<\/ul>\n<h3>Incidents techniques  <\/h3>\n<ul>\n<li>Mon iPhone a subi un grave plantage, et apr\u00e8s red\u00e9marrage, j&rsquo;ai constat\u00e9 que certaines de mes photos n&rsquo;\u00e9taient plus dans la biblioth\u00e8que de photos.<\/li>\n<li>J&rsquo;ai rencontr\u00e9 des probl\u00e8mes de synchronisation entre mon iPhone et iCloud, entra\u00eenant des incoh\u00e9rences dans mes albums photo, y compris la disparition de certaines images.<\/li>\n<li>Une panne mat\u00e9rielle, telle qu&rsquo;une puce de stockage d\u00e9fectueuse, a entra\u00een\u00e9 la corruption et la perte subs\u00e9quente de mes pr\u00e9cieuses photos.<\/li>\n<\/ul>\n<\/section>\n<section class=\"stepByStep\">\n<div>\n<div>2<\/div>\n<h2>Guide \u00e9tape par \u00e9tape. R\u00e9cup\u00e9rer des photos supprim\u00e9es d\u00e9finitivement iPhone :<\/h2>\n<\/div>\n<h3>M\u00e9thode 1 : R\u00e9cup\u00e9rer depuis \u00ab\u00a0Supprim\u00e9 r\u00e9cemment\u00a0\u00bb \u23f2\ufe0f<\/h3>\n<ul>\n<li>Ouvrez l&rsquo;application <b>Photos<\/b> sur votre iPhone.<\/li>\n<li>Faites d\u00e9filer vers le bas et appuyez sur l&rsquo;onglet <b>Albums<\/b>.<\/li>\n<li>Cherchez l&rsquo;album <b>Supprim\u00e9 r\u00e9cemment<\/b> et ouvrez-le.<\/li>\n<li>S\u00e9lectionnez les <b>photos<\/b> que vous souhaitez r\u00e9cup\u00e9rer, puis appuyez sur <b>R\u00e9cup\u00e9rer<\/b>.<\/li>\n<li>Confirmez que vous voulez r\u00e9cup\u00e9rer les photos s\u00e9lectionn\u00e9es.<\/li>\n<\/ul>\n<p><b>Note :<\/b> Cette m\u00e9thode n&rsquo;est efficace que si les photos ont \u00e9t\u00e9 supprim\u00e9es au cours des 30 derniers jours et n&rsquo;ont pas \u00e9t\u00e9 retir\u00e9es de l&rsquo;album Supprim\u00e9 r\u00e9cemment.<\/p>\n<p><b>Conclusion :<\/b> R\u00e9cup\u00e9rer des photos depuis l&rsquo;album Supprim\u00e9 r\u00e9cemment est la premi\u00e8re ligne d&rsquo;action et est \u00e9tonnamment simple si les photos ont \u00e9t\u00e9 r\u00e9cemment supprim\u00e9es.<\/p>\n<h3>M\u00e9thode 2 : Restaurer depuis une sauvegarde iCloud &#128190;<\/h3>\n<ul>\n<li>Avant de proc\u00e9der, assurez-vous d&rsquo;avoir une <b>sauvegarde iCloud<\/b> ant\u00e9rieure \u00e0 la suppression des photos.<\/li>\n<li>Visitez <a href=\"https:\/\/www.icloud.com\/\" rel=\"nofollow external noopener noreferrer\" target=\"_blank\" data-wpel-link=\"external\">iCloud.com<\/a> sur un ordinateur et connectez-vous avec vos identifiants Apple ID.<\/li>\n<li>Naviguez jusqu&rsquo;\u00e0 <b>Photos<\/b> et v\u00e9rifiez si vos photos supprim\u00e9es sont disponibles en ligne.<\/li>\n<li>Si vos photos ne sont pas sur iCloud.com, vous devrez peut-\u00eatre effectuer une restauration compl\u00e8te. Sur votre iPhone, allez dans <b>R\u00e9glages<\/b> > G\u00e9n\u00e9ral > R\u00e9initialiser > <b>Effacer tout le contenu et les r\u00e9glages<\/b>.<\/li>\n<li>Apr\u00e8s le red\u00e9marrage de votre iPhone, suivez les instructions \u00e0 l&rsquo;\u00e9cran pour <b>Restaurer depuis une sauvegarde iCloud<\/b> lors du processus de configuration. Choisissez une sauvegarde qui contient les photos perdues.<\/li>\n<\/ul>\n<p><b>Note :<\/b> Restaurer depuis une sauvegarde iCloud remplacera toutes les donn\u00e9es actuelles sur votre iPhone par les donn\u00e9es de la sauvegarde, alors proc\u00e9dez avec prudence.<\/p>\n<p><b>Conclusion :<\/b> Si les photos que vous essayez de r\u00e9cup\u00e9rer sont incluses dans une sauvegarde iCloud pr\u00e9c\u00e9demment effectu\u00e9e, cette m\u00e9thode peut \u00eatre tr\u00e8s efficace, bien qu&rsquo;avec un risque de remplacement des donn\u00e9es.<\/p>\n<h3>M\u00e9thode 3 : R\u00e9cup\u00e9rer depuis une sauvegarde iTunes\/Finder &#128421;<\/h3>\n<ul>\n<li>Connectez votre iPhone \u00e0 un ordinateur o\u00f9 vous avez pr\u00e9c\u00e9demment effectu\u00e9 une sauvegarde \u00e0 l&rsquo;aide d&rsquo;<b>iTunes<\/b> (sur macOS Mojave ou ant\u00e9rieur\/Windows) ou de <b>Finder<\/b> (sur macOS Catalina ou ult\u00e9rieur).<\/li>\n<li>Ouvrez iTunes ou Finder, selon votre syst\u00e8me d&rsquo;exploitation.<\/li>\n<li>S\u00e9lectionnez votre appareil lorsqu&rsquo;il appara\u00eet dans le logiciel.<\/li>\n<li>Choisissez <b>Restaurer la sauvegarde<\/b> et choisissez la sauvegarde la plus pertinente contenant vos photos perdues.<\/li>\n<li>Cliquez sur <b>Restaurer<\/b> et attendez la fin du processus.<\/li>\n<\/ul>\n<p><b>Note :<\/b> Semblable \u00e0 la m\u00e9thode de r\u00e9cup\u00e9ration iCloud, cela remplacera les donn\u00e9es sur votre iPhone par le contenu de la sauvegarde choisie.<\/p>\n<p><b>Conclusion :<\/b> Si vous effectuez r\u00e9guli\u00e8rement des sauvegardes avec iTunes ou Finder, cette m\u00e9thode peut \u00eatre salvatrice, en restaurant int\u00e9gralement votre iPhone, y compris vos photos supprim\u00e9es accidentellement.<\/p>\n<h3>M\u00e9thode 4 : Utiliser un logiciel tiers de r\u00e9cup\u00e9ration de donn\u00e9es &#128736;<\/h3>\n<ul>\n<li>T\u00e9l\u00e9chargez et installez un <b>logiciel de r\u00e9cup\u00e9ration de donn\u00e9es<\/b> r\u00e9put\u00e9 sur votre ordinateur.<\/li>\n<li>Connectez votre iPhone \u00e0 l&rsquo;ordinateur et lancez le logiciel de r\u00e9cup\u00e9ration.<\/li>\n<li>Suivez les instructions \u00e0 l&rsquo;\u00e9cran pour scanner votre iPhone \u00e0 la recherche de photos r\u00e9cup\u00e9rables.<\/li>\n<li>Pr\u00e9visualisez les photos trouv\u00e9es, s\u00e9lectionnez celles que vous souhaitez r\u00e9cup\u00e9rer et proc\u00e9dez au processus de r\u00e9cup\u00e9ration.<\/li>\n<li>Enregistrez les photos restaur\u00e9es sur votre ordinateur.<\/li>\n<\/ul>\n<p><b>Note :<\/b> Tous les logiciels tiers ne peuvent pas garantir la r\u00e9cup\u00e9ration, et certains peuvent n\u00e9cessiter un achat pour une fonctionnalit\u00e9 compl\u00e8te.<\/p>\n<p><b>Conclusion :<\/b> Le logiciel de r\u00e9cup\u00e9ration de donn\u00e9es tiers peut \u00eatre une option puissante, capable de r\u00e9cup\u00e9rer des photos que d&rsquo;autres m\u00e9thodes ne peuvent pas, bien que souvent \u00e0 un co\u00fbt.<\/p>\n<h3>M\u00e9thode 5 : V\u00e9rifier sur d&rsquo;autres appareils synchronis\u00e9s avec iCloud &#128260;<\/h3>\n<ul>\n<li>Si vous avez d&rsquo;autres appareils (comme un iPad ou un Mac) synchronis\u00e9s avec le m\u00eame compte iCloud, ouvrez l&rsquo;application <b>Photos<\/b> sur ces appareils.<\/li>\n<li>Cherchez les photos supprim\u00e9es dans l&rsquo;album <b>Supprim\u00e9 r\u00e9cemment<\/b> ou dans la biblioth\u00e8que photo principale.<\/li>\n<li>Si vous les trouvez, vous pouvez les partager \u00e0 nouveau sur votre iPhone via <b>AirDrop<\/b>, par e-mail ou via le partage de photos iCloud.<\/li>\n<\/ul>\n<p><b>Note :<\/b> Cette m\u00e9thode fonctionne uniquement si les photos n&rsquo;ont pas \u00e9t\u00e9 supprim\u00e9es des appareils synchronis\u00e9s ou d&rsquo;iCloud lui-m\u00eame.<\/p>\n<p><b>Conclusion :<\/b> Tirer parti d&rsquo;autres appareils synchronis\u00e9s avec votre compte iCloud peut de mani\u00e8re inattendue sauver la mise, offrant un moyen simple de restaurer vos souvenirs perdus.<\/p>\n<\/section>\n<section>\n<div>\n<div>3<\/div>\n<h2>Vid\u00e9o Youtube \u00e0 regarder<\/h2>\n<\/div>\n<div class=\"iframe\"><span class=\"lazyload\" data-original_content=\"PGlmcmFtZSB3aWR0aD0iNDIwIiBoZWlnaHQ9IjMxNSIgc3JjPSIvL3d3dy55b3V0dWJlLmNvbS9lbWJlZC84WF80bHdPMUZjMCIgZnJhbWVib3JkZXI9IjAiIGFsbG93ZnVsbHNjcmVlbj48L2lmcmFtZT4=\"><\/span><\/div>\n<\/section>\n<p>&#13;                          <\/p>\n<section>\n<div>\n<div>4<\/div>\n<h2>Pr\u00e9cautions et conseils :<\/h2>\n<\/div>\n<h3>Strat\u00e9gies de sauvegarde pour \u00e9viter la perte &#128737;<\/h3>\n<ul>\n<li>Sauvegardez r\u00e9guli\u00e8rement votre iPhone sur iCloud ou un ordinateur pour vous prot\u00e9ger contre la suppression accidentelle.<\/li>\n<li>Envisagez d&rsquo;utiliser des services cloud suppl\u00e9mentaires comme Google Photos ou Dropbox pour plus de redondance.<\/li>\n<li>Activez <b>Photos iCloud<\/b> pour conserver votre biblioth\u00e8que photo int\u00e9gralement sauvegard\u00e9e et actualis\u00e9e sur tous vos appareils.<\/li>\n<li>Soyez vigilant lorsque vous confiez votre iPhone \u00e0 des enfants ou \u00e0 d&rsquo;autres personnes qui pourraient supprimer du contenu par inadvertance.<\/li>\n<\/ul>\n<\/section>\n<p>&#13;                          <\/p>\n<section>\n<div>\n<div>5<\/div>\n<h2>Aper\u00e7us sur la r\u00e9cup\u00e9ration de donn\u00e9es<\/h2>\n<\/div>\n<p>La perte de photos sur un iPhone peut \u00eatre un \u00e9v\u00e9nement incroyablement stressant, surtout si les photos supprim\u00e9es ont une valeur sentimentale. Au-del\u00e0 des m\u00e9thodes que j&rsquo;ai d\u00e9crites, il est important de comprendre l&rsquo;aspect technique de la r\u00e9cup\u00e9ration de donn\u00e9es. Lorsque vous supprimez une photo de votre iPhone, elle n&rsquo;est pas imm\u00e9diatement retir\u00e9e de l&rsquo;espace de stockage de l&rsquo;appareil. \u00c0 la place, l&rsquo;espace qu&rsquo;elle occupe est marqu\u00e9 comme disponible pour \u00eatre remplac\u00e9 par de nouvelles donn\u00e9es. Cela signifie qu&rsquo;une action rapide est cruciale pour la r\u00e9cup\u00e9ration, id\u00e9alement avant de prendre de nouvelles photos ou de t\u00e9l\u00e9charger des applications qui pourraient \u00e9craser les images &lsquo;supprim\u00e9es&rsquo;.<\/p>\n<p>De plus, des logiciels l\u00e9gaux tels que le Digital Forensics Framework ou des outils open-source comme Photorec peuvent parfois \u00eatre utilis\u00e9s pour la r\u00e9cup\u00e9ration de photos, bien que ces techniques n\u00e9cessitent g\u00e9n\u00e9ralement un niveau de comp\u00e9tence technique plus \u00e9lev\u00e9 et comportent leur propre ensemble de risques. Il est pr\u00e9f\u00e9rable d&rsquo;utiliser des services professionnels si cette voie est envisag\u00e9e.<\/p>\n<p>Enfin, n&rsquo;oubliez pas que pr\u00e9venir la perte de donn\u00e9es est toujours plus facile que de les r\u00e9cup\u00e9rer. Pratiquer une bonne hygi\u00e8ne num\u00e9rique, sauvegarder r\u00e9guli\u00e8rement vos donn\u00e9es et \u00eatre attentif \u00e0 la s\u00e9curit\u00e9 physique de l&rsquo;appareil sont les meilleures strat\u00e9gies pour garder vos donn\u00e9es en s\u00e9curit\u00e9.<\/p>\n<\/section>\n<section>\n<h2>Conclusion :<\/h2>\n<div class=\"nonp\">\n<p>En concluant ce guide d\u00e9taill\u00e9 sur la r\u00e9cup\u00e9ration de photos d\u00e9finitivement supprim\u00e9es sur un iPhone, il est clair qu&rsquo;il existe plusieurs options \u00e0 explorer. Que vous utilisiez les options de r\u00e9cup\u00e9ration int\u00e9gr\u00e9es, que vous vous en remettiez aux sauvegardes, ou que vous fassiez appel \u00e0 des logiciels tiers, il y a de bonnes chances de r\u00e9cup\u00e9rer vos pr\u00e9cieuses photos. Cependant, la pr\u00e9vention est toujours meilleure que le rem\u00e8de. Des sauvegardes r\u00e9guli\u00e8res et une manipulation prudente de votre iPhone peuvent vous aider \u00e0 \u00e9viter les sc\u00e9narios de perte de photos. Rappelez-vous, lorsqu&rsquo;une suppression inattendue se produit, une action rapide et inform\u00e9e peut faire la diff\u00e9rence entre l&rsquo;angoisse et le soulagement.<\/p>\n<\/div>\n<\/section>\n","protected":false},"excerpt":{"rendered":"<p>Comment r\u00e9cup\u00e9rer des photos supprim\u00e9es d\u00e9finitivement d&rsquo;un iPhone \u00c0 l&rsquo;\u00e8re num\u00e9rique, nos iPhones servent de coffres-forts pour d&rsquo;innombrables souvenirs sous forme de photos. Cependant, que se passe-t-il lorsque ces pr\u00e9cieux clich\u00e9s disparaissent \u00e0 jamais ? Si vous avez accidentellement supprim\u00e9 vos images ch\u00e9ries, ne d\u00e9sesp\u00e9rez pas. Plusieurs m\u00e9thodes permettent de r\u00e9cup\u00e9rer des images perdues, m\u00eame [&hellip;]<\/p>\n","protected":false},"author":0,"featured_media":40909,"parent":0,"menu_order":0,"comment_status":"closed","ping_status":"closed","template":"chromecast.php","meta":{"_stopmodifiedupdate":false,"_modified_date":"","_lmt_disableupdate":"","_lmt_disable":""},"acf":[],"yoast_head":"<!-- This site is optimized with the Yoast SEO plugin v20.9 - https:\/\/yoast.com\/wordpress\/plugins\/seo\/ -->\n<title>Comment r\u00e9cup\u00e9rer des photos supprim\u00e9es d\u00e9finitivement d&#039;un iPhone | 2024<\/title>\n<meta name=\"robots\" content=\"index, follow, max-snippet:-1, max-image-preview:large, max-video-preview:-1\" \/>\n<link rel=\"canonical\" href=\"https:\/\/datarecovery.ping.fm\/fr\/recover-deleted-photos-iphone\/\" \/>\n<meta property=\"og:locale\" content=\"fr_FR\" \/>\n<meta property=\"og:type\" content=\"article\" \/>\n<meta property=\"og:title\" content=\"Comment r\u00e9cup\u00e9rer des photos supprim\u00e9es d\u00e9finitivement d&#039;un iPhone | 2024\" \/>\n<meta property=\"og:description\" content=\"Comment r\u00e9cup\u00e9rer des photos supprim\u00e9es d\u00e9finitivement d&rsquo;un iPhone \u00c0 l&rsquo;\u00e8re num\u00e9rique, nos iPhones servent de coffres-forts pour d&rsquo;innombrables souvenirs sous forme de photos. Cependant, que se passe-t-il lorsque ces pr\u00e9cieux clich\u00e9s disparaissent \u00e0 jamais ? Si vous avez accidentellement supprim\u00e9 vos images ch\u00e9ries, ne d\u00e9sesp\u00e9rez pas. Plusieurs m\u00e9thodes permettent de r\u00e9cup\u00e9rer des images perdues, m\u00eame [&hellip;]\" \/>\n<meta property=\"og:url\" content=\"https:\/\/datarecovery.ping.fm\/fr\/recover-deleted-photos-iphone\/\" \/>\n<meta property=\"og:site_name\" content=\"Logiciel de r\u00e9cup\u00e9ration de donn\u00e9es\" \/>\n<meta property=\"article:modified_time\" content=\"2024-04-15T18:35:54+00:00\" \/>\n<meta property=\"og:image\" content=\"https:\/\/datarecovery.ping.fm\/wp-content\/uploads\/2024\/04\/How-to-Recover-Permanently-Deleted-Photos-from-an-iPhone-French.jpg\" \/>\n\t<meta property=\"og:image:width\" content=\"1280\" \/>\n\t<meta property=\"og:image:height\" content=\"731\" \/>\n\t<meta property=\"og:image:type\" content=\"image\/jpeg\" \/>\n<meta name=\"twitter:card\" content=\"summary_large_image\" \/>\n<meta name=\"twitter:label1\" content=\"Est. reading time\" \/>\n\t<meta name=\"twitter:data1\" content=\"8 minutes\" \/>\n<script type=\"application\/ld+json\" class=\"yoast-schema-graph\">{\"@context\":\"https:\/\/schema.org\",\"@graph\":[{\"@type\":\"WebPage\",\"@id\":\"https:\/\/datarecovery.ping.fm\/fr\/recover-deleted-photos-iphone\/\",\"url\":\"https:\/\/datarecovery.ping.fm\/fr\/recover-deleted-photos-iphone\/\",\"name\":\"Comment r\u00e9cup\u00e9rer des photos supprim\u00e9es d\u00e9finitivement d'un iPhone | 2024\",\"isPartOf\":{\"@id\":\"https:\/\/datarecovery.ping.fm\/fr\/#website\"},\"datePublished\":\"2024-01-22T08:55:46+00:00\",\"dateModified\":\"2024-04-15T18:35:54+00:00\",\"breadcrumb\":{\"@id\":\"https:\/\/datarecovery.ping.fm\/fr\/recover-deleted-photos-iphone\/#breadcrumb\"},\"inLanguage\":\"fr-FR\",\"potentialAction\":[{\"@type\":\"ReadAction\",\"target\":[\"https:\/\/datarecovery.ping.fm\/fr\/recover-deleted-photos-iphone\/\"]}]},{\"@type\":\"BreadcrumbList\",\"@id\":\"https:\/\/datarecovery.ping.fm\/fr\/recover-deleted-photos-iphone\/#breadcrumb\",\"itemListElement\":[{\"@type\":\"ListItem\",\"position\":1,\"name\":\"Home\",\"item\":\"https:\/\/datarecovery.ping.fm\/fr\/\"},{\"@type\":\"ListItem\",\"position\":2,\"name\":\"Comment r\u00e9cup\u00e9rer d\u00e9finitivement des photos supprim\u00e9es d&rsquo;un iPhone\"}]},{\"@type\":\"WebSite\",\"@id\":\"https:\/\/datarecovery.ping.fm\/fr\/#website\",\"url\":\"https:\/\/datarecovery.ping.fm\/fr\/\",\"name\":\"Logiciel de r\u00e9cup\u00e9ration de donn\u00e9es\",\"description\":\"\",\"potentialAction\":[{\"@type\":\"SearchAction\",\"target\":{\"@type\":\"EntryPoint\",\"urlTemplate\":\"https:\/\/datarecovery.ping.fm\/fr\/?s={search_term_string}\"},\"query-input\":\"required name=search_term_string\"}],\"inLanguage\":\"fr-FR\"}]}<\/script>\n<!-- \/ Yoast SEO plugin. -->","yoast_head_json":{"title":"Comment r\u00e9cup\u00e9rer des photos supprim\u00e9es d\u00e9finitivement d'un iPhone | 2024","robots":{"index":"index","follow":"follow","max-snippet":"max-snippet:-1","max-image-preview":"max-image-preview:large","max-video-preview":"max-video-preview:-1"},"canonical":"https:\/\/datarecovery.ping.fm\/fr\/recover-deleted-photos-iphone\/","og_locale":"fr_FR","og_type":"article","og_title":"Comment r\u00e9cup\u00e9rer des photos supprim\u00e9es d\u00e9finitivement d'un iPhone | 2024","og_description":"Comment r\u00e9cup\u00e9rer des photos supprim\u00e9es d\u00e9finitivement d&rsquo;un iPhone \u00c0 l&rsquo;\u00e8re num\u00e9rique, nos iPhones servent de coffres-forts pour d&rsquo;innombrables souvenirs sous forme de photos. Cependant, que se passe-t-il lorsque ces pr\u00e9cieux clich\u00e9s disparaissent \u00e0 jamais ? Si vous avez accidentellement supprim\u00e9 vos images ch\u00e9ries, ne d\u00e9sesp\u00e9rez pas. Plusieurs m\u00e9thodes permettent de r\u00e9cup\u00e9rer des images perdues, m\u00eame [&hellip;]","og_url":"https:\/\/datarecovery.ping.fm\/fr\/recover-deleted-photos-iphone\/","og_site_name":"Logiciel de r\u00e9cup\u00e9ration de donn\u00e9es","article_modified_time":"2024-04-15T18:35:54+00:00","og_image":[{"width":1280,"height":731,"url":"https:\/\/datarecovery.ping.fm\/wp-content\/uploads\/2024\/04\/How-to-Recover-Permanently-Deleted-Photos-from-an-iPhone-French.jpg","type":"image\/jpeg"}],"twitter_card":"summary_large_image","twitter_misc":{"Est. reading time":"8 minutes"},"schema":{"@context":"https:\/\/schema.org","@graph":[{"@type":"WebPage","@id":"https:\/\/datarecovery.ping.fm\/fr\/recover-deleted-photos-iphone\/","url":"https:\/\/datarecovery.ping.fm\/fr\/recover-deleted-photos-iphone\/","name":"Comment r\u00e9cup\u00e9rer des photos supprim\u00e9es d\u00e9finitivement d'un iPhone | 2024","isPartOf":{"@id":"https:\/\/datarecovery.ping.fm\/fr\/#website"},"datePublished":"2024-01-22T08:55:46+00:00","dateModified":"2024-04-15T18:35:54+00:00","breadcrumb":{"@id":"https:\/\/datarecovery.ping.fm\/fr\/recover-deleted-photos-iphone\/#breadcrumb"},"inLanguage":"fr-FR","potentialAction":[{"@type":"ReadAction","target":["https:\/\/datarecovery.ping.fm\/fr\/recover-deleted-photos-iphone\/"]}]},{"@type":"BreadcrumbList","@id":"https:\/\/datarecovery.ping.fm\/fr\/recover-deleted-photos-iphone\/#breadcrumb","itemListElement":[{"@type":"ListItem","position":1,"name":"Home","item":"https:\/\/datarecovery.ping.fm\/fr\/"},{"@type":"ListItem","position":2,"name":"Comment r\u00e9cup\u00e9rer d\u00e9finitivement des photos supprim\u00e9es d&rsquo;un iPhone"}]},{"@type":"WebSite","@id":"https:\/\/datarecovery.ping.fm\/fr\/#website","url":"https:\/\/datarecovery.ping.fm\/fr\/","name":"Logiciel de r\u00e9cup\u00e9ration de donn\u00e9es","description":"","potentialAction":[{"@type":"SearchAction","target":{"@type":"EntryPoint","urlTemplate":"https:\/\/datarecovery.ping.fm\/fr\/?s={search_term_string}"},"query-input":"required name=search_term_string"}],"inLanguage":"fr-FR"}]}},"_links":{"self":[{"href":"https:\/\/datarecovery.ping.fm\/fr\/wp-json\/wp\/v2\/pages\/40908"}],"collection":[{"href":"https:\/\/datarecovery.ping.fm\/fr\/wp-json\/wp\/v2\/pages"}],"about":[{"href":"https:\/\/datarecovery.ping.fm\/fr\/wp-json\/wp\/v2\/types\/page"}],"replies":[{"embeddable":true,"href":"https:\/\/datarecovery.ping.fm\/fr\/wp-json\/wp\/v2\/comments?post=40908"}],"version-history":[{"count":0,"href":"https:\/\/datarecovery.ping.fm\/fr\/wp-json\/wp\/v2\/pages\/40908\/revisions"}],"wp:featuredmedia":[{"embeddable":true,"href":"https:\/\/datarecovery.ping.fm\/fr\/wp-json\/wp\/v2\/media\/40909"}],"wp:attachment":[{"href":"https:\/\/datarecovery.ping.fm\/fr\/wp-json\/wp\/v2\/media?parent=40908"}],"curies":[{"name":"wp","href":"https:\/\/api.w.org\/{rel}","templated":true}]}}