{"id":39878,"date":"2024-03-07T05:04:08","date_gmt":"2024-03-07T05:04:08","guid":{"rendered":"https:\/\/www.ping.fm\/data-recovery-software\/recover-deleted-files-windows-11\/"},"modified":"2024-04-15T12:21:14","modified_gmt":"2024-04-15T12:21:14","slug":"recover-deleted-files-windows-11","status":"publish","type":"page","link":"https:\/\/datarecovery.ping.fm\/fr\/recover-deleted-files-windows-11\/","title":{"rendered":"Comment restaurer des fichiers supprim\u00e9s dans Windows 11"},"content":{"rendered":"<section>\n<h1>Comment r\u00e9cup\u00e9rer des fichiers supprim\u00e9s sur Windows 11<\/h1>\n<div class=\"inbrief\">\n<div>              <img decoding=\"async\" class=\"lazyload\"  srcset=\"data:image\/png;base64,iVBORw0KGgoAAAANSUhEUgAABLAAAAKkAQMAAAAqeFQ7AAAAA3NCSVQICAjb4U\/gAAAABlBMVEX\/\/\/\/\/\/\/9VfPVsAAAAAnRSTlMA\/1uRIrUAAAAJcEhZcwAACxIAAAsSAdLdfvwAAAAcdEVYdFNvZnR3YXJlAEFkb2JlIEZpcmV3b3JrcyBDUzbovLKMAAAAFnRFWHRDcmVhdGlvbiBUaW1lADAxLzI5LzE536V52wAAAHpJREFUeJztwQENAAAAwqD3T20ON6AAAAAAAAAAAAAAAAAAAAAAAAAAAAAAAAAAAAAAAAAAAAAAAAAAAAAAAAAAAAAAAAAAAAAAAAAAAAAAAAAAAAAAAAAAAAAAAAAAAAAAAAAAAAAAAAAAAAAAAAAAAAAAAAAAAIAHA47LAAHp9LjEAAAAAElFTkSuQmCC\" src=\"https:\/\/www.ping.fm\/data-recovery-software\/wp-content\/uploads\/ai\/How-to-Recover-Deleted-Files-on-Windows-11-French.jpg\" data-srcset=\"https:\/\/www.ping.fm\/data-recovery-software\/wp-content\/uploads\/ai\/How-to-Recover-Deleted-Files-on-Windows-11-French.jpg\" data-lazy-type=\"image\" data-original=\"https:\/\/www.ping.fm\/data-recovery-software\/wp-content\/uploads\/ai\/How-to-Recover-Deleted-Files-on-Windows-11-French.jpg\" alt=\"Comment r\u00e9cup\u00e9rer des fichiers supprim\u00e9s sur Windows 11\" title=\"Comment r\u00e9cup\u00e9rer des fichiers supprim\u00e9s sur Windows 11\" width=\"1280\" height=\"720\">              <\/p>\n<p>Supprimer accidentellement des fichiers importants est une m\u00e9saventure courante que de nombreux utilisateurs rencontrent. Heureusement, Windows 11 comprend plusieurs fonctionnalit\u00e9s et outils qui aident \u00e0 r\u00e9cup\u00e9rer ces pi\u00e8ces de donn\u00e9es cruciales. Cet article vous guidera \u00e0 travers les subtilit\u00e9s de la r\u00e9cup\u00e9ration de fichiers sous Windows 11, en s&rsquo;appuyant sur des m\u00e9thodes int\u00e9gr\u00e9es et des solutions externes. L&rsquo;objectif est de fournir une approche compl\u00e8te de la restauration de fichiers, que j&rsquo;ai personnellement pratiqu\u00e9e lors de probl\u00e8mes similaires.<\/p>\n<\/div>\n<\/div>\n<\/section>\n<section>\n<div>\n<div>1<\/div>\n<h2>Sc\u00e9narios courants :<\/h2>\n<\/div>\n<h3>Suppression accidentelle  \ufe0f<\/h3>\n<ul>\n<li><b>Vider la corbeille<\/b> sans r\u00e9aliser que certains fichiers cruciaux s&rsquo;y trouvaient.<\/li>\n<li>Utiliser la commande <b>Maj + Suppr<\/b> qui contourne la corbeille.<\/li>\n<li><b>Suppression en masse<\/b> de fichiers suivie par la prise de conscience imm\u00e9diate d&rsquo;une erreur.<\/li>\n<\/ul>\n<h3>Mises \u00e0 jour du syst\u00e8me ou plantages  <\/h3>\n<ul>\n<li>Les mises \u00e0 jour de <b>Windows 11<\/b> menant \u00e0 des suppressions involontaires de fichiers.<\/li>\n<li>Des <b>coupures de courant<\/b> inattendues ou des <b>plantages du syst\u00e8me<\/b> provoquant la perte de donn\u00e9es non enregistr\u00e9es.<\/li>\n<li>Des erreurs de <b>disque dur<\/b> r\u00e9sultant de dysfonctionnements du syst\u00e8me.<\/li>\n<\/ul>\n<h3>Attaques de virus ou de logiciels malveillants  <\/h3>\n<ul>\n<li>Les fichiers infect\u00e9s \u00e9tant <b>supprim\u00e9s automatiquement<\/b> par le logiciel antivirus.<\/li>\n<li>Des <b>logiciels malveillants<\/b> provoquant la corruption ou la suppression de fichiers.<\/li>\n<li>Des probl\u00e8mes d&rsquo;acc\u00e8s aux fichiers apr\u00e8s qu&rsquo;une attaque par logiciel malveillant a \u00e9t\u00e9 r\u00e9solue.<\/li>\n<\/ul>\n<\/section>\n<section class=\"stepByStep\">\n<div>\n<div>2<\/div>\n<h2>Guide \u00e9tape par \u00e9tape. R\u00e9cup\u00e9rer des fichiers supprim\u00e9s Windows 11 :<\/h2>\n<\/div>\n<h3>M\u00e9thode 1 : Utilisation de la corbeille  \ufe0f<\/h3>\n<ul>\n<li>Ouvrez la <b>corbeille<\/b> en double-cliquant sur son ic\u00f4ne sur le bureau.<\/li>\n<li>Localisez les <b>fichiers supprim\u00e9s<\/b> que vous souhaitez r\u00e9cup\u00e9rer.<\/li>\n<li>Faites un clic droit sur les fichiers et s\u00e9lectionnez <b>Restaurer<\/b> pour les renvoyer \u00e0 leur emplacement d&rsquo;origine.<\/li>\n<\/ul>\n<p><b>Remarque :<\/b> Les fichiers ne sont r\u00e9cup\u00e9rables \u00e0 partir de la corbeille que s&rsquo;ils n&rsquo;ont pas \u00e9t\u00e9 supprim\u00e9s de fa\u00e7on permanente ou si la corbeille n&rsquo;a pas \u00e9t\u00e9 vid\u00e9e.<\/p>\n<p><b>Conclusion :<\/b> La corbeille est le moyen le plus simple et le plus rapide de r\u00e9cup\u00e9rer des fichiers r\u00e9cemment supprim\u00e9s qui n&rsquo;ont pas \u00e9t\u00e9 effac\u00e9s de mani\u00e8re permanente.<\/p>\n<h3>M\u00e9thode 2 : Utilisation de l&rsquo;historique des fichiers \u23f2\ufe0f<\/h3>\n<ul>\n<li>Ouvrez <b>Param\u00e8tres<\/b> et acc\u00e9dez \u00e0 <b>&lsquo;Mise \u00e0 jour et s\u00e9curit\u00e9&rsquo;<\/b> > <b>&lsquo;Sauvegarde&rsquo;<\/b>.<\/li>\n<li>Assurez-vous que la fonctionnalit\u00e9 <b>Historique des fichiers<\/b> a \u00e9t\u00e9 configur\u00e9e et s\u00e9lectionnez <b>&lsquo;Plus d&rsquo;options&rsquo;<\/b> sous &lsquo;Sauvegarde avec l&rsquo;historique des fichiers&rsquo;.<\/li>\n<li>Cliquez sur <b>&lsquo;Restaurer des fichiers \u00e0 partir d&rsquo;une sauvegarde actuelle&rsquo;<\/b> et parcourez les fichiers pour localiser ceux dont vous avez besoin.<\/li>\n<li>S\u00e9lectionnez les fichiers et cliquez sur le bouton vert <b>Restaurer<\/b> pour les r\u00e9cup\u00e9rer.<\/li>\n<\/ul>\n<p><b>Remarque :<\/b> Cette m\u00e9thode n\u00e9cessite que vous ayez activ\u00e9 au pr\u00e9alable l&rsquo;historique des fichiers sur un lecteur externe ou un emplacement r\u00e9seau.<\/p>\n<p><b>Conclusion :<\/b> L&rsquo;historique des fichiers est un outil pr\u00e9cieux pour les sauvegardes en cours, permettant une r\u00e9cup\u00e9ration facile si cela a \u00e9t\u00e9 configur\u00e9 avant la suppression du fichier.<\/p>\n<h3>M\u00e9thode 3 : Utilisation de Windows File Recovery  <\/h3>\n<ul>\n<li>T\u00e9l\u00e9chargez et installez l&rsquo;outil <b>Windows File Recovery<\/b> depuis le <a href=\"https:\/\/www.microsoft.com\/en-us\/p\/windows-file-recovery\/9n26s50ln705\" rel=\"nofollow external noopener noreferrer\" target=\"_blank\" data-wpel-link=\"external\">Microsoft Store<\/a>.<\/li>\n<li>Lancez l&rsquo;outil en utilisant <b>l&rsquo;invite de commande<\/b> en tant qu&rsquo;administrateur.<\/li>\n<li>Entrez la syntaxe de commande correcte pour le type de r\u00e9cup\u00e9ration que vous effectuez (mode R\u00e9gulier ou Extensif).<\/li>\n<li>Suivez les instructions \u00e0 l&rsquo;\u00e9cran pour compl\u00e9ter le processus de r\u00e9cup\u00e9ration de fichiers.<\/li>\n<\/ul>\n<p><b>Remarque :<\/b> Windows File Recovery fonctionne via la ligne de commande et peut \u00eatre plus adapt\u00e9 aux utilisateurs avanc\u00e9s.<\/p>\n<p><b>Conclusion :<\/b> Windows File Recovery peut \u00eatre un outil puissant pour r\u00e9cup\u00e9rer des fichiers, en particulier \u00e0 partir de p\u00e9riph\u00e9riques de stockage format\u00e9s ou corrompus.<\/p>\n<h3>M\u00e9thode 4 : Utilisation d&rsquo;un logiciel de r\u00e9cup\u00e9ration de fichiers tiers  <\/h3>\n<ul>\n<li>Choisissez un <b>logiciel de r\u00e9cup\u00e9ration de fichiers tiers<\/b> r\u00e9put\u00e9 comme Recuva.<\/li>\n<li>T\u00e9l\u00e9chargez et installez le logiciel en suivant les instructions du fournisseur.<\/li>\n<li>Lancez le programme et s\u00e9lectionnez le lecteur o\u00f9 \u00e9taient situ\u00e9s les fichiers supprim\u00e9s.<\/li>\n<li>Suivez les \u00e9tapes \u00e0 l&rsquo;\u00e9cran pour analyser les fichiers r\u00e9cup\u00e9rables et s\u00e9lectionnez ceux que vous souhaitez restaurer.<\/li>\n<li>Choisissez un emplacement de r\u00e9cup\u00e9ration diff\u00e9rent du chemin original pour \u00e9viter un \u00e9crasement potentiel des donn\u00e9es.<\/li>\n<\/ul>\n<p><b>Remarque :<\/b> Assurez-vous de s\u00e9lectionner un logiciel ayant fait ses preuves et lisez les avis pour v\u00e9rifier sa fiabilit\u00e9.<\/p>\n<p><b>Conclusion :<\/b> Le logiciel tiers pourrait offrir une interface plus conviviale et des fonctionnalit\u00e9s suppl\u00e9mentaires par rapport aux outils natifs de Windows.<\/p>\n<h3>M\u00e9thode 5 : Utilisation d&rsquo;un point de restauration syst\u00e8me  <\/h3>\n<ul>\n<li>Recherchez &lsquo;Cr\u00e9er un point de restauration&rsquo; dans la barre de recherche Windows et appuyez sur <b>Entr\u00e9e<\/b>.<\/li>\n<li>Allez dans l&rsquo;onglet <b>Protection du syst\u00e8me<\/b> et s\u00e9lectionnez <b>Restauration du syst\u00e8me&#8230;<\/b><\/li>\n<li>Suivez l&rsquo;assistant pour choisir un point de restauration cr\u00e9\u00e9 avant la suppression des fichiers.<\/li>\n<li>Compl\u00e9tez le processus de restauration pour revenir votre syst\u00e8me \u00e0 un \u00e9tat ant\u00e9rieur.<\/li>\n<\/ul>\n<p><b>Remarque :<\/b> Utiliser la restauration du syst\u00e8me peut modifier les fichiers syst\u00e8me, les param\u00e8tres et les programmes install\u00e9s, mais n&rsquo;affecte g\u00e9n\u00e9ralement pas les fichiers personnels.<\/p>\n<p><b>Conclusion :<\/b> Cette m\u00e9thode peut ne pas r\u00e9cup\u00e9rer directement les fichiers personnels, mais peut \u00eatre utilis\u00e9e si la suppression des fichiers r\u00e9sultait d&rsquo;un changement ou d&rsquo;une mise \u00e0 jour du syst\u00e8me.<\/p>\n<\/section>\n<section>\n<div>\n<div>3<\/div>\n<h2>Pr\u00e9cautions et Conseils :<\/h2>\n<\/div>\n<h3>Prot\u00e9gez Vos Donn\u00e9es &#128737;<\/h3>\n<ul>\n<li>Sauvegardez r\u00e9guli\u00e8rement les fichiers importants sur un disque externe ou un service cloud comme <b>OneDrive<\/b> ou <b>Google Drive<\/b>.<\/li>\n<li>Activez <b>l&rsquo;Historique des fichiers<\/b> dans Windows 11 pour conserver des sauvegardes continues de vos fichiers.<\/li>\n<li>Avant de supprimer, v\u00e9rifiez soigneusement et confirmez les fichiers s\u00e9lectionn\u00e9s pour \u00e9viter toute suppression accidentelle.<\/li>\n<\/ul>\n<h3>Maintenez l&rsquo;Int\u00e9grit\u00e9 de Votre Syst\u00e8me &#10024;<\/h3>\n<ul>\n<li>Effectuez r\u00e9guli\u00e8rement des analyses antivirus pour pr\u00e9venir les suppressions de fichiers li\u00e9es aux malwares.<\/li>\n<li>Maintenez <b>Windows 11<\/b> et tous les logiciels \u00e0 jour avec les derniers correctifs de s\u00e9curit\u00e9.<\/li>\n<li>Utilisez un <b>Parafoudre<\/b> pour prot\u00e9ger contre la perte de donn\u00e9es due \u00e0 des coupures de courant soudaines.<\/li>\n<\/ul>\n<\/section>\n<p>&#13; <\/p>\n<section>\n<div>\n<div>4<\/div>\n<h2>Au-del\u00e0 de la R\u00e9cup\u00e9ration : Prot\u00e9ger Vos Donn\u00e9es<\/h2>\n<\/div>\n<p>Faire face \u00e0 des fichiers supprim\u00e9s sur Windows 11 peut \u00eatre une exp\u00e9rience stressante ; cependant, c&rsquo;est aussi l&rsquo;occasion de r\u00e9\u00e9valuer la mani\u00e8re dont nous g\u00e9rons et prot\u00e9geons nos donn\u00e9es. Au-del\u00e0 des m\u00e9thodes discut\u00e9es pour la r\u00e9cup\u00e9ration de fichiers, plusieurs pratiques peuvent am\u00e9liorer la protection des donn\u00e9es et r\u00e9duire les risques de perte de donn\u00e9es.<\/p>\n<p>Une approche consiste \u00e0 utiliser des services de stockage en nuage, comme <b>Microsoft OneDrive<\/b> ou <b>Dropbox<\/b>, qui non seulement sauvegardent vos donn\u00e9es en toute s\u00e9curit\u00e9, mais offrent \u00e9galement des fonctionnalit\u00e9s telles que le versioning qui permet la r\u00e9cup\u00e9ration de versions ant\u00e9rieures de fichiers \u00e9dit\u00e9s. De plus, le maintien de routines de sauvegarde rigoureuses peut \u00eatre automatis\u00e9 avec des logiciels comme <b>Acronis True Image<\/b> ou <b>Macrium Reflect<\/b>.<\/p>\n<p>Il est \u00e9galement important de noter que les Disques \u00e0 \u00c9tat Solide (SSD) g\u00e8rent diff\u00e9remment la suppression et la r\u00e9\u00e9criture des donn\u00e9es par rapport aux Disques Durs traditionnels (HDD). Une fois les donn\u00e9es supprim\u00e9es ou r\u00e9\u00e9crites sur un SSD, la r\u00e9cup\u00e9ration peut \u00eatre beaucoup plus difficile en raison de la fa\u00e7on dont les SSD g\u00e8rent la suppression des donn\u00e9es avec la commande TRIM. Par cons\u00e9quent, l&rsquo;utilisation du chiffrement de fichiers et l&rsquo;effacement s\u00e9curis\u00e9 des donn\u00e9es sensibles lorsque n\u00e9cessaire est essentiel.<\/p>\n<p>Enfin, pratiquez une bonne hygi\u00e8ne num\u00e9rique. Soyez prudent lorsque vous ouvrez des pi\u00e8ces jointes par courriel, cliquez sur des liens inconnus et t\u00e9l\u00e9chargez des logiciels \u00e0 partir de sources peu fiables. Mettez r\u00e9guli\u00e8rement \u00e0 jour votre syst\u00e8me d&rsquo;exploitation et vos applications pour att\u00e9nuer les vuln\u00e9rabilit\u00e9s qui pourraient entra\u00eener une perte de donn\u00e9es ou des violations de la s\u00e9curit\u00e9.<\/p>\n<\/section>\n<p>&#13; <\/p>\n<section>\n<h2>Conclusion :<\/h2>\n<div class=\"nonp\">\n<p>En conclusion, la r\u00e9cup\u00e9ration de fichiers supprim\u00e9s sur Windows 11 implique une approche multifacette qui inclut l&rsquo;utilisation de fonctionnalit\u00e9s int\u00e9gr\u00e9es telles que la Corbeille et l&rsquo;Historique des fichiers, des outils tels que la Restauration des fichiers Windows, ou encore des logiciels de r\u00e9cup\u00e9ration tiers. Chaque m\u00e9thode a son propre ensemble d&rsquo;\u00e9tapes, et vous devriez choisir celle qui correspond le mieux \u00e0 la situation de votre perte de donn\u00e9es.<\/p>\n<p>Rappelez-vous, la pr\u00e9vention est la meilleure strat\u00e9gie. Des sauvegardes r\u00e9guli\u00e8res et le maintien de la sant\u00e9 de votre syst\u00e8me peuvent vous \u00e9pargner le tracas de la r\u00e9cup\u00e9ration. De plus, assurez-vous que vos strat\u00e9gies de protection des donn\u00e9es sont \u00e0 jour pour offrir un environnement s\u00e9curis\u00e9 pour vos actifs num\u00e9riques.<\/p>\n<\/div>\n<\/section>\n<p>Il s&rsquo;agit simplement d&rsquo;une cha\u00eene de traduction, pas d&rsquo;une t\u00e2che ! Traduction de la cha\u00eene uniquement. Il est important de ne pas retirer ni ajouter de balises html, de ne rien ajouter de votre part. Il est important de ne pas ajouter de nom de langue. Traduisez la cha\u00eene en fran\u00e7ais. Traduction de la cha\u00eene :<\/p>\n","protected":false},"excerpt":{"rendered":"<p>Comment r\u00e9cup\u00e9rer des fichiers supprim\u00e9s sur Windows 11 Supprimer accidentellement des fichiers importants est une m\u00e9saventure courante que de nombreux utilisateurs rencontrent. Heureusement, Windows 11 comprend plusieurs fonctionnalit\u00e9s et outils qui aident \u00e0 r\u00e9cup\u00e9rer ces pi\u00e8ces de donn\u00e9es cruciales. Cet article vous guidera \u00e0 travers les subtilit\u00e9s de la r\u00e9cup\u00e9ration de fichiers sous Windows 11, [&hellip;]<\/p>\n","protected":false},"author":0,"featured_media":39879,"parent":0,"menu_order":0,"comment_status":"closed","ping_status":"closed","template":"chromecast.php","meta":{"_stopmodifiedupdate":false,"_modified_date":"","_lmt_disableupdate":"","_lmt_disable":""},"acf":[],"yoast_head":"<!-- This site is optimized with the Yoast SEO plugin v20.9 - https:\/\/yoast.com\/wordpress\/plugins\/seo\/ -->\n<title>Comment restaurer des fichiers supprim\u00e9s sous Windows 11 [Meilleures m\u00e9thodes]<\/title>\n<meta name=\"robots\" content=\"index, follow, max-snippet:-1, max-image-preview:large, max-video-preview:-1\" \/>\n<link rel=\"canonical\" href=\"https:\/\/datarecovery.ping.fm\/fr\/recover-deleted-files-windows-11\/\" \/>\n<meta property=\"og:locale\" content=\"fr_FR\" \/>\n<meta property=\"og:type\" content=\"article\" \/>\n<meta property=\"og:title\" content=\"Comment restaurer des fichiers supprim\u00e9s sous Windows 11 [Meilleures m\u00e9thodes]\" \/>\n<meta property=\"og:description\" content=\"Comment r\u00e9cup\u00e9rer des fichiers supprim\u00e9s sur Windows 11 Supprimer accidentellement des fichiers importants est une m\u00e9saventure courante que de nombreux utilisateurs rencontrent. Heureusement, Windows 11 comprend plusieurs fonctionnalit\u00e9s et outils qui aident \u00e0 r\u00e9cup\u00e9rer ces pi\u00e8ces de donn\u00e9es cruciales. Cet article vous guidera \u00e0 travers les subtilit\u00e9s de la r\u00e9cup\u00e9ration de fichiers sous Windows 11, [&hellip;]\" \/>\n<meta property=\"og:url\" content=\"https:\/\/datarecovery.ping.fm\/fr\/recover-deleted-files-windows-11\/\" \/>\n<meta property=\"og:site_name\" content=\"Logiciel de r\u00e9cup\u00e9ration de donn\u00e9es\" \/>\n<meta property=\"article:modified_time\" content=\"2024-04-15T12:21:14+00:00\" \/>\n<meta property=\"og:image\" content=\"https:\/\/datarecovery.ping.fm\/wp-content\/uploads\/2024\/04\/How-to-Recover-Deleted-Files-on-Windows-11-French.jpg\" \/>\n\t<meta property=\"og:image:width\" content=\"1280\" \/>\n\t<meta property=\"og:image:height\" content=\"731\" \/>\n\t<meta property=\"og:image:type\" content=\"image\/jpeg\" \/>\n<meta name=\"twitter:card\" content=\"summary_large_image\" \/>\n<meta name=\"twitter:label1\" content=\"Est. reading time\" \/>\n\t<meta name=\"twitter:data1\" content=\"8 minutes\" \/>\n<script type=\"application\/ld+json\" class=\"yoast-schema-graph\">{\"@context\":\"https:\/\/schema.org\",\"@graph\":[{\"@type\":\"WebPage\",\"@id\":\"https:\/\/datarecovery.ping.fm\/fr\/recover-deleted-files-windows-11\/\",\"url\":\"https:\/\/datarecovery.ping.fm\/fr\/recover-deleted-files-windows-11\/\",\"name\":\"Comment restaurer des fichiers supprim\u00e9s sous Windows 11 [Meilleures m\u00e9thodes]\",\"isPartOf\":{\"@id\":\"https:\/\/datarecovery.ping.fm\/fr\/#website\"},\"datePublished\":\"2024-03-07T05:04:08+00:00\",\"dateModified\":\"2024-04-15T12:21:14+00:00\",\"breadcrumb\":{\"@id\":\"https:\/\/datarecovery.ping.fm\/fr\/recover-deleted-files-windows-11\/#breadcrumb\"},\"inLanguage\":\"fr-FR\",\"potentialAction\":[{\"@type\":\"ReadAction\",\"target\":[\"https:\/\/datarecovery.ping.fm\/fr\/recover-deleted-files-windows-11\/\"]}]},{\"@type\":\"BreadcrumbList\",\"@id\":\"https:\/\/datarecovery.ping.fm\/fr\/recover-deleted-files-windows-11\/#breadcrumb\",\"itemListElement\":[{\"@type\":\"ListItem\",\"position\":1,\"name\":\"Home\",\"item\":\"https:\/\/datarecovery.ping.fm\/fr\/\"},{\"@type\":\"ListItem\",\"position\":2,\"name\":\"Comment restaurer des fichiers supprim\u00e9s dans Windows 11\"}]},{\"@type\":\"WebSite\",\"@id\":\"https:\/\/datarecovery.ping.fm\/fr\/#website\",\"url\":\"https:\/\/datarecovery.ping.fm\/fr\/\",\"name\":\"Logiciel de r\u00e9cup\u00e9ration de donn\u00e9es\",\"description\":\"\",\"potentialAction\":[{\"@type\":\"SearchAction\",\"target\":{\"@type\":\"EntryPoint\",\"urlTemplate\":\"https:\/\/datarecovery.ping.fm\/fr\/?s={search_term_string}\"},\"query-input\":\"required name=search_term_string\"}],\"inLanguage\":\"fr-FR\"}]}<\/script>\n<!-- \/ Yoast SEO plugin. -->","yoast_head_json":{"title":"Comment restaurer des fichiers supprim\u00e9s sous Windows 11 [Meilleures m\u00e9thodes]","robots":{"index":"index","follow":"follow","max-snippet":"max-snippet:-1","max-image-preview":"max-image-preview:large","max-video-preview":"max-video-preview:-1"},"canonical":"https:\/\/datarecovery.ping.fm\/fr\/recover-deleted-files-windows-11\/","og_locale":"fr_FR","og_type":"article","og_title":"Comment restaurer des fichiers supprim\u00e9s sous Windows 11 [Meilleures m\u00e9thodes]","og_description":"Comment r\u00e9cup\u00e9rer des fichiers supprim\u00e9s sur Windows 11 Supprimer accidentellement des fichiers importants est une m\u00e9saventure courante que de nombreux utilisateurs rencontrent. Heureusement, Windows 11 comprend plusieurs fonctionnalit\u00e9s et outils qui aident \u00e0 r\u00e9cup\u00e9rer ces pi\u00e8ces de donn\u00e9es cruciales. Cet article vous guidera \u00e0 travers les subtilit\u00e9s de la r\u00e9cup\u00e9ration de fichiers sous Windows 11, [&hellip;]","og_url":"https:\/\/datarecovery.ping.fm\/fr\/recover-deleted-files-windows-11\/","og_site_name":"Logiciel de r\u00e9cup\u00e9ration de donn\u00e9es","article_modified_time":"2024-04-15T12:21:14+00:00","og_image":[{"width":1280,"height":731,"url":"https:\/\/datarecovery.ping.fm\/wp-content\/uploads\/2024\/04\/How-to-Recover-Deleted-Files-on-Windows-11-French.jpg","type":"image\/jpeg"}],"twitter_card":"summary_large_image","twitter_misc":{"Est. reading time":"8 minutes"},"schema":{"@context":"https:\/\/schema.org","@graph":[{"@type":"WebPage","@id":"https:\/\/datarecovery.ping.fm\/fr\/recover-deleted-files-windows-11\/","url":"https:\/\/datarecovery.ping.fm\/fr\/recover-deleted-files-windows-11\/","name":"Comment restaurer des fichiers supprim\u00e9s sous Windows 11 [Meilleures m\u00e9thodes]","isPartOf":{"@id":"https:\/\/datarecovery.ping.fm\/fr\/#website"},"datePublished":"2024-03-07T05:04:08+00:00","dateModified":"2024-04-15T12:21:14+00:00","breadcrumb":{"@id":"https:\/\/datarecovery.ping.fm\/fr\/recover-deleted-files-windows-11\/#breadcrumb"},"inLanguage":"fr-FR","potentialAction":[{"@type":"ReadAction","target":["https:\/\/datarecovery.ping.fm\/fr\/recover-deleted-files-windows-11\/"]}]},{"@type":"BreadcrumbList","@id":"https:\/\/datarecovery.ping.fm\/fr\/recover-deleted-files-windows-11\/#breadcrumb","itemListElement":[{"@type":"ListItem","position":1,"name":"Home","item":"https:\/\/datarecovery.ping.fm\/fr\/"},{"@type":"ListItem","position":2,"name":"Comment restaurer des fichiers supprim\u00e9s dans Windows 11"}]},{"@type":"WebSite","@id":"https:\/\/datarecovery.ping.fm\/fr\/#website","url":"https:\/\/datarecovery.ping.fm\/fr\/","name":"Logiciel de r\u00e9cup\u00e9ration de donn\u00e9es","description":"","potentialAction":[{"@type":"SearchAction","target":{"@type":"EntryPoint","urlTemplate":"https:\/\/datarecovery.ping.fm\/fr\/?s={search_term_string}"},"query-input":"required name=search_term_string"}],"inLanguage":"fr-FR"}]}},"_links":{"self":[{"href":"https:\/\/datarecovery.ping.fm\/fr\/wp-json\/wp\/v2\/pages\/39878"}],"collection":[{"href":"https:\/\/datarecovery.ping.fm\/fr\/wp-json\/wp\/v2\/pages"}],"about":[{"href":"https:\/\/datarecovery.ping.fm\/fr\/wp-json\/wp\/v2\/types\/page"}],"replies":[{"embeddable":true,"href":"https:\/\/datarecovery.ping.fm\/fr\/wp-json\/wp\/v2\/comments?post=39878"}],"version-history":[{"count":0,"href":"https:\/\/datarecovery.ping.fm\/fr\/wp-json\/wp\/v2\/pages\/39878\/revisions"}],"wp:featuredmedia":[{"embeddable":true,"href":"https:\/\/datarecovery.ping.fm\/fr\/wp-json\/wp\/v2\/media\/39879"}],"wp:attachment":[{"href":"https:\/\/datarecovery.ping.fm\/fr\/wp-json\/wp\/v2\/media?parent=39878"}],"curies":[{"name":"wp","href":"https:\/\/api.w.org\/{rel}","templated":true}]}}