{"id":39470,"date":"2024-01-22T21:14:41","date_gmt":"2024-01-22T21:14:41","guid":{"rendered":"https:\/\/www.ping.fm\/data-recovery-software\/best-android-cleaners\/"},"modified":"2024-04-09T17:16:16","modified_gmt":"2024-04-09T17:16:16","slug":"best-android-cleaners","status":"publish","type":"page","link":"https:\/\/datarecovery.ping.fm\/fr\/best-android-cleaners\/","title":{"rendered":"Meilleures applications gratuites de nettoyage pour t\u00e9l\u00e9phone Android"},"content":{"rendered":"<section>\n<h1>Meilleures applications GRATUITES de nettoyage pour t\u00e9l\u00e9phone Android<\/h1>\n<div class=\"inbrief\">\n<div>             <img src=\"https:\/\/www.ping.fm\/data-recovery-software\/wp-content\/uploads\/ai\/Best-FREE-Android-Phone-Cleaner-Apps-French.jpg\" alt=\"Meilleures applications GRATUITES de nettoyage pour t\u00e9l\u00e9phone Android\" title=\"Meilleures applications GRATUITES de nettoyage pour t\u00e9l\u00e9phone Android\" width=\"1280\" height=\"720\">             <\/p>\n<p>Avec d&rsquo;innombrables applications disponibles pour Android, les smartphones peuvent souvent s&rsquo;encombrer de fichiers inutiles et de processus en arri\u00e8re-plan. C&rsquo;est l\u00e0 que les applications de nettoyage sont utiles, vous aidant \u00e0 lib\u00e9rer de l&rsquo;espace, \u00e0 am\u00e9liorer les performances et \u00e0 prolonger la dur\u00e9e de vie de la batterie. Ci-dessous, je partage mon exp\u00e9rience avec les meilleures applications gratuites de <b>nettoyage de t\u00e9l\u00e9phone Android<\/b> qui ont consid\u00e9rablement am\u00e9lior\u00e9 la fonctionnalit\u00e9 de mon appareil.<\/p>\n<\/div>\n<\/div>\n<\/section>\n<section>\n<div class=\"medal\">\n<div>&#129351;<\/div>\n<\/div>\n<h2><a href=\"https:\/\/www.ccleaner.com\/ccleaner-android\" rel=\"nofollow noopener\" target=\"_blank\">CCleaner<\/a><\/h2>\n<p><img src=\"https:\/\/www.ping.fm\/data-recovery-software\/wp-content\/uploads\/ai\/https---www-ccleaner-com-ccleaner-androidFrench.jpg\"><\/p>\n<p><b>CCleaner<\/b> pour Android est un outil de nettoyage polyvalent que j\u2019ai fr\u00e9quemment utilis\u00e9 pour effacer le cache, supprimer les fichiers ind\u00e9sirables et effacer l&rsquo;historique de navigation. L&rsquo;interface utilisateur est simple, ce qui facilite les v\u00e9rifications de maintenance de routine. J&rsquo;ai remarqu\u00e9 que cette application offre \u00e9galement une surveillance du syst\u00e8me, offrant une vision de la performance de mon appareil.<\/p>\n<p><a href=\"https:\/\/www.ccleaner.com\/ccleaner-android\" rel=\"nofollow noopener\" target=\"_blank\" class=\"ofWSite\">Site Officiel<\/a><\/p>\n<h3 class=\"prosTitle\">Avantages<\/h3>\n<ul class=\"listpc pros\">\n<li>Interface conviviale<\/li>\n<li>Nettoyage efficient des fichiers ind\u00e9sirables<\/li>\n<li>Fonctions de surveillance du syst\u00e8me<\/li>\n<\/ul>\n<h3 class=\"consTitle\">Inconv\u00e9nients<\/h3>\n<ul class=\"listpc cons\">\n<li>Publicit\u00e9s occasionnelles dans la version gratuite<\/li>\n<li>Certaines fonctionnalit\u00e9s avanc\u00e9es sont payantes<\/li>\n<\/ul>\n<\/section>\n<section>\n<div class=\"medal\">\n<div>&#129352;<\/div>\n<\/div>\n<h2><a href=\"https:\/\/www.avast.com\/en-us\/cleanup\" rel=\"nofollow noopener\" target=\"_blank\">Avast Cleanup &#038; Boost<\/a><\/h2>\n<p><img src=\"https:\/\/www.ping.fm\/data-recovery-software\/wp-content\/uploads\/ai\/https---www-avast-com-en-us-cleanupFrench.jpg\"><\/p>\n<p>Mon exp\u00e9rience avec <b>Avast Cleanup &#038; Boost<\/b> a \u00e9t\u00e9 globalement positive en ce qui concerne l&rsquo;optimisation de mon appareil. Il analyse soigneusement les donn\u00e9es des applications pour sugg\u00e9rer la suppression de fichiers inutiles. De plus, il aide \u00e0 g\u00e9rer efficacement les applications et peut m\u00eame am\u00e9liorer les r\u00e9glages de la batterie.<\/p>\n<p><a href=\"https:\/\/www.avast.com\/en-us\/cleanup\" rel=\"nofollow noopener\" target=\"_blank\" class=\"ofWSite\">Site Officiel<\/a><\/p>\n<h3 class=\"prosTitle\">Avantages<\/h3>\n<ul class=\"listpc pros\">\n<li>Fonction de nettoyage automatique<\/li>\n<li>Personnalisation des profils de batterie<\/li>\n<li>Nettoyage s\u00e9curis\u00e9 des fichiers inutiles<\/li>\n<\/ul>\n<h3 class=\"consTitle\">Inconv\u00e9nients<\/h3>\n<ul class=\"listpc cons\">\n<li>Contient des publicit\u00e9s<\/li>\n<li>Certaines fonctionnalit\u00e9s n\u00e9cessitent un abonnement<\/li>\n<\/ul>\n<\/section>\n<section>\n<div class=\"medal\">\n<div>&#129353;<\/div>\n<\/div>\n<h2><a href=\"https:\/\/sdmaid.darken.eu\/\" rel=\"nofollow noopener\" target=\"_blank\">SD Maid<\/a><\/h2>\n<p><img src=\"https:\/\/www.ping.fm\/data-recovery-software\/wp-content\/uploads\/ai\/https---sdmaid-darken-eu-French.jpg\"><\/p>\n<p>L&rsquo;application <b>SD Maid<\/b> se distingue par son optimisation de la base de donn\u00e9es et sa fonctionnalit\u00e9 &lsquo;Corpse Finder&rsquo; qui recherche les fichiers orphelins. La simplicit\u00e9 de cet outil, associ\u00e9e \u00e0 ses capacit\u00e9s de nettoyage approfondi, a rendu le nettoyage du syst\u00e8me de fichiers sur mon appareil Android moins contraignant et plus une t\u00e2che rapide et satisfaisante.<\/p>\n<p><a href=\"https:\/\/sdmaid.darken.eu\/\" rel=\"nofollow noopener\" target=\"_blank\" class=\"ofWSite\">Site Officiel<\/a><\/p>\n<h3 class=\"prosTitle\">Avantages<\/h3>\n<ul class=\"listpc pros\">\n<li>Nettoyage d\u00e9taill\u00e9 du syst\u00e8me de fichiers<\/li>\n<li>Fonctionnalit\u00e9 &lsquo;Corpse Finder&rsquo; utile<\/li>\n<li>Outils d&rsquo;optimisation de base de donn\u00e9es<\/li>\n<\/ul>\n<h3 class=\"consTitle\">Inconv\u00e9nients<\/h3>\n<ul class=\"listpc cons\">\n<li>L&rsquo;interface peut \u00eatre l\u00e9g\u00e8rement complexe pour les nouveaux utilisateurs<\/li>\n<li>Les fonctionnalit\u00e9s Pro n\u00e9cessitent une mise \u00e0 niveau<\/li>\n<\/ul>\n<\/section>\n<section>\n<div class=\"no-medal\">\n<div>4<\/div>\n<\/div>\n<h2>AVG Cleaner<\/h2>\n<p><b>AVG Cleaner<\/b> m&rsquo;a \u00e9t\u00e9 utile lorsque j&rsquo;ai eu besoin d&rsquo;identifier et de nettoyer rapidement les mauvaises photos et les applications inutilis\u00e9es. Son processus d&rsquo;analyse et de nettoyage en un seul clic est efficace en termes de temps. De plus, son &lsquo;App Uninstaller&rsquo; sugg\u00e8re des applications rarement utilis\u00e9es \u00e0 d\u00e9sinstaller, ce qui aide \u00e0 garder mon appareil \u00e9pur\u00e9.<\/p>\n<h3 class=\"prosTitle\">Avantages<\/h3>\n<ul class=\"listpc pros\">\n<li>Nettoyage simple en un clic<\/li>\n<li>Analyse intelligente des photos<\/li>\n<li>Statistiques d&rsquo;utilisation des applications<\/li>\n<\/ul>\n<h3 class=\"consTitle\">Inconv\u00e9nients<\/h3>\n<ul class=\"listpc cons\">\n<li>Publicit\u00e9s et sollicitations pour d&rsquo;autres produits AVG<\/li>\n<li>Certaines fonctionnalit\u00e9s sont verrouill\u00e9es dans la version Pro<\/li>\n<\/ul>\n<\/section>\n<section>\n<div class=\"no-medal\">\n<div>5<\/div>\n<\/div>\n<h2><a href=\"https:\/\/www.cleanmasterofficial.com\/\" rel=\"nofollow noopener\" target=\"_blank\">Clean Master<\/a><\/h2>\n<p><img src=\"https:\/\/www.ping.fm\/data-recovery-software\/wp-content\/uploads\/ai\/https---www-cleanmasterofficial-com-French.jpg\"><\/p>\n<p>J&rsquo;ai \u00e9t\u00e9 constamment impressionn\u00e9 par la capacit\u00e9 de <b>Clean Master<\/b> \u00e0 non seulement nettoyer les fichiers ind\u00e9sirables, mais aussi \u00e0 fournir une analyse antivirus qui garantit la s\u00e9curit\u00e9 de mon appareil contre les malwares. La fonctionnalit\u00e9 &lsquo;AppLock&rsquo; offre \u00e9galement une s\u00e9curit\u00e9 suppl\u00e9mentaire pour mes applications personnelles.<\/p>\n<p><a href=\"https:\/\/www.cleanmasterofficial.com\/\" rel=\"nofollow noopener\" target=\"_blank\" class=\"ofWSite\">Site Officiel<\/a><\/p>\n<h3 class=\"prosTitle\">Avantages<\/h3>\n<ul class=\"listpc pros\">\n<li>Analyse antivirus int\u00e9gr\u00e9e<\/li>\n<li>&lsquo;AppLock&rsquo; pour la protection de la vie priv\u00e9e<\/li>\n<li>Interface intuitive<\/li>\n<\/ul>\n<h3 class=\"consTitle\">Inconv\u00e9nients<\/h3>\n<ul class=\"listpc cons\">\n<li>Nombreux publicit\u00e9s<\/li>\n<li>Parfois signal\u00e9 par d&rsquo;autres applications de s\u00e9curit\u00e9<\/li>\n<\/ul>\n<\/section>\n<section>\n<h2>Vid\u00e9o Youtube \u00e0 regarder<\/h2>\n<div class=\"nonp iframe\"><iframe width=\"420\" height=\"315\" src=\"\/\/www.youtube.com\/embed\/Pwj4ONDi0hk\" frameborder=\"0\" allowfullscreen><\/iframe><\/div>\n<\/section>\n<section>\n<h2>Conclusion :<\/h2>\n<div class=\"nonp\">\n<p>Bien que les applications de nettoyage puissent grandement am\u00e9liorer les fonctionnalit\u00e9s de votre t\u00e9l\u00e9phone Android, il y a des \u00e9tapes suppl\u00e9mentaires que vous pouvez suivre pour <b>maximiser le potentiel de votre appareil<\/b>. Garder votre syst\u00e8me d&rsquo;exploitation et vos applications \u00e0 jour peut fournir non seulement de nouvelles fonctionnalit\u00e9s mais aussi des correctifs de s\u00e9curit\u00e9 importants. Il est \u00e9galement b\u00e9n\u00e9fique de g\u00e9rer vos applications en supprimant celles que vous n&rsquo;utilisez plus, ainsi qu&rsquo;en d\u00e9sactivant les bloatwares lorsque cela est possible.<\/p>\n<p>Si votre t\u00e9l\u00e9phone a constamment des performances m\u00e9diocres, envisagez une r\u00e9initialisation d&rsquo;usine comme dernier recours. N&rsquo;oubliez pas de sauvegarder vos donn\u00e9es avant de prendre cette mesure. Pour un guide complet sur la s\u00e9curisation et l&rsquo;optimisation de votre appareil Android, vous pourriez trouver les ressources du <a href=\"https:\/\/support.google.com\/android\" rel=\"nofollow noopener\" target=\"_blank\">Centre d&rsquo;aide Android de Google<\/a> particuli\u00e8rement utiles. De plus, des forums de discussion comme <a href=\"https:\/\/forum.xda-developers.com\/\" rel=\"nofollow noopener\" target=\"_blank\">XDA Developers<\/a> sont une mine d&rsquo;informations sur les ROM personnalis\u00e9s et les ajustements avanc\u00e9s pour les passionn\u00e9s.<\/p>\n<\/div>\n<\/section>\n","protected":false},"excerpt":{"rendered":"<p>Meilleures applications GRATUITES de nettoyage pour t\u00e9l\u00e9phone Android Avec d&rsquo;innombrables applications disponibles pour Android, les smartphones peuvent souvent s&rsquo;encombrer de fichiers inutiles et de processus en arri\u00e8re-plan. C&rsquo;est l\u00e0 que les applications de nettoyage sont utiles, vous aidant \u00e0 lib\u00e9rer de l&rsquo;espace, \u00e0 am\u00e9liorer les performances et \u00e0 prolonger la dur\u00e9e de vie de la [&hellip;]<\/p>\n","protected":false},"author":0,"featured_media":39471,"parent":0,"menu_order":0,"comment_status":"closed","ping_status":"closed","template":"chromecast.php","meta":{"_stopmodifiedupdate":false,"_modified_date":"","_lmt_disableupdate":"","_lmt_disable":""},"acf":[],"yoast_head":"<!-- This site is optimized with the Yoast SEO plugin v20.9 - https:\/\/yoast.com\/wordpress\/plugins\/seo\/ -->\n<title>Meilleures applications gratuites de nettoyage pour t\u00e9l\u00e9phone Android en 2024. Avantages et inconv\u00e9nients !<\/title>\n<meta name=\"robots\" content=\"index, follow, max-snippet:-1, max-image-preview:large, max-video-preview:-1\" \/>\n<link rel=\"canonical\" href=\"https:\/\/datarecovery.ping.fm\/fr\/best-android-cleaners\/\" \/>\n<meta property=\"og:locale\" content=\"fr_FR\" \/>\n<meta property=\"og:type\" content=\"article\" \/>\n<meta property=\"og:title\" content=\"Meilleures applications gratuites de nettoyage pour t\u00e9l\u00e9phone Android en 2024. Avantages et inconv\u00e9nients !\" \/>\n<meta property=\"og:description\" content=\"Meilleures applications GRATUITES de nettoyage pour t\u00e9l\u00e9phone Android Avec d&rsquo;innombrables applications disponibles pour Android, les smartphones peuvent souvent s&rsquo;encombrer de fichiers inutiles et de processus en arri\u00e8re-plan. C&rsquo;est l\u00e0 que les applications de nettoyage sont utiles, vous aidant \u00e0 lib\u00e9rer de l&rsquo;espace, \u00e0 am\u00e9liorer les performances et \u00e0 prolonger la dur\u00e9e de vie de la [&hellip;]\" \/>\n<meta property=\"og:url\" content=\"https:\/\/datarecovery.ping.fm\/fr\/best-android-cleaners\/\" \/>\n<meta property=\"og:site_name\" content=\"Logiciel de r\u00e9cup\u00e9ration de donn\u00e9es\" \/>\n<meta property=\"article:modified_time\" content=\"2024-04-09T17:16:16+00:00\" \/>\n<meta property=\"og:image\" content=\"https:\/\/datarecovery.ping.fm\/wp-content\/uploads\/2024\/04\/Best-FREE-Android-Phone-Cleaner-Apps-French.jpg\" \/>\n\t<meta property=\"og:image:width\" content=\"1280\" \/>\n\t<meta property=\"og:image:height\" content=\"731\" \/>\n\t<meta property=\"og:image:type\" content=\"image\/jpeg\" \/>\n<meta name=\"twitter:card\" content=\"summary_large_image\" \/>\n<meta name=\"twitter:label1\" content=\"Est. reading time\" \/>\n\t<meta name=\"twitter:data1\" content=\"4 minutes\" \/>\n<script type=\"application\/ld+json\" class=\"yoast-schema-graph\">{\"@context\":\"https:\/\/schema.org\",\"@graph\":[{\"@type\":\"WebPage\",\"@id\":\"https:\/\/datarecovery.ping.fm\/fr\/best-android-cleaners\/\",\"url\":\"https:\/\/datarecovery.ping.fm\/fr\/best-android-cleaners\/\",\"name\":\"Meilleures applications gratuites de nettoyage pour t\u00e9l\u00e9phone Android en 2024. Avantages et inconv\u00e9nients !\",\"isPartOf\":{\"@id\":\"https:\/\/datarecovery.ping.fm\/fr\/#website\"},\"datePublished\":\"2024-01-22T21:14:41+00:00\",\"dateModified\":\"2024-04-09T17:16:16+00:00\",\"breadcrumb\":{\"@id\":\"https:\/\/datarecovery.ping.fm\/fr\/best-android-cleaners\/#breadcrumb\"},\"inLanguage\":\"fr-FR\",\"potentialAction\":[{\"@type\":\"ReadAction\",\"target\":[\"https:\/\/datarecovery.ping.fm\/fr\/best-android-cleaners\/\"]}]},{\"@type\":\"BreadcrumbList\",\"@id\":\"https:\/\/datarecovery.ping.fm\/fr\/best-android-cleaners\/#breadcrumb\",\"itemListElement\":[{\"@type\":\"ListItem\",\"position\":1,\"name\":\"Home\",\"item\":\"https:\/\/datarecovery.ping.fm\/fr\/\"},{\"@type\":\"ListItem\",\"position\":2,\"name\":\"Meilleures applications gratuites de nettoyage pour t\u00e9l\u00e9phone Android\"}]},{\"@type\":\"WebSite\",\"@id\":\"https:\/\/datarecovery.ping.fm\/fr\/#website\",\"url\":\"https:\/\/datarecovery.ping.fm\/fr\/\",\"name\":\"Logiciel de r\u00e9cup\u00e9ration de donn\u00e9es\",\"description\":\"\",\"potentialAction\":[{\"@type\":\"SearchAction\",\"target\":{\"@type\":\"EntryPoint\",\"urlTemplate\":\"https:\/\/datarecovery.ping.fm\/fr\/?s={search_term_string}\"},\"query-input\":\"required name=search_term_string\"}],\"inLanguage\":\"fr-FR\"}]}<\/script>\n<!-- \/ Yoast SEO plugin. -->","yoast_head_json":{"title":"Meilleures applications gratuites de nettoyage pour t\u00e9l\u00e9phone Android en 2024. Avantages et inconv\u00e9nients !","robots":{"index":"index","follow":"follow","max-snippet":"max-snippet:-1","max-image-preview":"max-image-preview:large","max-video-preview":"max-video-preview:-1"},"canonical":"https:\/\/datarecovery.ping.fm\/fr\/best-android-cleaners\/","og_locale":"fr_FR","og_type":"article","og_title":"Meilleures applications gratuites de nettoyage pour t\u00e9l\u00e9phone Android en 2024. Avantages et inconv\u00e9nients !","og_description":"Meilleures applications GRATUITES de nettoyage pour t\u00e9l\u00e9phone Android Avec d&rsquo;innombrables applications disponibles pour Android, les smartphones peuvent souvent s&rsquo;encombrer de fichiers inutiles et de processus en arri\u00e8re-plan. C&rsquo;est l\u00e0 que les applications de nettoyage sont utiles, vous aidant \u00e0 lib\u00e9rer de l&rsquo;espace, \u00e0 am\u00e9liorer les performances et \u00e0 prolonger la dur\u00e9e de vie de la [&hellip;]","og_url":"https:\/\/datarecovery.ping.fm\/fr\/best-android-cleaners\/","og_site_name":"Logiciel de r\u00e9cup\u00e9ration de donn\u00e9es","article_modified_time":"2024-04-09T17:16:16+00:00","og_image":[{"width":1280,"height":731,"url":"https:\/\/datarecovery.ping.fm\/wp-content\/uploads\/2024\/04\/Best-FREE-Android-Phone-Cleaner-Apps-French.jpg","type":"image\/jpeg"}],"twitter_card":"summary_large_image","twitter_misc":{"Est. reading time":"4 minutes"},"schema":{"@context":"https:\/\/schema.org","@graph":[{"@type":"WebPage","@id":"https:\/\/datarecovery.ping.fm\/fr\/best-android-cleaners\/","url":"https:\/\/datarecovery.ping.fm\/fr\/best-android-cleaners\/","name":"Meilleures applications gratuites de nettoyage pour t\u00e9l\u00e9phone Android en 2024. Avantages et inconv\u00e9nients !","isPartOf":{"@id":"https:\/\/datarecovery.ping.fm\/fr\/#website"},"datePublished":"2024-01-22T21:14:41+00:00","dateModified":"2024-04-09T17:16:16+00:00","breadcrumb":{"@id":"https:\/\/datarecovery.ping.fm\/fr\/best-android-cleaners\/#breadcrumb"},"inLanguage":"fr-FR","potentialAction":[{"@type":"ReadAction","target":["https:\/\/datarecovery.ping.fm\/fr\/best-android-cleaners\/"]}]},{"@type":"BreadcrumbList","@id":"https:\/\/datarecovery.ping.fm\/fr\/best-android-cleaners\/#breadcrumb","itemListElement":[{"@type":"ListItem","position":1,"name":"Home","item":"https:\/\/datarecovery.ping.fm\/fr\/"},{"@type":"ListItem","position":2,"name":"Meilleures applications gratuites de nettoyage pour t\u00e9l\u00e9phone Android"}]},{"@type":"WebSite","@id":"https:\/\/datarecovery.ping.fm\/fr\/#website","url":"https:\/\/datarecovery.ping.fm\/fr\/","name":"Logiciel de r\u00e9cup\u00e9ration de donn\u00e9es","description":"","potentialAction":[{"@type":"SearchAction","target":{"@type":"EntryPoint","urlTemplate":"https:\/\/datarecovery.ping.fm\/fr\/?s={search_term_string}"},"query-input":"required name=search_term_string"}],"inLanguage":"fr-FR"}]}},"_links":{"self":[{"href":"https:\/\/datarecovery.ping.fm\/fr\/wp-json\/wp\/v2\/pages\/39470"}],"collection":[{"href":"https:\/\/datarecovery.ping.fm\/fr\/wp-json\/wp\/v2\/pages"}],"about":[{"href":"https:\/\/datarecovery.ping.fm\/fr\/wp-json\/wp\/v2\/types\/page"}],"replies":[{"embeddable":true,"href":"https:\/\/datarecovery.ping.fm\/fr\/wp-json\/wp\/v2\/comments?post=39470"}],"version-history":[{"count":0,"href":"https:\/\/datarecovery.ping.fm\/fr\/wp-json\/wp\/v2\/pages\/39470\/revisions"}],"wp:featuredmedia":[{"embeddable":true,"href":"https:\/\/datarecovery.ping.fm\/fr\/wp-json\/wp\/v2\/media\/39471"}],"wp:attachment":[{"href":"https:\/\/datarecovery.ping.fm\/fr\/wp-json\/wp\/v2\/media?parent=39470"}],"curies":[{"name":"wp","href":"https:\/\/api.w.org\/{rel}","templated":true}]}}