{"id":39041,"date":"2024-01-23T07:50:14","date_gmt":"2024-01-23T07:50:14","guid":{"rendered":"https:\/\/www.ping.fm\/data-recovery-software\/retrieve-deleted-text-messages-iphone\/"},"modified":"2024-04-09T14:13:39","modified_gmt":"2024-04-09T14:13:39","slug":"retrieve-deleted-text-messages-iphone","status":"publish","type":"page","link":"https:\/\/datarecovery.ping.fm\/fr\/retrieve-deleted-text-messages-iphone\/","title":{"rendered":"Comment r\u00e9cup\u00e9rer des messages SMS supprim\u00e9s sur un appareil iPhone"},"content":{"rendered":"<section>\n<h1>Comment r\u00e9cup\u00e9rer des messages texte supprim\u00e9s sur un iPhone<\/h1>\n<div class=\"inbrief\">\n<div>                           <img decoding=\"async\" class=\"lazyload\"  srcset=\"data:image\/png;base64,iVBORw0KGgoAAAANSUhEUgAABLAAAAKkAQMAAAAqeFQ7AAAAA3NCSVQICAjb4U\/gAAAABlBMVEX\/\/\/\/\/\/\/9VfPVsAAAAAnRSTlMA\/1uRIrUAAAAJcEhZcwAACxIAAAsSAdLdfvwAAAAcdEVYdFNvZnR3YXJlAEFkb2JlIEZpcmV3b3JrcyBDUzbovLKMAAAAFnRFWHRDcmVhdGlvbiBUaW1lADAxLzI5LzE536V52wAAAHpJREFUeJztwQENAAAAwqD3T20ON6AAAAAAAAAAAAAAAAAAAAAAAAAAAAAAAAAAAAAAAAAAAAAAAAAAAAAAAAAAAAAAAAAAAAAAAAAAAAAAAAAAAAAAAAAAAAAAAAAAAAAAAAAAAAAAAAAAAAAAAAAAAAAAAAAAAIAHA47LAAHp9LjEAAAAAElFTkSuQmCC\" src=\"https:\/\/www.ping.fm\/data-recovery-software\/wp-content\/uploads\/ai\/How-to-Retrieve-Deleted-Text-Messages-from-an-iPhone-French.jpg\" data-srcset=\"https:\/\/www.ping.fm\/data-recovery-software\/wp-content\/uploads\/ai\/How-to-Retrieve-Deleted-Text-Messages-from-an-iPhone-French.jpg\" data-lazy-type=\"image\" data-original=\"https:\/\/www.ping.fm\/data-recovery-software\/wp-content\/uploads\/ai\/How-to-Retrieve-Deleted-Text-Messages-from-an-iPhone-French.jpg\" alt=\"Comment r\u00e9cup\u00e9rer des messages texte supprim\u00e9s sur un iPhone\" title=\"Comment r\u00e9cup\u00e9rer des messages texte supprim\u00e9s sur un iPhone\" width=\"1280\" height=\"720\">                           <\/p>\n<p>Avez-vous d\u00e9j\u00e0 supprim\u00e9 accidentellement un message texte important de votre iPhone et souhait\u00e9 pouvoir le r\u00e9cup\u00e9rer ? C&rsquo;est une situation qui peut causer pas mal de stress, surtout si le message contenait des informations pr\u00e9cieuses. Heureusement, il existe plusieurs m\u00e9thodes pour essayer de <b>r\u00e9cup\u00e9rer<\/b> ces messages perdus. Que vous utilisiez un iPhone 14, un mod\u00e8le plus ancien ou la derni\u00e8re mise \u00e0 jour d&rsquo;iOS, la r\u00e9cup\u00e9ration des messages texte supprim\u00e9s peut \u00eatre un processus simple&#8212;si vous agissez rapidement et suivez les bonnes \u00e9tapes. Dans cet article, je partagerai mon exp\u00e9rience personnelle et vous guiderai \u00e0 travers diff\u00e9rentes m\u00e9thodes pour <b>r\u00e9cup\u00e9rer des messages texte supprim\u00e9s<\/b> d&rsquo;un iPhone et vous aider \u00e0 \u00eatre pr\u00e9par\u00e9 pour un tel \u00e9v\u00e9nement.<\/p>\n<\/div>\n<\/div>\n<\/section>\n<section>\n<div>\n<div>1<\/div>\n<h2>Sc\u00e9narios courants :<\/h2>\n<\/div>\n<h3>Glissement accidentel &#128561;<\/h3>\n<ul>\n<li><b>Appuyez-et-maintenez<\/b> qui tourne mal : Parfois, en essayant de copier ou de transf\u00e9rer un message, une tape mal plac\u00e9e peut conduire \u00e0 une suppression non intentionnelle.<\/li>\n<li>Nettoyage trop z\u00e9l\u00e9 : Dans la qu\u00eate de d\u00e9sencombrement, vous avez pu supprimer des conversations contenant des messages que vous ne vouliez pas perdre.<\/li>\n<li>Des enfants sur votre t\u00e9l\u00e9phone : Si vous avez d\u00e9j\u00e0 confi\u00e9 votre t\u00e9l\u00e9phone \u00e0 un enfant pour le divertir, vous avez s\u00fbrement exp\u00e9riment\u00e9 la surprise de voir des applications ou, dans ce cas, <b>des messages texte supprim\u00e9s<\/b>.<\/li>\n<\/ul>\n<h3>Surchage de mise \u00e0 jour &#128260;<\/h3>\n<ul>\n<li>Anomalies logicielles : Apr\u00e8s une mise \u00e0 jour, certains utilisateurs signalent des donn\u00e9es manquantes, y compris <b>des messages texte<\/b>, en raison de potentielles <b>erreurs<\/b> du syst\u00e8me.<\/li>\n<li>\u00c9checs de mise \u00e0 jour d&rsquo;iOS <b><\/b> : Parfois, une mise \u00e0 jour ne se d\u00e9roule pas comme pr\u00e9vu, r\u00e9sultant en une perte de donn\u00e9es pendant le processus.<\/li>\n<li>Restaurations erron\u00e9es : Restaurer votre iPhone \u00e0 partir d&rsquo;une ancienne sauvegarde peut entra\u00eener le remplacement des messages actuels par des anciens.<\/li>\n<\/ul>\n<h3>Probl\u00e8mes techniques &#128736;<\/h3>\n<ul>\n<li>Dysfonctionnement de l&rsquo;iPhone : Des plantages soudains ou des probl\u00e8mes mat\u00e9riels peuvent conduire \u00e0 une perte de donn\u00e9es inattendue, y compris vos <b>messages<\/b>.<\/li>\n<li>Tentatives de jailbreak rat\u00e9es : Bien que le jailbreak puisse offrir plus de contr\u00f4le sur votre appareil, il comporte le risque de perdre des donn\u00e9es s&rsquo;il est mal fait.<\/li>\n<li>Dommages caus\u00e9s par l&rsquo;eau : Les iPhones sont connus pour leur r\u00e9sistance \u00e0 l&rsquo;eau, mais les accidents arrivent, et les d\u00e9g\u00e2ts des liquides peuvent \u00eatre une cause de <b>messages texte perdus<\/b>.<\/li>\n<\/ul>\n<\/section>\n<section class=\"stepByStep\">\n<div>\n<div>2<\/div>\n<h2>Guide \u00e9tape par \u00e9tape. R\u00e9cup\u00e9rer des messages texte supprim\u00e9s sur un iPhone :<\/h2>\n<\/div>\n<h3>M\u00e9thode 1 : R\u00e9cup\u00e9ration iCloud &#128242;<\/h3>\n<ul>\n<li>Sur votre iPhone, allez dans <strong><i>Param\u00e8tres<\/i><\/strong> > tapez sur votre <b>banni\u00e8re d&rsquo;identifiant Apple<\/b> en haut > s\u00e9lectionnez <i><b>iCloud<\/b><\/i> > G\u00e9rer le stockage > <b>Sauvegardes<\/b>.<\/li>\n<li>V\u00e9rifiez s&rsquo;il y a une sauvegarde qui pr\u00e9c\u00e8de la suppression de vos messages texte.<\/li>\n<li>Si une sauvegarde appropri\u00e9e est disponible, retournez \u00e0 la page principale des param\u00e8tres, tapez <i><b>G\u00e9n\u00e9ral<\/b><\/i> > faites d\u00e9filer vers le bas et s\u00e9lectionnez <b>R\u00e9initialiser<\/b> > puis choisissez <i><b>Effacer tout le contenu et les r\u00e9glages<\/b><\/i> pour r\u00e9initialiser votre iPhone aux param\u00e8tres d&rsquo;usine.<\/li>\n<li>Vous devrez configurer votre iPhone comme s&rsquo;il \u00e9tait neuf. Lorsque vous arrivez \u00e0 l&rsquo;\u00e9cran <b>Applications et donn\u00e9es<\/b>, s\u00e9lectionnez <i><b>Restaurer \u00e0 partir de la sauvegarde iCloud<\/b><\/i>, connectez-vous \u00e0 iCloud et choisissez la sauvegarde qui contient vos <b>messages supprim\u00e9s<\/b>.<\/li>\n<\/ul>\n<p><b>Note :<\/b> Ce processus \u00e9crasera les donn\u00e9es actuellement sur votre appareil avec les donn\u00e9es de la sauvegarde. Assurez-vous d&rsquo;avoir sauvegard\u00e9 toutes les donn\u00e9es r\u00e9centes que vous souhaitez conserver avant de proc\u00e9der.<\/p>\n<p><b>Conclusion :<\/b> Si la sauvegarde contient les messages texte que vous recherchez, ils devraient maintenant \u00eatre restaur\u00e9s sur votre iPhone.<\/p>\n<h3>M\u00e9thode 2 : R\u00e9cup\u00e9ration iTunes\/Finder &#128187;<\/h3>\n<ul>\n<li>Connectez votre iPhone \u00e0 votre ordinateur et ouvrez <i><b>iTunes<\/b><\/i> (sur Windows ou les anciennes versions de macOS) ou <i><b>Finder<\/b><\/i> (sur macOS Catalina ou plus r\u00e9cent).<\/li>\n<li>S\u00e9lectionnez votre iPhone lorsqu&rsquo;il appara\u00eet dans iTunes ou Finder.<\/li>\n<li>Cliquez sur <i>Restaurer la sauvegarde<\/i> et choisissez la sauvegarde la plus pertinente en fonction de la date et de la taille.<\/li>\n<li>Cliquez sur <b>Restaurer<\/b> et attendez que le processus se termine avant de d\u00e9connecter votre t\u00e9l\u00e9phone.<\/li>\n<\/ul>\n<p><b>Note :<\/b> La restauration \u00e0 partir d&rsquo;iTunes ou de Finder \u00e9crasera les donn\u00e9es existantes sur votre iPhone, alors assurez-vous de sauvegarder toutes les donn\u00e9es r\u00e9centes dont vous avez besoin.<\/p>\n<p><b>Conclusion :<\/b> Cette m\u00e9thode ram\u00e8ne l&rsquo;int\u00e9gralit\u00e9 du contenu de la sauvegarde s\u00e9lectionn\u00e9e, y compris les <b>messages texte supprim\u00e9s<\/b>, s&rsquo;ils faisaient partie de la sauvegarde.<\/p>\n<h3>M\u00e9thode 3 : Utilisation de logiciels tiers &#128190;<\/h3>\n<ul>\n<li>T\u00e9l\u00e9chargez et installez une application logicielle tierce r\u00e9put\u00e9e comme <i><b>PhoneRescue<\/b><\/i> ou <i><b>Disk Drill<\/b><\/i>.<\/li>\n<li>Connectez votre iPhone \u00e0 votre ordinateur et lancez le logiciel.<\/li>\n<li>S\u00e9lectionnez l&rsquo;option pour <b>R\u00e9cup\u00e9rer \u00e0 partir de l&rsquo;appareil iOS<\/b> et laissez le logiciel analyser votre iPhone.<\/li>\n<li>Apr\u00e8s que l&rsquo;analyse soit termin\u00e9e, passez en revue les donn\u00e9es r\u00e9cup\u00e9r\u00e9es pour vos <b>messages texte supprim\u00e9s<\/b> et s\u00e9lectionnez-les pour la r\u00e9cup\u00e9ration.<\/li>\n<li>Choisissez de r\u00e9cup\u00e9rer les messages sur votre iPhone ou sur votre ordinateur, selon les options du logiciel.<\/li>\n<\/ul>\n<p><b>Note :<\/b> Les outils de r\u00e9cup\u00e9ration tiers ne sont pas toujours couronn\u00e9s de succ\u00e8s, en particulier si les donn\u00e9es ont \u00e9t\u00e9 \u00e9cras\u00e9es. Ils peuvent \u00e9galement co\u00fbter cher.<\/p>\n<p><b>Conclusion :<\/b> L&rsquo;utilisation d&rsquo;un logiciel de r\u00e9cup\u00e9ration tiers offre une solution potentielle qui ne n\u00e9cessite pas de sauvegarde pr\u00e9alable mais aucune garantie de succ\u00e8s n&rsquo;est assur\u00e9e.<\/p>\n<h3>M\u00e9thode 4 : Contactez votre op\u00e9rateur &#128222;<\/h3>\n<ul>\n<li>Contactez votre op\u00e9rateur mobile pour savoir s&rsquo;ils conservent une copie de vos messages texte.<\/li>\n<li>Si disponible, suivez leur processus pour demander l&rsquo;acc\u00e8s. Cela peut impliquer de vous connecter \u00e0 votre portail de <i><b>compte en ligne<\/b><\/i> ou de soumettre une demande formelle.<\/li>\n<\/ul>\n<p><b>Note :<\/b> La plupart des op\u00e9rateurs ne conservent pas le contenu des messages texte et stockent g\u00e9n\u00e9ralement les m\u00e9tadonn\u00e9es telles que la date, l&rsquo;heure et les num\u00e9ros de t\u00e9l\u00e9phone des destinataires.<\/p>\n<p><b>Conclusion :<\/b> Bien que ce soit peu probable, v\u00e9rifier aupr\u00e8s de votre op\u00e9rateur pourrait fournir un moyen de r\u00e9cup\u00e9rer vos <b>messages supprim\u00e9s<\/b>, principalement s&rsquo;ils concernent des affaires l\u00e9gales ou commerciales.<\/p>\n<h3>M\u00e9thode 5 : V\u00e9rifiez sur d&rsquo;autres appareils &#128421;<\/h3>\n<ul>\n<li>Si vous avez d&rsquo;autres appareils Apple connect\u00e9s avec le m\u00eame <i><b>compte iCloud<\/b><\/i>, ouvrez l&rsquo;application Messages sur ces appareils pour voir si les <b>messages supprim\u00e9s<\/b> y sont toujours.<\/li>\n<li>Si trouv\u00e9s, vous pouvez envoyer le texte par email ou prendre des captures d&rsquo;\u00e9cran comme moyen de <b>pr\u00e9server<\/b> les informations.<\/li>\n<\/ul>\n<p><b>Note :<\/b> Cette m\u00e9thode ne fonctionne que si les messages n&rsquo;ont pas \u00e9t\u00e9 supprim\u00e9s des autres appareils et que vos messages sont configur\u00e9s pour se synchroniser sur vos appareils.<\/p>\n<p><b>Conclusion :<\/b> Cette m\u00e9thode simple pourrait sauver vos messages supprim\u00e9s s&rsquo;ils sont encore pr\u00e9sents sur d&rsquo;autres appareils dans l&rsquo;\u00e9cosyst\u00e8me Apple.<\/p>\n<\/section>\n<section>\n<div>\n<div>3<\/div>\n<h2>Vid\u00e9o Youtube \u00e0 regarder<\/h2>\n<\/div>\n<div class=\"iframe\"><span class=\"lazyload\" data-original_content=\"PGlmcmFtZSB3aWR0aD0iNDIwIiBoZWlnaHQ9IjMxNSIgc3JjPSIvL3d3dy55b3V0dWJlLmNvbS9lbWJlZC84WF80bHdPMUZjMCIgZnJhbWVib3JkZXI9IjAiIGFsbG93ZnVsbHNjcmVlbj48L2lmcmFtZT4=\"><\/span><\/div>\n<\/section>\n<p>&#13;                          <\/p>\n<section>\n<div>\n<div>4<\/div>\n<h2>Pr\u00e9cautions et conseils :<\/h2>\n<\/div>\n<h3>Prot\u00e9ger vos donn\u00e9es &#128737;<\/h3>\n<ul>\n<li>Sauvegardez r\u00e9guli\u00e8rement votre iPhone sur <b>iCloud<\/b> ou votre ordinateur pour pr\u00e9server vos messages et autres donn\u00e9es.<\/li>\n<li>Activez la fonctionnalit\u00e9 de synchronisation <b>iMessage<\/b> sur vos appareils Apple pour garder tous les messages \u00e0 jour et accessibles depuis plusieurs appareils.<\/li>\n<li>Examinez vos habitudes de messagerie et enregistrez ou archivez r\u00e9guli\u00e8rement des informations importantes en dehors de vos messages texte.<\/li>\n<\/ul>\n<h3>Mesures de cybers\u00e9curit\u00e9 &#128274;<\/h3>\n<ul>\n<li>Restez prudent lorsque vous utilisez des outils de r\u00e9cup\u00e9ration tiers. Choisissez toujours un logiciel avec une bonne r\u00e9putation et lisez les avis d&rsquo;autres utilisateurs.<\/li>\n<li>Envisagez d&rsquo;utiliser des applications de messagerie chiffr\u00e9es de bout en bout pour les communications sensibles afin de garantir une meilleure s\u00e9curit\u00e9 et confidentialit\u00e9.<\/li>\n<li>Maintenez le syst\u00e8me d&rsquo;exploitation de votre iPhone \u00e0 jour pour vous prot\u00e9ger contre les vuln\u00e9rabilit\u00e9s susceptibles d&rsquo;entra\u00eener une perte de donn\u00e9es.<\/li>\n<\/ul>\n<\/section>\n<p>&#13;                          <\/p>\n<section>\n<div>\n<div>5<\/div>\n<h2>R\u00e9cup\u00e9ration de messages<\/h2>\n<\/div>\n<p>\u00c0 l&rsquo;\u00e8re num\u00e9rique, nos messages texte contiennent souvent un tr\u00e9sor de communications essentielles, de souvenirs personnels, et parfois de preuves critiques pour des questions juridiques. Perdre ces messages peut \u00eatre troublant, mais tout espoir n&rsquo;est pas perdu. Outre les m\u00e9thodes pr\u00e9c\u00e9demment mentionn\u00e9es, il est utile de garder \u00e0 l&rsquo;esprit d&rsquo;autres mesures et outils qui peuvent aider \u00e0 la r\u00e9cup\u00e9ration des donn\u00e9es. Par exemple, v\u00e9rifier l&rsquo;existence de <b>conversations<\/b> dans les comptes de courrier \u00e9lectronique o\u00f9 vous pourriez avoir transf\u00e9r\u00e9 des textes importants ou utiliser des options de stockage en nuage telles que <i><b>Dropbox<\/b><\/i> ou <i><b>Google Drive<\/b><\/i>, o\u00f9 vous avez peut-\u00eatre sauvegard\u00e9 des copies de vos donn\u00e9es.<\/p>\n<p>Vous vous demandez peut-\u00eatre quelles sont les chances de r\u00e9cup\u00e9rer avec succ\u00e8s des messages textes supprim\u00e9s. Les chances sont meilleures si la suppression a eu lieu r\u00e9cemment et que vous n&rsquo;avez pas beaucoup utilis\u00e9 votre iPhone depuis lors. C&rsquo;est parce qu&rsquo;\u00e0 mesure que vous utilisez votre t\u00e9l\u00e9phone, de nouvelles donn\u00e9es \u00e9crivent constamment sur les anciennes, rendant potentiellement les messages supprim\u00e9s irr\u00e9cup\u00e9rables. L&rsquo;essentiel est d&rsquo;agir rapidement lorsque vous remarquez qu&rsquo;un message manque.<\/p>\n<p>Soyez proactif concernant vos donn\u00e9es.<\/p>\n<\/section>\n<section>\n<h2>Conclusion :<\/h2>\n<div class=\"nonp\">\n<p>En conclusion, supprimer accidentellement des messages textes de votre iPhone ne signifie pas qu&rsquo;ils sont perdus pour toujours. En suivant les bonnes proc\u00e9dures et en utilisant les m\u00e9thodes d\u00e9crites ci-dessus, vous pouvez souvent <b>r\u00e9cup\u00e9rer les messages textes<\/b> que vous pensiez perdus. Toutefois, l&rsquo;\u00e9tape la plus cruciale vers la r\u00e9cup\u00e9ration de donn\u00e9es est la pr\u00e9paration : sauvegarder r\u00e9guli\u00e8rement votre iPhone et comprendre les processus de r\u00e9cup\u00e9ration avant d&rsquo;en avoir besoin. Et rappelez-vous, en cas de doute, consultez un professionnel ou explorez ce que votre op\u00e9rateur mobile pourrait proposer. Les messages perdus ne sont peut-\u00eatre qu&rsquo;un petit contretemps dans votre vie num\u00e9rique, et non un point final.<\/p>\n<\/div>\n<\/section>\n","protected":false},"excerpt":{"rendered":"<p>Comment r\u00e9cup\u00e9rer des messages texte supprim\u00e9s sur un iPhone Avez-vous d\u00e9j\u00e0 supprim\u00e9 accidentellement un message texte important de votre iPhone et souhait\u00e9 pouvoir le r\u00e9cup\u00e9rer ? C&rsquo;est une situation qui peut causer pas mal de stress, surtout si le message contenait des informations pr\u00e9cieuses. Heureusement, il existe plusieurs m\u00e9thodes pour essayer de r\u00e9cup\u00e9rer ces messages [&hellip;]<\/p>\n","protected":false},"author":0,"featured_media":39042,"parent":0,"menu_order":0,"comment_status":"closed","ping_status":"closed","template":"chromecast.php","meta":{"_stopmodifiedupdate":false,"_modified_date":"","_lmt_disableupdate":"","_lmt_disable":""},"acf":[],"yoast_head":"<!-- This site is optimized with the Yoast SEO plugin v20.9 - https:\/\/yoast.com\/wordpress\/plugins\/seo\/ -->\n<title>Comment r\u00e9cup\u00e9rer des messages texte supprim\u00e9s sur un iPhone [Guide]<\/title>\n<meta name=\"robots\" content=\"index, follow, max-snippet:-1, max-image-preview:large, max-video-preview:-1\" \/>\n<link rel=\"canonical\" href=\"https:\/\/datarecovery.ping.fm\/fr\/retrieve-deleted-text-messages-iphone\/\" \/>\n<meta property=\"og:locale\" content=\"fr_FR\" \/>\n<meta property=\"og:type\" content=\"article\" \/>\n<meta property=\"og:title\" content=\"Comment r\u00e9cup\u00e9rer des messages texte supprim\u00e9s sur un iPhone [Guide]\" \/>\n<meta property=\"og:description\" content=\"Comment r\u00e9cup\u00e9rer des messages texte supprim\u00e9s sur un iPhone Avez-vous d\u00e9j\u00e0 supprim\u00e9 accidentellement un message texte important de votre iPhone et souhait\u00e9 pouvoir le r\u00e9cup\u00e9rer ? C&rsquo;est une situation qui peut causer pas mal de stress, surtout si le message contenait des informations pr\u00e9cieuses. Heureusement, il existe plusieurs m\u00e9thodes pour essayer de r\u00e9cup\u00e9rer ces messages [&hellip;]\" \/>\n<meta property=\"og:url\" content=\"https:\/\/datarecovery.ping.fm\/fr\/retrieve-deleted-text-messages-iphone\/\" \/>\n<meta property=\"og:site_name\" content=\"Logiciel de r\u00e9cup\u00e9ration de donn\u00e9es\" \/>\n<meta property=\"article:modified_time\" content=\"2024-04-09T14:13:39+00:00\" \/>\n<meta property=\"og:image\" content=\"https:\/\/datarecovery.ping.fm\/wp-content\/uploads\/2024\/04\/How-to-Retrieve-Deleted-Text-Messages-from-an-iPhone-French.jpg\" \/>\n\t<meta property=\"og:image:width\" content=\"1280\" \/>\n\t<meta property=\"og:image:height\" content=\"731\" \/>\n\t<meta property=\"og:image:type\" content=\"image\/jpeg\" \/>\n<meta name=\"twitter:card\" content=\"summary_large_image\" \/>\n<meta name=\"twitter:label1\" content=\"Est. reading time\" \/>\n\t<meta name=\"twitter:data1\" content=\"8 minutes\" \/>\n<script type=\"application\/ld+json\" class=\"yoast-schema-graph\">{\"@context\":\"https:\/\/schema.org\",\"@graph\":[{\"@type\":\"WebPage\",\"@id\":\"https:\/\/datarecovery.ping.fm\/fr\/retrieve-deleted-text-messages-iphone\/\",\"url\":\"https:\/\/datarecovery.ping.fm\/fr\/retrieve-deleted-text-messages-iphone\/\",\"name\":\"Comment r\u00e9cup\u00e9rer des messages texte supprim\u00e9s sur un iPhone [Guide]\",\"isPartOf\":{\"@id\":\"https:\/\/datarecovery.ping.fm\/fr\/#website\"},\"datePublished\":\"2024-01-23T07:50:14+00:00\",\"dateModified\":\"2024-04-09T14:13:39+00:00\",\"breadcrumb\":{\"@id\":\"https:\/\/datarecovery.ping.fm\/fr\/retrieve-deleted-text-messages-iphone\/#breadcrumb\"},\"inLanguage\":\"fr-FR\",\"potentialAction\":[{\"@type\":\"ReadAction\",\"target\":[\"https:\/\/datarecovery.ping.fm\/fr\/retrieve-deleted-text-messages-iphone\/\"]}]},{\"@type\":\"BreadcrumbList\",\"@id\":\"https:\/\/datarecovery.ping.fm\/fr\/retrieve-deleted-text-messages-iphone\/#breadcrumb\",\"itemListElement\":[{\"@type\":\"ListItem\",\"position\":1,\"name\":\"Home\",\"item\":\"https:\/\/datarecovery.ping.fm\/fr\/\"},{\"@type\":\"ListItem\",\"position\":2,\"name\":\"Comment r\u00e9cup\u00e9rer des messages SMS supprim\u00e9s sur un appareil iPhone\"}]},{\"@type\":\"WebSite\",\"@id\":\"https:\/\/datarecovery.ping.fm\/fr\/#website\",\"url\":\"https:\/\/datarecovery.ping.fm\/fr\/\",\"name\":\"Logiciel de r\u00e9cup\u00e9ration de donn\u00e9es\",\"description\":\"\",\"potentialAction\":[{\"@type\":\"SearchAction\",\"target\":{\"@type\":\"EntryPoint\",\"urlTemplate\":\"https:\/\/datarecovery.ping.fm\/fr\/?s={search_term_string}\"},\"query-input\":\"required name=search_term_string\"}],\"inLanguage\":\"fr-FR\"}]}<\/script>\n<!-- \/ Yoast SEO plugin. -->","yoast_head_json":{"title":"Comment r\u00e9cup\u00e9rer des messages texte supprim\u00e9s sur un iPhone [Guide]","robots":{"index":"index","follow":"follow","max-snippet":"max-snippet:-1","max-image-preview":"max-image-preview:large","max-video-preview":"max-video-preview:-1"},"canonical":"https:\/\/datarecovery.ping.fm\/fr\/retrieve-deleted-text-messages-iphone\/","og_locale":"fr_FR","og_type":"article","og_title":"Comment r\u00e9cup\u00e9rer des messages texte supprim\u00e9s sur un iPhone [Guide]","og_description":"Comment r\u00e9cup\u00e9rer des messages texte supprim\u00e9s sur un iPhone Avez-vous d\u00e9j\u00e0 supprim\u00e9 accidentellement un message texte important de votre iPhone et souhait\u00e9 pouvoir le r\u00e9cup\u00e9rer ? C&rsquo;est une situation qui peut causer pas mal de stress, surtout si le message contenait des informations pr\u00e9cieuses. Heureusement, il existe plusieurs m\u00e9thodes pour essayer de r\u00e9cup\u00e9rer ces messages [&hellip;]","og_url":"https:\/\/datarecovery.ping.fm\/fr\/retrieve-deleted-text-messages-iphone\/","og_site_name":"Logiciel de r\u00e9cup\u00e9ration de donn\u00e9es","article_modified_time":"2024-04-09T14:13:39+00:00","og_image":[{"width":1280,"height":731,"url":"https:\/\/datarecovery.ping.fm\/wp-content\/uploads\/2024\/04\/How-to-Retrieve-Deleted-Text-Messages-from-an-iPhone-French.jpg","type":"image\/jpeg"}],"twitter_card":"summary_large_image","twitter_misc":{"Est. reading time":"8 minutes"},"schema":{"@context":"https:\/\/schema.org","@graph":[{"@type":"WebPage","@id":"https:\/\/datarecovery.ping.fm\/fr\/retrieve-deleted-text-messages-iphone\/","url":"https:\/\/datarecovery.ping.fm\/fr\/retrieve-deleted-text-messages-iphone\/","name":"Comment r\u00e9cup\u00e9rer des messages texte supprim\u00e9s sur un iPhone [Guide]","isPartOf":{"@id":"https:\/\/datarecovery.ping.fm\/fr\/#website"},"datePublished":"2024-01-23T07:50:14+00:00","dateModified":"2024-04-09T14:13:39+00:00","breadcrumb":{"@id":"https:\/\/datarecovery.ping.fm\/fr\/retrieve-deleted-text-messages-iphone\/#breadcrumb"},"inLanguage":"fr-FR","potentialAction":[{"@type":"ReadAction","target":["https:\/\/datarecovery.ping.fm\/fr\/retrieve-deleted-text-messages-iphone\/"]}]},{"@type":"BreadcrumbList","@id":"https:\/\/datarecovery.ping.fm\/fr\/retrieve-deleted-text-messages-iphone\/#breadcrumb","itemListElement":[{"@type":"ListItem","position":1,"name":"Home","item":"https:\/\/datarecovery.ping.fm\/fr\/"},{"@type":"ListItem","position":2,"name":"Comment r\u00e9cup\u00e9rer des messages SMS supprim\u00e9s sur un appareil iPhone"}]},{"@type":"WebSite","@id":"https:\/\/datarecovery.ping.fm\/fr\/#website","url":"https:\/\/datarecovery.ping.fm\/fr\/","name":"Logiciel de r\u00e9cup\u00e9ration de donn\u00e9es","description":"","potentialAction":[{"@type":"SearchAction","target":{"@type":"EntryPoint","urlTemplate":"https:\/\/datarecovery.ping.fm\/fr\/?s={search_term_string}"},"query-input":"required name=search_term_string"}],"inLanguage":"fr-FR"}]}},"_links":{"self":[{"href":"https:\/\/datarecovery.ping.fm\/fr\/wp-json\/wp\/v2\/pages\/39041"}],"collection":[{"href":"https:\/\/datarecovery.ping.fm\/fr\/wp-json\/wp\/v2\/pages"}],"about":[{"href":"https:\/\/datarecovery.ping.fm\/fr\/wp-json\/wp\/v2\/types\/page"}],"replies":[{"embeddable":true,"href":"https:\/\/datarecovery.ping.fm\/fr\/wp-json\/wp\/v2\/comments?post=39041"}],"version-history":[{"count":0,"href":"https:\/\/datarecovery.ping.fm\/fr\/wp-json\/wp\/v2\/pages\/39041\/revisions"}],"wp:featuredmedia":[{"embeddable":true,"href":"https:\/\/datarecovery.ping.fm\/fr\/wp-json\/wp\/v2\/media\/39042"}],"wp:attachment":[{"href":"https:\/\/datarecovery.ping.fm\/fr\/wp-json\/wp\/v2\/media?parent=39041"}],"curies":[{"name":"wp","href":"https:\/\/api.w.org\/{rel}","templated":true}]}}