{"id":19616,"date":"2024-01-15T20:29:56","date_gmt":"2024-01-15T20:29:56","guid":{"rendered":"https:\/\/www.ping.fm\/data-recovery-software\/best-seagate-file-recovery-software\/"},"modified":"2024-02-29T18:06:52","modified_gmt":"2024-02-29T18:06:52","slug":"best-seagate-file-recovery-software","status":"publish","type":"page","link":"https:\/\/datarecovery.ping.fm\/fr\/best-seagate-file-recovery-software\/","title":{"rendered":"Top 5 des meilleurs logiciels de r\u00e9cup\u00e9ration de fichiers Seagate"},"content":{"rendered":"<section>\n<h1>Top 5 des meilleurs logiciels de r\u00e9cup\u00e9ration de fichiers Seagate<\/h1>\n<div class=\"inbrief\">\n<div>             <img src=\"https:\/\/www.ping.fm\/data-recovery-software\/wp-content\/uploads\/ai\/Top-5-Best-Seagate-File-Recovery-Software-French.jpg\" alt=\"Top 5 des meilleurs logiciels de r\u00e9cup\u00e9ration de fichiers Seagate\" title=\"Top 5 des meilleurs logiciels de r\u00e9cup\u00e9ration de fichiers Seagate\" width=\"1280\" height=\"720\">             <\/p>\n<p>Lorsqu&rsquo;il s&rsquo;agit de prot\u00e9ger nos vies num\u00e9riques, l&rsquo;importance d&rsquo;une solution fiable de r\u00e9cup\u00e9ration de donn\u00e9es ne peut \u00eatre surestim\u00e9e. Ayant moi-m\u00eame rencontr\u00e9 le sc\u00e9nario redout\u00e9 de la perte de donn\u00e9es, je peux attester personnellement de la panique qui s&rsquo;installe lorsque vous r\u00e9alisez que vos pr\u00e9cieux fichiers pourraient \u00eatre d\u00e9finitivement perdus. Mais ne craignez rien, compagnons gardiens de donn\u00e9es ! J&rsquo;ai navigu\u00e9 dans les eaux houleuses de la r\u00e9cup\u00e9ration de fichiers et suis ici pour partager mes observations sur les <b>5 meilleurs outils de r\u00e9cup\u00e9ration de donn\u00e9es<\/b> sp\u00e9cialement con\u00e7us pour les <b>disques Seagate<\/b>, avec une mention sp\u00e9ciale \u00e0 l&rsquo;utilitaire maison <b>Seagate SeaTools<\/b>. Que vous soyez un sp\u00e9cialiste en informatique professionnel ou simplement quelqu&rsquo;un avec un tas de selfies importants, ces outils offrent une bou\u00e9e de sauvetage lorsque votre monde num\u00e9rique semble couler.<\/p>\n<\/div>\n<\/div>\n<\/section>\n<section>\n<div class=\"medal\">\n<div>&#129351;<\/div>\n<\/div>\n<h2><a href='https:\/\/www.cleverfiles.com\/' rel=\"nofollow noopener\" target='_blank'>Disk Drill<\/a><\/h2>\n<p><img src=\"https:\/\/www.ping.fm\/data-recovery-software\/wp-content\/uploads\/ai\/https---www-cleverfiles-com-French.jpg\"><\/p>\n<p>Ayant ressenti la douleur de perdre des fichiers, je peux placer <b>Disk Drill<\/b> en t\u00eate de ma liste en toute confiance. Cet outil se rapproche intimement de vos donn\u00e9es, offrant une interface intuitive qui rend la r\u00e9cup\u00e9ration accessible \u00e0 tous. Il n&rsquo;h\u00e9site pas non plus \u00e0 faire le gros du travail, agissant comme un chevalier num\u00e9rique pour diff\u00e9rents syst\u00e8mes de fichiers et types de fichiers gr\u00e2ce \u00e0 ses algorithmes de balayage robustes.<\/p>\n<p><a href='https:\/\/www.cleverfiles.com\/' rel=\"nofollow noopener\" target='_blank' class='ofWSite'>Site Officiel<\/a><\/p>\n<h3 class='prosTitle'>Avantages<\/h3>\n<ul class='listpc pros'>\n<li>Algorithmes de r\u00e9cup\u00e9ration de fichiers sup\u00e9rieurs<\/li>\n<li>Interface facile \u00e0 utiliser<\/li>\n<\/ul>\n<h3 class='consTitle'>Inconv\u00e9nients<\/h3>\n<ul class='listpc cons'>\n<li>La version gratuite a des capacit\u00e9s de r\u00e9cup\u00e9ration limit\u00e9es<\/li>\n<li>Devient gourmand en ressources lors des analyses approfondies<\/li>\n<\/ul>\n<\/section>\n<section>\n<div class=\"medal\">\n<div>&#129352;<\/div>\n<\/div>\n<h2><a href='https:\/\/www.easeus.com\/datarecoverywizard\/free-data-recovery-software.htm' rel=\"nofollow noopener\" target='_blank'>EaseUS Data Recovery Wizard<\/a><\/h2>\n<p><img src=\"https:\/\/www.ping.fm\/data-recovery-software\/wp-content\/uploads\/ai\/https---www-easeus-com-datarecoverywizard-free-data-recovery-software-htmFrench.jpg\"><\/p>\n<p>Le <b>EaseUS Data Recovery Wizard<\/b> se pr\u00e9sente comme un alli\u00e9 constant dans la lutte sans fin contre la perte de donn\u00e9es. C&rsquo;est un choix privil\u00e9gi\u00e9 pour ceux qui ont besoin d&rsquo;une op\u00e9ration de r\u00e9cup\u00e9ration rapide, avec un processus simple qui couvre de nombreux sc\u00e9narios de pertes.<\/p>\n<p><a href='https:\/\/www.easeus.com\/datarecoverywizard\/free-data-recovery-software.htm' rel=\"nofollow noopener\" target='_blank' class='ofWSite'>Site Officiel<\/a><\/p>\n<h3 class='prosTitle'>Avantages<\/h3>\n<ul class='listpc pros'>\n<li>R\u00e9put\u00e9 et fiable<\/li>\n<li>Simple \u00e0 naviguer pour les d\u00e9butants<\/li>\n<\/ul>\n<h3 class='consTitle'>Inconv\u00e9nients<\/h3>\n<ul class='listpc cons'>\n<li>Capacit\u00e9 de r\u00e9cup\u00e9ration limit\u00e9e dans la version gratuite<\/li>\n<li>Peut \u00eatre lent avec les disques de grande taille<\/li>\n<\/ul>\n<\/section>\n<section>\n<div class=\"medal\">\n<div>&#129353;<\/div>\n<\/div>\n<h2><a href='https:\/\/www.wondershare.com\/data-recovery.html' rel=\"nofollow noopener\" target='_blank'>Wondershare Recoverit<\/a><\/h2>\n<p><img src=\"https:\/\/www.ping.fm\/data-recovery-software\/wp-content\/uploads\/ai\/https---www-wondershare-com-data-recovery-htmlFrench.jpg\"><\/p>\n<p>Le <b>Recoverit<\/b> de Wondershare offre une lueur d&rsquo;espoir lorsque le d\u00e9sespoir des donn\u00e9es semble imminent. Ce joyau frappe fort avec ses solutions de r\u00e9cup\u00e9ration compl\u00e8tes et prend en charge plus de 1000 types de fichiers &#8211; une biblioth\u00e8que impressionnante m\u00eame pour les collectionneurs de fichiers les plus divers.<\/p>\n<p><a href='https:\/\/www.wondershare.com\/data-recovery.html' rel=\"nofollow noopener\" target='_blank' class='ofWSite'>Site Officiel<\/a><\/p>\n<h3 class='prosTitle'>Avantages<\/h3>\n<ul class='listpc pros'>\n<li>Taux de r\u00e9cup\u00e9ration r\u00e9ussi \u00e9lev\u00e9<\/li>\n<li>Prise en charge \u00e9tendue des types de fichiers<\/li>\n<\/ul>\n<h3 class='consTitle'>Inconv\u00e9nients<\/h3>\n<ul class='listpc cons'>\n<li>Peut \u00eatre co\u00fbteux pour les fonctionnalit\u00e9s premium<\/li>\n<li>Certains utilisateurs signalent une courbe d&rsquo;apprentissage raide<\/li>\n<\/ul>\n<\/section>\n<section>\n<div class=\"no-medal\">\n<div>4<\/div>\n<\/div>\n<h2><a href='https:\/\/www.stellarinfo.com\/' rel=\"nofollow noopener\" target='_blank'>Stellar Data Recovery<\/a><\/h2>\n<p><img src=\"https:\/\/www.ping.fm\/data-recovery-software\/wp-content\/uploads\/ai\/https---www-stellarinfo-com-French.jpg\"><\/p>\n<p><b>Stellar Data Recovery<\/b> se d\u00e9marque dans la foule par son approche professionnelle de la r\u00e9cup\u00e9ration de donn\u00e9es. Ne se reposant pas sur ses lauriers, ce logiciel se met constamment \u00e0 jour pour faire face aux nouvelles menaces pour vos donn\u00e9es, en faisant un choix solide pour ceux qui recherchent une protection continue.<\/p>\n<p><a href='https:\/\/www.stellarinfo.com\/' rel=\"nofollow noopener\" target='_blank' class='ofWSite'>Site Officiel<\/a><\/p>\n<h3 class='prosTitle'>Avantages<\/h3>\n<ul class='listpc pros'>\n<li>Une gamme diversifi\u00e9e d&rsquo;options de r\u00e9cup\u00e9ration<\/li>\n<li>Mises \u00e0 jour logicielles continues<\/li>\n<\/ul>\n<h3 class='consTitle'>Inconv\u00e9nients<\/h3>\n<ul class='listpc cons'>\n<li>Point de prix \u00e9lev\u00e9 pour les fonctionnalit\u00e9s avanc\u00e9es<\/li>\n<li>Certains utilisateurs signalent des temps de scan longs<\/li>\n<\/ul>\n<\/section>\n<section>\n<div class=\"no-medal\">\n<div>5<\/div>\n<\/div>\n<h2><a href='https:\/\/www.piriform.com\/recuva' rel=\"nofollow noopener\" target='_blank'>Recuva<\/a><\/h2>\n<p><img src=\"https:\/\/www.ping.fm\/data-recovery-software\/wp-content\/uploads\/ai\/https---www-piriform-com-recuvaFrench.jpg\"><\/p>\n<p><b>Recuva<\/b>, r\u00e9put\u00e9 pour sa simplicit\u00e9 et son efficacit\u00e9, agit tel une paire de lunettes digitales pour aider \u00e0 localiser vos fichiers manquants. C&rsquo;est une bou\u00e9e de sauvetage \u00e9conomique, sp\u00e9cialement pour ceux qui pr\u00e9f\u00e8rent une approche sans fioritures pour ramener des donn\u00e9es de l&rsquo;ab\u00eeme num\u00e9rique.<\/p>\n<p><a href='https:\/\/www.piriform.com\/recuva' rel=\"nofollow noopener\" target='_blank' class='ofWSite'>Site Officiel<\/a><\/p>\n<h3 class='prosTitle'>Avantages<\/h3>\n<ul class='listpc pros'>\n<li>Facile \u00e0 utiliser pour les d\u00e9butants<\/li>\n<li>\u00c9conomique et propose m\u00eame une version gratuite<\/li>\n<\/ul>\n<h3 class='consTitle'>Inconv\u00e9nients<\/h3>\n<ul class='listpc cons'>\n<li>Moins robuste dans la gestion de sc\u00e9narios complexes<\/li>\n<li>L&rsquo;interface peut sembler d\u00e9mod\u00e9e pour certains<\/li>\n<\/ul>\n<\/section>\n<section>\n<div class=\"no-medal\">\n<div>6<\/div>\n<\/div>\n<h2><a href='https:\/\/www.seagate.com\/services-software\/recover\/' rel=\"nofollow noopener\" target='_blank'>Seagate SeaTools<\/a><\/h2>\n<p><img src=\"https:\/\/www.ping.fm\/data-recovery-software\/wp-content\/uploads\/ai\/https---www-seagate-com-services-software-recover-French.jpg\"><\/p>\n<p>N&rsquo;oublions pas le logiciel natif <b>Seagate SeaTools<\/b>, un logiciel sp\u00e9cialis\u00e9 d\u00e9velopp\u00e9 par Seagate lui-m\u00eame. En tant qu&rsquo;outil de diagnostic, il est splendide pour d\u00e9tecter les probl\u00e8mes avant qu&rsquo;ils n&rsquo;escaladent en fichiers disparaissant dans l&rsquo;\u00e9ther num\u00e9rique.<\/p>\n<p><a href='https:\/\/www.seagate.com\/services-software\/recover\/' rel=\"nofollow noopener\" target='_blank' class='ofWSite'>Site Officiel<\/a><\/p>\n<h3 class='prosTitle'>Avantages<\/h3>\n<ul class='listpc pros'>\n<li>Sp\u00e9cifiquement con\u00e7u pour les disques Seagate<\/li>\n<li>Outil de diagnostic gratuit<\/li>\n<\/ul>\n<h3 class='consTitle'>Inconv\u00e9nients<\/h3>\n<ul class='listpc cons'>\n<li>Principalement pour le diagnostic, pas pour une r\u00e9cup\u00e9ration compl\u00e8te<\/li>\n<li>Peut \u00eatre complexe pour les utilisateurs moyens<\/li>\n<\/ul>\n<\/section>\n<section>\n<h2>Conclusion :<\/h2>\n<div class=\"nonp\">\n<p>Se plonger dans le <b>processus de r\u00e9cup\u00e9ration de donn\u00e9es<\/b> nous \u00e9claire sur la danse complexe de r\u00e9cup\u00e9ration de donn\u00e9es apparemment perdues. Saviez-vous que lorsque vous supprimez un fichier, il n&rsquo;est pas imm\u00e9diatement effac\u00e9 mais simplement marqu\u00e9 comme rempla\u00e7able au sein du tableau du disque ? Cela signifie, \u00e0 moins que de nouvelles donn\u00e9es le remplacent, qu&rsquo;il y a espoir de r\u00e9surrection. Pour comprendre la complexit\u00e9 de cela, envisagez de lire sur le <a href='https:\/\/thelocalne.ws\/2023\/01\/29\/how-does-data-recovery-software-work\/' rel=\"dofollow noopener\" target='_blank'>processus de r\u00e9cup\u00e9ration de donn\u00e9es<\/a>, qui discute de la mani\u00e8re dont ces outils pratiques s&rsquo;affairent \u00e0 la r\u00e9cup\u00e9ration de donn\u00e9es.<\/p>\n<p>La magie r\u00e9side dans la capacit\u00e9 du logiciel \u00e0 scanner ces restes, \u00e0 parcourir les structures de fichiers et \u00e0 reconstituer ce que l&rsquo;on pensait irr\u00e9cup\u00e9rable. En exploitant des algorithmes avanc\u00e9s, les outils de r\u00e9cup\u00e9ration accomplissent des prouesses qui semblent s&rsquo;apparenter \u00e0 la n\u00e9cromancie num\u00e9rique. Pour une \u00e9tude plus approfondie, regardez des sites comme <a href='https:\/\/www.techradar.com\/' rel=\"nofollow noopener\" target='_blank'>TechRadar<\/a> ou <a href='https:\/\/www.lifehacker.com\/' rel=\"nofollow noopener\" target='_blank'>Lifehacker<\/a> pour des aper\u00e7us sur la technologie et des tutoriels.<\/p>\n<\/div>\n<\/section>\n","protected":false},"excerpt":{"rendered":"<p>Top 5 des meilleurs logiciels de r\u00e9cup\u00e9ration de fichiers Seagate Lorsqu&rsquo;il s&rsquo;agit de prot\u00e9ger nos vies num\u00e9riques, l&rsquo;importance d&rsquo;une solution fiable de r\u00e9cup\u00e9ration de donn\u00e9es ne peut \u00eatre surestim\u00e9e. Ayant moi-m\u00eame rencontr\u00e9 le sc\u00e9nario redout\u00e9 de la perte de donn\u00e9es, je peux attester personnellement de la panique qui s&rsquo;installe lorsque vous r\u00e9alisez que vos pr\u00e9cieux [&hellip;]<\/p>\n","protected":false},"author":2,"featured_media":36528,"parent":0,"menu_order":0,"comment_status":"closed","ping_status":"closed","template":"chromecast.php","meta":{"_stopmodifiedupdate":false,"_modified_date":"","_lmt_disableupdate":"yes","_lmt_disable":""},"acf":[],"yoast_head":"<!-- This site is optimized with the Yoast SEO plugin v20.9 - https:\/\/yoast.com\/wordpress\/plugins\/seo\/ -->\n<title>Top 5 des meilleurs logiciels de r\u00e9cup\u00e9ration de fichiers Seagate \u00e0 essayer en 2024<\/title>\n<meta name=\"robots\" content=\"index, follow, max-snippet:-1, max-image-preview:large, max-video-preview:-1\" \/>\n<link rel=\"canonical\" href=\"https:\/\/datarecovery.ping.fm\/fr\/best-seagate-file-recovery-software\/\" \/>\n<meta property=\"og:locale\" content=\"fr_FR\" \/>\n<meta property=\"og:type\" content=\"article\" \/>\n<meta property=\"og:title\" content=\"Top 5 des meilleurs logiciels de r\u00e9cup\u00e9ration de fichiers Seagate \u00e0 essayer en 2024\" \/>\n<meta property=\"og:description\" content=\"Top 5 des meilleurs logiciels de r\u00e9cup\u00e9ration de fichiers Seagate Lorsqu&rsquo;il s&rsquo;agit de prot\u00e9ger nos vies num\u00e9riques, l&rsquo;importance d&rsquo;une solution fiable de r\u00e9cup\u00e9ration de donn\u00e9es ne peut \u00eatre surestim\u00e9e. Ayant moi-m\u00eame rencontr\u00e9 le sc\u00e9nario redout\u00e9 de la perte de donn\u00e9es, je peux attester personnellement de la panique qui s&rsquo;installe lorsque vous r\u00e9alisez que vos pr\u00e9cieux [&hellip;]\" \/>\n<meta property=\"og:url\" content=\"https:\/\/datarecovery.ping.fm\/fr\/best-seagate-file-recovery-software\/\" \/>\n<meta property=\"og:site_name\" content=\"Logiciel de r\u00e9cup\u00e9ration de donn\u00e9es\" \/>\n<meta property=\"article:modified_time\" content=\"2024-02-29T18:06:52+00:00\" \/>\n<meta property=\"og:image\" content=\"https:\/\/datarecovery.ping.fm\/wp-content\/uploads\/2024\/03\/Top-5-Best-Seagate-File-Recovery-Software-French.jpg\" \/>\n\t<meta property=\"og:image:width\" content=\"1280\" \/>\n\t<meta property=\"og:image:height\" content=\"731\" \/>\n\t<meta property=\"og:image:type\" content=\"image\/jpeg\" \/>\n<meta name=\"twitter:card\" content=\"summary_large_image\" \/>\n<meta name=\"twitter:label1\" content=\"Est. reading time\" \/>\n\t<meta name=\"twitter:data1\" content=\"4 minutes\" \/>\n<script type=\"application\/ld+json\" class=\"yoast-schema-graph\">{\"@context\":\"https:\/\/schema.org\",\"@graph\":[{\"@type\":\"WebPage\",\"@id\":\"https:\/\/datarecovery.ping.fm\/fr\/best-seagate-file-recovery-software\/\",\"url\":\"https:\/\/datarecovery.ping.fm\/fr\/best-seagate-file-recovery-software\/\",\"name\":\"Top 5 des meilleurs logiciels de r\u00e9cup\u00e9ration de fichiers Seagate \u00e0 essayer en 2024\",\"isPartOf\":{\"@id\":\"https:\/\/datarecovery.ping.fm\/fr\/#website\"},\"datePublished\":\"2024-01-15T20:29:56+00:00\",\"dateModified\":\"2024-02-29T18:06:52+00:00\",\"breadcrumb\":{\"@id\":\"https:\/\/datarecovery.ping.fm\/fr\/best-seagate-file-recovery-software\/#breadcrumb\"},\"inLanguage\":\"fr-FR\",\"potentialAction\":[{\"@type\":\"ReadAction\",\"target\":[\"https:\/\/datarecovery.ping.fm\/fr\/best-seagate-file-recovery-software\/\"]}]},{\"@type\":\"BreadcrumbList\",\"@id\":\"https:\/\/datarecovery.ping.fm\/fr\/best-seagate-file-recovery-software\/#breadcrumb\",\"itemListElement\":[{\"@type\":\"ListItem\",\"position\":1,\"name\":\"Home\",\"item\":\"https:\/\/datarecovery.ping.fm\/fr\/\"},{\"@type\":\"ListItem\",\"position\":2,\"name\":\"Top 5 des meilleurs logiciels de r\u00e9cup\u00e9ration de fichiers Seagate\"}]},{\"@type\":\"WebSite\",\"@id\":\"https:\/\/datarecovery.ping.fm\/fr\/#website\",\"url\":\"https:\/\/datarecovery.ping.fm\/fr\/\",\"name\":\"Logiciel de r\u00e9cup\u00e9ration de donn\u00e9es\",\"description\":\"\",\"potentialAction\":[{\"@type\":\"SearchAction\",\"target\":{\"@type\":\"EntryPoint\",\"urlTemplate\":\"https:\/\/datarecovery.ping.fm\/fr\/?s={search_term_string}\"},\"query-input\":\"required name=search_term_string\"}],\"inLanguage\":\"fr-FR\"}]}<\/script>\n<!-- \/ Yoast SEO plugin. -->","yoast_head_json":{"title":"Top 5 des meilleurs logiciels de r\u00e9cup\u00e9ration de fichiers Seagate \u00e0 essayer en 2024","robots":{"index":"index","follow":"follow","max-snippet":"max-snippet:-1","max-image-preview":"max-image-preview:large","max-video-preview":"max-video-preview:-1"},"canonical":"https:\/\/datarecovery.ping.fm\/fr\/best-seagate-file-recovery-software\/","og_locale":"fr_FR","og_type":"article","og_title":"Top 5 des meilleurs logiciels de r\u00e9cup\u00e9ration de fichiers Seagate \u00e0 essayer en 2024","og_description":"Top 5 des meilleurs logiciels de r\u00e9cup\u00e9ration de fichiers Seagate Lorsqu&rsquo;il s&rsquo;agit de prot\u00e9ger nos vies num\u00e9riques, l&rsquo;importance d&rsquo;une solution fiable de r\u00e9cup\u00e9ration de donn\u00e9es ne peut \u00eatre surestim\u00e9e. Ayant moi-m\u00eame rencontr\u00e9 le sc\u00e9nario redout\u00e9 de la perte de donn\u00e9es, je peux attester personnellement de la panique qui s&rsquo;installe lorsque vous r\u00e9alisez que vos pr\u00e9cieux [&hellip;]","og_url":"https:\/\/datarecovery.ping.fm\/fr\/best-seagate-file-recovery-software\/","og_site_name":"Logiciel de r\u00e9cup\u00e9ration de donn\u00e9es","article_modified_time":"2024-02-29T18:06:52+00:00","og_image":[{"width":1280,"height":731,"url":"https:\/\/datarecovery.ping.fm\/wp-content\/uploads\/2024\/03\/Top-5-Best-Seagate-File-Recovery-Software-French.jpg","type":"image\/jpeg"}],"twitter_card":"summary_large_image","twitter_misc":{"Est. reading time":"4 minutes"},"schema":{"@context":"https:\/\/schema.org","@graph":[{"@type":"WebPage","@id":"https:\/\/datarecovery.ping.fm\/fr\/best-seagate-file-recovery-software\/","url":"https:\/\/datarecovery.ping.fm\/fr\/best-seagate-file-recovery-software\/","name":"Top 5 des meilleurs logiciels de r\u00e9cup\u00e9ration de fichiers Seagate \u00e0 essayer en 2024","isPartOf":{"@id":"https:\/\/datarecovery.ping.fm\/fr\/#website"},"datePublished":"2024-01-15T20:29:56+00:00","dateModified":"2024-02-29T18:06:52+00:00","breadcrumb":{"@id":"https:\/\/datarecovery.ping.fm\/fr\/best-seagate-file-recovery-software\/#breadcrumb"},"inLanguage":"fr-FR","potentialAction":[{"@type":"ReadAction","target":["https:\/\/datarecovery.ping.fm\/fr\/best-seagate-file-recovery-software\/"]}]},{"@type":"BreadcrumbList","@id":"https:\/\/datarecovery.ping.fm\/fr\/best-seagate-file-recovery-software\/#breadcrumb","itemListElement":[{"@type":"ListItem","position":1,"name":"Home","item":"https:\/\/datarecovery.ping.fm\/fr\/"},{"@type":"ListItem","position":2,"name":"Top 5 des meilleurs logiciels de r\u00e9cup\u00e9ration de fichiers Seagate"}]},{"@type":"WebSite","@id":"https:\/\/datarecovery.ping.fm\/fr\/#website","url":"https:\/\/datarecovery.ping.fm\/fr\/","name":"Logiciel de r\u00e9cup\u00e9ration de donn\u00e9es","description":"","potentialAction":[{"@type":"SearchAction","target":{"@type":"EntryPoint","urlTemplate":"https:\/\/datarecovery.ping.fm\/fr\/?s={search_term_string}"},"query-input":"required name=search_term_string"}],"inLanguage":"fr-FR"}]}},"_links":{"self":[{"href":"https:\/\/datarecovery.ping.fm\/fr\/wp-json\/wp\/v2\/pages\/19616"}],"collection":[{"href":"https:\/\/datarecovery.ping.fm\/fr\/wp-json\/wp\/v2\/pages"}],"about":[{"href":"https:\/\/datarecovery.ping.fm\/fr\/wp-json\/wp\/v2\/types\/page"}],"author":[{"embeddable":true,"href":"https:\/\/datarecovery.ping.fm\/fr\/wp-json\/wp\/v2\/users\/2"}],"replies":[{"embeddable":true,"href":"https:\/\/datarecovery.ping.fm\/fr\/wp-json\/wp\/v2\/comments?post=19616"}],"version-history":[{"count":1,"href":"https:\/\/datarecovery.ping.fm\/fr\/wp-json\/wp\/v2\/pages\/19616\/revisions"}],"predecessor-version":[{"id":28708,"href":"https:\/\/datarecovery.ping.fm\/fr\/wp-json\/wp\/v2\/pages\/19616\/revisions\/28708"}],"wp:featuredmedia":[{"embeddable":true,"href":"https:\/\/datarecovery.ping.fm\/fr\/wp-json\/wp\/v2\/media\/36528"}],"wp:attachment":[{"href":"https:\/\/datarecovery.ping.fm\/fr\/wp-json\/wp\/v2\/media?parent=19616"}],"curies":[{"name":"wp","href":"https:\/\/api.w.org\/{rel}","templated":true}]}}