{"id":18913,"date":"2024-01-08T12:01:16","date_gmt":"2024-01-08T12:01:16","guid":{"rendered":"https:\/\/www.ping.fm\/data-recovery-software\/sdhc-data-recovery\/"},"modified":"2024-02-16T08:54:39","modified_gmt":"2024-02-16T08:54:39","slug":"sdhc-data-recovery","status":"publish","type":"page","link":"https:\/\/datarecovery.ping.fm\/fr\/sdhc-data-recovery\/","title":{"rendered":"Comment r\u00e9cup\u00e9rer gratuitement des fichiers supprim\u00e9s d&rsquo;une carte SDHC"},"content":{"rendered":"<section>\n<h1>Comment r\u00e9cup\u00e9rer gratuitement des fichiers supprim\u00e9s d&rsquo;une carte SDHC<\/h1>\n<div class=\"inbrief\">\n<div>             <img decoding=\"async\" class=\"lazyload\"  srcset=\"data:image\/png;base64,iVBORw0KGgoAAAANSUhEUgAABLAAAAKkAQMAAAAqeFQ7AAAAA3NCSVQICAjb4U\/gAAAABlBMVEX\/\/\/\/\/\/\/9VfPVsAAAAAnRSTlMA\/1uRIrUAAAAJcEhZcwAACxIAAAsSAdLdfvwAAAAcdEVYdFNvZnR3YXJlAEFkb2JlIEZpcmV3b3JrcyBDUzbovLKMAAAAFnRFWHRDcmVhdGlvbiBUaW1lADAxLzI5LzE536V52wAAAHpJREFUeJztwQENAAAAwqD3T20ON6AAAAAAAAAAAAAAAAAAAAAAAAAAAAAAAAAAAAAAAAAAAAAAAAAAAAAAAAAAAAAAAAAAAAAAAAAAAAAAAAAAAAAAAAAAAAAAAAAAAAAAAAAAAAAAAAAAAAAAAAAAAAAAAAAAAIAHA47LAAHp9LjEAAAAAElFTkSuQmCC\" src=\"https:\/\/www.ping.fm\/data-recovery-software\/wp-content\/uploads\/ai\/How-to-Recover-Deleted-Files-from-an-SDHC-Card-for-FREE-French.jpg\" data-srcset=\"https:\/\/www.ping.fm\/data-recovery-software\/wp-content\/uploads\/ai\/How-to-Recover-Deleted-Files-from-an-SDHC-Card-for-FREE-French.jpg\" data-lazy-type=\"image\" data-original=\"https:\/\/www.ping.fm\/data-recovery-software\/wp-content\/uploads\/ai\/How-to-Recover-Deleted-Files-from-an-SDHC-Card-for-FREE-French.jpg\" alt=\"Comment r\u00e9cup\u00e9rer gratuitement des fichiers supprim\u00e9s d'une carte SDHC\" title=\"Comment r\u00e9cup\u00e9rer gratuitement des fichiers supprim\u00e9s d'une carte SDHC\" width=\"1280\" height=\"720\">             <\/p>\n<p>Perdre des fichiers pr\u00e9cieux d&rsquo;une carte SDHC peut \u00eatre une exp\u00e9rience stressante, en particulier quand ils contiennent des donn\u00e9es importantes. Heureusement, il existe plusieurs fa\u00e7ons de r\u00e9cup\u00e9rer gratuitement des fichiers supprim\u00e9s d&rsquo;une carte SDHC. La r\u00e9cup\u00e9ration des fichiers supprim\u00e9s implique l&rsquo;utilisation de logiciels sp\u00e9cifiques capables de restaurer les donn\u00e9es en acc\u00e9dant au stockage sous-jacent de la carte, m\u00eame apr\u00e8s la suppression des fichiers. Dans ce guide pratique, nous allons passer en revue diff\u00e9rentes m\u00e9thodes pour r\u00e9cup\u00e9rer vos donn\u00e9es perdues sans d\u00e9penser un centime. De plus, \u00eatre conscient de la <a href=\"https:\/\/gamespec.tech\/how-to-check-health-of-an-sd-card-on-windows-and-mac\/\" rel=\"dofollow external noopener noreferrer\" target=\"_blank\" data-wpel-link=\"external\">sant\u00e9 de votre carte SD<\/a> est crucial, car cela peut affecter le succ\u00e8s de la r\u00e9cup\u00e9ration des donn\u00e9es. Maintenant, explorons les diff\u00e9rents sc\u00e9narios dans lesquels vous pourriez avoir besoin de r\u00e9cup\u00e9rer des fichiers, ainsi que des guides \u00e9tape par \u00e9tape d\u00e9taill\u00e9s pour chaque m\u00e9thode de r\u00e9cup\u00e9ration.<\/p>\n<\/div>\n<\/div>\n<\/section>\n<section>\n<div>\n<div>1<\/div>\n<h2>Sc\u00e9narios courants :<\/h2>\n<\/div>\n<h3>Erreurs de formatage fr\u00e9quentes &#128260;<\/h3>\n<ul>\n<li>S\u00e9lection accidentelle de <b>&lsquo;Formater&rsquo;<\/b> en essayant d&rsquo;\u00e9jecter votre carte SDHC de l&rsquo;ordinateur.<\/li>\n<li>R\u00e9ception d&rsquo;une erreur <b>&lsquo;La carte n&rsquo;est pas format\u00e9e, la formater maintenant ?&rsquo;<\/b> et confirmation par erreur du processus de formatage.<\/li>\n<li>Utilisation de la carte SDHC entre diff\u00e9rents appareils et formatage accidentel en raison d&rsquo;une invitation d&rsquo;un appareil.<\/li>\n<\/ul>\n<h3>Suppressions involontaires &#128465;<\/h3>\n<ul>\n<li>S\u00e9lection accidentelle de l&rsquo;option <b>&lsquo;Tout supprimer&rsquo;<\/b> sur votre appareil photo ou autre appareil.<\/li>\n<li>Suppression de fichiers en parcourant la carte SDHC sur votre ordinateur sans r\u00e9aliser leur importance.<\/li>\n<li>Utilisation de la commande <b>&lsquo;Maj + Suppr&rsquo;<\/b> sur un ordinateur, contournant la corbeille.<\/li>\n<\/ul>\n<h3>Pannes techniques &#9881;<\/h3>\n<ul>\n<li>Corruption de la carte SDHC entra\u00eenant la perte de structure de fichiers et par cons\u00e9quent des fichiers.<\/li>\n<li>Retrait abrupt de la carte SDHC d&rsquo;un appareil ou d&rsquo;un PC, causant une perte de donn\u00e9es.<\/li>\n<li>Probl\u00e8mes avec le partitionnement ou des erreurs de syst\u00e8me de fichiers r\u00e9sultant en des donn\u00e9es inaccessibles.<\/li>\n<\/ul>\n<\/section>\n<section class=\"stepByStep\">\n<div>\n<div>2<\/div>\n<h2>Guide \u00e9tape par \u00e9tape. R\u00e9cup\u00e9ration de carte SDHC :<\/h2>\n<\/div>\n<h3>M\u00e9thode 1 : Utiliser les outils int\u00e9gr\u00e9s de Windows &#128736;<\/h3>\n<ul>\n<li>Ins\u00e9rez la carte SDHC dans votre <b>PC<\/b> \u00e0 l&rsquo;aide d&rsquo;un lecteur de carte.<\/li>\n<li>Ouvrez <b>l&rsquo;Explorateur de fichiers<\/b> et naviguez jusqu&rsquo;\u00e0 <b>&lsquo;Ce PC&rsquo;<\/b>.<\/li>\n<li>Faites un clic droit sur votre carte SDHC et s\u00e9lectionnez <b>&lsquo;Propri\u00e9t\u00e9s&rsquo;<\/b> > <b>&lsquo;Versions pr\u00e9c\u00e9dentes&rsquo;<\/b>.<\/li>\n<li>Si disponible, s\u00e9lectionnez une <b>version pr\u00e9c\u00e9dente<\/b> du dossier o\u00f9 votre fichier \u00e9tait stock\u00e9 et cliquez sur <b>&lsquo;Restaurer&rsquo;<\/b>.<\/li>\n<\/ul>\n<p><b>Remarque :<\/b> Cette m\u00e9thode fonctionne si vous avez <b>la restauration du syst\u00e8me<\/b> activ\u00e9e et que la carte SDHC a \u00e9t\u00e9 incluse dans un point de restauration.<\/p>\n<p><b>Conclusion :<\/b> Bien que efficace pour ceux qui sont pr\u00e9par\u00e9s, cela peut ne pas fonctionner pour tous car tout le monde ne garde pas la restauration du syst\u00e8me active.<\/p>\n<h3>M\u00e9thode 2 : Utiliser un logiciel de r\u00e9cup\u00e9ration &#128421;<\/h3>\n<ul>\n<li>T\u00e9l\u00e9chargez et installez un <b>logiciel de r\u00e9cup\u00e9ration de fichiers<\/b> r\u00e9put\u00e9, tel que <b>Recuva<\/b> depuis le <a href=\"https:\/\/www.ccleaner.com\/recuva\" rel=\"nofollow external noopener noreferrer\" target=\"_blank\" data-wpel-link=\"external\">site officiel<\/a>.<\/li>\n<li>Lancez le programme et s\u00e9lectionnez l&rsquo;option pour <b>r\u00e9cup\u00e9rer les fichiers depuis des cartes m\u00e9moire<\/b>.<\/li>\n<li>Choisissez votre carte SDHC sur le logiciel et lancez le <b>scan<\/b>.<\/li>\n<li>Une fois le scan termin\u00e9, s\u00e9lectionnez les fichiers que vous souhaitez r\u00e9cup\u00e9rer et cliquez sur <b>&lsquo;R\u00e9cup\u00e9rer&rsquo;<\/b>.<\/li>\n<\/ul>\n<p><b>Remarque :<\/b> La version gratuite de la plupart des logiciels de r\u00e9cup\u00e9ration a des limitations sur la taille des fichiers ou le nombre de fichiers r\u00e9cup\u00e9rables.<\/p>\n<p><b>Conclusion :<\/b> C&rsquo;est g\u00e9n\u00e9ralement la m\u00e9thode la plus robuste si aucune sauvegarde n&rsquo;est disponible. Elle est conviviale et fiable en g\u00e9n\u00e9ral.<\/p>\n<h3>M\u00e9thode 3 : R\u00e9cup\u00e9ration via la ligne de commande &#128221;<\/h3>\n<ul>\n<li><b>Connectez<\/b> la carte SDHC \u00e0 votre PC et notez sa lettre de lecteur dans <b>l&rsquo;Explorateur de fichiers<\/b>.<\/li>\n<li>Ouvrez l&rsquo;<b>Invite de commande<\/b> en tant qu&rsquo;administrateur en recherchant <b>&lsquo;cmd&rsquo;<\/b> dans le menu d\u00e9marrer.<\/li>\n<li>Tapez <b>&lsquo;chkdsk X: \/f&rsquo;<\/b> (remplacez X par la lettre de lecteur de votre carte SDHC) et appuyez sur <b>Entr\u00e9e<\/b>.<\/li>\n<li>Apr\u00e8s la fin du processus, v\u00e9rifiez le r\u00e9pertoire de la carte SDHC pour un dossier nouvellement cr\u00e9\u00e9 avec vos fichiers r\u00e9cup\u00e9r\u00e9s.<\/li>\n<\/ul>\n<p><b>Remarque :<\/b> Cette m\u00e9thode peut ne pas toujours fonctionner, surtout si les dommages au syst\u00e8me de fichiers sont importants.<\/p>\n<p><b>Conclusion :<\/b> Un outil gratuit utile pour les corruptions mineures, mais qui pourrait ne pas suffire pour des sc\u00e9narios de perte de donn\u00e9es plus importants.<\/p>\n<h3>M\u00e9thode 4 : Utiliser un logiciel de r\u00e9cup\u00e9ration de photos &#128248;<\/h3>\n<ul>\n<li>T\u00e9l\u00e9chargez un <b>logiciel de r\u00e9cup\u00e9ration de photos<\/b> comme <b>ZAR (Zero Assumption Recovery)<\/b> depuis le <a href=\"https:\/\/www.z-a-recovery.com\/\" rel=\"nofollow external noopener noreferrer\" target=\"_blank\" data-wpel-link=\"external\">site officiel<\/a>.<\/li>\n<li>Installez et <b>ouvrez<\/b> le logiciel, puis s\u00e9lectionnez l&rsquo;option <b>&lsquo;R\u00e9cup\u00e9ration d&rsquo;images (gratuite)&rsquo;<\/b>.<\/li>\n<li>Choisissez votre <b>carte SDHC<\/b> dans la liste et commencez le scan.<\/li>\n<li>S\u00e9lectionnez les images que vous souhaitez r\u00e9cup\u00e9rer une fois le scan termin\u00e9 et enregistrez-les dans un emplacement diff\u00e9rent.<\/li>\n<\/ul>\n<p><b>Remarque :<\/b> Assurez-vous de r\u00e9cup\u00e9rer les fichiers sur votre ordinateur ou un autre support de stockage, et non sur la carte SDHC elle-m\u00eame.<\/p>\n<p><b>Conclusion :<\/b> Cette m\u00e9thode est id\u00e9ale pour r\u00e9cup\u00e9rer des photos et offre parfois des aper\u00e7us avant la r\u00e9cup\u00e9ration.<\/p>\n<h3>M\u00e9thode 5 : Outils de r\u00e9cup\u00e9ration de donn\u00e9es Linux &#128039;<\/h3>\n<ul>\n<li>D\u00e9marrez un <b>CD\/USB live Linux<\/b> sur votre PC, en vous assurant que la carte SDHC est connect\u00e9e.<\/li>\n<li>Utilisez des outils tels que <b>Photorec<\/b> inclus dans la suite <b>TestDisk<\/b>, disponible sur de nombreuses distributions Linux.<\/li>\n<li>Lancez <b>Photorec<\/b> et suivez les instructions \u00e0 l&rsquo;\u00e9cran pour scanner votre carte SDHC et restaurer les fichiers.<\/li>\n<\/ul>\n<p><b>Remarque :<\/b> Photorec fonctionne mieux pour les types de fichiers courants comme les images, vid\u00e9os et documents, mais pourrait ne pas r\u00e9cup\u00e9rer tous les types de fichiers.<\/p>\n<p><b>Conclusion :<\/b> Id\u00e9al pour les utilisateurs \u00e0 l&rsquo;aise avec Linux ; les algorithmes puissants de Photorec peuvent r\u00e9cup\u00e9rer une grande vari\u00e9t\u00e9 de fichiers.<\/p>\n<\/section>\n<section>\n<div>\n<div>3<\/div>\n<h2>Pr\u00e9cautions et conseils :<\/h2>\n<\/div>\n<h3>S\u00e9curisez vos donn\u00e9es ! &#128274;<\/h3>\n<ul>\n<li>\u00c9jectez toujours la carte SDHC en toute s\u00e9curit\u00e9 pour \u00e9viter la corruption des donn\u00e9es.<\/li>\n<li>Maintenez syst\u00e9matiquement des <b>sauvegardes<\/b> de vos donn\u00e9es importantes sur un appareil s\u00e9par\u00e9 ou un service cloud.<\/li>\n<li>Contr\u00f4lez r\u00e9guli\u00e8rement votre carte SDHC pour des erreurs en utilisant des logiciels d\u00e9di\u00e9s ou des outils utilitaires de disque.<\/li>\n<li>Ne pas utiliser la carte SDHC apr\u00e8s une perte de donn\u00e9es pour \u00e9viter d&rsquo;\u00e9craser les fichiers supprim\u00e9s, ce qui peut rendre la r\u00e9cup\u00e9ration impossible.<\/li>\n<\/ul>\n<h3>Pr\u00eats pour la r\u00e9cup\u00e9ration &#128190;<\/h3>\n<ul>\n<li>T\u00e9l\u00e9chargez un logiciel de r\u00e9cup\u00e9ration de donn\u00e9es \u00e0 l&rsquo;avance ; \u00eatre pr\u00e9par\u00e9 est la cl\u00e9 !<\/li>\n<li>Renseignez-vous sur les <b>derni\u00e8res mises \u00e0 jour<\/b> et <b>correctifs<\/b> de votre logiciel de r\u00e9cup\u00e9ration.<\/li>\n<li>Comprenez les <b>syst\u00e8mes de fichiers<\/b> utilis\u00e9s par votre carte SDHC (par exemple, FAT32, exFAT) pour mieux aborder la r\u00e9cup\u00e9ration.<\/li>\n<\/ul>\n<\/section>\n<section>\n<div>\n<div>4<\/div>\n<h2>Entretien de la carte SDHC<\/h2>\n<\/div>\n<p>Prendre soin de votre carte SDHC est crucial pour garantir une longue dur\u00e9e de vie et prot\u00e9ger les donn\u00e9es stock\u00e9es. Assurez-vous de <b>manipuler votre carte SDHC avec pr\u00e9caution<\/b>, en \u00e9vitant les dommages physiques dus aux chutes ou aux environnements difficiles. <b>Utilisez des bo\u00eetiers de rangement appropri\u00e9s<\/b> pour garder les cartes en s\u00e9curit\u00e9 lorsqu&rsquo;elles ne sont pas utilis\u00e9es. De plus, effectuez r\u00e9guli\u00e8rement des <b>v\u00e9rifications d&rsquo;erreurs<\/b> et des <b>d\u00e9fragmentations<\/b> (pour les syst\u00e8mes de fichiers FAT32) afin de maintenir des performances optimales.<\/p>\n<p>En ce qui concerne la r\u00e9cup\u00e9ration de donn\u00e9es, rappelez-vous que <b>le temps est pr\u00e9cieux<\/b>. D\u00e8s que vous constatez que des fichiers manquent, il est pr\u00e9f\u00e9rable de commencer le processus de r\u00e9cup\u00e9ration. L&rsquo;utilisation continue de la carte peut entra\u00eener l&rsquo;\u00e9crasement de nouveaux donn\u00e9es sur l&rsquo;espace o\u00f9 r\u00e9sident les fichiers supprim\u00e9s, les rendant irr\u00e9cup\u00e9rables. Donc, plus vous agissez rapidement, meilleures sont vos chances de r\u00e9cup\u00e9ration compl\u00e8te.<\/p>\n<\/p>\n<\/section>\n<section>\n<h2>Conclusion :<\/h2>\n<div class=\"nonp\">\n<p>En r\u00e9sum\u00e9, la r\u00e9cup\u00e9ration de fichiers supprim\u00e9s sur une carte SDHC gratuitement est possible gr\u00e2ce \u00e0 une vari\u00e9t\u00e9 de m\u00e9thodes, chacune avec ses propres avantages. Des <b>outils int\u00e9gr\u00e9s<\/b> disponibles dans votre syst\u00e8me d&rsquo;exploitation aux <b>logiciels de r\u00e9cup\u00e9ration sp\u00e9cialis\u00e9s<\/b>, vous avez de bonnes chances de retrouver vos pr\u00e9cieuses donn\u00e9es. Il est important d&rsquo;agir rapidement et de manipuler la carte avec pr\u00e9caution pour \u00e9viter une perte de donn\u00e9es suppl\u00e9mentaire.<\/p>\n<p>\u00catre proactif concernant la <b>sant\u00e9 de la carte SDHC<\/b> et l&rsquo;entretien de routine est \u00e9galement une excellente strat\u00e9gie pour \u00e9viter le besoin de r\u00e9cup\u00e9ration en premier lieu. Maintenant que vous \u00eates \u00e9quip\u00e9 des connaissances et des outils pour faire face \u00e0 la perte de donn\u00e9es sur votre carte SDHC, vous pouvez vous sentir plus en s\u00e9curit\u00e9 dans la gestion et la protection de vos fichiers num\u00e9riques.<\/p>\n<\/div>\n<\/section>\n","protected":false},"excerpt":{"rendered":"<p>Comment r\u00e9cup\u00e9rer gratuitement des fichiers supprim\u00e9s d&rsquo;une carte SDHC Perdre des fichiers pr\u00e9cieux d&rsquo;une carte SDHC peut \u00eatre une exp\u00e9rience stressante, en particulier quand ils contiennent des donn\u00e9es importantes. Heureusement, il existe plusieurs fa\u00e7ons de r\u00e9cup\u00e9rer gratuitement des fichiers supprim\u00e9s d&rsquo;une carte SDHC. La r\u00e9cup\u00e9ration des fichiers supprim\u00e9s implique l&rsquo;utilisation de logiciels sp\u00e9cifiques capables de [&hellip;]<\/p>\n","protected":false},"author":2,"featured_media":36471,"parent":0,"menu_order":0,"comment_status":"closed","ping_status":"closed","template":"chromecast.php","meta":{"_stopmodifiedupdate":false,"_modified_date":"","_lmt_disableupdate":"yes","_lmt_disable":""},"acf":[],"yoast_head":"<!-- This site is optimized with the Yoast SEO plugin v20.9 - https:\/\/yoast.com\/wordpress\/plugins\/seo\/ -->\n<title>Comment r\u00e9cup\u00e9rer gratuitement des fichiers supprim\u00e9s d&#039;une carte SDHC (2024)<\/title>\n<meta name=\"robots\" content=\"index, follow, max-snippet:-1, max-image-preview:large, max-video-preview:-1\" \/>\n<link rel=\"canonical\" href=\"https:\/\/datarecovery.ping.fm\/fr\/sdhc-data-recovery\/\" \/>\n<meta property=\"og:locale\" content=\"fr_FR\" \/>\n<meta property=\"og:type\" content=\"article\" \/>\n<meta property=\"og:title\" content=\"Comment r\u00e9cup\u00e9rer gratuitement des fichiers supprim\u00e9s d&#039;une carte SDHC (2024)\" \/>\n<meta property=\"og:description\" content=\"Comment r\u00e9cup\u00e9rer gratuitement des fichiers supprim\u00e9s d&rsquo;une carte SDHC Perdre des fichiers pr\u00e9cieux d&rsquo;une carte SDHC peut \u00eatre une exp\u00e9rience stressante, en particulier quand ils contiennent des donn\u00e9es importantes. Heureusement, il existe plusieurs fa\u00e7ons de r\u00e9cup\u00e9rer gratuitement des fichiers supprim\u00e9s d&rsquo;une carte SDHC. La r\u00e9cup\u00e9ration des fichiers supprim\u00e9s implique l&rsquo;utilisation de logiciels sp\u00e9cifiques capables de [&hellip;]\" \/>\n<meta property=\"og:url\" content=\"https:\/\/datarecovery.ping.fm\/fr\/sdhc-data-recovery\/\" \/>\n<meta property=\"og:site_name\" content=\"Logiciel de r\u00e9cup\u00e9ration de donn\u00e9es\" \/>\n<meta property=\"article:modified_time\" content=\"2024-02-16T08:54:39+00:00\" \/>\n<meta property=\"og:image\" content=\"https:\/\/datarecovery.ping.fm\/wp-content\/uploads\/2024\/03\/How-to-Recover-Deleted-Files-from-an-SDHC-Card-for-FREE-French.jpg\" \/>\n\t<meta property=\"og:image:width\" content=\"1280\" \/>\n\t<meta property=\"og:image:height\" content=\"731\" \/>\n\t<meta property=\"og:image:type\" content=\"image\/jpeg\" \/>\n<meta name=\"twitter:card\" content=\"summary_large_image\" \/>\n<meta name=\"twitter:label1\" content=\"Est. reading time\" \/>\n\t<meta name=\"twitter:data1\" content=\"7 minutes\" \/>\n<script type=\"application\/ld+json\" class=\"yoast-schema-graph\">{\"@context\":\"https:\/\/schema.org\",\"@graph\":[{\"@type\":\"WebPage\",\"@id\":\"https:\/\/datarecovery.ping.fm\/fr\/sdhc-data-recovery\/\",\"url\":\"https:\/\/datarecovery.ping.fm\/fr\/sdhc-data-recovery\/\",\"name\":\"Comment r\u00e9cup\u00e9rer gratuitement des fichiers supprim\u00e9s d'une carte SDHC (2024)\",\"isPartOf\":{\"@id\":\"https:\/\/datarecovery.ping.fm\/fr\/#website\"},\"datePublished\":\"2024-01-08T12:01:16+00:00\",\"dateModified\":\"2024-02-16T08:54:39+00:00\",\"breadcrumb\":{\"@id\":\"https:\/\/datarecovery.ping.fm\/fr\/sdhc-data-recovery\/#breadcrumb\"},\"inLanguage\":\"fr-FR\",\"potentialAction\":[{\"@type\":\"ReadAction\",\"target\":[\"https:\/\/datarecovery.ping.fm\/fr\/sdhc-data-recovery\/\"]}]},{\"@type\":\"BreadcrumbList\",\"@id\":\"https:\/\/datarecovery.ping.fm\/fr\/sdhc-data-recovery\/#breadcrumb\",\"itemListElement\":[{\"@type\":\"ListItem\",\"position\":1,\"name\":\"Home\",\"item\":\"https:\/\/datarecovery.ping.fm\/fr\/\"},{\"@type\":\"ListItem\",\"position\":2,\"name\":\"Comment r\u00e9cup\u00e9rer gratuitement des fichiers supprim\u00e9s d&rsquo;une carte SDHC\"}]},{\"@type\":\"WebSite\",\"@id\":\"https:\/\/datarecovery.ping.fm\/fr\/#website\",\"url\":\"https:\/\/datarecovery.ping.fm\/fr\/\",\"name\":\"Logiciel de r\u00e9cup\u00e9ration de donn\u00e9es\",\"description\":\"\",\"potentialAction\":[{\"@type\":\"SearchAction\",\"target\":{\"@type\":\"EntryPoint\",\"urlTemplate\":\"https:\/\/datarecovery.ping.fm\/fr\/?s={search_term_string}\"},\"query-input\":\"required name=search_term_string\"}],\"inLanguage\":\"fr-FR\"}]}<\/script>\n<!-- \/ Yoast SEO plugin. -->","yoast_head_json":{"title":"Comment r\u00e9cup\u00e9rer gratuitement des fichiers supprim\u00e9s d'une carte SDHC (2024)","robots":{"index":"index","follow":"follow","max-snippet":"max-snippet:-1","max-image-preview":"max-image-preview:large","max-video-preview":"max-video-preview:-1"},"canonical":"https:\/\/datarecovery.ping.fm\/fr\/sdhc-data-recovery\/","og_locale":"fr_FR","og_type":"article","og_title":"Comment r\u00e9cup\u00e9rer gratuitement des fichiers supprim\u00e9s d'une carte SDHC (2024)","og_description":"Comment r\u00e9cup\u00e9rer gratuitement des fichiers supprim\u00e9s d&rsquo;une carte SDHC Perdre des fichiers pr\u00e9cieux d&rsquo;une carte SDHC peut \u00eatre une exp\u00e9rience stressante, en particulier quand ils contiennent des donn\u00e9es importantes. Heureusement, il existe plusieurs fa\u00e7ons de r\u00e9cup\u00e9rer gratuitement des fichiers supprim\u00e9s d&rsquo;une carte SDHC. La r\u00e9cup\u00e9ration des fichiers supprim\u00e9s implique l&rsquo;utilisation de logiciels sp\u00e9cifiques capables de [&hellip;]","og_url":"https:\/\/datarecovery.ping.fm\/fr\/sdhc-data-recovery\/","og_site_name":"Logiciel de r\u00e9cup\u00e9ration de donn\u00e9es","article_modified_time":"2024-02-16T08:54:39+00:00","og_image":[{"width":1280,"height":731,"url":"https:\/\/datarecovery.ping.fm\/wp-content\/uploads\/2024\/03\/How-to-Recover-Deleted-Files-from-an-SDHC-Card-for-FREE-French.jpg","type":"image\/jpeg"}],"twitter_card":"summary_large_image","twitter_misc":{"Est. reading time":"7 minutes"},"schema":{"@context":"https:\/\/schema.org","@graph":[{"@type":"WebPage","@id":"https:\/\/datarecovery.ping.fm\/fr\/sdhc-data-recovery\/","url":"https:\/\/datarecovery.ping.fm\/fr\/sdhc-data-recovery\/","name":"Comment r\u00e9cup\u00e9rer gratuitement des fichiers supprim\u00e9s d'une carte SDHC (2024)","isPartOf":{"@id":"https:\/\/datarecovery.ping.fm\/fr\/#website"},"datePublished":"2024-01-08T12:01:16+00:00","dateModified":"2024-02-16T08:54:39+00:00","breadcrumb":{"@id":"https:\/\/datarecovery.ping.fm\/fr\/sdhc-data-recovery\/#breadcrumb"},"inLanguage":"fr-FR","potentialAction":[{"@type":"ReadAction","target":["https:\/\/datarecovery.ping.fm\/fr\/sdhc-data-recovery\/"]}]},{"@type":"BreadcrumbList","@id":"https:\/\/datarecovery.ping.fm\/fr\/sdhc-data-recovery\/#breadcrumb","itemListElement":[{"@type":"ListItem","position":1,"name":"Home","item":"https:\/\/datarecovery.ping.fm\/fr\/"},{"@type":"ListItem","position":2,"name":"Comment r\u00e9cup\u00e9rer gratuitement des fichiers supprim\u00e9s d&rsquo;une carte SDHC"}]},{"@type":"WebSite","@id":"https:\/\/datarecovery.ping.fm\/fr\/#website","url":"https:\/\/datarecovery.ping.fm\/fr\/","name":"Logiciel de r\u00e9cup\u00e9ration de donn\u00e9es","description":"","potentialAction":[{"@type":"SearchAction","target":{"@type":"EntryPoint","urlTemplate":"https:\/\/datarecovery.ping.fm\/fr\/?s={search_term_string}"},"query-input":"required name=search_term_string"}],"inLanguage":"fr-FR"}]}},"_links":{"self":[{"href":"https:\/\/datarecovery.ping.fm\/fr\/wp-json\/wp\/v2\/pages\/18913"}],"collection":[{"href":"https:\/\/datarecovery.ping.fm\/fr\/wp-json\/wp\/v2\/pages"}],"about":[{"href":"https:\/\/datarecovery.ping.fm\/fr\/wp-json\/wp\/v2\/types\/page"}],"author":[{"embeddable":true,"href":"https:\/\/datarecovery.ping.fm\/fr\/wp-json\/wp\/v2\/users\/2"}],"replies":[{"embeddable":true,"href":"https:\/\/datarecovery.ping.fm\/fr\/wp-json\/wp\/v2\/comments?post=18913"}],"version-history":[{"count":1,"href":"https:\/\/datarecovery.ping.fm\/fr\/wp-json\/wp\/v2\/pages\/18913\/revisions"}],"predecessor-version":[{"id":36470,"href":"https:\/\/datarecovery.ping.fm\/fr\/wp-json\/wp\/v2\/pages\/18913\/revisions\/36470"}],"wp:featuredmedia":[{"embeddable":true,"href":"https:\/\/datarecovery.ping.fm\/fr\/wp-json\/wp\/v2\/media\/36471"}],"wp:attachment":[{"href":"https:\/\/datarecovery.ping.fm\/fr\/wp-json\/wp\/v2\/media?parent=18913"}],"curies":[{"name":"wp","href":"https:\/\/api.w.org\/{rel}","templated":true}]}}