{"id":18663,"date":"2024-01-03T21:14:23","date_gmt":"2024-01-03T21:14:23","guid":{"rendered":"https:\/\/www.ping.fm\/data-recovery-software\/disk-drill\/"},"modified":"2024-02-16T08:54:35","modified_gmt":"2024-02-16T08:54:35","slug":"disk-drill","status":"publish","type":"page","link":"https:\/\/datarecovery.ping.fm\/fr\/disk-drill\/","title":{"rendered":"Comment utiliser l&rsquo;application de r\u00e9cup\u00e9ration de donn\u00e9es Disk Drill et est-elle s\u00fbre ?"},"content":{"rendered":"<section>\n<h1>Comment utiliser l&rsquo;application de r\u00e9cup\u00e9ration de donn\u00e9es Disk Drill et est-elle s\u00fbre ?<\/h1>\n<div class=\"inbrief\">\n<div>             <img src=\"https:\/\/www.ping.fm\/data-recovery-software\/wp-content\/uploads\/ai\/How-to-use-data-recovery-app-Disk-Drill-and-is-it-safe--French.jpg\" alt=\"Comment utiliser l'application de r\u00e9cup\u00e9ration de donn\u00e9es Disk Drill et est-elle s\u00fbre ?\" title=\"Comment utiliser l'application de r\u00e9cup\u00e9ration de donn\u00e9es Disk Drill et est-elle s\u00fbre ?\" width=\"1280\" height=\"720\">             <\/p>\n<p>Quand il s&rsquo;agit de r\u00e9cup\u00e9rer des donn\u00e9es perdues, Disk Drill est un nom bien connu qui a aid\u00e9 de nombreux individus et entreprises \u00e0 r\u00e9cup\u00e9rer des informations pr\u00e9cieuses depuis leurs dispositifs de stockage. Mais comment utilisez-vous Disk Drill, et est-ce un choix s\u00fbr en 2024 ? Plongeons dans le processus et \u00e9valuons la s\u00e9curit\u00e9 de Disk Drill bas\u00e9e sur ma propre exp\u00e9rience et les pratiques de r\u00e9cup\u00e9ration de donn\u00e9es couramment accept\u00e9es.<\/p>\n<\/div>\n<\/div>\n<\/section>\n<section>\n<div>\n<div>1<\/div>\n<h2>Sc\u00e9narios fr\u00e9quents :<\/h2>\n<\/div>\n<h3>Suppression accidentelle de fichier &#128465;<\/h3>\n<ul>\n<li>J&rsquo;ai accidentellement supprim\u00e9 des documents de travail importants de mon ordinateur portable et j&rsquo;avais besoin d&rsquo;un <b>outil de r\u00e9cup\u00e9ration de donn\u00e9es fiable<\/b>.<\/li>\n<li>Apr\u00e8s des recherches, j&rsquo;ai d\u00e9couvert que Disk Drill est r\u00e9put\u00e9 pour g\u00e9rer les <b>suppressions accidentelles<\/b> facilement.<\/li>\n<\/ul>\n<h3>Panne de disque dur &#128189;<\/h3>\n<ul>\n<li>Mon disque dur externe est soudain devenu <b>inaccessible<\/b> et je m&rsquo;inqui\u00e9tais pour la <b>perte de donn\u00e9es<\/b>.<\/li>\n<li>Des experts techniques ont recommand\u00e9 Disk Drill pour sa capacit\u00e9 \u00e0 r\u00e9cup\u00e9rer des fichiers depuis des <b>dispositifs de stockage d\u00e9faillants<\/b>.<\/li>\n<\/ul>\n<h3>Perte de partition &#128721;<\/h3>\n<ul>\n<li>\u00c0 cause d&rsquo;une erreur lors du partitionnement, j&rsquo;ai perdu une partition enti\u00e8re comprenant des <b>donn\u00e9es critiques<\/b>.<\/li>\n<li>En utilisant Disk Drill, j&rsquo;esp\u00e9rais restaurer la partition perdue et ses donn\u00e9es, une t\u00e2che qu&rsquo;il est r\u00e9put\u00e9 g\u00e9rer avec comp\u00e9tence.<\/li>\n<\/ul>\n<\/section>\n<section class=\"stepByStep\">\n<div>\n<div>2<\/div>\n<h2>Guide \u00e9tape par \u00e9tape. Application Disk Drill :<\/h2>\n<\/div>\n<h3>M\u00e9thode 1 : T\u00e9l\u00e9charger et installer Disk Drill &#128229;<\/h3>\n<ul>\n<li>Visitez le <b>site officiel de Disk Drill<\/b> et <b>t\u00e9l\u00e9chargez<\/b> la derni\u00e8re version du logiciel adapt\u00e9e \u00e0 votre syst\u00e8me d&rsquo;exploitation.<\/li>\n<li>Ouvrez l&rsquo;installateur et suivez les <b>instructions \u00e0 l&rsquo;\u00e9cran<\/b> pour compl\u00e9ter le processus d&rsquo;installation.<\/li>\n<li>Apr\u00e8s l&rsquo;installation, lancez Disk Drill pour commencer le processus de r\u00e9cup\u00e9ration.<\/li>\n<\/ul>\n<p><b>Remarque :<\/b> Assurez-vous de t\u00e9l\u00e9charger Disk Drill depuis son <a href='https:\/\/www.cleverfiles.com\/' rel=\"nofollow noopener\" target='_blank'>site officiel<\/a> pour \u00e9viter toute version non s\u00fbre.<\/p>\n<p><b>Conclusion :<\/b> L&rsquo;installation de Disk Drill est simple et ne devrait poser aucun probl\u00e8me.<\/p>\n<h3>M\u00e9thode 2 : S\u00e9lectionner le disque pour la r\u00e9cup\u00e9ration &#128192;<\/h3>\n<ul>\n<li>Ouvrez Disk Drill et vous verrez une liste de lecteurs disponibles. <b>S\u00e9lectionnez le lecteur<\/b> o\u00f9 \u00e9taient situ\u00e9es vos donn\u00e9es perdues.<\/li>\n<li>Cliquez sur le bouton <b>&lsquo;R\u00e9cup\u00e9rer&rsquo;<\/b> \u00e0 c\u00f4t\u00e9 du disque s\u00e9lectionn\u00e9 pour lancer le processus de num\u00e9risation.<\/li>\n<li>Attendez que la num\u00e9risation soit compl\u00e8te ; cela peut prendre du temps en fonction de la taille du disque et des sp\u00e9cifications du syst\u00e8me.<\/li>\n<\/ul>\n<p><b>Remarque :<\/b> N&rsquo;enregistrez pas de nouvelles donn\u00e9es sur le lecteur en question car cela pourrait \u00e9craser les fichiers perdus.<\/p>\n<p><b>Conclusion :<\/b> S\u00e9lectionner le bon lecteur est crucial pour une r\u00e9cup\u00e9ration de donn\u00e9es r\u00e9ussie.<\/p>\n<h3>M\u00e9thode 3 : Analyser le disque pour retrouver les donn\u00e9es perdues &#128269;<\/h3>\n<ul>\n<li>Pendant que Disk Drill analyse, vous avez la possibilit\u00e9 de mettre en pause et de reprendre l&rsquo;analyse si n\u00e9cessaire.<\/li>\n<li>Filtrer les r\u00e9sultats de l&rsquo;analyse par <b>type de fichier ou date<\/b> pour faciliter la recherche des fichiers sp\u00e9cifiques que vous cherchez.<\/li>\n<li>Pr\u00e9visualisez les fichiers en cliquant sur l&rsquo;ic\u00f4ne \u0153il \u00e0 c\u00f4t\u00e9 du nom du fichier pour vous assurer qu&rsquo;ils sont ceux que vous souhaitez r\u00e9cup\u00e9rer.<\/li>\n<\/ul>\n<p><b>Remarque :<\/b> Disk Drill propose diff\u00e9rentes m\u00e9thodes d&rsquo;analyse ; Analyse rapide pour une option plus rapide et moins approfondie et Analyse approfondie pour une recherche d\u00e9taill\u00e9e.<\/p>\n<p><b>Conclusion :<\/b> Le processus d&rsquo;analyse est primordial et les options d&rsquo;analyse flexibles de Disk Drill r\u00e9pondent \u00e0 diverses situations.<\/p>\n<h3>M\u00e9thode 4 : R\u00e9cup\u00e9rer les fichiers avec Disk Drill &#128190;<\/h3>\n<ul>\n<li>S\u00e9lectionnez les fichiers que vous souhaitez r\u00e9cup\u00e9rer \u00e0 partir des r\u00e9sultats de l&rsquo;analyse et cliquez sur <b>&lsquo;R\u00e9cup\u00e9rer&rsquo;<\/b>.<\/li>\n<li>Choisissez un <b>emplacement s\u00fbr<\/b> pour sauvegarder les fichiers r\u00e9cup\u00e9r\u00e9s, id\u00e9alement sur un autre lecteur pour \u00e9viter l&rsquo;\u00e9crasement des donn\u00e9es.<\/li>\n<li>Cliquez sur <b>OK<\/b> pour d\u00e9marrer le processus de r\u00e9cup\u00e9ration et attendez patiemment qu&rsquo;il se termine.<\/li>\n<\/ul>\n<p><b>Remarque :<\/b> R\u00e9cup\u00e9rer les fichiers sur un autre lecteur est essentiel pour pr\u00e9venir la perte potentielle de donn\u00e9es.<\/p>\n<p><b>Conclusion :<\/b> Le processus de r\u00e9cup\u00e9ration de fichiers avec Disk Drill est intuitif et convivial.<\/p>\n<h3>M\u00e9thode 5 : Prot\u00e9ger les donn\u00e9es avec Recovery Vault &#128737;<\/h3>\n<ul>\n<li>Activez la fonctionnalit\u00e9 <b>Recovery Vault<\/b> de Disk Drill ; c&rsquo;est une couche de protection qui aide \u00e0 pr\u00e9venir les pertes de donn\u00e9es futures.<\/li>\n<li>S\u00e9lectionnez le lecteur que vous souhaitez prot\u00e9ger et activez l&rsquo;option <b>Recovery Vault<\/b> depuis l&rsquo;application.<\/li>\n<li>Recovery Vault conservera un enregistrement des fichiers supprim\u00e9s, ce qui aide \u00e0 une r\u00e9cup\u00e9ration de fichiers plus rapide et plus fiable \u00e0 l&rsquo;avenir.<\/li>\n<\/ul>\n<p><b>Remarque :<\/b> Bien que Recovery Vault soit utile, il ne devrait pas \u00eatre uniquement compt\u00e9 comme sauvegarde de donn\u00e9es.<\/p>\n<p><b>Conclusion :<\/b> Recovery Vault est une fonctionnalit\u00e9 proactive qui renforce les capacit\u00e9s de r\u00e9cup\u00e9ration de donn\u00e9es de Disk Drill.<\/p>\n<\/section>\n<section>\n<div>\n<div>3<\/div>\n<h2>Vid\u00e9o Youtube \u00e0 regarder<\/h2>\n<\/div>\n<div class=\"iframe\"><iframe width=\"420\" height=\"315\" src=\"\/\/www.youtube.com\/embed\/0SiTGVhWqT8\" frameborder=\"0\" allowfullscreen><\/iframe><\/div>\n<\/section>\n<section>\n<div>\n<div>4<\/div>\n<h2>Pr\u00e9cautions et conseils :<\/h2>\n<\/div>\n<h3>Pratique de r\u00e9cup\u00e9ration s\u00e9curis\u00e9e &#128170;<\/h3>\n<ul>\n<li><b>Toujours t\u00e9l\u00e9charger Disk Drill depuis son site officiel<\/b> pour garantir que le logiciel est s\u00fbr et exempt de logiciels malveillants.<\/li>\n<li>Ne pas installer Disk Drill sur la m\u00eame partition o\u00f9 vous avez perdu vos donn\u00e9es pour \u00e9viter d&rsquo;\u00e9craser celles-ci.<\/li>\n<li>Effectuer r\u00e9guli\u00e8rement des sauvegardes de vos fichiers importants afin d&rsquo;\u00e9viter le besoin de r\u00e9cup\u00e9rer des donn\u00e9es.<\/li>\n<\/ul>\n<h3>Pr\u00e9cautions de s\u00e9curit\u00e9 des donn\u00e9es &#128721;<\/h3>\n<ul>\n<li>Apr\u00e8s une perte de donn\u00e9es, <b>arr\u00eater imm\u00e9diatement d\u2019utiliser le lecteur affect\u00e9<\/b> pour \u00e9viter d\u2019\u00e9craser les fichiers supprim\u00e9s.<\/li>\n<li>V\u00e9rifier la <b>politique de confidentialit\u00e9<\/b> de Disk Drill pour comprendre comment vos donn\u00e9es y sont trait\u00e9es.<\/li>\n<li>Utiliser <b>Disk Drill dans un environnement contr\u00f4l\u00e9<\/b>, o\u00f9 aucun autre logiciel pourrait interf\u00e9rer avec le processus de r\u00e9cup\u00e9ration.<\/li>\n<\/ul>\n<\/section>\n<section>\n<div>\n<div>5<\/div>\n<h2>R\u00e9cup\u00e9ration de donn\u00e9es optimis\u00e9e<\/h2>\n<\/div>\n<p>Dans le domaine de la r\u00e9cup\u00e9ration de donn\u00e9es, il est essentiel de choisir un outil qui assure la s\u00e9curit\u00e9 de vos donn\u00e9es et maximise les chances de r\u00e9cup\u00e9ration r\u00e9ussie. Les avis d&rsquo;experts technologiques et les forums sugg\u00e8rent que Disk Drill est un choix fiable. Il utilise des algorithmes de balayage avanc\u00e9s qui sont continuellement mis \u00e0 jour pour correspondre \u00e0 la sophistication des nouvelles technologies de stockage. Vous pouvez en apprendre davantage sur les meilleures pratiques de r\u00e9cup\u00e9ration de donn\u00e9es sur le site web du <a href='https:\/\/www.nist.gov\/' rel=\"nofollow noopener\" target='_blank'>National Institute of Standards and Technology<\/a>.<\/p>\n<p>En 2024, Disk Drill prend en charge une vari\u00e9t\u00e9 de syst\u00e8mes de fichiers, y compris NTFS, FAT32, EXT et HFS+ entre autres, le rendant incroyablement polyvalent pour diff\u00e9rents cas d&rsquo;utilisation. En termes de confidentialit\u00e9, Disk Drill n&rsquo;a pas besoin d&rsquo;une connexion Internet pour effectuer des r\u00e9cup\u00e9rations, ce qui est un filet de s\u00e9curit\u00e9 suppl\u00e9mentaire contre les \u00e9ventuelles violations de donn\u00e9es. Pour ceux qui sont pr\u00e9occup\u00e9s par la l\u00e9galit\u00e9 et l&rsquo;utilisation \u00e9thique des outils de r\u00e9cup\u00e9ration de donn\u00e9es, la restauration de donn\u00e9es perdues en utilisant Disk Drill est g\u00e9n\u00e9ralement permise lorsqu&rsquo;il s&rsquo;agit de vos propres fichiers ou de donn\u00e9es auxquelles vous avez le droit d&rsquo;acc\u00e9der. Les utilisateurs devraient toutefois consulter les lois et r\u00e9glementations locales\u2014ou les directives de la <a href='https:\/\/www.ftc.gov\/' rel=\"nofollow noopener\" target='_blank'>Federal Trade Commission<\/a>\u2014pour des conseils juridiques sp\u00e9cifiques sur la r\u00e9cup\u00e9ration de donn\u00e9es.<\/p>\n<\/section>\n<section>\n<h2>Conclusion :<\/h2>\n<div class=\"nonp\">La perte de donn\u00e9es peut \u00eatre un \u00e9v\u00e9nement stressant, mais des outils comme Disk Drill offrent une bou\u00e9e de sauvetage dans de telles situations. \u00c0 travers mon exp\u00e9rience et les diff\u00e9rentes \u00e9tapes d\u00e9crites ci-dessus, j&rsquo;ai trouv\u00e9 Disk Drill non seulement convivial mais aussi robuste et s\u00e9curis\u00e9 pour la r\u00e9cup\u00e9ration de fichiers perdus en 2024. Que vous soyez confront\u00e9 \u00e0 une suppression accidentelle, \u00e0 une d\u00e9faillance de lecteur ou \u00e0 une perte de partition, suivre les bonnes m\u00e9thodes et pr\u00e9cautions peut vous aider \u00e0 naviguer \u00e0 travers le processus de r\u00e9cup\u00e9ration avec Disk Drill en toute s\u00e9curit\u00e9. N&rsquo;oubliez pas de consulter \u00e9galement la FAQ et les documents de support du fabricant pour plus d&rsquo;assistance.<\/div>\n<\/section>\n","protected":false},"excerpt":{"rendered":"<p>Comment utiliser l&rsquo;application de r\u00e9cup\u00e9ration de donn\u00e9es Disk Drill et est-elle s\u00fbre ? Quand il s&rsquo;agit de r\u00e9cup\u00e9rer des donn\u00e9es perdues, Disk Drill est un nom bien connu qui a aid\u00e9 de nombreux individus et entreprises \u00e0 r\u00e9cup\u00e9rer des informations pr\u00e9cieuses depuis leurs dispositifs de stockage. Mais comment utilisez-vous Disk Drill, et est-ce un choix [&hellip;]<\/p>\n","protected":false},"author":2,"featured_media":36446,"parent":0,"menu_order":0,"comment_status":"closed","ping_status":"closed","template":"chromecast.php","meta":{"_stopmodifiedupdate":false,"_modified_date":"","_lmt_disableupdate":"yes","_lmt_disable":""},"acf":[],"yoast_head":"<!-- This site is optimized with the Yoast SEO plugin v20.9 - https:\/\/yoast.com\/wordpress\/plugins\/seo\/ -->\n<title>Comment utiliser Disk Drill et est-ce s\u00fbr en 2024 ?<\/title>\n<meta name=\"robots\" content=\"index, follow, max-snippet:-1, max-image-preview:large, max-video-preview:-1\" \/>\n<link rel=\"canonical\" href=\"https:\/\/datarecovery.ping.fm\/fr\/disk-drill\/\" \/>\n<meta property=\"og:locale\" content=\"fr_FR\" \/>\n<meta property=\"og:type\" content=\"article\" \/>\n<meta property=\"og:title\" content=\"Comment utiliser Disk Drill et est-ce s\u00fbr en 2024 ?\" \/>\n<meta property=\"og:description\" content=\"Comment utiliser l&rsquo;application de r\u00e9cup\u00e9ration de donn\u00e9es Disk Drill et est-elle s\u00fbre ? Quand il s&rsquo;agit de r\u00e9cup\u00e9rer des donn\u00e9es perdues, Disk Drill est un nom bien connu qui a aid\u00e9 de nombreux individus et entreprises \u00e0 r\u00e9cup\u00e9rer des informations pr\u00e9cieuses depuis leurs dispositifs de stockage. Mais comment utilisez-vous Disk Drill, et est-ce un choix [&hellip;]\" \/>\n<meta property=\"og:url\" content=\"https:\/\/datarecovery.ping.fm\/fr\/disk-drill\/\" \/>\n<meta property=\"og:site_name\" content=\"Logiciel de r\u00e9cup\u00e9ration de donn\u00e9es\" \/>\n<meta property=\"article:modified_time\" content=\"2024-02-16T08:54:35+00:00\" \/>\n<meta property=\"og:image\" content=\"https:\/\/datarecovery.ping.fm\/wp-content\/uploads\/2024\/03\/How-to-use-data-recovery-app-Disk-Drill-and-is-it-safe-French.jpg\" \/>\n\t<meta property=\"og:image:width\" content=\"1280\" \/>\n\t<meta property=\"og:image:height\" content=\"731\" \/>\n\t<meta property=\"og:image:type\" content=\"image\/jpeg\" \/>\n<meta name=\"twitter:card\" content=\"summary_large_image\" \/>\n<meta name=\"twitter:label1\" content=\"Est. reading time\" \/>\n\t<meta name=\"twitter:data1\" content=\"7 minutes\" \/>\n<script type=\"application\/ld+json\" class=\"yoast-schema-graph\">{\"@context\":\"https:\/\/schema.org\",\"@graph\":[{\"@type\":\"WebPage\",\"@id\":\"https:\/\/datarecovery.ping.fm\/fr\/disk-drill\/\",\"url\":\"https:\/\/datarecovery.ping.fm\/fr\/disk-drill\/\",\"name\":\"Comment utiliser Disk Drill et est-ce s\u00fbr en 2024 ?\",\"isPartOf\":{\"@id\":\"https:\/\/datarecovery.ping.fm\/fr\/#website\"},\"datePublished\":\"2024-01-03T21:14:23+00:00\",\"dateModified\":\"2024-02-16T08:54:35+00:00\",\"breadcrumb\":{\"@id\":\"https:\/\/datarecovery.ping.fm\/fr\/disk-drill\/#breadcrumb\"},\"inLanguage\":\"fr-FR\",\"potentialAction\":[{\"@type\":\"ReadAction\",\"target\":[\"https:\/\/datarecovery.ping.fm\/fr\/disk-drill\/\"]}]},{\"@type\":\"BreadcrumbList\",\"@id\":\"https:\/\/datarecovery.ping.fm\/fr\/disk-drill\/#breadcrumb\",\"itemListElement\":[{\"@type\":\"ListItem\",\"position\":1,\"name\":\"Home\",\"item\":\"https:\/\/datarecovery.ping.fm\/fr\/\"},{\"@type\":\"ListItem\",\"position\":2,\"name\":\"Comment utiliser l&rsquo;application de r\u00e9cup\u00e9ration de donn\u00e9es Disk Drill et est-elle s\u00fbre ?\"}]},{\"@type\":\"WebSite\",\"@id\":\"https:\/\/datarecovery.ping.fm\/fr\/#website\",\"url\":\"https:\/\/datarecovery.ping.fm\/fr\/\",\"name\":\"Logiciel de r\u00e9cup\u00e9ration de donn\u00e9es\",\"description\":\"\",\"potentialAction\":[{\"@type\":\"SearchAction\",\"target\":{\"@type\":\"EntryPoint\",\"urlTemplate\":\"https:\/\/datarecovery.ping.fm\/fr\/?s={search_term_string}\"},\"query-input\":\"required name=search_term_string\"}],\"inLanguage\":\"fr-FR\"}]}<\/script>\n<!-- \/ Yoast SEO plugin. -->","yoast_head_json":{"title":"Comment utiliser Disk Drill et est-ce s\u00fbr en 2024 ?","robots":{"index":"index","follow":"follow","max-snippet":"max-snippet:-1","max-image-preview":"max-image-preview:large","max-video-preview":"max-video-preview:-1"},"canonical":"https:\/\/datarecovery.ping.fm\/fr\/disk-drill\/","og_locale":"fr_FR","og_type":"article","og_title":"Comment utiliser Disk Drill et est-ce s\u00fbr en 2024 ?","og_description":"Comment utiliser l&rsquo;application de r\u00e9cup\u00e9ration de donn\u00e9es Disk Drill et est-elle s\u00fbre ? Quand il s&rsquo;agit de r\u00e9cup\u00e9rer des donn\u00e9es perdues, Disk Drill est un nom bien connu qui a aid\u00e9 de nombreux individus et entreprises \u00e0 r\u00e9cup\u00e9rer des informations pr\u00e9cieuses depuis leurs dispositifs de stockage. Mais comment utilisez-vous Disk Drill, et est-ce un choix [&hellip;]","og_url":"https:\/\/datarecovery.ping.fm\/fr\/disk-drill\/","og_site_name":"Logiciel de r\u00e9cup\u00e9ration de donn\u00e9es","article_modified_time":"2024-02-16T08:54:35+00:00","og_image":[{"width":1280,"height":731,"url":"https:\/\/datarecovery.ping.fm\/wp-content\/uploads\/2024\/03\/How-to-use-data-recovery-app-Disk-Drill-and-is-it-safe-French.jpg","type":"image\/jpeg"}],"twitter_card":"summary_large_image","twitter_misc":{"Est. reading time":"7 minutes"},"schema":{"@context":"https:\/\/schema.org","@graph":[{"@type":"WebPage","@id":"https:\/\/datarecovery.ping.fm\/fr\/disk-drill\/","url":"https:\/\/datarecovery.ping.fm\/fr\/disk-drill\/","name":"Comment utiliser Disk Drill et est-ce s\u00fbr en 2024 ?","isPartOf":{"@id":"https:\/\/datarecovery.ping.fm\/fr\/#website"},"datePublished":"2024-01-03T21:14:23+00:00","dateModified":"2024-02-16T08:54:35+00:00","breadcrumb":{"@id":"https:\/\/datarecovery.ping.fm\/fr\/disk-drill\/#breadcrumb"},"inLanguage":"fr-FR","potentialAction":[{"@type":"ReadAction","target":["https:\/\/datarecovery.ping.fm\/fr\/disk-drill\/"]}]},{"@type":"BreadcrumbList","@id":"https:\/\/datarecovery.ping.fm\/fr\/disk-drill\/#breadcrumb","itemListElement":[{"@type":"ListItem","position":1,"name":"Home","item":"https:\/\/datarecovery.ping.fm\/fr\/"},{"@type":"ListItem","position":2,"name":"Comment utiliser l&rsquo;application de r\u00e9cup\u00e9ration de donn\u00e9es Disk Drill et est-elle s\u00fbre ?"}]},{"@type":"WebSite","@id":"https:\/\/datarecovery.ping.fm\/fr\/#website","url":"https:\/\/datarecovery.ping.fm\/fr\/","name":"Logiciel de r\u00e9cup\u00e9ration de donn\u00e9es","description":"","potentialAction":[{"@type":"SearchAction","target":{"@type":"EntryPoint","urlTemplate":"https:\/\/datarecovery.ping.fm\/fr\/?s={search_term_string}"},"query-input":"required name=search_term_string"}],"inLanguage":"fr-FR"}]}},"_links":{"self":[{"href":"https:\/\/datarecovery.ping.fm\/fr\/wp-json\/wp\/v2\/pages\/18663"}],"collection":[{"href":"https:\/\/datarecovery.ping.fm\/fr\/wp-json\/wp\/v2\/pages"}],"about":[{"href":"https:\/\/datarecovery.ping.fm\/fr\/wp-json\/wp\/v2\/types\/page"}],"author":[{"embeddable":true,"href":"https:\/\/datarecovery.ping.fm\/fr\/wp-json\/wp\/v2\/users\/2"}],"replies":[{"embeddable":true,"href":"https:\/\/datarecovery.ping.fm\/fr\/wp-json\/wp\/v2\/comments?post=18663"}],"version-history":[{"count":1,"href":"https:\/\/datarecovery.ping.fm\/fr\/wp-json\/wp\/v2\/pages\/18663\/revisions"}],"predecessor-version":[{"id":36445,"href":"https:\/\/datarecovery.ping.fm\/fr\/wp-json\/wp\/v2\/pages\/18663\/revisions\/36445"}],"wp:featuredmedia":[{"embeddable":true,"href":"https:\/\/datarecovery.ping.fm\/fr\/wp-json\/wp\/v2\/media\/36446"}],"wp:attachment":[{"href":"https:\/\/datarecovery.ping.fm\/fr\/wp-json\/wp\/v2\/media?parent=18663"}],"curies":[{"name":"wp","href":"https:\/\/api.w.org\/{rel}","templated":true}]}}