{"id":18300,"date":"2023-12-27T21:07:00","date_gmt":"2023-12-27T21:07:00","guid":{"rendered":"https:\/\/www.ping.fm\/data-recovery-software\/recover-deleted-vivint-video-clips\/"},"modified":"2024-02-16T08:54:33","modified_gmt":"2024-02-16T08:54:33","slug":"recover-deleted-vivint-video-clips","status":"publish","type":"page","link":"https:\/\/datarecovery.ping.fm\/fr\/recover-deleted-vivint-video-clips\/","title":{"rendered":"Comment r\u00e9cup\u00e9rer des clips vid\u00e9o supprim\u00e9s de votre syst\u00e8me de s\u00e9curit\u00e9 Vivint"},"content":{"rendered":"<section>\n<h1>Comment r\u00e9cup\u00e9rer des clips vid\u00e9o supprim\u00e9s de votre syst\u00e8me de s\u00e9curit\u00e9 Vivint<\/h1>\n<div class=\"inbrief\">\n<div>             <img src=\"https:\/\/www.ping.fm\/data-recovery-software\/wp-content\/uploads\/ai\/How-to-Recover-Deleted-Video-Clips-from-Your-Vivint-Security-System-French.jpg\" alt=\"Comment r\u00e9cup\u00e9rer des clips vid\u00e9o supprim\u00e9s de votre syst\u00e8me de s\u00e9curit\u00e9 Vivint\" title=\"Comment r\u00e9cup\u00e9rer des clips vid\u00e9o supprim\u00e9s de votre syst\u00e8me de s\u00e9curit\u00e9 Vivint\" width=\"1280\" height=\"720\">             <\/p>\n<p>Avez-vous d\u00e9j\u00e0 supprim\u00e9 accidentellement une vid\u00e9o de votre syst\u00e8me de s\u00e9curit\u00e9 Vivint et souhait\u00e9 qu&rsquo;il y ait un moyen de la r\u00e9cup\u00e9rer ? Vous n&rsquo;\u00eates pas seul(e). De nombreux utilisateurs de Vivint sont confront\u00e9s \u00e0 ce dilemme et se demandent si <b>la r\u00e9cup\u00e9ration des vid\u00e9os Vivint supprim\u00e9es<\/b> est possible. Dans cet article d\u00e9taill\u00e9, je partagerai mon exp\u00e9rience personnelle sur la mani\u00e8re de r\u00e9cup\u00e9rer potentiellement ces pr\u00e9cieux <b>clips vid\u00e9o Vivint<\/b> en utilisant un logiciel de r\u00e9cup\u00e9ration appel\u00e9 <b>Disk Drill<\/b>. Prenez une tasse de caf\u00e9, et plongeons dans les possibilit\u00e9s et les m\u00e9thodes de r\u00e9cup\u00e9ration.<\/p>\n<\/div>\n<\/div>\n<\/section>\n<section>\n<div>\n<div>1<\/div>\n<h2>Sc\u00e9narios courants :<\/h2>\n<\/div>\n<h3>Suppression accidentelle de clips vid\u00e9o Vivint &#128465;<\/h3>\n<ul>\n<li>Les syst\u00e8mes de s\u00e9curit\u00e9 domestique <b>Vivint<\/b> utilisent le cloud pour stocker les enregistrements vid\u00e9o de vos cam\u00e9ras. Bien que cela soit pratique, il n&rsquo;est pas rare de supprimer accidentellement un clip que vous souhaitiez conserver.<\/li>\n<li>Lors d&rsquo;op\u00e9rations de maintenance courante ou en faisant de la place, les utilisateurs peuvent effacer par erreur des clips vid\u00e9o importants.<\/li>\n<li>Vous pourriez \u00e9galement supprimer des clips accidentellement en naviguant dans l&rsquo;application <b>Vivint Smart Home<\/b>.<\/li>\n<\/ul>\n<h3>Suppression intentionnelle suivie d&rsquo;un changement d&rsquo;avis &#128148;<\/h3>\n<ul>\n<li>Dans certains cas, vous pouvez avoir supprim\u00e9 d\u00e9lib\u00e9r\u00e9ment un clip vid\u00e9o Vivint, pour vous rendre compte plus tard qu&rsquo;il contenait des informations importantes ou des souvenirs.<\/li>\n<li>Des clips vid\u00e9o supprim\u00e9s pourraient \u00eatre n\u00e9cessaires pour des r\u00e9clamations d&rsquo;assurance, des preuves l\u00e9gales ou pour des raisons sentimentales.<\/li>\n<\/ul>\n<h3>Pannes techniques ou erreurs syst\u00e8me &#128736;<\/h3>\n<ul>\n<li>Des probl\u00e8mes techniques avec le <b>syst\u00e8me Vivint<\/b> peuvent parfois conduire \u00e0 la perte de clips vid\u00e9o sans intervention de l&rsquo;utilisateur.<\/li>\n<li>Des mises \u00e0 jour du syst\u00e8me ou des dysfonctionnements peuvent accidentellement effacer des donn\u00e9es que vous pensiez \u00eatre stock\u00e9es en toute s\u00e9curit\u00e9.<\/li>\n<\/ul>\n<\/section>\n<section class=\"stepByStep\">\n<div>\n<div>2<\/div>\n<h2>Guide \u00e9tape par \u00e9tape. R\u00e9cup\u00e9rer les vid\u00e9os Vivint supprim\u00e9es :<\/h2>\n<\/div>\n<h3>M\u00e9thode 1 : V\u00e9rifiez l&rsquo;application Vivint Smart Home &#128241;<\/h3>\n<ul>\n<li>Ouvrez l&rsquo;application <b>Vivint Smart Home<\/b> sur votre smartphone.<\/li>\n<li><b>Naviguez<\/b> jusqu&rsquo;\u00e0 la fonction &lsquo;Playback&rsquo; pour voir si votre vid\u00e9o est encore disponible l\u00e0-bas.<\/li>\n<li>Cherchez toutes les s\u00e9quences stock\u00e9es sur votre appareil local si vous avez r\u00e9gl\u00e9 l&rsquo;application pour <b>sauvegarder des copies<\/b> de vos vid\u00e9os.<\/li>\n<\/ul>\n<p><b>Note :<\/b> Selon vos param\u00e8tres, des copies locales peuvent \u00eatre disponibles.<\/p>\n<p><b>Conclusion :<\/b> Cette m\u00e9thode repose sur le syst\u00e8me de stockage et de r\u00e9cup\u00e9ration interne de l&rsquo;application.<\/p>\n<h3>M\u00e9thode 2 : Acc\u00e9dez \u00e0 votre compte en ligne Vivint &#128187;<\/h3>\n<ul>\n<li>Connectez-vous \u00e0 votre <b>compte en ligne Vivint<\/b> via un navigateur web.<\/li>\n<li>Rendez-vous dans l&rsquo;onglet &lsquo;Vid\u00e9o&rsquo; pour v\u00e9rifier votre <b>stockage dans le cloud<\/b>.<\/li>\n<li>Si vous avez le service DVR Playback, v\u00e9rifiez si le clip vid\u00e9o supprim\u00e9 est toujours dans les archives du cloud.<\/li>\n<\/ul>\n<p><b>Note :<\/b> Les vid\u00e9os peuvent rester dans le cloud pendant une courte p\u00e9riode avant la suppression d\u00e9finitive.<\/p>\n<p><b>Conclusion :<\/b> Si vous avez une sauvegarde dans le cloud, cette m\u00e9thode pourrait vous aider \u00e0 r\u00e9cup\u00e9rer des clips perdus.<\/p>\n<h3>M\u00e9thode 3 : V\u00e9rifiez la corbeille supprim\u00e9e dans l&rsquo;application Vivint &#128465;<\/h3>\n<ul>\n<li>Ouvrez l&rsquo;application <b>Vivint Smart Home<\/b> et acc\u00e9dez \u00e0 la corbeille &lsquo;Supprim\u00e9e&rsquo;.<\/li>\n<li><b>Recherchez<\/b> le clip vid\u00e9o parmi les \u00e9l\u00e9ments r\u00e9cemment supprim\u00e9s.<\/li>\n<li>Essayez de <b>restaurer<\/b> le clip s&rsquo;il est toujours l\u00e0. Vivint peut conserver les vid\u00e9os supprim\u00e9es pour une courte dur\u00e9e avant leur suppression d\u00e9finitive.<\/li>\n<\/ul>\n<p><b>Note :<\/b> Cette option peut ne pas \u00eatre disponible sur tous les appareils ou versions de l&rsquo;application.<\/p>\n<p><b>Conclusion :<\/b> Une action rapide apr\u00e8s la suppression augmente les chances de r\u00e9cup\u00e9ration.<\/p>\n<h3>M\u00e9thode 4 : Contactez le support client Vivint &#128222;<\/h3>\n<ul>\n<li><b>Contactez<\/b> le support client de Vivint pour vous renseigner sur les options de sauvegarde possibles pour les vid\u00e9os supprim\u00e9es.<\/li>\n<li>Fournissez toutes les <b>informations<\/b> n\u00e9cessaires pour les aider \u00e0 r\u00e9cup\u00e9rer votre vid\u00e9o.<\/li>\n<li>Clarifiez s&rsquo;il existe un processus de r\u00e9cup\u00e9ration pour de tels sc\u00e9narios et si des co\u00fbts sont impliqu\u00e9s.<\/li>\n<\/ul>\n<p><b>Note :<\/b> Le support client peut \u00eatre capable de vous aider \u00e0 r\u00e9cup\u00e9rer des vid\u00e9os dans un certain d\u00e9lai.<\/p>\n<p><b>Conclusion :<\/b> L&rsquo;\u00e9quipe de support de Vivint pourrait \u00eatre votre dernier recours en mati\u00e8re de r\u00e9cup\u00e9ration vid\u00e9o.<\/p>\n<h3>M\u00e9thode 5 : R\u00e9cup\u00e9rez les vid\u00e9os Vivint supprim\u00e9es en utilisant Disk Drill &#128736;<\/h3>\n<ul>\n<li>T\u00e9l\u00e9chargez et installez <b>Disk Drill<\/b> depuis <a href='https:\/\/www.cleverfiles.com\/' rel=\"nofollow noopener\" target='_blank'>Cleverfiles<\/a>.<\/li>\n<li><b>Connectez<\/b> le support de stockage, tel qu&rsquo;une carte SD de votre cam\u00e9ra Vivint, \u00e0 votre ordinateur.<\/li>\n<li>Lancez Disk Drill et s\u00e9lectionnez le disque o\u00f9 vos clips vid\u00e9o Vivint \u00e9taient stock\u00e9s.<\/li>\n<li>Cliquez sur &lsquo;R\u00e9cup\u00e9rer&rsquo; et laissez le logiciel <b>scanner<\/b> les fichiers r\u00e9cup\u00e9rables.<\/li>\n<li><b>Aper\u00e7u<\/b> et s\u00e9lectionnez les clips que vous souhaitez r\u00e9cup\u00e9rer, puis choisissez un emplacement s\u00fbr pour les restaurer.<\/li>\n<\/ul>\n<p><b>Note :<\/b> Cette m\u00e9thode n\u00e9cessite un acc\u00e8s direct au stockage physique de vos cam\u00e9ras Vivint.<\/p>\n<p><b>Conclusion :<\/b> Disk Drill peut \u00eatre un outil puissant pour r\u00e9cup\u00e9rer des fichiers supprim\u00e9s \u00e0 partir de p\u00e9riph\u00e9riques de stockage physique.<\/p>\n<\/section>\n<section>\n<div>\n<div>3<\/div>\n<h2>Vid\u00e9o Youtube \u00e0 regarder<\/h2>\n<\/div>\n<div class=\"iframe\"><iframe width=\"420\" height=\"315\" src=\"\/\/www.youtube.com\/embed\/0WsbaFSnC8M\" frameborder=\"0\" allowfullscreen><\/iframe><\/div>\n<\/section>\n<section>\n<div>\n<div>4<\/div>\n<h2>Pr\u00e9cautions et Astuces :<\/h2>\n<\/div>\n<h3>Prot\u00e9ger vos enregistrements Vivint &#128737;<\/h3>\n<ul>\n<li>Sauvegardez r\u00e9guli\u00e8rement vos <b>extraits vid\u00e9o Vivint<\/b> sur un disque dur externe ou un service cloud.<\/li>\n<li>V\u00e9rifiez vos <b>param\u00e8tres de stockage cloud Vivint<\/b> pour vous assurer que vos vid\u00e9os sont correctement sauvegard\u00e9es.<\/li>\n<li>Restez prudent lorsque vous supprimez des vid\u00e9os et v\u00e9rifiez toujours avant de confirmer la suppression.<\/li>\n<\/ul>\n<\/section>\n<section>\n<div>\n<div>5<\/div>\n<h2>Plus d&rsquo;informations sur la r\u00e9cup\u00e9ration et la s\u00e9curit\u00e9 des vid\u00e9os<\/h2>\n<\/div>\n<p>Quand il s&rsquo;agit de la s\u00e9curit\u00e9 de votre maison et de la pr\u00e9servation de preuves pr\u00e9cieuses, comprendre les d\u00e9tails du <b>stockage vid\u00e9o<\/b> et des options de r\u00e9cup\u00e9ration de votre syst\u00e8me de s\u00e9curit\u00e9 est crucial. La plupart des syst\u00e8mes de s\u00e9curit\u00e9 modernes, comme Vivint, proposent des solutions de stockage en cloud qui offrent commodit\u00e9 et facilit\u00e9 d&rsquo;acc\u00e8s. Cependant, en cas de suppression accidentelle ou d&rsquo;erreurs syst\u00e8me, la panique de l&rsquo;utilisateur peut conduire \u00e0 des d\u00e9cisions pr\u00e9cipit\u00e9es ou \u00e0 l&rsquo;assomption d&rsquo;une perte de donn\u00e9es permanente.<\/p>\n<p>Il est important de noter que des <b>logiciels de r\u00e9cup\u00e9ration<\/b> comme Disk Drill peuvent changer la donne dans des situations o\u00f9 les vid\u00e9os sont stock\u00e9es sur un support physique. Disk Drill, en tant que solution compl\u00e8te de r\u00e9cup\u00e9ration de donn\u00e9es, offre la possibilit\u00e9 d&rsquo;annuler le processus de suppression. Ses algorithmes de scan puissants peuvent parcourir le support de stockage pour trouver des restes de fichiers supprim\u00e9s et vous donner une chance de les restaurer.<\/p>\n<p>En \u00e9tendant la pr\u00e9vention, configurer des t\u00e9l\u00e9chargements automatiques vers le cloud et avoir de la redondance dans vos strat\u00e9gies de sauvegarde \u2014 telles qu&rsquo;une sauvegarde hors site \u2014 peuvent minimiser les chances de perdre vos clips vid\u00e9o importants. En outre, se familiariser avec les <a href='https:\/\/www.sans.org\/' rel=\"nofollow noopener\" target='_blank'>meilleures pratiques de cybers\u00e9curit\u00e9<\/a> vous aidera non seulement \u00e0 prot\u00e9ger votre maison mais aussi \u00e0 s\u00e9curiser l&#8217;empreinte num\u00e9rique de votre syst\u00e8me de s\u00e9curit\u00e9.<\/p>\n<\/section>\n<section>\n<h2>Conclusion :<\/h2>\n<div class=\"nonp\">\n<p>En conclusion, bien que la suppression des clips vid\u00e9o Vivint puisse sembler irr\u00e9versible, plusieurs solutions existent qui peuvent mener \u00e0 leur r\u00e9cup\u00e9ration. Selon le sc\u00e9nario et les actions que vous entreprenez rapidement, vous pourriez \u00eatre capable de r\u00e9cup\u00e9rer vos clips pr\u00e9cieux en utilisant des options au sein du syst\u00e8me Vivint ou en utilisant des outils de r\u00e9cup\u00e9ration avanc\u00e9s tels que Disk Drill. Prendre des mesures pr\u00e9ventives et \u00eatre inform\u00e9 sur l&rsquo;aspect num\u00e9rique de votre s\u00e9curit\u00e9 domestique vous servira bien pour sauvegarder vos donn\u00e9es pour l&rsquo;avenir.<\/p>\n<\/div>\n<\/section>\n","protected":false},"excerpt":{"rendered":"<p>Comment r\u00e9cup\u00e9rer des clips vid\u00e9o supprim\u00e9s de votre syst\u00e8me de s\u00e9curit\u00e9 Vivint Avez-vous d\u00e9j\u00e0 supprim\u00e9 accidentellement une vid\u00e9o de votre syst\u00e8me de s\u00e9curit\u00e9 Vivint et souhait\u00e9 qu&rsquo;il y ait un moyen de la r\u00e9cup\u00e9rer ? Vous n&rsquo;\u00eates pas seul(e). De nombreux utilisateurs de Vivint sont confront\u00e9s \u00e0 ce dilemme et se demandent si la r\u00e9cup\u00e9ration [&hellip;]<\/p>\n","protected":false},"author":2,"featured_media":36422,"parent":0,"menu_order":0,"comment_status":"closed","ping_status":"closed","template":"chromecast.php","meta":{"_stopmodifiedupdate":false,"_modified_date":"","_lmt_disableupdate":"yes","_lmt_disable":""},"acf":[],"yoast_head":"<!-- This site is optimized with the Yoast SEO plugin v20.9 - https:\/\/yoast.com\/wordpress\/plugins\/seo\/ -->\n<title>Comment r\u00e9cup\u00e9rer des vid\u00e9os de s\u00e9curit\u00e9 Vivint supprim\u00e9es (R\u00e9solu)<\/title>\n<meta name=\"robots\" content=\"index, follow, max-snippet:-1, max-image-preview:large, max-video-preview:-1\" \/>\n<link rel=\"canonical\" href=\"https:\/\/datarecovery.ping.fm\/fr\/recover-deleted-vivint-video-clips\/\" \/>\n<meta property=\"og:locale\" content=\"fr_FR\" \/>\n<meta property=\"og:type\" content=\"article\" \/>\n<meta property=\"og:title\" content=\"Comment r\u00e9cup\u00e9rer des vid\u00e9os de s\u00e9curit\u00e9 Vivint supprim\u00e9es (R\u00e9solu)\" \/>\n<meta property=\"og:description\" content=\"Comment r\u00e9cup\u00e9rer des clips vid\u00e9o supprim\u00e9s de votre syst\u00e8me de s\u00e9curit\u00e9 Vivint Avez-vous d\u00e9j\u00e0 supprim\u00e9 accidentellement une vid\u00e9o de votre syst\u00e8me de s\u00e9curit\u00e9 Vivint et souhait\u00e9 qu&rsquo;il y ait un moyen de la r\u00e9cup\u00e9rer ? Vous n&rsquo;\u00eates pas seul(e). De nombreux utilisateurs de Vivint sont confront\u00e9s \u00e0 ce dilemme et se demandent si la r\u00e9cup\u00e9ration [&hellip;]\" \/>\n<meta property=\"og:url\" content=\"https:\/\/datarecovery.ping.fm\/fr\/recover-deleted-vivint-video-clips\/\" \/>\n<meta property=\"og:site_name\" content=\"Logiciel de r\u00e9cup\u00e9ration de donn\u00e9es\" \/>\n<meta property=\"article:modified_time\" content=\"2024-02-16T08:54:33+00:00\" \/>\n<meta property=\"og:image\" content=\"https:\/\/datarecovery.ping.fm\/wp-content\/uploads\/2024\/03\/How-to-Recover-Deleted-Video-Clips-from-Your-Vivint-Security-System-French.jpg\" \/>\n\t<meta property=\"og:image:width\" content=\"1280\" \/>\n\t<meta property=\"og:image:height\" content=\"731\" \/>\n\t<meta property=\"og:image:type\" content=\"image\/jpeg\" \/>\n<meta name=\"twitter:card\" content=\"summary_large_image\" \/>\n<meta name=\"twitter:label1\" content=\"Est. reading time\" \/>\n\t<meta name=\"twitter:data1\" content=\"7 minutes\" \/>\n<script type=\"application\/ld+json\" class=\"yoast-schema-graph\">{\"@context\":\"https:\/\/schema.org\",\"@graph\":[{\"@type\":\"WebPage\",\"@id\":\"https:\/\/datarecovery.ping.fm\/fr\/recover-deleted-vivint-video-clips\/\",\"url\":\"https:\/\/datarecovery.ping.fm\/fr\/recover-deleted-vivint-video-clips\/\",\"name\":\"Comment r\u00e9cup\u00e9rer des vid\u00e9os de s\u00e9curit\u00e9 Vivint supprim\u00e9es (R\u00e9solu)\",\"isPartOf\":{\"@id\":\"https:\/\/datarecovery.ping.fm\/fr\/#website\"},\"datePublished\":\"2023-12-27T21:07:00+00:00\",\"dateModified\":\"2024-02-16T08:54:33+00:00\",\"breadcrumb\":{\"@id\":\"https:\/\/datarecovery.ping.fm\/fr\/recover-deleted-vivint-video-clips\/#breadcrumb\"},\"inLanguage\":\"fr-FR\",\"potentialAction\":[{\"@type\":\"ReadAction\",\"target\":[\"https:\/\/datarecovery.ping.fm\/fr\/recover-deleted-vivint-video-clips\/\"]}]},{\"@type\":\"BreadcrumbList\",\"@id\":\"https:\/\/datarecovery.ping.fm\/fr\/recover-deleted-vivint-video-clips\/#breadcrumb\",\"itemListElement\":[{\"@type\":\"ListItem\",\"position\":1,\"name\":\"Home\",\"item\":\"https:\/\/datarecovery.ping.fm\/fr\/\"},{\"@type\":\"ListItem\",\"position\":2,\"name\":\"Comment r\u00e9cup\u00e9rer des clips vid\u00e9o supprim\u00e9s de votre syst\u00e8me de s\u00e9curit\u00e9 Vivint\"}]},{\"@type\":\"WebSite\",\"@id\":\"https:\/\/datarecovery.ping.fm\/fr\/#website\",\"url\":\"https:\/\/datarecovery.ping.fm\/fr\/\",\"name\":\"Logiciel de r\u00e9cup\u00e9ration de donn\u00e9es\",\"description\":\"\",\"potentialAction\":[{\"@type\":\"SearchAction\",\"target\":{\"@type\":\"EntryPoint\",\"urlTemplate\":\"https:\/\/datarecovery.ping.fm\/fr\/?s={search_term_string}\"},\"query-input\":\"required name=search_term_string\"}],\"inLanguage\":\"fr-FR\"}]}<\/script>\n<!-- \/ Yoast SEO plugin. -->","yoast_head_json":{"title":"Comment r\u00e9cup\u00e9rer des vid\u00e9os de s\u00e9curit\u00e9 Vivint supprim\u00e9es (R\u00e9solu)","robots":{"index":"index","follow":"follow","max-snippet":"max-snippet:-1","max-image-preview":"max-image-preview:large","max-video-preview":"max-video-preview:-1"},"canonical":"https:\/\/datarecovery.ping.fm\/fr\/recover-deleted-vivint-video-clips\/","og_locale":"fr_FR","og_type":"article","og_title":"Comment r\u00e9cup\u00e9rer des vid\u00e9os de s\u00e9curit\u00e9 Vivint supprim\u00e9es (R\u00e9solu)","og_description":"Comment r\u00e9cup\u00e9rer des clips vid\u00e9o supprim\u00e9s de votre syst\u00e8me de s\u00e9curit\u00e9 Vivint Avez-vous d\u00e9j\u00e0 supprim\u00e9 accidentellement une vid\u00e9o de votre syst\u00e8me de s\u00e9curit\u00e9 Vivint et souhait\u00e9 qu&rsquo;il y ait un moyen de la r\u00e9cup\u00e9rer ? Vous n&rsquo;\u00eates pas seul(e). De nombreux utilisateurs de Vivint sont confront\u00e9s \u00e0 ce dilemme et se demandent si la r\u00e9cup\u00e9ration [&hellip;]","og_url":"https:\/\/datarecovery.ping.fm\/fr\/recover-deleted-vivint-video-clips\/","og_site_name":"Logiciel de r\u00e9cup\u00e9ration de donn\u00e9es","article_modified_time":"2024-02-16T08:54:33+00:00","og_image":[{"width":1280,"height":731,"url":"https:\/\/datarecovery.ping.fm\/wp-content\/uploads\/2024\/03\/How-to-Recover-Deleted-Video-Clips-from-Your-Vivint-Security-System-French.jpg","type":"image\/jpeg"}],"twitter_card":"summary_large_image","twitter_misc":{"Est. reading time":"7 minutes"},"schema":{"@context":"https:\/\/schema.org","@graph":[{"@type":"WebPage","@id":"https:\/\/datarecovery.ping.fm\/fr\/recover-deleted-vivint-video-clips\/","url":"https:\/\/datarecovery.ping.fm\/fr\/recover-deleted-vivint-video-clips\/","name":"Comment r\u00e9cup\u00e9rer des vid\u00e9os de s\u00e9curit\u00e9 Vivint supprim\u00e9es (R\u00e9solu)","isPartOf":{"@id":"https:\/\/datarecovery.ping.fm\/fr\/#website"},"datePublished":"2023-12-27T21:07:00+00:00","dateModified":"2024-02-16T08:54:33+00:00","breadcrumb":{"@id":"https:\/\/datarecovery.ping.fm\/fr\/recover-deleted-vivint-video-clips\/#breadcrumb"},"inLanguage":"fr-FR","potentialAction":[{"@type":"ReadAction","target":["https:\/\/datarecovery.ping.fm\/fr\/recover-deleted-vivint-video-clips\/"]}]},{"@type":"BreadcrumbList","@id":"https:\/\/datarecovery.ping.fm\/fr\/recover-deleted-vivint-video-clips\/#breadcrumb","itemListElement":[{"@type":"ListItem","position":1,"name":"Home","item":"https:\/\/datarecovery.ping.fm\/fr\/"},{"@type":"ListItem","position":2,"name":"Comment r\u00e9cup\u00e9rer des clips vid\u00e9o supprim\u00e9s de votre syst\u00e8me de s\u00e9curit\u00e9 Vivint"}]},{"@type":"WebSite","@id":"https:\/\/datarecovery.ping.fm\/fr\/#website","url":"https:\/\/datarecovery.ping.fm\/fr\/","name":"Logiciel de r\u00e9cup\u00e9ration de donn\u00e9es","description":"","potentialAction":[{"@type":"SearchAction","target":{"@type":"EntryPoint","urlTemplate":"https:\/\/datarecovery.ping.fm\/fr\/?s={search_term_string}"},"query-input":"required name=search_term_string"}],"inLanguage":"fr-FR"}]}},"_links":{"self":[{"href":"https:\/\/datarecovery.ping.fm\/fr\/wp-json\/wp\/v2\/pages\/18300"}],"collection":[{"href":"https:\/\/datarecovery.ping.fm\/fr\/wp-json\/wp\/v2\/pages"}],"about":[{"href":"https:\/\/datarecovery.ping.fm\/fr\/wp-json\/wp\/v2\/types\/page"}],"author":[{"embeddable":true,"href":"https:\/\/datarecovery.ping.fm\/fr\/wp-json\/wp\/v2\/users\/2"}],"replies":[{"embeddable":true,"href":"https:\/\/datarecovery.ping.fm\/fr\/wp-json\/wp\/v2\/comments?post=18300"}],"version-history":[{"count":1,"href":"https:\/\/datarecovery.ping.fm\/fr\/wp-json\/wp\/v2\/pages\/18300\/revisions"}],"predecessor-version":[{"id":36421,"href":"https:\/\/datarecovery.ping.fm\/fr\/wp-json\/wp\/v2\/pages\/18300\/revisions\/36421"}],"wp:featuredmedia":[{"embeddable":true,"href":"https:\/\/datarecovery.ping.fm\/fr\/wp-json\/wp\/v2\/media\/36422"}],"wp:attachment":[{"href":"https:\/\/datarecovery.ping.fm\/fr\/wp-json\/wp\/v2\/media?parent=18300"}],"curies":[{"name":"wp","href":"https:\/\/api.w.org\/{rel}","templated":true}]}}