{"id":17783,"date":"2023-12-25T15:46:11","date_gmt":"2023-12-25T15:46:11","guid":{"rendered":"https:\/\/www.ping.fm\/data-recovery-software\/recover-formatted-usb\/"},"modified":"2024-02-16T08:54:27","modified_gmt":"2024-02-16T08:54:27","slug":"recover-formatted-usb","status":"publish","type":"page","link":"https:\/\/datarecovery.ping.fm\/fr\/recover-formatted-usb\/","title":{"rendered":"Comment r\u00e9cup\u00e9rer des fichiers apr\u00e8s avoir format\u00e9 une cl\u00e9 USB"},"content":{"rendered":"<section>\n<h1>Comment r\u00e9cup\u00e9rer des fichiers apr\u00e8s avoir format\u00e9 une cl\u00e9 USB<\/h1>\n<div class=\"inbrief\">\n<div>             <img src=\"https:\/\/www.ping.fm\/data-recovery-software\/wp-content\/uploads\/ai\/How-to-Retrieve-Files-After-Formatting-a-USB-Drive-French.jpg\" alt=\"Comment r\u00e9cup\u00e9rer des fichiers apr\u00e8s avoir format\u00e9 une cl\u00e9 USB\" title=\"Comment r\u00e9cup\u00e9rer des fichiers apr\u00e8s avoir format\u00e9 une cl\u00e9 USB\" width=\"1280\" height=\"720\">             <\/p>\n<p>Perdre des donn\u00e9es d&rsquo;une <b>cl\u00e9 USB format\u00e9e<\/b> peut \u00eatre une \u00e9preuve frustrante. C&rsquo;est un incident courant qui peut se produire pour diverses raisons telles que le formatage accidentel, les attaques de virus ou m\u00eame des erreurs syst\u00e8me. Heureusement, des outils de r\u00e9cup\u00e9ration sp\u00e9cialis\u00e9s comme <b>Disk Drill<\/b> et <b>PhotoRec<\/b> peuvent consid\u00e9rablement augmenter les chances de r\u00e9cup\u00e9rer vos fichiers perdus. Dans ce guide approfondi, je partagerai mon exp\u00e9rience personnelle sur la mani\u00e8re de r\u00e9cup\u00e9rer des donn\u00e9es d&rsquo;une cl\u00e9 USB format\u00e9e en utilisant ces puissantes solutions logicielles. Il est \u00e0 noter qu&rsquo;il existe de nombreux outils disponibles pour la r\u00e9cup\u00e9ration de donn\u00e9es, et <a href='https:\/\/www.pandorarecovery.com\/best-usb-data-recovery-software\/' rel=\"dofollow noopener\" target='_blank'>les logiciels \u00e9prouv\u00e9s pour une r\u00e9cup\u00e9ration efficace des fichiers USB<\/a> \u00e9valuent et classent les meilleurs outils logiciels de r\u00e9cup\u00e9ration de donn\u00e9es USB pour 2023, y compris \u00e0 la fois des options gratuites et payantes.<\/p>\n<\/div>\n<\/div>\n<\/section>\n<section>\n<div>\n<div>1<\/div>\n<h2>Sc\u00e9narios communs :<\/h2>\n<\/div>\n<h3>Formatage accidentel &#129529;<\/h3>\n<ul>\n<li>Le sc\u00e9nario le plus fr\u00e9quent o\u00f9 vous pourriez avoir besoin de r\u00e9cup\u00e9rer des donn\u00e9es d&rsquo;une cl\u00e9 USB format\u00e9e est lorsque vous avez accidentellement s\u00e9lectionn\u00e9 le mauvais lecteur au cours d&rsquo;une session de nettoyage.<\/li>\n<li>Les options de <b>Formatage rapide<\/b> ne suppriment pas totalement les donn\u00e9es, ce qui augmente les chances de r\u00e9cup\u00e9ration.<\/li>\n<li>V\u00e9rifiez toujours la lettre du lecteur et le nom avant de formater pour \u00e9viter de telles situations.<\/li>\n<\/ul>\n<h3>Attaque de Virus &#129440;<\/h3>\n<ul>\n<li>Les virus et les malwares peuvent forcer le formatage de votre cl\u00e9 USB sans votre consentement, entra\u00eenant ainsi la n\u00e9cessit\u00e9 d&rsquo;une r\u00e9cup\u00e9ration des donn\u00e9es.<\/li>\n<li>Utiliser <b>un logiciel antivirus<\/b> r\u00e9guli\u00e8rement peut aider \u00e0 pr\u00e9venir de tels formatages involontaires.<\/li>\n<li>Il est important de r\u00e9cup\u00e9rer les donn\u00e9es avant qu&rsquo;elles ne soient \u00e9cras\u00e9es par de nouveaux fichiers.<\/li>\n<\/ul>\n<h3>Erreurs syst\u00e8me &#9888;<\/h3>\n<ul>\n<li>Parfois, des erreurs syst\u00e8me peuvent demander un formatage de votre cl\u00e9 USB, ce qui peut entra\u00eener une perte de donn\u00e9es.<\/li>\n<li>Assurez-vous d&rsquo;\u00e9jecter les cl\u00e9s USB en toute s\u00e9curit\u00e9 pour \u00e9viter les erreurs syst\u00e8me qui peuvent corrompre les donn\u00e9es ou initier un formatage non intentionnel.<\/li>\n<li>Utiliser un <b>syst\u00e8me de fichiers<\/b> fiable et moins sujet aux erreurs peut \u00e9galement att\u00e9nuer ces risques.<\/li>\n<\/ul>\n<\/section>\n<section class=\"stepByStep\">\n<div>\n<div>2<\/div>\n<h2>Guide \u00e9tape par \u00e9tape. R\u00e9cup\u00e9rer une cl\u00e9 USB format\u00e9e :<\/h2>\n<\/div>\n<h3>M\u00e9thode 1 : Disk Drill &#128736;<\/h3>\n<ul>\n<li>Commencez par <b>t\u00e9l\u00e9charger<\/b> et installer Disk Drill depuis le site officiel sur votre ordinateur. Assurez-vous de l&rsquo;installer sur un disque diff\u00e9rent de celui que vous essayez de r\u00e9cup\u00e9rer pour \u00e9viter d&rsquo;\u00e9craser les donn\u00e9es.<\/li>\n<li>Lancez Disk Drill et s\u00e9lectionnez votre cl\u00e9 USB format\u00e9e dans la liste des lecteurs disponibles. Cliquez sur le bouton &lsquo;R\u00e9cup\u00e9rer&rsquo; pour d\u00e9marrer le processus de scan.<\/li>\n<li>Apr\u00e8s le scan, passez en revue les fichiers r\u00e9cup\u00e9r\u00e9s et s\u00e9lectionnez ceux que vous souhaitez restaurer.<\/li>\n<li>Le <b><a href='https:\/\/www.cleverfiles.com\/usb-flash-drive-recovery.html' rel=\"nofollow noopener\" target='_blank'>site officiel de Disk Drill<\/a><\/b> fournit des instructions d\u00e9taill\u00e9es sur le processus de r\u00e9cup\u00e9ration, et c&rsquo;est une excellente ressource pour d\u00e9panner en cas de probl\u00e8me.<\/li>\n<\/ul>\n<p><b>Note :<\/b> Il est pr\u00e9f\u00e9rable de lancer un scan approfondi si le scan rapide ne trouve pas vos fichiers.<\/p>\n<p><b>Conclusion :<\/b> L&rsquo;interface intuitive et les capacit\u00e9s de scan puissantes de Disk Drill en font un choix fiable pour la r\u00e9cup\u00e9ration de donn\u00e9es.<\/p>\n<h3>M\u00e9thode 2 : PhotoRec &#128247;<\/h3>\n<ul>\n<li>T\u00e9l\u00e9chargez PhotoRec depuis le site officiel, qui est fourni avec TestDisk. Extrayez le contenu et ex\u00e9cutez l&rsquo;ex\u00e9cutable &lsquo;photorec_static&rsquo;.<\/li>\n<li>S\u00e9lectionnez la cl\u00e9 USB format\u00e9e lorsque cela est demand\u00e9, et choisissez le type de syst\u00e8me de fichiers. Si vous n&rsquo;\u00eates pas s\u00fbr, vous pouvez s\u00e9lectionner &lsquo;Autre&rsquo;.<\/li>\n<li>Choisissez un dossier o\u00f9 les fichiers r\u00e9cup\u00e9r\u00e9s seront enregistr\u00e9s. Il est crucial que cela soit sur un disque diff\u00e9rent de celui en cours de r\u00e9cup\u00e9ration.<\/li>\n<li>Laissez PhotoRec scanner votre lecteur. Le processus peut prendre du temps en fonction de la taille de votre cl\u00e9 USB et de la quantit\u00e9 de donn\u00e9es.<\/li>\n<li>Le <b><a href='https:\/\/www.cgsecurity.org\/wiki\/PhotoRec_Step_By_Step' rel=\"nofollow noopener\" target='_blank'>guide officiel PhotoRec<\/a><\/b> donne des instructions \u00e9tape par \u00e9tape compl\u00e8tes et peut aider si vous rencontrez des difficult\u00e9s.<\/li>\n<\/ul>\n<p><b>Note :<\/b> PhotoRec r\u00e9cup\u00e9rera les fichiers sans leurs noms d&rsquo;origine, vous devrez donc peut-\u00eatre les trier manuellement apr\u00e8s r\u00e9cup\u00e9ration.<\/p>\n<p><b>Conclusion :<\/b> L&rsquo;approche sans fioritures de PhotoRec pour la r\u00e9cup\u00e9ration de donn\u00e9es en fait un outil exceptionnel, en particulier pour ceux qui sont \u00e0 l&rsquo;aise avec des interfaces non graphiques.<\/p>\n<\/section>\n<section>\n<div>\n<div>3<\/div>\n<h2>Vid\u00e9o Youtube \u00e0 regarder<\/h2>\n<\/div>\n<div class=\"iframe\"><iframe width=\"420\" height=\"315\" src=\"\/\/www.youtube.com\/embed\/tCbGcYXGw54\" frameborder=\"0\" allowfullscreen><\/iframe><\/div>\n<\/section>\n<section>\n<div>\n<div>4<\/div>\n<h2>Pr\u00e9cautions et conseils :<\/h2>\n<\/div>\n<h3>Prot\u00e9gez vos donn\u00e9es &#9876;<\/h3>\n<ul>\n<li>Toujours <b>sauvegarder<\/b> les fichiers importants dans plusieurs emplacements, tels qu&rsquo;un disque dur externe ou un stockage en nuage.<\/li>\n<li>Utilisez la protection en \u00e9criture sur les cl\u00e9s USB pour \u00e9viter le formatage accidentel ou la modification des donn\u00e9es.<\/li>\n<li>Mettez r\u00e9guli\u00e8rement \u00e0 jour les <b>logiciels antivirus et anti-malware<\/b> pour vous prot\u00e9ger contre les menaces malveillantes susceptibles de compromettre vos donn\u00e9es.<\/li>\n<\/ul>\n<\/section>\n<section>\n<div>\n<div>5<\/div>\n<h2>S\u00e9curit\u00e9 des donn\u00e9es USB<\/h2>\n<\/div>\n<p>En ce qui concerne la s\u00e9curit\u00e9 et la r\u00e9cup\u00e9ration des <b>donn\u00e9es USB<\/b>, on ne peut jamais \u00eatre trop prudent. Bien que des logiciels tels que Disk Drill et PhotoRec offrent des options de r\u00e9cup\u00e9ration solides, la cl\u00e9 r\u00e9side dans la prise de <b>mesures pr\u00e9ventives<\/b> pour prot\u00e9ger vos donn\u00e9es. Les <b>sauvegardes<\/b> r\u00e9guli\u00e8res constituent votre premi\u00e8re ligne de d\u00e9fense contre la perte de donn\u00e9es. Des services tels que <a href='https:\/\/support.microsoft.com\/en-us\/windows\/back-up-and-restore-your-files-12386d65-963d-1dcc-550c-dbe737b4eed0' rel=\"nofollow noopener\" target='_blank'>Sauvegarde et restauration de Windows<\/a> et <a href='https:\/\/www.apple.com\/icloud\/' rel=\"nofollow noopener\" target='_blank'>iCloud<\/a> facilitent des sauvegardes faciles et consistentes.<\/p>\n<p>De plus, il est essentiel de faire preuve de discernement lors de l&rsquo;achat de cl\u00e9s USB. Certaines cl\u00e9s sont \u00e9quip\u00e9es d&rsquo;un cryptage int\u00e9gr\u00e9 et d&rsquo;autres <b>fonctionnalit\u00e9s de s\u00e9curit\u00e9<\/b> pouvant emp\u00eacher l&rsquo;acc\u00e8s non autoris\u00e9 et la perte de donn\u00e9es. Se renseigner sur les <b>types de formats<\/b> (FAT32, exFAT, NTFS) et leurs cas d&rsquo;utilisation respectifs est \u00e9galement pr\u00e9cieux.<\/p>\n<p>De plus, assurez-vous d&rsquo;\u00eatre \u00e9quip\u00e9 d&rsquo;un logiciel antivirus fiable. <a href='https:\/\/www.av-test.org\/en\/' rel=\"nofollow noopener\" target='_blank'>AV-TEST<\/a> fournit des avis et des classements impartiaux de programmes antivirus qui peuvent vous aider \u00e0 prendre une d\u00e9cision \u00e9clair\u00e9e. Enfin, envisagez d&rsquo;investir dans une <b>assurance de r\u00e9cup\u00e9ration de donn\u00e9es<\/b> ou un <b>plan de service de r\u00e9cup\u00e9ration<\/b> si vous manipulez fr\u00e9quemment des donn\u00e9es sensibles ou critiques.<\/p>\n<\/section>\n<section>\n<h2>Conclusion :<\/h2>\n<div class=\"nonp\">\n<p>R\u00e9cup\u00e9rer des donn\u00e9es d&rsquo;une cl\u00e9 USB format\u00e9e n&rsquo;est pas une t\u00e2che ais\u00e9e, mais avec l&rsquo;aide de <b>Disk Drill<\/b> et de <b>PhotoRec<\/b>, vous avez une chance de r\u00e9cup\u00e9rer vos fichiers. Rappelez-vous, les \u00e9tapes cl\u00e9s de la r\u00e9cup\u00e9ration sont l&rsquo;action rapide, le choix du bon logiciel, et veiller \u00e0 ne pas \u00e9craser les donn\u00e9es pr\u00e9cieuses. En restant inform\u00e9 et pr\u00e9par\u00e9, vous aurez les meilleures chances de remettre vos donn\u00e9es en s\u00e9curit\u00e9.<\/p>\n<\/div>\n<\/section>\n","protected":false},"excerpt":{"rendered":"<p>Comment r\u00e9cup\u00e9rer des fichiers apr\u00e8s avoir format\u00e9 une cl\u00e9 USB Perdre des donn\u00e9es d&rsquo;une cl\u00e9 USB format\u00e9e peut \u00eatre une \u00e9preuve frustrante. C&rsquo;est un incident courant qui peut se produire pour diverses raisons telles que le formatage accidentel, les attaques de virus ou m\u00eame des erreurs syst\u00e8me. Heureusement, des outils de r\u00e9cup\u00e9ration sp\u00e9cialis\u00e9s comme Disk [&hellip;]<\/p>\n","protected":false},"author":2,"featured_media":36374,"parent":0,"menu_order":0,"comment_status":"closed","ping_status":"closed","template":"chromecast.php","meta":{"_stopmodifiedupdate":false,"_modified_date":"","_lmt_disableupdate":"yes","_lmt_disable":""},"acf":[],"yoast_head":"<!-- This site is optimized with the Yoast SEO plugin v20.9 - https:\/\/yoast.com\/wordpress\/plugins\/seo\/ -->\n<title>Comment restaurer des donn\u00e9es perdues \u00e0 partir d&#039;une cl\u00e9 USB format\u00e9e<\/title>\n<meta name=\"robots\" content=\"index, follow, max-snippet:-1, max-image-preview:large, max-video-preview:-1\" \/>\n<link rel=\"canonical\" href=\"https:\/\/datarecovery.ping.fm\/fr\/recover-formatted-usb\/\" \/>\n<meta property=\"og:locale\" content=\"fr_FR\" \/>\n<meta property=\"og:type\" content=\"article\" \/>\n<meta property=\"og:title\" content=\"Comment restaurer des donn\u00e9es perdues \u00e0 partir d&#039;une cl\u00e9 USB format\u00e9e\" \/>\n<meta property=\"og:description\" content=\"Comment r\u00e9cup\u00e9rer des fichiers apr\u00e8s avoir format\u00e9 une cl\u00e9 USB Perdre des donn\u00e9es d&rsquo;une cl\u00e9 USB format\u00e9e peut \u00eatre une \u00e9preuve frustrante. C&rsquo;est un incident courant qui peut se produire pour diverses raisons telles que le formatage accidentel, les attaques de virus ou m\u00eame des erreurs syst\u00e8me. Heureusement, des outils de r\u00e9cup\u00e9ration sp\u00e9cialis\u00e9s comme Disk [&hellip;]\" \/>\n<meta property=\"og:url\" content=\"https:\/\/datarecovery.ping.fm\/fr\/recover-formatted-usb\/\" \/>\n<meta property=\"og:site_name\" content=\"Logiciel de r\u00e9cup\u00e9ration de donn\u00e9es\" \/>\n<meta property=\"article:modified_time\" content=\"2024-02-16T08:54:27+00:00\" \/>\n<meta property=\"og:image\" content=\"https:\/\/datarecovery.ping.fm\/wp-content\/uploads\/2024\/03\/How-to-Retrieve-Files-After-Formatting-a-USB-Drive-French.jpg\" \/>\n\t<meta property=\"og:image:width\" content=\"1280\" \/>\n\t<meta property=\"og:image:height\" content=\"731\" \/>\n\t<meta property=\"og:image:type\" content=\"image\/jpeg\" \/>\n<meta name=\"twitter:card\" content=\"summary_large_image\" \/>\n<meta name=\"twitter:label1\" content=\"Est. reading time\" \/>\n\t<meta name=\"twitter:data1\" content=\"6 minutes\" \/>\n<script type=\"application\/ld+json\" class=\"yoast-schema-graph\">{\"@context\":\"https:\/\/schema.org\",\"@graph\":[{\"@type\":\"WebPage\",\"@id\":\"https:\/\/datarecovery.ping.fm\/fr\/recover-formatted-usb\/\",\"url\":\"https:\/\/datarecovery.ping.fm\/fr\/recover-formatted-usb\/\",\"name\":\"Comment restaurer des donn\u00e9es perdues \u00e0 partir d'une cl\u00e9 USB format\u00e9e\",\"isPartOf\":{\"@id\":\"https:\/\/datarecovery.ping.fm\/fr\/#website\"},\"datePublished\":\"2023-12-25T15:46:11+00:00\",\"dateModified\":\"2024-02-16T08:54:27+00:00\",\"breadcrumb\":{\"@id\":\"https:\/\/datarecovery.ping.fm\/fr\/recover-formatted-usb\/#breadcrumb\"},\"inLanguage\":\"fr-FR\",\"potentialAction\":[{\"@type\":\"ReadAction\",\"target\":[\"https:\/\/datarecovery.ping.fm\/fr\/recover-formatted-usb\/\"]}]},{\"@type\":\"BreadcrumbList\",\"@id\":\"https:\/\/datarecovery.ping.fm\/fr\/recover-formatted-usb\/#breadcrumb\",\"itemListElement\":[{\"@type\":\"ListItem\",\"position\":1,\"name\":\"Home\",\"item\":\"https:\/\/datarecovery.ping.fm\/fr\/\"},{\"@type\":\"ListItem\",\"position\":2,\"name\":\"Comment r\u00e9cup\u00e9rer des fichiers apr\u00e8s avoir format\u00e9 une cl\u00e9 USB\"}]},{\"@type\":\"WebSite\",\"@id\":\"https:\/\/datarecovery.ping.fm\/fr\/#website\",\"url\":\"https:\/\/datarecovery.ping.fm\/fr\/\",\"name\":\"Logiciel de r\u00e9cup\u00e9ration de donn\u00e9es\",\"description\":\"\",\"potentialAction\":[{\"@type\":\"SearchAction\",\"target\":{\"@type\":\"EntryPoint\",\"urlTemplate\":\"https:\/\/datarecovery.ping.fm\/fr\/?s={search_term_string}\"},\"query-input\":\"required name=search_term_string\"}],\"inLanguage\":\"fr-FR\"}]}<\/script>\n<!-- \/ Yoast SEO plugin. -->","yoast_head_json":{"title":"Comment restaurer des donn\u00e9es perdues \u00e0 partir d'une cl\u00e9 USB format\u00e9e","robots":{"index":"index","follow":"follow","max-snippet":"max-snippet:-1","max-image-preview":"max-image-preview:large","max-video-preview":"max-video-preview:-1"},"canonical":"https:\/\/datarecovery.ping.fm\/fr\/recover-formatted-usb\/","og_locale":"fr_FR","og_type":"article","og_title":"Comment restaurer des donn\u00e9es perdues \u00e0 partir d'une cl\u00e9 USB format\u00e9e","og_description":"Comment r\u00e9cup\u00e9rer des fichiers apr\u00e8s avoir format\u00e9 une cl\u00e9 USB Perdre des donn\u00e9es d&rsquo;une cl\u00e9 USB format\u00e9e peut \u00eatre une \u00e9preuve frustrante. C&rsquo;est un incident courant qui peut se produire pour diverses raisons telles que le formatage accidentel, les attaques de virus ou m\u00eame des erreurs syst\u00e8me. Heureusement, des outils de r\u00e9cup\u00e9ration sp\u00e9cialis\u00e9s comme Disk [&hellip;]","og_url":"https:\/\/datarecovery.ping.fm\/fr\/recover-formatted-usb\/","og_site_name":"Logiciel de r\u00e9cup\u00e9ration de donn\u00e9es","article_modified_time":"2024-02-16T08:54:27+00:00","og_image":[{"width":1280,"height":731,"url":"https:\/\/datarecovery.ping.fm\/wp-content\/uploads\/2024\/03\/How-to-Retrieve-Files-After-Formatting-a-USB-Drive-French.jpg","type":"image\/jpeg"}],"twitter_card":"summary_large_image","twitter_misc":{"Est. reading time":"6 minutes"},"schema":{"@context":"https:\/\/schema.org","@graph":[{"@type":"WebPage","@id":"https:\/\/datarecovery.ping.fm\/fr\/recover-formatted-usb\/","url":"https:\/\/datarecovery.ping.fm\/fr\/recover-formatted-usb\/","name":"Comment restaurer des donn\u00e9es perdues \u00e0 partir d'une cl\u00e9 USB format\u00e9e","isPartOf":{"@id":"https:\/\/datarecovery.ping.fm\/fr\/#website"},"datePublished":"2023-12-25T15:46:11+00:00","dateModified":"2024-02-16T08:54:27+00:00","breadcrumb":{"@id":"https:\/\/datarecovery.ping.fm\/fr\/recover-formatted-usb\/#breadcrumb"},"inLanguage":"fr-FR","potentialAction":[{"@type":"ReadAction","target":["https:\/\/datarecovery.ping.fm\/fr\/recover-formatted-usb\/"]}]},{"@type":"BreadcrumbList","@id":"https:\/\/datarecovery.ping.fm\/fr\/recover-formatted-usb\/#breadcrumb","itemListElement":[{"@type":"ListItem","position":1,"name":"Home","item":"https:\/\/datarecovery.ping.fm\/fr\/"},{"@type":"ListItem","position":2,"name":"Comment r\u00e9cup\u00e9rer des fichiers apr\u00e8s avoir format\u00e9 une cl\u00e9 USB"}]},{"@type":"WebSite","@id":"https:\/\/datarecovery.ping.fm\/fr\/#website","url":"https:\/\/datarecovery.ping.fm\/fr\/","name":"Logiciel de r\u00e9cup\u00e9ration de donn\u00e9es","description":"","potentialAction":[{"@type":"SearchAction","target":{"@type":"EntryPoint","urlTemplate":"https:\/\/datarecovery.ping.fm\/fr\/?s={search_term_string}"},"query-input":"required name=search_term_string"}],"inLanguage":"fr-FR"}]}},"_links":{"self":[{"href":"https:\/\/datarecovery.ping.fm\/fr\/wp-json\/wp\/v2\/pages\/17783"}],"collection":[{"href":"https:\/\/datarecovery.ping.fm\/fr\/wp-json\/wp\/v2\/pages"}],"about":[{"href":"https:\/\/datarecovery.ping.fm\/fr\/wp-json\/wp\/v2\/types\/page"}],"author":[{"embeddable":true,"href":"https:\/\/datarecovery.ping.fm\/fr\/wp-json\/wp\/v2\/users\/2"}],"replies":[{"embeddable":true,"href":"https:\/\/datarecovery.ping.fm\/fr\/wp-json\/wp\/v2\/comments?post=17783"}],"version-history":[{"count":1,"href":"https:\/\/datarecovery.ping.fm\/fr\/wp-json\/wp\/v2\/pages\/17783\/revisions"}],"predecessor-version":[{"id":36373,"href":"https:\/\/datarecovery.ping.fm\/fr\/wp-json\/wp\/v2\/pages\/17783\/revisions\/36373"}],"wp:featuredmedia":[{"embeddable":true,"href":"https:\/\/datarecovery.ping.fm\/fr\/wp-json\/wp\/v2\/media\/36374"}],"wp:attachment":[{"href":"https:\/\/datarecovery.ping.fm\/fr\/wp-json\/wp\/v2\/media?parent=17783"}],"curies":[{"name":"wp","href":"https:\/\/api.w.org\/{rel}","templated":true}]}}