{"id":17625,"date":"2023-12-25T15:46:11","date_gmt":"2023-12-25T15:46:11","guid":{"rendered":"https:\/\/www.ping.fm\/data-recovery-software\/recover-deleted-photos-from-sony-camera\/"},"modified":"2024-02-16T08:54:26","modified_gmt":"2024-02-16T08:54:26","slug":"recover-deleted-photos-from-sony-camera","status":"publish","type":"page","link":"https:\/\/datarecovery.ping.fm\/fr\/recover-deleted-photos-from-sony-camera\/","title":{"rendered":"Comment r\u00e9cup\u00e9rer des photos perdues depuis la carte SD de votre appareil photo Sony"},"content":{"rendered":"<section>\n<h1>Comment r\u00e9cup\u00e9rer des photos perdues sur la carte SD de votre appareil photo Sony<\/h1>\n<div class=\"inbrief\">\n<div>             <img src=\"https:\/\/www.ping.fm\/data-recovery-software\/wp-content\/uploads\/ai\/How-to-Retrieve-Lost-Photos-from-Your-Sony-Camera's-SD-Card-French.jpg\" alt=\"Comment r\u00e9cup\u00e9rer des photos perdues sur la carte SD de votre appareil photo Sony\" title=\"Comment r\u00e9cup\u00e9rer des photos perdues sur la carte SD de votre appareil photo Sony\" width=\"1280\" height=\"720\">             <\/p>\n<p>Avez-vous d\u00e9j\u00e0 v\u00e9cu ce moment d\u00e9chirant o\u00f9 vous avez accidentellement supprim\u00e9 des souvenirs pr\u00e9cieux captur\u00e9s sur la carte SD de votre appareil photo Sony ? Que cela soit d\u00fb \u00e0 une mauvaise manipulation ou \u00e0 un probl\u00e8me technique, le r\u00e9sultat est le m\u00eame : vos photos semblent avoir d\u00e9finitivement disparu. Mais ne paniquez pas encore ! Il existe des moyens de retrouver ces moments perdus. Dans cet article, nous explorerons comment r\u00e9cup\u00e9rer des photos supprim\u00e9es d&rsquo;une carte SD d&rsquo;appareil photo Sony en utilisant <b>Disk Drill<\/b>, un logiciel de r\u00e9cup\u00e9ration de donn\u00e9es puissant et convivial. Il est important de noter que parmi les <a href='https:\/\/www.pandorarecovery.com\/sd-recovery.html' rel=\"dofollow noopener\" target='_blank'>outils de r\u00e9cup\u00e9ration de carte SD \u00e9valu\u00e9s par les experts<\/a>, Disk Drill se distingue par son efficacit\u00e9 et sa simplicit\u00e9 \u00e0 restaurer les donn\u00e9es perdues. Continuez \u00e0 lire pour d\u00e9couvrir le processus \u00e9tape par \u00e9tape que j&rsquo;ai personnellement utilis\u00e9 pour r\u00e9cup\u00e9rer avec succ\u00e8s des images, vous donnant ainsi la meilleure chance de r\u00e9cup\u00e9rer vos souvenirs.<\/p>\n<\/div>\n<\/div>\n<\/section>\n<section>\n<div>\n<div>1<\/div>\n<h2>Sc\u00e9narios courants :<\/h2>\n<\/div>\n<h3>Suppression accidentelle &#128465;<\/h3>\n<ul>\n<li><b>L&rsquo;erreur humaine<\/b> est une cause fr\u00e9quente de perte de donn\u00e9es. Peut-\u00eatre qu&rsquo;en visualisant des photos sur votre appareil photo Sony, vous avez accidentellement s\u00e9lectionn\u00e9 &lsquo;Supprimer tout&rsquo; au lieu de &lsquo;Supprimer un&rsquo;.<\/li>\n<li><b>Dans l&rsquo;intention<\/b> de supprimer juste une mauvaise prise, vous avez peut-\u00eatre appuy\u00e9 sur le mauvais bouton, entra\u00eenant la perte d&rsquo;un ensemble entier d&rsquo;images.<\/li>\n<\/ul>\n<h3>Erreur de formatage &#128295;<\/h3>\n<ul>\n<li><b>Formater<\/b> la carte SD sans sauvegarder les photos arrive souvent lorsque vous \u00eates press\u00e9 ou que vous ne faites pas enti\u00e8rement attention aux invites de l&rsquo;appareil photo.<\/li>\n<li><b>Choisir par erreur<\/b> l&rsquo;option &lsquo;Formater&rsquo; dans les param\u00e8tres de votre appareil photo Sony peut entra\u00eener un effacement complet du contenu de la carte SD.<\/li>\n<\/ul>\n<h3>Bugs techniques &#9881;<\/h3>\n<ul>\n<li><b>La corruption<\/b> du syst\u00e8me de fichier de la carte SD peut survenir, vous emp\u00eachant d&rsquo;acc\u00e9der \u00e0 tout fichier, y compris les photos.<\/li>\n<li><b>Les dysfonctionnements<\/b> logiciels ou mat\u00e9riels peuvent \u00e9galement conduire \u00e0 une suppression ou une perte de donn\u00e9es inexpliqu\u00e9es.<\/li>\n<\/ul>\n<\/section>\n<section class=\"stepByStep\">\n<div>\n<div>2<\/div>\n<h2>Guide \u00e9tape par \u00e9tape. R\u00e9cup\u00e9rer des photos supprim\u00e9es d&rsquo;un appareil photo Sony :<\/h2>\n<\/div>\n<h3>M\u00e9thode 1 : T\u00e9l\u00e9chargez et installez Disk Drill &#128229;<\/h3>\n<ul>\n<li>Rendez-vous sur le site officiel de <b>CleverFiles<\/b> <a href='https:\/\/www.cleverfiles.com\/' rel=\"nofollow noopener\" target='_blank'>https:\/\/www.cleverfiles.com\/<\/a> et t\u00e9l\u00e9chargez <b>Disk Drill<\/b> pour Windows ou macOS.<\/li>\n<li><b>Installez<\/b> Disk Drill en suivant les instructions \u00e0 l&rsquo;\u00e9cran, en veillant \u00e0 ne pas l&rsquo;installer sur la carte SD o\u00f9 se trouvaient les photos perdues pour \u00e9viter d&rsquo;\u00e9craser les donn\u00e9es.<\/li>\n<\/ul>\n<p><b>Note :<\/b> Choisissez la version gratuite si vous r\u00e9cup\u00e9rez moins de 500 Mo de donn\u00e9es ou la version Pro pour des r\u00e9cup\u00e9rations plus importantes et des fonctionnalit\u00e9s avanc\u00e9es.<\/p>\n<p><b>Conclusion :<\/b> Une fois Disk Drill install\u00e9, vous \u00eates pr\u00eat \u00e0 commencer le processus de r\u00e9cup\u00e9ration.<\/p>\n<h3>M\u00e9thode 2 : Connectez votre carte SD &#128391;<\/h3>\n<ul>\n<li>Ins\u00e9rez la <b>carte SD<\/b> de votre appareil photo Sony dans le lecteur de carte de votre ordinateur. Si votre ordinateur n&rsquo;a pas de fente pour carte SD int\u00e9gr\u00e9e, utilisez un lecteur de carte externe.<\/li>\n<li>Une fois connect\u00e9e, assurez-vous que votre ordinateur reconna\u00eet la carte SD. Elle devrait appara\u00eetre comme un lecteur amovible sous &lsquo;Mon Ordinateur&rsquo; sur Windows ou sur le Bureau pour macOS.<\/li>\n<\/ul>\n<p><b>Note :<\/b> Refrain from adding new data to the SD card to avoid overwriting the deleted photos you aim to recover.<\/p>\n<p><b>Conclusion :<\/b> Avec la carte SD connect\u00e9e \u00e0 votre ordinateur, elle est maintenant pr\u00eate pour que Disk Drill puisse faire des merveilles.<\/p>\n<h3>M\u00e9thode 3 : Lancez l&rsquo;outil de r\u00e9cup\u00e9ration Disk Drill &#128269;<\/h3>\n<ul>\n<li>Ouvrez <b>Disk Drill<\/b> et localisez la carte SD dans la section &lsquo;Appareils&rsquo; de l&rsquo;application.<\/li>\n<li>Cliquez sur le bouton &lsquo;R\u00e9cup\u00e9rer&rsquo; \u00e0 c\u00f4t\u00e9 du nom de votre carte SD pour commencer \u00e0 scanner \u00e0 la recherche de donn\u00e9es perdues. Disk Drill commencera \u00e0 analyser la carte pour retrouver les fichiers r\u00e9cup\u00e9rables.<\/li>\n<\/ul>\n<p><b>Note :<\/b> Un &lsquo;Scan rapide&rsquo; peut suffire pour les fichiers r\u00e9cemment supprim\u00e9s, mais un &lsquo;Scan approfondi&rsquo; est recommand\u00e9 pour des r\u00e9sultats plus complets.<\/p>\n<p><b>Conclusion :<\/b> Le scan peut prendre plusieurs minutes ou plus selon la taille de votre carte SD et la quantit\u00e9 de donn\u00e9es \u00e0 r\u00e9cup\u00e9rer.<\/p>\n<h3>M\u00e9thode 4 : Revoyez et s\u00e9lectionnez les photos \u00e0 r\u00e9cup\u00e9rer &#9989;<\/h3>\n<ul>\n<li>Une fois que Disk Drill a termin\u00e9 le scan, passez en revue les fichiers trouv\u00e9s. Vous pouvez utiliser les filtres pour afficher uniquement les fichiers image, ce qui facilite la recherche de vos photos supprim\u00e9es.<\/li>\n<li>S\u00e9lectionnez les photos que vous souhaitez r\u00e9cup\u00e9rer en cochant les cases \u00e0 c\u00f4t\u00e9 de chaque nom de fichier.<\/li>\n<\/ul>\n<p><b>Note :<\/b> Vous pouvez pr\u00e9visualiser les photos avant de les r\u00e9cup\u00e9rer pour vous assurer qu&rsquo;il s&rsquo;agit des bons fichiers et qu&rsquo;ils sont intacts.<\/p>\n<p><b>Conclusion :<\/b> Apr\u00e8s avoir s\u00e9lectionn\u00e9 les photos souhait\u00e9es, vous \u00eates \u00e0 un pas de les r\u00e9cup\u00e9rer.<\/p>\n<h3>M\u00e9thode 5 : R\u00e9cup\u00e9rez et sauvegardez vos photos &#128248;<\/h3>\n<ul>\n<li>Initiez la r\u00e9cup\u00e9ration en cliquant sur le bouton &lsquo;R\u00e9cup\u00e9rer&rsquo; apr\u00e8s avoir s\u00e9lectionn\u00e9 les photos.<\/li>\n<li>Choisissez un emplacement s\u00fbr sur le disque dur de votre ordinateur pour sauvegarder les photos r\u00e9cup\u00e9r\u00e9es. Ne les sauvegardez pas imm\u00e9diatement sur la carte SD.<\/li>\n<\/ul>\n<p><b>Note :<\/b> Il est pr\u00e9f\u00e9rable de sauvegarder les fichiers r\u00e9cup\u00e9r\u00e9s \u00e0 un emplacement diff\u00e9rent de l&rsquo;original pour \u00e9viter la corruption des donn\u00e9es.<\/p>\n<p><b>Conclusion :<\/b> F\u00e9licitations, vos photos devraient maintenant \u00eatre restaur\u00e9es \u00e0 l&#8217;emplacement choisi !<\/p>\n<h3>M\u00e9thode 6 : Sauvegardez vos photos apr\u00e8s la r\u00e9cup\u00e9ration &#128737;<\/h3>\n<ul>\n<li>Maintenant que vous avez r\u00e9cup\u00e9r\u00e9 vos photos, pensez \u00e0 les sauvegarder sur un <b>disque dur externe<\/b>, <b>un stockage en cloud<\/b> ou un autre emplacement s\u00fbr.<\/li>\n<li>Des sauvegardes r\u00e9guli\u00e8res peuvent \u00e9viter le stress et l&rsquo;urgence de la r\u00e9cup\u00e9ration de donn\u00e9es \u00e0 l&rsquo;avenir.<\/li>\n<\/ul>\n<p><b>Note :<\/b> Effectuez des sauvegardes r\u00e9guli\u00e8res apr\u00e8s des s\u00e9ances de photos importantes ou des \u00e9v\u00e9nements pour minimiser les risques de perte de donn\u00e9es.<\/p>\n<p><b>Conclusion :<\/b> Avec vos photos en s\u00e9curit\u00e9, vous serez plus tranquille.<\/p>\n<\/section>\n<section>\n<div>\n<div>3<\/div>\n<h2>Vid\u00e9o Youtube \u00e0 regarder<\/h2>\n<\/div>\n<div class=\"iframe\"><iframe width=\"420\" height=\"315\" src=\"\/\/www.youtube.com\/embed\/4dQREfLkiVc\" frameborder=\"0\" allowfullscreen><\/iframe><\/div>\n<\/section>\n<section>\n<div>\n<div>4<\/div>\n<h2>Pr\u00e9cautions et conseils :<\/h2>\n<\/div>\n<h3>Mesures de s\u00e9curit\u00e9 &#128721;<\/h3>\n<ul>\n<li>\u00c9vitez d&rsquo;utiliser la carte SD pour de nouvelles donn\u00e9es afin de pr\u00e9venir <b>l&rsquo;\u00e9crasement des fichiers supprim\u00e9s<\/b>.<\/li>\n<li>Mettez en \u0153uvre une strat\u00e9gie de <b>sauvegarde r\u00e9guli\u00e8re<\/b>, incluant le stockage des photos dans plusieurs emplacements.<\/li>\n<li>Envisagez d&rsquo;investir dans des cartes SD de haute qualit\u00e9 et de les conserver dans des <b>\u00e9tuis de protection<\/b> pour att\u00e9nuer les dommages physiques.<\/li>\n<\/ul>\n<h3>Options de r\u00e9cup\u00e9ration suppl\u00e9mentaires &#128161;<\/h3>\n<ul>\n<li>Explorez d&rsquo;autres <b>logiciels de r\u00e9cup\u00e9ration de donn\u00e9es<\/b> si Disk Drill ne donne pas les r\u00e9sultats escompt\u00e9s. Il est toujours bon d&rsquo;avoir un plan B en r\u00e9serve.<\/li>\n<li>Faites appel \u00e0 des services professionnels de <b>r\u00e9cup\u00e9ration de donn\u00e9es<\/b> si les donn\u00e9es sont critiques, en particulier lorsque vous \u00eates confront\u00e9 \u00e0 des dommages physiques de la carte SD.<\/li>\n<\/ul>\n<\/section>\n<section>\n<div>\n<div>5<\/div>\n<h2>Protection suppl\u00e9mentaire<\/h2>\n<\/div>\n<p>Prot\u00e9ger vos photos va au-del\u00e0 du processus de r\u00e9cup\u00e9ration. Il est crucial de comprendre <b>pourquoi<\/b> la perte de donn\u00e9es se produit pour mieux vous pr\u00e9munir contre les probl\u00e8mes potentiels \u00e0 l&rsquo;avenir. <b>La corruption de fichiers<\/b>, <b>les dommages physiques<\/b>, et <b>les dysfonctionnements de l&rsquo;appareil photo<\/b> peuvent \u00e9galement entra\u00eener une perte de donn\u00e9es. Apprenez \u00e0 reconna\u00eetre les signes d&rsquo;une carte SD d\u00e9faillante, comme des performances lentes ou des messages d&rsquo;erreur, et remplacez-la avant qu&rsquo;elle ne conduise \u00e0 une perte de donn\u00e9es.<\/p>\n<p>Donnez la priorit\u00e9 aux mises \u00e0 jour logicielles de votre appareil photo Sony et de tout dispositif associ\u00e9 qui interagit avec votre carte SD. Mettre r\u00e9guli\u00e8rement \u00e0 jour peut corriger des bugs et am\u00e9liorer les performances g\u00e9n\u00e9rales. Informez-vous avec les ressources disponibles en ligne sur des sites comme <a href='https:\/\/www.digitaltrends.com\/photography\/how-to-recover-deleted-photos\/' rel=\"nofollow noopener\" target='_blank'>Digital Trends<\/a> ou des forums de photographie pour maintenir une <b>gestion des actifs num\u00e9riques<\/b> et les <b>meilleures pratiques en mati\u00e8re de protection des donn\u00e9es<\/b>.<\/p>\n<p>N&rsquo;oubliez pas d&rsquo;explorer les fonctionnalit\u00e9s de votre appareil photo Sony qui peuvent \u00e9viter les suppressions accidentelles, telles que les options de &lsquo;protection en \u00e9criture&rsquo; et la personnalisation des fonctions des boutons pour \u00e9viter les erreurs. Votre manuel d&rsquo;appareil photo ou les forums de support sont d&rsquo;excellents points de d\u00e9part. Pour des lectures compl\u00e9mentaires sur l&rsquo;entretien des cartes SD, visitez le site de l&rsquo;<a href='https:\/\/www.sdcard.org\/consumers\/choices\/using\/index.html' rel=\"nofollow noopener\" target='_blank'>Association SD<\/a>.<\/p>\n<\/section>\n<section>\n<h2>Conclusion :<\/h2>\n<div class=\"nonp\">\n<p>En conclusion, r\u00e9cup\u00e9rer des photos supprim\u00e9es sur une carte SD d&rsquo;un appareil photo Sony peut sembler intimidant, mais avec des outils comme <b>Disk Drill<\/b> et la bonne approche, c&rsquo;est souvent un probl\u00e8me r\u00e9soluble. Rappelez-vous de rester calme et d&rsquo;agir rapidement&#8212;refrain from using the SD card further to prevent overwriting data. En suivant les \u00e9tapes d\u00e9crites dans cet article, vous maximisez vos chances de r\u00e9ussite de r\u00e9cup\u00e9ration. Adoptez ces m\u00e9thodes, s\u00e9curisez avec des sauvegardes et vous profiterez de votre photographie avec une nouvelle tranquillit\u00e9 d&rsquo;esprit. Toujours explorer des informations suppl\u00e9mentaires sur <a href='https:\/\/www.tomsguide.com\/us\/pictures-story\/611-best-data-recovery-apps.html' rel=\"nofollow noopener\" target='_blank'>Tom&rsquo;s Guide<\/a> et d&rsquo;autres ressources r\u00e9put\u00e9es pour plus de conseils sur la r\u00e9cup\u00e9ration de donn\u00e9es et \u00e9viter de n\u00e9cessiter des services de r\u00e9cup\u00e9ration \u00e0 l&rsquo;avenir.<\/p>\n<\/div>\n<\/section>\n","protected":false},"excerpt":{"rendered":"<p>Comment r\u00e9cup\u00e9rer des photos perdues sur la carte SD de votre appareil photo Sony Avez-vous d\u00e9j\u00e0 v\u00e9cu ce moment d\u00e9chirant o\u00f9 vous avez accidentellement supprim\u00e9 des souvenirs pr\u00e9cieux captur\u00e9s sur la carte SD de votre appareil photo Sony ? Que cela soit d\u00fb \u00e0 une mauvaise manipulation ou \u00e0 un probl\u00e8me technique, le r\u00e9sultat est [&hellip;]<\/p>\n","protected":false},"author":2,"featured_media":36362,"parent":0,"menu_order":0,"comment_status":"closed","ping_status":"closed","template":"chromecast.php","meta":{"_stopmodifiedupdate":false,"_modified_date":"","_lmt_disableupdate":"yes","_lmt_disable":""},"acf":[],"yoast_head":"<!-- This site is optimized with the Yoast SEO plugin v20.9 - https:\/\/yoast.com\/wordpress\/plugins\/seo\/ -->\n<title>Comment r\u00e9cup\u00e9rer des photos supprim\u00e9es depuis la carte SD d&#039;un appareil photo Sony<\/title>\n<meta name=\"robots\" content=\"index, follow, max-snippet:-1, max-image-preview:large, max-video-preview:-1\" \/>\n<link rel=\"canonical\" href=\"https:\/\/datarecovery.ping.fm\/fr\/recover-deleted-photos-from-sony-camera\/\" \/>\n<meta property=\"og:locale\" content=\"fr_FR\" \/>\n<meta property=\"og:type\" content=\"article\" \/>\n<meta property=\"og:title\" content=\"Comment r\u00e9cup\u00e9rer des photos supprim\u00e9es depuis la carte SD d&#039;un appareil photo Sony\" \/>\n<meta property=\"og:description\" content=\"Comment r\u00e9cup\u00e9rer des photos perdues sur la carte SD de votre appareil photo Sony Avez-vous d\u00e9j\u00e0 v\u00e9cu ce moment d\u00e9chirant o\u00f9 vous avez accidentellement supprim\u00e9 des souvenirs pr\u00e9cieux captur\u00e9s sur la carte SD de votre appareil photo Sony ? Que cela soit d\u00fb \u00e0 une mauvaise manipulation ou \u00e0 un probl\u00e8me technique, le r\u00e9sultat est [&hellip;]\" \/>\n<meta property=\"og:url\" content=\"https:\/\/datarecovery.ping.fm\/fr\/recover-deleted-photos-from-sony-camera\/\" \/>\n<meta property=\"og:site_name\" content=\"Logiciel de r\u00e9cup\u00e9ration de donn\u00e9es\" \/>\n<meta property=\"article:modified_time\" content=\"2024-02-16T08:54:26+00:00\" \/>\n<meta property=\"og:image\" content=\"https:\/\/datarecovery.ping.fm\/wp-content\/uploads\/2024\/03\/How-to-Retrieve-Lost-Photos-from-Your-Sony-Cameras-SD-Card-French.jpg\" \/>\n\t<meta property=\"og:image:width\" content=\"1280\" \/>\n\t<meta property=\"og:image:height\" content=\"731\" \/>\n\t<meta property=\"og:image:type\" content=\"image\/jpeg\" \/>\n<meta name=\"twitter:card\" content=\"summary_large_image\" \/>\n<meta name=\"twitter:label1\" content=\"Est. reading time\" \/>\n\t<meta name=\"twitter:data1\" content=\"8 minutes\" \/>\n<script type=\"application\/ld+json\" class=\"yoast-schema-graph\">{\"@context\":\"https:\/\/schema.org\",\"@graph\":[{\"@type\":\"WebPage\",\"@id\":\"https:\/\/datarecovery.ping.fm\/fr\/recover-deleted-photos-from-sony-camera\/\",\"url\":\"https:\/\/datarecovery.ping.fm\/fr\/recover-deleted-photos-from-sony-camera\/\",\"name\":\"Comment r\u00e9cup\u00e9rer des photos supprim\u00e9es depuis la carte SD d'un appareil photo Sony\",\"isPartOf\":{\"@id\":\"https:\/\/datarecovery.ping.fm\/fr\/#website\"},\"datePublished\":\"2023-12-25T15:46:11+00:00\",\"dateModified\":\"2024-02-16T08:54:26+00:00\",\"breadcrumb\":{\"@id\":\"https:\/\/datarecovery.ping.fm\/fr\/recover-deleted-photos-from-sony-camera\/#breadcrumb\"},\"inLanguage\":\"fr-FR\",\"potentialAction\":[{\"@type\":\"ReadAction\",\"target\":[\"https:\/\/datarecovery.ping.fm\/fr\/recover-deleted-photos-from-sony-camera\/\"]}]},{\"@type\":\"BreadcrumbList\",\"@id\":\"https:\/\/datarecovery.ping.fm\/fr\/recover-deleted-photos-from-sony-camera\/#breadcrumb\",\"itemListElement\":[{\"@type\":\"ListItem\",\"position\":1,\"name\":\"Home\",\"item\":\"https:\/\/datarecovery.ping.fm\/fr\/\"},{\"@type\":\"ListItem\",\"position\":2,\"name\":\"Comment r\u00e9cup\u00e9rer des photos perdues depuis la carte SD de votre appareil photo Sony\"}]},{\"@type\":\"WebSite\",\"@id\":\"https:\/\/datarecovery.ping.fm\/fr\/#website\",\"url\":\"https:\/\/datarecovery.ping.fm\/fr\/\",\"name\":\"Logiciel de r\u00e9cup\u00e9ration de donn\u00e9es\",\"description\":\"\",\"potentialAction\":[{\"@type\":\"SearchAction\",\"target\":{\"@type\":\"EntryPoint\",\"urlTemplate\":\"https:\/\/datarecovery.ping.fm\/fr\/?s={search_term_string}\"},\"query-input\":\"required name=search_term_string\"}],\"inLanguage\":\"fr-FR\"}]}<\/script>\n<!-- \/ Yoast SEO plugin. -->","yoast_head_json":{"title":"Comment r\u00e9cup\u00e9rer des photos supprim\u00e9es depuis la carte SD d'un appareil photo Sony","robots":{"index":"index","follow":"follow","max-snippet":"max-snippet:-1","max-image-preview":"max-image-preview:large","max-video-preview":"max-video-preview:-1"},"canonical":"https:\/\/datarecovery.ping.fm\/fr\/recover-deleted-photos-from-sony-camera\/","og_locale":"fr_FR","og_type":"article","og_title":"Comment r\u00e9cup\u00e9rer des photos supprim\u00e9es depuis la carte SD d'un appareil photo Sony","og_description":"Comment r\u00e9cup\u00e9rer des photos perdues sur la carte SD de votre appareil photo Sony Avez-vous d\u00e9j\u00e0 v\u00e9cu ce moment d\u00e9chirant o\u00f9 vous avez accidentellement supprim\u00e9 des souvenirs pr\u00e9cieux captur\u00e9s sur la carte SD de votre appareil photo Sony ? Que cela soit d\u00fb \u00e0 une mauvaise manipulation ou \u00e0 un probl\u00e8me technique, le r\u00e9sultat est [&hellip;]","og_url":"https:\/\/datarecovery.ping.fm\/fr\/recover-deleted-photos-from-sony-camera\/","og_site_name":"Logiciel de r\u00e9cup\u00e9ration de donn\u00e9es","article_modified_time":"2024-02-16T08:54:26+00:00","og_image":[{"width":1280,"height":731,"url":"https:\/\/datarecovery.ping.fm\/wp-content\/uploads\/2024\/03\/How-to-Retrieve-Lost-Photos-from-Your-Sony-Cameras-SD-Card-French.jpg","type":"image\/jpeg"}],"twitter_card":"summary_large_image","twitter_misc":{"Est. reading time":"8 minutes"},"schema":{"@context":"https:\/\/schema.org","@graph":[{"@type":"WebPage","@id":"https:\/\/datarecovery.ping.fm\/fr\/recover-deleted-photos-from-sony-camera\/","url":"https:\/\/datarecovery.ping.fm\/fr\/recover-deleted-photos-from-sony-camera\/","name":"Comment r\u00e9cup\u00e9rer des photos supprim\u00e9es depuis la carte SD d'un appareil photo Sony","isPartOf":{"@id":"https:\/\/datarecovery.ping.fm\/fr\/#website"},"datePublished":"2023-12-25T15:46:11+00:00","dateModified":"2024-02-16T08:54:26+00:00","breadcrumb":{"@id":"https:\/\/datarecovery.ping.fm\/fr\/recover-deleted-photos-from-sony-camera\/#breadcrumb"},"inLanguage":"fr-FR","potentialAction":[{"@type":"ReadAction","target":["https:\/\/datarecovery.ping.fm\/fr\/recover-deleted-photos-from-sony-camera\/"]}]},{"@type":"BreadcrumbList","@id":"https:\/\/datarecovery.ping.fm\/fr\/recover-deleted-photos-from-sony-camera\/#breadcrumb","itemListElement":[{"@type":"ListItem","position":1,"name":"Home","item":"https:\/\/datarecovery.ping.fm\/fr\/"},{"@type":"ListItem","position":2,"name":"Comment r\u00e9cup\u00e9rer des photos perdues depuis la carte SD de votre appareil photo Sony"}]},{"@type":"WebSite","@id":"https:\/\/datarecovery.ping.fm\/fr\/#website","url":"https:\/\/datarecovery.ping.fm\/fr\/","name":"Logiciel de r\u00e9cup\u00e9ration de donn\u00e9es","description":"","potentialAction":[{"@type":"SearchAction","target":{"@type":"EntryPoint","urlTemplate":"https:\/\/datarecovery.ping.fm\/fr\/?s={search_term_string}"},"query-input":"required name=search_term_string"}],"inLanguage":"fr-FR"}]}},"_links":{"self":[{"href":"https:\/\/datarecovery.ping.fm\/fr\/wp-json\/wp\/v2\/pages\/17625"}],"collection":[{"href":"https:\/\/datarecovery.ping.fm\/fr\/wp-json\/wp\/v2\/pages"}],"about":[{"href":"https:\/\/datarecovery.ping.fm\/fr\/wp-json\/wp\/v2\/types\/page"}],"author":[{"embeddable":true,"href":"https:\/\/datarecovery.ping.fm\/fr\/wp-json\/wp\/v2\/users\/2"}],"replies":[{"embeddable":true,"href":"https:\/\/datarecovery.ping.fm\/fr\/wp-json\/wp\/v2\/comments?post=17625"}],"version-history":[{"count":1,"href":"https:\/\/datarecovery.ping.fm\/fr\/wp-json\/wp\/v2\/pages\/17625\/revisions"}],"predecessor-version":[{"id":36361,"href":"https:\/\/datarecovery.ping.fm\/fr\/wp-json\/wp\/v2\/pages\/17625\/revisions\/36361"}],"wp:featuredmedia":[{"embeddable":true,"href":"https:\/\/datarecovery.ping.fm\/fr\/wp-json\/wp\/v2\/media\/36362"}],"wp:attachment":[{"href":"https:\/\/datarecovery.ping.fm\/fr\/wp-json\/wp\/v2\/media?parent=17625"}],"curies":[{"name":"wp","href":"https:\/\/api.w.org\/{rel}","templated":true}]}}