{"id":17277,"date":"2024-01-08T19:07:54","date_gmt":"2024-01-08T19:07:54","guid":{"rendered":"https:\/\/www.ping.fm\/data-recovery-software\/format-sd-card-without-losing-data\/"},"modified":"2024-02-16T08:54:22","modified_gmt":"2024-02-16T08:54:22","slug":"format-sd-card-without-losing-data","status":"publish","type":"page","link":"https:\/\/datarecovery.ping.fm\/fr\/format-sd-card-without-losing-data\/","title":{"rendered":"Comment formater une carte SD sans perdre de donn\u00e9es"},"content":{"rendered":"<section>\n<h1>Comment formater une carte SD sans perdre de donn\u00e9es<\/h1>\n<div class=\"inbrief\">\n<div>             <img src=\"https:\/\/www.ping.fm\/data-recovery-software\/wp-content\/uploads\/ai\/How-to-Format-SD-Card-Without-Losing-Data-French.jpg\" alt=\"Comment formater une carte SD sans perdre de donn\u00e9es\" title=\"Comment formater une carte SD sans perdre de donn\u00e9es\" width=\"1280\" height=\"720\">             <\/p>\n<p>Avez-vous d\u00e9j\u00e0 ins\u00e9r\u00e9 votre carte SD dans un appareil photo ou un ordinateur et re\u00e7u le message alarmant qu&rsquo;il fallait la formater? Un tel moment peut provoquer la panique chez quiconque, surtout si la carte SD contient des souvenirs pr\u00e9cieux ou des fichiers importants qui n&rsquo;ont pas \u00e9t\u00e9 sauvegard\u00e9s. Respirez tranquille, cependant, car avec les bonnes techniques et les logiciels appropri\u00e9s, il est possible de formater une carte SD sans perdre de donn\u00e9es. Dans ce guide d\u00e9taill\u00e9, je vais partager mon exp\u00e9rience personnelle sur la fa\u00e7on d&rsquo;accomplir cet exploit en utilisant Disk Drill, tout en fournissant des informations sur <a href='https:\/\/www.sdcard.org\/downloads\/formatter\/' rel=\"nofollow noopener\" target='_blank'>la maintenance et la r\u00e9cup\u00e9ration des cartes SD<\/a>. De plus, je vous pr\u00e9senterai l&rsquo;un des <a href='https:\/\/www.pandorarecovery.com\/sd-recovery.html' rel=\"dofollow noopener\" target='_blank'>outils de r\u00e9cup\u00e9ration de carte SD \u00e9valu\u00e9s par les experts<\/a> pour vous assurer d&rsquo;\u00eatre pr\u00eat \u00e0 faire face aux probl\u00e8mes de carte SD.<\/p>\n<\/div>\n<\/div>\n<\/section>\n<section>\n<div>\n<div>1<\/div>\n<h2>Sc\u00e9narios communs :<\/h2>\n<\/div>\n<h3>Exigences fr\u00e9quentes de formatage &#9989;<\/h3>\n<ul>\n<li>Lorsque votre <b>syst\u00e8me d&rsquo;exploitation<\/b> demande \u00e0 formater la carte SD apr\u00e8s l&rsquo;avoir branch\u00e9e \u00e0 un <b>ordinateur<\/b> ou un appareil.<\/li>\n<li>L&rsquo;apparition d&rsquo;un message &lsquo;La carte SD est endommag\u00e9e. Essayez de la reformater.&rsquo; sur votre <b>smartphone<\/b>.<\/li>\n<li>Rencontre d&rsquo;un message &lsquo;Erreur de carte&rsquo; sur un <b>appareil photo num\u00e9rique<\/b> lors de la tentative d&rsquo;acc\u00e8s \u00e0 la carte SD.<\/li>\n<\/ul>\n<h3>Syst\u00e8me de fichiers corrompu &#9888;<\/h3>\n<ul>\n<li>Lorsque le <b>syst\u00e8me de fichiers<\/b> de la carte SD devient <b>corrompu<\/b> en raison d&rsquo;une \u00e9jection inappropri\u00e9e ou d&rsquo;un arr\u00eat impr\u00e9vu du syst\u00e8me.<\/li>\n<li>Probl\u00e8mes r\u00e9sultant de l&rsquo;utilisation de la m\u00eame carte SD entre des appareils avec des <b>syst\u00e8mes de fichiers ou des normes<\/b> diff\u00e9rents.<\/li>\n<\/ul>\n<h3>Infections par des logiciels malveillants &#128567;<\/h3>\n<ul>\n<li>Cartes SD <b>infect\u00e9es par des logiciels malveillants ou des virus<\/b>, entra\u00eenant des demandes de formatage par des logiciels de s\u00e9curit\u00e9.<\/li>\n<li>Corruption de fichiers due \u00e0 un logiciel malveillant, ce qui rend les donn\u00e9es inaccessibles sans formatage.<\/li>\n<\/ul>\n<\/section>\n<section class=\"stepByStep\">\n<div>\n<div>2<\/div>\n<h2>Guide \u00e9tape par \u00e9tape. Formater la carte SD sans perdre de donn\u00e9es :<\/h2>\n<\/div>\n<h3>M\u00e9thode 1 : R\u00e9cup\u00e9ration de donn\u00e9es avant formatage &#128301;<\/h3>\n<ul>\n<li>T\u00e9l\u00e9chargez et installez <b>Disk Drill<\/b> depuis son site officiel sur votre ordinateur.<\/li>\n<li>Connectez la <b>carte SD<\/b> \u00e0 votre ordinateur au moyen d&rsquo;un <b>lecteur de carte SD<\/b>.<\/li>\n<li>Ouvrez Disk Drill et s\u00e9lectionnez la carte SD dans la liste des lecteurs pr\u00e9sent\u00e9s.<\/li>\n<li>Cliquez sur le bouton &lsquo;R\u00e9cup\u00e9rer&rsquo; pour commencer le processus de num\u00e9risation des fichiers r\u00e9cup\u00e9rables.<\/li>\n<li>Pr\u00e9visualisez et s\u00e9lectionnez les fichiers que vous souhaitez sauvegarder, puis r\u00e9cup\u00e9rez-les dans un endroit s\u00fbr sur votre ordinateur.<\/li>\n<\/ul>\n<p><b>Remarque :<\/b> Assurez-vous de sauvegarder les donn\u00e9es r\u00e9cup\u00e9r\u00e9es \u00e0 un emplacement autre que la carte SD pour \u00e9viter l&rsquo;\u00e9crasement de fichiers.<\/p>\n<p><b>Conclusion :<\/b> En suivant ces \u00e9tapes, vous pouvez r\u00e9cup\u00e9rer et s\u00e9curiser vos fichiers avant de proc\u00e9der au formatage de la carte SD.<\/p>\n<h3>M\u00e9thode 2 : Formater la carte SD en utilisant la gestion des disques &#128190;<\/h3>\n<ul>\n<li>Sauvegardez tous les fichiers accessibles avant le formatage.<\/li>\n<li>Appuyez sur la touche Windows + X et s\u00e9lectionnez &lsquo;Gestion des disques&rsquo;.<\/li>\n<li>Cliquez avec le bouton droit sur la carte SD et s\u00e9lectionnez &lsquo;Formater&rsquo;.<\/li>\n<li>Choisissez un syst\u00e8me de fichiers (par exemple, exFAT ou FAT32) et assurez-vous que &lsquo;Effectuer un formatage rapide&rsquo; est coch\u00e9.<\/li>\n<li>Proc\u00e9dez au formatage de la carte et restaurez vos donn\u00e9es sauvegard\u00e9es par la suite.<\/li>\n<\/ul>\n<p><b>Remarque :<\/b> Le formatage rapide n&rsquo;effacera pas d\u00e9finitivement les donn\u00e9es sur la carte SD ; il supprime seulement les tables d&rsquo;adresses.<\/p>\n<p><b>Conclusion :<\/b> Apr\u00e8s un formatage rapide et en s&rsquo;assurant que le syst\u00e8me de fichiers est compatible avec tous vos appareils, vous pouvez restaurer les sauvegardes sans perdre de donn\u00e9es essentielles.<\/p>\n<h3>M\u00e9thode 3 : Utilisation de l&rsquo;invite de commandes pour le formatage &#9000;<\/h3>\n<ul>\n<li>Sauvegardez de nouveau toutes les donn\u00e9es accessibles avant de proc\u00e9der avec cette m\u00e9thode.<\/li>\n<li>Ouvrez l&rsquo;invite de commandes en tant qu&rsquo;administrateur.<\/li>\n<li>Tapez &lsquo;diskpart&rsquo; et appuyez sur Entr\u00e9e.<\/li>\n<li>Tapez &lsquo;list disk&rsquo; et appuyez sur Entr\u00e9e. Identifiez votre carte SD par sa taille.<\/li>\n<li>Tapez la s\u00e9quence de commandes suivante, en rempla\u00e7ant &lsquo;n&rsquo; par le num\u00e9ro du disque de votre carte SD : &lsquo;select disk n&rsquo;, &lsquo;clean&rsquo;, &lsquo;create partition primary&rsquo;, &lsquo;format fs=exFAT&rsquo; (ou &lsquo;fs=FAT32&rsquo;).<\/li>\n<\/ul>\n<p><b>Remarque :<\/b> Cette m\u00e9thode cr\u00e9era un nouveau syst\u00e8me de fichiers sur la carte SD et supprimera les erreurs qui ont caus\u00e9 la demande de formatage.<\/p>\n<p><b>Conclusion :<\/b> La m\u00e9thode de l&rsquo;invite de commandes est une technique de formatage plus approfondie qui peut r\u00e9soudre des probl\u00e8mes plus complexes au sein de la carte SD.<\/p>\n<h3>M\u00e9thode 4 : Utilisation d&rsquo;outils de formatage tiers &#128421;<\/h3>\n<ul>\n<li>T\u00e9l\u00e9chargez un outil de formatage tiers r\u00e9put\u00e9, tel que le <a href='https:\/\/www.sdcard.org\/downloads\/formatter\/' rel=\"nofollow noopener\" target='_blank'>SD Memory Card Formatter<\/a>.<\/li>\n<li>Installez et lancez l&rsquo;outil sur votre ordinateur.<\/li>\n<li>S\u00e9lectionnez la lettre de lecteur de la carte SD et les options de formatage fournies par l&rsquo;outil.<\/li>\n<li>Cliquez sur &lsquo;Formater&rsquo; et attendez la fin du processus.<\/li>\n<li>Restaurez vos donn\u00e9es \u00e0 partir de la sauvegarde une fois le formatage termin\u00e9.<\/li>\n<\/ul>\n<p><b>Remarque :<\/b> Les outils tiers offrent souvent une interface conviviale et des fonctionnalit\u00e9s suppl\u00e9mentaires par rapport aux options de formatage int\u00e9gr\u00e9es.<\/p>\n<p><b>Conclusion :<\/b> Cette approche permet un processus de formatage simple avec une probabilit\u00e9 de succ\u00e8s plus \u00e9lev\u00e9e en termes de compatibilit\u00e9 et de r\u00e9solution d&rsquo;erreurs.<\/p>\n<h3>M\u00e9thode 5 : Utilisation de la fonctionnalit\u00e9 de sauvegarde de disque de Disk Drill &#128230;<\/h3>\n<ul>\n<li>Utilisez Disk Drill pour cr\u00e9er une <b>sauvegarde<\/b> octet par octet de la carte SD.<\/li>\n<li>Ouvrez Disk Drill et choisissez l&rsquo;option &lsquo;Sauvegarde octet par octet&rsquo; pour votre carte SD.<\/li>\n<li>Enregistrez le fichier de sauvegarde sur le disque dur de votre ordinateur.<\/li>\n<li>Apr\u00e8s avoir cr\u00e9\u00e9 la sauvegarde, vous pouvez proc\u00e9der au formatage de la carte SD en utilisant l&rsquo;une des m\u00e9thodes ci-dessus.<\/li>\n<li>Une fois format\u00e9e, utilisez Disk Drill pour lire le fichier de sauvegarde et restaurer vos donn\u00e9es.<\/li>\n<\/ul>\n<p><b>Remarque :<\/b> La fonctionnalit\u00e9 de sauvegarde de Disk Drill clone l&rsquo;ensemble de la carte SD, qui peut ensuite \u00eatre utilis\u00e9e pour la r\u00e9cup\u00e9ration de donn\u00e9es apr\u00e8s le formatage.<\/p>\n<p><b>Conclusion :<\/b> Cette \u00e9tape pr\u00e9ventive garantit qu&rsquo;aucune donn\u00e9e n&rsquo;est perdue de mani\u00e8re permanente pendant le processus de formatage, en supposant que la sauvegarde soit intacte et lisible.<\/p>\n<\/section>\n<section>\n<div>\n<div>3<\/div>\n<h2>Vid\u00e9o Youtube \u00e0 regarder<\/h2>\n<\/div>\n<div class=\"iframe\"><iframe width=\"420\" height=\"315\" src=\"\/\/www.youtube.com\/embed\/Y1tZ8iG9qK8\" frameborder=\"0\" allowfullscreen><\/iframe><\/div>\n<\/section>\n<section>\n<div>\n<div>4<\/div>\n<h2>Pr\u00e9cautions et conseils :<\/h2>\n<\/div>\n<h3>Prot\u00e9gez vos souvenirs &#128736;<\/h3>\n<ul>\n<li><b>Sauvegardez r\u00e9guli\u00e8rement<\/b> les donn\u00e9es de votre carte SD dans plusieurs emplacements, tels que le stockage en nuage ou un disque dur externe.<\/li>\n<li>\u00c9vitez de retirer la carte SD pendant que des fichiers sont en cours d&rsquo;\u00e9criture ou de lecture pour pr\u00e9venir la corruption.<\/li>\n<li>Gardez votre carte SD loin des champs magn\u00e9tiques puissants et des temp\u00e9ratures extr\u00eames.<\/li>\n<li>Utilisez un logiciel antivirus pour analyser p\u00e9riodiquement votre carte SD \u00e0 la recherche de menaces potentielles.<\/li>\n<\/ul>\n<h3>Maintenance pr\u00e9ventive &#9881;<\/h3>\n<ul>\n<li>Formatez les nouvelles cartes SD avant de les utiliser pour vous assurer qu&rsquo;elles sont exemptes de probl\u00e8mes pr\u00e9existants.<\/li>\n<li>Ne remplissez pas votre carte SD \u00e0 sa capacit\u00e9 maximale ; laissez toujours un peu d&rsquo;espace libre pour r\u00e9duire l&rsquo;usure et les erreurs potentielles.<\/li>\n<li>Envisagez d&rsquo;utiliser des cartes SD haute endurance pour un enregistrement continu, comme dans les cam\u00e9ras de tableau de bord ou les cam\u00e9ras de s\u00e9curit\u00e9.<\/li>\n<\/ul>\n<\/section>\n<section>\n<div>\n<div>5<\/div>\n<h2>S\u00e9curit\u00e9 des donn\u00e9es et maintenance<\/h2>\n<\/div>\n<p>Le concept de formatage sugg\u00e8re g\u00e9n\u00e9ralement que toutes les donn\u00e9es seront enti\u00e8rement effac\u00e9es, mais avec des outils logiciels avanc\u00e9s et des pr\u00e9cautions appropri\u00e9es, il est tout \u00e0 fait possible de contourner cette dure r\u00e9alit\u00e9. \u00c0 l&rsquo;\u00e8re num\u00e9rique, la s\u00e9curit\u00e9 et la maintenance des donn\u00e9es sont primordiales pour les utilisateurs personnels et professionnels. Utiliser des <b>solutions de sauvegarde<\/b> fiables, telles que des disques physiques ou des <a href='https:\/\/www.backblaze.com\/' rel=\"nofollow noopener\" target='_blank'>services en nuage<\/a>, peut vous sauver d&rsquo;une perte de donn\u00e9es inattendue.<\/p>\n<p>De plus, il est crucial de comprendre les types de formatage disponibles. Un <b>formatage rapide<\/b> supprimera simplement les entr\u00e9es des fichiers de l&rsquo;index, tandis qu&rsquo;un <b>formatage complet<\/b> analysera \u00e9galement le disque \u00e0 la recherche de secteurs d\u00e9fectueux. Se familiariser avec les <a href='https:\/\/www.ntfs.com\/' rel=\"nofollow noopener\" target='_blank'>diff\u00e9rences entre les syst\u00e8mes de fichiers<\/a> (FAT32, exFAT, NTFS, etc.) est \u00e9galement b\u00e9n\u00e9fique, car cela vous aidera \u00e0 choisir le plus appropri\u00e9 pour vos besoins lorsque le formatage est effectivement n\u00e9cessaire.<\/p>\n<p>Gardez \u00e0 l&rsquo;esprit que le formatage fr\u00e9quent peut r\u00e9duire la dur\u00e9e de vie de votre carte SD. Pour minimiser le besoin de formatage, \u00e9jectez toujours votre carte SD en toute s\u00e9curit\u00e9 des appareils et gardez-la dans un endroit s\u00fbr. Appliquer ces meilleures pratiques pour la <b>s\u00e9curit\u00e9 des donn\u00e9es et la maintenance<\/b> am\u00e9liorera votre exp\u00e9rience num\u00e9rique globale et assurera que votre carte SD reste un d\u00e9p\u00f4t fiable pour vos donn\u00e9es pr\u00e9cieuses.<\/p>\n<\/section>\n<section>\n<h2>Conclusion :<\/h2>\n<div class=\"nonp\">\n<p>En conclusion, formater une carte SD sans perdre de donn\u00e9es peut sembler contradictoire, mais comme nous l&rsquo;avons discut\u00e9, c&rsquo;est tout \u00e0 fait r\u00e9alisable avec une <b>planification soign\u00e9e<\/b> et <b>les bons outils<\/b>. Que ce soit par la r\u00e9cup\u00e9ration de donn\u00e9es avant formatage, en utilisant Disk Drill ou en tirant parti d&rsquo;utilitaires de formatage tiers, vous disposez maintenant de plusieurs m\u00e9thodes pour pr\u00e9server vos donn\u00e9es tout en prenant soin de la sant\u00e9 de votre carte SD. Souvenez-vous de <b>faire des sauvegardes fr\u00e9quemment<\/b>, de pratiquer une bonne <b>hygi\u00e8ne de carte SD<\/b>, et de rester inform\u00e9 sur les derni\u00e8res <b>techniques de r\u00e9cup\u00e9ration de donn\u00e9es<\/b> pour <a href='https:\/\/www.cleverfiles.com\/howto\/top-5-data-recovery-software-windows.html' rel=\"nofollow noopener\" target='_blank'>affronter tout d\u00e9fi num\u00e9rique de front<\/a>. Arm\u00e9 de ces connaissances et d&rsquo;une approche proactive, votre carte SD continuera de servir de support fiable pour le stockage, le transfert et le partage de vos actifs num\u00e9riques les plus importants.<\/p>\n<\/div>\n<\/section>\n","protected":false},"excerpt":{"rendered":"<p>Comment formater une carte SD sans perdre de donn\u00e9es Avez-vous d\u00e9j\u00e0 ins\u00e9r\u00e9 votre carte SD dans un appareil photo ou un ordinateur et re\u00e7u le message alarmant qu&rsquo;il fallait la formater? Un tel moment peut provoquer la panique chez quiconque, surtout si la carte SD contient des souvenirs pr\u00e9cieux ou des fichiers importants qui n&rsquo;ont [&hellip;]<\/p>\n","protected":false},"author":2,"featured_media":36326,"parent":0,"menu_order":0,"comment_status":"closed","ping_status":"closed","template":"chromecast.php","meta":{"_stopmodifiedupdate":false,"_modified_date":"","_lmt_disableupdate":"yes","_lmt_disable":""},"acf":[],"yoast_head":"<!-- This site is optimized with the Yoast SEO plugin v20.9 - https:\/\/yoast.com\/wordpress\/plugins\/seo\/ -->\n<title>Comment formater en toute s\u00e9curit\u00e9 votre carte SD tout en pr\u00e9servant vos donn\u00e9es<\/title>\n<meta name=\"robots\" content=\"index, follow, max-snippet:-1, max-image-preview:large, max-video-preview:-1\" \/>\n<link rel=\"canonical\" href=\"https:\/\/datarecovery.ping.fm\/fr\/format-sd-card-without-losing-data\/\" \/>\n<meta property=\"og:locale\" content=\"fr_FR\" \/>\n<meta property=\"og:type\" content=\"article\" \/>\n<meta property=\"og:title\" content=\"Comment formater en toute s\u00e9curit\u00e9 votre carte SD tout en pr\u00e9servant vos donn\u00e9es\" \/>\n<meta property=\"og:description\" content=\"Comment formater une carte SD sans perdre de donn\u00e9es Avez-vous d\u00e9j\u00e0 ins\u00e9r\u00e9 votre carte SD dans un appareil photo ou un ordinateur et re\u00e7u le message alarmant qu&rsquo;il fallait la formater? Un tel moment peut provoquer la panique chez quiconque, surtout si la carte SD contient des souvenirs pr\u00e9cieux ou des fichiers importants qui n&rsquo;ont [&hellip;]\" \/>\n<meta property=\"og:url\" content=\"https:\/\/datarecovery.ping.fm\/fr\/format-sd-card-without-losing-data\/\" \/>\n<meta property=\"og:site_name\" content=\"Logiciel de r\u00e9cup\u00e9ration de donn\u00e9es\" \/>\n<meta property=\"article:modified_time\" content=\"2024-02-16T08:54:22+00:00\" \/>\n<meta property=\"og:image\" content=\"https:\/\/datarecovery.ping.fm\/wp-content\/uploads\/2024\/03\/How-to-Format-SD-Card-Without-Losing-Data-French.jpg\" \/>\n\t<meta property=\"og:image:width\" content=\"1280\" \/>\n\t<meta property=\"og:image:height\" content=\"731\" \/>\n\t<meta property=\"og:image:type\" content=\"image\/jpeg\" \/>\n<meta name=\"twitter:card\" content=\"summary_large_image\" \/>\n<meta name=\"twitter:label1\" content=\"Est. reading time\" \/>\n\t<meta name=\"twitter:data1\" content=\"8 minutes\" \/>\n<script type=\"application\/ld+json\" class=\"yoast-schema-graph\">{\"@context\":\"https:\/\/schema.org\",\"@graph\":[{\"@type\":\"WebPage\",\"@id\":\"https:\/\/datarecovery.ping.fm\/fr\/format-sd-card-without-losing-data\/\",\"url\":\"https:\/\/datarecovery.ping.fm\/fr\/format-sd-card-without-losing-data\/\",\"name\":\"Comment formater en toute s\u00e9curit\u00e9 votre carte SD tout en pr\u00e9servant vos donn\u00e9es\",\"isPartOf\":{\"@id\":\"https:\/\/datarecovery.ping.fm\/fr\/#website\"},\"datePublished\":\"2024-01-08T19:07:54+00:00\",\"dateModified\":\"2024-02-16T08:54:22+00:00\",\"breadcrumb\":{\"@id\":\"https:\/\/datarecovery.ping.fm\/fr\/format-sd-card-without-losing-data\/#breadcrumb\"},\"inLanguage\":\"fr-FR\",\"potentialAction\":[{\"@type\":\"ReadAction\",\"target\":[\"https:\/\/datarecovery.ping.fm\/fr\/format-sd-card-without-losing-data\/\"]}]},{\"@type\":\"BreadcrumbList\",\"@id\":\"https:\/\/datarecovery.ping.fm\/fr\/format-sd-card-without-losing-data\/#breadcrumb\",\"itemListElement\":[{\"@type\":\"ListItem\",\"position\":1,\"name\":\"Home\",\"item\":\"https:\/\/datarecovery.ping.fm\/fr\/\"},{\"@type\":\"ListItem\",\"position\":2,\"name\":\"Comment formater une carte SD sans perdre de donn\u00e9es\"}]},{\"@type\":\"WebSite\",\"@id\":\"https:\/\/datarecovery.ping.fm\/fr\/#website\",\"url\":\"https:\/\/datarecovery.ping.fm\/fr\/\",\"name\":\"Logiciel de r\u00e9cup\u00e9ration de donn\u00e9es\",\"description\":\"\",\"potentialAction\":[{\"@type\":\"SearchAction\",\"target\":{\"@type\":\"EntryPoint\",\"urlTemplate\":\"https:\/\/datarecovery.ping.fm\/fr\/?s={search_term_string}\"},\"query-input\":\"required name=search_term_string\"}],\"inLanguage\":\"fr-FR\"}]}<\/script>\n<!-- \/ Yoast SEO plugin. -->","yoast_head_json":{"title":"Comment formater en toute s\u00e9curit\u00e9 votre carte SD tout en pr\u00e9servant vos donn\u00e9es","robots":{"index":"index","follow":"follow","max-snippet":"max-snippet:-1","max-image-preview":"max-image-preview:large","max-video-preview":"max-video-preview:-1"},"canonical":"https:\/\/datarecovery.ping.fm\/fr\/format-sd-card-without-losing-data\/","og_locale":"fr_FR","og_type":"article","og_title":"Comment formater en toute s\u00e9curit\u00e9 votre carte SD tout en pr\u00e9servant vos donn\u00e9es","og_description":"Comment formater une carte SD sans perdre de donn\u00e9es Avez-vous d\u00e9j\u00e0 ins\u00e9r\u00e9 votre carte SD dans un appareil photo ou un ordinateur et re\u00e7u le message alarmant qu&rsquo;il fallait la formater? Un tel moment peut provoquer la panique chez quiconque, surtout si la carte SD contient des souvenirs pr\u00e9cieux ou des fichiers importants qui n&rsquo;ont [&hellip;]","og_url":"https:\/\/datarecovery.ping.fm\/fr\/format-sd-card-without-losing-data\/","og_site_name":"Logiciel de r\u00e9cup\u00e9ration de donn\u00e9es","article_modified_time":"2024-02-16T08:54:22+00:00","og_image":[{"width":1280,"height":731,"url":"https:\/\/datarecovery.ping.fm\/wp-content\/uploads\/2024\/03\/How-to-Format-SD-Card-Without-Losing-Data-French.jpg","type":"image\/jpeg"}],"twitter_card":"summary_large_image","twitter_misc":{"Est. reading time":"8 minutes"},"schema":{"@context":"https:\/\/schema.org","@graph":[{"@type":"WebPage","@id":"https:\/\/datarecovery.ping.fm\/fr\/format-sd-card-without-losing-data\/","url":"https:\/\/datarecovery.ping.fm\/fr\/format-sd-card-without-losing-data\/","name":"Comment formater en toute s\u00e9curit\u00e9 votre carte SD tout en pr\u00e9servant vos donn\u00e9es","isPartOf":{"@id":"https:\/\/datarecovery.ping.fm\/fr\/#website"},"datePublished":"2024-01-08T19:07:54+00:00","dateModified":"2024-02-16T08:54:22+00:00","breadcrumb":{"@id":"https:\/\/datarecovery.ping.fm\/fr\/format-sd-card-without-losing-data\/#breadcrumb"},"inLanguage":"fr-FR","potentialAction":[{"@type":"ReadAction","target":["https:\/\/datarecovery.ping.fm\/fr\/format-sd-card-without-losing-data\/"]}]},{"@type":"BreadcrumbList","@id":"https:\/\/datarecovery.ping.fm\/fr\/format-sd-card-without-losing-data\/#breadcrumb","itemListElement":[{"@type":"ListItem","position":1,"name":"Home","item":"https:\/\/datarecovery.ping.fm\/fr\/"},{"@type":"ListItem","position":2,"name":"Comment formater une carte SD sans perdre de donn\u00e9es"}]},{"@type":"WebSite","@id":"https:\/\/datarecovery.ping.fm\/fr\/#website","url":"https:\/\/datarecovery.ping.fm\/fr\/","name":"Logiciel de r\u00e9cup\u00e9ration de donn\u00e9es","description":"","potentialAction":[{"@type":"SearchAction","target":{"@type":"EntryPoint","urlTemplate":"https:\/\/datarecovery.ping.fm\/fr\/?s={search_term_string}"},"query-input":"required name=search_term_string"}],"inLanguage":"fr-FR"}]}},"_links":{"self":[{"href":"https:\/\/datarecovery.ping.fm\/fr\/wp-json\/wp\/v2\/pages\/17277"}],"collection":[{"href":"https:\/\/datarecovery.ping.fm\/fr\/wp-json\/wp\/v2\/pages"}],"about":[{"href":"https:\/\/datarecovery.ping.fm\/fr\/wp-json\/wp\/v2\/types\/page"}],"author":[{"embeddable":true,"href":"https:\/\/datarecovery.ping.fm\/fr\/wp-json\/wp\/v2\/users\/2"}],"replies":[{"embeddable":true,"href":"https:\/\/datarecovery.ping.fm\/fr\/wp-json\/wp\/v2\/comments?post=17277"}],"version-history":[{"count":1,"href":"https:\/\/datarecovery.ping.fm\/fr\/wp-json\/wp\/v2\/pages\/17277\/revisions"}],"predecessor-version":[{"id":36325,"href":"https:\/\/datarecovery.ping.fm\/fr\/wp-json\/wp\/v2\/pages\/17277\/revisions\/36325"}],"wp:featuredmedia":[{"embeddable":true,"href":"https:\/\/datarecovery.ping.fm\/fr\/wp-json\/wp\/v2\/media\/36326"}],"wp:attachment":[{"href":"https:\/\/datarecovery.ping.fm\/fr\/wp-json\/wp\/v2\/media?parent=17277"}],"curies":[{"name":"wp","href":"https:\/\/api.w.org\/{rel}","templated":true}]}}