{"id":16872,"date":"2024-01-09T20:38:49","date_gmt":"2024-01-09T20:38:49","guid":{"rendered":"https:\/\/www.ping.fm\/data-recovery-software\/recover-deleted-minecraft-worlds\/"},"modified":"2024-02-16T08:54:18","modified_gmt":"2024-02-16T08:54:18","slug":"recover-deleted-minecraft-worlds","status":"publish","type":"page","link":"https:\/\/datarecovery.ping.fm\/fr\/recover-deleted-minecraft-worlds\/","title":{"rendered":"Comment r\u00e9cup\u00e9rer des mondes Minecraft supprim\u00e9s"},"content":{"rendered":"<section>\n<h1>Comment r\u00e9cup\u00e9rer des mondes Minecraft supprim\u00e9s<\/h1>\n<div class=\"inbrief\">\n<div>             <img src=\"https:\/\/www.ping.fm\/data-recovery-software\/wp-content\/uploads\/ai\/How-to-Recover-Deleted-Minecraft-Worlds-French.jpg\" alt=\"Comment r\u00e9cup\u00e9rer des mondes Minecraft supprim\u00e9s\" title=\"Comment r\u00e9cup\u00e9rer des mondes Minecraft supprim\u00e9s\" width=\"1280\" height=\"720\">             <\/p>\n<p>Minecraft, le jeu bac \u00e0 sable toujours populaire, conquiert le c\u0153ur des joueurs avec ses possibilit\u00e9s infinies d&rsquo;exploration, de construction et d&rsquo;aventure. L&rsquo;un des exp\u00e9riences les plus d\u00e9chirantes peut \u00eatre la suppression accidentelle d&rsquo;un monde Minecraft m\u00e9ticuleusement cr\u00e9\u00e9. Que ce soit \u00e0 cause d&rsquo;un crash du jeu, d&rsquo;un clic involontaire, ou d&rsquo;autres circonstances impr\u00e9vues, perdre votre cr\u00e9ation num\u00e9rique peut sembler d\u00e9vastateur. N&rsquo;ayez crainte, camarades artisans ! Dans cet article, je vous guiderai \u00e0 travers le processus de r\u00e9cup\u00e9ration des mondes Minecraft supprim\u00e9s sur PC et appareils mobiles. Je partagerai \u00e9galement mon exp\u00e9rience personnelle en utilisant <b>Disk Drill<\/b>, parmi d&rsquo;autres m\u00e9thodes, pour retrouver ces blocs pr\u00e9cieux de l&rsquo;abyme de l&rsquo;oubli num\u00e9rique.<\/p>\n<\/div>\n<\/div>\n<\/section>\n<section>\n<div>\n<div>1<\/div>\n<h2>Sc\u00e9narios communs :<\/h2>\n<\/div>\n<h3>Suppression accidentelle du monde &#128465;<\/h3>\n<ul>\n<li>Appuyer accidentellement sur &lsquo;Supprimer&rsquo; en essayant de charger un monde.<\/li>\n<li>Nettoyer des fichiers ind\u00e9sirables et y inclure par erreur des sauvegardes Minecraft.<\/li>\n<li>Plantages du jeu qui entra\u00eenent la corruption ou la disparition de fichiers de monde.<\/li>\n<\/ul>\n<h3>Mises \u00e0 jour et mods \u00e9chou\u00e9s &#128736;<\/h3>\n<ul>\n<li>Installer un nouveau mod ou une mise \u00e0 jour du jeu qui corrompt les sauvegardes de monde existantes.<\/li>\n<li>Une mise \u00e0 jour \u00e9choue, entra\u00eenant la perte d&rsquo;acc\u00e8s \u00e0 vos mondes Minecraft.<\/li>\n<li>Conflits de mods qui m\u00e8nent \u00e0 la suppression ou \u00e0 la corruption de fichiers de jeu.<\/li>\n<\/ul>\n<h3>Probl\u00e8mes techniques et erreurs &#128187;<\/h3>\n<ul>\n<li>Dysfonctionnements syst\u00e8me entra\u00eenant la perte ou l&rsquo;inaccessibilit\u00e9 de fichiers.<\/li>\n<li>Erreurs du programme Minecraft qui provoquent la disparition de mondes.<\/li>\n<li>Coupures de courant inattendues ou red\u00e9marrages du syst\u00e8me en jouant.<\/li>\n<\/ul>\n<\/section>\n<section class=\"stepByStep\">\n<div>\n<div>2<\/div>\n<h2>Guide \u00e9tape par \u00e9tape. R\u00e9cup\u00e9rer des mondes Minecraft supprim\u00e9s :<\/h2>\n<\/div>\n<h3>M\u00e9thode 1 : V\u00e9rifiez la Corbeille &#128465;<\/h3>\n<ul>\n<li>Ouvrez votre <b>Corbeille<\/b> en double-cliquant sur son ic\u00f4ne sur le bureau.<\/li>\n<li>Cherchez le <b>dossier monde Minecraft<\/b> supprim\u00e9 ou les fichiers enlev\u00e9s par erreur. Leurs noms correspondront g\u00e9n\u00e9ralement au nom de votre monde supprim\u00e9.<\/li>\n<li>Cliquez avec le bouton droit sur le dossier\/les fichiers et s\u00e9lectionnez &lsquo;<b>Restaurer<\/b>&lsquo; pour les r\u00e9cup\u00e9rer \u00e0 leur emplacement d&rsquo;origine.<\/li>\n<\/ul>\n<p><b>Note :<\/b> Cette m\u00e9thode fonctionne uniquement si les fichiers supprim\u00e9s n&rsquo;ont pas \u00e9t\u00e9 d\u00e9finitivement retir\u00e9s de la Corbeille.<\/p>\n<p><b>Conclusion :<\/b> R\u00e9cup\u00e9rer des fichiers de la Corbeille est une m\u00e9thode simple et efficace si la suppression est r\u00e9cente et que les fichiers n&rsquo;ont pas \u00e9t\u00e9 d\u00e9finitivement retir\u00e9s.<\/p>\n<h3>M\u00e9thode 2 : Utiliser la Restauration du syst\u00e8me sur PC &#128338;<\/h3>\n<ul>\n<li>Acc\u00e9dez \u00e0 la <b>Restauration du syst\u00e8me<\/b> en tapant &lsquo;Cr\u00e9er un point de restauration&rsquo; dans la bo\u00eete de recherche Windows et en ouvrant la bo\u00eete de dialogue Propri\u00e9t\u00e9s syst\u00e8me.<\/li>\n<li>Cliquez sur &lsquo;<b>Restauration du syst\u00e8me&#8230;<\/b>&lsquo; et suivez les instructions pour choisir un point de restauration avant la suppression.<\/li>\n<li>Proc\u00e9dez \u00e0 la restauration, en gardant \u00e0 l&rsquo;esprit que cela pourrait affecter les logiciels et mises \u00e0 jour r\u00e9cemment install\u00e9s.<\/li>\n<\/ul>\n<p><b>Note :<\/b> Cette m\u00e9thode ne fonctionnera que si la protection du syst\u00e8me est activ\u00e9e et que vous disposez d&rsquo;un point de restauration appropri\u00e9.<\/p>\n<p><b>Conclusion :<\/b> La Restauration du syst\u00e8me est un outil puissant pour revenir votre syst\u00e8me \u00e0 un \u00e9tat ant\u00e9rieur, ce qui peut r\u00e9cup\u00e9rer vos mondes Minecraft supprim\u00e9s si des changements r\u00e9cents dans le syst\u00e8me sont la cause du probl\u00e8me.<\/p>\n<h3>M\u00e9thode 3 : R\u00e9cup\u00e9rer depuis le dossier &lsquo;saves&rsquo; de Minecraft sur PC &#128190;<\/h3>\n<ul>\n<li>Naviguez jusqu&rsquo;\u00e0 votre dossier &lsquo;saves&rsquo; de Minecraft sur votre PC. Le chemin par d\u00e9faut est g\u00e9n\u00e9ralement &lsquo;<b>C:Users[Votre Nom d&rsquo;Utilisateur]AppDataRoaming.minecraftsaves<\/b>&lsquo;.<\/li>\n<li>V\u00e9rifiez si le dossier du monde supprim\u00e9 est toujours l\u00e0. Parfois, le jeu peut ne pas supprimer correctement les fichiers, les laissant dans le dossier des sauvegardes.<\/li>\n<li>Si trouv\u00e9, copiez le dossier dans un emplacement diff\u00e9rent et essayez de le charger dans votre jeu pour vous assurer qu&rsquo;il s&rsquo;agit du bon monde et qu&rsquo;il fonctionne.<\/li>\n<\/ul>\n<p><b>Note :<\/b> Cette m\u00e9thode repose sur la possibilit\u00e9 que les fichiers n&rsquo;ont peut-\u00eatre pas \u00e9t\u00e9 d\u00e9finitivement supprim\u00e9s par le jeu.<\/p>\n<p><b>Conclusion :<\/b> V\u00e9rifier directement le dossier des sauvegardes est une v\u00e9rification rapide qui pourrait potentiellement sauver votre monde sans avoir besoin d&rsquo;outils de r\u00e9cup\u00e9ration suppl\u00e9mentaires.<\/p>\n<h3>M\u00e9thode 4 : Utilisez <b>Disk Drill<\/b> pour la r\u00e9cup\u00e9ration de donn\u00e9es &#9881;<\/h3>\n<ul>\n<li>T\u00e9l\u00e9chargez et installez <b>Disk Drill<\/b> depuis le <a href='https:\/\/www.cleverfiles.com\/' rel=\"nofollow noopener\" target='_blank'>site officiel<\/a>.<\/li>\n<li>Lancez <b>Disk Drill<\/b> et s\u00e9lectionnez le lecteur o\u00f9 vos mondes Minecraft sont (ou \u00e9taient) stock\u00e9s.<\/li>\n<li>Cliquez sur &lsquo;<b>R\u00e9cup\u00e9rer<\/b>&lsquo; et laissez Disk Drill scanner le lecteur pour les fichiers supprim\u00e9s. Soyez patient, car le processus peut prendre du temps.<\/li>\n<li>Une fois le scan termin\u00e9, cherchez des dossiers portant le nom de vos mondes Minecraft, s\u00e9lectionnez-les et cliquez \u00e0 nouveau sur &lsquo;<b>R\u00e9cup\u00e9rer<\/b>&lsquo;.<\/li>\n<\/ul>\n<p><b>Note :<\/b> Les taux de succ\u00e8s peuvent varier, et il est g\u00e9n\u00e9ralement pr\u00e9f\u00e9rable de tenter la r\u00e9cup\u00e9ration d\u00e8s que possible apr\u00e8s la suppression.<\/p>\n<p><b>Conclusion :<\/b> <b>Disk Drill<\/b> est un outil de r\u00e9cup\u00e9ration de donn\u00e9es puissant qui peut potentiellement restaurer vos mondes Minecraft m\u00eame apr\u00e8s leur suppression.<\/p>\n<h3>M\u00e9thode 5 : Restaurer les sauvegardes de monde sur PC &#128281;<\/h3>\n<ul>\n<li>V\u00e9rifiez si vous ou le jeu Minecraft avez cr\u00e9\u00e9 des sauvegardes de vos mondes en allant dans le dossier &lsquo;<b>backups<\/b>&lsquo; g\u00e9n\u00e9ralement situ\u00e9 dans le r\u00e9pertoire Minecraft.<\/li>\n<li>Si vous localisez une sauvegarde r\u00e9cente, extrayez les fichiers \u00e0 l&rsquo;aide d&rsquo;un outil comme WinRAR ou 7-Zip.<\/li>\n<li>D\u00e9placez les donn\u00e9es du monde extraites dans le dossier &lsquo;<b>saves<\/b>&lsquo; et relancez Minecraft pour voir si le monde appara\u00eet.<\/li>\n<\/ul>\n<p><b>Note :<\/b> Cette m\u00e9thode d\u00e9pend de l&rsquo;existence de sauvegardes effectu\u00e9es avant que le monde ne soit supprim\u00e9.<\/p>\n<p><b>Conclusion :<\/b> Restaurer \u00e0 partir de sauvegardes est un moyen efficace de r\u00e9cup\u00e9rer des mondes, soulignant l&rsquo;importance de sauvegarder r\u00e9guli\u00e8rement vos sauvegardes Minecraft.<\/p>\n<h3>M\u00e9thode 6 : Applications de r\u00e9cup\u00e9ration de fichiers pour mobile &#128241;<\/h3>\n<ul>\n<li>T\u00e9l\u00e9chargez une application de r\u00e9cup\u00e9ration de fichiers telle que <b>Dr.Fone<\/b> ou <b>EaseUS MobiSaver<\/b> sur votre appareil ou connectez votre appareil \u00e0 un PC et utilisez un outil de r\u00e9cup\u00e9ration bas\u00e9 sur PC.<\/li>\n<li>Lancez l&rsquo;application et suivez les instructions pour lui permettre de scanner les fichiers supprim\u00e9s sur votre appareil mobile.<\/li>\n<li>Cherchez des fichiers avec l&rsquo;extension &lsquo;.minecraftworld&rsquo; ou des dossiers correspondant \u00e0 vos mondes supprim\u00e9s.<\/li>\n<li>Restaurez les fichiers s\u00e9lectionn\u00e9s dans le stockage de votre appareil.<\/li>\n<\/ul>\n<p><b>Note :<\/b> Les chances de r\u00e9cup\u00e9ration seront plus \u00e9lev\u00e9es si aucune nouvelle donn\u00e9e n&rsquo;a \u00e9t\u00e9 \u00e9crite sur l&rsquo;appareil depuis la suppression.<\/p>\n<p><b>Conclusion :<\/b> Bien que la r\u00e9cup\u00e9ration de donn\u00e9es mobiles puisse \u00eatre plus d\u00e9licate, l&rsquo;utilisation d&rsquo;une application fiable offre une bonne chance de r\u00e9cup\u00e9rer les mondes Minecraft perdus sur des appareils mobiles.<\/p>\n<\/section>\n<section>\n<div>\n<div>3<\/div>\n<h2>Pr\u00e9cautions et conseils :<\/h2>\n<\/div>\n<h3>Sauvegardes de donn\u00e9es r\u00e9guli\u00e8res &#128737;<\/h3>\n<ul>\n<li>Sauvegardez r\u00e9guli\u00e8rement vos <b>mondes Minecraft<\/b>, soit manuellement en copiant le dossier <b>saves<\/b>, soit en utilisant les options en jeu pour des sauvegardes automatiques.<\/li>\n<li>Utilisez des solutions de stockage en nuage telles que Google Drive, Dropbox ou OneDrive pour conserver des copies \u00e0 distance de vos donn\u00e9es de jeu.<\/li>\n<li>Programmez des sauvegardes automatiques en utilisant des outils syst\u00e8me ou des logiciels tiers pour assurer des captures coh\u00e9rentes de vos mondes.<\/li>\n<\/ul>\n<h3>Pratiques de jeu s\u00fbres &#128274;<\/h3>\n<ul>\n<li>\u00c9vitez de faire fonctionner votre PC ou appareil mobile avec des permissions \u00e9lev\u00e9es (admin ou root) en jouant \u00e0 Minecraft pour r\u00e9duire le risque de modifications involontaires des donn\u00e9es de jeu.<\/li>\n<li>Lors de l&rsquo;installation de mods ou de mises \u00e0 jour, assurez-vous qu&rsquo;ils sont compatibles avec votre version de Minecraft pour \u00e9viter la corruption.<\/li>\n<li>Mettez r\u00e9guli\u00e8rement \u00e0 jour votre jeu et votre appareil pour vous prot\u00e9ger contre les bugs qui pourraient conduire \u00e0 une perte de donn\u00e9es.<\/li>\n<\/ul>\n<\/section>\n<section>\n<div>\n<div>4<\/div>\n<h2>Comprendre la gestion des mondes dans Minecraft<\/h2>\n<\/div>\n<p>Comprendre comment Minecraft g\u00e8re les donn\u00e9es des mondes joue un r\u00f4le cl\u00e9 pour pr\u00e9venir et r\u00e9cup\u00e9rer apr\u00e8s une perte de donn\u00e9es. Dans Minecraft, toutes les donn\u00e9es du monde sont stock\u00e9es dans le dossier <b>saves<\/b> dans le r\u00e9pertoire d&rsquo;installation du jeu. Chaque monde est stock\u00e9 dans son propre dossier, nomm\u00e9 d&rsquo;apr\u00e8s le monde lui-m\u00eame. Cela comprend tout, des structures construites, des inventaires des joueurs au terrain.<\/p>\n<p><p>Il est \u00e9galement important de noter que Minecraft dispose de syst\u00e8mes de sauvegarde int\u00e9gr\u00e9s, en particulier avec Realms, o\u00f9 le jeu sauvegarde p\u00e9riodiquement vos mondes. Les sauvegardes de Realms peuvent \u00eatre acc\u00e9d\u00e9es et t\u00e9l\u00e9charg\u00e9es, ce qui est une protection contre la perte de donn\u00e9es.<\/p>\n<p><p>Les mods et les outils tiers peuvent \u00e0 la fois am\u00e9liorer le jeu et poser des risques pour vos sauvegardes. T\u00e9l\u00e9chargez toujours les mods \u00e0 partir de <a href='https:\/\/www.curseforge.com\/minecraft\/mc-mods' rel=\"nofollow noopener\" target='_blank'>sources r\u00e9put\u00e9es<\/a>, et envisagez d&rsquo;utiliser un gestionnaire de mods pour suivre le contenu install\u00e9.<\/p>\n<\/section>\n<section>\n<h2>Conclusion :<\/h2>\n<div class=\"nonp\">\n<p>Pour conclure, perdre un monde Minecraft peut aller d&rsquo;un l\u00e9ger d\u00e9sagr\u00e9ment \u00e0 un important contretemps, surtout si vous y avez consacr\u00e9 beaucoup de temps. En suivant les m\u00e9thodes d\u00e9crites dans cet article, vous vous doterez des connaissances et des outils n\u00e9cessaires pour tenter de r\u00e9cup\u00e9rer les mondes perdus sur les plateformes PC et mobiles. N&rsquo;oubliez pas, mieux vaut pr\u00e9venir que gu\u00e9rir ; donc des sauvegardes r\u00e9guli\u00e8res sont votre meilleure protection contre la perte de donn\u00e9es. Que vous utilisiez <b>Disk Drill<\/b>, que vous v\u00e9rifiiez votre dossier de sauvegardes ou que vous recherchiez des sauvegardes en jeu, il reste un espoir pour les joueurs qui ont accidentellement supprim\u00e9 leurs royaumes virtuels. Bonne cr\u00e9ation, et que vos mondes r\u00e9cup\u00e9r\u00e9s prosp\u00e8rent \u00e0 nouveau !<\/p>\n<\/div>\n<\/section>\n","protected":false},"excerpt":{"rendered":"<p>Comment r\u00e9cup\u00e9rer des mondes Minecraft supprim\u00e9s Minecraft, le jeu bac \u00e0 sable toujours populaire, conquiert le c\u0153ur des joueurs avec ses possibilit\u00e9s infinies d&rsquo;exploration, de construction et d&rsquo;aventure. L&rsquo;un des exp\u00e9riences les plus d\u00e9chirantes peut \u00eatre la suppression accidentelle d&rsquo;un monde Minecraft m\u00e9ticuleusement cr\u00e9\u00e9. Que ce soit \u00e0 cause d&rsquo;un crash du jeu, d&rsquo;un clic [&hellip;]<\/p>\n","protected":false},"author":2,"featured_media":36290,"parent":0,"menu_order":0,"comment_status":"closed","ping_status":"closed","template":"chromecast.php","meta":{"_stopmodifiedupdate":false,"_modified_date":"","_lmt_disableupdate":"yes","_lmt_disable":""},"acf":[],"yoast_head":"<!-- This site is optimized with the Yoast SEO plugin v20.9 - https:\/\/yoast.com\/wordpress\/plugins\/seo\/ -->\n<title>Comment restaurer des mondes Minecraft supprim\u00e9s accidentellement<\/title>\n<meta name=\"robots\" content=\"index, follow, max-snippet:-1, max-image-preview:large, max-video-preview:-1\" \/>\n<link rel=\"canonical\" href=\"https:\/\/datarecovery.ping.fm\/fr\/recover-deleted-minecraft-worlds\/\" \/>\n<meta property=\"og:locale\" content=\"fr_FR\" \/>\n<meta property=\"og:type\" content=\"article\" \/>\n<meta property=\"og:title\" content=\"Comment restaurer des mondes Minecraft supprim\u00e9s accidentellement\" \/>\n<meta property=\"og:description\" content=\"Comment r\u00e9cup\u00e9rer des mondes Minecraft supprim\u00e9s Minecraft, le jeu bac \u00e0 sable toujours populaire, conquiert le c\u0153ur des joueurs avec ses possibilit\u00e9s infinies d&rsquo;exploration, de construction et d&rsquo;aventure. L&rsquo;un des exp\u00e9riences les plus d\u00e9chirantes peut \u00eatre la suppression accidentelle d&rsquo;un monde Minecraft m\u00e9ticuleusement cr\u00e9\u00e9. Que ce soit \u00e0 cause d&rsquo;un crash du jeu, d&rsquo;un clic [&hellip;]\" \/>\n<meta property=\"og:url\" content=\"https:\/\/datarecovery.ping.fm\/fr\/recover-deleted-minecraft-worlds\/\" \/>\n<meta property=\"og:site_name\" content=\"Logiciel de r\u00e9cup\u00e9ration de donn\u00e9es\" \/>\n<meta property=\"article:modified_time\" content=\"2024-02-16T08:54:18+00:00\" \/>\n<meta property=\"og:image\" content=\"https:\/\/datarecovery.ping.fm\/wp-content\/uploads\/2024\/03\/How-to-Recover-Deleted-Minecraft-Worlds-French.jpg\" \/>\n\t<meta property=\"og:image:width\" content=\"1280\" \/>\n\t<meta property=\"og:image:height\" content=\"731\" \/>\n\t<meta property=\"og:image:type\" content=\"image\/jpeg\" \/>\n<meta name=\"twitter:card\" content=\"summary_large_image\" \/>\n<meta name=\"twitter:label1\" content=\"Est. reading time\" \/>\n\t<meta name=\"twitter:data1\" content=\"8 minutes\" \/>\n<script type=\"application\/ld+json\" class=\"yoast-schema-graph\">{\"@context\":\"https:\/\/schema.org\",\"@graph\":[{\"@type\":\"WebPage\",\"@id\":\"https:\/\/datarecovery.ping.fm\/fr\/recover-deleted-minecraft-worlds\/\",\"url\":\"https:\/\/datarecovery.ping.fm\/fr\/recover-deleted-minecraft-worlds\/\",\"name\":\"Comment restaurer des mondes Minecraft supprim\u00e9s accidentellement\",\"isPartOf\":{\"@id\":\"https:\/\/datarecovery.ping.fm\/fr\/#website\"},\"datePublished\":\"2024-01-09T20:38:49+00:00\",\"dateModified\":\"2024-02-16T08:54:18+00:00\",\"breadcrumb\":{\"@id\":\"https:\/\/datarecovery.ping.fm\/fr\/recover-deleted-minecraft-worlds\/#breadcrumb\"},\"inLanguage\":\"fr-FR\",\"potentialAction\":[{\"@type\":\"ReadAction\",\"target\":[\"https:\/\/datarecovery.ping.fm\/fr\/recover-deleted-minecraft-worlds\/\"]}]},{\"@type\":\"BreadcrumbList\",\"@id\":\"https:\/\/datarecovery.ping.fm\/fr\/recover-deleted-minecraft-worlds\/#breadcrumb\",\"itemListElement\":[{\"@type\":\"ListItem\",\"position\":1,\"name\":\"Home\",\"item\":\"https:\/\/datarecovery.ping.fm\/fr\/\"},{\"@type\":\"ListItem\",\"position\":2,\"name\":\"Comment r\u00e9cup\u00e9rer des mondes Minecraft supprim\u00e9s\"}]},{\"@type\":\"WebSite\",\"@id\":\"https:\/\/datarecovery.ping.fm\/fr\/#website\",\"url\":\"https:\/\/datarecovery.ping.fm\/fr\/\",\"name\":\"Logiciel de r\u00e9cup\u00e9ration de donn\u00e9es\",\"description\":\"\",\"potentialAction\":[{\"@type\":\"SearchAction\",\"target\":{\"@type\":\"EntryPoint\",\"urlTemplate\":\"https:\/\/datarecovery.ping.fm\/fr\/?s={search_term_string}\"},\"query-input\":\"required name=search_term_string\"}],\"inLanguage\":\"fr-FR\"}]}<\/script>\n<!-- \/ Yoast SEO plugin. -->","yoast_head_json":{"title":"Comment restaurer des mondes Minecraft supprim\u00e9s accidentellement","robots":{"index":"index","follow":"follow","max-snippet":"max-snippet:-1","max-image-preview":"max-image-preview:large","max-video-preview":"max-video-preview:-1"},"canonical":"https:\/\/datarecovery.ping.fm\/fr\/recover-deleted-minecraft-worlds\/","og_locale":"fr_FR","og_type":"article","og_title":"Comment restaurer des mondes Minecraft supprim\u00e9s accidentellement","og_description":"Comment r\u00e9cup\u00e9rer des mondes Minecraft supprim\u00e9s Minecraft, le jeu bac \u00e0 sable toujours populaire, conquiert le c\u0153ur des joueurs avec ses possibilit\u00e9s infinies d&rsquo;exploration, de construction et d&rsquo;aventure. L&rsquo;un des exp\u00e9riences les plus d\u00e9chirantes peut \u00eatre la suppression accidentelle d&rsquo;un monde Minecraft m\u00e9ticuleusement cr\u00e9\u00e9. Que ce soit \u00e0 cause d&rsquo;un crash du jeu, d&rsquo;un clic [&hellip;]","og_url":"https:\/\/datarecovery.ping.fm\/fr\/recover-deleted-minecraft-worlds\/","og_site_name":"Logiciel de r\u00e9cup\u00e9ration de donn\u00e9es","article_modified_time":"2024-02-16T08:54:18+00:00","og_image":[{"width":1280,"height":731,"url":"https:\/\/datarecovery.ping.fm\/wp-content\/uploads\/2024\/03\/How-to-Recover-Deleted-Minecraft-Worlds-French.jpg","type":"image\/jpeg"}],"twitter_card":"summary_large_image","twitter_misc":{"Est. reading time":"8 minutes"},"schema":{"@context":"https:\/\/schema.org","@graph":[{"@type":"WebPage","@id":"https:\/\/datarecovery.ping.fm\/fr\/recover-deleted-minecraft-worlds\/","url":"https:\/\/datarecovery.ping.fm\/fr\/recover-deleted-minecraft-worlds\/","name":"Comment restaurer des mondes Minecraft supprim\u00e9s accidentellement","isPartOf":{"@id":"https:\/\/datarecovery.ping.fm\/fr\/#website"},"datePublished":"2024-01-09T20:38:49+00:00","dateModified":"2024-02-16T08:54:18+00:00","breadcrumb":{"@id":"https:\/\/datarecovery.ping.fm\/fr\/recover-deleted-minecraft-worlds\/#breadcrumb"},"inLanguage":"fr-FR","potentialAction":[{"@type":"ReadAction","target":["https:\/\/datarecovery.ping.fm\/fr\/recover-deleted-minecraft-worlds\/"]}]},{"@type":"BreadcrumbList","@id":"https:\/\/datarecovery.ping.fm\/fr\/recover-deleted-minecraft-worlds\/#breadcrumb","itemListElement":[{"@type":"ListItem","position":1,"name":"Home","item":"https:\/\/datarecovery.ping.fm\/fr\/"},{"@type":"ListItem","position":2,"name":"Comment r\u00e9cup\u00e9rer des mondes Minecraft supprim\u00e9s"}]},{"@type":"WebSite","@id":"https:\/\/datarecovery.ping.fm\/fr\/#website","url":"https:\/\/datarecovery.ping.fm\/fr\/","name":"Logiciel de r\u00e9cup\u00e9ration de donn\u00e9es","description":"","potentialAction":[{"@type":"SearchAction","target":{"@type":"EntryPoint","urlTemplate":"https:\/\/datarecovery.ping.fm\/fr\/?s={search_term_string}"},"query-input":"required name=search_term_string"}],"inLanguage":"fr-FR"}]}},"_links":{"self":[{"href":"https:\/\/datarecovery.ping.fm\/fr\/wp-json\/wp\/v2\/pages\/16872"}],"collection":[{"href":"https:\/\/datarecovery.ping.fm\/fr\/wp-json\/wp\/v2\/pages"}],"about":[{"href":"https:\/\/datarecovery.ping.fm\/fr\/wp-json\/wp\/v2\/types\/page"}],"author":[{"embeddable":true,"href":"https:\/\/datarecovery.ping.fm\/fr\/wp-json\/wp\/v2\/users\/2"}],"replies":[{"embeddable":true,"href":"https:\/\/datarecovery.ping.fm\/fr\/wp-json\/wp\/v2\/comments?post=16872"}],"version-history":[{"count":1,"href":"https:\/\/datarecovery.ping.fm\/fr\/wp-json\/wp\/v2\/pages\/16872\/revisions"}],"predecessor-version":[{"id":36289,"href":"https:\/\/datarecovery.ping.fm\/fr\/wp-json\/wp\/v2\/pages\/16872\/revisions\/36289"}],"wp:featuredmedia":[{"embeddable":true,"href":"https:\/\/datarecovery.ping.fm\/fr\/wp-json\/wp\/v2\/media\/36290"}],"wp:attachment":[{"href":"https:\/\/datarecovery.ping.fm\/fr\/wp-json\/wp\/v2\/media?parent=16872"}],"curies":[{"name":"wp","href":"https:\/\/api.w.org\/{rel}","templated":true}]}}