{"id":15866,"date":"2024-01-10T21:08:36","date_gmt":"2024-01-10T21:08:36","guid":{"rendered":"https:\/\/www.ping.fm\/data-recovery-software\/desktop-files-disappeared-mac\/"},"modified":"2024-02-16T08:54:07","modified_gmt":"2024-02-16T08:54:07","slug":"desktop-files-disappeared-mac","status":"publish","type":"page","link":"https:\/\/datarecovery.ping.fm\/fr\/desktop-files-disappeared-mac\/","title":{"rendered":"Les fichiers ont disparu du bureau Mac &#8211; Comment les r\u00e9cup\u00e9rer ?"},"content":{"rendered":"<section>\n<h1>Les fichiers ont disparu du bureau Mac &#8211; Comment les r\u00e9cup\u00e9rer ?<\/h1>\n<div class=\"inbrief\">\n<div>             <img src=\"https:\/\/www.ping.fm\/data-recovery-software\/wp-content\/uploads\/ai\/Files-Disappeared-From-Mac-Desktop-How-to-Get-Them-Back--French.jpg\" alt=\"Les fichiers ont disparu du bureau Mac - Comment les r\u00e9cup\u00e9rer ?\" title=\"Les fichiers ont disparu du bureau Mac - Comment les r\u00e9cup\u00e9rer ?\" width=\"1280\" height=\"720\">             <\/p>\n<p>R\u00e9cemment, j&rsquo;ai rencontr\u00e9 un probl\u00e8me o\u00f9 certains fichiers du bureau ont disparu sur mon Mac, ou plut\u00f4t, tout sur le bureau de mon Mac a disparu. C&rsquo;est une situation qui peut d\u00e9clencher une l\u00e9g\u00e8re panique, car on a l&rsquo;impression de perdre une partie de sa vie num\u00e9rique. Cependant, j&rsquo;ai appris que ce probl\u00e8me pouvait survenir pour diverses raisons et qu&rsquo;il existe des \u00e9tapes \u00e0 suivre pour r\u00e9cup\u00e9rer vos donn\u00e9es perdues. En particulier, j&rsquo;ai constat\u00e9 que l&rsquo;utilisation de <a href='https:\/\/www.cleverfiles.com\/' rel=\"nofollow noopener\" target='_blank'>Disk Drill<\/a> \u00e9tait une solution efficace pour la r\u00e9cup\u00e9ration de donn\u00e9es. Dans cet article, je vais vous expliquer pourquoi ce probl\u00e8me se produit et vous d\u00e9tailler les \u00e9tapes pour r\u00e9cup\u00e9rer vos donn\u00e9es manquantes en utilisant Disk Drill et d&rsquo;autres m\u00e9thodes. Nous explorerons \u00e9galement les meilleures pratiques pour \u00e9viter que cela ne se reproduise.<\/p>\n<\/div>\n<\/div>\n<\/section>\n<section>\n<div>\n<div>1<\/div>\n<h2>Sc\u00e9narios fr\u00e9quents :<\/h2>\n<\/div>\n<h3>Suppression accidentelle &#128465;<\/h3>\n<ul>\n<li>Les fichiers ont \u00e9t\u00e9 inadvertamment gliss\u00e9s dans la <b>Corbeille<\/b> et supprim\u00e9s.<\/li>\n<li>Suppression en ligne de commande avec la commande <b>rm<\/b> sans se rendre compte qu&rsquo;elle affectait les fichiers du bureau.<\/li>\n<li>Utilisation d&rsquo;un outil de nettoyage qui a supprim\u00e9 par erreur des fichiers importants.<\/li>\n<\/ul>\n<h3>Mises \u00e0 jour du syst\u00e8me ou plantages &#128187;<\/h3>\n<ul>\n<li>Une <b>mise \u00e0 jour du syst\u00e8me d&rsquo;exploitation<\/b> qui a modifi\u00e9 ou masqu\u00e9 les fichiers par inadvertance.<\/li>\n<li>Un plantage du syst\u00e8me <b>inattendu<\/b> conduisant \u00e0 une perte de donn\u00e9es.<\/li>\n<li>Une corruption du syst\u00e8me de fichiers rendant les fichiers invisibles ou inaccessibles.<\/li>\n<\/ul>\n<h3>Infection par un logiciel malveillant &#129440;<\/h3>\n<ul>\n<li>Les fichiers du bureau chiffr\u00e9s ou cach\u00e9s en raison d&rsquo;une <b>attaque par un logiciel malveillant<\/b>.<\/li>\n<li>Vol de donn\u00e9es par un logiciel malveillant, entra\u00eenant la disparition des fichiers.<\/li>\n<li>Fichiers d\u00e9plac\u00e9s \u00e0 cause de modifications effectu\u00e9es par une <b>infection<\/b>.<\/li>\n<\/ul>\n<\/section>\n<section class=\"stepByStep\">\n<div>\n<div>2<\/div>\n<h2>Guide \u00e9tape par \u00e9tape. Fichiers du bureau disparus Mac :<\/h2>\n<\/div>\n<h3>M\u00e9thode 1 : V\u00e9rifier la corbeille &#128465;<\/h3>\n<ul>\n<li>Ouvrez la <b>Corbeille<\/b> en cliquant sur son ic\u00f4ne dans le dock.<\/li>\n<li>Cherchez les fichiers cens\u00e9s \u00eatre sur le bureau.<\/li>\n<li>S\u00e9lectionnez les fichiers et faites un <b>clic droit<\/b> > choisissez &lsquo;Remettre&rsquo; pour les restaurer \u00e0 leur emplacement d&rsquo;origine.<\/li>\n<\/ul>\n<p><b>Note :<\/b> Les fichiers ne seront r\u00e9cup\u00e9rables de la Corbeille que s&rsquo;ils n&rsquo;ont pas \u00e9t\u00e9 d\u00e9finitivement supprim\u00e9s.<\/p>\n<p><b>Conclusion :<\/b> R\u00e9cup\u00e9rer des fichiers depuis la Corbeille est la m\u00e9thode la plus simple si les fichiers ont \u00e9t\u00e9 supprim\u00e9s accidentellement.<\/p>\n<h3>M\u00e9thode 2 : Utiliser la sauvegarde Time Machine &#9200;<\/h3>\n<ul>\n<li>Connectez le disque de sauvegarde o\u00f9 vos sauvegardes Time Machine sont stock\u00e9es.<\/li>\n<li>Ouvrez &lsquo;Time Machine&rsquo; depuis les Pr\u00e9f\u00e9rences Syst\u00e8me ou en cliquant sur l&rsquo;ic\u00f4ne Time Machine dans la barre de menus et en s\u00e9lectionnant &lsquo;Entrer dans Time Machine&rsquo;.<\/li>\n<li>Naviguez jusqu&rsquo;au dossier du bureau et trouvez le moment o\u00f9 vos fichiers \u00e9taient encore pr\u00e9sents.<\/li>\n<li>S\u00e9lectionnez les fichiers que vous souhaitez restaurer et cliquez sur &lsquo;Restaurer&rsquo;.<\/li>\n<\/ul>\n<p><b>Note :<\/b> Cette m\u00e9thode requiert que vous ayez activ\u00e9 les sauvegardes r\u00e9guli\u00e8res avec Time Machine.<\/p>\n<p><b>Conclusion :<\/b> Time Machine est une fonctionnalit\u00e9 robuste de Mac pour revenir \u00e0 un \u00e9tat ant\u00e9rieur du syst\u00e8me.<\/p>\n<h3>M\u00e9thode 3 : V\u00e9rifier le dossier Bureau dans le Finder &#128194;<\/h3>\n<ul>\n<li>Ouvrez <b>Finder<\/b> et allez dans votre dossier de bureau (g\u00e9n\u00e9ralement sous &lsquo;Favoris&rsquo;).<\/li>\n<li>V\u00e9rifiez si les fichiers sont pr\u00e9sents mais n&rsquo;apparaissent pas sur l&rsquo;\u00e9cran du bureau r\u00e9el.<\/li>\n<li>Si les fichiers sont l\u00e0, glissez-les de nouveau sur votre bureau ou cliquez-droit > &lsquo;Cr\u00e9er un alias&rsquo; pour cr\u00e9er un raccourci sur le bureau.<\/li>\n<\/ul>\n<p><b>Note :<\/b> Parfois, les fichiers ne sont pas visibles sur le bureau en raison de dysfonctionnements du syst\u00e8me mais restent dans le r\u00e9pertoire du bureau.<\/p>\n<p><b>Conclusion :<\/b> Il s&rsquo;agit d&rsquo;une v\u00e9rification rapide qui peut parfois r\u00e9soudre le probl\u00e8me s&rsquo;il s&rsquo;agit d&rsquo;un probl\u00e8me d&rsquo;affichage.<\/p>\n<h3>M\u00e9thode 4 : Utiliser Disk Drill pour r\u00e9cup\u00e9rer les fichiers &#128736;<\/h3>\n<ul>\n<li>T\u00e9l\u00e9chargez et installez <a href='https:\/\/www.cleverfiles.com\/' rel=\"nofollow noopener\" target='_blank'><b>Disk Drill<\/b><\/a> pour Mac.<\/li>\n<li>Lancez Disk Drill et s\u00e9lectionnez le disque o\u00f9 vos fichiers de bureau \u00e9taient stock\u00e9s (g\u00e9n\u00e9ralement le Macintosh HD).<\/li>\n<li>Cliquez sur le bouton &lsquo;R\u00e9cup\u00e9rer&rsquo; \u00e0 c\u00f4t\u00e9 du disque s\u00e9lectionn\u00e9 pour commencer le processus de balayage.<\/li>\n<li>Une fois le balayage termin\u00e9, examinez les \u00e9l\u00e9ments trouv\u00e9s et s\u00e9lectionnez les fichiers de bureau disparus.<\/li>\n<li>Cliquez de nouveau sur le bouton &lsquo;R\u00e9cup\u00e9rer&rsquo; pour restaurer vos fichiers s\u00e9lectionn\u00e9s \u00e0 un emplacement s\u00fbr.<\/li>\n<\/ul>\n<p><b>Note :<\/b> Disk Drill offre une option de balayage en profondeur pour une r\u00e9cup\u00e9ration compl\u00e8te si le balayage rapide ne parvient pas \u00e0 trouver les fichiers.<\/p>\n<p><b>Conclusion :<\/b> Disk Drill est un outil puissant qui peut aider \u00e0 r\u00e9cup\u00e9rer des fichiers m\u00eame lorsque d&rsquo;autres m\u00e9thodes \u00e9chouent.<\/p>\n<h3>M\u00e9thode 5 : R\u00e9initialiser la NVRAM &#9881;<\/h3>\n<ul>\n<li>\u00c9teignez votre Mac.<\/li>\n<li>Allumez-le et maintenez imm\u00e9diatement enfonc\u00e9es les touches <b>Option + Commande + P + R<\/b>.<\/li>\n<li>Rel\u00e2chez les touches apr\u00e8s environ 20 secondes ou apr\u00e8s avoir entendu le deuxi\u00e8me son de d\u00e9marrage.<\/li>\n<li>Une fois votre Mac d\u00e9marr\u00e9, v\u00e9rifiez si vos fichiers de bureau sont r\u00e9apparus.<\/li>\n<\/ul>\n<p><b>Note :<\/b> Ce processus efface certains param\u00e8tres stock\u00e9s dans la NVRAM, ce qui peut parfois r\u00e9soudre les probl\u00e8mes d&rsquo;affichage du bureau.<\/p>\n<p><b>Conclusion :<\/b> R\u00e9initialiser la NVRAM est un processus simple qui peut r\u00e9soudre divers probl\u00e8mes li\u00e9s au Mac.<\/p>\n<\/section>\n<section>\n<div>\n<div>3<\/div>\n<h2>Pr\u00e9cautions et astuces :<\/h2>\n<\/div>\n<h3>\u00catre pr\u00eat avec des sauvegardes &#128190;<\/h3>\n<ul>\n<li>Sauvegardez r\u00e9guli\u00e8rement votre Mac en utilisant Time Machine ou une autre solution de sauvegarde.<\/li>\n<li>Envisagez d&rsquo;utiliser des services cloud comme <b>iCloud Drive<\/b> ou <b>Dropbox<\/b> pour une s\u00e9curit\u00e9 suppl\u00e9mentaire des fichiers.<\/li>\n<li>Suivez la r\u00e8gle 3-2-1 de sauvegarde : conservez trois copies de vos donn\u00e9es, sur deux supports diff\u00e9rents, avec une hors site.<\/li>\n<\/ul>\n<\/section>\n<section>\n<div>\n<div>4<\/div>\n<h2>Comprendre la perte de donn\u00e9es sur Mac<\/h2>\n<\/div>\n<p>Comprendre les raisons courantes de la perte de donn\u00e9es sur un Mac peut vous aider \u00e0 pr\u00e9venir proactivement de futurs probl\u00e8mes. Le syst\u00e8me d&rsquo;exploitation macOS est assez robuste, mais la <b>perte de donn\u00e9es<\/b> peut encore survenir en raison de facteurs allant de d\u00e9faillances mat\u00e9rielles \u00e0 des erreurs humaines. Les probl\u00e8mes mat\u00e9riels pourraient inclure un disque dur ou un SSD d\u00e9faillant, tandis que l&rsquo;erreur humaine pourrait \u00eatre aussi simple que des suppressions accidentelles.<\/p>\n<p>De plus, une bonne organisation des fichiers et un entretien r\u00e9gulier, comme maintenir vos logiciels \u00e0 jour et \u00e9viter les t\u00e9l\u00e9chargements douteux, peuvent r\u00e9duire les risques de perte de donn\u00e9es. Si vous manipulez souvent des informations sensibles ou critiques, envisagez de chiffrer votre disque dur avec <b>FileVault<\/b> ou d&rsquo;utiliser des logiciels sp\u00e9cialis\u00e9s pour une protection des donn\u00e9es en temps r\u00e9el.<\/p>\n<p>Il est \u00e9galement judicieux de se familiariser avec les outils et services disponibles pour la r\u00e9cup\u00e9ration de donn\u00e9es. Outre <a href='https:\/\/www.cleverfiles.com\/' rel=\"nofollow noopener\" target='_blank'>Disk Drill<\/a>, d&rsquo;autres programmes de r\u00e9cup\u00e9ration de donn\u00e9es r\u00e9put\u00e9s, tels que <a href='https:\/\/www.easeus.com\/datarecoverywizardpro\/' rel=\"nofollow noopener\" target='_blank'>EaseUS Data Recovery Wizard<\/a> ou <a href='https:\/\/www.stellarinfo.com\/' rel=\"nofollow noopener\" target='_blank'>Stellar Data Recovery<\/a>, valent \u00e9galement la peine d&rsquo;\u00eatre consid\u00e9r\u00e9s. De plus, des ressources telles que <a href='https:\/\/support.apple.com\/' rel=\"nofollow noopener\" target='_blank'>Apple Support<\/a> peuvent \u00eatre d&rsquo;une grande aide pour le d\u00e9pannage.<\/p>\n<\/section>\n<section>\n<h2>Conclusion :<\/h2>\n<div class=\"nonp\">\n<p>En conclusion, vivre la disparition de fichiers sur le bureau d&rsquo;un Mac peut \u00eatre d\u00e9concertant, mais cela ne doit pas \u00eatre un d\u00e9sastre. En comprenant les causes possibles et en ayant une strat\u00e9gie de r\u00e9cup\u00e9ration, y compris des outils comme <a href='https:\/\/www.cleverfiles.com\/' rel=\"nofollow noopener\" target='_blank'><b>Disk Drill<\/b><\/a>, vous pouvez restaurer vos donn\u00e9es importantes. La pr\u00e9vention est essentielle, veillez donc \u00e0 sauvegarder r\u00e9guli\u00e8rement vos fichiers et \u00e0 maintenir une bonne hygi\u00e8ne num\u00e9rique. Si vous rencontrez des probl\u00e8mes similaires \u00e0 l&rsquo;avenir, rappelez-vous que vous \u00eates maintenant \u00e9quip\u00e9 des connaissances n\u00e9cessaires pour les aborder de mani\u00e8re efficace.<\/p>\n<\/div>\n<\/section>\n","protected":false},"excerpt":{"rendered":"<p>Les fichiers ont disparu du bureau Mac &#8211; Comment les r\u00e9cup\u00e9rer ? R\u00e9cemment, j&rsquo;ai rencontr\u00e9 un probl\u00e8me o\u00f9 certains fichiers du bureau ont disparu sur mon Mac, ou plut\u00f4t, tout sur le bureau de mon Mac a disparu. C&rsquo;est une situation qui peut d\u00e9clencher une l\u00e9g\u00e8re panique, car on a l&rsquo;impression de perdre une partie [&hellip;]<\/p>\n","protected":false},"author":2,"featured_media":36194,"parent":0,"menu_order":0,"comment_status":"closed","ping_status":"closed","template":"chromecast.php","meta":{"_stopmodifiedupdate":false,"_modified_date":"","_lmt_disableupdate":"yes","_lmt_disable":""},"acf":[],"yoast_head":"<!-- This site is optimized with the Yoast SEO plugin v20.9 - https:\/\/yoast.com\/wordpress\/plugins\/seo\/ -->\n<title>Comment r\u00e9cup\u00e9rer des fichiers de bureau disparus sur un Mac (R\u00e9solu)<\/title>\n<meta name=\"robots\" content=\"index, follow, max-snippet:-1, max-image-preview:large, max-video-preview:-1\" \/>\n<link rel=\"canonical\" href=\"https:\/\/datarecovery.ping.fm\/fr\/desktop-files-disappeared-mac\/\" \/>\n<meta property=\"og:locale\" content=\"fr_FR\" \/>\n<meta property=\"og:type\" content=\"article\" \/>\n<meta property=\"og:title\" content=\"Comment r\u00e9cup\u00e9rer des fichiers de bureau disparus sur un Mac (R\u00e9solu)\" \/>\n<meta property=\"og:description\" content=\"Les fichiers ont disparu du bureau Mac &#8211; Comment les r\u00e9cup\u00e9rer ? R\u00e9cemment, j&rsquo;ai rencontr\u00e9 un probl\u00e8me o\u00f9 certains fichiers du bureau ont disparu sur mon Mac, ou plut\u00f4t, tout sur le bureau de mon Mac a disparu. C&rsquo;est une situation qui peut d\u00e9clencher une l\u00e9g\u00e8re panique, car on a l&rsquo;impression de perdre une partie [&hellip;]\" \/>\n<meta property=\"og:url\" content=\"https:\/\/datarecovery.ping.fm\/fr\/desktop-files-disappeared-mac\/\" \/>\n<meta property=\"og:site_name\" content=\"Logiciel de r\u00e9cup\u00e9ration de donn\u00e9es\" \/>\n<meta property=\"article:modified_time\" content=\"2024-02-16T08:54:07+00:00\" \/>\n<meta property=\"og:image\" content=\"https:\/\/datarecovery.ping.fm\/wp-content\/uploads\/2024\/03\/Files-Disappeared-From-Mac-Desktop-How-to-Get-Them-Back-French.jpg\" \/>\n\t<meta property=\"og:image:width\" content=\"1280\" \/>\n\t<meta property=\"og:image:height\" content=\"731\" \/>\n\t<meta property=\"og:image:type\" content=\"image\/jpeg\" \/>\n<meta name=\"twitter:card\" content=\"summary_large_image\" \/>\n<meta name=\"twitter:label1\" content=\"Est. reading time\" \/>\n\t<meta name=\"twitter:data1\" content=\"6 minutes\" \/>\n<script type=\"application\/ld+json\" class=\"yoast-schema-graph\">{\"@context\":\"https:\/\/schema.org\",\"@graph\":[{\"@type\":\"WebPage\",\"@id\":\"https:\/\/datarecovery.ping.fm\/fr\/desktop-files-disappeared-mac\/\",\"url\":\"https:\/\/datarecovery.ping.fm\/fr\/desktop-files-disappeared-mac\/\",\"name\":\"Comment r\u00e9cup\u00e9rer des fichiers de bureau disparus sur un Mac (R\u00e9solu)\",\"isPartOf\":{\"@id\":\"https:\/\/datarecovery.ping.fm\/fr\/#website\"},\"datePublished\":\"2024-01-10T21:08:36+00:00\",\"dateModified\":\"2024-02-16T08:54:07+00:00\",\"breadcrumb\":{\"@id\":\"https:\/\/datarecovery.ping.fm\/fr\/desktop-files-disappeared-mac\/#breadcrumb\"},\"inLanguage\":\"fr-FR\",\"potentialAction\":[{\"@type\":\"ReadAction\",\"target\":[\"https:\/\/datarecovery.ping.fm\/fr\/desktop-files-disappeared-mac\/\"]}]},{\"@type\":\"BreadcrumbList\",\"@id\":\"https:\/\/datarecovery.ping.fm\/fr\/desktop-files-disappeared-mac\/#breadcrumb\",\"itemListElement\":[{\"@type\":\"ListItem\",\"position\":1,\"name\":\"Home\",\"item\":\"https:\/\/datarecovery.ping.fm\/fr\/\"},{\"@type\":\"ListItem\",\"position\":2,\"name\":\"Les fichiers ont disparu du bureau Mac &#8211; Comment les r\u00e9cup\u00e9rer ?\"}]},{\"@type\":\"WebSite\",\"@id\":\"https:\/\/datarecovery.ping.fm\/fr\/#website\",\"url\":\"https:\/\/datarecovery.ping.fm\/fr\/\",\"name\":\"Logiciel de r\u00e9cup\u00e9ration de donn\u00e9es\",\"description\":\"\",\"potentialAction\":[{\"@type\":\"SearchAction\",\"target\":{\"@type\":\"EntryPoint\",\"urlTemplate\":\"https:\/\/datarecovery.ping.fm\/fr\/?s={search_term_string}\"},\"query-input\":\"required name=search_term_string\"}],\"inLanguage\":\"fr-FR\"}]}<\/script>\n<!-- \/ Yoast SEO plugin. -->","yoast_head_json":{"title":"Comment r\u00e9cup\u00e9rer des fichiers de bureau disparus sur un Mac (R\u00e9solu)","robots":{"index":"index","follow":"follow","max-snippet":"max-snippet:-1","max-image-preview":"max-image-preview:large","max-video-preview":"max-video-preview:-1"},"canonical":"https:\/\/datarecovery.ping.fm\/fr\/desktop-files-disappeared-mac\/","og_locale":"fr_FR","og_type":"article","og_title":"Comment r\u00e9cup\u00e9rer des fichiers de bureau disparus sur un Mac (R\u00e9solu)","og_description":"Les fichiers ont disparu du bureau Mac &#8211; Comment les r\u00e9cup\u00e9rer ? R\u00e9cemment, j&rsquo;ai rencontr\u00e9 un probl\u00e8me o\u00f9 certains fichiers du bureau ont disparu sur mon Mac, ou plut\u00f4t, tout sur le bureau de mon Mac a disparu. C&rsquo;est une situation qui peut d\u00e9clencher une l\u00e9g\u00e8re panique, car on a l&rsquo;impression de perdre une partie [&hellip;]","og_url":"https:\/\/datarecovery.ping.fm\/fr\/desktop-files-disappeared-mac\/","og_site_name":"Logiciel de r\u00e9cup\u00e9ration de donn\u00e9es","article_modified_time":"2024-02-16T08:54:07+00:00","og_image":[{"width":1280,"height":731,"url":"https:\/\/datarecovery.ping.fm\/wp-content\/uploads\/2024\/03\/Files-Disappeared-From-Mac-Desktop-How-to-Get-Them-Back-French.jpg","type":"image\/jpeg"}],"twitter_card":"summary_large_image","twitter_misc":{"Est. reading time":"6 minutes"},"schema":{"@context":"https:\/\/schema.org","@graph":[{"@type":"WebPage","@id":"https:\/\/datarecovery.ping.fm\/fr\/desktop-files-disappeared-mac\/","url":"https:\/\/datarecovery.ping.fm\/fr\/desktop-files-disappeared-mac\/","name":"Comment r\u00e9cup\u00e9rer des fichiers de bureau disparus sur un Mac (R\u00e9solu)","isPartOf":{"@id":"https:\/\/datarecovery.ping.fm\/fr\/#website"},"datePublished":"2024-01-10T21:08:36+00:00","dateModified":"2024-02-16T08:54:07+00:00","breadcrumb":{"@id":"https:\/\/datarecovery.ping.fm\/fr\/desktop-files-disappeared-mac\/#breadcrumb"},"inLanguage":"fr-FR","potentialAction":[{"@type":"ReadAction","target":["https:\/\/datarecovery.ping.fm\/fr\/desktop-files-disappeared-mac\/"]}]},{"@type":"BreadcrumbList","@id":"https:\/\/datarecovery.ping.fm\/fr\/desktop-files-disappeared-mac\/#breadcrumb","itemListElement":[{"@type":"ListItem","position":1,"name":"Home","item":"https:\/\/datarecovery.ping.fm\/fr\/"},{"@type":"ListItem","position":2,"name":"Les fichiers ont disparu du bureau Mac &#8211; Comment les r\u00e9cup\u00e9rer ?"}]},{"@type":"WebSite","@id":"https:\/\/datarecovery.ping.fm\/fr\/#website","url":"https:\/\/datarecovery.ping.fm\/fr\/","name":"Logiciel de r\u00e9cup\u00e9ration de donn\u00e9es","description":"","potentialAction":[{"@type":"SearchAction","target":{"@type":"EntryPoint","urlTemplate":"https:\/\/datarecovery.ping.fm\/fr\/?s={search_term_string}"},"query-input":"required name=search_term_string"}],"inLanguage":"fr-FR"}]}},"_links":{"self":[{"href":"https:\/\/datarecovery.ping.fm\/fr\/wp-json\/wp\/v2\/pages\/15866"}],"collection":[{"href":"https:\/\/datarecovery.ping.fm\/fr\/wp-json\/wp\/v2\/pages"}],"about":[{"href":"https:\/\/datarecovery.ping.fm\/fr\/wp-json\/wp\/v2\/types\/page"}],"author":[{"embeddable":true,"href":"https:\/\/datarecovery.ping.fm\/fr\/wp-json\/wp\/v2\/users\/2"}],"replies":[{"embeddable":true,"href":"https:\/\/datarecovery.ping.fm\/fr\/wp-json\/wp\/v2\/comments?post=15866"}],"version-history":[{"count":1,"href":"https:\/\/datarecovery.ping.fm\/fr\/wp-json\/wp\/v2\/pages\/15866\/revisions"}],"predecessor-version":[{"id":36193,"href":"https:\/\/datarecovery.ping.fm\/fr\/wp-json\/wp\/v2\/pages\/15866\/revisions\/36193"}],"wp:featuredmedia":[{"embeddable":true,"href":"https:\/\/datarecovery.ping.fm\/fr\/wp-json\/wp\/v2\/media\/36194"}],"wp:attachment":[{"href":"https:\/\/datarecovery.ping.fm\/fr\/wp-json\/wp\/v2\/media?parent=15866"}],"curies":[{"name":"wp","href":"https:\/\/api.w.org\/{rel}","templated":true}]}}