{"id":15495,"date":"2024-01-04T14:44:05","date_gmt":"2024-01-04T14:44:05","guid":{"rendered":"https:\/\/www.ping.fm\/data-recovery-software\/recovery-services\/"},"modified":"2024-02-29T12:35:58","modified_gmt":"2024-02-29T12:35:58","slug":"recovery-services","status":"publish","type":"page","link":"https:\/\/datarecovery.ping.fm\/fr\/recovery-services\/","title":{"rendered":"Meilleures entreprises de services de r\u00e9cup\u00e9ration de donn\u00e9es aux \u00c9tats-Unis"},"content":{"rendered":"<section>\n<h1>Meilleures entreprises de services de r\u00e9cup\u00e9ration de donn\u00e9es aux \u00c9tats-Unis<\/h1>\n<div class=\"inbrief\">\n<div>             <img src=\"https:\/\/www.ping.fm\/data-recovery-software\/wp-content\/uploads\/ai\/Best-Data-Recovery-Service-Companies-in-USA-French.jpg\" alt=\"Meilleures entreprises de services de r\u00e9cup\u00e9ration de donn\u00e9es aux \u00c9tats-Unis\" title=\"Meilleures entreprises de services de r\u00e9cup\u00e9ration de donn\u00e9es aux \u00c9tats-Unis\" width=\"1280\" height=\"720\">             <\/p>\n<p>Naviguer dans les eaux troubles de la perte de donn\u00e9es peut \u00eatre une exp\u00e9rience angoissante. Qu&rsquo;il s&rsquo;agisse d&rsquo;un souvenir personnel ou de donn\u00e9es commerciales cruciales, la signification de ce qui a \u00e9t\u00e9 perdu peut \u00eatre inestimable. Heureusement, les \u00c9tats-Unis abritent certaines des meilleures entreprises de services de r\u00e9cup\u00e9ration de donn\u00e9es de l&rsquo;industrie, et j&rsquo;ai eu la chance d&rsquo;explorer leurs services de premi\u00e8re main. Cet article se penche sur les options les plus r\u00e9put\u00e9es disponibles, bas\u00e9es sur l&rsquo;efficacit\u00e9, le service client et la comp\u00e9tence technique.<\/p>\n<\/div>\n<\/div>\n<\/section>\n<section>\n<div class=\"medal\">\n<div>&#129351;<\/div>\n<\/div>\n<h2><a href='https:\/\/www.drivesaversdatarecovery.com' rel=\"nofollow noopener\" target='_blank'>DriveSavers Data Recovery<\/a><\/h2>\n<p><img src=\"https:\/\/www.ping.fm\/data-recovery-software\/wp-content\/uploads\/ai\/https---www-drivesaversdatarecovery-comFrench.jpg\"><\/p>\n<p>DriveSavers est un v\u00e9t\u00e9ran de l&rsquo;industrie de la r\u00e9cup\u00e9ration de donn\u00e9es, avec un taux de r\u00e9ussite \u00e9lev\u00e9. Leurs installations en salles blanches et leurs ing\u00e9nieurs certifi\u00e9s garantissent une r\u00e9cup\u00e9ration optimale des donn\u00e9es \u00e0 partir de tous types de dispositifs de stockage. Leur accent sur la s\u00e9curit\u00e9 des donn\u00e9es est primordial, ce qui en fait un choix de confiance pour la r\u00e9cup\u00e9ration de donn\u00e9es sensibles.<\/p>\n<p><a href='https:\/\/www.drivesaversdatarecovery.com' rel=\"nofollow noopener\" target='_blank' class='ofWSite'>Site officiel<\/a><\/p>\n<h3 class='prosTitle'>Avantages<\/h3>\n<ul class='listpc pros'>\n<li>Installations avanc\u00e9es en salles blanches<\/li>\n<li>Expertise vari\u00e9e \u00e0 travers les dispositifs de stockage<\/li>\n<\/ul>\n<h3 class='consTitle'>Inconv\u00e9nients<\/h3>\n<ul class='listpc cons'>\n<li>Prix premium<\/li>\n<li>D\u00e9lai plus long pour le service standard<\/li>\n<\/ul>\n<\/section>\n<section>\n<div class=\"medal\">\n<div>&#129352;<\/div>\n<\/div>\n<h2><a href='https:\/\/www.securedatarecovery.com' rel=\"nofollow noopener\" target='_blank'>Secure Data Recovery<\/a><\/h2>\n<p><img src=\"https:\/\/www.ping.fm\/data-recovery-software\/wp-content\/uploads\/ai\/https---www-securedatarecovery-comFrench.jpg\"><\/p>\n<p>Secure Data Recovery se sp\u00e9cialise dans la fourniture de services de r\u00e9cup\u00e9ration de donn\u00e9es transparents et s\u00e9curis\u00e9s. Leur portail client permet de suivre en temps r\u00e9el l&rsquo;avancement de la r\u00e9cup\u00e9ration de donn\u00e9es, ce qui est utile pour les clients impatients de retrouver leurs pr\u00e9cieuses donn\u00e9es. Ils sont \u00e9galement connus pour leur technologie propri\u00e9taire qui permet la r\u00e9cup\u00e9ration de donn\u00e9es dans des situations complexes.<\/p>\n<p><a href='https:\/\/www.securedatarecovery.com' rel=\"nofollow noopener\" target='_blank' class='ofWSite'>Site officiel<\/a><\/p>\n<h3 class='prosTitle'>Avantages<\/h3>\n<ul class='listpc pros'>\n<li>Suivi de cas en temps r\u00e9el<\/li>\n<li>Services d&rsquo;urgence disponibles<\/li>\n<\/ul>\n<h3 class='consTitle'>Inconv\u00e9nients<\/h3>\n<ul class='listpc cons'>\n<li>Les services peuvent \u00eatre co\u00fbteux<\/li>\n<li>Quelques avis mitig\u00e9s sur les sites de consommateurs<\/li>\n<\/ul>\n<\/section>\n<section>\n<div class=\"medal\">\n<div>&#129353;<\/div>\n<\/div>\n<h2><a href='https:\/\/www.ontrack.com' rel=\"nofollow noopener\" target='_blank'>Ontrack Data Recovery<\/a><\/h2>\n<p><img src=\"https:\/\/www.ping.fm\/data-recovery-software\/wp-content\/uploads\/ai\/https---www-ontrack-comFrench.jpg\"><\/p>\n<p>Ontrack est reconnu mondialement pour sa large gamme de services de r\u00e9cup\u00e9ration de donn\u00e9es qui inclut tout, des simples restaurations de donn\u00e9es aux analyses forensiques complexes. Ils traitent tous les types de m\u00e9dias et ont une r\u00e9putation de bien g\u00e9rer les r\u00e9cup\u00e9rations \u00e0 grande \u00e9chelle pour les entreprises, \u00e0 c\u00f4t\u00e9 des services personnalis\u00e9s pour les particuliers.<\/p>\n<p><a href='https:\/\/www.ontrack.com' rel=\"nofollow noopener\" target='_blank' class='ofWSite'>Site officiel<\/a><\/p>\n<h3 class='prosTitle'>Avantages<\/h3>\n<ul class='listpc pros'>\n<li>R\u00e9cup\u00e9rations pour tous types de m\u00e9dias<\/li>\n<li>Expertise en r\u00e9cup\u00e9ration au niveau des entreprises<\/li>\n<\/ul>\n<h3 class='consTitle'>Inconv\u00e9nients<\/h3>\n<ul class='listpc cons'>\n<li>Parfois plus lent pour les services individuels<\/li>\n<li>Des options potentiellement \u00e9crasantes pour les utilisateurs non techniques<\/li>\n<\/ul>\n<\/section>\n<section>\n<div class=\"no-medal\">\n<div>4<\/div>\n<\/div>\n<h2><a href='https:\/\/www.gillware.com' rel=\"nofollow noopener\" target='_blank'>Gillware Data Recovery<\/a><\/h2>\n<p><img src=\"https:\/\/www.ping.fm\/data-recovery-software\/wp-content\/uploads\/ai\/https---www-gillware-comFrench.jpg\"><\/p>\n<p>Gillware Data Recovery se targue de son service client et de sa politique de non-r\u00e9cup\u00e9ration, pas de frais. Leur approche scientifique de la r\u00e9cup\u00e9ration de donn\u00e9es combin\u00e9e \u00e0 une orientation centr\u00e9e sur le client les rend un acteur solide sur le march\u00e9. Ils offrent \u00e9galement des services de forensique num\u00e9rique, int\u00e9ressant les clients avec des besoins de r\u00e9cup\u00e9ration de donn\u00e9es complexes.<\/p>\n<p><a href='https:\/\/www.gillware.com' rel=\"nofollow noopener\" target='_blank' class='ofWSite'>Site officiel<\/a><\/p>\n<h3 class='prosTitle'>Avantages<\/h3>\n<ul class='listpc pros'>\n<li>Garantie sans r\u00e9cup\u00e9ration de donn\u00e9es, pas de frais<\/li>\n<li>Services complets de forensique num\u00e9rique<\/li>\n<\/ul>\n<h3 class='consTitle'>Inconv\u00e9nients<\/h3>\n<ul class='listpc cons'>\n<li>Frais d&rsquo;\u00e9valuation initiale<\/li>\n<li>Emplacements physiques limit\u00e9s<\/li>\n<\/ul>\n<\/section>\n<section>\n<div class=\"no-medal\">\n<div>5<\/div>\n<\/div>\n<h2><a href='https:\/\/www.salvagedata.com' rel=\"nofollow noopener\" target='_blank'>SALVAGEDATA Recovery<\/a><\/h2>\n<p><img src=\"https:\/\/www.ping.fm\/data-recovery-software\/wp-content\/uploads\/ai\/https---www-salvagedata-comFrench.jpg\"><\/p>\n<p>SALVAGEDATA Recovery jouit d&rsquo;une excellente r\u00e9putation pour la gestion de sc\u00e9narios complexes de perte de donn\u00e9es, y compris les r\u00e9cup\u00e9rations de RAID et de serveurs. Ils proposent des \u00e9valuations gratuites et leurs techniciens experts s&rsquo;engagent \u00e0 restaurer les donn\u00e9es de mani\u00e8re rapide et s\u00e9curis\u00e9e, ce qui est essentiel dans des situations sensibles au temps ou critiques pour les entreprises.<\/p>\n<p><a href='https:\/\/www.salvagedata.com' rel=\"nofollow noopener\" target='_blank' class='ofWSite'>Site Officiel<\/a><\/p>\n<h3 class='prosTitle'>Avantages<\/h3>\n<ul class='listpc pros'>\n<li>Expertise dans les r\u00e9cup\u00e9rations de RAID et de serveurs<\/li>\n<li>\u00c9valuation gratuite et service rapide<\/li>\n<\/ul>\n<h3 class='consTitle'>Inconv\u00e9nients<\/h3>\n<ul class='listpc cons'>\n<li>Structure de tarification complexe<\/li>\n<li>Certains services peuvent \u00eatre co\u00fbteux<\/li>\n<\/ul>\n<\/section>\n<section>\n<h2>Vid\u00e9o Youtube \u00e0 regarder<\/h2>\n<div class=\"nonp iframe\"><iframe width=\"420\" height=\"315\" src=\"\/\/www.youtube.com\/embed\/v0QkafslnrM\" frameborder=\"0\" allowfullscreen><\/iframe><\/div>\n<\/section>\n<section>\n<h2>Conclusion :<\/h2>\n<div class=\"nonp\">\n<p>Lorsque vous choisissez un <b>service de r\u00e9cup\u00e9ration de donn\u00e9es<\/b>, il est essentiel de prendre en compte des facteurs tels que les taux de r\u00e9ussite, la transparence des prix, les retours des clients et les certifications de l&rsquo;industrie. Il est \u00e9galement recommand\u00e9 de rechercher si l&rsquo;entreprise op\u00e8re dans un environnement de salle blanche certifi\u00e9, ce qui est essentiel pour la r\u00e9cup\u00e9ration s\u00e9curis\u00e9e de donn\u00e9es \u00e0 partir de supports de stockage endommag\u00e9s.<\/p>\n<p>Pour en savoir plus sur les processus de r\u00e9cup\u00e9ration de donn\u00e9es et les normes de l&rsquo;industrie, visitez le site de l&rsquo;<a href='https:\/\/www.iso.org' rel=\"nofollow noopener\" target='_blank'>Organisation Internationale de Normalisation (ISO)<\/a> ou le site de l&rsquo;<a href='https:\/\/www.nist.gov' rel=\"nofollow noopener\" target='_blank'>National Institute of Standards and Technology (NIST)<\/a>.<\/p>\n<p>La pr\u00e9vention est la cl\u00e9 dans la gestion des donn\u00e9es. Consultez le <a href='https:\/\/www.us-cert.gov' rel=\"nofollow noopener\" target='_blank'>United States Computer Emergency Readiness Team (US-CERT)<\/a> pour des conseils sur la pr\u00e9vention de la perte de donn\u00e9es et la gestion des menaces de cybers\u00e9curit\u00e9.<\/p>\n<\/div>\n<\/section>\n","protected":false},"excerpt":{"rendered":"<p>Meilleures entreprises de services de r\u00e9cup\u00e9ration de donn\u00e9es aux \u00c9tats-Unis Naviguer dans les eaux troubles de la perte de donn\u00e9es peut \u00eatre une exp\u00e9rience angoissante. Qu&rsquo;il s&rsquo;agisse d&rsquo;un souvenir personnel ou de donn\u00e9es commerciales cruciales, la signification de ce qui a \u00e9t\u00e9 perdu peut \u00eatre inestimable. Heureusement, les \u00c9tats-Unis abritent certaines des meilleures entreprises de [&hellip;]<\/p>\n","protected":false},"author":2,"featured_media":36160,"parent":0,"menu_order":0,"comment_status":"closed","ping_status":"closed","template":"chromecast.php","meta":{"_stopmodifiedupdate":false,"_modified_date":"","_lmt_disableupdate":"yes","_lmt_disable":""},"acf":[],"yoast_head":"<!-- This site is optimized with the Yoast SEO plugin v20.9 - https:\/\/yoast.com\/wordpress\/plugins\/seo\/ -->\n<title>Meilleures entreprises de service de r\u00e9cup\u00e9ration de donn\u00e9es aux \u00c9tats-Unis (2024)<\/title>\n<meta name=\"robots\" content=\"index, follow, max-snippet:-1, max-image-preview:large, max-video-preview:-1\" \/>\n<link rel=\"canonical\" href=\"https:\/\/datarecovery.ping.fm\/fr\/recovery-services\/\" \/>\n<meta property=\"og:locale\" content=\"fr_FR\" \/>\n<meta property=\"og:type\" content=\"article\" \/>\n<meta property=\"og:title\" content=\"Meilleures entreprises de service de r\u00e9cup\u00e9ration de donn\u00e9es aux \u00c9tats-Unis (2024)\" \/>\n<meta property=\"og:description\" content=\"Meilleures entreprises de services de r\u00e9cup\u00e9ration de donn\u00e9es aux \u00c9tats-Unis Naviguer dans les eaux troubles de la perte de donn\u00e9es peut \u00eatre une exp\u00e9rience angoissante. Qu&rsquo;il s&rsquo;agisse d&rsquo;un souvenir personnel ou de donn\u00e9es commerciales cruciales, la signification de ce qui a \u00e9t\u00e9 perdu peut \u00eatre inestimable. Heureusement, les \u00c9tats-Unis abritent certaines des meilleures entreprises de [&hellip;]\" \/>\n<meta property=\"og:url\" content=\"https:\/\/datarecovery.ping.fm\/fr\/recovery-services\/\" \/>\n<meta property=\"og:site_name\" content=\"Logiciel de r\u00e9cup\u00e9ration de donn\u00e9es\" \/>\n<meta property=\"article:modified_time\" content=\"2024-02-29T12:35:58+00:00\" \/>\n<meta property=\"og:image\" content=\"https:\/\/datarecovery.ping.fm\/wp-content\/uploads\/2024\/03\/Best-Data-Recovery-Service-Companies-in-USA-French.jpg\" \/>\n\t<meta property=\"og:image:width\" content=\"1280\" \/>\n\t<meta property=\"og:image:height\" content=\"731\" \/>\n\t<meta property=\"og:image:type\" content=\"image\/jpeg\" \/>\n<meta name=\"twitter:card\" content=\"summary_large_image\" \/>\n<meta name=\"twitter:label1\" content=\"Est. reading time\" \/>\n\t<meta name=\"twitter:data1\" content=\"4 minutes\" \/>\n<script type=\"application\/ld+json\" class=\"yoast-schema-graph\">{\"@context\":\"https:\/\/schema.org\",\"@graph\":[{\"@type\":\"WebPage\",\"@id\":\"https:\/\/datarecovery.ping.fm\/fr\/recovery-services\/\",\"url\":\"https:\/\/datarecovery.ping.fm\/fr\/recovery-services\/\",\"name\":\"Meilleures entreprises de service de r\u00e9cup\u00e9ration de donn\u00e9es aux \u00c9tats-Unis (2024)\",\"isPartOf\":{\"@id\":\"https:\/\/datarecovery.ping.fm\/fr\/#website\"},\"datePublished\":\"2024-01-04T14:44:05+00:00\",\"dateModified\":\"2024-02-29T12:35:58+00:00\",\"breadcrumb\":{\"@id\":\"https:\/\/datarecovery.ping.fm\/fr\/recovery-services\/#breadcrumb\"},\"inLanguage\":\"fr-FR\",\"potentialAction\":[{\"@type\":\"ReadAction\",\"target\":[\"https:\/\/datarecovery.ping.fm\/fr\/recovery-services\/\"]}]},{\"@type\":\"BreadcrumbList\",\"@id\":\"https:\/\/datarecovery.ping.fm\/fr\/recovery-services\/#breadcrumb\",\"itemListElement\":[{\"@type\":\"ListItem\",\"position\":1,\"name\":\"Home\",\"item\":\"https:\/\/datarecovery.ping.fm\/fr\/\"},{\"@type\":\"ListItem\",\"position\":2,\"name\":\"Meilleures entreprises de services de r\u00e9cup\u00e9ration de donn\u00e9es aux \u00c9tats-Unis\"}]},{\"@type\":\"WebSite\",\"@id\":\"https:\/\/datarecovery.ping.fm\/fr\/#website\",\"url\":\"https:\/\/datarecovery.ping.fm\/fr\/\",\"name\":\"Logiciel de r\u00e9cup\u00e9ration de donn\u00e9es\",\"description\":\"\",\"potentialAction\":[{\"@type\":\"SearchAction\",\"target\":{\"@type\":\"EntryPoint\",\"urlTemplate\":\"https:\/\/datarecovery.ping.fm\/fr\/?s={search_term_string}\"},\"query-input\":\"required name=search_term_string\"}],\"inLanguage\":\"fr-FR\"}]}<\/script>\n<!-- \/ Yoast SEO plugin. -->","yoast_head_json":{"title":"Meilleures entreprises de service de r\u00e9cup\u00e9ration de donn\u00e9es aux \u00c9tats-Unis (2024)","robots":{"index":"index","follow":"follow","max-snippet":"max-snippet:-1","max-image-preview":"max-image-preview:large","max-video-preview":"max-video-preview:-1"},"canonical":"https:\/\/datarecovery.ping.fm\/fr\/recovery-services\/","og_locale":"fr_FR","og_type":"article","og_title":"Meilleures entreprises de service de r\u00e9cup\u00e9ration de donn\u00e9es aux \u00c9tats-Unis (2024)","og_description":"Meilleures entreprises de services de r\u00e9cup\u00e9ration de donn\u00e9es aux \u00c9tats-Unis Naviguer dans les eaux troubles de la perte de donn\u00e9es peut \u00eatre une exp\u00e9rience angoissante. Qu&rsquo;il s&rsquo;agisse d&rsquo;un souvenir personnel ou de donn\u00e9es commerciales cruciales, la signification de ce qui a \u00e9t\u00e9 perdu peut \u00eatre inestimable. Heureusement, les \u00c9tats-Unis abritent certaines des meilleures entreprises de [&hellip;]","og_url":"https:\/\/datarecovery.ping.fm\/fr\/recovery-services\/","og_site_name":"Logiciel de r\u00e9cup\u00e9ration de donn\u00e9es","article_modified_time":"2024-02-29T12:35:58+00:00","og_image":[{"width":1280,"height":731,"url":"https:\/\/datarecovery.ping.fm\/wp-content\/uploads\/2024\/03\/Best-Data-Recovery-Service-Companies-in-USA-French.jpg","type":"image\/jpeg"}],"twitter_card":"summary_large_image","twitter_misc":{"Est. reading time":"4 minutes"},"schema":{"@context":"https:\/\/schema.org","@graph":[{"@type":"WebPage","@id":"https:\/\/datarecovery.ping.fm\/fr\/recovery-services\/","url":"https:\/\/datarecovery.ping.fm\/fr\/recovery-services\/","name":"Meilleures entreprises de service de r\u00e9cup\u00e9ration de donn\u00e9es aux \u00c9tats-Unis (2024)","isPartOf":{"@id":"https:\/\/datarecovery.ping.fm\/fr\/#website"},"datePublished":"2024-01-04T14:44:05+00:00","dateModified":"2024-02-29T12:35:58+00:00","breadcrumb":{"@id":"https:\/\/datarecovery.ping.fm\/fr\/recovery-services\/#breadcrumb"},"inLanguage":"fr-FR","potentialAction":[{"@type":"ReadAction","target":["https:\/\/datarecovery.ping.fm\/fr\/recovery-services\/"]}]},{"@type":"BreadcrumbList","@id":"https:\/\/datarecovery.ping.fm\/fr\/recovery-services\/#breadcrumb","itemListElement":[{"@type":"ListItem","position":1,"name":"Home","item":"https:\/\/datarecovery.ping.fm\/fr\/"},{"@type":"ListItem","position":2,"name":"Meilleures entreprises de services de r\u00e9cup\u00e9ration de donn\u00e9es aux \u00c9tats-Unis"}]},{"@type":"WebSite","@id":"https:\/\/datarecovery.ping.fm\/fr\/#website","url":"https:\/\/datarecovery.ping.fm\/fr\/","name":"Logiciel de r\u00e9cup\u00e9ration de donn\u00e9es","description":"","potentialAction":[{"@type":"SearchAction","target":{"@type":"EntryPoint","urlTemplate":"https:\/\/datarecovery.ping.fm\/fr\/?s={search_term_string}"},"query-input":"required name=search_term_string"}],"inLanguage":"fr-FR"}]}},"_links":{"self":[{"href":"https:\/\/datarecovery.ping.fm\/fr\/wp-json\/wp\/v2\/pages\/15495"}],"collection":[{"href":"https:\/\/datarecovery.ping.fm\/fr\/wp-json\/wp\/v2\/pages"}],"about":[{"href":"https:\/\/datarecovery.ping.fm\/fr\/wp-json\/wp\/v2\/types\/page"}],"author":[{"embeddable":true,"href":"https:\/\/datarecovery.ping.fm\/fr\/wp-json\/wp\/v2\/users\/2"}],"replies":[{"embeddable":true,"href":"https:\/\/datarecovery.ping.fm\/fr\/wp-json\/wp\/v2\/comments?post=15495"}],"version-history":[{"count":1,"href":"https:\/\/datarecovery.ping.fm\/fr\/wp-json\/wp\/v2\/pages\/15495\/revisions"}],"predecessor-version":[{"id":28228,"href":"https:\/\/datarecovery.ping.fm\/fr\/wp-json\/wp\/v2\/pages\/15495\/revisions\/28228"}],"wp:featuredmedia":[{"embeddable":true,"href":"https:\/\/datarecovery.ping.fm\/fr\/wp-json\/wp\/v2\/media\/36160"}],"wp:attachment":[{"href":"https:\/\/datarecovery.ping.fm\/fr\/wp-json\/wp\/v2\/media?parent=15495"}],"curies":[{"name":"wp","href":"https:\/\/api.w.org\/{rel}","templated":true}]}}