{"id":15375,"date":"2023-12-25T15:46:11","date_gmt":"2023-12-25T15:46:11","guid":{"rendered":"https:\/\/www.ping.fm\/data-recovery-software\/data-recovery\/"},"modified":"2024-02-16T08:54:02","modified_gmt":"2024-02-16T08:54:02","slug":"data-recovery","status":"publish","type":"page","link":"https:\/\/datarecovery.ping.fm\/fr\/data-recovery\/","title":{"rendered":"Tout ce que vous devez savoir sur la r\u00e9cup\u00e9ration de donn\u00e9es"},"content":{"rendered":"<section>\n<h1>Tout ce que vous devez savoir sur la r\u00e9cup\u00e9ration de donn\u00e9es<\/h1>\n<div class=\"inbrief\">\n<div>&#13;  <img src=\"https:\/\/www.ping.fm\/data-recovery-software\/wp-content\/uploads\/ai\/All-you-need-to-know-about-Data-Recovery-French.jpg\" alt=\"Tout ce que vous devez savoir sur la r\u00e9cup\u00e9ration de donn\u00e9es\" title=\"Tout ce que vous devez savoir sur la r\u00e9cup\u00e9ration de donn\u00e9es\" width=\"1280\" height=\"720\">&#13;  <\/p>\n<p>La r\u00e9cup\u00e9ration de donn\u00e9es est un processus indispensable pour r\u00e9cup\u00e9rer des donn\u00e9es inaccessibles, perdues, corrompues, endommag\u00e9es ou format\u00e9es \u00e0 partir de divers dispositifs de stockage. Lorsque vos fichiers pr\u00e9cieux disparaissent, il est crucial de conna\u00eetre les bons outils et les \u00e9tapes pour les r\u00e9cup\u00e9rer. Ce guide complet vous pr\u00e9sente les fondamentaux de la r\u00e9cup\u00e9ration de donn\u00e9es et vous introduit \u00e0 Disk Drill, un logiciel puissant de r\u00e9cup\u00e9ration de donn\u00e9es de Cleverfiles qui offre une exp\u00e9rience conviviale pour r\u00e9cup\u00e9rer vos donn\u00e9es.<\/p>\n<\/div>\n<\/div>\n<\/section>\n<p>&#13;  <\/p>\n<section>\n<div>\n<div>1<\/div>\n<h2>Sc\u00e9narios communs :<\/h2>\n<\/div>\n<h3>La suppression accidentelle &#128465;<\/h3>\n<ul>\n<li>Vider la <b>Corbeille<\/b> sans v\u00e9rifier son contenu<\/li>\n<li>Effectuer un <b>formatage rapide<\/b> sur la mauvaise partition du disque<\/li>\n<li>Utiliser <b>shift+delete<\/b> qui contourne la Corbeille<\/li>\n<li>Des erreurs de ligne de commande entra\u00eenant la suppression de fichiers cruciaux<\/li>\n<\/ul>\n<h3>Dysfonctionnement mat\u00e9riel &#128736;<\/h3>\n<ul>\n<li>Probl\u00e8mes m\u00e9caniques avec le <b>disque dur<\/b>, comme le redout\u00e9 clic de la mort<\/li>\n<li>Les <b>surtensions \u00e9lectriques<\/b> qui rendent les appareils inutilisables<\/li>\n<li>D\u00e9g\u00e2ts physiques ou d\u00fbs \u00e0 de l&rsquo;eau sur les supports de stockage<\/li>\n<li>Panne des <b>SSD<\/b> d\u00fb \u00e0 l&rsquo;usure des cellules de m\u00e9moire<\/li>\n<\/ul>\n<h3>Corruption logicielle &#128187;<\/h3>\n<ul>\n<li>Fichiers devenant <b>corrompus<\/b> \u00e0 cause de mises \u00e0 jour logicielles d\u00e9fectueuses<\/li>\n<li>Intrusions de <b>logiciels malveillants<\/b> qui alt\u00e8rent vos fichiers<\/li>\n<li>Crash du <b>syst\u00e8me d&rsquo;exploitation<\/b> causant une perte de donn\u00e9es<\/li>\n<li>Probl\u00e8mes de la <b>table des partitions<\/b> affectant l&rsquo;accessibilit\u00e9 du disque<\/li>\n<\/ul>\n<\/section>\n<p>&#13;  <\/p>\n<section class=\"stepByStep\">\n<div>\n<div>2<\/div>\n<h2>Guide \u00e9tape par \u00e9tape. R\u00e9cup\u00e9ration de donn\u00e9es :<\/h2>\n<\/div>\n<h3>M\u00e9thode 1 : Utilisation de Disk Drill pour Windows &#129520;<\/h3>\n<ul>\n<li>T\u00e9l\u00e9chargez et installez Disk Drill pour Windows de Cleverfiles<\/li>\n<li>Lancez Disk Drill et s\u00e9lectionnez le lecteur d&rsquo;o\u00f9 vous souhaitez r\u00e9cup\u00e9rer des fichiers<\/li>\n<li>Cliquez sur le bouton <b>R\u00e9cup\u00e9rer<\/b> pour commencer le processus de balayage<\/li>\n<li>Examinez les fichiers trouv\u00e9s, filtrez par type et s\u00e9lectionnez ceux que vous souhaitez restaurer<\/li>\n<li>Choisissez une destination de r\u00e9cup\u00e9ration et terminez la r\u00e9cup\u00e9ration des donn\u00e9es<\/li>\n<\/ul>\n<p><b>Remarque :<\/b> Il est conseill\u00e9 de r\u00e9cup\u00e9rer les fichiers sur un autre lecteur pour \u00e9viter d&rsquo;\u00e9craser les donn\u00e9es perdues.<\/p>\n<p><b>Conclusion :<\/b> Disk Drill offre une solution claire et efficace pour r\u00e9cup\u00e9rer des donn\u00e9es perdues sur les syst\u00e8mes d&rsquo;exploitation Windows.<\/p>\n<h3>M\u00e9thode 2 : M\u00e9thodologie de Disk Drill pour macOS &#128421;<\/h3>\n<ul>\n<li>T\u00e9l\u00e9chargez la derni\u00e8re version de Disk Drill pour macOS de Cleverfiles<\/li>\n<li>Installez l&rsquo;application en la glissant dans le dossier Applications<\/li>\n<li>Ex\u00e9cutez Disk Drill et accordez les permissions n\u00e9cessaires pour l&rsquo;acc\u00e8s au disque<\/li>\n<li>Choisissez le volume ou le lecteur \u00e0 r\u00e9cup\u00e9rer et cliquez sur le bouton <b>Scanner<\/b><\/li>\n<li>S\u00e9lectionnez les fichiers \u00e0 r\u00e9cup\u00e9rer et proc\u00e9dez \u00e0 la restauration<\/li>\n<\/ul>\n<p><b>Remarque :<\/b> Assurez-vous que votre Mac est branch\u00e9 \u00e0 une source d&rsquo;alimentation pour \u00e9viter les interruptions pendant la r\u00e9cup\u00e9ration de donn\u00e9es.<\/p>\n<p><b>Conclusion :<\/b> Disk Drill pour macOS est \u00e9quip\u00e9 d&rsquo;algorithmes sp\u00e9cialis\u00e9s pour g\u00e9rer les syst\u00e8mes de fichiers Mac et r\u00e9cup\u00e9rer efficacement les donn\u00e9es perdues.<\/p>\n<h3>M\u00e9thode 3 : R\u00e9cup\u00e9ration de fichiers \u00e0 partir de sauvegardes &#128452;<\/h3>\n<ul>\n<li>Localisez votre <b>solution de stockage de sauvegarde<\/b>, comme un disque dur externe ou un service cloud<\/li>\n<li>Naviguez jusqu&rsquo;au dossier ou \u00e0 l&rsquo;image contenant la <b>sauvegarde<\/b> de vos donn\u00e9es<\/li>\n<li>Utilisez la fonction de restauration du logiciel ou copiez manuellement les fichiers sur votre appareil<\/li>\n<li>V\u00e9rifiez l&rsquo;<b>int\u00e9grit\u00e9<\/b> des fichiers r\u00e9cup\u00e9r\u00e9s<\/li>\n<\/ul>\n<p><b>Remarque :<\/b> Des sauvegardes r\u00e9guli\u00e8res sont cruciales pour une restauration des donn\u00e9es sans encombre.<\/p>\n<p><b>Conclusion :<\/b> Maintenir des sauvegardes \u00e0 jour peut vous sauver de sc\u00e9narios de r\u00e9cup\u00e9ration compliqu\u00e9s et de risque de perte de donn\u00e9es.<\/p>\n<h3>M\u00e9thode 4 : La technique du Live CD\/USB Linux &#128190;<\/h3>\n<ul>\n<li>Cr\u00e9ez un <b>live USB Linux<\/b> ou un CD<\/li>\n<li>D\u00e9marrez votre syst\u00e8me en utilisant le support live<\/li>\n<li>Acc\u00e9dez \u00e0 vos disques depuis l&rsquo;environnement live et r\u00e9cup\u00e9rez les fichiers dans un emplacement s\u00fbr<\/li>\n<li>Red\u00e9marrez dans votre syst\u00e8me habituel et transf\u00e9rez les donn\u00e9es r\u00e9cup\u00e9r\u00e9es<\/li>\n<\/ul>\n<p><b>Remarque :<\/b> Cette m\u00e9thode fonctionne bien pour les syst\u00e8mes non amor\u00e7ables ou les environnements OS endommag\u00e9s.<\/p>\n<p><b>Conclusion :<\/b> Un environnement live Linux est un outil polyvalent pour les sc\u00e9narios de r\u00e9cup\u00e9ration de donn\u00e9es, en particulier avec des syst\u00e8mes de fichiers non Windows.<\/p>\n<h3>M\u00e9thode 5 : Service professionnel de r\u00e9cup\u00e9ration de donn\u00e9es &#9881;<\/h3>\n<ul>\n<li>Identifiez un <b>service de r\u00e9cup\u00e9ration de donn\u00e9es<\/b> r\u00e9put\u00e9 avec de bons avis<\/li>\n<li>Envoyez votre appareil ou disque endommag\u00e9 \u00e0 leur \u00e9tablissement<\/li>\n<li>Attendez l&rsquo;\u00e9valuation et le devis pour le service de r\u00e9cup\u00e9ration<\/li>\n<li>Approuvez le service pour permettre aux techniciens de proc\u00e9der \u00e0 la r\u00e9cup\u00e9ration<\/li>\n<li>Recevez les donn\u00e9es r\u00e9cup\u00e9r\u00e9es sur un nouveau support ou via un lien de t\u00e9l\u00e9chargement s\u00e9curis\u00e9<\/li>\n<\/ul>\n<p><b>Remarque :<\/b> Cette option peut \u00eatre co\u00fbteuse, gardez-la pour des cas de dommages physiques complexes.<\/p>\n<p><b>Conclusion :<\/b> Les services professionnels sont id\u00e9aux pour des situations de perte de donn\u00e9es extr\u00eames qui n\u00e9cessitent des interventions en salle blanche et un \u00e9quipement sp\u00e9cialis\u00e9.<\/p>\n<\/section>\n<section>\n<div>\n<div>3<\/div>\n<h2>Vid\u00e9o Youtube \u00e0 regarder<\/h2>\n<\/div>\n<div class=\"iframe\"><iframe width=\"420\" height=\"315\" src=\"\/\/www.youtube.com\/embed\/IGEizr1WZ3E\" frameborder=\"0\" allowfullscreen><\/iframe><\/div>\n<\/section>\n<section>\n<div>\n<div>4<\/div>\n<h2>Pr\u00e9cautions et Conseils :<\/h2>\n<\/div>\n<h3>Se pr\u00e9parer pour le succ\u00e8s de la r\u00e9cup\u00e9ration &#128737;<\/h3>\n<ul>\n<li>\u00c9vitez d&rsquo;utiliser le support de stockage apr\u00e8s une perte de donn\u00e9es pour emp\u00eacher l&rsquo;<b>\u00e9crasement<\/b> des fichiers perdus<\/li>\n<li>Mettez en \u0153uvre une <b>strat\u00e9gie de sauvegarde 3-2-1<\/b> : 3 copies de vos donn\u00e9es, 2 en local sur diff\u00e9rents dispositifs, et 1 hors site<\/li>\n<li>Tenez \u00e0 jour vos logiciels <b>antispyware<\/b> et <b>antivirus<\/b> pour vous prot\u00e9ger contre les malwares<\/li>\n<li>V\u00e9rifiez r\u00e9guli\u00e8rement vos supports de stockage pour les <b>signes pr\u00e9coces de d\u00e9faillance<\/b>, comme des bruits inhabituels ou des performances ralenties<\/li>\n<\/ul>\n<h3>Bouclier de Mise \u00e0 Jour Logicielle &#128737;<\/h3>\n<ul>\n<li><b>Testez les nouveaux logiciels<\/b> dans un environnement contr\u00f4l\u00e9 avant un d\u00e9ploiement \u00e0 grande \u00e9chelle<\/li>\n<li>Gardez votre syst\u00e8me d&rsquo;exploitation et les applications vitales \u00e0 jour pour minimiser les <b>probl\u00e8mes de compatibilit\u00e9<\/b><\/li>\n<li>Configurez votre syst\u00e8me pour cr\u00e9er des <b>points de restauration automatiques<\/b> avant les mises \u00e0 jour<\/li>\n<li>V\u00e9rifiez l&rsquo;int\u00e9grit\u00e9 de vos donn\u00e9es apr\u00e8s les mises \u00e0 jour ou installations majeures<\/li>\n<\/ul>\n<\/section>\n<section>\n<div>\n<div>5<\/div>\n<h2>Aper\u00e7us sur la R\u00e9cup\u00e9ration de Donn\u00e9es<\/h2>\n<\/div>\n<p>Lorsqu&rsquo;on plonge dans le monde de la r\u00e9cup\u00e9ration de donn\u00e9es, les nuances et la technicit\u00e9 peuvent \u00eatre accablantes. Cependant, une planification approfondie et la mise en \u0153uvre de <b>bonnes pratiques<\/b> peuvent inverser la tendance en votre faveur. Par exemple, se familiariser avec le syst\u00e8me de fichiers utilis\u00e9 par vos syst\u00e8mes d&rsquo;exploitation, comme NTFS pour Windows ou APFS pour macOS, peut \u00eatre b\u00e9n\u00e9fique pour comprendre comment les donn\u00e9es sont stock\u00e9es et potentiellement r\u00e9cup\u00e9r\u00e9es.<\/p>\n<p>De plus, rester inform\u00e9 des derni\u00e8res tendances du secteur, telles que les progr\u00e8s de la <b>technologie TRIM<\/b> pour les SSD influen\u00e7ant la r\u00e9cup\u00e9ration de fichiers, peut \u00e9galement aider \u00e0 se pr\u00e9parer.<\/p>\n<p>Apprendre les fonctionnalit\u00e9s des logiciels de r\u00e9cup\u00e9ration de donn\u00e9es, comme les outils de surveillance <b>SMART<\/b>, peut vous alerter sur de potentielles d\u00e9faillances de disque dur avant qu&rsquo;elles ne surviennent. Il est aussi essentiel d&rsquo;\u00eatre conscient des <b>limitations de la r\u00e9cup\u00e9ration de donn\u00e9es<\/b>, telles que l&rsquo;impossibilit\u00e9 de r\u00e9cup\u00e9rer des donn\u00e9es effac\u00e9es de mani\u00e8re s\u00e9curis\u00e9e sur des SSD en raison de la nature de leurs cycles d&rsquo;effacement.<\/p>\n<\/section>\n<section>\n<h2>Conclusion :<\/h2>\n<div class=\"nonp\">\n<p>Adopter une approche inform\u00e9e de la r\u00e9cup\u00e9ration de donn\u00e9es est la pierre angulaire pour prot\u00e9ger vos actifs num\u00e9riques. Que vous optiez pour la m\u00e9thode du faire-soi-m\u00eame avec des outils comme Disk Drill ou que vous cherchiez l&rsquo;aide de professionnels, prendre conscience du processus de r\u00e9cup\u00e9ration et des options disponibles est essentiel. En comprenant les causes de la perte de donn\u00e9es, en connaissant les \u00e9tapes et les m\u00e9thodes pour r\u00e9cup\u00e9rer des donn\u00e9es, et en prenant des mesures pr\u00e9ventives pour minimiser les risques, vous pouvez naviguer dans les complexit\u00e9s de la r\u00e9cup\u00e9ration de donn\u00e9es avec confiance.<\/p>\n<\/div>\n<\/section>\n","protected":false},"excerpt":{"rendered":"<p>Tout ce que vous devez savoir sur la r\u00e9cup\u00e9ration de donn\u00e9es &#13; &#13; La r\u00e9cup\u00e9ration de donn\u00e9es est un processus indispensable pour r\u00e9cup\u00e9rer des donn\u00e9es inaccessibles, perdues, corrompues, endommag\u00e9es ou format\u00e9es \u00e0 partir de divers dispositifs de stockage. Lorsque vos fichiers pr\u00e9cieux disparaissent, il est crucial de conna\u00eetre les bons outils et les \u00e9tapes pour [&hellip;]<\/p>\n","protected":false},"author":2,"featured_media":36149,"parent":0,"menu_order":0,"comment_status":"closed","ping_status":"closed","template":"chromecast.php","meta":{"_stopmodifiedupdate":false,"_modified_date":"","_lmt_disableupdate":"yes","_lmt_disable":""},"acf":[],"yoast_head":"<!-- This site is optimized with the Yoast SEO plugin v20.9 - https:\/\/yoast.com\/wordpress\/plugins\/seo\/ -->\n<title>Qu&#039;est-ce que la r\u00e9cup\u00e9ration de donn\u00e9es et comment faire ? Tout ce que vous devez savoir en 2023<\/title>\n<meta name=\"robots\" content=\"index, follow, max-snippet:-1, max-image-preview:large, max-video-preview:-1\" \/>\n<link rel=\"canonical\" href=\"https:\/\/datarecovery.ping.fm\/fr\/data-recovery\/\" \/>\n<meta property=\"og:locale\" content=\"fr_FR\" \/>\n<meta property=\"og:type\" content=\"article\" \/>\n<meta property=\"og:title\" content=\"Qu&#039;est-ce que la r\u00e9cup\u00e9ration de donn\u00e9es et comment faire ? Tout ce que vous devez savoir en 2023\" \/>\n<meta property=\"og:description\" content=\"Tout ce que vous devez savoir sur la r\u00e9cup\u00e9ration de donn\u00e9es &#013; &#013; La r\u00e9cup\u00e9ration de donn\u00e9es est un processus indispensable pour r\u00e9cup\u00e9rer des donn\u00e9es inaccessibles, perdues, corrompues, endommag\u00e9es ou format\u00e9es \u00e0 partir de divers dispositifs de stockage. Lorsque vos fichiers pr\u00e9cieux disparaissent, il est crucial de conna\u00eetre les bons outils et les \u00e9tapes pour [&hellip;]\" \/>\n<meta property=\"og:url\" content=\"https:\/\/datarecovery.ping.fm\/fr\/data-recovery\/\" \/>\n<meta property=\"og:site_name\" content=\"Logiciel de r\u00e9cup\u00e9ration de donn\u00e9es\" \/>\n<meta property=\"article:modified_time\" content=\"2024-02-16T08:54:02+00:00\" \/>\n<meta property=\"og:image\" content=\"https:\/\/datarecovery.ping.fm\/wp-content\/uploads\/2024\/03\/All-you-need-to-know-about-Data-Recovery-French.jpg\" \/>\n\t<meta property=\"og:image:width\" content=\"1280\" \/>\n\t<meta property=\"og:image:height\" content=\"731\" \/>\n\t<meta property=\"og:image:type\" content=\"image\/jpeg\" \/>\n<meta name=\"twitter:card\" content=\"summary_large_image\" \/>\n<meta name=\"twitter:label1\" content=\"Est. reading time\" \/>\n\t<meta name=\"twitter:data1\" content=\"7 minutes\" \/>\n<script type=\"application\/ld+json\" class=\"yoast-schema-graph\">{\"@context\":\"https:\/\/schema.org\",\"@graph\":[{\"@type\":\"WebPage\",\"@id\":\"https:\/\/datarecovery.ping.fm\/fr\/data-recovery\/\",\"url\":\"https:\/\/datarecovery.ping.fm\/fr\/data-recovery\/\",\"name\":\"Qu'est-ce que la r\u00e9cup\u00e9ration de donn\u00e9es et comment faire ? Tout ce que vous devez savoir en 2023\",\"isPartOf\":{\"@id\":\"https:\/\/datarecovery.ping.fm\/fr\/#website\"},\"datePublished\":\"2023-12-25T15:46:11+00:00\",\"dateModified\":\"2024-02-16T08:54:02+00:00\",\"breadcrumb\":{\"@id\":\"https:\/\/datarecovery.ping.fm\/fr\/data-recovery\/#breadcrumb\"},\"inLanguage\":\"fr-FR\",\"potentialAction\":[{\"@type\":\"ReadAction\",\"target\":[\"https:\/\/datarecovery.ping.fm\/fr\/data-recovery\/\"]}]},{\"@type\":\"BreadcrumbList\",\"@id\":\"https:\/\/datarecovery.ping.fm\/fr\/data-recovery\/#breadcrumb\",\"itemListElement\":[{\"@type\":\"ListItem\",\"position\":1,\"name\":\"Home\",\"item\":\"https:\/\/datarecovery.ping.fm\/fr\/\"},{\"@type\":\"ListItem\",\"position\":2,\"name\":\"Tout ce que vous devez savoir sur la r\u00e9cup\u00e9ration de donn\u00e9es\"}]},{\"@type\":\"WebSite\",\"@id\":\"https:\/\/datarecovery.ping.fm\/fr\/#website\",\"url\":\"https:\/\/datarecovery.ping.fm\/fr\/\",\"name\":\"Logiciel de r\u00e9cup\u00e9ration de donn\u00e9es\",\"description\":\"\",\"potentialAction\":[{\"@type\":\"SearchAction\",\"target\":{\"@type\":\"EntryPoint\",\"urlTemplate\":\"https:\/\/datarecovery.ping.fm\/fr\/?s={search_term_string}\"},\"query-input\":\"required name=search_term_string\"}],\"inLanguage\":\"fr-FR\"}]}<\/script>\n<!-- \/ Yoast SEO plugin. -->","yoast_head_json":{"title":"Qu'est-ce que la r\u00e9cup\u00e9ration de donn\u00e9es et comment faire ? Tout ce que vous devez savoir en 2023","robots":{"index":"index","follow":"follow","max-snippet":"max-snippet:-1","max-image-preview":"max-image-preview:large","max-video-preview":"max-video-preview:-1"},"canonical":"https:\/\/datarecovery.ping.fm\/fr\/data-recovery\/","og_locale":"fr_FR","og_type":"article","og_title":"Qu'est-ce que la r\u00e9cup\u00e9ration de donn\u00e9es et comment faire ? Tout ce que vous devez savoir en 2023","og_description":"Tout ce que vous devez savoir sur la r\u00e9cup\u00e9ration de donn\u00e9es &#13; &#13; La r\u00e9cup\u00e9ration de donn\u00e9es est un processus indispensable pour r\u00e9cup\u00e9rer des donn\u00e9es inaccessibles, perdues, corrompues, endommag\u00e9es ou format\u00e9es \u00e0 partir de divers dispositifs de stockage. Lorsque vos fichiers pr\u00e9cieux disparaissent, il est crucial de conna\u00eetre les bons outils et les \u00e9tapes pour [&hellip;]","og_url":"https:\/\/datarecovery.ping.fm\/fr\/data-recovery\/","og_site_name":"Logiciel de r\u00e9cup\u00e9ration de donn\u00e9es","article_modified_time":"2024-02-16T08:54:02+00:00","og_image":[{"width":1280,"height":731,"url":"https:\/\/datarecovery.ping.fm\/wp-content\/uploads\/2024\/03\/All-you-need-to-know-about-Data-Recovery-French.jpg","type":"image\/jpeg"}],"twitter_card":"summary_large_image","twitter_misc":{"Est. reading time":"7 minutes"},"schema":{"@context":"https:\/\/schema.org","@graph":[{"@type":"WebPage","@id":"https:\/\/datarecovery.ping.fm\/fr\/data-recovery\/","url":"https:\/\/datarecovery.ping.fm\/fr\/data-recovery\/","name":"Qu'est-ce que la r\u00e9cup\u00e9ration de donn\u00e9es et comment faire ? Tout ce que vous devez savoir en 2023","isPartOf":{"@id":"https:\/\/datarecovery.ping.fm\/fr\/#website"},"datePublished":"2023-12-25T15:46:11+00:00","dateModified":"2024-02-16T08:54:02+00:00","breadcrumb":{"@id":"https:\/\/datarecovery.ping.fm\/fr\/data-recovery\/#breadcrumb"},"inLanguage":"fr-FR","potentialAction":[{"@type":"ReadAction","target":["https:\/\/datarecovery.ping.fm\/fr\/data-recovery\/"]}]},{"@type":"BreadcrumbList","@id":"https:\/\/datarecovery.ping.fm\/fr\/data-recovery\/#breadcrumb","itemListElement":[{"@type":"ListItem","position":1,"name":"Home","item":"https:\/\/datarecovery.ping.fm\/fr\/"},{"@type":"ListItem","position":2,"name":"Tout ce que vous devez savoir sur la r\u00e9cup\u00e9ration de donn\u00e9es"}]},{"@type":"WebSite","@id":"https:\/\/datarecovery.ping.fm\/fr\/#website","url":"https:\/\/datarecovery.ping.fm\/fr\/","name":"Logiciel de r\u00e9cup\u00e9ration de donn\u00e9es","description":"","potentialAction":[{"@type":"SearchAction","target":{"@type":"EntryPoint","urlTemplate":"https:\/\/datarecovery.ping.fm\/fr\/?s={search_term_string}"},"query-input":"required name=search_term_string"}],"inLanguage":"fr-FR"}]}},"_links":{"self":[{"href":"https:\/\/datarecovery.ping.fm\/fr\/wp-json\/wp\/v2\/pages\/15375"}],"collection":[{"href":"https:\/\/datarecovery.ping.fm\/fr\/wp-json\/wp\/v2\/pages"}],"about":[{"href":"https:\/\/datarecovery.ping.fm\/fr\/wp-json\/wp\/v2\/types\/page"}],"author":[{"embeddable":true,"href":"https:\/\/datarecovery.ping.fm\/fr\/wp-json\/wp\/v2\/users\/2"}],"replies":[{"embeddable":true,"href":"https:\/\/datarecovery.ping.fm\/fr\/wp-json\/wp\/v2\/comments?post=15375"}],"version-history":[{"count":1,"href":"https:\/\/datarecovery.ping.fm\/fr\/wp-json\/wp\/v2\/pages\/15375\/revisions"}],"predecessor-version":[{"id":36148,"href":"https:\/\/datarecovery.ping.fm\/fr\/wp-json\/wp\/v2\/pages\/15375\/revisions\/36148"}],"wp:featuredmedia":[{"embeddable":true,"href":"https:\/\/datarecovery.ping.fm\/fr\/wp-json\/wp\/v2\/media\/36149"}],"wp:attachment":[{"href":"https:\/\/datarecovery.ping.fm\/fr\/wp-json\/wp\/v2\/media?parent=15375"}],"curies":[{"name":"wp","href":"https:\/\/api.w.org\/{rel}","templated":true}]}}