{"id":14925,"date":"2024-01-14T12:47:06","date_gmt":"2024-01-14T12:47:06","guid":{"rendered":"https:\/\/www.ping.fm\/data-recovery-software\/recoverit-stellar-easeus\/"},"modified":"2024-02-29T18:06:38","modified_gmt":"2024-02-29T18:06:38","slug":"recoverit-stellar-easeus","status":"publish","type":"page","link":"https:\/\/datarecovery.ping.fm\/fr\/recoverit-stellar-easeus\/","title":{"rendered":"Easeus Data Recovery Vs Recoverit Vs Stellar"},"content":{"rendered":"<section>\n<h1>Comparaison de logiciels de r\u00e9cup\u00e9ration de donn\u00e9es : Easeus, Recoverit et Stellar <\/h1>\n<div class=\"inbrief\">\n<div>             <img src=\"https:\/\/www.ping.fm\/data-recovery-software\/wp-content\/uploads\/ai\/Easeus-Data-Recovery-Vs-Recoverit-VS-Stellar--French.jpg\" alt=\"Comparaison de logiciels de r\u00e9cup\u00e9ration de donn\u00e9es : Easeus, Recoverit et Stellar \" title=\"Comparaison de logiciels de r\u00e9cup\u00e9ration de donn\u00e9es : Easeus, Recoverit et Stellar \" width=\"1280\" height=\"720\">             <\/p>\n<p>Lorsqu&rsquo;il s&rsquo;agit de r\u00e9cup\u00e9ration de donn\u00e9es, choisir le bon logiciel peut faire la diff\u00e9rence entre succ\u00e8s et frustration. Dans cet article, nous comparerons trois solutions populaires de r\u00e9cup\u00e9ration de donn\u00e9es &#8211; <a href='https:\/\/recoverit.wondershare.com' rel=\"nofollow noopener\" target='_blank'>Recoverit Data Recovery<\/a>, <a href='https:\/\/www.stellarinfo.com' rel=\"nofollow noopener\" target='_blank'>Stellar Data Recovery<\/a>, et <a href='https:\/\/www.easeus.com\/datarecoverywizard\/free-data-recovery-software.htm' rel=\"nofollow noopener\" target='_blank'>EaseUS Data Recovery<\/a> &#8211; et discuterons d&rsquo;une autre option remarquable, <a href='https:\/\/www.cleverfiles.com' rel=\"nofollow noopener\" target='_blank'>Disk Drill<\/a>, que j&rsquo;ai trouv\u00e9e \u00eatre la meilleure solution sur la base de mes exp\u00e9riences personnelles.<\/p>\n<\/div>\n<\/div>\n<\/section>\n<section>\n<div class=\"medal\">\n<div>&#129351;<\/div>\n<\/div>\n<h2><a href='https:\/\/recoverit.wondershare.com' rel=\"nofollow noopener\" target='_blank'>Recoverit Data Recovery<\/a><\/h2>\n<p><img src=\"https:\/\/www.ping.fm\/data-recovery-software\/wp-content\/uploads\/ai\/https---recoverit-wondershare-comFrench.jpg\"><\/p>\n<p>Recoverit Data Recovery est un outil complet qui promet de restaurer vos pr\u00e9cieuses donn\u00e9es avec un taux de succ\u00e8s \u00e9lev\u00e9. Offrant des algorithmes avanc\u00e9s, il g\u00e8re divers sc\u00e9narios, depuis les fichiers supprim\u00e9s jusqu&rsquo;\u00e0 la r\u00e9cup\u00e9ration de partitions enti\u00e8res.<\/p>\n<p><a href='https:\/\/recoverit.wondershare.com' rel=\"nofollow noopener\" target='_blank' class='ofWSite'>Site Officiel<\/a><\/p>\n<h3 class='prosTitle'>Avantages<\/h3>\n<ul class='listpc pros'>\n<li>Interface conviviale<\/li>\n<li>Technologie d&rsquo;analyse approfondie<\/li>\n<\/ul>\n<h3 class='consTitle'>Inconv\u00e9nients<\/h3>\n<ul class='listpc cons'>\n<li>Prix plus \u00e9lev\u00e9 par rapport aux concurrents<\/li>\n<li>Taille limit\u00e9e de r\u00e9cup\u00e9ration dans la version gratuite<\/li>\n<\/ul>\n<\/section>\n<section>\n<div class=\"medal\">\n<div>&#129352;<\/div>\n<\/div>\n<h2><a href='https:\/\/www.stellarinfo.com' rel=\"nofollow noopener\" target='_blank'>Stellar Data Recovery<\/a><\/h2>\n<p><img src=\"https:\/\/www.ping.fm\/data-recovery-software\/wp-content\/uploads\/ai\/https---www-stellarinfo-comFrench.jpg\"><\/p>\n<p>Stellar Data Recovery se distingue par son processus de r\u00e9cup\u00e9ration robuste et la prise en charge de nombreux types de fichiers. Con\u00e7u aussi bien pour les individus que pour les entreprises, il propose des solutions pour pratiquement toutes les situations de perte de donn\u00e9es.<\/p>\n<p><a href='https:\/\/www.stellarinfo.com' rel=\"nofollow noopener\" target='_blank' class='ofWSite'>Site Officiel<\/a><\/p>\n<h3 class='prosTitle'>Avantages<\/h3>\n<ul class='listpc pros'>\n<li>Supporte une large gamme de formats de fichiers<\/li>\n<li>R\u00e9cup\u00e9ration \u00e0 partir de disques chiffr\u00e9s<\/li>\n<\/ul>\n<h3 class='consTitle'>Inconv\u00e9nients<\/h3>\n<ul class='listpc cons'>\n<li>Peut \u00eatre lent avec de grands disques<\/li>\n<li>Certains fichiers peuvent ne pas \u00eatre r\u00e9cup\u00e9rables apr\u00e8s un scan<\/li>\n<\/ul>\n<\/section>\n<section>\n<div class=\"medal\">\n<div>&#129353;<\/div>\n<\/div>\n<h2><a href='https:\/\/www.easeus.com\/datarecoverywizard\/free-data-recovery-software.htm' rel=\"nofollow noopener\" target='_blank'>EaseUS Data Recovery<\/a><\/h2>\n<p><img src=\"https:\/\/www.ping.fm\/data-recovery-software\/wp-content\/uploads\/ai\/https---www-easeus-com-datarecoverywizard-free-data-recovery-software-htmFrench.jpg\"><\/p>\n<p>EaseUS Data Recovery Wizard est une solution simple visant \u00e0 simplifier le processus de r\u00e9cup\u00e9ration de donn\u00e9es. Sa conception intuitive et ses instructions claires le rendent accessible aux utilisateurs de tous les niveaux techniques.<\/p>\n<p><a href='https:\/\/www.easeus.com\/datarecoverywizard\/free-data-recovery-software.htm' rel=\"nofollow noopener\" target='_blank' class='ofWSite'>Site Officiel<\/a><\/p>\n<h3 class='prosTitle'>Avantages<\/h3>\n<ul class='listpc pros'>\n<li>Facile d&rsquo;utilisation pour les d\u00e9butants<\/li>\n<li>Version gratuite disponible avec r\u00e9cup\u00e9ration limit\u00e9e<\/li>\n<\/ul>\n<h3 class='consTitle'>Inconv\u00e9nients<\/h3>\n<ul class='listpc cons'>\n<li>La version gratuite a une limite de r\u00e9cup\u00e9ration de 2GB<\/li>\n<li>Les fonctionnalit\u00e9s compl\u00e8tes n\u00e9cessitent une mise \u00e0 niveau premium<\/li>\n<\/ul>\n<\/section>\n<section>\n<div class=\"no-medal\">\n<div>4<\/div>\n<\/div>\n<h2><a href='https:\/\/www.cleverfiles.com' rel=\"nofollow noopener\" target='_blank'>Disk Drill<\/a><\/h2>\n<p><img src=\"https:\/\/www.ping.fm\/data-recovery-software\/wp-content\/uploads\/ai\/https---www-cleverfiles-comFrench.jpg\"><\/p>\n<p>D&rsquo;apr\u00e8s mon exp\u00e9rience personnelle, <b>Disk Drill<\/b> se d\u00e9marque de ses concurrents avec un m\u00e9lange de puissance, de simplicit\u00e9 et une s\u00e9rie d&rsquo;outils suppl\u00e9mentaires. Il ne se contente pas de r\u00e9cup\u00e9rer les fichiers perdus ; il offre \u00e9galement une protection proactive des donn\u00e9es avec Recovery Vault et la surveillance S.M.A.R.T.<\/p>\n<p><a href='https:\/\/www.cleverfiles.com' rel=\"nofollow noopener\" target='_blank' class='ofWSite'>Site Officiel<\/a><\/p>\n<h3 class='prosTitle'>Avantages<\/h3>\n<ul class='listpc pros'>\n<li>Interface utilisateur intuitive<\/li>\n<li>Recovery Vault pour la protection des donn\u00e9es<\/li>\n<\/ul>\n<h3 class='consTitle'>Inconv\u00e9nients<\/h3>\n<ul class='listpc cons'>\n<li>Options de r\u00e9cup\u00e9ration limit\u00e9es dans la version gratuite<\/li>\n<li>Version Pro n\u00e9cessaire pour les fonctionnalit\u00e9s avanc\u00e9es<\/li>\n<\/ul>\n<\/section>\n<section>\n<h2>Vid\u00e9o Youtube \u00e0 regarder<\/h2>\n<div class=\"nonp iframe\"><iframe width=\"420\" height=\"315\" src=\"\/\/www.youtube.com\/embed\/IGEizr1WZ3E\" frameborder=\"0\" allowfullscreen><\/iframe><\/div>\n<\/section>\n<section>\n<h2>Conclusion :<\/h2>\n<div class=\"nonp\">Lors du choix d&rsquo;une application de r\u00e9cup\u00e9ration de donn\u00e9es, il est essentiel de consid\u00e9rer non seulement l&rsquo;efficacit\u00e9 du logiciel mais aussi sa facilit\u00e9 d&rsquo;utilisation, son support et son rapport qualit\u00e9-prix. En fin de compte, il ne s&rsquo;agit pas seulement de r\u00e9cup\u00e9rer des donn\u00e9es ; il s&rsquo;agit de l&rsquo;exp\u00e9rience de r\u00e9cup\u00e9ration compl\u00e8te et de ce que le logiciel peut offrir au-del\u00e0 de la simple restauration de fichiers. Avec des options telles que <a href='https:\/\/recoverit.wondershare.com' rel=\"nofollow noopener\" target='_blank'>Recoverit Data Recovery<\/a>, <a href='https:\/\/www.stellarinfo.com' rel=\"nofollow noopener\" target='_blank'>Stellar Data Recovery<\/a>, et <a href='https:\/\/www.easeus.com\/datarecoverywizard\/free-data-recovery-software.htm' rel=\"nofollow noopener\" target='_blank'>EaseUS Data Recovery<\/a>, les utilisateurs disposent d&rsquo;une vari\u00e9t\u00e9 de choix, chacun apportant ses propres forces. Cependant, d&rsquo;apr\u00e8s mon exp\u00e9rience personnelle, <b>Disk Drill<\/b> a fourni l&rsquo;exp\u00e9rience de r\u00e9cup\u00e9ration la plus satisfaisante et compl\u00e8te. Non seulement il propose des capacit\u00e9s de r\u00e9cup\u00e9ration de donn\u00e9es robustes, mais des fonctionnalit\u00e9s telles que Recovery Vault et la surveillance de disque S.M.A.R.T. ajoutent une valeur significative, agissant comme une mesure pr\u00e9ventive contre la perte de donn\u00e9es future. Ces caract\u00e9ristiques, combin\u00e9es \u00e0 une interface intuitive et un support client d\u00e9di\u00e9, distinguent <b>Disk Drill<\/b> dans un march\u00e9 surpeupl\u00e9. Pour ceux qui souhaitent regarder de plus pr\u00e8s, je recommande de visiter <a href='https:\/\/www.cleverfiles.com' rel=\"dofollow noopener\" target='_blank'>https:\/\/www.cleverfiles.com<\/a>, la page d&rsquo;accueil de Disk Drill, pour plus d&rsquo;informations d\u00e9taill\u00e9es et pour exp\u00e9rimenter de premi\u00e8re main les avantages qu&rsquo;il offre.<\/p>\n<p>Dans le domaine en constante \u00e9volution de la r\u00e9cup\u00e9ration de donn\u00e9es, avoir un outil fiable \u00e0 port\u00e9e de main n&rsquo;est pas un luxe mais une n\u00e9cessit\u00e9. Que vous soyez confront\u00e9 \u00e0 des suppressions accidentelles, des d\u00e9faillances de disque ou des attaques de virus, une r\u00e9cup\u00e9ration r\u00e9ussie d\u00e9pend souvent d&rsquo;une action rapide et des capacit\u00e9s du logiciel que vous choisissez. De plus, rechercher des conseils sur les forums tech et rester \u00e0 l&rsquo;\u00e9coute des derni\u00e8res critiques de logiciels peut \u00e9galement guider votre processus de d\u00e9cision. Par exemple, la critique de <a href='https:\/\/www.techradar.com\/news\/the-best-free-data-recovery-software' rel=\"nofollow noopener\" target='_blank'>TechRadar sur les meilleurs logiciels de r\u00e9cup\u00e9ration de donn\u00e9es gratuits<\/a> peut fournir quelques aper\u00e7us sur les choix actuels de premier plan dans l&rsquo;industrie.<\/p>\n<\/div>\n<\/section>\n","protected":false},"excerpt":{"rendered":"<p>Comparaison de logiciels de r\u00e9cup\u00e9ration de donn\u00e9es : Easeus, Recoverit et Stellar Lorsqu&rsquo;il s&rsquo;agit de r\u00e9cup\u00e9ration de donn\u00e9es, choisir le bon logiciel peut faire la diff\u00e9rence entre succ\u00e8s et frustration. Dans cet article, nous comparerons trois solutions populaires de r\u00e9cup\u00e9ration de donn\u00e9es &#8211; Recoverit Data Recovery, Stellar Data Recovery, et EaseUS Data Recovery &#8211; et [&hellip;]<\/p>\n","protected":false},"author":2,"featured_media":36125,"parent":0,"menu_order":0,"comment_status":"closed","ping_status":"closed","template":"chromecast.php","meta":{"_stopmodifiedupdate":false,"_modified_date":"","_lmt_disableupdate":"yes","_lmt_disable":""},"acf":[],"yoast_head":"<!-- This site is optimized with the Yoast SEO plugin v20.9 - https:\/\/yoast.com\/wordpress\/plugins\/seo\/ -->\n<title>Meilleures applications de r\u00e9cup\u00e9ration de donn\u00e9es : Easeus Data Recovery VS Recoverit VS Stellar. Avantages et inconv\u00e9nients en 2024<\/title>\n<meta name=\"robots\" content=\"index, follow, max-snippet:-1, max-image-preview:large, max-video-preview:-1\" \/>\n<link rel=\"canonical\" href=\"https:\/\/datarecovery.ping.fm\/fr\/recoverit-stellar-easeus\/\" \/>\n<meta property=\"og:locale\" content=\"fr_FR\" \/>\n<meta property=\"og:type\" content=\"article\" \/>\n<meta property=\"og:title\" content=\"Meilleures applications de r\u00e9cup\u00e9ration de donn\u00e9es : Easeus Data Recovery VS Recoverit VS Stellar. Avantages et inconv\u00e9nients en 2024\" \/>\n<meta property=\"og:description\" content=\"Comparaison de logiciels de r\u00e9cup\u00e9ration de donn\u00e9es : Easeus, Recoverit et Stellar Lorsqu&rsquo;il s&rsquo;agit de r\u00e9cup\u00e9ration de donn\u00e9es, choisir le bon logiciel peut faire la diff\u00e9rence entre succ\u00e8s et frustration. Dans cet article, nous comparerons trois solutions populaires de r\u00e9cup\u00e9ration de donn\u00e9es &#8211; Recoverit Data Recovery, Stellar Data Recovery, et EaseUS Data Recovery &#8211; et [&hellip;]\" \/>\n<meta property=\"og:url\" content=\"https:\/\/datarecovery.ping.fm\/fr\/recoverit-stellar-easeus\/\" \/>\n<meta property=\"og:site_name\" content=\"Logiciel de r\u00e9cup\u00e9ration de donn\u00e9es\" \/>\n<meta property=\"article:modified_time\" content=\"2024-02-29T18:06:38+00:00\" \/>\n<meta property=\"og:image\" content=\"https:\/\/datarecovery.ping.fm\/wp-content\/uploads\/2024\/03\/Easeus-Data-Recovery-Vs-Recoverit-VS-Stellar-French.jpg\" \/>\n\t<meta property=\"og:image:width\" content=\"1280\" \/>\n\t<meta property=\"og:image:height\" content=\"731\" \/>\n\t<meta property=\"og:image:type\" content=\"image\/jpeg\" \/>\n<meta name=\"twitter:card\" content=\"summary_large_image\" \/>\n<meta name=\"twitter:label1\" content=\"Est. reading time\" \/>\n\t<meta name=\"twitter:data1\" content=\"4 minutes\" \/>\n<script type=\"application\/ld+json\" class=\"yoast-schema-graph\">{\"@context\":\"https:\/\/schema.org\",\"@graph\":[{\"@type\":\"WebPage\",\"@id\":\"https:\/\/datarecovery.ping.fm\/fr\/recoverit-stellar-easeus\/\",\"url\":\"https:\/\/datarecovery.ping.fm\/fr\/recoverit-stellar-easeus\/\",\"name\":\"Meilleures applications de r\u00e9cup\u00e9ration de donn\u00e9es : Easeus Data Recovery VS Recoverit VS Stellar. Avantages et inconv\u00e9nients en 2024\",\"isPartOf\":{\"@id\":\"https:\/\/datarecovery.ping.fm\/fr\/#website\"},\"datePublished\":\"2024-01-14T12:47:06+00:00\",\"dateModified\":\"2024-02-29T18:06:38+00:00\",\"breadcrumb\":{\"@id\":\"https:\/\/datarecovery.ping.fm\/fr\/recoverit-stellar-easeus\/#breadcrumb\"},\"inLanguage\":\"fr-FR\",\"potentialAction\":[{\"@type\":\"ReadAction\",\"target\":[\"https:\/\/datarecovery.ping.fm\/fr\/recoverit-stellar-easeus\/\"]}]},{\"@type\":\"BreadcrumbList\",\"@id\":\"https:\/\/datarecovery.ping.fm\/fr\/recoverit-stellar-easeus\/#breadcrumb\",\"itemListElement\":[{\"@type\":\"ListItem\",\"position\":1,\"name\":\"Home\",\"item\":\"https:\/\/datarecovery.ping.fm\/fr\/\"},{\"@type\":\"ListItem\",\"position\":2,\"name\":\"Easeus Data Recovery Vs Recoverit Vs Stellar\"}]},{\"@type\":\"WebSite\",\"@id\":\"https:\/\/datarecovery.ping.fm\/fr\/#website\",\"url\":\"https:\/\/datarecovery.ping.fm\/fr\/\",\"name\":\"Logiciel de r\u00e9cup\u00e9ration de donn\u00e9es\",\"description\":\"\",\"potentialAction\":[{\"@type\":\"SearchAction\",\"target\":{\"@type\":\"EntryPoint\",\"urlTemplate\":\"https:\/\/datarecovery.ping.fm\/fr\/?s={search_term_string}\"},\"query-input\":\"required name=search_term_string\"}],\"inLanguage\":\"fr-FR\"}]}<\/script>\n<!-- \/ Yoast SEO plugin. -->","yoast_head_json":{"title":"Meilleures applications de r\u00e9cup\u00e9ration de donn\u00e9es : Easeus Data Recovery VS Recoverit VS Stellar. Avantages et inconv\u00e9nients en 2024","robots":{"index":"index","follow":"follow","max-snippet":"max-snippet:-1","max-image-preview":"max-image-preview:large","max-video-preview":"max-video-preview:-1"},"canonical":"https:\/\/datarecovery.ping.fm\/fr\/recoverit-stellar-easeus\/","og_locale":"fr_FR","og_type":"article","og_title":"Meilleures applications de r\u00e9cup\u00e9ration de donn\u00e9es : Easeus Data Recovery VS Recoverit VS Stellar. Avantages et inconv\u00e9nients en 2024","og_description":"Comparaison de logiciels de r\u00e9cup\u00e9ration de donn\u00e9es : Easeus, Recoverit et Stellar Lorsqu&rsquo;il s&rsquo;agit de r\u00e9cup\u00e9ration de donn\u00e9es, choisir le bon logiciel peut faire la diff\u00e9rence entre succ\u00e8s et frustration. Dans cet article, nous comparerons trois solutions populaires de r\u00e9cup\u00e9ration de donn\u00e9es &#8211; Recoverit Data Recovery, Stellar Data Recovery, et EaseUS Data Recovery &#8211; et [&hellip;]","og_url":"https:\/\/datarecovery.ping.fm\/fr\/recoverit-stellar-easeus\/","og_site_name":"Logiciel de r\u00e9cup\u00e9ration de donn\u00e9es","article_modified_time":"2024-02-29T18:06:38+00:00","og_image":[{"width":1280,"height":731,"url":"https:\/\/datarecovery.ping.fm\/wp-content\/uploads\/2024\/03\/Easeus-Data-Recovery-Vs-Recoverit-VS-Stellar-French.jpg","type":"image\/jpeg"}],"twitter_card":"summary_large_image","twitter_misc":{"Est. reading time":"4 minutes"},"schema":{"@context":"https:\/\/schema.org","@graph":[{"@type":"WebPage","@id":"https:\/\/datarecovery.ping.fm\/fr\/recoverit-stellar-easeus\/","url":"https:\/\/datarecovery.ping.fm\/fr\/recoverit-stellar-easeus\/","name":"Meilleures applications de r\u00e9cup\u00e9ration de donn\u00e9es : Easeus Data Recovery VS Recoverit VS Stellar. Avantages et inconv\u00e9nients en 2024","isPartOf":{"@id":"https:\/\/datarecovery.ping.fm\/fr\/#website"},"datePublished":"2024-01-14T12:47:06+00:00","dateModified":"2024-02-29T18:06:38+00:00","breadcrumb":{"@id":"https:\/\/datarecovery.ping.fm\/fr\/recoverit-stellar-easeus\/#breadcrumb"},"inLanguage":"fr-FR","potentialAction":[{"@type":"ReadAction","target":["https:\/\/datarecovery.ping.fm\/fr\/recoverit-stellar-easeus\/"]}]},{"@type":"BreadcrumbList","@id":"https:\/\/datarecovery.ping.fm\/fr\/recoverit-stellar-easeus\/#breadcrumb","itemListElement":[{"@type":"ListItem","position":1,"name":"Home","item":"https:\/\/datarecovery.ping.fm\/fr\/"},{"@type":"ListItem","position":2,"name":"Easeus Data Recovery Vs Recoverit Vs Stellar"}]},{"@type":"WebSite","@id":"https:\/\/datarecovery.ping.fm\/fr\/#website","url":"https:\/\/datarecovery.ping.fm\/fr\/","name":"Logiciel de r\u00e9cup\u00e9ration de donn\u00e9es","description":"","potentialAction":[{"@type":"SearchAction","target":{"@type":"EntryPoint","urlTemplate":"https:\/\/datarecovery.ping.fm\/fr\/?s={search_term_string}"},"query-input":"required name=search_term_string"}],"inLanguage":"fr-FR"}]}},"_links":{"self":[{"href":"https:\/\/datarecovery.ping.fm\/fr\/wp-json\/wp\/v2\/pages\/14925"}],"collection":[{"href":"https:\/\/datarecovery.ping.fm\/fr\/wp-json\/wp\/v2\/pages"}],"about":[{"href":"https:\/\/datarecovery.ping.fm\/fr\/wp-json\/wp\/v2\/types\/page"}],"author":[{"embeddable":true,"href":"https:\/\/datarecovery.ping.fm\/fr\/wp-json\/wp\/v2\/users\/2"}],"replies":[{"embeddable":true,"href":"https:\/\/datarecovery.ping.fm\/fr\/wp-json\/wp\/v2\/comments?post=14925"}],"version-history":[{"count":1,"href":"https:\/\/datarecovery.ping.fm\/fr\/wp-json\/wp\/v2\/pages\/14925\/revisions"}],"predecessor-version":[{"id":28648,"href":"https:\/\/datarecovery.ping.fm\/fr\/wp-json\/wp\/v2\/pages\/14925\/revisions\/28648"}],"wp:featuredmedia":[{"embeddable":true,"href":"https:\/\/datarecovery.ping.fm\/fr\/wp-json\/wp\/v2\/media\/36125"}],"wp:attachment":[{"href":"https:\/\/datarecovery.ping.fm\/fr\/wp-json\/wp\/v2\/media?parent=14925"}],"curies":[{"name":"wp","href":"https:\/\/api.w.org\/{rel}","templated":true}]}}