{"id":14306,"date":"2023-12-25T15:46:11","date_gmt":"2023-12-25T15:46:11","guid":{"rendered":"https:\/\/www.ping.fm\/data-recovery-software\/ssd-data-recovery\/"},"modified":"2024-02-16T08:53:54","modified_gmt":"2024-02-16T08:53:54","slug":"ssd-data-recovery","status":"publish","type":"page","link":"https:\/\/datarecovery.ping.fm\/fr\/ssd-data-recovery\/","title":{"rendered":"Comment r\u00e9cup\u00e9rer avec succ\u00e8s des donn\u00e9es sur un SSD : Un guide \u00e9tape par \u00e9tape"},"content":{"rendered":"<section>\n<h1>Comment r\u00e9cup\u00e9rer avec succ\u00e8s des donn\u00e9es \u00e0 partir d&rsquo;un SSD : Guide \u00e9tape par \u00e9tape<\/h1>\n<div class=\"inbrief\">\n<div>&#13;  <img src=\"https:\/\/www.ping.fm\/data-recovery-software\/wp-content\/uploads\/ai\/How-to-Successfully-Recover-Data-from-an-SSD-A-Step-by-Step-Guide-French.jpg\" alt=\"Comment r\u00e9cup\u00e9rer avec succ\u00e8s des donn\u00e9es \u00e0 partir d'un SSD : Guide \u00e9tape par \u00e9tape\" title=\"Comment r\u00e9cup\u00e9rer avec succ\u00e8s des donn\u00e9es \u00e0 partir d'un SSD : Guide \u00e9tape par \u00e9tape\" width=\"1280\" height=\"720\">&#13;  <\/p>\n<p>En tant que professionnel dans le monde des donn\u00e9es num\u00e9riques, j&rsquo;ai \u00e9t\u00e9 confront\u00e9 \u00e0 mon lot de sc\u00e9narios de perte de donn\u00e9es. La situation particuli\u00e8rement difficile \u00e0 r\u00e9cup\u00e9rer des donn\u00e9es est celle d&rsquo;un Disque Dur \u00e0 \u00c9tat Solide (SSD). Les SSD sont reconnus pour leur vitesse et leur fiabilit\u00e9, mais comme tout support de stockage, ils ne sont pas \u00e0 l&rsquo;abri de la perte de donn\u00e9es. Gr\u00e2ce \u00e0 mon exp\u00e9rience avec ces appareils de stockage \u00e0 grande vitesse, j&rsquo;ai appris quelques astuces utiles pour r\u00e9cup\u00e9rer des donn\u00e9es sur les SSD, et je suis l\u00e0 pour partager ces m\u00e9thodologies qui ont prouv\u00e9 leur efficacit\u00e9. Que votre SSD ait subi une suppression accidentelle, une corruption ou m\u00eame un probl\u00e8me m\u00e9canique, il existe des moyens de tenter une r\u00e9cup\u00e9ration. Voici diff\u00e9rentes m\u00e9thodes que j&rsquo;ai personnellement utilis\u00e9es et que je recommande pour r\u00e9cup\u00e9rer des donn\u00e9es \u00e0 partir d&rsquo;un SSD.<\/p>\n<\/div>\n<\/div>\n<\/section>\n<p>&#13;  <\/p>\n<section>\n<div>\n<div>1<\/div>\n<h2>Sc\u00e9narios courants :<\/h2>\n<\/div>\n<h3>Suppression accidentelle <span role='img' aria-label='oups'>&#128586;<\/span><\/h3>\n<ul>\n<li>La <b>suppression accidentelle<\/b> de fichiers est un sc\u00e9nario courant qui conduit \u00e0 la perte de donn\u00e9es. Que ce soit en appuyant accidentellement sur la touche de suppression ou en ex\u00e9cutant une commande sans la prudence n\u00e9cessaire, les fichiers peuvent sembler s&rsquo;\u00e9vaporer dans les airs.<\/li>\n<li>Bien que le processus varie en fonction du syst\u00e8me de fichiers, il y a souvent une chance que les fichiers supprim\u00e9s ne soient pas imm\u00e9diatement \u00e9cras\u00e9s, offrant une fen\u00eatre pour r\u00e9cup\u00e9rer les donn\u00e9es.<\/li>\n<\/ul>\n<h3>Corruption du SSD <span role='img' aria-label='triste'>&#128542;<\/span><\/h3>\n<ul>\n<li>La corruption du SSD peut r\u00e9sulter de bugs logiciels, de coupures de courant brusques ou m\u00eame de probl\u00e8mes de firmware. Cela peut conduire \u00e0 la corruption du syst\u00e8me de fichiers, rendant les donn\u00e9es inaccessibles.<\/li>\n<li>Heureusement, il existe des m\u00e9thodes et des outils qui peuvent aider \u00e0 r\u00e9parer le syst\u00e8me de fichiers corrompu et \u00e0 r\u00e9cup\u00e9rer les donn\u00e9es perdues.<\/li>\n<\/ul>\n<h3>Dommages physiques <span role='img' aria-label='alerte'>&#9888;<\/span><\/h3>\n<ul>\n<li>Le sc\u00e9nario de dommages physiques est moins courant avec les <b>SSD<\/b> que les disques durs traditionnels, car les SSD n&rsquo;ont pas de pi\u00e8ces mobiles. Cependant, ils peuvent encore souffrir de probl\u00e8mes tels que des br\u00fblures ou la d\u00e9faillance de composants.<\/li>\n<li>Les dommages physiques n\u00e9cessitent souvent l&rsquo;assistance d&rsquo;un professionnel en raison de la complexit\u00e9 de la construction des SSD.<\/li>\n<\/ul>\n<\/section>\n<p>&#13;  <\/p>\n<section class=\"stepByStep\">\n<div>\n<div>2<\/div>\n<h2>Guide \u00e9tape par \u00e9tape. R\u00e9cup\u00e9rer des donn\u00e9es \u00e0 partir d&rsquo;un SSD :<\/h2>\n<\/div>\n<h3>M\u00e9thode 1 : Utilisation d&rsquo;un logiciel de r\u00e9cup\u00e9ration de donn\u00e9es <span role='img' aria-label='ordinateur'>&#128187;<\/span><\/h3>\n<ul>\n<li>T\u00e9l\u00e9chargez et installez un <b>logiciel de r\u00e9cup\u00e9ration de donn\u00e9es<\/b> r\u00e9put\u00e9. Je recommande <a href='https:\/\/www.cgsecurity.org\/wiki\/PhotoRec' rel=\"nofollow noopener\" target='_blank'>PhotoRec<\/a>, qui est un outil puissant de r\u00e9cup\u00e9ration de fichiers.<\/li>\n<li>Branchez le SSD sur votre ordinateur, soit directement via une connexion SATA, soit \u00e0 l&rsquo;aide d&rsquo;un adaptateur USB vers SATA si disponible.<\/li>\n<li>Ex\u00e9cutez le logiciel de r\u00e9cup\u00e9ration de donn\u00e9es et s\u00e9lectionnez le SSD dans la liste des disques. Lancez le scan et attendez qu&rsquo;il se termine.<\/li>\n<li>Pr\u00e9visualisez et s\u00e9lectionnez les fichiers que vous souhaitez r\u00e9cup\u00e9rer, puis enregistrez-les sur un autre disque pour \u00e9viter l&rsquo;\u00e9crasement.<\/li>\n<\/ul>\n<p><b>Note :<\/b> N&rsquo;installez jamais le logiciel de r\u00e9cup\u00e9ration sur le SSD que vous essayez de r\u00e9cup\u00e9rer pour \u00e9viter d&rsquo;\u00e9craser les donn\u00e9es.<\/p>\n<p><b>Conclusion :<\/b> Cette m\u00e9thode est efficace pour des probl\u00e8mes logiques comme la suppression accidentelle ou le formatage.<\/p>\n<h3>M\u00e9thode 2 : Historique des fichiers ou Time Machine <span role='img' aria-label='horloge'>&#128338;<\/span><\/h3>\n<ul>\n<li>Pour les utilisateurs de Windows, si vous aviez configur\u00e9 l&rsquo;<b>Historique des fichiers<\/b>, allez dans &lsquo;Param\u00e8tres&rsquo;, puis &lsquo;Mise \u00e0 jour et s\u00e9curit\u00e9&rsquo;, et cliquez sur &lsquo;Sauvegarde&rsquo;. De l\u00e0, vous pouvez restaurer des fichiers \u00e0 partir d&rsquo;une <b>sauvegarde<\/b> pr\u00e9c\u00e9dente.<\/li>\n<li>Les utilisateurs de Mac peuvent utiliser <b>Time Machine<\/b>. Connectez le disque contenant la sauvegarde Time Machine, et utilisez la fonction &lsquo;Entrer dans Time Machine&rsquo; pour r\u00e9cup\u00e9rer les fichiers perdus.<\/li>\n<\/ul>\n<p><b>Note :<\/b> Cela n\u00e9cessite que vous ayez mis en place un syst\u00e8me de sauvegarde avant la perte de donn\u00e9es.<\/p>\n<p><b>Conclusion :<\/b> Des solutions de sauvegarde comme l&rsquo;Historique des fichiers ou Time Machine sont d&rsquo;excellentes mesures pr\u00e9ventives pour la r\u00e9cup\u00e9ration de donn\u00e9es.<\/p>\n<h3>M\u00e9thode 3 : Outils de gestion de disque <span role='img' aria-label='engrenage'>&#9881;<\/span><\/h3>\n<ul>\n<li>Ouvrez &lsquo;Gestion des disques&rsquo; sur Windows ou &lsquo;Utilitaire de disque&rsquo; sur macOS pour v\u00e9rifier si le SSD est reconnu par le syst\u00e8me.<\/li>\n<li>Si le disque appara\u00eet sans lettre, attribuez-en une en faisant un clic droit et en s\u00e9lectionnant &lsquo;Modifier la lettre de lecteur et les chemins&rsquo; sur Windows ou &lsquo;Monter&rsquo; sur macOS.<\/li>\n<li>Si le SSD est reconnu mais pr\u00e9sente une erreur de syst\u00e8me de fichiers, utilisez les outils de r\u00e9paration int\u00e9gr\u00e9s : &lsquo;chkdsk&rsquo; sur Windows ou &lsquo;Premiers soins&rsquo; sur macOS.<\/li>\n<\/ul>\n<p><b>Note :<\/b> La reconnaissance physique par le SO est un bon signe, mais des probl\u00e8mes de syst\u00e8me de fichiers peuvent encore emp\u00eacher l&rsquo;acc\u00e8s aux donn\u00e9es.<\/p>\n<p><b>Conclusion :<\/b> Les outils de gestion de disque peuvent r\u00e9soudre les probl\u00e8mes de reconnaissance ou de corruption mineure.<\/p>\n<h3>M\u00e9thode 4 : Faites appel \u00e0 un professionnel <span role='img' aria-label='casque'>&#9937;<\/span><\/h3>\n<ul>\n<li>Si le SSD n&rsquo;est pas reconnu, ou si les donn\u00e9es sont cruciales, faites appel \u00e0 un <b>service professionnel de r\u00e9cup\u00e9ration de donn\u00e9es<\/b>. Ces experts disposent des outils et des environnements en salle blanche n\u00e9cessaires pour un travail minutieux sur les SSD.<\/li>\n<li>Recherchez et choisissez un service r\u00e9put\u00e9 avec de l&rsquo;exp\u00e9rience dans la r\u00e9cup\u00e9ration de donn\u00e9es sur SSD.<\/li>\n<\/ul>\n<p><b>Note :<\/b> La r\u00e9cup\u00e9ration professionnelle peut co\u00fbter cher, mais c&rsquo;est peut-\u00eatre votre meilleure chance avec des disques endommag\u00e9s physiquement.<\/p>\n<p><b>Conclusion :<\/b> Les experts ont un taux de succ\u00e8s plus \u00e9lev\u00e9 avec des t\u00e2ches de r\u00e9cup\u00e9ration complexes.<\/p>\n<h3>M\u00e9thode 5 : Outils du fabricant du SSD <span role='img' aria-label='cl\u00e9'>&#128295;<\/span><\/h3>\n<ul>\n<li>De nombreux fabricants de SSD offrent leurs propres <b>outils de diagnostic et de r\u00e9paration<\/b>. Consultez le site Web de la marque de votre SSD pour des utilitaires sp\u00e9cifiques \u00e0 votre mod\u00e8le.<\/li>\n<li>T\u00e9l\u00e9chargez et ex\u00e9cutez l&rsquo;utilitaire du fabricant pour diagnostiquer et \u00e9ventuellement r\u00e9parer le SSD. Certains outils incluent \u00e9galement des options de r\u00e9cup\u00e9ration de donn\u00e9es.<\/li>\n<\/ul>\n<p><b>Note :<\/b> Les outils des fabricants sont con\u00e7us sp\u00e9cifiquement pour les SSD qu&rsquo;ils produisent, vous offrant ainsi une solution sur mesure.<\/p>\n<p><b>Conclusion :<\/b> Utiliser les outils fournis par le fabricant de votre SSD peut offrir une solution cibl\u00e9e pour la r\u00e9cup\u00e9ration et la r\u00e9paration.<\/p>\n<\/section>\n<section>\n<div>\n<div>3<\/div>\n<h2>Vid\u00e9o Youtube \u00e0 regarder<\/h2>\n<\/div>\n<div class=\"iframe\"><iframe width=\"420\" height=\"315\" src=\"\/\/www.youtube.com\/embed\/HPOrr8YGpYg\" frameborder=\"0\" allowfullscreen><\/iframe><\/div>\n<\/section>\n<section>\n<div>\n<div>4<\/div>\n<h2>Pr\u00e9cautions et conseils :<\/h2>\n<\/div>\n<h3>Prot\u00e9gez vos donn\u00e9es <span role='img' aria-label='verrou'>&#128274;<\/span><\/h3>\n<ul>\n<li>Toujours maintenir une <b>sauvegarde r\u00e9guli\u00e8re<\/b> des donn\u00e9es importantes pour minimiser l&rsquo;impact d&rsquo;une \u00e9ventuelle perte.<\/li>\n<li>Arr\u00eatez imm\u00e9diatement d&rsquo;utiliser un SSD apr\u00e8s avoir rencontr\u00e9 des probl\u00e8mes de perte de donn\u00e9es pour \u00e9viter d&rsquo;\u00e9craser des donn\u00e9es r\u00e9cup\u00e9rables.<\/li>\n<li>Activez TRIM sur les SSD pour aider \u00e0 maintenir les performances et la dur\u00e9e de vie, mais soyez conscient que cela peut compliquer les processus de r\u00e9cup\u00e9ration de donn\u00e9es.<\/li>\n<\/ul>\n<\/section>\n<section>\n<div>\n<div>5<\/div>\n<h2>Insights d&rsquo;experts<\/h2>\n<\/div>\n<p>La r\u00e9cup\u00e9ration de donn\u00e9es sur un SSD est un processus complexe qui d\u00e9pend souvent de la nature de la perte de donn\u00e9es. Comprendre la technologie derri\u00e8re les SSD est crucial pour une r\u00e9cup\u00e9ration r\u00e9ussie. Contrairement aux disques durs traditionnels, les SSD utilisent une m\u00e9moire flash \u00e0 base de NAND qui ne stocke pas n\u00e9cessairement les donn\u00e9es dans des motifs continus et pr\u00e9visibles en raison de techniques telles que le nivellement de l&rsquo;usure et les commandes TRIM qui optimisent les performances et la long\u00e9vit\u00e9 du disque.<\/p>\n<p>Apr\u00e8s avoir tent\u00e9 la r\u00e9cup\u00e9ration, il est \u00e9galement conseill\u00e9 de surveiller l&rsquo;\u00e9tat de sant\u00e9 de votre SSD \u00e0 l&rsquo;aide d&rsquo;outils comme <a href='https:\/\/crystalmark.info\/en\/software\/crystaldiskinfo\/' rel=\"nofollow noopener\" target='_blank'>CrystalDiskInfo<\/a>. Cet outil peut vous avertir de d\u00e9faillances potentielles avant qu&rsquo;elles ne conduisent \u00e0 une perte de donn\u00e9es.<\/p>\n<p>Pour ceux qui souhaitent en savoir plus sur la technologie SSD et la r\u00e9cup\u00e9ration de donn\u00e9es, les ressources suivantes sont inestimables : l&rsquo;Association pour le r\u00e9seautage du stockage de l&rsquo;industrie, \u00e9tant une autorit\u00e9 de premier plan sur les technologies de stockage, fournit un <a href='https:\/\/www.snia.org\/education\/technical-tutorials' rel=\"nofollow noopener\" target='_blank'>tutoriel technique<\/a> approfondi sur la technologie SSD, que j&rsquo;ai trouv\u00e9 extr\u00eamement utile.<\/p>\n<\/section>\n<section>\n<h2>Conclusion :<\/h2>\n<div class=\"nonp\">\n<p>Selon mon exp\u00e9rience, la r\u00e9cup\u00e9ration de donn\u00e9es \u00e0 partir d&rsquo;un SSD est en effet possible, mais elle n\u00e9cessite une approche m\u00e9thodique et parfois, un peu de chance. Commencez par utiliser les <b>outils logiciels<\/b> disponibles et les <b>fonctionnalit\u00e9s int\u00e9gr\u00e9es du syst\u00e8me d&rsquo;exploitation<\/b>. Si ceux-ci ne donnent pas de r\u00e9sultats et que les donn\u00e9es ont une valeur significative, il peut \u00eatre judicieux d&rsquo;investir dans des <b>services professionnels de r\u00e9cup\u00e9ration<\/b>. Des sauvegardes r\u00e9guli\u00e8res et une surveillance proactive de la sant\u00e9 du SSD peuvent grandement contribuer \u00e0 emp\u00eacher que la perte de donn\u00e9es devienne un \u00e9v\u00e9nement catastrophique. Avec de la patience et les bonnes ressources, vous pouvez maximiser les chances de r\u00e9ussir la r\u00e9cup\u00e9ration de donn\u00e9es \u00e0 partir d&rsquo;un SSD.<\/p>\n<\/div>\n<\/section>\n","protected":false},"excerpt":{"rendered":"<p>Comment r\u00e9cup\u00e9rer avec succ\u00e8s des donn\u00e9es \u00e0 partir d&rsquo;un SSD : Guide \u00e9tape par \u00e9tape &#13; &#13; En tant que professionnel dans le monde des donn\u00e9es num\u00e9riques, j&rsquo;ai \u00e9t\u00e9 confront\u00e9 \u00e0 mon lot de sc\u00e9narios de perte de donn\u00e9es. La situation particuli\u00e8rement difficile \u00e0 r\u00e9cup\u00e9rer des donn\u00e9es est celle d&rsquo;un Disque Dur \u00e0 \u00c9tat Solide [&hellip;]<\/p>\n","protected":false},"author":2,"featured_media":36078,"parent":0,"menu_order":0,"comment_status":"closed","ping_status":"closed","template":"chromecast.php","meta":{"_stopmodifiedupdate":false,"_modified_date":"","_lmt_disableupdate":"yes","_lmt_disable":""},"acf":[],"yoast_head":"<!-- This site is optimized with the Yoast SEO plugin v20.9 - https:\/\/yoast.com\/wordpress\/plugins\/seo\/ -->\n<title>Comment r\u00e9cup\u00e9rer des donn\u00e9es essentielles sur un SSD : Un guide \u00e9tape par \u00e9tape<\/title>\n<meta name=\"robots\" content=\"index, follow, max-snippet:-1, max-image-preview:large, max-video-preview:-1\" \/>\n<link rel=\"canonical\" href=\"https:\/\/datarecovery.ping.fm\/fr\/ssd-data-recovery\/\" \/>\n<meta property=\"og:locale\" content=\"fr_FR\" \/>\n<meta property=\"og:type\" content=\"article\" \/>\n<meta property=\"og:title\" content=\"Comment r\u00e9cup\u00e9rer des donn\u00e9es essentielles sur un SSD : Un guide \u00e9tape par \u00e9tape\" \/>\n<meta property=\"og:description\" content=\"Comment r\u00e9cup\u00e9rer avec succ\u00e8s des donn\u00e9es \u00e0 partir d&rsquo;un SSD : Guide \u00e9tape par \u00e9tape &#013; &#013; En tant que professionnel dans le monde des donn\u00e9es num\u00e9riques, j&rsquo;ai \u00e9t\u00e9 confront\u00e9 \u00e0 mon lot de sc\u00e9narios de perte de donn\u00e9es. La situation particuli\u00e8rement difficile \u00e0 r\u00e9cup\u00e9rer des donn\u00e9es est celle d&rsquo;un Disque Dur \u00e0 \u00c9tat Solide [&hellip;]\" \/>\n<meta property=\"og:url\" content=\"https:\/\/datarecovery.ping.fm\/fr\/ssd-data-recovery\/\" \/>\n<meta property=\"og:site_name\" content=\"Logiciel de r\u00e9cup\u00e9ration de donn\u00e9es\" \/>\n<meta property=\"article:modified_time\" content=\"2024-02-16T08:53:54+00:00\" \/>\n<meta property=\"og:image\" content=\"https:\/\/datarecovery.ping.fm\/wp-content\/uploads\/2024\/03\/How-to-Successfully-Recover-Data-from-an-SSD-A-Step-by-Step-Guide-French.jpg\" \/>\n\t<meta property=\"og:image:width\" content=\"1280\" \/>\n\t<meta property=\"og:image:height\" content=\"731\" \/>\n\t<meta property=\"og:image:type\" content=\"image\/jpeg\" \/>\n<meta name=\"twitter:card\" content=\"summary_large_image\" \/>\n<meta name=\"twitter:label1\" content=\"Est. reading time\" \/>\n\t<meta name=\"twitter:data1\" content=\"8 minutes\" \/>\n<script type=\"application\/ld+json\" class=\"yoast-schema-graph\">{\"@context\":\"https:\/\/schema.org\",\"@graph\":[{\"@type\":\"WebPage\",\"@id\":\"https:\/\/datarecovery.ping.fm\/fr\/ssd-data-recovery\/\",\"url\":\"https:\/\/datarecovery.ping.fm\/fr\/ssd-data-recovery\/\",\"name\":\"Comment r\u00e9cup\u00e9rer des donn\u00e9es essentielles sur un SSD : Un guide \u00e9tape par \u00e9tape\",\"isPartOf\":{\"@id\":\"https:\/\/datarecovery.ping.fm\/fr\/#website\"},\"datePublished\":\"2023-12-25T15:46:11+00:00\",\"dateModified\":\"2024-02-16T08:53:54+00:00\",\"breadcrumb\":{\"@id\":\"https:\/\/datarecovery.ping.fm\/fr\/ssd-data-recovery\/#breadcrumb\"},\"inLanguage\":\"fr-FR\",\"potentialAction\":[{\"@type\":\"ReadAction\",\"target\":[\"https:\/\/datarecovery.ping.fm\/fr\/ssd-data-recovery\/\"]}]},{\"@type\":\"BreadcrumbList\",\"@id\":\"https:\/\/datarecovery.ping.fm\/fr\/ssd-data-recovery\/#breadcrumb\",\"itemListElement\":[{\"@type\":\"ListItem\",\"position\":1,\"name\":\"Home\",\"item\":\"https:\/\/datarecovery.ping.fm\/fr\/\"},{\"@type\":\"ListItem\",\"position\":2,\"name\":\"Comment r\u00e9cup\u00e9rer avec succ\u00e8s des donn\u00e9es sur un SSD : Un guide \u00e9tape par \u00e9tape\"}]},{\"@type\":\"WebSite\",\"@id\":\"https:\/\/datarecovery.ping.fm\/fr\/#website\",\"url\":\"https:\/\/datarecovery.ping.fm\/fr\/\",\"name\":\"Logiciel de r\u00e9cup\u00e9ration de donn\u00e9es\",\"description\":\"\",\"potentialAction\":[{\"@type\":\"SearchAction\",\"target\":{\"@type\":\"EntryPoint\",\"urlTemplate\":\"https:\/\/datarecovery.ping.fm\/fr\/?s={search_term_string}\"},\"query-input\":\"required name=search_term_string\"}],\"inLanguage\":\"fr-FR\"}]}<\/script>\n<!-- \/ Yoast SEO plugin. -->","yoast_head_json":{"title":"Comment r\u00e9cup\u00e9rer des donn\u00e9es essentielles sur un SSD : Un guide \u00e9tape par \u00e9tape","robots":{"index":"index","follow":"follow","max-snippet":"max-snippet:-1","max-image-preview":"max-image-preview:large","max-video-preview":"max-video-preview:-1"},"canonical":"https:\/\/datarecovery.ping.fm\/fr\/ssd-data-recovery\/","og_locale":"fr_FR","og_type":"article","og_title":"Comment r\u00e9cup\u00e9rer des donn\u00e9es essentielles sur un SSD : Un guide \u00e9tape par \u00e9tape","og_description":"Comment r\u00e9cup\u00e9rer avec succ\u00e8s des donn\u00e9es \u00e0 partir d&rsquo;un SSD : Guide \u00e9tape par \u00e9tape &#13; &#13; En tant que professionnel dans le monde des donn\u00e9es num\u00e9riques, j&rsquo;ai \u00e9t\u00e9 confront\u00e9 \u00e0 mon lot de sc\u00e9narios de perte de donn\u00e9es. La situation particuli\u00e8rement difficile \u00e0 r\u00e9cup\u00e9rer des donn\u00e9es est celle d&rsquo;un Disque Dur \u00e0 \u00c9tat Solide [&hellip;]","og_url":"https:\/\/datarecovery.ping.fm\/fr\/ssd-data-recovery\/","og_site_name":"Logiciel de r\u00e9cup\u00e9ration de donn\u00e9es","article_modified_time":"2024-02-16T08:53:54+00:00","og_image":[{"width":1280,"height":731,"url":"https:\/\/datarecovery.ping.fm\/wp-content\/uploads\/2024\/03\/How-to-Successfully-Recover-Data-from-an-SSD-A-Step-by-Step-Guide-French.jpg","type":"image\/jpeg"}],"twitter_card":"summary_large_image","twitter_misc":{"Est. reading time":"8 minutes"},"schema":{"@context":"https:\/\/schema.org","@graph":[{"@type":"WebPage","@id":"https:\/\/datarecovery.ping.fm\/fr\/ssd-data-recovery\/","url":"https:\/\/datarecovery.ping.fm\/fr\/ssd-data-recovery\/","name":"Comment r\u00e9cup\u00e9rer des donn\u00e9es essentielles sur un SSD : Un guide \u00e9tape par \u00e9tape","isPartOf":{"@id":"https:\/\/datarecovery.ping.fm\/fr\/#website"},"datePublished":"2023-12-25T15:46:11+00:00","dateModified":"2024-02-16T08:53:54+00:00","breadcrumb":{"@id":"https:\/\/datarecovery.ping.fm\/fr\/ssd-data-recovery\/#breadcrumb"},"inLanguage":"fr-FR","potentialAction":[{"@type":"ReadAction","target":["https:\/\/datarecovery.ping.fm\/fr\/ssd-data-recovery\/"]}]},{"@type":"BreadcrumbList","@id":"https:\/\/datarecovery.ping.fm\/fr\/ssd-data-recovery\/#breadcrumb","itemListElement":[{"@type":"ListItem","position":1,"name":"Home","item":"https:\/\/datarecovery.ping.fm\/fr\/"},{"@type":"ListItem","position":2,"name":"Comment r\u00e9cup\u00e9rer avec succ\u00e8s des donn\u00e9es sur un SSD : Un guide \u00e9tape par \u00e9tape"}]},{"@type":"WebSite","@id":"https:\/\/datarecovery.ping.fm\/fr\/#website","url":"https:\/\/datarecovery.ping.fm\/fr\/","name":"Logiciel de r\u00e9cup\u00e9ration de donn\u00e9es","description":"","potentialAction":[{"@type":"SearchAction","target":{"@type":"EntryPoint","urlTemplate":"https:\/\/datarecovery.ping.fm\/fr\/?s={search_term_string}"},"query-input":"required name=search_term_string"}],"inLanguage":"fr-FR"}]}},"_links":{"self":[{"href":"https:\/\/datarecovery.ping.fm\/fr\/wp-json\/wp\/v2\/pages\/14306"}],"collection":[{"href":"https:\/\/datarecovery.ping.fm\/fr\/wp-json\/wp\/v2\/pages"}],"about":[{"href":"https:\/\/datarecovery.ping.fm\/fr\/wp-json\/wp\/v2\/types\/page"}],"author":[{"embeddable":true,"href":"https:\/\/datarecovery.ping.fm\/fr\/wp-json\/wp\/v2\/users\/2"}],"replies":[{"embeddable":true,"href":"https:\/\/datarecovery.ping.fm\/fr\/wp-json\/wp\/v2\/comments?post=14306"}],"version-history":[{"count":1,"href":"https:\/\/datarecovery.ping.fm\/fr\/wp-json\/wp\/v2\/pages\/14306\/revisions"}],"predecessor-version":[{"id":36077,"href":"https:\/\/datarecovery.ping.fm\/fr\/wp-json\/wp\/v2\/pages\/14306\/revisions\/36077"}],"wp:featuredmedia":[{"embeddable":true,"href":"https:\/\/datarecovery.ping.fm\/fr\/wp-json\/wp\/v2\/media\/36078"}],"wp:attachment":[{"href":"https:\/\/datarecovery.ping.fm\/fr\/wp-json\/wp\/v2\/media?parent=14306"}],"curies":[{"name":"wp","href":"https:\/\/api.w.org\/{rel}","templated":true}]}}