{"id":14198,"date":"2023-12-27T21:18:48","date_gmt":"2023-12-27T21:18:48","guid":{"rendered":"https:\/\/www.ping.fm\/data-recovery-software\/cf-card-not-recognized\/"},"modified":"2024-02-16T08:53:53","modified_gmt":"2024-02-16T08:53:53","slug":"cf-card-not-recognized","status":"publish","type":"page","link":"https:\/\/datarecovery.ping.fm\/fr\/cf-card-not-recognized\/","title":{"rendered":"Comment faire pour que votre ordinateur reconnaisse une carte CompactFlash"},"content":{"rendered":"<section>\n<h1>Comment faire pour que votre ordinateur reconnaisse une carte CompactFlash<\/h1>\n<div class=\"inbrief\">\n<div>             <img src=\"https:\/\/www.ping.fm\/data-recovery-software\/wp-content\/uploads\/ai\/How-to-Get-Your-Computer-to-Recognize-a-CompactFlash-Card-French.jpg\" alt=\"Comment faire pour que votre ordinateur reconnaisse une carte CompactFlash\" title=\"Comment faire pour que votre ordinateur reconnaisse une carte CompactFlash\" width=\"1280\" height=\"720\">             <\/p>\n<p>Faire face \u00e0 une <b>carte Compact Flash (CF)<\/b> qui n&rsquo;est pas reconnue par un PC peut \u00eatre frustrant, en particulier lorsque vous avez des donn\u00e9es importantes stock\u00e9es dessus. Cette situation n&rsquo;est pas rare, mais heureusement, il existe des \u00e9tapes que vous pouvez suivre pour r\u00e9soudre le probl\u00e8me et r\u00e9cup\u00e9rer vos fichiers. Dans cet article, je partagerai mon exp\u00e9rience personnelle et fournirai un guide d\u00e9taill\u00e9 sur la fa\u00e7on de g\u00e9rer une carte CF non reconnue, y compris les options de r\u00e9cup\u00e9ration en utilisant <a href='https:\/\/www.cleverfiles.com\/memory-card-data-recovery.html' rel=\"nofollow noopener\" target='_blank'>Disk Drill<\/a>. Pour ceux qui rencontrent un probl\u00e8me similaire, voici un guide complet pour <a href='https:\/\/www.techwikies.com\/how-to\/how-to-recover-lost-data-from-sd-and-cf-cards\/' rel=\"dofollow noopener\" target='_blank'>r\u00e9cup\u00e9rer les fichiers perdus des cartes SD et Compact Flash<\/a>.<\/p>\n<\/div>\n<\/div>\n<\/section>\n<section>\n<div>\n<div>1<\/div>\n<h2>Sc\u00e9narios communs :<\/h2>\n<\/div>\n<h3>D\u00e9connexion inattendue &#128683;<\/h3>\n<ul>\n<li><b>Fluctuations de puissance<\/b> ou \u00e9jection accidentelle pendant le <b>transfert de donn\u00e9es<\/b>.<\/li>\n<li>Retrait inappropri\u00e9 entra\u00eenant l&rsquo;\u00e9chec de la reconnaissance de la carte CF par le PC.<\/li>\n<\/ul>\n<h3>Dommages physiques &#128148;<\/h3>\n<ul>\n<li>La carte CF peut avoir subi des <b>dommages physiques<\/b>, la rendant illisible.<\/li>\n<li>D\u00e9g\u00e2ts visibles sur les <b>broches de connexion<\/b> ou la <b>structure de la carte<\/b>.<\/li>\n<\/ul>\n<h3>Syst\u00e8me de fichiers corrompu &#128565;<\/h3>\n<ul>\n<li>Un <b>syst\u00e8me de fichiers corrompu<\/b> peut rendre la carte CF m\u00e9connaissable.<\/li>\n<li>Des <b>infections par des virus<\/b> ou des <b>probl\u00e8mes logiciels<\/b> peuvent potentiellement conduire \u00e0 une corruption.<\/li>\n<\/ul>\n<\/section>\n<section class=\"stepByStep\">\n<div>\n<div>2<\/div>\n<h2>Guide \u00e9tape par \u00e9tape. Carte CF non reconnue par l&rsquo;ordinateur :<\/h2>\n<\/div>\n<h3>M\u00e9thode 1 : V\u00e9rifier les connexions &#128268;<\/h3>\n<ul>\n<li>Reconnectez la carte CF pour vous assurer qu&rsquo;elle est bien ins\u00e9r\u00e9e dans le lecteur de cartes.<\/li>\n<li>Essayez un autre <b>port USB<\/b> ou un autre <b>lecteur de cartes<\/b>.<\/li>\n<li>Si possible, connectez la carte CF \u00e0 un autre ordinateur pour \u00e9liminer les probl\u00e8mes sp\u00e9cifiques au PC.<\/li>\n<\/ul>\n<p><b>Note :<\/b> Parfois, le probl\u00e8me peut \u00eatre aussi simple qu&rsquo;une connexion l\u00e2che.<\/p>\n<p><b>Conclusion :<\/b> Si la carte CF n&rsquo;est toujours pas reconnue, vous devrez peut-\u00eatre poursuivre le d\u00e9pannage.<\/p>\n<h3>M\u00e9thode 2 : Mettre \u00e0 jour les pilotes &#128260;<\/h3>\n<ul>\n<li>Ouvrez le <b>Gestionnaire de p\u00e9riph\u00e9riques<\/b> et v\u00e9rifiez si les pilotes du lecteur de carte sont obsol\u00e8tes.<\/li>\n<li>Faites un clic droit et s\u00e9lectionnez &lsquo;Mettre \u00e0 jour le pilote&rsquo; pour tout dispositif comportant un point d&rsquo;exclamation jaune.<\/li>\n<li>Red\u00e9marrez votre ordinateur et v\u00e9rifiez si la carte CF est reconnue.<\/li>\n<\/ul>\n<p><b>Note :<\/b> Des pilotes obsol\u00e8tes peuvent interf\u00e9rer avec la reconnaissance de l&rsquo;appareil.<\/p>\n<p><b>Conclusion :<\/b> Si la mise \u00e0 jour des pilotes n&rsquo;aide pas, le probl\u00e8me pourrait \u00eatre li\u00e9 au mat\u00e9riel ou la carte CF elle-m\u00eame pourrait \u00eatre en cause.<\/p>\n<h3>M\u00e9thode 3 : Gestion des disques &#128736;<\/h3>\n<ul>\n<li>Ouvrez la<b>Gestion des disques<\/b> pour voir si la carte CF est list\u00e9e sans lettre de lecteur.<\/li>\n<li>Si la carte est d\u00e9tect\u00e9e, assignez manuellement une nouvelle <b>lettre de lecteur<\/b>.<\/li>\n<li>Si la carte n&rsquo;appara\u00eet pas ou est marqu\u00e9e comme &lsquo;Inconnue&rsquo;, elle pourrait \u00eatre corrompue.<\/li>\n<\/ul>\n<p><b>Note :<\/b> Une lettre de lecteur manquante peut emp\u00eacher un PC d&rsquo;afficher la carte CF.<\/p>\n<p><b>Conclusion :<\/b> Si la gestion des disques ne r\u00e9sout pas le probl\u00e8me, envisagez d&rsquo;utiliser un logiciel de r\u00e9cup\u00e9ration.<\/p>\n<h3>M\u00e9thode 4 : R\u00e9cup\u00e9ration avec Disk Drill &#128721;<\/h3>\n<ul>\n<li>T\u00e9l\u00e9chargez et installez <b>Disk Drill<\/b> de <a href='https:\/\/www.cleverfiles.com\/memory-card-data-recovery.html' rel=\"nofollow noopener\" target='_blank'>CleverFiles<\/a>.<\/li>\n<li>Lancez Disk Drill et s\u00e9lectionnez la <b>carte CF non reconnue<\/b> pour la r\u00e9cup\u00e9ration.<\/li>\n<li>Cliquez sur &lsquo;Recover&rsquo; et attendez la fin du scan pour pr\u00e9visualiser les fichiers r\u00e9cup\u00e9rables.<\/li>\n<li>S\u00e9lectionnez les fichiers que vous souhaitez r\u00e9cup\u00e9rer et choisissez un emplacement de sauvegarde.<\/li>\n<\/ul>\n<p><b>Note :<\/b> Ne sauvegardez pas les fichiers r\u00e9cup\u00e9r\u00e9s sur la carte CF pour \u00e9viter d&rsquo;\u00e9craser les donn\u00e9es.<\/p>\n<p><b>Conclusion :<\/b> Disk Drill peut r\u00e9cup\u00e9rer des fichiers avec succ\u00e8s m\u00eame si la carte CF n&rsquo;est pas reconnue par l&rsquo;ordinateur.<\/p>\n<h3>M\u00e9thode 5 : Commandes CMD &#128421;<\/h3>\n<ul>\n<li>Utilisez l&rsquo;<b>Invite de commandes<\/b> en tant qu&rsquo;administrateur pour ex\u00e9cuter CHKDSK.<\/li>\n<li>Tapez &lsquo;chkdsk [la lettre de lecteur de votre carte CF]: \/f \/r \/x&rsquo; et appuyez sur Entr\u00e9e.<\/li>\n<li>Attendez la fin du processus et v\u00e9rifiez si la carte CF est accessible.<\/li>\n<\/ul>\n<p><b>Note :<\/b> CHKDSK peut r\u00e9parer les erreurs du syst\u00e8me de fichiers et rendre la carte CF reconnaissable.<\/p>\n<p><b>Conclusion :<\/b> Si les commandes CMD ne fonctionnent pas, la carte peut avoir des dommages logiques ou physiques graves.<\/p>\n<\/section>\n<section>\n<div>\n<div>3<\/div>\n<h2>Vid\u00e9o Youtube \u00e0 regarder<\/h2>\n<\/div>\n<div class=\"iframe\"><iframe width=\"420\" height=\"315\" src=\"\/\/www.youtube.com\/embed\/T46o7amIFs4\" frameborder=\"0\" allowfullscreen><\/iframe><\/div>\n<\/section>\n<section>\n<div>\n<div>4<\/div>\n<h2>Pr\u00e9cautions et conseils :<\/h2>\n<\/div>\n<h3>Prot\u00e9ger les souvenirs &#128161;<\/h3>\n<ul>\n<li><b>\u00c9jectez toujours<\/b> votre carte CF en toute s\u00e9curit\u00e9 depuis le PC.<\/li>\n<li>\u00c9vitez d&rsquo;utiliser la carte CF sur plusieurs appareils sans la formater correctement pour la compatibilit\u00e9.<\/li>\n<li>Utilisez un <b>logiciel antivirus r\u00e9put\u00e9<\/b> pour minimiser le risque de corruption d\u00fb aux logiciels malveillants.<\/li>\n<\/ul>\n<\/section>\n<section>\n<div>\n<div>5<\/div>\n<h2>Informations compl\u00e9mentaires<\/h2>\n<\/div>\n<p>Faire face \u00e0 une carte CF non reconnue peut \u00eatre intimidant, surtout lorsqu&rsquo;il n&rsquo;est pas imm\u00e9diatement \u00e9vident de comprendre pourquoi le probl\u00e8me se produit. Voici quelques informations suppl\u00e9mentaires pour aider \u00e0 d\u00e9panner et pr\u00e9venir.<\/p>\n<p>Un point important \u00e0 noter est le r\u00f4le des <b>syst\u00e8mes de fichiers<\/b>. Les cartes CF sont souvent format\u00e9es avec des syst\u00e8mes de fichiers tels que FAT32 ou exFAT. S&rsquo;assurer que votre PC supporte le syst\u00e8me de fichiers de la carte CF est crucial pour qu&rsquo;elle soit reconnue.<\/p>\n<p>Si vous avez \u00e9puis\u00e9 toutes les corrections li\u00e9es au logiciel, il vaut la peine de consid\u00e9rer que la carte CF pourrait avoir un <b>probl\u00e8me mat\u00e9riel irr\u00e9parable<\/b>. Dans de tels cas, les services professionnels de r\u00e9cup\u00e9ration de donn\u00e9es, tels que <a href='https:\/\/www.securedatarecovery.com\/services\/memory-card-recovery' rel=\"nofollow noopener\" target='_blank'>Secure Data Recovery<\/a>, pourraient \u00eatre votre meilleure option.<\/p>\n<p>La pr\u00e9vention est meilleure que la gu\u00e9rison. Investir dans un <b>lecteur de cartes de haute qualit\u00e9<\/b> est aussi important que de choisir une carte CF fiable. Il est \u00e9galement judicieux de <b>sauvegarder r\u00e9guli\u00e8rement vos donn\u00e9es<\/b>, afin de ne pas d\u00e9pendre uniquement de l&rsquo;int\u00e9grit\u00e9 de votre carte CF.<\/p>\n<p>Si vous d\u00e9cidez de remplacer votre carte CF, assurez-vous de choisir une marque r\u00e9put\u00e9e. Lire les critiques de produits, comme celles sur <a href='https:\/\/www.bhphotovideo.com\/c\/buy\/Shop-by-Brand\/ci\/4\/phd\/4088588771\/N\/4294255798' rel=\"nofollow noopener\" target='_blank'>B&#038;H Photo Video<\/a>, peut vous aider \u00e0 prendre une d\u00e9cision \u00e9clair\u00e9e.<\/p>\n<\/section>\n<section>\n<h2>Conclusion :<\/h2>\n<div class=\"nonp\">\n<p>En conclusion, bien qu&rsquo;il puisse \u00eatre pr\u00e9occupant que votre PC ne reconnaisse pas votre carte CF, de nombreuses m\u00e9thodes sont disponibles pour d\u00e9panner et r\u00e9soudre le probl\u00e8me. Rappelez-vous, si vous avez besoin de r\u00e9cup\u00e9rer des donn\u00e9es d&rsquo;une carte CF que votre ordinateur ne peut pas d\u00e9tecter, utiliser un logiciel puissant comme <b>Disk Drill<\/b> peut sauver la situation. Cependant, la meilleure solution est de prendre des mesures pr\u00e9ventives pour prot\u00e9ger vos donn\u00e9es. \u00c9jectez toujours votre carte en toute s\u00e9curit\u00e9, maintenez \u00e0 jour les pilotes de votre appareil, et investissez dans du mat\u00e9riel fiable. Prendre ces mesures peut aider \u00e0 minimiser le risque de rencontrer de tels probl\u00e8mes \u00e0 l&rsquo;avenir.<\/p>\n<\/div>\n<\/section>\n","protected":false},"excerpt":{"rendered":"<p>Comment faire pour que votre ordinateur reconnaisse une carte CompactFlash Faire face \u00e0 une carte Compact Flash (CF) qui n&rsquo;est pas reconnue par un PC peut \u00eatre frustrant, en particulier lorsque vous avez des donn\u00e9es importantes stock\u00e9es dessus. Cette situation n&rsquo;est pas rare, mais heureusement, il existe des \u00e9tapes que vous pouvez suivre pour r\u00e9soudre [&hellip;]<\/p>\n","protected":false},"author":2,"featured_media":36066,"parent":0,"menu_order":0,"comment_status":"closed","ping_status":"closed","template":"chromecast.php","meta":{"_stopmodifiedupdate":false,"_modified_date":"","_lmt_disableupdate":"yes","_lmt_disable":""},"acf":[],"yoast_head":"<!-- This site is optimized with the Yoast SEO plugin v20.9 - https:\/\/yoast.com\/wordpress\/plugins\/seo\/ -->\n<title>Comment r\u00e9parer une carte CF qui n&#039;est pas reconnue : Astuces de d\u00e9pannage<\/title>\n<meta name=\"robots\" content=\"index, follow, max-snippet:-1, max-image-preview:large, max-video-preview:-1\" \/>\n<link rel=\"canonical\" href=\"https:\/\/datarecovery.ping.fm\/fr\/cf-card-not-recognized\/\" \/>\n<meta property=\"og:locale\" content=\"fr_FR\" \/>\n<meta property=\"og:type\" content=\"article\" \/>\n<meta property=\"og:title\" content=\"Comment r\u00e9parer une carte CF qui n&#039;est pas reconnue : Astuces de d\u00e9pannage\" \/>\n<meta property=\"og:description\" content=\"Comment faire pour que votre ordinateur reconnaisse une carte CompactFlash Faire face \u00e0 une carte Compact Flash (CF) qui n&rsquo;est pas reconnue par un PC peut \u00eatre frustrant, en particulier lorsque vous avez des donn\u00e9es importantes stock\u00e9es dessus. Cette situation n&rsquo;est pas rare, mais heureusement, il existe des \u00e9tapes que vous pouvez suivre pour r\u00e9soudre [&hellip;]\" \/>\n<meta property=\"og:url\" content=\"https:\/\/datarecovery.ping.fm\/fr\/cf-card-not-recognized\/\" \/>\n<meta property=\"og:site_name\" content=\"Logiciel de r\u00e9cup\u00e9ration de donn\u00e9es\" \/>\n<meta property=\"article:modified_time\" content=\"2024-02-16T08:53:53+00:00\" \/>\n<meta property=\"og:image\" content=\"https:\/\/datarecovery.ping.fm\/wp-content\/uploads\/2024\/03\/How-to-Get-Your-Computer-to-Recognize-a-CompactFlash-Card-French.jpg\" \/>\n\t<meta property=\"og:image:width\" content=\"1280\" \/>\n\t<meta property=\"og:image:height\" content=\"731\" \/>\n\t<meta property=\"og:image:type\" content=\"image\/jpeg\" \/>\n<meta name=\"twitter:card\" content=\"summary_large_image\" \/>\n<meta name=\"twitter:label1\" content=\"Est. reading time\" \/>\n\t<meta name=\"twitter:data1\" content=\"6 minutes\" \/>\n<script type=\"application\/ld+json\" class=\"yoast-schema-graph\">{\"@context\":\"https:\/\/schema.org\",\"@graph\":[{\"@type\":\"WebPage\",\"@id\":\"https:\/\/datarecovery.ping.fm\/fr\/cf-card-not-recognized\/\",\"url\":\"https:\/\/datarecovery.ping.fm\/fr\/cf-card-not-recognized\/\",\"name\":\"Comment r\u00e9parer une carte CF qui n'est pas reconnue : Astuces de d\u00e9pannage\",\"isPartOf\":{\"@id\":\"https:\/\/datarecovery.ping.fm\/fr\/#website\"},\"datePublished\":\"2023-12-27T21:18:48+00:00\",\"dateModified\":\"2024-02-16T08:53:53+00:00\",\"breadcrumb\":{\"@id\":\"https:\/\/datarecovery.ping.fm\/fr\/cf-card-not-recognized\/#breadcrumb\"},\"inLanguage\":\"fr-FR\",\"potentialAction\":[{\"@type\":\"ReadAction\",\"target\":[\"https:\/\/datarecovery.ping.fm\/fr\/cf-card-not-recognized\/\"]}]},{\"@type\":\"BreadcrumbList\",\"@id\":\"https:\/\/datarecovery.ping.fm\/fr\/cf-card-not-recognized\/#breadcrumb\",\"itemListElement\":[{\"@type\":\"ListItem\",\"position\":1,\"name\":\"Home\",\"item\":\"https:\/\/datarecovery.ping.fm\/fr\/\"},{\"@type\":\"ListItem\",\"position\":2,\"name\":\"Comment faire pour que votre ordinateur reconnaisse une carte CompactFlash\"}]},{\"@type\":\"WebSite\",\"@id\":\"https:\/\/datarecovery.ping.fm\/fr\/#website\",\"url\":\"https:\/\/datarecovery.ping.fm\/fr\/\",\"name\":\"Logiciel de r\u00e9cup\u00e9ration de donn\u00e9es\",\"description\":\"\",\"potentialAction\":[{\"@type\":\"SearchAction\",\"target\":{\"@type\":\"EntryPoint\",\"urlTemplate\":\"https:\/\/datarecovery.ping.fm\/fr\/?s={search_term_string}\"},\"query-input\":\"required name=search_term_string\"}],\"inLanguage\":\"fr-FR\"}]}<\/script>\n<!-- \/ Yoast SEO plugin. -->","yoast_head_json":{"title":"Comment r\u00e9parer une carte CF qui n'est pas reconnue : Astuces de d\u00e9pannage","robots":{"index":"index","follow":"follow","max-snippet":"max-snippet:-1","max-image-preview":"max-image-preview:large","max-video-preview":"max-video-preview:-1"},"canonical":"https:\/\/datarecovery.ping.fm\/fr\/cf-card-not-recognized\/","og_locale":"fr_FR","og_type":"article","og_title":"Comment r\u00e9parer une carte CF qui n'est pas reconnue : Astuces de d\u00e9pannage","og_description":"Comment faire pour que votre ordinateur reconnaisse une carte CompactFlash Faire face \u00e0 une carte Compact Flash (CF) qui n&rsquo;est pas reconnue par un PC peut \u00eatre frustrant, en particulier lorsque vous avez des donn\u00e9es importantes stock\u00e9es dessus. Cette situation n&rsquo;est pas rare, mais heureusement, il existe des \u00e9tapes que vous pouvez suivre pour r\u00e9soudre [&hellip;]","og_url":"https:\/\/datarecovery.ping.fm\/fr\/cf-card-not-recognized\/","og_site_name":"Logiciel de r\u00e9cup\u00e9ration de donn\u00e9es","article_modified_time":"2024-02-16T08:53:53+00:00","og_image":[{"width":1280,"height":731,"url":"https:\/\/datarecovery.ping.fm\/wp-content\/uploads\/2024\/03\/How-to-Get-Your-Computer-to-Recognize-a-CompactFlash-Card-French.jpg","type":"image\/jpeg"}],"twitter_card":"summary_large_image","twitter_misc":{"Est. reading time":"6 minutes"},"schema":{"@context":"https:\/\/schema.org","@graph":[{"@type":"WebPage","@id":"https:\/\/datarecovery.ping.fm\/fr\/cf-card-not-recognized\/","url":"https:\/\/datarecovery.ping.fm\/fr\/cf-card-not-recognized\/","name":"Comment r\u00e9parer une carte CF qui n'est pas reconnue : Astuces de d\u00e9pannage","isPartOf":{"@id":"https:\/\/datarecovery.ping.fm\/fr\/#website"},"datePublished":"2023-12-27T21:18:48+00:00","dateModified":"2024-02-16T08:53:53+00:00","breadcrumb":{"@id":"https:\/\/datarecovery.ping.fm\/fr\/cf-card-not-recognized\/#breadcrumb"},"inLanguage":"fr-FR","potentialAction":[{"@type":"ReadAction","target":["https:\/\/datarecovery.ping.fm\/fr\/cf-card-not-recognized\/"]}]},{"@type":"BreadcrumbList","@id":"https:\/\/datarecovery.ping.fm\/fr\/cf-card-not-recognized\/#breadcrumb","itemListElement":[{"@type":"ListItem","position":1,"name":"Home","item":"https:\/\/datarecovery.ping.fm\/fr\/"},{"@type":"ListItem","position":2,"name":"Comment faire pour que votre ordinateur reconnaisse une carte CompactFlash"}]},{"@type":"WebSite","@id":"https:\/\/datarecovery.ping.fm\/fr\/#website","url":"https:\/\/datarecovery.ping.fm\/fr\/","name":"Logiciel de r\u00e9cup\u00e9ration de donn\u00e9es","description":"","potentialAction":[{"@type":"SearchAction","target":{"@type":"EntryPoint","urlTemplate":"https:\/\/datarecovery.ping.fm\/fr\/?s={search_term_string}"},"query-input":"required name=search_term_string"}],"inLanguage":"fr-FR"}]}},"_links":{"self":[{"href":"https:\/\/datarecovery.ping.fm\/fr\/wp-json\/wp\/v2\/pages\/14198"}],"collection":[{"href":"https:\/\/datarecovery.ping.fm\/fr\/wp-json\/wp\/v2\/pages"}],"about":[{"href":"https:\/\/datarecovery.ping.fm\/fr\/wp-json\/wp\/v2\/types\/page"}],"author":[{"embeddable":true,"href":"https:\/\/datarecovery.ping.fm\/fr\/wp-json\/wp\/v2\/users\/2"}],"replies":[{"embeddable":true,"href":"https:\/\/datarecovery.ping.fm\/fr\/wp-json\/wp\/v2\/comments?post=14198"}],"version-history":[{"count":1,"href":"https:\/\/datarecovery.ping.fm\/fr\/wp-json\/wp\/v2\/pages\/14198\/revisions"}],"predecessor-version":[{"id":36065,"href":"https:\/\/datarecovery.ping.fm\/fr\/wp-json\/wp\/v2\/pages\/14198\/revisions\/36065"}],"wp:featuredmedia":[{"embeddable":true,"href":"https:\/\/datarecovery.ping.fm\/fr\/wp-json\/wp\/v2\/media\/36066"}],"wp:attachment":[{"href":"https:\/\/datarecovery.ping.fm\/fr\/wp-json\/wp\/v2\/media?parent=14198"}],"curies":[{"name":"wp","href":"https:\/\/api.w.org\/{rel}","templated":true}]}}