{"id":13924,"date":"2023-12-25T15:46:11","date_gmt":"2023-12-25T15:46:11","guid":{"rendered":"https:\/\/www.ping.fm\/data-recovery-software\/wiped-hard-drive-recovery\/"},"modified":"2024-02-16T08:53:50","modified_gmt":"2024-02-16T08:53:50","slug":"wiped-hard-drive-recovery","status":"publish","type":"page","link":"https:\/\/datarecovery.ping.fm\/fr\/wiped-hard-drive-recovery\/","title":{"rendered":"Comment r\u00e9cup\u00e9rer des fichiers supprim\u00e9s d&rsquo;un disque dur apr\u00e8s que les donn\u00e9es ont \u00e9t\u00e9 effac\u00e9es"},"content":{"rendered":"<section>\n<h1>Comment r\u00e9cup\u00e9rer des fichiers supprim\u00e9s d&rsquo;un disque dur effac\u00e9<\/h1>\n<div class=\"inbrief\">\n<div>                     <img src=\"https:\/\/www.ping.fm\/data-recovery-software\/wp-content\/uploads\/ai\/How-to-Recover-Deleted-Files-from-Wiped-Hard-Drive-French.jpg\" alt=\"Comment r\u00e9cup\u00e9rer des fichiers supprim\u00e9s d'un disque dur effac\u00e9\" title=\"Comment r\u00e9cup\u00e9rer des fichiers supprim\u00e9s d'un disque dur effac\u00e9\" width=\"1280\" height=\"720\">                     <\/p>\n<p>Perdre des fichiers importants peut \u00eatre une source de stress consid\u00e9rable, mais ce n&rsquo;est pas toujours sans espoir. M\u00eame si vous avez compl\u00e8tement effac\u00e9 votre disque dur, il reste un espoir de r\u00e9cup\u00e9rer ces pr\u00e9cieux fichiers. J&rsquo;ai personnellement \u00e9t\u00e9 confront\u00e9 \u00e0 cette \u00e9preuve intimidante et trouv\u00e9 des moyens de ramener des donn\u00e9es que je pensais perdues \u00e0 jamais. Dans ce guide d\u00e9taill\u00e9, je partagerai mon exp\u00e9rience sur la fa\u00e7on de r\u00e9cup\u00e9rer des fichiers supprim\u00e9s d&rsquo;un disque dur effac\u00e9, en mettant en lumi\u00e8re Disk Drill comme l&rsquo;une des solutions les plus efficaces.<\/p>\n<\/div>\n<\/div>\n<\/section>\n<section>\n<div>\n<div>1<\/div>\n<h2>Sc\u00e9narios courants :<\/h2>\n<\/div>\n<h3>Le formatage accidentel &#x1F4A5;<\/h3>\n<ul>\n<li><b>Formatage complet du disque<\/b> lors de l&rsquo;installation du syst\u00e8me d&rsquo;exploitation au lieu de s\u00e9lectionner une partition sp\u00e9cifique.<\/li>\n<li>Formatage <b>rapide accidentel<\/b> en essayant de corriger des erreurs du disque.<\/li>\n<\/ul>\n<h3>Le nettoyage trop z\u00e9l\u00e9 &#x1F9EA;<\/h3>\n<ul>\n<li>Utilisation d&rsquo;un <b>logiciel de nettoyage de disque<\/b> pour lib\u00e9rer de l&rsquo;espace sans r\u00e9aliser que des fichiers importants n&rsquo;avaient pas \u00e9t\u00e9 sauvegard\u00e9s.<\/li>\n<li>Suppression de partitions lors d&rsquo;un <b>nettoyage syst\u00e8me<\/b> ou en pr\u00e9paration \u00e0 la vente du PC.<\/li>\n<\/ul>\n<h3>Le chaos des malwares &#x2620;<\/h3>\n<ul>\n<li>Infection par un virus ou un logiciel malveillant menant \u00e0 un <b>syst\u00e8me compromis<\/b> qui n\u00e9cessite un effacement complet.<\/li>\n<li>Des pirates qui effacent des disques pour <b>cacher leurs traces<\/b> apr\u00e8s un vol de donn\u00e9es.<\/li>\n<\/ul>\n<\/section>\n<section class=\"stepByStep\">\n<div>\n<div>2<\/div>\n<h2>Guide \u00e9tape par \u00e9tape. R\u00e9cup\u00e9rer un disque dur effac\u00e9 :<\/h2>\n<\/div>\n<h3>M\u00e9thode 1 : Utiliser Disk Drill &#x1F527;<\/h3>\n<ul>\n<li>T\u00e9l\u00e9chargez et installez <b>Disk Drill<\/b> depuis le site officiel : <a href='https:\/\/www.cleverfiles.com\/' rel=\"nofollow noopener\" target='_blank'>https:\/\/www.cleverfiles.com\/<\/a>.<\/li>\n<li>Ex\u00e9cutez Disk Drill et s\u00e9lectionnez le disque dur effac\u00e9 pour la <b>r\u00e9cup\u00e9ration<\/b>.<\/li>\n<li>Choisissez le type de scan appropri\u00e9. Pour les disques effac\u00e9s, le <b>Scan approfondi<\/b> est souvent le plus efficace.<\/li>\n<li>V\u00e9rifiez les <b>fichiers trouv\u00e9s<\/b> et s\u00e9lectionnez ceux que vous souhaitez r\u00e9cup\u00e9rer.<\/li>\n<li>Choisissez un nouvel <b>emplacement de sauvegarde<\/b> diff\u00e9rent du disque source et r\u00e9cup\u00e9rez les fichiers.<\/li>\n<\/ul>\n<p><b>Note :<\/b> Disk Drill peut r\u00e9cup\u00e9rer des fichiers m\u00eame apr\u00e8s un formatage, mais le taux de r\u00e9ussite d\u00e9pend de si les nouvelles donn\u00e9es ont \u00e9cras\u00e9 les anciennes donn\u00e9es.<\/p>\n<p><b>Conclusion :<\/b> Disk Drill offre une plateforme intuitive et puissante pour la r\u00e9cup\u00e9ration de donn\u00e9es sur un disque dur effac\u00e9.<\/p>\n<h3>M\u00e9thode 2 : Recuva &#x1F50D;<\/h3>\n<ul>\n<li>T\u00e9l\u00e9chargez et installez <b>Recuva<\/b> depuis le site officiel : <a href='https:\/\/www.ccleaner.com\/recuva' rel=\"nofollow noopener\" target='_blank'>https:\/\/www.ccleaner.com\/recuva<\/a>.<\/li>\n<li>Ouvrez Recuva et lancez l&rsquo;<b>Assistant<\/b> pour commencer le processus de r\u00e9cup\u00e9ration.<\/li>\n<li>S\u00e9lectionnez le type de fichiers que vous souhaitez r\u00e9cup\u00e9rer et leur emplacement d&rsquo;origine.<\/li>\n<li>Activez le mode <b>Scan approfondi<\/b> pour une recherche plus approfondie.<\/li>\n<li>Apr\u00e8s le scan, s\u00e9lectionnez les fichiers \u00e0 r\u00e9cup\u00e9rer et choisissez une nouvelle destination pour les <b>sauvegarder<\/b>.<\/li>\n<\/ul>\n<p><b>Note :<\/b> Recuva est un outil utile, en particulier pour ceux qui recherchent une solution gratuite, mais il peut ne pas \u00eatre aussi approfondi que des logiciels payants comme Disk Drill.<\/p>\n<p><b>Conclusion :<\/b> Recuva est une alternative \u00e9conomique qui peut g\u00e9rer efficacement les t\u00e2ches de r\u00e9cup\u00e9ration simples.<\/p>\n<h3>M\u00e9thode 3 : PhotoRec &#x1F4F7;<\/h3>\n<ul>\n<li>T\u00e9l\u00e9chargez PhotoRec depuis le site officiel : <a href='https:\/\/www.cgsecurity.org\/wiki\/PhotoRec' rel=\"nofollow noopener\" target='_blank'>https:\/\/www.cgsecurity.org\/wiki\/PhotoRec<\/a>.<\/li>\n<li>Extrayez et ex\u00e9cutez PhotoRec ; vous serez accueilli par une <b>interface en ligne de commande<\/b>.<\/li>\n<li>S\u00e9lectionnez le disque effac\u00e9 et choisissez le type de <b>table de partition<\/b>, puis proc\u00e9dez au scan.<\/li>\n<li>Naviguez dans le syst\u00e8me de fichiers et s\u00e9lectionnez o\u00f9 sauvegarder les donn\u00e9es r\u00e9cup\u00e9r\u00e9es.<\/li>\n<li>Laissez PhotoRec faire sa magie en r\u00e9cup\u00e9rant autant de fichiers que possible.<\/li>\n<\/ul>\n<p><b>Note :<\/b> PhotoRec est puissant mais pr\u00e9sente une courbe d&rsquo;apprentissage plus abrupte en raison de sa nature en ligne de commande.<\/p>\n<p><b>Conclusion :<\/b> PhotoRec est une solution robuste et open-source pour ceux qui sont \u00e0 l&rsquo;aise avec les op\u00e9rations en ligne de commande.<\/p>\n<h3>M\u00e9thode 4 : Utiliser Windows File Recovery &#x1F5A5;<\/h3>\n<ul>\n<li>Assurez-vous d&rsquo;utiliser <b>Windows 10<\/b>, version 2004 ou ult\u00e9rieure. T\u00e9l\u00e9chargez <b>Windows File Recovery<\/b> depuis le Microsoft Store.<\/li>\n<li>Ouvrez l&rsquo;Invite de commande en tant qu&rsquo;administrateur et tapez <i>&lsquo;winfr&rsquo;<\/i>.<\/li>\n<li>Choisissez les disques source et de destination et sp\u00e9cifiez le <b>mode<\/b> : r\u00e9gulier ou \u00e9tendu.<\/li>\n<li>Suivez les instructions \u00e0 l&rsquo;\u00e9cran pour compl\u00e9ter le processus de r\u00e9cup\u00e9ration.<\/li>\n<li>V\u00e9rifiez le dossier de destination pour vos fichiers r\u00e9cup\u00e9r\u00e9s.<\/li>\n<\/ul>\n<p><b>Note :<\/b> Cette m\u00e9thode n&rsquo;est disponible que sur les versions plus r\u00e9centes de Windows, et le succ\u00e8s varie en fonction de la quantit\u00e9 de nouvelles donn\u00e9es \u00e9crites sur le disque.<\/p>\n<p><b>Conclusion :<\/b> Windows File Recovery est une option utile et sans co\u00fbt pour les utilisateurs ayant la bonne version de Windows.<\/p>\n<h3>M\u00e9thode 5 : Engager un service professionnel de r\u00e9cup\u00e9ration de donn\u00e9es &#x1F50E;<\/h3>\n<ul>\n<li>Recherchez des <b>services de r\u00e9cup\u00e9ration de donn\u00e9es r\u00e9put\u00e9s<\/b> comme DriveSavers ou Secure Data Recovery.<\/li>\n<li>Contactez le service et fournissez des d\u00e9tails sur votre disque dur et la situation de perte de donn\u00e9es.<\/li>\n<li>Suivez leurs instructions pour envoyer votre disque dur.<\/li>\n<li>Attendez le rapport de diagnostic et d\u00e9cidez de poursuivre ou non la r\u00e9cup\u00e9ration en fonction de leur estimation de succ\u00e8s et du co\u00fbt.<\/li>\n<li>Une fois r\u00e9cup\u00e9r\u00e9es, le service vous retournera vos donn\u00e9es sur un nouveau dispositif de stockage.<\/li>\n<\/ul>\n<p><b>Note :<\/b> Les services professionnels peuvent \u00eatre co\u00fbteux mais offrent la plus grande chance de r\u00e9cup\u00e9ration pour des disques gravement endommag\u00e9s.<\/p>\n<p><b>Conclusion :<\/b> Pour des donn\u00e9es inestimables ou hautement sensibles, un service professionnel de r\u00e9cup\u00e9ration de donn\u00e9es peut valoir le co\u00fbt suppl\u00e9mentaire.<\/p>\n<\/section>\n<section>\n<div>\n<div>3<\/div>\n<h2>Vid\u00e9o Youtube \u00e0 regarder<\/h2>\n<\/div>\n<div class=\"iframe\"><iframe width=\"420\" height=\"315\" src=\"\/\/www.youtube.com\/embed\/4ZlvHsjvQT4\" frameborder=\"0\" allowfullscreen><\/iframe><\/div>\n<\/section>\n<section>\n<div>\n<div>4<\/div>\n<h2>Pr\u00e9cautions et conseils :<\/h2>\n<\/div>\n<h3>Pr\u00e9vention de la perte de donn\u00e9es &#x1F6E1;<\/h3>\n<ul>\n<li><b>Sauvegardes r\u00e9guli\u00e8res<\/b> sur un disque externe ou un service cloud pour \u00e9viter le besoin de r\u00e9cup\u00e9ration de donn\u00e9es.<\/li>\n<li>Utilisez les <b>outils de gestion de disque<\/b> avec prudence et v\u00e9rifiez toujours deux fois avant de formater ou de nettoyer un disque.<\/li>\n<li>Restez vigilant contre les <b>logiciels malveillants<\/b> en mettant \u00e0 jour votre logiciel antivirus et en \u00e9vitant les t\u00e9l\u00e9chargements ou les sites web suspects.<\/li>\n<\/ul>\n<h3>R\u00e9cup\u00e9ration imm\u00e9diate &#x23F3;<\/h3>\n<ul>\n<li>Plus vous essayez de r\u00e9cup\u00e9rer des donn\u00e9es apr\u00e8s leur suppression, meilleures sont les chances de succ\u00e8s.<\/li>\n<li>\u00c9vitez d&rsquo;utiliser le disque dur affect\u00e9 pour emp\u00eacher que de nouvelles donn\u00e9es <b>\u00e9crasent<\/b> les fichiers perdus.<\/li>\n<li>Essayez plusieurs <b>outils de r\u00e9cup\u00e9ration de donn\u00e9es<\/b> si l&rsquo;un ne donne pas les r\u00e9sultats escompt\u00e9s.<\/li>\n<\/ul>\n<\/section>\n<section>\n<div>\n<div>5<\/div>\n<h2>Approfondissements<\/h2>\n<\/div>\n<p>La technologie de r\u00e9cup\u00e9ration de donn\u00e9es repose sur le fait que lorsque des fichiers sont supprim\u00e9s, ils ne sont pas imm\u00e9diatement retir\u00e9s du support de stockage. Au lieu de cela, l&rsquo;espace qu&rsquo;ils occupent est marqu\u00e9 comme &lsquo;libre&rsquo; pour les nouvelles donn\u00e9es. Jusqu&rsquo;\u00e0 ce que de nouvelles donn\u00e9es \u00e9crasent les anciennes, il y a une fen\u00eatre d&rsquo;opportunit\u00e9 pour la r\u00e9cup\u00e9ration. C&rsquo;est pourquoi il est crucial de ne pas utiliser le disque dur apr\u00e8s la perte; chaque action sur le disque pourrait potentiellement \u00e9craser les donn\u00e9es que vous essayez de sauver.<\/p>\n<p>Le type de syst\u00e8me de fichiers joue \u00e9galement un r\u00f4le crucial dans la r\u00e9cup\u00e9ration des donn\u00e9es. Des syst\u00e8mes de fichiers comme FAT, exFAT ou NTFS g\u00e8rent les donn\u00e9es diff\u00e9remment, ce qui peut influencer les r\u00e9sultats de la r\u00e9cup\u00e9ration. Comprendre cela peut vous guider dans le choix du bon outil et de la m\u00e9thode de r\u00e9cup\u00e9ration.<\/p>\n<p>En ce qui concerne les disques qui ont \u00e9t\u00e9 format\u00e9s, l&rsquo;option <b>Formatage rapide<\/b> supprime simplement la table des fichiers, mais un <b>Formatage complet<\/b> (disponible sur Windows) peut \u00e9craser toutes les donn\u00e9es, rendant la r\u00e9cup\u00e9ration beaucoup plus difficile. Il est crucial de conna\u00eetre la diff\u00e9rence et d&rsquo;agir en cons\u00e9quence lors de la tentative de restauration des fichiers.<\/p>\n<p>Lorsque vous utilisez des outils comme Disk Drill ou Recuva, rappelez-vous qu&rsquo;ils proposent souvent diff\u00e9rents modes de balayage. Un scan rapide peut suffire pour des fichiers r\u00e9cemment supprim\u00e9s, mais pour un disque effac\u00e9, l&rsquo;utilisation de modes complets tels que le Scan approfondi est pr\u00e9f\u00e9rable.<\/p>\n<p>Pour les utilisateurs qui ne sont pas \u00e0 l&rsquo;aise avec l&rsquo;utilisation d&rsquo;outils de r\u00e9cup\u00e9ration bas\u00e9s sur des logiciels, il peut \u00eatre plus appropri\u00e9 de consulter un service professionnel. Ces services utilisent du mat\u00e9riel sp\u00e9cialis\u00e9 et des environnements contr\u00f4l\u00e9s pour maximiser les chances de r\u00e9cup\u00e9ration des donn\u00e9es. Des entreprises comme <a href='https:\/\/www.drivesaversdatarecovery.com\/' rel=\"nofollow noopener\" target='_blank'>DriveSavers<\/a> et <a href='https:\/\/www.securedatarecovery.com\/' rel=\"nofollow noopener\" target='_blank'>Secure Data Recovery<\/a> sont r\u00e9put\u00e9es pour leur expertise et leurs mesures de s\u00e9curit\u00e9 dans la manipulation des donn\u00e9es sensibles.<\/p>\n<\/section>\n<section>\n<h2>Conclusion :<\/h2>\n<div class=\"nonp\">Subir une perte de donn\u00e9es \u00e0 la suite d&rsquo;un disque dur effac\u00e9 est une \u00e9preuve difficile, mais avec les outils et les m\u00e9thodes appropri\u00e9s, il est possible de r\u00e9cup\u00e9rer ces octets perdus. Des options logicielles puissantes comme <b>Disk Drill<\/b> et <b>Recuva<\/b> aux solutions plus avanc\u00e9es telles que le recours \u00e0 des services professionnels de r\u00e9cup\u00e9ration de donn\u00e9es, il existe souvent un moyen de r\u00e9cup\u00e9rer vos fichiers. Rappelez-vous, plus vous agissez rapidement et moins vous utilisez le disque apr\u00e8s la suppression, meilleures sont vos chances de r\u00e9cup\u00e9ration r\u00e9ussie. Maintenez toujours des sauvegardes r\u00e9guli\u00e8res, restez prudent lors de la gestion des disques, et restez \u00e0 jour pour att\u00e9nuer les pertes de donn\u00e9es futures. Avec ces pratiques et ressources, vous \u00eates bien \u00e9quip\u00e9 pour faire face \u00e0 tout d\u00e9fi de r\u00e9cup\u00e9ration de donn\u00e9es.<\/div>\n<\/section>\n","protected":false},"excerpt":{"rendered":"<p>Comment r\u00e9cup\u00e9rer des fichiers supprim\u00e9s d&rsquo;un disque dur effac\u00e9 Perdre des fichiers importants peut \u00eatre une source de stress consid\u00e9rable, mais ce n&rsquo;est pas toujours sans espoir. M\u00eame si vous avez compl\u00e8tement effac\u00e9 votre disque dur, il reste un espoir de r\u00e9cup\u00e9rer ces pr\u00e9cieux fichiers. J&rsquo;ai personnellement \u00e9t\u00e9 confront\u00e9 \u00e0 cette \u00e9preuve intimidante et trouv\u00e9 [&hellip;]<\/p>\n","protected":false},"author":0,"featured_media":45152,"parent":0,"menu_order":0,"comment_status":"closed","ping_status":"closed","template":"chromecast.php","meta":{"_stopmodifiedupdate":false,"_modified_date":"","_lmt_disableupdate":"","_lmt_disable":""},"acf":[],"yoast_head":"<!-- This site is optimized with the Yoast SEO plugin v20.9 - https:\/\/yoast.com\/wordpress\/plugins\/seo\/ -->\n<title>Comment r\u00e9cup\u00e9rer des fichiers supprim\u00e9s d&#039;un disque dur apr\u00e8s formatage : Meilleures m\u00e9thodes<\/title>\n<meta name=\"robots\" content=\"index, follow, max-snippet:-1, max-image-preview:large, max-video-preview:-1\" \/>\n<link rel=\"canonical\" href=\"https:\/\/datarecovery.ping.fm\/fr\/wiped-hard-drive-recovery\/\" \/>\n<meta property=\"og:locale\" content=\"fr_FR\" \/>\n<meta property=\"og:type\" content=\"article\" \/>\n<meta property=\"og:title\" content=\"Comment r\u00e9cup\u00e9rer des fichiers supprim\u00e9s d&#039;un disque dur apr\u00e8s formatage : Meilleures m\u00e9thodes\" \/>\n<meta property=\"og:description\" content=\"Comment r\u00e9cup\u00e9rer des fichiers supprim\u00e9s d&rsquo;un disque dur effac\u00e9 Perdre des fichiers importants peut \u00eatre une source de stress consid\u00e9rable, mais ce n&rsquo;est pas toujours sans espoir. M\u00eame si vous avez compl\u00e8tement effac\u00e9 votre disque dur, il reste un espoir de r\u00e9cup\u00e9rer ces pr\u00e9cieux fichiers. J&rsquo;ai personnellement \u00e9t\u00e9 confront\u00e9 \u00e0 cette \u00e9preuve intimidante et trouv\u00e9 [&hellip;]\" \/>\n<meta property=\"og:url\" content=\"https:\/\/datarecovery.ping.fm\/fr\/wiped-hard-drive-recovery\/\" \/>\n<meta property=\"og:site_name\" content=\"Logiciel de r\u00e9cup\u00e9ration de donn\u00e9es\" \/>\n<meta property=\"article:modified_time\" content=\"2024-02-16T08:53:50+00:00\" \/>\n<meta property=\"og:image\" content=\"https:\/\/datarecovery.ping.fm\/wp-content\/uploads\/2024\/04\/How-to-Recover-Deleted-Files-from-Wiped-Hard-Drive-French.jpg\" \/>\n\t<meta property=\"og:image:width\" content=\"1280\" \/>\n\t<meta property=\"og:image:height\" content=\"731\" \/>\n\t<meta property=\"og:image:type\" content=\"image\/jpeg\" \/>\n<meta name=\"twitter:card\" content=\"summary_large_image\" \/>\n<meta name=\"twitter:label1\" content=\"Est. reading time\" \/>\n\t<meta name=\"twitter:data1\" content=\"8 minutes\" \/>\n<script type=\"application\/ld+json\" class=\"yoast-schema-graph\">{\"@context\":\"https:\/\/schema.org\",\"@graph\":[{\"@type\":\"WebPage\",\"@id\":\"https:\/\/datarecovery.ping.fm\/fr\/wiped-hard-drive-recovery\/\",\"url\":\"https:\/\/datarecovery.ping.fm\/fr\/wiped-hard-drive-recovery\/\",\"name\":\"Comment r\u00e9cup\u00e9rer des fichiers supprim\u00e9s d'un disque dur apr\u00e8s formatage : Meilleures m\u00e9thodes\",\"isPartOf\":{\"@id\":\"https:\/\/datarecovery.ping.fm\/fr\/#website\"},\"datePublished\":\"2023-12-25T15:46:11+00:00\",\"dateModified\":\"2024-02-16T08:53:50+00:00\",\"breadcrumb\":{\"@id\":\"https:\/\/datarecovery.ping.fm\/fr\/wiped-hard-drive-recovery\/#breadcrumb\"},\"inLanguage\":\"fr-FR\",\"potentialAction\":[{\"@type\":\"ReadAction\",\"target\":[\"https:\/\/datarecovery.ping.fm\/fr\/wiped-hard-drive-recovery\/\"]}]},{\"@type\":\"BreadcrumbList\",\"@id\":\"https:\/\/datarecovery.ping.fm\/fr\/wiped-hard-drive-recovery\/#breadcrumb\",\"itemListElement\":[{\"@type\":\"ListItem\",\"position\":1,\"name\":\"Home\",\"item\":\"https:\/\/datarecovery.ping.fm\/fr\/\"},{\"@type\":\"ListItem\",\"position\":2,\"name\":\"Comment r\u00e9cup\u00e9rer des fichiers supprim\u00e9s d&rsquo;un disque dur apr\u00e8s que les donn\u00e9es ont \u00e9t\u00e9 effac\u00e9es\"}]},{\"@type\":\"WebSite\",\"@id\":\"https:\/\/datarecovery.ping.fm\/fr\/#website\",\"url\":\"https:\/\/datarecovery.ping.fm\/fr\/\",\"name\":\"Logiciel de r\u00e9cup\u00e9ration de donn\u00e9es\",\"description\":\"\",\"potentialAction\":[{\"@type\":\"SearchAction\",\"target\":{\"@type\":\"EntryPoint\",\"urlTemplate\":\"https:\/\/datarecovery.ping.fm\/fr\/?s={search_term_string}\"},\"query-input\":\"required name=search_term_string\"}],\"inLanguage\":\"fr-FR\"}]}<\/script>\n<!-- \/ Yoast SEO plugin. -->","yoast_head_json":{"title":"Comment r\u00e9cup\u00e9rer des fichiers supprim\u00e9s d'un disque dur apr\u00e8s formatage : Meilleures m\u00e9thodes","robots":{"index":"index","follow":"follow","max-snippet":"max-snippet:-1","max-image-preview":"max-image-preview:large","max-video-preview":"max-video-preview:-1"},"canonical":"https:\/\/datarecovery.ping.fm\/fr\/wiped-hard-drive-recovery\/","og_locale":"fr_FR","og_type":"article","og_title":"Comment r\u00e9cup\u00e9rer des fichiers supprim\u00e9s d'un disque dur apr\u00e8s formatage : Meilleures m\u00e9thodes","og_description":"Comment r\u00e9cup\u00e9rer des fichiers supprim\u00e9s d&rsquo;un disque dur effac\u00e9 Perdre des fichiers importants peut \u00eatre une source de stress consid\u00e9rable, mais ce n&rsquo;est pas toujours sans espoir. M\u00eame si vous avez compl\u00e8tement effac\u00e9 votre disque dur, il reste un espoir de r\u00e9cup\u00e9rer ces pr\u00e9cieux fichiers. J&rsquo;ai personnellement \u00e9t\u00e9 confront\u00e9 \u00e0 cette \u00e9preuve intimidante et trouv\u00e9 [&hellip;]","og_url":"https:\/\/datarecovery.ping.fm\/fr\/wiped-hard-drive-recovery\/","og_site_name":"Logiciel de r\u00e9cup\u00e9ration de donn\u00e9es","article_modified_time":"2024-02-16T08:53:50+00:00","og_image":[{"width":1280,"height":731,"url":"https:\/\/datarecovery.ping.fm\/wp-content\/uploads\/2024\/04\/How-to-Recover-Deleted-Files-from-Wiped-Hard-Drive-French.jpg","type":"image\/jpeg"}],"twitter_card":"summary_large_image","twitter_misc":{"Est. reading time":"8 minutes"},"schema":{"@context":"https:\/\/schema.org","@graph":[{"@type":"WebPage","@id":"https:\/\/datarecovery.ping.fm\/fr\/wiped-hard-drive-recovery\/","url":"https:\/\/datarecovery.ping.fm\/fr\/wiped-hard-drive-recovery\/","name":"Comment r\u00e9cup\u00e9rer des fichiers supprim\u00e9s d'un disque dur apr\u00e8s formatage : Meilleures m\u00e9thodes","isPartOf":{"@id":"https:\/\/datarecovery.ping.fm\/fr\/#website"},"datePublished":"2023-12-25T15:46:11+00:00","dateModified":"2024-02-16T08:53:50+00:00","breadcrumb":{"@id":"https:\/\/datarecovery.ping.fm\/fr\/wiped-hard-drive-recovery\/#breadcrumb"},"inLanguage":"fr-FR","potentialAction":[{"@type":"ReadAction","target":["https:\/\/datarecovery.ping.fm\/fr\/wiped-hard-drive-recovery\/"]}]},{"@type":"BreadcrumbList","@id":"https:\/\/datarecovery.ping.fm\/fr\/wiped-hard-drive-recovery\/#breadcrumb","itemListElement":[{"@type":"ListItem","position":1,"name":"Home","item":"https:\/\/datarecovery.ping.fm\/fr\/"},{"@type":"ListItem","position":2,"name":"Comment r\u00e9cup\u00e9rer des fichiers supprim\u00e9s d&rsquo;un disque dur apr\u00e8s que les donn\u00e9es ont \u00e9t\u00e9 effac\u00e9es"}]},{"@type":"WebSite","@id":"https:\/\/datarecovery.ping.fm\/fr\/#website","url":"https:\/\/datarecovery.ping.fm\/fr\/","name":"Logiciel de r\u00e9cup\u00e9ration de donn\u00e9es","description":"","potentialAction":[{"@type":"SearchAction","target":{"@type":"EntryPoint","urlTemplate":"https:\/\/datarecovery.ping.fm\/fr\/?s={search_term_string}"},"query-input":"required name=search_term_string"}],"inLanguage":"fr-FR"}]}},"_links":{"self":[{"href":"https:\/\/datarecovery.ping.fm\/fr\/wp-json\/wp\/v2\/pages\/13924"}],"collection":[{"href":"https:\/\/datarecovery.ping.fm\/fr\/wp-json\/wp\/v2\/pages"}],"about":[{"href":"https:\/\/datarecovery.ping.fm\/fr\/wp-json\/wp\/v2\/types\/page"}],"replies":[{"embeddable":true,"href":"https:\/\/datarecovery.ping.fm\/fr\/wp-json\/wp\/v2\/comments?post=13924"}],"version-history":[{"count":1,"href":"https:\/\/datarecovery.ping.fm\/fr\/wp-json\/wp\/v2\/pages\/13924\/revisions"}],"predecessor-version":[{"id":36041,"href":"https:\/\/datarecovery.ping.fm\/fr\/wp-json\/wp\/v2\/pages\/13924\/revisions\/36041"}],"wp:featuredmedia":[{"embeddable":true,"href":"https:\/\/datarecovery.ping.fm\/fr\/wp-json\/wp\/v2\/media\/45152"}],"wp:attachment":[{"href":"https:\/\/datarecovery.ping.fm\/fr\/wp-json\/wp\/v2\/media?parent=13924"}],"curies":[{"name":"wp","href":"https:\/\/api.w.org\/{rel}","templated":true}]}}