{"id":13791,"date":"2024-01-05T10:57:58","date_gmt":"2024-01-05T10:57:58","guid":{"rendered":"https:\/\/www.ping.fm\/data-recovery-software\/recover-deleted-video-from-sd-card\/"},"modified":"2024-02-16T08:53:49","modified_gmt":"2024-02-16T08:53:49","slug":"recover-deleted-video-from-sd-card","status":"publish","type":"page","link":"https:\/\/datarecovery.ping.fm\/fr\/recover-deleted-video-from-sd-card\/","title":{"rendered":"Comment r\u00e9cup\u00e9rer des vid\u00e9os supprim\u00e9es sur une carte SD en 2024"},"content":{"rendered":"<section>\n<h1>Comment r\u00e9cup\u00e9rer des vid\u00e9os supprim\u00e9es d&rsquo;une carte SD en 2024<\/h1>\n<div class=\"inbrief\">\n<div>&#13;             <img decoding=\"async\" class=\"lazyload\"  srcset=\"data:image\/png;base64,iVBORw0KGgoAAAANSUhEUgAABLAAAAKkAQMAAAAqeFQ7AAAAA3NCSVQICAjb4U\/gAAAABlBMVEX\/\/\/\/\/\/\/9VfPVsAAAAAnRSTlMA\/1uRIrUAAAAJcEhZcwAACxIAAAsSAdLdfvwAAAAcdEVYdFNvZnR3YXJlAEFkb2JlIEZpcmV3b3JrcyBDUzbovLKMAAAAFnRFWHRDcmVhdGlvbiBUaW1lADAxLzI5LzE536V52wAAAHpJREFUeJztwQENAAAAwqD3T20ON6AAAAAAAAAAAAAAAAAAAAAAAAAAAAAAAAAAAAAAAAAAAAAAAAAAAAAAAAAAAAAAAAAAAAAAAAAAAAAAAAAAAAAAAAAAAAAAAAAAAAAAAAAAAAAAAAAAAAAAAAAAAAAAAAAAAIAHA47LAAHp9LjEAAAAAElFTkSuQmCC\" src=\"https:\/\/www.ping.fm\/data-recovery-software\/wp-content\/uploads\/ai\/How-to-Recover-Deleted-Videos-from-an-SD-Card-in-2024-French.jpg\" data-srcset=\"https:\/\/www.ping.fm\/data-recovery-software\/wp-content\/uploads\/ai\/How-to-Recover-Deleted-Videos-from-an-SD-Card-in-2024-French.jpg\" data-lazy-type=\"image\" data-original=\"https:\/\/www.ping.fm\/data-recovery-software\/wp-content\/uploads\/ai\/How-to-Recover-Deleted-Videos-from-an-SD-Card-in-2024-French.jpg\" alt=\"Comment r\u00e9cup\u00e9rer des vid\u00e9os supprim\u00e9es d'une carte SD en 2024\" title=\"Comment r\u00e9cup\u00e9rer des vid\u00e9os supprim\u00e9es d'une carte SD en 2024\" width=\"1280\" height=\"720\">&#13;             <\/p>\n<p>Vous est-il d\u00e9j\u00e0 arriv\u00e9 de vivre ce moment o\u00f9 vos vid\u00e9os cruciales disparaissent de votre carte SD ? Je connais la panique qui s&rsquo;ensuit, car je me suis retrouv\u00e9 dans cette situation redout\u00e9e plus de fois que je ne souhaite l&rsquo;admettre. Apr\u00e8s quelques essais et erreurs, j&rsquo;ai ma\u00eetris\u00e9 quelques astuces pour r\u00e9cup\u00e9rer ces pr\u00e9cieux souvenirs num\u00e9riques. Dans cet article, je vais vous guider \u00e0 travers les m\u00e9thodes efficaces de <b>r\u00e9cup\u00e9ration de vid\u00e9os sur les cartes SD<\/b>, en me basant sur mon exp\u00e9rience personnelle, en particulier pour une <a href=\"https:\/\/7datarecovery.com\/blog\/recover-formatted-sd-card\/\" rel=\"dofollow external noopener noreferrer\" target=\"_blank\" data-wpel-link=\"external\">carte SD format\u00e9e<\/a>. Comme la perte de donn\u00e9es peut arriver \u00e0 tout le monde, \u00e0 tout moment, il est essentiel de conna\u00eetre les \u00e9tapes de r\u00e9cup\u00e9ration ou de se pr\u00e9parer pour \u00e9viter un \u00e9ventuel d\u00e9sastre.<\/p>\n<\/div>\n<\/div>\n<\/section>\n<p>&#13;             <\/p>\n<section>\n<div>\n<div>1<\/div>\n<h2>Sc\u00e9narios communs :<\/h2>\n<\/div>\n<h3>Suppression Accidentelle &#128465;<\/h3>\n<ul>\n<li>Bien que je fasse attention, il m&rsquo;est parfois arriv\u00e9 de supprimer accidentellement des vid\u00e9os de ma <b>carte SD<\/b> en essayant de lib\u00e9rer de l&rsquo;espace ou d&rsquo;organiser des fichiers.<\/li>\n<\/ul>\n<h3>Erreurs de formatage &#128165;<\/h3>\n<ul>\n<li>Il y a eu des cas o\u00f9 j&rsquo;ai d\u00fb formater ma carte SD \u00e0 cause d&rsquo;erreurs, entra\u00eenant la perte de toutes les vid\u00e9os stock\u00e9es, y compris certaines que je n&rsquo;avais pas encore sauvegard\u00e9es.<\/li>\n<\/ul>\n<h3>Dommages physiques &#9748;<\/h3>\n<ul>\n<li>Il m&rsquo;est parfois arriv\u00e9 d&rsquo;\u00eatre pris dans un orage, et ma carte SD a subi des <b>d\u00e9g\u00e2ts des eaux<\/b> en cons\u00e9quence, mettant en p\u00e9ril la visibilit\u00e9 des vid\u00e9os stock\u00e9es \u00e0 l&rsquo;int\u00e9rieur.<\/li>\n<\/ul>\n<\/section>\n<p>&#13;             <\/p>\n<section class=\"stepByStep\">\n<div>\n<div>2<\/div>\n<h2>Guide \u00e9tape par \u00e9tape. R\u00e9cup\u00e9rer la vid\u00e9o supprim\u00e9e de la carte SD :<\/h2>\n<\/div>\n<h3>M\u00e9thode 1 : Utilisation d&rsquo;un logiciel de r\u00e9cup\u00e9ration &#128421;<\/h3>\n<ul>\n<li><b>T\u00e9l\u00e9chargez et installez<\/b> un <b>logiciel de r\u00e9cup\u00e9ration de donn\u00e9es<\/b> fiable.<\/li>\n<li>Lancez le logiciel et <b>s\u00e9lectionnez la carte SD<\/b> comme cible pour la r\u00e9cup\u00e9ration.<\/li>\n<li>Choisissez le type de fichier &lsquo;Vid\u00e9o&rsquo; pour un scan plus cibl\u00e9 et commencez le <b>processus de scan<\/b>.<\/li>\n<li>V\u00e9rifiez les <b>vid\u00e9os trouv\u00e9es<\/b> et s\u00e9lectionnez celles que vous souhaitez r\u00e9cup\u00e9rer.<\/li>\n<li>Choisissez un <b>emplacement s\u00fbr<\/b> sur votre ordinateur pour <b>enregistrer les vid\u00e9os r\u00e9cup\u00e9r\u00e9es<\/b>.<\/li>\n<\/ul>\n<p><b>Note :<\/b> Assurez-vous de sauvegarder les fichiers r\u00e9cup\u00e9r\u00e9s sur un disque diff\u00e9rent pour \u00e9viter d&rsquo;\u00e9craser des donn\u00e9es potentiellement r\u00e9cup\u00e9rables.<\/p>\n<p><b>Conclusion :<\/b> En utilisant un logiciel de r\u00e9cup\u00e9ration, j&rsquo;ai pu r\u00e9cup\u00e9rer la plupart des vid\u00e9os perdues de ma carte SD format\u00e9e.<\/p>\n<h3>M\u00e9thode 2 : V\u00e9rification de la corbeille &#128465;<\/h3>\n<ul>\n<li>Ouvrez la <b>Corbeille<\/b> ou le <b>Bac de recyclage<\/b> sur votre ordinateur.<\/li>\n<li>Recherchez les <b>fichiers vid\u00e9o r\u00e9cemment supprim\u00e9s<\/b> qui auraient \u00e9t\u00e9 stock\u00e9s sur la carte SD.<\/li>\n<li>S\u00e9lectionnez les vid\u00e9os souhait\u00e9es et <b>restaurez-les<\/b> \u00e0 leur emplacement d&rsquo;origine.<\/li>\n<\/ul>\n<p><b>Note :<\/b> Cette m\u00e9thode fonctionne uniquement si la carte SD \u00e9tait connect\u00e9e \u00e0 un ordinateur et que les fichiers ont \u00e9t\u00e9 supprim\u00e9s en utilisant le syst\u00e8me d&rsquo;exploitation de l&rsquo;ordinateur.<\/p>\n<p><b>Conclusion :<\/b> Heureusement, j&rsquo;ai parfois trouv\u00e9 ici des vid\u00e9os que j&rsquo;avais supprim\u00e9es pr\u00e9cipitamment.<\/p>\n<h3>M\u00e9thode 3 : Utilisation de l&rsquo;Invite de commandes &#128187;<\/h3>\n<ul>\n<li>Ins\u00e9rez la carte SD dans le lecteur de carte de votre ordinateur.<\/li>\n<li>Ouvrez l&rsquo;<b>Invite de commandes<\/b> en tant qu&rsquo;administrateur.<\/li>\n<li>Tapez <i>chkdsk [lettre du lecteur] : \/f<\/i> et appuyez sur Entr\u00e9e.<\/li>\n<li>Attendez que le processus trouve et r\u00e9pare les \u00e9ventuelles <b>erreurs de syst\u00e8me de fichiers<\/b>.<\/li>\n<\/ul>\n<p><b>Note :<\/b> Remplacez [lettre du lecteur] par la lettre r\u00e9ellement attribu\u00e9e \u00e0 votre carte SD.<\/p>\n<p><b>Conclusion :<\/b> Cette m\u00e9thode a parfois aid\u00e9 \u00e0 rendre \u00e0 nouveau visibles des vid\u00e9os apparemment perdues.<\/p>\n<h3>M\u00e9thode 4 : Services de r\u00e9cup\u00e9ration de donn\u00e9es professionnels &#128736;<\/h3>\n<ul>\n<li>Identifiez un <b>service de r\u00e9cup\u00e9ration de donn\u00e9es de bonne r\u00e9putation<\/b> pr\u00e8s de chez vous ou en ligne.<\/li>\n<li>Envoyez ou apportez votre carte SD pour un <b>diagnostic<\/b> afin de voir si la r\u00e9cup\u00e9ration est possible.<\/li>\n<li>Si faisable, proc\u00e9dez avec le <b>service de r\u00e9cup\u00e9ration<\/b> en esp\u00e9rant le meilleur.<\/li>\n<\/ul>\n<p><b>Note :<\/b> Cette option peut \u00eatre co\u00fbteuse et doit \u00eatre envisag\u00e9e si les vid\u00e9os sont d&rsquo;une grande importance et si les autres m\u00e9thodes \u00e9chouent.<\/p>\n<p><b>Conclusion :<\/b> Les services professionnels ont sauv\u00e9 certains de mes films les plus pr\u00e9cieux lorsque tout le reste a \u00e9chou\u00e9.<\/p>\n<h3>M\u00e9thode 5 : V\u00e9rification des fichiers cach\u00e9s &#128373;<\/h3>\n<ul>\n<li>Connectez votre carte SD \u00e0 votre ordinateur.<\/li>\n<li>Naviguez dans le r\u00e9pertoire de la carte SD et <b>s\u00e9lectionnez &lsquo;Affichage&rsquo;<\/b> dans la barre de menu.<\/li>\n<li>Cochez l&rsquo;option <b>&lsquo;Afficher les fichiers, dossiers et lecteurs cach\u00e9s&rsquo;<\/b>.<\/li>\n<li>Cherchez les fichiers qui pourraient avoir \u00e9t\u00e9 cach\u00e9s en raison d&rsquo;une erreur ou d&rsquo;un virus.<\/li>\n<\/ul>\n<p><b>Note :<\/b> Parfois, les fichiers vid\u00e9o sont cach\u00e9s pour diverses raisons et la v\u00e9rification des fichiers cach\u00e9s peut les r\u00e9v\u00e9ler.<\/p>\n<p><b>Conclusion :<\/b> Une m\u00e9thode simple qui a parfois permis de retrouver des vid\u00e9os que je pensais avoir perdues \u00e0 cause d&rsquo;un virus.<\/p>\n<\/section>\n<section>\n<div>\n<div>3<\/div>\n<h2>Vid\u00e9o Youtube \u00e0 regarder<\/h2>\n<\/div>\n<div class=\"iframe\"><span class=\"lazyload\" data-original_content=\"PGlmcmFtZSB3aWR0aD0iNDIwIiBoZWlnaHQ9IjMxNSIgc3JjPSIvL3d3dy55b3V0dWJlLmNvbS9lbWJlZC9TTXN3Si1LcnlCTSIgZnJhbWVib3JkZXI9IjAiIGFsbG93ZnVsbHNjcmVlbj48L2lmcmFtZT4=\"><\/span><\/div>\n<\/section>\n<section>\n<div>\n<div>4<\/div>\n<h2>Pr\u00e9cautions et conseils :<\/h2>\n<\/div>\n<h3>Manipulation d\u00e9licate &#129330;<\/h3>\n<ul>\n<li>\u00c9vitez d&rsquo;exposer la carte SD aux <b>champs magn\u00e9tiques<\/b>, \u00e0 la chaleur ou \u00e0 l&rsquo;eau pour maintenir son int\u00e9grit\u00e9.<\/li>\n<li>Expulsez toujours la carte SD en toute s\u00e9curit\u00e9 des appareils pour \u00e9viter la corruption des donn\u00e9es.<\/li>\n<li>Gardez votre carte SD dans un \u00e9tui de protection lorsqu&rsquo;elle n&rsquo;est pas utilis\u00e9e pour <b>\u00e9viter les dommages physiques<\/b>.<\/li>\n<\/ul>\n<h3>Sauvegardes r\u00e9guli\u00e8res &#128190;<\/h3>\n<ul>\n<li>Cr\u00e9ez une routine pour sauvegarder vos vid\u00e9os sur <b>plusieurs supports de stockage<\/b> ou des services cloud.<\/li>\n<li>Envisagez des <b>solutions de sauvegarde automatis\u00e9es<\/b> pour garantir que vous n&rsquo;oubliez jamais.<\/li>\n<li>V\u00e9rifiez r\u00e9guli\u00e8rement l&rsquo;\u00e9tat de vos sauvegardes pour vous assurer qu&rsquo;elles ne sont pas corrompues.<\/li>\n<\/ul>\n<\/section>\n<section>\n<div>\n<div>5<\/div>\n<h2>Prot\u00e9ger les souvenirs<\/h2>\n<\/div>\n<p>On ne peut jamais \u00eatre trop prudent lorsqu&rsquo;il s&rsquo;agit de pr\u00e9server des souvenirs num\u00e9riques. Il est vital de se renseigner sur la maintenance des cartes SD pour \u00e9viter la perte de vid\u00e9os. Un formatage r\u00e9gulier de la carte SD dans l&rsquo;appareil photo, et non sur l&rsquo;ordinateur, peut aider \u00e0 maintenir son \u00e9tat optimal, car les appareils photo ont une mani\u00e8re sp\u00e9cifique de pr\u00e9parer le syst\u00e8me de fichiers pour le stockage.<\/p>\n<p>Il est \u00e9galement crucial de conna\u00eetre les erreurs courantes telles que l&rsquo;erreur &lsquo;protection en \u00e9criture&rsquo;. Si vous rencontrez ce probl\u00e8me, v\u00e9rifiez le commutateur de verrouillage sur le c\u00f4t\u00e9 de votre carte SD. S&rsquo;il a \u00e9t\u00e9 accidentellement gliss\u00e9 en position de verrouillage, votre appareil photo ou ordinateur ne pourra pas \u00e9crire de donn\u00e9es dessus, ce qui pourrait emp\u00eacher l&rsquo;enregistrement de vid\u00e9os. R\u00e9solvez l&rsquo;erreur en faisant glisser le commutateur en position de d\u00e9verrouillage.<\/p>\n<p>De m\u00eame, pr\u00eater attention aux <b>messages d&rsquo;erreur<\/b> de votre appareil photo ou du lecteur de carte sur votre ordinateur peut vous aider \u00e0 pr\u00e9venir une potentielle perte de donn\u00e9es. Des messages comme &lsquo;Erreur de carte&rsquo; ou &lsquo;Cette carte ne peut pas \u00eatre lue&rsquo; doivent \u00eatre pris au s\u00e9rieux. Arr\u00eatez d&rsquo;utiliser la carte imm\u00e9diatement pour \u00e9viter d&rsquo;autres dommages et envisagez d&rsquo;utiliser un outil de r\u00e9cup\u00e9ration pour sauver les fichiers qui pourraient d\u00e9j\u00e0 \u00eatre \u00e0 risque.<\/p>\n<p>De plus, il est utile de rester inform\u00e9 des avanc\u00e9es technologiques. Les technologies \u00e9mergentes telles que les cartes SD \u00e0 haute endurance sont sp\u00e9cialement con\u00e7ues pour une utilisation intensive, comme pour l&rsquo;enregistrement vid\u00e9o prolong\u00e9 ou l&rsquo;utilisation dans des cam\u00e9ras de bord. Ces cartes sont construites pour r\u00e9sister aux cycles d&rsquo;\u00e9criture et d&rsquo;effacement plus intenses exig\u00e9s par l&rsquo;enregistrement vid\u00e9o.<\/p>\n<p>Enfin, investir dans une carte SD de bonne qualit\u00e9 de marques r\u00e9put\u00e9es comme SanDisk ou Lexar, peut faire la diff\u00e9rence entre une carte qui dure quelques mois et une qui dure des ann\u00e9es. Les cartes bon march\u00e9 de marques moins connues sont souvent plus susceptibles de tomber en panne et peuvent ne pas offrir le m\u00eame niveau de support ou de services de garantie, ce qui pourrait vous co\u00fbter vos vid\u00e9os et autres donn\u00e9es.<\/p>\n<\/section>\n<section>\n<h2>Conclusion :<\/h2>\n<div class=\"nonp\">\n<p>\u00c0 l&rsquo;\u00e8re num\u00e9rique, nos vid\u00e9os capturent bien plus que de simples moments ; ce sont des tranches num\u00e9riques de nos vies que nous ch\u00e9rissons. Bien qu&rsquo;aucune solution ne garantisse une r\u00e9cup\u00e9ration \u00e0 100 %, l&rsquo;utilisation d&rsquo;un m\u00e9lange de manipulation soigneuse, de sauvegardes r\u00e9guli\u00e8res, de logiciels de r\u00e9cup\u00e9ration et de services professionnels peut garantir que la plupart des vid\u00e9os peuvent \u00eatre r\u00e9cup\u00e9r\u00e9es sur des cartes SD en cas de sinistre. Se souvenir de maintenir votre carte SD et de tenir compte des signes d&rsquo;avertissement peut \u00e9viter la n\u00e9cessit\u00e9 de r\u00e9cup\u00e9ration en premier lieu. Le proverbe &lsquo;Mieux vaut pr\u00e9venir que gu\u00e9rir&rsquo; est particuli\u00e8rement vrai dans le domaine du stockage num\u00e9rique et de la r\u00e9cup\u00e9ration.<\/p>\n<\/div>\n<\/section>\n","protected":false},"excerpt":{"rendered":"<p>Comment r\u00e9cup\u00e9rer des vid\u00e9os supprim\u00e9es d&rsquo;une carte SD en 2024 &#13; &#13; Vous est-il d\u00e9j\u00e0 arriv\u00e9 de vivre ce moment o\u00f9 vos vid\u00e9os cruciales disparaissent de votre carte SD ? Je connais la panique qui s&rsquo;ensuit, car je me suis retrouv\u00e9 dans cette situation redout\u00e9e plus de fois que je ne souhaite l&rsquo;admettre. Apr\u00e8s quelques [&hellip;]<\/p>\n","protected":false},"author":2,"featured_media":36030,"parent":0,"menu_order":0,"comment_status":"closed","ping_status":"closed","template":"chromecast.php","meta":{"_stopmodifiedupdate":false,"_modified_date":"","_lmt_disableupdate":"yes","_lmt_disable":""},"acf":[],"yoast_head":"<!-- This site is optimized with the Yoast SEO plugin v20.9 - https:\/\/yoast.com\/wordpress\/plugins\/seo\/ -->\n<title>Comment r\u00e9cup\u00e9rer des vid\u00e9os supprim\u00e9es d&#039;une carte SD en 2024<\/title>\n<meta name=\"robots\" content=\"index, follow, max-snippet:-1, max-image-preview:large, max-video-preview:-1\" \/>\n<link rel=\"canonical\" href=\"https:\/\/datarecovery.ping.fm\/fr\/recover-deleted-video-from-sd-card\/\" \/>\n<meta property=\"og:locale\" content=\"fr_FR\" \/>\n<meta property=\"og:type\" content=\"article\" \/>\n<meta property=\"og:title\" content=\"Comment r\u00e9cup\u00e9rer des vid\u00e9os supprim\u00e9es d&#039;une carte SD en 2024\" \/>\n<meta property=\"og:description\" content=\"Comment r\u00e9cup\u00e9rer des vid\u00e9os supprim\u00e9es d&rsquo;une carte SD en 2024 &#013; &#013; Vous est-il d\u00e9j\u00e0 arriv\u00e9 de vivre ce moment o\u00f9 vos vid\u00e9os cruciales disparaissent de votre carte SD ? Je connais la panique qui s&rsquo;ensuit, car je me suis retrouv\u00e9 dans cette situation redout\u00e9e plus de fois que je ne souhaite l&rsquo;admettre. Apr\u00e8s quelques [&hellip;]\" \/>\n<meta property=\"og:url\" content=\"https:\/\/datarecovery.ping.fm\/fr\/recover-deleted-video-from-sd-card\/\" \/>\n<meta property=\"og:site_name\" content=\"Logiciel de r\u00e9cup\u00e9ration de donn\u00e9es\" \/>\n<meta property=\"article:modified_time\" content=\"2024-02-16T08:53:49+00:00\" \/>\n<meta property=\"og:image\" content=\"https:\/\/datarecovery.ping.fm\/wp-content\/uploads\/2024\/03\/How-to-Recover-Deleted-Videos-from-an-SD-Card-in-2024-French.jpg\" \/>\n\t<meta property=\"og:image:width\" content=\"1280\" \/>\n\t<meta property=\"og:image:height\" content=\"731\" \/>\n\t<meta property=\"og:image:type\" content=\"image\/jpeg\" \/>\n<meta name=\"twitter:card\" content=\"summary_large_image\" \/>\n<meta name=\"twitter:label1\" content=\"Est. reading time\" \/>\n\t<meta name=\"twitter:data1\" content=\"7 minutes\" \/>\n<script type=\"application\/ld+json\" class=\"yoast-schema-graph\">{\"@context\":\"https:\/\/schema.org\",\"@graph\":[{\"@type\":\"WebPage\",\"@id\":\"https:\/\/datarecovery.ping.fm\/fr\/recover-deleted-video-from-sd-card\/\",\"url\":\"https:\/\/datarecovery.ping.fm\/fr\/recover-deleted-video-from-sd-card\/\",\"name\":\"Comment r\u00e9cup\u00e9rer des vid\u00e9os supprim\u00e9es d'une carte SD en 2024\",\"isPartOf\":{\"@id\":\"https:\/\/datarecovery.ping.fm\/fr\/#website\"},\"datePublished\":\"2024-01-05T10:57:58+00:00\",\"dateModified\":\"2024-02-16T08:53:49+00:00\",\"breadcrumb\":{\"@id\":\"https:\/\/datarecovery.ping.fm\/fr\/recover-deleted-video-from-sd-card\/#breadcrumb\"},\"inLanguage\":\"fr-FR\",\"potentialAction\":[{\"@type\":\"ReadAction\",\"target\":[\"https:\/\/datarecovery.ping.fm\/fr\/recover-deleted-video-from-sd-card\/\"]}]},{\"@type\":\"BreadcrumbList\",\"@id\":\"https:\/\/datarecovery.ping.fm\/fr\/recover-deleted-video-from-sd-card\/#breadcrumb\",\"itemListElement\":[{\"@type\":\"ListItem\",\"position\":1,\"name\":\"Home\",\"item\":\"https:\/\/datarecovery.ping.fm\/fr\/\"},{\"@type\":\"ListItem\",\"position\":2,\"name\":\"Comment r\u00e9cup\u00e9rer des vid\u00e9os supprim\u00e9es sur une carte SD en 2024\"}]},{\"@type\":\"WebSite\",\"@id\":\"https:\/\/datarecovery.ping.fm\/fr\/#website\",\"url\":\"https:\/\/datarecovery.ping.fm\/fr\/\",\"name\":\"Logiciel de r\u00e9cup\u00e9ration de donn\u00e9es\",\"description\":\"\",\"potentialAction\":[{\"@type\":\"SearchAction\",\"target\":{\"@type\":\"EntryPoint\",\"urlTemplate\":\"https:\/\/datarecovery.ping.fm\/fr\/?s={search_term_string}\"},\"query-input\":\"required name=search_term_string\"}],\"inLanguage\":\"fr-FR\"}]}<\/script>\n<!-- \/ Yoast SEO plugin. -->","yoast_head_json":{"title":"Comment r\u00e9cup\u00e9rer des vid\u00e9os supprim\u00e9es d'une carte SD en 2024","robots":{"index":"index","follow":"follow","max-snippet":"max-snippet:-1","max-image-preview":"max-image-preview:large","max-video-preview":"max-video-preview:-1"},"canonical":"https:\/\/datarecovery.ping.fm\/fr\/recover-deleted-video-from-sd-card\/","og_locale":"fr_FR","og_type":"article","og_title":"Comment r\u00e9cup\u00e9rer des vid\u00e9os supprim\u00e9es d'une carte SD en 2024","og_description":"Comment r\u00e9cup\u00e9rer des vid\u00e9os supprim\u00e9es d&rsquo;une carte SD en 2024 &#13; &#13; Vous est-il d\u00e9j\u00e0 arriv\u00e9 de vivre ce moment o\u00f9 vos vid\u00e9os cruciales disparaissent de votre carte SD ? Je connais la panique qui s&rsquo;ensuit, car je me suis retrouv\u00e9 dans cette situation redout\u00e9e plus de fois que je ne souhaite l&rsquo;admettre. Apr\u00e8s quelques [&hellip;]","og_url":"https:\/\/datarecovery.ping.fm\/fr\/recover-deleted-video-from-sd-card\/","og_site_name":"Logiciel de r\u00e9cup\u00e9ration de donn\u00e9es","article_modified_time":"2024-02-16T08:53:49+00:00","og_image":[{"width":1280,"height":731,"url":"https:\/\/datarecovery.ping.fm\/wp-content\/uploads\/2024\/03\/How-to-Recover-Deleted-Videos-from-an-SD-Card-in-2024-French.jpg","type":"image\/jpeg"}],"twitter_card":"summary_large_image","twitter_misc":{"Est. reading time":"7 minutes"},"schema":{"@context":"https:\/\/schema.org","@graph":[{"@type":"WebPage","@id":"https:\/\/datarecovery.ping.fm\/fr\/recover-deleted-video-from-sd-card\/","url":"https:\/\/datarecovery.ping.fm\/fr\/recover-deleted-video-from-sd-card\/","name":"Comment r\u00e9cup\u00e9rer des vid\u00e9os supprim\u00e9es d'une carte SD en 2024","isPartOf":{"@id":"https:\/\/datarecovery.ping.fm\/fr\/#website"},"datePublished":"2024-01-05T10:57:58+00:00","dateModified":"2024-02-16T08:53:49+00:00","breadcrumb":{"@id":"https:\/\/datarecovery.ping.fm\/fr\/recover-deleted-video-from-sd-card\/#breadcrumb"},"inLanguage":"fr-FR","potentialAction":[{"@type":"ReadAction","target":["https:\/\/datarecovery.ping.fm\/fr\/recover-deleted-video-from-sd-card\/"]}]},{"@type":"BreadcrumbList","@id":"https:\/\/datarecovery.ping.fm\/fr\/recover-deleted-video-from-sd-card\/#breadcrumb","itemListElement":[{"@type":"ListItem","position":1,"name":"Home","item":"https:\/\/datarecovery.ping.fm\/fr\/"},{"@type":"ListItem","position":2,"name":"Comment r\u00e9cup\u00e9rer des vid\u00e9os supprim\u00e9es sur une carte SD en 2024"}]},{"@type":"WebSite","@id":"https:\/\/datarecovery.ping.fm\/fr\/#website","url":"https:\/\/datarecovery.ping.fm\/fr\/","name":"Logiciel de r\u00e9cup\u00e9ration de donn\u00e9es","description":"","potentialAction":[{"@type":"SearchAction","target":{"@type":"EntryPoint","urlTemplate":"https:\/\/datarecovery.ping.fm\/fr\/?s={search_term_string}"},"query-input":"required name=search_term_string"}],"inLanguage":"fr-FR"}]}},"_links":{"self":[{"href":"https:\/\/datarecovery.ping.fm\/fr\/wp-json\/wp\/v2\/pages\/13791"}],"collection":[{"href":"https:\/\/datarecovery.ping.fm\/fr\/wp-json\/wp\/v2\/pages"}],"about":[{"href":"https:\/\/datarecovery.ping.fm\/fr\/wp-json\/wp\/v2\/types\/page"}],"author":[{"embeddable":true,"href":"https:\/\/datarecovery.ping.fm\/fr\/wp-json\/wp\/v2\/users\/2"}],"replies":[{"embeddable":true,"href":"https:\/\/datarecovery.ping.fm\/fr\/wp-json\/wp\/v2\/comments?post=13791"}],"version-history":[{"count":1,"href":"https:\/\/datarecovery.ping.fm\/fr\/wp-json\/wp\/v2\/pages\/13791\/revisions"}],"predecessor-version":[{"id":36029,"href":"https:\/\/datarecovery.ping.fm\/fr\/wp-json\/wp\/v2\/pages\/13791\/revisions\/36029"}],"wp:featuredmedia":[{"embeddable":true,"href":"https:\/\/datarecovery.ping.fm\/fr\/wp-json\/wp\/v2\/media\/36030"}],"wp:attachment":[{"href":"https:\/\/datarecovery.ping.fm\/fr\/wp-json\/wp\/v2\/media?parent=13791"}],"curies":[{"name":"wp","href":"https:\/\/api.w.org\/{rel}","templated":true}]}}