{"id":13018,"date":"2023-12-25T15:46:11","date_gmt":"2023-12-25T15:46:11","guid":{"rendered":"https:\/\/www.ping.fm\/data-recovery-software\/recover-sd-card\/"},"modified":"2024-02-29T18:06:36","modified_gmt":"2024-02-29T18:06:36","slug":"recover-sd-card","status":"publish","type":"page","link":"https:\/\/datarecovery.ping.fm\/fr\/recover-sd-card\/","title":{"rendered":"Meilleures applications pour r\u00e9cup\u00e9rer des donn\u00e9es sur une carte SD corrompue"},"content":{"rendered":"<section>\n<h1>Les meilleures applications pour r\u00e9cup\u00e9rer des donn\u00e9es d&rsquo;une carte SD corrompue<\/h1>\n<div class=\"inbrief\">\n<div>  <img src=\"https:\/\/www.ping.fm\/data-recovery-software\/wp-content\/uploads\/ai\/Best-Apps-to-Recover-Data-from-Corrupted-SD-card-French.jpg\" alt=\"Les meilleures applications pour r\u00e9cup\u00e9rer des donn\u00e9es d'une carte SD corrompue\" title=\"Les meilleures applications pour r\u00e9cup\u00e9rer des donn\u00e9es d'une carte SD corrompue\" width=\"1280\" height=\"720\">  <\/p>\n<p>Dans notre monde guid\u00e9 par la technologie, les cartes SD sont des alli\u00e9es de stockage importantes, contenant des photographies pr\u00e9cieuses, des fichiers d&rsquo;affaires critiques ou des souvenirs ch\u00e9ris. Cependant, ces petits morceaux de technologie ne sont pas \u00e0 l&rsquo;abri des forces corruptrices &#8211; que ce soit \u00e0 cause de dommages physiques, d&rsquo;erreurs syst\u00e8me ou d&rsquo;infections virales. Lorsqu&rsquo;une carte SD pr\u00e9cieuse semble corrompue, la peur d&rsquo;une perte de donn\u00e9es permanente surgit. Pourtant, il y a de l&rsquo;espoir. Dans cet article, nous explorons les 5 meilleures solutions logicielles pour r\u00e9cup\u00e9rer des donn\u00e9es d&rsquo;une carte SD corrompue, avec un point de vue personnel sur mon exp\u00e9rience d&rsquo;utilisation de l&rsquo;une d&rsquo;entre elles, Disk Drill.<\/p>\n<\/div>\n<\/div>\n<\/section>\n<section>\n<div class=\"medal\">\n<div>&#129351;<\/div>\n<\/div>\n<h2><a href='https:\/\/www.cleverfiles.com\/memory-card-recovery-mac.html' rel=\"nofollow noopener\" target='_blank'>Disk Drill<\/a><\/h2>\n<p><img src=\"https:\/\/www.ping.fm\/data-recovery-software\/wp-content\/uploads\/ai\/https---www-cleverfiles-com-memory-card-recovery-mac-htmlFrench.jpg\"><\/p>\n<p>D&rsquo;apr\u00e8s mon exp\u00e9rience personnelle, Disk Drill s&rsquo;impose comme une solution de r\u00e9cup\u00e9ration de donn\u00e9es robuste. Il offre une interface intuitive, rendant la t\u00e2che redoutable de la r\u00e9cup\u00e9ration de donn\u00e9es moins intimidante. Connue pour ses <b>capacit\u00e9s de balayage puissantes<\/b>, Disk Drill peut exhumer des fichiers que vous pensiez perdus \u00e0 jamais.<\/p>\n<p><a href='https:\/\/www.cleverfiles.com\/memory-card-recovery-mac.html' rel=\"nofollow noopener\" target='_blank' class='ofWSite'>Site Officiel<\/a><\/p>\n<h3 class='prosTitle'>Avantages<\/h3>\n<ul class='listpc pros'>\n<li>Prise en charge polyvalente des syst\u00e8mes de fichiers.<\/li>\n<li>Interface conviviale.<\/li>\n<\/ul>\n<h3 class='consTitle'>Inconv\u00e9nients<\/h3>\n<ul class='listpc cons'>\n<li>Peut \u00eatre plus lent que la concurrence lors de balayages profonds.<\/li>\n<li>Options d&rsquo;aper\u00e7u limit\u00e9es pour certains types de fichiers.<\/li>\n<\/ul>\n<\/section>\n<section>\n<div class=\"medal\">\n<div>&#129352;<\/div>\n<\/div>\n<h2>EaseUS Data Recovery Wizard<\/h2>\n<p>Le EaseUS Data Recovery Wizard se distingue par son design \u00e9l\u00e9gant et une pl\u00e9thore de fonctionnalit\u00e9s de r\u00e9cup\u00e9ration. Ce logiciel rend le processus de r\u00e9cup\u00e9ration <b>accessible<\/b> aux novices, sans sacrifier la profondeur pour les utilisateurs plus avanc\u00e9s.<\/p>\n<p>Site Officiel<\/p>\n<h3 class='prosTitle'>Avantages<\/h3>\n<ul class='listpc pros'>\n<li>Processus de r\u00e9cup\u00e9ration simple.<\/li>\n<li>Prise en charge de divers sc\u00e9narios de perte de donn\u00e9es.<\/li>\n<\/ul>\n<h3 class='consTitle'>Inconv\u00e9nients<\/h3>\n<ul class='listpc cons'>\n<li>Risque d&rsquo;\u00e9crasement de donn\u00e9es si non utilis\u00e9 avec pr\u00e9caution.<\/li>\n<li>La version gratuite a des limites de r\u00e9cup\u00e9ration.<\/li>\n<\/ul>\n<\/section>\n<section>\n<div class=\"medal\">\n<div>&#129353;<\/div>\n<\/div>\n<h2>Wondershare Recoverit<\/h2>\n<p>Wondershare Recoverit se distingue par son taux de r\u00e9ussite \u00e9lev\u00e9 dans la r\u00e9cup\u00e9ration de divers types de fichiers. Que vous ayez affaire \u00e0 des documents, des photos ou des vid\u00e9os, Recoverit offre une <b>performance solide<\/b> pour retrouver les donn\u00e9es perdues.<\/p>\n<p>Site Officiel<\/p>\n<h3 class='prosTitle'>Avantages<\/h3>\n<ul class='listpc pros'>\n<li>Bon taux de r\u00e9cup\u00e9ration.<\/li>\n<li>Interface utilisateur conviviale.<\/li>\n<\/ul>\n<h3 class='consTitle'>Inconv\u00e9nients<\/h3>\n<ul class='listpc cons'>\n<li>L\u00e9g\u00e8rement plus cher que les concurrents.<\/li>\n<li>Des probl\u00e8mes de stabilit\u00e9 occasionnels.<\/li>\n<\/ul>\n<\/section>\n<section>\n<div class=\"no-medal\">\n<div>4<\/div>\n<\/div>\n<h2><a href='https:\/\/www.stellarinfo.com\/disk-recovery\/memory-card-recovery.php' rel=\"nofollow noopener\" target='_blank'>Stellar Data Recovery<\/a><\/h2>\n<p><img src=\"https:\/\/www.ping.fm\/data-recovery-software\/wp-content\/uploads\/ai\/https---www-stellarinfo-com-disk-recovery-memory-card-recovery-phpFrench.jpg\"><\/p>\n<p>Stellar Data Recovery est un poids lourd dans le segment de la r\u00e9cup\u00e9ration de donn\u00e9es, r\u00e9put\u00e9 pour ses <b>outils de niveau professionnel<\/b>. Il va au-del\u00e0 de la r\u00e9cup\u00e9ration de base en proposant des fonctionnalit\u00e9s suppl\u00e9mentaires, y compris le suivi de disque.<\/p>\n<p><a href='https:\/\/www.stellarinfo.com\/disk-recovery\/memory-card-recovery.php' rel=\"nofollow noopener\" target='_blank' class='ofWSite'>Site Officiel<\/a><\/p>\n<h3 class=\"prosTitle\">Avantages<\/h3>\n<ul class='listpc pros'>\n<li>Fonctionnalit\u00e9s tr\u00e8s avanc\u00e9es.<\/li>\n<li>Couverture large des types de fichiers.<\/li>\n<\/ul>\n<h3 class='consTitle'>Inconv\u00e9nients<\/h3>\n<ul class='listpc cons'>\n<li>Peut \u00eatre intimidant pour les utilisateurs occasionnels.<\/li>\n<li>Temps de scan plus lents.<\/li>\n<\/ul>\n<\/section>\n<section>\n<div class=\"no-medal\">\n<div>5<\/div>\n<\/div>\n<h2>Recuva<\/h2>\n<p>Recuva vient \u00e0 la rescousse avec ses m\u00e9thodes de r\u00e9cup\u00e9ration <b>simples mais efficaces<\/b>. Il s&rsquo;adresse aux utilisateurs qui souhaitent un outil direct sans fioritures. Son efficacit\u00e9 est particuli\u00e8rement notable pour r\u00e9cup\u00e9rer rapidement les fichiers r\u00e9cemment supprim\u00e9s.<\/p>\n<p>Site Officiel<\/p>\n<h3 class='prosTitle'>Avantages<\/h3>\n<ul class='listpc pros'>\n<li>Gratuit pour un usage de base.<\/li>\n<li>Performance rapide.<\/li>\n<\/ul>\n<h3 class='consTitle'>Inconv\u00e9nients<\/h3>\n<ul class='listpc cons'>\n<li>Fonctionnalit\u00e9s limit\u00e9es pour les t\u00e2ches de r\u00e9cup\u00e9ration complexes.<\/li>\n<li>Pas de mises \u00e0 jour ces derni\u00e8res ann\u00e9es.<\/li>\n<\/ul>\n<\/section>\n<p>&#13;  <\/p>\n<section>\n<h2>Conclusion :<\/h2>\n<div class=\"nonp\">\n<p>Ceux qui ont connu le d\u00e9sarroi d&rsquo;une carte SD corrompue connaissent la v\u00e9ritable valeur d&rsquo;un outil de r\u00e9cup\u00e9ration fiable. Il est important de comprendre que toutes les r\u00e9cup\u00e9rations ne sont pas couronn\u00e9es de succ\u00e8s, mais avec le bon logiciel, vos chances s&rsquo;am\u00e9liorent consid\u00e9rablement. Lorsque vous choisissez votre logiciel, prenez en compte le type de <b>fichiers<\/b> que vous essayez de r\u00e9cup\u00e9rer, la <b>complexit\u00e9<\/b> du sc\u00e9nario de perte de donn\u00e9es et votre propre niveau de confort avec les outils technologiques.<\/p>\n<p>Si vous avez besoin de tels services, il vaut la peine de jeter un \u0153il \u00e0 cette ressource utile o\u00f9 vous pouvez <a href='https:\/\/www.cleverfiles.com\/memory-card-data-recovery.html' rel=\"dofollow noopener\" target='_blank'>R\u00e9cup\u00e9rer une carte SD corrompue<\/a>. Cela peut servir de bou\u00e9e de sauvetage, offrant des outils avanc\u00e9s et des conseils pour restaurer ce qui \u00e9tait consid\u00e9r\u00e9 comme perdu.<\/p>\n<p>En dehors de cela, familiarisez-vous avec les meilleures pratiques de gestion des donn\u00e9es et envisagez d&rsquo;utiliser un service de sauvegarde sur le cloud pour une couche suppl\u00e9mentaire de s\u00e9curit\u00e9. Gardez le firmware et les logiciels anti-virus \u00e0 jour sur tous les appareils, et m\u00e9fiez-vous des fichiers non reconnus qui peuvent signaler un risque de s\u00e9curit\u00e9.<\/p>\n<\/div>\n<\/section>\n","protected":false},"excerpt":{"rendered":"<p>Les meilleures applications pour r\u00e9cup\u00e9rer des donn\u00e9es d&rsquo;une carte SD corrompue Dans notre monde guid\u00e9 par la technologie, les cartes SD sont des alli\u00e9es de stockage importantes, contenant des photographies pr\u00e9cieuses, des fichiers d&rsquo;affaires critiques ou des souvenirs ch\u00e9ris. Cependant, ces petits morceaux de technologie ne sont pas \u00e0 l&rsquo;abri des forces corruptrices &#8211; que [&hellip;]<\/p>\n","protected":false},"author":2,"featured_media":35970,"parent":0,"menu_order":0,"comment_status":"closed","ping_status":"closed","template":"chromecast.php","meta":{"_stopmodifiedupdate":false,"_modified_date":"","_lmt_disableupdate":"yes","_lmt_disable":""},"acf":[],"yoast_head":"<!-- This site is optimized with the Yoast SEO plugin v20.9 - https:\/\/yoast.com\/wordpress\/plugins\/seo\/ -->\n<title>Meilleur logiciel pour r\u00e9cup\u00e9rer des donn\u00e9es d&#039;une carte SD corrompue. \u00c9tapes faciles<\/title>\n<meta name=\"robots\" content=\"index, follow, max-snippet:-1, max-image-preview:large, max-video-preview:-1\" \/>\n<link rel=\"canonical\" href=\"https:\/\/datarecovery.ping.fm\/fr\/recover-sd-card\/\" \/>\n<meta property=\"og:locale\" content=\"fr_FR\" \/>\n<meta property=\"og:type\" content=\"article\" \/>\n<meta property=\"og:title\" content=\"Meilleur logiciel pour r\u00e9cup\u00e9rer des donn\u00e9es d&#039;une carte SD corrompue. \u00c9tapes faciles\" \/>\n<meta property=\"og:description\" content=\"Les meilleures applications pour r\u00e9cup\u00e9rer des donn\u00e9es d&rsquo;une carte SD corrompue Dans notre monde guid\u00e9 par la technologie, les cartes SD sont des alli\u00e9es de stockage importantes, contenant des photographies pr\u00e9cieuses, des fichiers d&rsquo;affaires critiques ou des souvenirs ch\u00e9ris. Cependant, ces petits morceaux de technologie ne sont pas \u00e0 l&rsquo;abri des forces corruptrices &#8211; que [&hellip;]\" \/>\n<meta property=\"og:url\" content=\"https:\/\/datarecovery.ping.fm\/fr\/recover-sd-card\/\" \/>\n<meta property=\"og:site_name\" content=\"Logiciel de r\u00e9cup\u00e9ration de donn\u00e9es\" \/>\n<meta property=\"article:modified_time\" content=\"2024-02-29T18:06:36+00:00\" \/>\n<meta property=\"og:image\" content=\"https:\/\/datarecovery.ping.fm\/wp-content\/uploads\/2024\/03\/Best-Apps-to-Recover-Data-from-Corrupted-SD-card-French.jpg\" \/>\n\t<meta property=\"og:image:width\" content=\"1280\" \/>\n\t<meta property=\"og:image:height\" content=\"731\" \/>\n\t<meta property=\"og:image:type\" content=\"image\/jpeg\" \/>\n<meta name=\"twitter:card\" content=\"summary_large_image\" \/>\n<meta name=\"twitter:label1\" content=\"Est. reading time\" \/>\n\t<meta name=\"twitter:data1\" content=\"4 minutes\" \/>\n<script type=\"application\/ld+json\" class=\"yoast-schema-graph\">{\"@context\":\"https:\/\/schema.org\",\"@graph\":[{\"@type\":\"WebPage\",\"@id\":\"https:\/\/datarecovery.ping.fm\/fr\/recover-sd-card\/\",\"url\":\"https:\/\/datarecovery.ping.fm\/fr\/recover-sd-card\/\",\"name\":\"Meilleur logiciel pour r\u00e9cup\u00e9rer des donn\u00e9es d'une carte SD corrompue. \u00c9tapes faciles\",\"isPartOf\":{\"@id\":\"https:\/\/datarecovery.ping.fm\/fr\/#website\"},\"datePublished\":\"2023-12-25T15:46:11+00:00\",\"dateModified\":\"2024-02-29T18:06:36+00:00\",\"breadcrumb\":{\"@id\":\"https:\/\/datarecovery.ping.fm\/fr\/recover-sd-card\/#breadcrumb\"},\"inLanguage\":\"fr-FR\",\"potentialAction\":[{\"@type\":\"ReadAction\",\"target\":[\"https:\/\/datarecovery.ping.fm\/fr\/recover-sd-card\/\"]}]},{\"@type\":\"BreadcrumbList\",\"@id\":\"https:\/\/datarecovery.ping.fm\/fr\/recover-sd-card\/#breadcrumb\",\"itemListElement\":[{\"@type\":\"ListItem\",\"position\":1,\"name\":\"Home\",\"item\":\"https:\/\/datarecovery.ping.fm\/fr\/\"},{\"@type\":\"ListItem\",\"position\":2,\"name\":\"Meilleures applications pour r\u00e9cup\u00e9rer des donn\u00e9es sur une carte SD corrompue\"}]},{\"@type\":\"WebSite\",\"@id\":\"https:\/\/datarecovery.ping.fm\/fr\/#website\",\"url\":\"https:\/\/datarecovery.ping.fm\/fr\/\",\"name\":\"Logiciel de r\u00e9cup\u00e9ration de donn\u00e9es\",\"description\":\"\",\"potentialAction\":[{\"@type\":\"SearchAction\",\"target\":{\"@type\":\"EntryPoint\",\"urlTemplate\":\"https:\/\/datarecovery.ping.fm\/fr\/?s={search_term_string}\"},\"query-input\":\"required name=search_term_string\"}],\"inLanguage\":\"fr-FR\"}]}<\/script>\n<!-- \/ Yoast SEO plugin. -->","yoast_head_json":{"title":"Meilleur logiciel pour r\u00e9cup\u00e9rer des donn\u00e9es d'une carte SD corrompue. \u00c9tapes faciles","robots":{"index":"index","follow":"follow","max-snippet":"max-snippet:-1","max-image-preview":"max-image-preview:large","max-video-preview":"max-video-preview:-1"},"canonical":"https:\/\/datarecovery.ping.fm\/fr\/recover-sd-card\/","og_locale":"fr_FR","og_type":"article","og_title":"Meilleur logiciel pour r\u00e9cup\u00e9rer des donn\u00e9es d'une carte SD corrompue. \u00c9tapes faciles","og_description":"Les meilleures applications pour r\u00e9cup\u00e9rer des donn\u00e9es d&rsquo;une carte SD corrompue Dans notre monde guid\u00e9 par la technologie, les cartes SD sont des alli\u00e9es de stockage importantes, contenant des photographies pr\u00e9cieuses, des fichiers d&rsquo;affaires critiques ou des souvenirs ch\u00e9ris. Cependant, ces petits morceaux de technologie ne sont pas \u00e0 l&rsquo;abri des forces corruptrices &#8211; que [&hellip;]","og_url":"https:\/\/datarecovery.ping.fm\/fr\/recover-sd-card\/","og_site_name":"Logiciel de r\u00e9cup\u00e9ration de donn\u00e9es","article_modified_time":"2024-02-29T18:06:36+00:00","og_image":[{"width":1280,"height":731,"url":"https:\/\/datarecovery.ping.fm\/wp-content\/uploads\/2024\/03\/Best-Apps-to-Recover-Data-from-Corrupted-SD-card-French.jpg","type":"image\/jpeg"}],"twitter_card":"summary_large_image","twitter_misc":{"Est. reading time":"4 minutes"},"schema":{"@context":"https:\/\/schema.org","@graph":[{"@type":"WebPage","@id":"https:\/\/datarecovery.ping.fm\/fr\/recover-sd-card\/","url":"https:\/\/datarecovery.ping.fm\/fr\/recover-sd-card\/","name":"Meilleur logiciel pour r\u00e9cup\u00e9rer des donn\u00e9es d'une carte SD corrompue. \u00c9tapes faciles","isPartOf":{"@id":"https:\/\/datarecovery.ping.fm\/fr\/#website"},"datePublished":"2023-12-25T15:46:11+00:00","dateModified":"2024-02-29T18:06:36+00:00","breadcrumb":{"@id":"https:\/\/datarecovery.ping.fm\/fr\/recover-sd-card\/#breadcrumb"},"inLanguage":"fr-FR","potentialAction":[{"@type":"ReadAction","target":["https:\/\/datarecovery.ping.fm\/fr\/recover-sd-card\/"]}]},{"@type":"BreadcrumbList","@id":"https:\/\/datarecovery.ping.fm\/fr\/recover-sd-card\/#breadcrumb","itemListElement":[{"@type":"ListItem","position":1,"name":"Home","item":"https:\/\/datarecovery.ping.fm\/fr\/"},{"@type":"ListItem","position":2,"name":"Meilleures applications pour r\u00e9cup\u00e9rer des donn\u00e9es sur une carte SD corrompue"}]},{"@type":"WebSite","@id":"https:\/\/datarecovery.ping.fm\/fr\/#website","url":"https:\/\/datarecovery.ping.fm\/fr\/","name":"Logiciel de r\u00e9cup\u00e9ration de donn\u00e9es","description":"","potentialAction":[{"@type":"SearchAction","target":{"@type":"EntryPoint","urlTemplate":"https:\/\/datarecovery.ping.fm\/fr\/?s={search_term_string}"},"query-input":"required name=search_term_string"}],"inLanguage":"fr-FR"}]}},"_links":{"self":[{"href":"https:\/\/datarecovery.ping.fm\/fr\/wp-json\/wp\/v2\/pages\/13018"}],"collection":[{"href":"https:\/\/datarecovery.ping.fm\/fr\/wp-json\/wp\/v2\/pages"}],"about":[{"href":"https:\/\/datarecovery.ping.fm\/fr\/wp-json\/wp\/v2\/types\/page"}],"author":[{"embeddable":true,"href":"https:\/\/datarecovery.ping.fm\/fr\/wp-json\/wp\/v2\/users\/2"}],"replies":[{"embeddable":true,"href":"https:\/\/datarecovery.ping.fm\/fr\/wp-json\/wp\/v2\/comments?post=13018"}],"version-history":[{"count":1,"href":"https:\/\/datarecovery.ping.fm\/fr\/wp-json\/wp\/v2\/pages\/13018\/revisions"}],"predecessor-version":[{"id":28636,"href":"https:\/\/datarecovery.ping.fm\/fr\/wp-json\/wp\/v2\/pages\/13018\/revisions\/28636"}],"wp:featuredmedia":[{"embeddable":true,"href":"https:\/\/datarecovery.ping.fm\/fr\/wp-json\/wp\/v2\/media\/35970"}],"wp:attachment":[{"href":"https:\/\/datarecovery.ping.fm\/fr\/wp-json\/wp\/v2\/media?parent=13018"}],"curies":[{"name":"wp","href":"https:\/\/api.w.org\/{rel}","templated":true}]}}