{"id":12657,"date":"2023-12-25T15:46:11","date_gmt":"2023-12-25T15:46:11","guid":{"rendered":"https:\/\/www.ping.fm\/data-recovery-software\/photos-disappeared-from-sd-card\/"},"modified":"2024-02-16T08:53:40","modified_gmt":"2024-02-16T08:53:40","slug":"photos-disappeared-from-sd-card","status":"publish","type":"page","link":"https:\/\/datarecovery.ping.fm\/fr\/photos-disappeared-from-sd-card\/","title":{"rendered":"Comment r\u00e9cup\u00e9rer des photos qui ont disparu de votre carte SD"},"content":{"rendered":"<section>\n<h1>Comment r\u00e9cup\u00e9rer des photos qui ont disparu de votre carte SD<\/h1>\n<div class=\"inbrief\">\n<div>&#13;  <img src=\"https:\/\/www.ping.fm\/data-recovery-software\/wp-content\/uploads\/ai\/How-to-Recover-Photos-That-Have-Disappeared-from-Your-SD-Card-French.jpg\" alt=\"Comment r\u00e9cup\u00e9rer des photos qui ont disparu de votre carte SD\" title=\"Comment r\u00e9cup\u00e9rer des photos qui ont disparu de votre carte SD\" width=\"1280\" height=\"720\">&#13;  <\/p>\n<p>Les photos conservent nos souvenirs pr\u00e9cieux et les perdre peut \u00eatre angoissant. Surtout lorsque votre carte SD devient soudainement vide ou que les fichiers semblent avoir myst\u00e9rieusement disparu. C&rsquo;est un sc\u00e9nario que j&rsquo;ai r\u00e9cemment rencontr\u00e9 et, apr\u00e8s avoir navigu\u00e9 dans la panique, j&rsquo;ai eu recours \u00e0 diverses m\u00e9thodes pour r\u00e9cup\u00e9rer les donn\u00e9es. Ce guide complet d\u00e9taillera plusieurs sc\u00e9narios de disparition de photos d&rsquo;une carte SD et comment les r\u00e9cup\u00e9rer, en plus d&rsquo;explorer d&rsquo;autres moyens de r\u00e9cup\u00e9ration de photos.<\/p>\n<\/div>\n<\/div>\n<\/section>\n<p>&#13;  <\/p>\n<section>\n<div>\n<div>1<\/div>\n<h2>Sc\u00e9narios courants :<\/h2>\n<\/div>\n<h3>Suppression accidentelle &#128465;<\/h3>\n<ul>\n<li>Nous y sommes tous pass\u00e9s \u2013 une pression accidentelle sur <b>&lsquo;Supprimer&rsquo;<\/b> ou &lsquo;Formater&rsquo;, et nos photos disparaissent avant m\u00eame que nous r\u00e9alisions l&rsquo;erreur.<\/li>\n<li><b>L&rsquo;erreur humaine<\/b> joue un grand r\u00f4le, car une mauvaise manipulation peut effacer un album entier ou une carte SD.<\/li>\n<li>Une id\u00e9e fausse selon laquelle les photos sont sauvegard\u00e9es alors qu&rsquo;elles ne le sont pas, conduisant \u00e0 des suppressions volontaires aux cons\u00e9quences graves.<\/li>\n<\/ul>\n<h3>Corruption et dommage &#128295;<\/h3>\n<ul>\n<li>Les cartes SD peuvent souffrir de <b>corruption<\/b> dues \u00e0 une utilisation inappropri\u00e9e ou \u00e0 un retrait abrupt de l&rsquo;appareil.<\/li>\n<li>L&rsquo;usure physique ou des <b>dommages \u00e9lectroniques<\/b> \u00e0 la carte SD rendent les photos inaccessibles.<\/li>\n<li>Les facteurs environnementaux tels que l&rsquo;exposition \u00e0 l&rsquo;<b>eau, aux temp\u00e9ratures extr\u00eames<\/b>, ou aux <b>champs magn\u00e9tiques<\/b> peuvent \u00e9galement corrompre les donn\u00e9es.<\/li>\n<\/ul>\n<h3>Attaques de virus et de logiciels malveillants &#129440;<\/h3>\n<ul>\n<li>Un logiciel malveillant peut infecter la carte SD entra\u00eenant une <b>perte de donn\u00e9es<\/b>, y compris les photos.<\/li>\n<li><b>Une protection inad\u00e9quate<\/b> contre les virus lors de la connexion \u00e0 des ordinateurs ou d&rsquo;autres appareils.<\/li>\n<li>Le t\u00e9l\u00e9chargement depuis des sources non s\u00e9curis\u00e9es peut introduire un maliciel qui cache ou supprime des fichiers.<\/li>\n<\/ul>\n<\/section>\n<p>&#13;  <\/p>\n<section class=\"stepByStep\">\n<div>\n<div>2<\/div>\n<h2>Guide \u00e9tape par \u00e9tape. Photos disparues de la carte SD :<\/h2>\n<\/div>\n<h3>M\u00e9thode 1 : Utiliser Disk Drill pour r\u00e9cup\u00e9rer les photos &#128260;<\/h3>\n<ul>\n<li>T\u00e9l\u00e9chargez et installez Disk Drill pour votre syst\u00e8me d&rsquo;exploitation.<\/li>\n<li>Connectez la <b>carte SD<\/b> \u00e0 votre ordinateur \u00e0 l&rsquo;aide d&rsquo;un lecteur de carte et lancez <b>Disk Drill<\/b>.<\/li>\n<li>S\u00e9lectionnez la carte SD dans la liste des lecteurs et cliquez sur le bouton <b>&lsquo;R\u00e9cup\u00e9rer&rsquo;<\/b> pour scanner les fichiers perdus.<\/li>\n<li>Pr\u00e9visualisez les photos trouv\u00e9es et s\u00e9lectionnez celles que vous souhaitez r\u00e9cup\u00e9rer.<\/li>\n<li><b>Enregistrez<\/b> les photos r\u00e9cup\u00e9r\u00e9es \u00e0 un emplacement diff\u00e9rent pour \u00e9viter l&rsquo;\u00e9crasement.<\/li>\n<\/ul>\n<p><b>Note :<\/b> Assurez-vous de ne pas utiliser la carte SD apr\u00e8s la perte de donn\u00e9es pour \u00e9viter l&rsquo;\u00e9crasement des donn\u00e9es.<\/p>\n<p><b>Conclusion :<\/b> Disk Drill est un outil convivial et efficace pour la r\u00e9cup\u00e9ration de photos, qui peut sauver les souvenirs perdus d&rsquo;une carte SD compromise.<\/p>\n<h3>M\u00e9thode 2 : V\u00e9rifier les fichiers cach\u00e9s &#128373;<\/h3>\n<ul>\n<li>Connectez la carte SD \u00e0 un ordinateur et ouvrez <b>&lsquo;l&rsquo;Explorateur de fichiers&rsquo;<\/b>.<\/li>\n<li>Allez dans <b>&lsquo;Affichage&rsquo;<\/b> et cochez <b>&lsquo;\u00c9l\u00e9ments masqu\u00e9s&rsquo;<\/b> pour r\u00e9v\u00e9ler d&rsquo;\u00e9ventuels fichiers cach\u00e9s.<\/li>\n<li>Scannez la carte SD \u00e0 l&rsquo;aide d&rsquo;un logiciel antivirus pour d\u00e9masquer tout fichier rendu invisible par un maliciel.<\/li>\n<\/ul>\n<p><b>Note :<\/b> Certaines photos peuvent \u00eatre cach\u00e9es en raison des param\u00e8tres du syst\u00e8me ou de l&rsquo;activit\u00e9 d&rsquo;un virus mais sont toujours pr\u00e9sentes sur la carte SD.<\/p>\n<p><b>Conclusion :<\/b> Avant d&rsquo;utiliser un logiciel de r\u00e9cup\u00e9ration, il est b\u00e9n\u00e9fique de v\u00e9rifier s&rsquo;il y a des fichiers cach\u00e9s qui peuvent \u00eatre facilement restaur\u00e9s.<\/p>\n<h3>M\u00e9thode 3 : Utiliser les versions pr\u00e9c\u00e9dentes &#128190;<\/h3>\n<ul>\n<li>Cliquez avec le bouton droit sur le dossier o\u00f9 les photos \u00e9taient stock\u00e9es pr\u00e9c\u00e9demment et s\u00e9lectionnez <b>&lsquo;Propri\u00e9t\u00e9s&rsquo;<\/b>.<\/li>\n<li>Allez \u00e0 l&rsquo;onglet <b>&lsquo;Versions pr\u00e9c\u00e9dentes&rsquo;<\/b> pour trouver des versions potentiellement restaurables.<\/li>\n<li>Choisissez la version la plus appropri\u00e9e et cliquez sur <b>&lsquo;Restaurer&rsquo;<\/b> pour r\u00e9cup\u00e9rer les photos.<\/li>\n<\/ul>\n<p><b>Note :<\/b> Cette m\u00e9thode s&rsquo;applique si la protection du syst\u00e8me est activ\u00e9e et que le dossier \u00e9tait inclus dans le point de restauration ou la sauvegarde.<\/p>\n<p><b>Conclusion :<\/b> En exploitant les options de restauration syst\u00e8me int\u00e9gr\u00e9es, les utilisateurs peuvent \u00eatre capables de r\u00e9cup\u00e9rer des photos sans logiciel tiers.<\/p>\n<h3>M\u00e9thode 4 : Services de r\u00e9cup\u00e9ration de donn\u00e9es &#128736;<\/h3>\n<ul>\n<li>Recherchez des <b>services de r\u00e9cup\u00e9ration de donn\u00e9es<\/b> r\u00e9put\u00e9s avec une exp\u00e9rience de la r\u00e9cup\u00e9ration de carte SD. Un service recommand\u00e9 est <a href='https:\/\/www.drivesaversdatarecovery.com\/' rel=\"nofollow noopener\" target='_blank'>DriveSavers<\/a>.<\/li>\n<li>Contactez le service et fournissez les d\u00e9tails de la situation de perte de donn\u00e9es.<\/li>\n<li>Envoyez la carte SD pour des tentatives de r\u00e9cup\u00e9ration physique dans un environnement de laboratoire professionnel.<\/li>\n<\/ul>\n<p><b>Note :<\/b> Les services de r\u00e9cup\u00e9ration de donn\u00e9es peuvent \u00eatre co\u00fbteux mais offrent la meilleure chance de r\u00e9cup\u00e9ration pour les cartes SD gravement endommag\u00e9es ou corrompues.<\/p>\n<p><b>Conclusion :<\/b> Pour les cartes SD irr\u00e9parables, les services professionnels de r\u00e9cup\u00e9ration de donn\u00e9es sont le dernier rempart pour r\u00e9cup\u00e9rer les photos perdues.<\/p>\n<h3>M\u00e9thode 5 : R\u00e9parations via l&rsquo;Invite de commandes &#128421;<\/h3>\n<ul>\n<li>Connectez la carte SD \u00e0 l&rsquo;ordinateur et lancez <b>l&rsquo;Invite de commandes<\/b> en tant qu&rsquo;administrateur.<\/li>\n<li>Tapez &lsquo;chkdsk [lettre de lecteur]: \/f \/r \/x&rsquo; et appuyez sur <b>Entr\u00e9e<\/b>.<\/li>\n<li>Remplacez [lettre de lecteur] par la lettre correcte attribu\u00e9e \u00e0 votre carte SD.<\/li>\n<li>Attendez la fin du processus et v\u00e9rifiez si les photos r\u00e9apparaissent.<\/li>\n<\/ul>\n<p><b>Note :<\/b> Cette commande v\u00e9rifie le disque pour les erreurs et tente de corriger les probl\u00e8mes de syst\u00e8me de fichiers qui peuvent causer la disparition des photos.<\/p>\n<p><b>Conclusion :<\/b> L&rsquo;Invite de commandes est un outil puissant de Windows qui, lorsqu&rsquo;il est correctement appliqu\u00e9, peut r\u00e9soudre les petites corruptions et erreurs sur les cartes SD.<\/p>\n<\/section>\n<section>\n<div>\n<div>3<\/div>\n<h2>Vid\u00e9o Youtube \u00e0 regarder<\/h2>\n<\/div>\n<div class=\"iframe\"><iframe width=\"420\" height=\"315\" src=\"\/\/www.youtube.com\/embed\/lxwqPsKaGmo\" frameborder=\"0\" allowfullscreen><\/iframe><\/div>\n<\/section>\n<section>\n<div>\n<div>4<\/div>\n<h2>Pr\u00e9cautions et Conseils :<\/h2>\n<\/div>\n<h3>Maintenir la sant\u00e9 de la carte SD &#128737;<\/h3>\n<ul>\n<li>Toujours \u00e9jecter la carte SD en toute s\u00e9curit\u00e9 des appareils en utilisant la fonction <b>&lsquo;Retirer le mat\u00e9riel en toute s\u00e9curit\u00e9&rsquo;<\/b>.<\/li>\n<li>\u00c9viter d&rsquo;utiliser la m\u00eame carte SD sur plusieurs appareils sans un formatage appropri\u00e9 pour pr\u00e9venir la corruption.<\/li>\n<li>Sauvegarder r\u00e9guli\u00e8rement vos photos sur un stockage en nuage ou un disque dur externe pour une s\u00e9curit\u00e9 accrue.<\/li>\n<\/ul>\n<\/section>\n<section>\n<div>\n<div>5<\/div>\n<h2>Renforcer la s\u00e9curit\u00e9 des donn\u00e9es<\/h2>\n<\/div>\n<p>Un aspect de l&rsquo;assurance que vos photos restent accessibles est de <b>renforcer la s\u00e9curit\u00e9 des donn\u00e9es<\/b>. Cela implique une approche proactive de la gestion des donn\u00e9es et inclut des pratiques telles que les <b>sauvegardes r\u00e9guli\u00e8res<\/b>, la connaissance des <b>signes de d\u00e9faillance de la carte SD<\/b>, et l&rsquo;utilisation de <b>mat\u00e9riel fiable<\/b>. Le march\u00e9 regorge de produits pr\u00e9tendant prot\u00e9ger vos donn\u00e9es, mais il faut \u00eatre s\u00e9lectif dans le choix des bons outils. Par exemple, opter pour une carte SD tr\u00e8s bien not\u00e9e de <a href='https:\/\/www.sandisk.com\/' rel=\"nofollow noopener\" target='_blank'>SanDisk<\/a> ou <a href='https:\/\/www.lexar.com\/' rel=\"nofollow noopener\" target='_blank'>Lexar<\/a> peut \u00eatre moins risqu\u00e9 que de choisir une marque moins connue sans ant\u00e9c\u00e9dents prouv\u00e9s.<\/p>\n<p>Il est tout aussi imp\u00e9ratif de garder votre micrologiciel et vos logiciels \u00e0 jour. Les fabricants publient r\u00e9guli\u00e8rement des mises \u00e0 jour qui am\u00e9liorent non seulement les performances, mais qui corrigent \u00e9galement les vuln\u00e9rabilit\u00e9s de s\u00e9curit\u00e9. Par exemple, le support Microsoft offre une pl\u00e9thore de ressources pour maintenir votre syst\u00e8me \u00e0 jour.<\/p>\n<\/section>\n<section>\n<h2>Conclusion :<\/h2>\n<div class=\"nonp\">\n<p>En conclusion, bien que rencontrer des <b>photos disparues<\/b> d&rsquo;une carte SD puisse sembler \u00eatre une perte irr\u00e9vocable, heureusement, ce n&rsquo;est souvent pas le cas. Avec les outils ad\u00e9quats \u00e0 votre disposition, comme <b>Disk Drill<\/b>, et une compr\u00e9hension compl\u00e8te des <b>m\u00e9thodes de r\u00e9cup\u00e9ration de donn\u00e9es<\/b>, vous avez de bonnes chances de r\u00e9cup\u00e9rer ces pr\u00e9cieux souvenirs. Rappelez-vous, chaque sc\u00e9nario exige une approche consid\u00e9r\u00e9e, qui, coupl\u00e9e avec des sauvegardes r\u00e9guli\u00e8res et une manipulation s\u00fbre des supports num\u00e9riques, peut r\u00e9duire significativement le risque de perte de donn\u00e9es.<\/p>\n<\/div>\n<\/section>\n","protected":false},"excerpt":{"rendered":"<p>Comment r\u00e9cup\u00e9rer des photos qui ont disparu de votre carte SD &#13; &#13; Les photos conservent nos souvenirs pr\u00e9cieux et les perdre peut \u00eatre angoissant. Surtout lorsque votre carte SD devient soudainement vide ou que les fichiers semblent avoir myst\u00e9rieusement disparu. C&rsquo;est un sc\u00e9nario que j&rsquo;ai r\u00e9cemment rencontr\u00e9 et, apr\u00e8s avoir navigu\u00e9 dans la panique, [&hellip;]<\/p>\n","protected":false},"author":2,"featured_media":35936,"parent":0,"menu_order":0,"comment_status":"closed","ping_status":"closed","template":"chromecast.php","meta":{"_stopmodifiedupdate":false,"_modified_date":"","_lmt_disableupdate":"yes","_lmt_disable":""},"acf":[],"yoast_head":"<!-- This site is optimized with the Yoast SEO plugin v20.9 - https:\/\/yoast.com\/wordpress\/plugins\/seo\/ -->\n<title>Comment g\u00e9rer la disparition de photos sur les cartes SD : conseils de r\u00e9cup\u00e9ration<\/title>\n<meta name=\"robots\" content=\"index, follow, max-snippet:-1, max-image-preview:large, max-video-preview:-1\" \/>\n<link rel=\"canonical\" href=\"https:\/\/datarecovery.ping.fm\/fr\/photos-disappeared-from-sd-card\/\" \/>\n<meta property=\"og:locale\" content=\"fr_FR\" \/>\n<meta property=\"og:type\" content=\"article\" \/>\n<meta property=\"og:title\" content=\"Comment g\u00e9rer la disparition de photos sur les cartes SD : conseils de r\u00e9cup\u00e9ration\" \/>\n<meta property=\"og:description\" content=\"Comment r\u00e9cup\u00e9rer des photos qui ont disparu de votre carte SD &#013; &#013; Les photos conservent nos souvenirs pr\u00e9cieux et les perdre peut \u00eatre angoissant. Surtout lorsque votre carte SD devient soudainement vide ou que les fichiers semblent avoir myst\u00e9rieusement disparu. C&rsquo;est un sc\u00e9nario que j&rsquo;ai r\u00e9cemment rencontr\u00e9 et, apr\u00e8s avoir navigu\u00e9 dans la panique, [&hellip;]\" \/>\n<meta property=\"og:url\" content=\"https:\/\/datarecovery.ping.fm\/fr\/photos-disappeared-from-sd-card\/\" \/>\n<meta property=\"og:site_name\" content=\"Logiciel de r\u00e9cup\u00e9ration de donn\u00e9es\" \/>\n<meta property=\"article:modified_time\" content=\"2024-02-16T08:53:40+00:00\" \/>\n<meta property=\"og:image\" content=\"https:\/\/datarecovery.ping.fm\/wp-content\/uploads\/2024\/03\/How-to-Recover-Photos-That-Have-Disappeared-from-Your-SD-Card-French.jpg\" \/>\n\t<meta property=\"og:image:width\" content=\"1280\" \/>\n\t<meta property=\"og:image:height\" content=\"731\" \/>\n\t<meta property=\"og:image:type\" content=\"image\/jpeg\" \/>\n<meta name=\"twitter:card\" content=\"summary_large_image\" \/>\n<meta name=\"twitter:label1\" content=\"Est. reading time\" \/>\n\t<meta name=\"twitter:data1\" content=\"6 minutes\" \/>\n<script type=\"application\/ld+json\" class=\"yoast-schema-graph\">{\"@context\":\"https:\/\/schema.org\",\"@graph\":[{\"@type\":\"WebPage\",\"@id\":\"https:\/\/datarecovery.ping.fm\/fr\/photos-disappeared-from-sd-card\/\",\"url\":\"https:\/\/datarecovery.ping.fm\/fr\/photos-disappeared-from-sd-card\/\",\"name\":\"Comment g\u00e9rer la disparition de photos sur les cartes SD : conseils de r\u00e9cup\u00e9ration\",\"isPartOf\":{\"@id\":\"https:\/\/datarecovery.ping.fm\/fr\/#website\"},\"datePublished\":\"2023-12-25T15:46:11+00:00\",\"dateModified\":\"2024-02-16T08:53:40+00:00\",\"breadcrumb\":{\"@id\":\"https:\/\/datarecovery.ping.fm\/fr\/photos-disappeared-from-sd-card\/#breadcrumb\"},\"inLanguage\":\"fr-FR\",\"potentialAction\":[{\"@type\":\"ReadAction\",\"target\":[\"https:\/\/datarecovery.ping.fm\/fr\/photos-disappeared-from-sd-card\/\"]}]},{\"@type\":\"BreadcrumbList\",\"@id\":\"https:\/\/datarecovery.ping.fm\/fr\/photos-disappeared-from-sd-card\/#breadcrumb\",\"itemListElement\":[{\"@type\":\"ListItem\",\"position\":1,\"name\":\"Home\",\"item\":\"https:\/\/datarecovery.ping.fm\/fr\/\"},{\"@type\":\"ListItem\",\"position\":2,\"name\":\"Comment r\u00e9cup\u00e9rer des photos qui ont disparu de votre carte SD\"}]},{\"@type\":\"WebSite\",\"@id\":\"https:\/\/datarecovery.ping.fm\/fr\/#website\",\"url\":\"https:\/\/datarecovery.ping.fm\/fr\/\",\"name\":\"Logiciel de r\u00e9cup\u00e9ration de donn\u00e9es\",\"description\":\"\",\"potentialAction\":[{\"@type\":\"SearchAction\",\"target\":{\"@type\":\"EntryPoint\",\"urlTemplate\":\"https:\/\/datarecovery.ping.fm\/fr\/?s={search_term_string}\"},\"query-input\":\"required name=search_term_string\"}],\"inLanguage\":\"fr-FR\"}]}<\/script>\n<!-- \/ Yoast SEO plugin. -->","yoast_head_json":{"title":"Comment g\u00e9rer la disparition de photos sur les cartes SD : conseils de r\u00e9cup\u00e9ration","robots":{"index":"index","follow":"follow","max-snippet":"max-snippet:-1","max-image-preview":"max-image-preview:large","max-video-preview":"max-video-preview:-1"},"canonical":"https:\/\/datarecovery.ping.fm\/fr\/photos-disappeared-from-sd-card\/","og_locale":"fr_FR","og_type":"article","og_title":"Comment g\u00e9rer la disparition de photos sur les cartes SD : conseils de r\u00e9cup\u00e9ration","og_description":"Comment r\u00e9cup\u00e9rer des photos qui ont disparu de votre carte SD &#13; &#13; Les photos conservent nos souvenirs pr\u00e9cieux et les perdre peut \u00eatre angoissant. Surtout lorsque votre carte SD devient soudainement vide ou que les fichiers semblent avoir myst\u00e9rieusement disparu. C&rsquo;est un sc\u00e9nario que j&rsquo;ai r\u00e9cemment rencontr\u00e9 et, apr\u00e8s avoir navigu\u00e9 dans la panique, [&hellip;]","og_url":"https:\/\/datarecovery.ping.fm\/fr\/photos-disappeared-from-sd-card\/","og_site_name":"Logiciel de r\u00e9cup\u00e9ration de donn\u00e9es","article_modified_time":"2024-02-16T08:53:40+00:00","og_image":[{"width":1280,"height":731,"url":"https:\/\/datarecovery.ping.fm\/wp-content\/uploads\/2024\/03\/How-to-Recover-Photos-That-Have-Disappeared-from-Your-SD-Card-French.jpg","type":"image\/jpeg"}],"twitter_card":"summary_large_image","twitter_misc":{"Est. reading time":"6 minutes"},"schema":{"@context":"https:\/\/schema.org","@graph":[{"@type":"WebPage","@id":"https:\/\/datarecovery.ping.fm\/fr\/photos-disappeared-from-sd-card\/","url":"https:\/\/datarecovery.ping.fm\/fr\/photos-disappeared-from-sd-card\/","name":"Comment g\u00e9rer la disparition de photos sur les cartes SD : conseils de r\u00e9cup\u00e9ration","isPartOf":{"@id":"https:\/\/datarecovery.ping.fm\/fr\/#website"},"datePublished":"2023-12-25T15:46:11+00:00","dateModified":"2024-02-16T08:53:40+00:00","breadcrumb":{"@id":"https:\/\/datarecovery.ping.fm\/fr\/photos-disappeared-from-sd-card\/#breadcrumb"},"inLanguage":"fr-FR","potentialAction":[{"@type":"ReadAction","target":["https:\/\/datarecovery.ping.fm\/fr\/photos-disappeared-from-sd-card\/"]}]},{"@type":"BreadcrumbList","@id":"https:\/\/datarecovery.ping.fm\/fr\/photos-disappeared-from-sd-card\/#breadcrumb","itemListElement":[{"@type":"ListItem","position":1,"name":"Home","item":"https:\/\/datarecovery.ping.fm\/fr\/"},{"@type":"ListItem","position":2,"name":"Comment r\u00e9cup\u00e9rer des photos qui ont disparu de votre carte SD"}]},{"@type":"WebSite","@id":"https:\/\/datarecovery.ping.fm\/fr\/#website","url":"https:\/\/datarecovery.ping.fm\/fr\/","name":"Logiciel de r\u00e9cup\u00e9ration de donn\u00e9es","description":"","potentialAction":[{"@type":"SearchAction","target":{"@type":"EntryPoint","urlTemplate":"https:\/\/datarecovery.ping.fm\/fr\/?s={search_term_string}"},"query-input":"required name=search_term_string"}],"inLanguage":"fr-FR"}]}},"_links":{"self":[{"href":"https:\/\/datarecovery.ping.fm\/fr\/wp-json\/wp\/v2\/pages\/12657"}],"collection":[{"href":"https:\/\/datarecovery.ping.fm\/fr\/wp-json\/wp\/v2\/pages"}],"about":[{"href":"https:\/\/datarecovery.ping.fm\/fr\/wp-json\/wp\/v2\/types\/page"}],"author":[{"embeddable":true,"href":"https:\/\/datarecovery.ping.fm\/fr\/wp-json\/wp\/v2\/users\/2"}],"replies":[{"embeddable":true,"href":"https:\/\/datarecovery.ping.fm\/fr\/wp-json\/wp\/v2\/comments?post=12657"}],"version-history":[{"count":1,"href":"https:\/\/datarecovery.ping.fm\/fr\/wp-json\/wp\/v2\/pages\/12657\/revisions"}],"predecessor-version":[{"id":35935,"href":"https:\/\/datarecovery.ping.fm\/fr\/wp-json\/wp\/v2\/pages\/12657\/revisions\/35935"}],"wp:featuredmedia":[{"embeddable":true,"href":"https:\/\/datarecovery.ping.fm\/fr\/wp-json\/wp\/v2\/media\/35936"}],"wp:attachment":[{"href":"https:\/\/datarecovery.ping.fm\/fr\/wp-json\/wp\/v2\/media?parent=12657"}],"curies":[{"name":"wp","href":"https:\/\/api.w.org\/{rel}","templated":true}]}}