{"id":12406,"date":"2023-12-25T15:46:11","date_gmt":"2023-12-25T15:46:11","guid":{"rendered":"https:\/\/www.ping.fm\/data-recovery-software\/recover-files-disappeared-from-desktop\/"},"modified":"2024-02-16T08:53:39","modified_gmt":"2024-02-16T08:53:39","slug":"recover-files-disappeared-from-desktop","status":"publish","type":"page","link":"https:\/\/datarecovery.ping.fm\/fr\/recover-files-disappeared-from-desktop\/","title":{"rendered":"Comment trouver et restaurer des fichiers qui ont disparu de votre bureau"},"content":{"rendered":"<section>\n<h1>Comment retrouver et restaurer des fichiers qui ont disparu de votre bureau<\/h1>\n<div class=\"inbrief\">\n<div>             <img src=\"https:\/\/www.ping.fm\/data-recovery-software\/wp-content\/uploads\/ai\/How-to-Find-and-Restore-Files-That-Disappeared-from-Your-Desktop-French.jpg\" alt=\"Comment retrouver et restaurer des fichiers qui ont disparu de votre bureau\" title=\"Comment retrouver et restaurer des fichiers qui ont disparu de votre bureau\" width=\"1280\" height=\"720\">             <\/p>\n<p>Rencontrer la disparition soudaine de fichiers de votre bureau sous Windows peut \u00eatre un cauchemar pour quiconque d\u00e9pend fortement de son ordinateur pour le travail ou des affaires personnelles. Heureusement, il existe des m\u00e9thodes pour r\u00e9cup\u00e9rer ces fichiers perdus et att\u00e9nuer la panique que vous pourriez ressentir. Dans cet article, nous allons explorer plusieurs m\u00e9thodes pour r\u00e9cup\u00e9rer les fichiers qui ont apparemment disparu de votre bureau, en nous concentrant sur l&rsquo;utilisation du c\u00e9l\u00e8bre logiciel de r\u00e9cup\u00e9ration, Disk Drill. Pour un <a href='https:\/\/www.handyrecovery.com\/disk-drill-review\/' rel=\"dofollow noopener\" target='_blank'>examen approfondi de Disk Drill<\/a>, qui couvre divers sc\u00e9narios de perte de donn\u00e9es, cette page contient un avis tr\u00e8s d\u00e9taill\u00e9 sur Disk Drill.<\/p>\n<\/div>\n<\/div>\n<\/section>\n<section>\n<div>\n<div>1<\/div>\n<h2>Sc\u00e9narios communs :<\/h2>\n<\/div>\n<h3>Suppression accidentelle &#128465;<\/h3>\n<ul>\n<li>Les fichiers peuvent souvent dispara\u00eetre en raison d&rsquo;une <b>suppression accidentelle<\/b>, qui peut survenir lorsque vous appuyez par inadvertance sur la touche de suppression ou effectuez une suppression par lot sans r\u00e9aliser que des fichiers importants sont s\u00e9lectionn\u00e9s.<\/li>\n<li>Les fichiers supprim\u00e9s de cette mani\u00e8re se retrouvent g\u00e9n\u00e9ralement dans la <b>Corbeille<\/b>, d&rsquo;o\u00f9 ils peuvent g\u00e9n\u00e9ralement \u00eatre restaur\u00e9s facilement.<\/li>\n<\/ul>\n<h3>Erreurs du syst\u00e8me &#128295;<\/h3>\n<ul>\n<li>Des probl\u00e8mes li\u00e9s au syst\u00e8me tels que des <b>fichiers syst\u00e8me corrompus<\/b>, des arr\u00eats inappropri\u00e9s ou des conflits logiciels peuvent entra\u00eener la disparition de fichiers de bureau.<\/li>\n<li>Dans de tels cas, la r\u00e9cup\u00e9ration peut n\u00e9cessiter la r\u00e9paration de fichiers syst\u00e8me ou l&rsquo;utilisation de logiciels comme Disk Drill pour r\u00e9cup\u00e9rer les donn\u00e9es perdues.<\/li>\n<\/ul>\n<h3>Attaques de logiciels malveillants &#129440;<\/h3>\n<ul>\n<li>Les <b>virus et logiciels malveillants<\/b> peuvent faire dispara\u00eetre les fichiers en les d\u00e9pla\u00e7ant vers des emplacements inconnus ou en les chiffrant, les rendant inaccessibles.<\/li>\n<li>Alors qu&rsquo;une solution antivirus peut \u00e9liminer le logiciel malveillant, la r\u00e9cup\u00e9ration des fichiers n\u00e9cessite souvent des outils sp\u00e9cialis\u00e9s de r\u00e9cup\u00e9ration de fichiers.<\/li>\n<\/ul>\n<\/section>\n<section class=\"stepByStep\">\n<div>\n<div>2<\/div>\n<h2>Guide \u00e9tape par \u00e9tape. Fichiers disparus du bureau Windows :<\/h2>\n<\/div>\n<h3>M\u00e9thode 1 : V\u00e9rifier la Corbeille &#128465;<\/h3>\n<ul>\n<li>Ouvrez la <b>Corbeille<\/b> en double-cliquant sur son ic\u00f4ne sur le bureau.<\/li>\n<li>Recherchez vos fichiers manquants dans la liste. Si pr\u00e9sents, faites un clic droit sur eux et s\u00e9lectionnez <b>&lsquo;Restaurer&rsquo;<\/b>.<\/li>\n<li>Les fichiers devraient r\u00e9appara\u00eetre sur votre bureau apr\u00e8s le processus de restauration.<\/li>\n<\/ul>\n<p><b>Note :<\/b> Cette m\u00e9thode ne fonctionne que pour les fichiers qui n&rsquo;ont pas \u00e9t\u00e9 supprim\u00e9s de fa\u00e7on permanente de la Corbeille.<\/p>\n<p><b>Conclusion :<\/b> V\u00e9rifier la Corbeille devrait \u00eatre la premi\u00e8re \u00e9tape de la r\u00e9cup\u00e9ration de fichiers, car c&rsquo;est simple et souvent couronn\u00e9 de succ\u00e8s.<\/p>\n<h3>M\u00e9thode 2 : Utiliser l&rsquo;Historique des fichiers &#128338;<\/h3>\n<ul>\n<li>Allez dans <b>Param\u00e8tres<\/b> > <b>Mise \u00e0 jour et s\u00e9curit\u00e9<\/b> > <b>Sauvegarde<\/b> et assurez-vous que &lsquo;l&rsquo;Historique des fichiers&rsquo; est activ\u00e9.<\/li>\n<li>S\u00e9lectionnez <b>&lsquo;Plus d&rsquo;options&rsquo;<\/b> > <b>&lsquo;Restaurer les fichiers \u00e0 partir d&rsquo;une sauvegarde actuelle&rsquo;<\/b>.<\/li>\n<li>Parcourez les dossiers et s\u00e9lectionnez les fichiers \u00e0 r\u00e9cup\u00e9rer, puis cliquez sur le bouton <b>&lsquo;Restaurer&rsquo;<\/b> pour les retrouver.<\/li>\n<\/ul>\n<p><b>Note :<\/b> L&rsquo;Historique des fichiers doit \u00eatre activ\u00e9 avant la perte de donn\u00e9es pour que cette m\u00e9thode fonctionne.<\/p>\n<p><b>Conclusion :<\/b> L&rsquo;Historique des fichiers est un moyen efficace de r\u00e9cup\u00e9rer des versions pr\u00e9c\u00e9dentes de fichiers, \u00e0 condition qu&rsquo;il ait \u00e9t\u00e9 configur\u00e9 avant que les fichiers ne disparaissent.<\/p>\n<h3>M\u00e9thode 3 : R\u00e9cup\u00e9rer les fichiers avec Disk Drill &#128189;<\/h3>\n<ul>\n<li>T\u00e9l\u00e9chargez et installez <b>Disk Drill<\/b> depuis son <a href='https:\/\/www.cleverfiles.com\/' rel=\"nofollow noopener\" target='_blank'>site officiel<\/a>.<\/li>\n<li>Ex\u00e9cutez le logiciel et s\u00e9lectionnez le lecteur o\u00f9 vos fichiers de bureau \u00e9taient initialement stock\u00e9s.<\/li>\n<li>Cliquez sur le bouton <b>&lsquo;Rechercher des donn\u00e9es perdues&rsquo;<\/b> pour lancer le scan.<\/li>\n<li>Une fois le scan termin\u00e9, parcourez les fichiers trouv\u00e9s, s\u00e9lectionnez ceux que vous souhaitez r\u00e9cup\u00e9rer et appuyez sur le bouton <b>&lsquo;R\u00e9cup\u00e9rer&rsquo;<\/b>.<\/li>\n<\/ul>\n<p><b>Note :<\/b> Il est recommand\u00e9 de r\u00e9cup\u00e9rer les fichiers sur un lecteur diff\u00e9rent de celui o\u00f9 ils ont \u00e9t\u00e9 perdus pour \u00e9viter l&rsquo;\u00e9crasement.<\/p>\n<p><b>Conclusion :<\/b> Disk Drill est un outil robuste pour la r\u00e9cup\u00e9ration de fichiers perdus, avec des fonctionnalit\u00e9s de r\u00e9cup\u00e9ration de fichiers avanc\u00e9es qui peuvent sauver la mise dans des situations critiques.<\/p>\n<h3>M\u00e9thode 4 : Restaurer une version pr\u00e9c\u00e9dente &#128116;<\/h3>\n<ul>\n<li>Faites un clic droit sur le dossier du bureau ou sur l&#8217;emplacement o\u00f9 se trouvait votre fichier et s\u00e9lectionnez <b>&lsquo;Restaurer les versions pr\u00e9c\u00e9dentes&rsquo;<\/b>.<\/li>\n<li>Choisissez une version du dossier d&rsquo;avant la disparition des fichiers et cliquez sur <b>&lsquo;Restaurer&rsquo;<\/b>.<\/li>\n<li>Confirmez la restauration pour ramener vos fichiers perdus.<\/li>\n<\/ul>\n<p><b>Note :<\/b> Cette m\u00e9thode repose sur l&rsquo;activation de la Restauration du syst\u00e8me et la cr\u00e9ation de points de restauration avant la perte de fichiers.<\/p>\n<p><b>Conclusion :<\/b> Restaurer les versions pr\u00e9c\u00e9dentes peut vous aider \u00e0 r\u00e9cup\u00e9rer rapidement des fichiers sans utiliser de logiciels tiers.<\/p>\n<h3>M\u00e9thode 5 : Afficher les fichiers cach\u00e9s &#128584;<\/h3>\n<ul>\n<li>Dans l&rsquo;Explorateur de fichiers, allez dans l&rsquo;onglet <b>&lsquo;Affichage&rsquo;<\/b> et cliquez sur <b>&lsquo;Options&rsquo;<\/b> pour ouvrir les Options des dossiers.<\/li>\n<li>S\u00e9lectionnez l&rsquo;onglet <b>&lsquo;Affichage&rsquo;<\/b> et, sous Param\u00e8tres avanc\u00e9s, choisissez &lsquo;Afficher les fichiers, dossiers et lecteurs cach\u00e9s&rsquo;.<\/li>\n<li>Cliquez sur <b>&lsquo;OK&rsquo;<\/b> et v\u00e9rifiez votre bureau pour les fichiers pr\u00e9c\u00e9demment cach\u00e9s.<\/li>\n<\/ul>\n<p><b>Note :<\/b> Certains fichiers peuvent \u00eatre cach\u00e9s par les param\u00e8tres du syst\u00e8me ou par des actions de l&rsquo;utilisateur, cette m\u00e9thode les r\u00e9v\u00e8le \u00e0 nouveau.<\/p>\n<p><b>Conclusion :<\/b> Les fichiers cach\u00e9s peuvent souvent \u00eatre la cause de la &lsquo;disparition&rsquo;, et ajuster les param\u00e8tres d&rsquo;affichage est une solution rapide.<\/p>\n<h3>M\u00e9thode 6 : Analyse des logiciels malveillants &#128269;<\/h3>\n<ul>\n<li>Utilisez un programme antivirus fiable pour effectuer un scan approfondi de votre ordinateur.<\/li>\n<li>Si un logiciel malveillant est d\u00e9tect\u00e9, laissez le logiciel antivirus proc\u00e9der aux actions recommand\u00e9es pour mettre en quarantaine ou supprimer celui-ci.<\/li>\n<li>Apr\u00e8s la suppression du malware, utilisez un logiciel de r\u00e9cup\u00e9ration de fichiers, comme Disk Drill, pour tenter de r\u00e9cup\u00e9rer les fichiers affect\u00e9s.<\/li>\n<\/ul>\n<p><b>Note :<\/b> Assurez-vous toujours que votre logiciel antivirus est \u00e0 jour pour une protection et une r\u00e9cup\u00e9ration efficaces.<\/p>\n<p><b>Conclusion :<\/b> L&rsquo;attaque de logiciels malveillants entra\u00eene souvent la disparition de fichiers, et les supprimer est la premi\u00e8re \u00e9tape vers la r\u00e9cup\u00e9ration.<\/p>\n<\/section>\n<section>\n<div>\n<div>3<\/div>\n<h2>Vid\u00e9o Youtube \u00e0 regarder<\/h2>\n<\/div>\n<div class=\"iframe\"><iframe width=\"420\" height=\"315\" src=\"\/\/www.youtube.com\/embed\/QIOq9bFZTZA\" frameborder=\"0\" allowfullscreen><\/iframe><\/div>\n<\/section>\n<section>\n<div>\n<div>4<\/div>\n<h2>Pr\u00e9cautions et conseils :<\/h2>\n<\/div>\n<h3>Soyez pr\u00e9par\u00e9 &#128737;<\/h3>\n<ul>\n<li>Sauvegardez r\u00e9guli\u00e8rement vos fichiers sur des disques externes ou des solutions de stockage en nuage.<\/li>\n<li>Activez <b>&lsquo;l&rsquo;historique des fichiers&rsquo;<\/b> dans Windows pour sauvegarder automatiquement vos documents.<\/li>\n<\/ul>\n<h3>Actions imm\u00e9diates &#128161;<\/h3>\n<ul>\n<li>\u00c9vitez d&rsquo;\u00e9crire de nouvelles donn\u00e9es sur le lecteur o\u00f9 les fichiers ont disparu pour emp\u00eacher l&rsquo;\u00e9crasement.<\/li>\n<li>Arr\u00eatez d&rsquo;utiliser le PC affect\u00e9 jusqu&rsquo;\u00e0 ce que vous ayez compl\u00e9t\u00e9 le processus de r\u00e9cup\u00e9ration des fichiers afin de minimiser la perte de donn\u00e9es.<\/li>\n<\/ul>\n<\/section>\n<section>\n<div>\n<div>5<\/div>\n<h2>Mesures proactives<\/h2>\n<\/div>\n<p>L&rsquo;une des m\u00e9thodes les plus <b>efficaces<\/b> pour pr\u00e9venir la perte de fichiers importants est de prendre des mesures proactives. En plus des sauvegardes planifi\u00e9es r\u00e9guli\u00e8rement, envisagez d&rsquo;utiliser la fonctionnalit\u00e9 <a href='https:\/\/support.microsoft.com\/en-us\/windows\/back-up-and-restore-your-pc-acbdbb1e-a5f8-b3b6-c5b3-2ebfaf8a9a82' rel=\"nofollow noopener\" target='_blank'>Sauvegarde et restauration de Windows<\/a>. Cette fonctionnalit\u00e9 vous permet de cr\u00e9er des images syst\u00e8mes et des sauvegardes de fichiers, qui peuvent \u00eatre restaur\u00e9es si n\u00e9cessaire.<\/p>\n<p>Un autre aspect crucial de la s\u00e9curit\u00e9 des fichiers provient de la compr\u00e9hension du risque de <b>dommage physique au disque dur<\/b>. Les disques externes sont sujets \u00e0 des d\u00e9faillances dues \u00e0 la mauvaise manipulation, aux facteurs environnementaux ou simplement en raison de leur nature m\u00e9canique. Renseignez-vous sur les signes de d\u00e9faillance des disques sur le <a href='https:\/\/www.backblaze.com\/blog\/what-hard-drive-should-i-buy\/' rel=\"nofollow noopener\" target='_blank'>blog de Backblaze<\/a> afin de pouvoir remplacer ou cloner les disques avant que la perte de donn\u00e9es catastrophique se produise.<\/p>\n<p>L&rsquo;organisation des fichiers peut \u00e9galement jouer un r\u00f4le dans la r\u00e9cup\u00e9ration des donn\u00e9es. Des dossiers clairement \u00e9tiquet\u00e9s et un syst\u00e8me d&rsquo;organisation des fichiers structur\u00e9 aident \u00e0 identifier rapidement les fichiers perdus et \u00e0 \u00e9valuer l&rsquo;ampleur de toute perte. Prendre l&rsquo;habitude de cat\u00e9goriser et de stocker correctement les fichiers r\u00e9duit non seulement le risque de suppression accidentelle, mais rend \u00e9galement les efforts de r\u00e9cup\u00e9ration plus simples en cas de perte de donn\u00e9es.<\/p>\n<\/section>\n<section>\n<h2>Conclusion :<\/h2>\n<div class=\"nonp\">\n<p>Aussi frustrant que cela puisse \u00eatre d&rsquo;avoir des fichiers qui disparaissent de votre bureau, plusieurs <b>m\u00e9thodes de r\u00e9cup\u00e9ration<\/b> sont disponibles et adapt\u00e9es \u00e0 diff\u00e9rents sc\u00e9narios de perte de donn\u00e9es. En utilisant des outils comme Disk Drill et en mettant en \u0153uvre les conseils partag\u00e9s dans les <b>astuces<\/b> et les <b>mesures proactives<\/b>, vos chances de r\u00e9cup\u00e9rer vos donn\u00e9es pr\u00e9cieuses augmentent significativement. Souvenez-vous, la cl\u00e9 d&rsquo;une r\u00e9cup\u00e9ration de donn\u00e9es r\u00e9ussie r\u00e9side souvent dans l&rsquo;imm\u00e9diatet\u00e9 de votre r\u00e9ponse et l&rsquo;efficacit\u00e9 de votre strat\u00e9gie de pr\u00e9paration.<\/p>\n<\/div>\n<\/section>\n","protected":false},"excerpt":{"rendered":"<p>Comment retrouver et restaurer des fichiers qui ont disparu de votre bureau Rencontrer la disparition soudaine de fichiers de votre bureau sous Windows peut \u00eatre un cauchemar pour quiconque d\u00e9pend fortement de son ordinateur pour le travail ou des affaires personnelles. Heureusement, il existe des m\u00e9thodes pour r\u00e9cup\u00e9rer ces fichiers perdus et att\u00e9nuer la panique [&hellip;]<\/p>\n","protected":false},"author":2,"featured_media":35924,"parent":0,"menu_order":0,"comment_status":"closed","ping_status":"closed","template":"chromecast.php","meta":{"_stopmodifiedupdate":false,"_modified_date":"","_lmt_disableupdate":"yes","_lmt_disable":""},"acf":[],"yoast_head":"<!-- This site is optimized with the Yoast SEO plugin v20.9 - https:\/\/yoast.com\/wordpress\/plugins\/seo\/ -->\n<title>Comment r\u00e9cup\u00e9rer des fichiers qui ont disparu de votre bureau<\/title>\n<meta name=\"robots\" content=\"index, follow, max-snippet:-1, max-image-preview:large, max-video-preview:-1\" \/>\n<link rel=\"canonical\" href=\"https:\/\/datarecovery.ping.fm\/fr\/recover-files-disappeared-from-desktop\/\" \/>\n<meta property=\"og:locale\" content=\"fr_FR\" \/>\n<meta property=\"og:type\" content=\"article\" \/>\n<meta property=\"og:title\" content=\"Comment r\u00e9cup\u00e9rer des fichiers qui ont disparu de votre bureau\" \/>\n<meta property=\"og:description\" content=\"Comment retrouver et restaurer des fichiers qui ont disparu de votre bureau Rencontrer la disparition soudaine de fichiers de votre bureau sous Windows peut \u00eatre un cauchemar pour quiconque d\u00e9pend fortement de son ordinateur pour le travail ou des affaires personnelles. Heureusement, il existe des m\u00e9thodes pour r\u00e9cup\u00e9rer ces fichiers perdus et att\u00e9nuer la panique [&hellip;]\" \/>\n<meta property=\"og:url\" content=\"https:\/\/datarecovery.ping.fm\/fr\/recover-files-disappeared-from-desktop\/\" \/>\n<meta property=\"og:site_name\" content=\"Logiciel de r\u00e9cup\u00e9ration de donn\u00e9es\" \/>\n<meta property=\"article:modified_time\" content=\"2024-02-16T08:53:39+00:00\" \/>\n<meta property=\"og:image\" content=\"https:\/\/datarecovery.ping.fm\/wp-content\/uploads\/2024\/03\/How-to-Find-and-Restore-Files-That-Disappeared-from-Your-Desktop-French.jpg\" \/>\n\t<meta property=\"og:image:width\" content=\"1280\" \/>\n\t<meta property=\"og:image:height\" content=\"731\" \/>\n\t<meta property=\"og:image:type\" content=\"image\/jpeg\" \/>\n<meta name=\"twitter:card\" content=\"summary_large_image\" \/>\n<meta name=\"twitter:label1\" content=\"Est. reading time\" \/>\n\t<meta name=\"twitter:data1\" content=\"7 minutes\" \/>\n<script type=\"application\/ld+json\" class=\"yoast-schema-graph\">{\"@context\":\"https:\/\/schema.org\",\"@graph\":[{\"@type\":\"WebPage\",\"@id\":\"https:\/\/datarecovery.ping.fm\/fr\/recover-files-disappeared-from-desktop\/\",\"url\":\"https:\/\/datarecovery.ping.fm\/fr\/recover-files-disappeared-from-desktop\/\",\"name\":\"Comment r\u00e9cup\u00e9rer des fichiers qui ont disparu de votre bureau\",\"isPartOf\":{\"@id\":\"https:\/\/datarecovery.ping.fm\/fr\/#website\"},\"datePublished\":\"2023-12-25T15:46:11+00:00\",\"dateModified\":\"2024-02-16T08:53:39+00:00\",\"breadcrumb\":{\"@id\":\"https:\/\/datarecovery.ping.fm\/fr\/recover-files-disappeared-from-desktop\/#breadcrumb\"},\"inLanguage\":\"fr-FR\",\"potentialAction\":[{\"@type\":\"ReadAction\",\"target\":[\"https:\/\/datarecovery.ping.fm\/fr\/recover-files-disappeared-from-desktop\/\"]}]},{\"@type\":\"BreadcrumbList\",\"@id\":\"https:\/\/datarecovery.ping.fm\/fr\/recover-files-disappeared-from-desktop\/#breadcrumb\",\"itemListElement\":[{\"@type\":\"ListItem\",\"position\":1,\"name\":\"Home\",\"item\":\"https:\/\/datarecovery.ping.fm\/fr\/\"},{\"@type\":\"ListItem\",\"position\":2,\"name\":\"Comment trouver et restaurer des fichiers qui ont disparu de votre bureau\"}]},{\"@type\":\"WebSite\",\"@id\":\"https:\/\/datarecovery.ping.fm\/fr\/#website\",\"url\":\"https:\/\/datarecovery.ping.fm\/fr\/\",\"name\":\"Logiciel de r\u00e9cup\u00e9ration de donn\u00e9es\",\"description\":\"\",\"potentialAction\":[{\"@type\":\"SearchAction\",\"target\":{\"@type\":\"EntryPoint\",\"urlTemplate\":\"https:\/\/datarecovery.ping.fm\/fr\/?s={search_term_string}\"},\"query-input\":\"required name=search_term_string\"}],\"inLanguage\":\"fr-FR\"}]}<\/script>\n<!-- \/ Yoast SEO plugin. -->","yoast_head_json":{"title":"Comment r\u00e9cup\u00e9rer des fichiers qui ont disparu de votre bureau","robots":{"index":"index","follow":"follow","max-snippet":"max-snippet:-1","max-image-preview":"max-image-preview:large","max-video-preview":"max-video-preview:-1"},"canonical":"https:\/\/datarecovery.ping.fm\/fr\/recover-files-disappeared-from-desktop\/","og_locale":"fr_FR","og_type":"article","og_title":"Comment r\u00e9cup\u00e9rer des fichiers qui ont disparu de votre bureau","og_description":"Comment retrouver et restaurer des fichiers qui ont disparu de votre bureau Rencontrer la disparition soudaine de fichiers de votre bureau sous Windows peut \u00eatre un cauchemar pour quiconque d\u00e9pend fortement de son ordinateur pour le travail ou des affaires personnelles. Heureusement, il existe des m\u00e9thodes pour r\u00e9cup\u00e9rer ces fichiers perdus et att\u00e9nuer la panique [&hellip;]","og_url":"https:\/\/datarecovery.ping.fm\/fr\/recover-files-disappeared-from-desktop\/","og_site_name":"Logiciel de r\u00e9cup\u00e9ration de donn\u00e9es","article_modified_time":"2024-02-16T08:53:39+00:00","og_image":[{"width":1280,"height":731,"url":"https:\/\/datarecovery.ping.fm\/wp-content\/uploads\/2024\/03\/How-to-Find-and-Restore-Files-That-Disappeared-from-Your-Desktop-French.jpg","type":"image\/jpeg"}],"twitter_card":"summary_large_image","twitter_misc":{"Est. reading time":"7 minutes"},"schema":{"@context":"https:\/\/schema.org","@graph":[{"@type":"WebPage","@id":"https:\/\/datarecovery.ping.fm\/fr\/recover-files-disappeared-from-desktop\/","url":"https:\/\/datarecovery.ping.fm\/fr\/recover-files-disappeared-from-desktop\/","name":"Comment r\u00e9cup\u00e9rer des fichiers qui ont disparu de votre bureau","isPartOf":{"@id":"https:\/\/datarecovery.ping.fm\/fr\/#website"},"datePublished":"2023-12-25T15:46:11+00:00","dateModified":"2024-02-16T08:53:39+00:00","breadcrumb":{"@id":"https:\/\/datarecovery.ping.fm\/fr\/recover-files-disappeared-from-desktop\/#breadcrumb"},"inLanguage":"fr-FR","potentialAction":[{"@type":"ReadAction","target":["https:\/\/datarecovery.ping.fm\/fr\/recover-files-disappeared-from-desktop\/"]}]},{"@type":"BreadcrumbList","@id":"https:\/\/datarecovery.ping.fm\/fr\/recover-files-disappeared-from-desktop\/#breadcrumb","itemListElement":[{"@type":"ListItem","position":1,"name":"Home","item":"https:\/\/datarecovery.ping.fm\/fr\/"},{"@type":"ListItem","position":2,"name":"Comment trouver et restaurer des fichiers qui ont disparu de votre bureau"}]},{"@type":"WebSite","@id":"https:\/\/datarecovery.ping.fm\/fr\/#website","url":"https:\/\/datarecovery.ping.fm\/fr\/","name":"Logiciel de r\u00e9cup\u00e9ration de donn\u00e9es","description":"","potentialAction":[{"@type":"SearchAction","target":{"@type":"EntryPoint","urlTemplate":"https:\/\/datarecovery.ping.fm\/fr\/?s={search_term_string}"},"query-input":"required name=search_term_string"}],"inLanguage":"fr-FR"}]}},"_links":{"self":[{"href":"https:\/\/datarecovery.ping.fm\/fr\/wp-json\/wp\/v2\/pages\/12406"}],"collection":[{"href":"https:\/\/datarecovery.ping.fm\/fr\/wp-json\/wp\/v2\/pages"}],"about":[{"href":"https:\/\/datarecovery.ping.fm\/fr\/wp-json\/wp\/v2\/types\/page"}],"author":[{"embeddable":true,"href":"https:\/\/datarecovery.ping.fm\/fr\/wp-json\/wp\/v2\/users\/2"}],"replies":[{"embeddable":true,"href":"https:\/\/datarecovery.ping.fm\/fr\/wp-json\/wp\/v2\/comments?post=12406"}],"version-history":[{"count":1,"href":"https:\/\/datarecovery.ping.fm\/fr\/wp-json\/wp\/v2\/pages\/12406\/revisions"}],"predecessor-version":[{"id":35923,"href":"https:\/\/datarecovery.ping.fm\/fr\/wp-json\/wp\/v2\/pages\/12406\/revisions\/35923"}],"wp:featuredmedia":[{"embeddable":true,"href":"https:\/\/datarecovery.ping.fm\/fr\/wp-json\/wp\/v2\/media\/35924"}],"wp:attachment":[{"href":"https:\/\/datarecovery.ping.fm\/fr\/wp-json\/wp\/v2\/media?parent=12406"}],"curies":[{"name":"wp","href":"https:\/\/api.w.org\/{rel}","templated":true}]}}