{"id":11590,"date":"2023-12-25T15:46:11","date_gmt":"2023-12-25T15:46:11","guid":{"rendered":"https:\/\/www.ping.fm\/data-recovery-software\/sd-card-recovery-software\/"},"modified":"2024-02-29T18:06:33","modified_gmt":"2024-02-29T18:06:33","slug":"sd-card-recovery-software","status":"publish","type":"page","link":"https:\/\/datarecovery.ping.fm\/fr\/sd-card-recovery-software\/","title":{"rendered":"Meilleurs logiciels gratuits de r\u00e9cup\u00e9ration de donn\u00e9es sur carte SD \u00e0 utiliser"},"content":{"rendered":"<section>\n<h1>Meilleur logiciel gratuit de r\u00e9cup\u00e9ration de carte SD \u00e0 utiliser<\/h1>\n<div class=\"inbrief\">\n<div>             <img src=\"https:\/\/www.ping.fm\/data-recovery-software\/wp-content\/uploads\/ai\/Best-Free-SD-Card-Recovery-Software-to-Use-French.jpg\" alt=\"Meilleur logiciel gratuit de r\u00e9cup\u00e9ration de carte SD \u00e0 utiliser\" title=\"Meilleur logiciel gratuit de r\u00e9cup\u00e9ration de carte SD \u00e0 utiliser\" width=\"1280\" height=\"720\">             <\/p>\n<p>Lorsque des vid\u00e9os disparaissent de votre PC ou Mac, la panique peut s&rsquo;installer rapidement. Mais avant de vous r\u00e9soudre \u00e0 une perte, sachez que ces pr\u00e9cieux souvenirs et fichiers importants ne sont peut-\u00eatre pas perdus pour de bon. En fait, avec les bons outils, <b>r\u00e9cup\u00e9rer des vid\u00e9os supprim\u00e9es<\/b> peut souvent \u00eatre \u00e9tonnamment simple. C&rsquo;est quelque chose que j&rsquo;ai d\u00fb faire plus d&rsquo;une fois, et je suis ici pour partager mes exp\u00e9riences personnelles et recommandations pour les meilleurs outils de r\u00e9cup\u00e9ration de vid\u00e9os supprim\u00e9es de votre ordinateur.<\/p>\n<\/div>\n<\/div>\n<\/section>\n<section>\n<div class=\"medal\">\n<div>&#129351;<\/div>\n<\/div>\n<h2>Recuva<\/h2>\n<p><b>Recuva<\/b> est un <b>logiciel de r\u00e9cup\u00e9ration de donn\u00e9es<\/b> convivial con\u00e7u pour Windows. Avec une interface simple, il offre des capacit\u00e9s de scan en profondeur pour retrouver des vid\u00e9os qui ont \u00e9t\u00e9 supprim\u00e9es. Je l&rsquo;ai trouv\u00e9 particuli\u00e8rement efficace pour des r\u00e9cup\u00e9rations rapides sur mon PC.<\/p>\n<p>Site officiel<\/p>\n<h3 class='prosTitle'>Avantages<\/h3>\n<ul class='listpc pros'>\n<li>Version gratuite disponible<\/li>\n<li>Interface intuitive<\/li>\n<\/ul>\n<h3 class='consTitle'>Inconv\u00e9nients<\/h3>\n<ul class='listpc cons'>\n<li>Principalement pour Windows<\/li>\n<li>Peut ne pas trouver tous les fichiers<\/li>\n<\/ul>\n<\/section>\n<section>\n<div class=\"medal\">\n<div>&#129352;<\/div>\n<\/div>\n<h2><a href='https:\/\/www.easeus.com\/datarecoverywizard\/free-data-recovery-software.htm' rel=\"nofollow noopener\" target='_blank'>EaseUS Data Recovery Wizard<\/a><\/h2>\n<p><img src=\"https:\/\/www.ping.fm\/data-recovery-software\/wp-content\/uploads\/ai\/https---www-easeus-com-datarecoverywizard-free-data-recovery-software-htmFrench.jpg\"><\/p>\n<p>L&rsquo;<b>EaseUS Data Recovery Wizard<\/b> fonctionne \u00e0 la fois sur les plateformes PC et Mac. Il se distingue par sa disposition claire et ses options de scan robustes. C&rsquo;est l&rsquo;un de mes choix privil\u00e9gi\u00e9s pour les r\u00e9cup\u00e9rations plus d\u00e9licates.<\/p>\n<p><a href='https:\/\/www.easeus.com\/datarecoverywizard\/free-data-recovery-software.htm' rel=\"nofollow noopener\" target='_blank' class='ofWSite'>Site officiel<\/a><\/p>\n<h3 class='prosTitle'>Avantages<\/h3>\n<ul class='listpc pros'>\n<li>Supporte divers types de fichiers<\/li>\n<li>Option de pr\u00e9visualisation avant r\u00e9cup\u00e9ration<\/li>\n<\/ul>\n<h3 class='consTitle'>Inconv\u00e9nients<\/h3>\n<ul class='listpc cons'>\n<li>R\u00e9cup\u00e9ration gratuite limit\u00e9e en donn\u00e9es<\/li>\n<li>Peut \u00eatre co\u00fbteux<\/li>\n<\/ul>\n<\/section>\n<section>\n<div class=\"medal\">\n<div>&#129353;<\/div>\n<\/div>\n<h2><a href='https:\/\/www.cleverfiles.com\/' rel=\"nofollow noopener\" target='_blank'>Disk Drill<\/a><\/h2>\n<p><img src=\"https:\/\/www.ping.fm\/data-recovery-software\/wp-content\/uploads\/ai\/https---www-cleverfiles-com-French.jpg\"><\/p>\n<p><b>Disk Drill<\/b> m&rsquo;a impressionn\u00e9 par son design \u00e9l\u00e9gant et son processus de scan efficace. Le logiciel inclut des tutoriels utiles, ce qui en fait un choix solide pour ceux qui ont moins d&rsquo;exp\u00e9rience avec la r\u00e9cup\u00e9ration de donn\u00e9es, tant sur Windows que sur Mac.<\/p>\n<p><a href='https:\/\/www.cleverfiles.com\/' rel=\"nofollow noopener\" target='_blank' class='ofWSite'>Site officiel<\/a><\/p>\n<h3 class='prosTitle'>Avantages<\/h3>\n<ul class='listpc pros'>\n<li>Adapt\u00e9 aux d\u00e9butants<\/li>\n<li>Fonctionnalit\u00e9s de protection pour \u00e9viter les pertes de donn\u00e9es futures<\/li>\n<\/ul>\n<h3 class='consTitle'>Inconv\u00e9nients<\/h3>\n<ul class='listpc cons'>\n<li>La version gratuite a des fonctionnalit\u00e9s limit\u00e9es<\/li>\n<li>La vitesse de r\u00e9cup\u00e9ration peut varier<\/li>\n<\/ul>\n<\/section>\n<section>\n<div class=\"no-medal\">\n<div>4<\/div>\n<\/div>\n<h2><a href='https:\/\/www.stellarinfo.com\/data-recovery-mac.php' rel=\"nofollow noopener\" target='_blank'>Stellar Data Recovery<\/a><\/h2>\n<p><img src=\"https:\/\/www.ping.fm\/data-recovery-software\/wp-content\/uploads\/ai\/https---www-stellarinfo-com-data-recovery-mac-phpFrench.jpg\"><\/p>\n<p><b>Stellar Data Recovery<\/b> est une force en mati\u00e8re de sauvetage de fichiers. Il propose une option avanc\u00e9e pour les <b>utilisateurs de Mac<\/b> et m&rsquo;a \u00e9vit\u00e9 de perdre d&rsquo;importants vid\u00e9os \u00e0 plusieurs reprises. La version PC est tout aussi prolifique.<\/p>\n<p><a href='https:\/\/www.stellarinfo.com\/data-recovery-mac.php' rel=\"nofollow noopener\" target='_blank' class='ofWSite'>Site officiel<\/a><\/p>\n<h3 class='prosTitle'>Avantages<\/h3>\n<ul class='listpc pros'>\n<li>Taux de succ\u00e8s \u00e9lev\u00e9<\/li>\n<li>Prend en charge un large \u00e9ventail de formats de fichiers<\/li>\n<\/ul>\n<h3 class='consTitle'>Inconv\u00e9nients<\/h3>\n<ul class='listpc cons'>\n<li>Prix plus \u00e9lev\u00e9<\/li>\n<li>Peut \u00eatre complexe pour les d\u00e9butants<\/li>\n<\/ul>\n<\/section>\n<section>\n<div class=\"no-medal\">\n<div>5<\/div>\n<\/div>\n<h2><a href='https:\/\/www.wondershare.com\/data-recovery-mac\/' rel=\"nofollow noopener\" target='_blank'>Wondershare Recoverit<\/a><\/h2>\n<p><img src=\"https:\/\/www.ping.fm\/data-recovery-software\/wp-content\/uploads\/ai\/https---www-wondershare-com-data-recovery-mac-French.jpg\"><\/p>\n<p>L&rsquo;outil <b>Wondershare Recoverit<\/b> dispose d&rsquo;une exp\u00e9rience utilisateur actualis\u00e9e avec un support qui couvre de multiples types de fichiers. En l&rsquo;utilisant sur mon Mac, j&rsquo;ai trouv\u00e9 sa fonction de scan approfondi assez compl\u00e8te, bien qu&rsquo;elle prenne un certain temps pour s&rsquo;achever.<\/p>\n<p><a href='https:\/\/www.wondershare.com\/data-recovery-mac\/' rel=\"nofollow noopener\" target='_blank' class='ofWSite'>Site Officiel<\/a><\/p>\n<h3 class='prosTitle'>Avantages<\/h3>\n<ul class='listpc pros'>\n<li>Facile \u00e0 naviguer<\/li>\n<li>Bonne performance lors des scans approfondis<\/li>\n<\/ul>\n<h3 class='consTitle'>Inconv\u00e9nients<\/h3>\n<ul class='listpc cons'>\n<li>Vitesse de scan plus lente<\/li>\n<li>Limitations de la version d&rsquo;essai gratuite<\/li>\n<\/ul>\n<\/section>\n<section>\n<h2>Vid\u00e9o Youtube \u00e0 regarder<\/h2>\n<div class=\"nonp iframe\"><iframe width=\"420\" height=\"315\" src=\"\/\/www.youtube.com\/embed\/lJZTb0buKeY\" frameborder=\"0\" allowfullscreen><\/iframe><\/div>\n<\/section>\n<section>\n<h2>Conclusion :<\/h2>\n<div class=\"nonp\">\n<p>Naviguer dans le processus de <b>r\u00e9cup\u00e9ration vid\u00e9o<\/b> peut \u00eatre intimidant, mais avec une approche strat\u00e9gique et les bons outils, il est souvent possible de r\u00e9cup\u00e9rer ce qui a \u00e9t\u00e9 perdu. Commencez toujours par la m\u00e9thode la moins invasive, comme v\u00e9rifier la Corbeille ou la poubelle, avant de passer aux solutions logicielles.<\/p>\n<p>Comprendre les syst\u00e8mes de fichiers et leur structure peut aider dans le processus de r\u00e9cup\u00e9ration vid\u00e9o. Par exemple, savoir si votre disque est format\u00e9 en NTFS, FAT ou HFS+ pourrait influencer quel outil de r\u00e9cup\u00e9ration fonctionnera le mieux pour votre situation.<\/p>\n<p>Pour \u00e9viter de futures pertes, envisagez de faire appel \u00e0 des services de <a href='https:\/\/www.backblaze.com' rel=\"nofollow noopener\" target='_blank'>sauvegarde sur le cloud<\/a> comme Backblaze ou Carbonite, qui peuvent sauvegarder automatiquement des copies de vos fichiers et r\u00e9duire le besoin de r\u00e9cup\u00e9ration de donn\u00e9es d&rsquo;urgence.<\/p>\n<\/div>\n<\/section>\n","protected":false},"excerpt":{"rendered":"<p>Meilleur logiciel gratuit de r\u00e9cup\u00e9ration de carte SD \u00e0 utiliser Lorsque des vid\u00e9os disparaissent de votre PC ou Mac, la panique peut s&rsquo;installer rapidement. Mais avant de vous r\u00e9soudre \u00e0 une perte, sachez que ces pr\u00e9cieux souvenirs et fichiers importants ne sont peut-\u00eatre pas perdus pour de bon. En fait, avec les bons outils, r\u00e9cup\u00e9rer [&hellip;]<\/p>\n","protected":false},"author":2,"featured_media":35959,"parent":0,"menu_order":0,"comment_status":"closed","ping_status":"closed","template":"chromecast.php","meta":{"_stopmodifiedupdate":false,"_modified_date":"","_lmt_disableupdate":"yes","_lmt_disable":""},"acf":[],"yoast_head":"<!-- This site is optimized with the Yoast SEO plugin v20.9 - https:\/\/yoast.com\/wordpress\/plugins\/seo\/ -->\n<title>[TOP] Logiciels gratuits de r\u00e9cup\u00e9ration de cartes SD \u00e0 utiliser en 2024<\/title>\n<meta name=\"robots\" content=\"index, follow, max-snippet:-1, max-image-preview:large, max-video-preview:-1\" \/>\n<link rel=\"canonical\" href=\"https:\/\/datarecovery.ping.fm\/fr\/sd-card-recovery-software\/\" \/>\n<meta property=\"og:locale\" content=\"fr_FR\" \/>\n<meta property=\"og:type\" content=\"article\" \/>\n<meta property=\"og:title\" content=\"[TOP] Logiciels gratuits de r\u00e9cup\u00e9ration de cartes SD \u00e0 utiliser en 2024\" \/>\n<meta property=\"og:description\" content=\"Meilleur logiciel gratuit de r\u00e9cup\u00e9ration de carte SD \u00e0 utiliser Lorsque des vid\u00e9os disparaissent de votre PC ou Mac, la panique peut s&rsquo;installer rapidement. Mais avant de vous r\u00e9soudre \u00e0 une perte, sachez que ces pr\u00e9cieux souvenirs et fichiers importants ne sont peut-\u00eatre pas perdus pour de bon. En fait, avec les bons outils, r\u00e9cup\u00e9rer [&hellip;]\" \/>\n<meta property=\"og:url\" content=\"https:\/\/datarecovery.ping.fm\/fr\/sd-card-recovery-software\/\" \/>\n<meta property=\"og:site_name\" content=\"Logiciel de r\u00e9cup\u00e9ration de donn\u00e9es\" \/>\n<meta property=\"article:modified_time\" content=\"2024-02-29T18:06:33+00:00\" \/>\n<meta property=\"og:image\" content=\"https:\/\/datarecovery.ping.fm\/wp-content\/uploads\/2024\/03\/Best-Free-SD-Card-Recovery-Software-to-Use-French.jpg\" \/>\n\t<meta property=\"og:image:width\" content=\"1280\" \/>\n\t<meta property=\"og:image:height\" content=\"731\" \/>\n\t<meta property=\"og:image:type\" content=\"image\/jpeg\" \/>\n<meta name=\"twitter:card\" content=\"summary_large_image\" \/>\n<meta name=\"twitter:label1\" content=\"Est. reading time\" \/>\n\t<meta name=\"twitter:data1\" content=\"3 minutes\" \/>\n<script type=\"application\/ld+json\" class=\"yoast-schema-graph\">{\"@context\":\"https:\/\/schema.org\",\"@graph\":[{\"@type\":\"WebPage\",\"@id\":\"https:\/\/datarecovery.ping.fm\/fr\/sd-card-recovery-software\/\",\"url\":\"https:\/\/datarecovery.ping.fm\/fr\/sd-card-recovery-software\/\",\"name\":\"[TOP] Logiciels gratuits de r\u00e9cup\u00e9ration de cartes SD \u00e0 utiliser en 2024\",\"isPartOf\":{\"@id\":\"https:\/\/datarecovery.ping.fm\/fr\/#website\"},\"datePublished\":\"2023-12-25T15:46:11+00:00\",\"dateModified\":\"2024-02-29T18:06:33+00:00\",\"breadcrumb\":{\"@id\":\"https:\/\/datarecovery.ping.fm\/fr\/sd-card-recovery-software\/#breadcrumb\"},\"inLanguage\":\"fr-FR\",\"potentialAction\":[{\"@type\":\"ReadAction\",\"target\":[\"https:\/\/datarecovery.ping.fm\/fr\/sd-card-recovery-software\/\"]}]},{\"@type\":\"BreadcrumbList\",\"@id\":\"https:\/\/datarecovery.ping.fm\/fr\/sd-card-recovery-software\/#breadcrumb\",\"itemListElement\":[{\"@type\":\"ListItem\",\"position\":1,\"name\":\"Home\",\"item\":\"https:\/\/datarecovery.ping.fm\/fr\/\"},{\"@type\":\"ListItem\",\"position\":2,\"name\":\"Meilleurs logiciels gratuits de r\u00e9cup\u00e9ration de donn\u00e9es sur carte SD \u00e0 utiliser\"}]},{\"@type\":\"WebSite\",\"@id\":\"https:\/\/datarecovery.ping.fm\/fr\/#website\",\"url\":\"https:\/\/datarecovery.ping.fm\/fr\/\",\"name\":\"Logiciel de r\u00e9cup\u00e9ration de donn\u00e9es\",\"description\":\"\",\"potentialAction\":[{\"@type\":\"SearchAction\",\"target\":{\"@type\":\"EntryPoint\",\"urlTemplate\":\"https:\/\/datarecovery.ping.fm\/fr\/?s={search_term_string}\"},\"query-input\":\"required name=search_term_string\"}],\"inLanguage\":\"fr-FR\"}]}<\/script>\n<!-- \/ Yoast SEO plugin. -->","yoast_head_json":{"title":"[TOP] Logiciels gratuits de r\u00e9cup\u00e9ration de cartes SD \u00e0 utiliser en 2024","robots":{"index":"index","follow":"follow","max-snippet":"max-snippet:-1","max-image-preview":"max-image-preview:large","max-video-preview":"max-video-preview:-1"},"canonical":"https:\/\/datarecovery.ping.fm\/fr\/sd-card-recovery-software\/","og_locale":"fr_FR","og_type":"article","og_title":"[TOP] Logiciels gratuits de r\u00e9cup\u00e9ration de cartes SD \u00e0 utiliser en 2024","og_description":"Meilleur logiciel gratuit de r\u00e9cup\u00e9ration de carte SD \u00e0 utiliser Lorsque des vid\u00e9os disparaissent de votre PC ou Mac, la panique peut s&rsquo;installer rapidement. Mais avant de vous r\u00e9soudre \u00e0 une perte, sachez que ces pr\u00e9cieux souvenirs et fichiers importants ne sont peut-\u00eatre pas perdus pour de bon. En fait, avec les bons outils, r\u00e9cup\u00e9rer [&hellip;]","og_url":"https:\/\/datarecovery.ping.fm\/fr\/sd-card-recovery-software\/","og_site_name":"Logiciel de r\u00e9cup\u00e9ration de donn\u00e9es","article_modified_time":"2024-02-29T18:06:33+00:00","og_image":[{"width":1280,"height":731,"url":"https:\/\/datarecovery.ping.fm\/wp-content\/uploads\/2024\/03\/Best-Free-SD-Card-Recovery-Software-to-Use-French.jpg","type":"image\/jpeg"}],"twitter_card":"summary_large_image","twitter_misc":{"Est. reading time":"3 minutes"},"schema":{"@context":"https:\/\/schema.org","@graph":[{"@type":"WebPage","@id":"https:\/\/datarecovery.ping.fm\/fr\/sd-card-recovery-software\/","url":"https:\/\/datarecovery.ping.fm\/fr\/sd-card-recovery-software\/","name":"[TOP] Logiciels gratuits de r\u00e9cup\u00e9ration de cartes SD \u00e0 utiliser en 2024","isPartOf":{"@id":"https:\/\/datarecovery.ping.fm\/fr\/#website"},"datePublished":"2023-12-25T15:46:11+00:00","dateModified":"2024-02-29T18:06:33+00:00","breadcrumb":{"@id":"https:\/\/datarecovery.ping.fm\/fr\/sd-card-recovery-software\/#breadcrumb"},"inLanguage":"fr-FR","potentialAction":[{"@type":"ReadAction","target":["https:\/\/datarecovery.ping.fm\/fr\/sd-card-recovery-software\/"]}]},{"@type":"BreadcrumbList","@id":"https:\/\/datarecovery.ping.fm\/fr\/sd-card-recovery-software\/#breadcrumb","itemListElement":[{"@type":"ListItem","position":1,"name":"Home","item":"https:\/\/datarecovery.ping.fm\/fr\/"},{"@type":"ListItem","position":2,"name":"Meilleurs logiciels gratuits de r\u00e9cup\u00e9ration de donn\u00e9es sur carte SD \u00e0 utiliser"}]},{"@type":"WebSite","@id":"https:\/\/datarecovery.ping.fm\/fr\/#website","url":"https:\/\/datarecovery.ping.fm\/fr\/","name":"Logiciel de r\u00e9cup\u00e9ration de donn\u00e9es","description":"","potentialAction":[{"@type":"SearchAction","target":{"@type":"EntryPoint","urlTemplate":"https:\/\/datarecovery.ping.fm\/fr\/?s={search_term_string}"},"query-input":"required name=search_term_string"}],"inLanguage":"fr-FR"}]}},"_links":{"self":[{"href":"https:\/\/datarecovery.ping.fm\/fr\/wp-json\/wp\/v2\/pages\/11590"}],"collection":[{"href":"https:\/\/datarecovery.ping.fm\/fr\/wp-json\/wp\/v2\/pages"}],"about":[{"href":"https:\/\/datarecovery.ping.fm\/fr\/wp-json\/wp\/v2\/types\/page"}],"author":[{"embeddable":true,"href":"https:\/\/datarecovery.ping.fm\/fr\/wp-json\/wp\/v2\/users\/2"}],"replies":[{"embeddable":true,"href":"https:\/\/datarecovery.ping.fm\/fr\/wp-json\/wp\/v2\/comments?post=11590"}],"version-history":[{"count":1,"href":"https:\/\/datarecovery.ping.fm\/fr\/wp-json\/wp\/v2\/pages\/11590\/revisions"}],"predecessor-version":[{"id":28624,"href":"https:\/\/datarecovery.ping.fm\/fr\/wp-json\/wp\/v2\/pages\/11590\/revisions\/28624"}],"wp:featuredmedia":[{"embeddable":true,"href":"https:\/\/datarecovery.ping.fm\/fr\/wp-json\/wp\/v2\/media\/35959"}],"wp:attachment":[{"href":"https:\/\/datarecovery.ping.fm\/fr\/wp-json\/wp\/v2\/media?parent=11590"}],"curies":[{"name":"wp","href":"https:\/\/api.w.org\/{rel}","templated":true}]}}