{"id":45131,"date":"2023-12-25T15:46:11","date_gmt":"2023-12-25T15:46:11","guid":{"rendered":"https:\/\/www.ping.fm\/data-recovery-software\/wiped-hard-drive-recovery\/"},"modified":"2024-04-23T09:47:20","modified_gmt":"2024-04-23T09:47:20","slug":"wiped-hard-drive-recovery","status":"publish","type":"page","link":"https:\/\/datarecovery.ping.fm\/fi\/wiped-hard-drive-recovery\/","title":{"rendered":"Kuinka palauttaa poistetut tiedostot tyhjennetyst\u00e4 kovalevyst\u00e4"},"content":{"rendered":"<section>\n<h1>Miten palauttaa poistetut tiedostot pyyhitylt\u00e4 kiintolevylt\u00e4<\/h1>\n<div class=\"inbrief\">\n<div>                     <img src=\"https:\/\/www.ping.fm\/data-recovery-software\/wp-content\/uploads\/ai\/How-to-Recover-Deleted-Files-from-Wiped-Hard-Drive-Finnish.jpg\" alt=\"Miten palauttaa poistetut tiedostot pyyhitylt\u00e4 kiintolevylt\u00e4\" title=\"Miten palauttaa poistetut tiedostot pyyhitylt\u00e4 kiintolevylt\u00e4\" width=\"1280\" height=\"720\">                     <\/p>\n<p>T\u00e4rkeiden tiedostojen menett\u00e4minen voi olla suunnaton stressin aiheuttaja, mutta se ei aina ole tarinan loppu. Vaikka olisitkin pyyhkinyt kiintolevysi puhtaaksi, on silti toivoa palauttaa nuo arvokkaat tiedostot. Olen itse kohdannut t\u00e4m\u00e4n pelottavan tilanteen ja l\u00f6yt\u00e4nyt keinoja tuoda takaisin tietoja, joita luulin menetetyiksi ikuisiksi ajoiksi. T\u00e4ss\u00e4 yksityiskohtaisessa &#8221;kuinka tehd\u00e4&#8221; -oppaassa jaan kokemukseni siit\u00e4, miten palauttaa poistetut tiedostot pyyhitylt\u00e4 kiintolevylt\u00e4, ja korostan Disk Drillia yhten\u00e4 tehokkaimmista ratkaisuista.<\/p>\n<\/div>\n<\/div>\n<\/section>\n<section>\n<div>\n<div>1<\/div>\n<h2>Yleiset tilanteet:<\/h2>\n<\/div>\n<h3>Vahingossa alustettu &#x1F4A5;<\/h3>\n<ul>\n<li><b>Koko aseman alustaminen<\/b> k\u00e4ytt\u00f6j\u00e4rjestelm\u00e4n asennuksen yhteydess\u00e4 valitsemisen sijaan tietty\u00e4 osiota.<\/li>\n<li>Vahingossa tehty <b>pikamuotoilu<\/b>, kun yritettiin korjata levyn virheit\u00e4.<\/li>\n<\/ul>\n<h3>Liiallinen siivous &#x1F9EA;<\/h3>\n<ul>\n<li>Tilojen vapauttamiseksi k\u00e4ytetty <b>levynpuhdistusohjelmisto<\/b> t\u00e4rkeimpien tiedostojen varmuuskopiointia tajuamatta.<\/li>\n<li>Osioiden poistaminen <b>jrjestelm\u00e4n siivouksen<\/b> yhteydess\u00e4 tai tietokonetta myyt\u00e4ess\u00e4 valmistellessa.<\/li>\n<\/ul>\n<h3>Malware Mayhem &#x2620;<\/h3>\n<ul>\n<li>Virusten tai haittaohjelmien aiheuttama infektio, joka johtaa <b>kompromissoidun j\u00e4rjestelm\u00e4n<\/b> t\u00e4ydelliseen pyyhkimiseen.<\/li>\n<li>Hakkerit pyyhkiv\u00e4t levyt peitt\u00e4\u00e4kseen <b>j\u00e4lkens\u00e4<\/b> tietovarkauden j\u00e4lkeen.<\/li>\n<\/ul>\n<\/section>\n<section class=\"stepByStep\">\n<div>\n<div>2<\/div>\n<h2>Vaiheittainen opas. Pyyhitetyn kiintolevyn palauttaminen:<\/h2>\n<\/div>\n<h3>Menetelm\u00e4 1: Disk Drillin k\u00e4ytt\u00e4minen &#x1F527;<\/h3>\n<ul>\n<li>Lataa ja asenna <b>Disk Drill<\/b> viralliselta verkkosivustolta: <a href='https:\/\/www.cleverfiles.com\/' rel=\"nofollow noopener\" target='_blank'>https:\/\/www.cleverfiles.com\/<\/a>.<\/li>\n<li>Suorita Disk Drill ja valitse pyyhitty kiintolevy <b>palautettavaksi<\/b>.<\/li>\n<li>Valitse sopiva skannaustyyppi. Pyyhityille levyille <b>Syv\u00e4 skannaus<\/b> on usein tehokkain.<\/li>\n<li>Arvioi <b>l\u00f6ydetyt tiedostot<\/b> ja valitse ne, jotka haluat palauttaa.<\/li>\n<li>Valitse uusi <b>tallennuspaikka<\/b>, joka on eri kuin l\u00e4hdetaltio, ja palauta tiedostot.<\/li>\n<\/ul>\n<p><b>Huom:<\/b> Disk Drill voi palauttaa tiedostoja jopa muotoilun j\u00e4lkeen, mutta onnistumisen mahdollisuus riippuu siit\u00e4, onko uusi tieto kirjoittanut yli vanhan tiedon.<\/p>\n<p><b>Yhteenveto:<\/b> Disk Drill tarjoaa intuitiivisen ja tehokkaan alustan tietojen palauttamiseksi pyyhitylt\u00e4 kiintolevylt\u00e4.<\/p>\n<h3>Menetelm\u00e4 2: Recuvan k\u00e4ytt\u00e4minen &#x1F50D;<\/h3>\n<ul>\n<li>Lataa ja asenna <b>Recuva<\/b> viralliselta sivustolta: <a href='https:\/\/www.ccleaner.com\/recuva' rel=\"nofollow noopener\" target='_blank'>https:\/\/www.ccleaner.com\/recuva<\/a>.<\/li>\n<li>Avaa Recuva ja k\u00e4ynnist\u00e4 <b>Wizard<\/b> aloittaaksesi palautusprosessin.<\/li>\n<li>Valitse palautettavien tiedostojen tyyppi ja alkuper\u00e4inen sijainti.<\/li>\n<li>Aktivoi <b>Syv\u00e4 skannaus<\/b> -tila perusteellisempaa haku varten.<\/li>\n<li>Skannauksen j\u00e4lkeen, valitse palautettavat tiedostot ja valitse uusi kohde <b>tallentamiselle.<\/b><\/li>\n<\/ul>\n<p><b>Huom:<\/b> Recuva on hy\u00f6dyllinen ty\u00f6kalu, erityisesti niille, jotka etsiv\u00e4t ilmaista ratkaisua, mutta se ei v\u00e4ltt\u00e4m\u00e4tt\u00e4 ole yht\u00e4 perusteellinen kuin premium-ohjelmistot, kuten Disk Drill.<\/p>\n<p><b>Yhteenveto:<\/b> Recuva on kustannustehokas vaihtoehto, joka voi hallita yksinkertaiset palautusteht\u00e4v\u00e4t tehokkaasti.<\/p>\n<h3>Menetelm\u00e4 3: PhotoRecin k\u00e4ytt\u00e4minen &#x1F4F7;<\/h3>\n<ul>\n<li>Lataa PhotoRec viralliselta verkkosivustolta: <a href='https:\/\/www.cgsecurity.org\/wiki\/PhotoRec' rel=\"nofollow noopener\" target='_blank'>https:\/\/www.cgsecurity.org\/wiki\/PhotoRec<\/a>.<\/li>\n<li>Pura ja suorita PhotoRec; sinut tervehdit\u00e4\u00e4n <b>komentorivi<\/b>-k\u00e4ytt\u00f6liittym\u00e4ll\u00e4.<\/li>\n<li>Valitse pyyhitty asema ja valitse <b>osiotaulukon tyyppi<\/b>, jonka j\u00e4lkeen jatka skannaukseen.<\/li>\n<li>Navigoi tiedostoj\u00e4rjestelm\u00e4ss\u00e4 ja valitse, minne palautetut tiedot tallennetaan.<\/li>\n<li>Anna PhotoRecin tehd\u00e4 taikansa ja palauttaa mahdollisimman monta tiedostoa.<\/li>\n<\/ul>\n<p><b>Huom:<\/b> PhotoRec on tehokas, mutta sen oppimisk\u00e4yr\u00e4 on jyrkk\u00e4 komentorivin luonteen vuoksi.<\/p>\n<p><b>Yhteenveto:<\/b> PhotoRec on vankka avoimen l\u00e4hdekoodin ratkaisu niille, jotka ovat mukavia komentorivioperaatioiden kanssa.<\/p>\n<h3>Menetelm\u00e4 4: Windowsin Tiedostonpalautuksen k\u00e4ytt\u00e4minen &#x1F5A5;<\/h3>\n<ul>\n<li>Varmista, ett\u00e4 olet k\u00e4ytt\u00e4m\u00e4ss\u00e4 <b>Windows 10<\/b>:\u00e4, versio 2004 tai my\u00f6hemmin. Lataa <b>Windowsin Tiedostonpalautus<\/b> Microsoft Kaupasta.<\/li>\n<li>Avaa Komentokehote yll\u00e4pit\u00e4j\u00e4n\u00e4 ja kirjoita <i>&#8217;winfr&#8217;<\/i>.<\/li>\n<li>Valitse l\u00e4hde- ja kohdeasemat ja m\u00e4\u00e4rit\u00e4 <b>tila<\/b>: tavallinen tai laaja.<\/li>\n<li>Noudata n\u00e4yt\u00f6n ohjeita palautusprosessin loppuun viemiseksi.<\/li>\n<li>Tarkista kohdekansio palautetuille tiedostoillesi.<\/li>\n<\/ul>\n<p><b>Huom:<\/b> T\u00e4m\u00e4 menetelm\u00e4 on saatavilla vain uudemmissa Windows-versioissa, ja onnistumisen mahdollisuus vaihtelee sen mukaan, kuinka paljon uutta tietoa on kirjoitettu levylle.<\/p>\n<p><b>Yhteenveto:<\/b> Windowsin Tiedostonpalautus on hy\u00f6dyllinen ilmainen vaihtoehto k\u00e4ytt\u00e4jille, joilla on oikea Windowsin versio.<\/p>\n<h3>Menetelm\u00e4 5: Ammattimaisen tietojen palautuspalvelun palkkaaminen &#x1F50E;<\/h3>\n<ul>\n<li>Etsi <b>luotettavia tietojen palautuspalveluita<\/b> kuten DriveSavers tai Secure Data Recovery.<\/li>\n<li>Ota yhteytt\u00e4 palveluntarjoajaan ja anna tiedot kiintolevyst\u00e4si ja tietojen menetyksest\u00e4.<\/li>\n<li>Noudata heid\u00e4n ohjeitaan l\u00e4hett\u00e4\u00e4ksesi kiintolevysi.<\/li>\n<li>Odota diagnostiikkaraporttia ja p\u00e4\u00e4t\u00e4 haluatko jatkaa palautusta heid\u00e4n menestysarvionsa ja kustannusten perusteella.<\/li>\n<li>Kun tiedot on palautettu, palveluntarjoaja palauttaa tietosi uudelle tallennuslaitteelle.<\/li>\n<\/ul>\n<p><b>Huom:<\/b> Ammattipalvelut voivat olla kalliita, mutta ne tarjoavat korkeimman mahdollisuuden palauttaa vakavasti vahingoittuneet asemat.<\/p>\n<p><b>Yhteenveto:<\/b> Korvaamattomille tai eritt\u00e4in arkaluontoisille tiedoille ammattimainen tietojen palautuspalvelu voi olla ylim\u00e4\u00e4r\u00e4isen kustannuksen arvoinen.<\/p>\n<\/section>\n<section>\n<div>\n<div>3<\/div>\n<h2>Katsottava YouTube-video<\/h2>\n<\/div>\n<div class=\"iframe\"><iframe width=\"420\" height=\"315\" src=\"\/\/www.youtube.com\/embed\/4ZlvHsjvQT4\" frameborder=\"0\" allowfullscreen><\/iframe><\/div>\n<\/section>\n<section>\n<div>\n<div>4<\/div>\n<h2>Varotoimet ja vinkit:<\/h2>\n<\/div>\n<h3>Tietojen menetyksen ehk\u00e4isy &#x1F6E1;<\/h3>\n<ul>\n<li><b>S\u00e4\u00e4nn\u00f6lliset varmuuskopiot<\/b> ulkoiselle asemalle tai pilvipalveluun voivat est\u00e4\u00e4 tarpeen tietojen palauttamiseen.<\/li>\n<li>K\u00e4yt\u00e4 <b>levynhallintaty\u00f6kaluja<\/b> varoen ja tarkista aina kahdesti ennen levyn alustamista tai tyhjent\u00e4mist\u00e4.<\/li>\n<li>Pysy valppaana <b>haittaohjelmilta<\/b> suojautumisessa p\u00e4ivitt\u00e4m\u00e4ll\u00e4 virustorjuntaohjelmistosi ja v\u00e4ltt\u00e4m\u00e4ll\u00e4 ep\u00e4ilytt\u00e4vi\u00e4 latauksia tai verkkosivustoja.<\/li>\n<\/ul>\n<h3>Palauta heti &#x23F3;<\/h3>\n<ul>\n<li>Mit\u00e4 nopeammin yrit\u00e4t palauttaa tiedot poiston j\u00e4lkeen, sit\u00e4 paremmat mahdollisuudet onnistumiselle.<\/li>\n<li>V\u00e4lt\u00e4 kyseisen kiintolevyn k\u00e4ytt\u00e4mist\u00e4 uusien tietojen <b>ylikirjoittamisen<\/b> est\u00e4miseksi kadonneiden tiedostojen osalta.<\/li>\n<li>Kokeile useampia <b>tietojenpalautusty\u00f6kaluja<\/b>, jos yksi ei tuota haluttuja tuloksia.<\/li>\n<\/ul>\n<\/section>\n<section>\n<div>\n<div>5<\/div>\n<h2>Lis\u00e4n\u00e4kemyksi\u00e4<\/h2>\n<\/div>\n<p>Tietojen palautusteknologia perustuu siihen tosiasiaan, ett\u00e4 kun tiedostoja poistetaan, niit\u00e4 ei v\u00e4litt\u00f6m\u00e4sti poisteta tallennusv\u00e4lineest\u00e4. Sen sijaan niiden k\u00e4ytt\u00e4m\u00e4 tila merkit\u00e4\u00e4n &#8217;vapaaksi&#8217; uusille tiedoille. Uutena tietona ei viel\u00e4 ylikirjoita vanhaa, on palautusmahdollisuuden ikkuna avoinna. T\u00e4m\u00e4n vuoksi on ratkaisevan t\u00e4rke\u00e4\u00e4, ettei kiintolevy\u00e4 k\u00e4ytet\u00e4 tappion j\u00e4lkeen; jokainen aseman toiminto saattaa mahdollisesti ylikirjoittaa juuri ne tiedot, joita yrit\u00e4t s\u00e4\u00e4st\u00e4\u00e4.<\/p>\n<p>Tiedostoj\u00e4rjestelm\u00e4n tyyppi on my\u00f6s ratkaisevassa asemassa tietojen palautuksessa. Tiedostoj\u00e4rjestelm\u00e4t kuten FAT, exFAT tai NTFS hallinnoivat tietoja eri tavoin, mik\u00e4 voi vaikuttaa palautuksen tuloksiin. T\u00e4m\u00e4n ymm\u00e4rt\u00e4minen voi ohjata sinua valitsemaan oikean ty\u00f6kalun ja palautusmenetelm\u00e4n.<\/p>\n<p>Kun kyse on alustetuista asemista, <b>Pikamuotoilu<\/b>-vaihtoehto poistaa vain tiedostotaulukon, mutta <b>T\u00e4ysi muotoilu<\/b> (saatavilla Windowsissa) voi ylikirjoittaa kaikki tiedot, mik\u00e4 tekee palautuksesta paljon vaikeampaa. On t\u00e4rke\u00e4\u00e4 tiet\u00e4\u00e4 ero ja toimia sen mukaisesti yritt\u00e4ess\u00e4si palauttaa tiedostoja.<\/p>\n<p>K\u00e4ytett\u00e4ess\u00e4 ty\u00f6kaluja kuten Disk Drill tai Recuva, muista, ett\u00e4 ne tarjoavat usein erilaisia skannausmoodit. Pikaskannaus voi riitt\u00e4\u00e4 \u00e4skett\u00e4in poistetulle tiedostolle, mutta pyyhityn aseman tapauksessa syv\u00e4skannaus tai vastaavat kattavat tilat ovat suositeltavampia.<\/p>\n<p>K\u00e4ytt\u00e4jille, jotka eiv\u00e4t ole mukavia k\u00e4ytt\u00e4m\u00e4\u00e4n ohjelmistopohjaisia palautusty\u00f6kaluja, voi olla sopivampaa konsultoida ammattipalvelua. N\u00e4m\u00e4 palvelut k\u00e4ytt\u00e4v\u00e4t erikoislaitteita ja kontrolloituja ymp\u00e4rist\u00f6j\u00e4 maksimoidakseen tietojen palautusmahdollisuudet. Yritykset kuten <a href='https:\/\/www.drivesaversdatarecovery.com\/' rel=\"nofollow noopener\" target='_blank'>DriveSavers<\/a> ja <a href='https:\/\/www.securedatarecovery.com\/' rel=\"nofollow noopener\" target='_blank'>Secure Data Recovery<\/a> ovat tunnettuja asiantuntemuksestaan ja turvatoimistaan arkaluonteisten tietojen k\u00e4sittelyss\u00e4.<\/p>\n<\/section>\n<section>\n<h2>Yhteenveto:<\/h2>\n<div class=\"nonp\">Kovalevyn tietojen menetys on rasittava kokemus, mutta oikeilla ty\u00f6kaluilla ja menetelmill\u00e4 kadonneet tavut on mahdollista palauttaa. Tehokkaista ohjelmistovaihtoehdoista, kuten <b>Disk Drill<\/b> ja <b>Recuva<\/b>, aina edistyneempiin ratkaisuihin, kuten ammattimaisten tietojen palautuspalveluiden palkkaaminen, usein on keino saada tiedostot takaisin. Muista, ett\u00e4 toiminta on sit\u00e4 tehokkaampaa ja menestyksekk\u00e4\u00e4mp\u00e4\u00e4 mit\u00e4 nopeammin ryhdyt toimeen ja mit\u00e4 v\u00e4hemm\u00e4n k\u00e4yt\u00e4t asemaa poiston j\u00e4lkeen. Pid\u00e4 yll\u00e4 s\u00e4\u00e4nn\u00f6llisi\u00e4 varmuuskopioita, ole varovainen aseman hallinnassa ja pid\u00e4 itsesi ajan tasalla tulevien tietojen menetysten est\u00e4miseksi. N\u00e4iden k\u00e4yt\u00e4nt\u00f6jen ja resurssien avulla olet hyvin varustautunut kohtaamaan mink\u00e4 tahansa tietojen palautushaasteen.<\/div>\n<\/section>\n","protected":false},"excerpt":{"rendered":"<p>Miten palauttaa poistetut tiedostot pyyhitylt\u00e4 kiintolevylt\u00e4 T\u00e4rkeiden tiedostojen menett\u00e4minen voi olla suunnaton stressin aiheuttaja, mutta se ei aina ole tarinan loppu. Vaikka olisitkin pyyhkinyt kiintolevysi puhtaaksi, on silti toivoa palauttaa nuo arvokkaat tiedostot. Olen itse kohdannut t\u00e4m\u00e4n pelottavan tilanteen ja l\u00f6yt\u00e4nyt keinoja tuoda takaisin tietoja, joita luulin menetetyiksi ikuisiksi ajoiksi. T\u00e4ss\u00e4 yksityiskohtaisessa &#8221;kuinka tehd\u00e4&#8221; -oppaassa [&hellip;]<\/p>\n","protected":false},"author":0,"featured_media":45132,"parent":0,"menu_order":0,"comment_status":"closed","ping_status":"closed","template":"chromecast.php","meta":{"_stopmodifiedupdate":false,"_modified_date":"","_lmt_disableupdate":"","_lmt_disable":""},"acf":[],"yoast_head":"<!-- This site is optimized with the Yoast SEO plugin v20.9 - https:\/\/yoast.com\/wordpress\/plugins\/seo\/ -->\n<title>N\u00e4in palautetaan poistetut tiedostot jo poistetulta kovalevylt\u00e4: Parhaat menetelm\u00e4t<\/title>\n<meta name=\"robots\" content=\"index, follow, max-snippet:-1, max-image-preview:large, max-video-preview:-1\" \/>\n<link rel=\"canonical\" href=\"https:\/\/datarecovery.ping.fm\/fi\/wiped-hard-drive-recovery\/\" \/>\n<meta property=\"og:locale\" content=\"fi_FI\" \/>\n<meta property=\"og:type\" content=\"article\" \/>\n<meta property=\"og:title\" content=\"N\u00e4in palautetaan poistetut tiedostot jo poistetulta kovalevylt\u00e4: Parhaat menetelm\u00e4t\" \/>\n<meta property=\"og:description\" content=\"Miten palauttaa poistetut tiedostot pyyhitylt\u00e4 kiintolevylt\u00e4 T\u00e4rkeiden tiedostojen menett\u00e4minen voi olla suunnaton stressin aiheuttaja, mutta se ei aina ole tarinan loppu. Vaikka olisitkin pyyhkinyt kiintolevysi puhtaaksi, on silti toivoa palauttaa nuo arvokkaat tiedostot. Olen itse kohdannut t\u00e4m\u00e4n pelottavan tilanteen ja l\u00f6yt\u00e4nyt keinoja tuoda takaisin tietoja, joita luulin menetetyiksi ikuisiksi ajoiksi. T\u00e4ss\u00e4 yksityiskohtaisessa &#8221;kuinka tehd\u00e4&#8221; -oppaassa [&hellip;]\" \/>\n<meta property=\"og:url\" content=\"https:\/\/datarecovery.ping.fm\/fi\/wiped-hard-drive-recovery\/\" \/>\n<meta property=\"og:site_name\" content=\"Data Recovery Software\" \/>\n<meta property=\"article:modified_time\" content=\"2024-04-23T09:47:20+00:00\" \/>\n<meta property=\"og:image\" content=\"https:\/\/datarecovery.ping.fm\/wp-content\/uploads\/2024\/04\/How-to-Recover-Deleted-Files-from-Wiped-Hard-Drive-Finnish.jpg\" \/>\n\t<meta property=\"og:image:width\" content=\"1280\" \/>\n\t<meta property=\"og:image:height\" content=\"731\" \/>\n\t<meta property=\"og:image:type\" content=\"image\/jpeg\" \/>\n<meta name=\"twitter:card\" content=\"summary_large_image\" \/>\n<meta name=\"twitter:label1\" content=\"Est. reading time\" \/>\n\t<meta name=\"twitter:data1\" content=\"5 minuuttia\" \/>\n<script type=\"application\/ld+json\" class=\"yoast-schema-graph\">{\"@context\":\"https:\/\/schema.org\",\"@graph\":[{\"@type\":\"WebPage\",\"@id\":\"https:\/\/datarecovery.ping.fm\/fi\/wiped-hard-drive-recovery\/\",\"url\":\"https:\/\/datarecovery.ping.fm\/fi\/wiped-hard-drive-recovery\/\",\"name\":\"N\u00e4in palautetaan poistetut tiedostot jo poistetulta kovalevylt\u00e4: Parhaat menetelm\u00e4t\",\"isPartOf\":{\"@id\":\"https:\/\/datarecovery.ping.fm\/fi\/#website\"},\"datePublished\":\"2023-12-25T15:46:11+00:00\",\"dateModified\":\"2024-04-23T09:47:20+00:00\",\"breadcrumb\":{\"@id\":\"https:\/\/datarecovery.ping.fm\/fi\/wiped-hard-drive-recovery\/#breadcrumb\"},\"inLanguage\":\"fi\",\"potentialAction\":[{\"@type\":\"ReadAction\",\"target\":[\"https:\/\/datarecovery.ping.fm\/fi\/wiped-hard-drive-recovery\/\"]}]},{\"@type\":\"BreadcrumbList\",\"@id\":\"https:\/\/datarecovery.ping.fm\/fi\/wiped-hard-drive-recovery\/#breadcrumb\",\"itemListElement\":[{\"@type\":\"ListItem\",\"position\":1,\"name\":\"Home\",\"item\":\"https:\/\/datarecovery.ping.fm\/fi\/\"},{\"@type\":\"ListItem\",\"position\":2,\"name\":\"Kuinka palauttaa poistetut tiedostot tyhjennetyst\u00e4 kovalevyst\u00e4\"}]},{\"@type\":\"WebSite\",\"@id\":\"https:\/\/datarecovery.ping.fm\/fi\/#website\",\"url\":\"https:\/\/datarecovery.ping.fm\/fi\/\",\"name\":\"Data Recovery Software\",\"description\":\"\",\"potentialAction\":[{\"@type\":\"SearchAction\",\"target\":{\"@type\":\"EntryPoint\",\"urlTemplate\":\"https:\/\/datarecovery.ping.fm\/fi\/?s={search_term_string}\"},\"query-input\":\"required name=search_term_string\"}],\"inLanguage\":\"fi\"}]}<\/script>\n<!-- \/ Yoast SEO plugin. -->","yoast_head_json":{"title":"N\u00e4in palautetaan poistetut tiedostot jo poistetulta kovalevylt\u00e4: Parhaat menetelm\u00e4t","robots":{"index":"index","follow":"follow","max-snippet":"max-snippet:-1","max-image-preview":"max-image-preview:large","max-video-preview":"max-video-preview:-1"},"canonical":"https:\/\/datarecovery.ping.fm\/fi\/wiped-hard-drive-recovery\/","og_locale":"fi_FI","og_type":"article","og_title":"N\u00e4in palautetaan poistetut tiedostot jo poistetulta kovalevylt\u00e4: Parhaat menetelm\u00e4t","og_description":"Miten palauttaa poistetut tiedostot pyyhitylt\u00e4 kiintolevylt\u00e4 T\u00e4rkeiden tiedostojen menett\u00e4minen voi olla suunnaton stressin aiheuttaja, mutta se ei aina ole tarinan loppu. Vaikka olisitkin pyyhkinyt kiintolevysi puhtaaksi, on silti toivoa palauttaa nuo arvokkaat tiedostot. Olen itse kohdannut t\u00e4m\u00e4n pelottavan tilanteen ja l\u00f6yt\u00e4nyt keinoja tuoda takaisin tietoja, joita luulin menetetyiksi ikuisiksi ajoiksi. T\u00e4ss\u00e4 yksityiskohtaisessa &#8221;kuinka tehd\u00e4&#8221; -oppaassa [&hellip;]","og_url":"https:\/\/datarecovery.ping.fm\/fi\/wiped-hard-drive-recovery\/","og_site_name":"Data Recovery Software","article_modified_time":"2024-04-23T09:47:20+00:00","og_image":[{"width":1280,"height":731,"url":"https:\/\/datarecovery.ping.fm\/wp-content\/uploads\/2024\/04\/How-to-Recover-Deleted-Files-from-Wiped-Hard-Drive-Finnish.jpg","type":"image\/jpeg"}],"twitter_card":"summary_large_image","twitter_misc":{"Est. reading time":"5 minuuttia"},"schema":{"@context":"https:\/\/schema.org","@graph":[{"@type":"WebPage","@id":"https:\/\/datarecovery.ping.fm\/fi\/wiped-hard-drive-recovery\/","url":"https:\/\/datarecovery.ping.fm\/fi\/wiped-hard-drive-recovery\/","name":"N\u00e4in palautetaan poistetut tiedostot jo poistetulta kovalevylt\u00e4: Parhaat menetelm\u00e4t","isPartOf":{"@id":"https:\/\/datarecovery.ping.fm\/fi\/#website"},"datePublished":"2023-12-25T15:46:11+00:00","dateModified":"2024-04-23T09:47:20+00:00","breadcrumb":{"@id":"https:\/\/datarecovery.ping.fm\/fi\/wiped-hard-drive-recovery\/#breadcrumb"},"inLanguage":"fi","potentialAction":[{"@type":"ReadAction","target":["https:\/\/datarecovery.ping.fm\/fi\/wiped-hard-drive-recovery\/"]}]},{"@type":"BreadcrumbList","@id":"https:\/\/datarecovery.ping.fm\/fi\/wiped-hard-drive-recovery\/#breadcrumb","itemListElement":[{"@type":"ListItem","position":1,"name":"Home","item":"https:\/\/datarecovery.ping.fm\/fi\/"},{"@type":"ListItem","position":2,"name":"Kuinka palauttaa poistetut tiedostot tyhjennetyst\u00e4 kovalevyst\u00e4"}]},{"@type":"WebSite","@id":"https:\/\/datarecovery.ping.fm\/fi\/#website","url":"https:\/\/datarecovery.ping.fm\/fi\/","name":"Data Recovery Software","description":"","potentialAction":[{"@type":"SearchAction","target":{"@type":"EntryPoint","urlTemplate":"https:\/\/datarecovery.ping.fm\/fi\/?s={search_term_string}"},"query-input":"required name=search_term_string"}],"inLanguage":"fi"}]}},"_links":{"self":[{"href":"https:\/\/datarecovery.ping.fm\/fi\/wp-json\/wp\/v2\/pages\/45131"}],"collection":[{"href":"https:\/\/datarecovery.ping.fm\/fi\/wp-json\/wp\/v2\/pages"}],"about":[{"href":"https:\/\/datarecovery.ping.fm\/fi\/wp-json\/wp\/v2\/types\/page"}],"replies":[{"embeddable":true,"href":"https:\/\/datarecovery.ping.fm\/fi\/wp-json\/wp\/v2\/comments?post=45131"}],"version-history":[{"count":0,"href":"https:\/\/datarecovery.ping.fm\/fi\/wp-json\/wp\/v2\/pages\/45131\/revisions"}],"wp:featuredmedia":[{"embeddable":true,"href":"https:\/\/datarecovery.ping.fm\/fi\/wp-json\/wp\/v2\/media\/45132"}],"wp:attachment":[{"href":"https:\/\/datarecovery.ping.fm\/fi\/wp-json\/wp\/v2\/media?parent=45131"}],"curies":[{"name":"wp","href":"https:\/\/api.w.org\/{rel}","templated":true}]}}