{"id":44174,"date":"2024-01-26T10:53:03","date_gmt":"2024-01-26T10:53:03","guid":{"rendered":"https:\/\/www.ping.fm\/data-recovery-software\/windows-7-recovery-software\/"},"modified":"2024-04-19T06:14:34","modified_gmt":"2024-04-19T06:14:34","slug":"windows-7-recovery-software","status":"publish","type":"page","link":"https:\/\/datarecovery.ping.fm\/fi\/windows-7-recovery-software\/","title":{"rendered":"Windows 7 parhaat tiedonpalautusohjelmistot"},"content":{"rendered":"<section>\n<h1>Paras tiedonpalautusohjelmisto Windows 7:lle<\/h1>\n<div class=\"inbrief\">\n<div>             <img src=\"https:\/\/www.ping.fm\/data-recovery-software\/wp-content\/uploads\/ai\/Best-Data-Recovery-Software-for-Windows-7-Finnish.jpg\" alt=\"Paras tiedonpalautusohjelmisto Windows 7:lle\" title=\"Paras tiedonpalautusohjelmisto Windows 7:lle\" width=\"1280\" height=\"720\">             <\/p>\n<p>Oletko koskaan kokenut sen uppoavan tunteen, kun tajuat vahingossa poistaneesi t\u00e4rke\u00e4n tiedoston, tai pahempaa, k\u00e4rsineesi tietojen menetyksest\u00e4 j\u00e4rjestelm\u00e4kaatuman vuoksi? Windows 7 -k\u00e4ytt\u00e4j\u00e4n\u00e4 olen ollut siell\u00e4, ja usko minua, se ei ole hauskaa. Mutta \u00e4l\u00e4 pelk\u00e4\u00e4, sill\u00e4 on hopeareunus \u2013 tiedonpalautusohjelmat. T\u00e4ss\u00e4 kattavassa oppaassa tarkastellaan parhaita tiedonpalautusohjelmistoja Windows 7:lle, mukaan lukien niiden kyvyt ja rajoitukset, jotka on suunnattu niin aloittelijoille kuin teknisesti taitaville k\u00e4ytt\u00e4jille. L\u00e4hdet\u00e4\u00e4n matkalle noutamaan, mik\u00e4 kerran n\u00e4ytti menetetylt\u00e4.<\/p>\n<\/div>\n<\/div>\n<\/section>\n<section>\n<div class=\"medal\">\n<div>&#129351;<\/div>\n<\/div>\n<h2><a href='https:\/\/www.cleverfiles.com\/disk-drill-windows.html' rel=\"nofollow noopener\" target='_blank'>Disk Drill (versio 4.5)<\/a><\/h2>\n<p><img src=\"https:\/\/www.ping.fm\/data-recovery-software\/wp-content\/uploads\/ai\/https---www-cleverfiles-com-disk-drill-windows-htmlFinnish.jpg\"><\/p>\n<p>Oma henkil\u00f6kohtainen suosikkini ja kokemukseni mukaan luotettavin vaihtoehto on <b>Disk Drill<\/b> (versio 4.5). Sen k\u00e4ytt\u00e4j\u00e4yst\u00e4v\u00e4llinen k\u00e4ytt\u00f6liittym\u00e4 yhdistettyn\u00e4 tehokkaaseen skannausalgoritmiin tekee siit\u00e4 erinomaisen valinnan sek\u00e4 aloittelijoille ett\u00e4 asiantuntijoille. Olen k\u00e4ytt\u00e4nyt Disk Drilli\u00e4 monenlaisten tiedostotyyppien palauttamiseen suurilla onnistumisprosenteilla, mik\u00e4 puhuu paljon sen tehokkuudesta.<\/p>\n<p><a href='https:\/\/www.cleverfiles.com\/disk-drill-windows.html' rel=\"nofollow noopener\" target='_blank' class='ofWSite'>Virallinen verkkosivusto<\/a><\/p>\n<h3 class='prosTitle'>Plussat<\/h3>\n<ul class='listpc pros'>\n<li>Vaistoitu k\u00e4ytt\u00f6liittym\u00e4<\/li>\n<li>Kehittyneet tiedonsuojatoiminnot<\/li>\n<\/ul>\n<h3 class='consTitle'>Miinukset<\/h3>\n<ul class='listpc cons'>\n<li>Ilmainen versio sis\u00e4lt\u00e4\u00e4 tiedonpalautuksen rajoituksia<\/li>\n<li>Joitakin tiedostoja ei ehk\u00e4 pysty palauttamaan ylikirjoittumisen vuoksi<\/li>\n<\/ul>\n<\/section>\n<section>\n<div class=\"medal\">\n<div>&#129352;<\/div>\n<\/div>\n<h2><a href='https:\/\/www.easeus.com\/datarecoverywizard\/free-data-recovery-software.htm' rel=\"nofollow noopener\" target='_blank'>EaseUS Data Recovery Wizard<\/a><\/h2>\n<p><img src=\"https:\/\/www.ping.fm\/data-recovery-software\/wp-content\/uploads\/ai\/https---www-easeus-com-datarecoverywizard-free-data-recovery-software-htmFinnish.jpg\"><\/p>\n<p>Toinen erottuva on <b>EaseUS Data Recovery Wizard<\/b>. T\u00e4m\u00e4 tehokas ty\u00f6kalu on varustettu toiminnoilla, jotka pystyv\u00e4t tehokkaasti k\u00e4sittelem\u00e4\u00e4n erilaisia tietojen menetysskenaarioita. Sen suorituskyky kadonneiden osioiden tietojen ja formatoitujen asemien palautuksessa oli huomattava, kun sit\u00e4 eniten tarvitsin.<\/p>\n<p><a href='https:\/\/www.easeus.com\/datarecoverywizard\/free-data-recovery-software.htm' rel=\"nofollow noopener\" target='_blank' class='ofWSite'>Virallinen verkkosivusto<\/a><\/p>\n<h3 class='prosTitle'>Plussat<\/h3>\n<ul class='listpc pros'>\n<li>Tukee laajaa valikoimaa tiedostotyyppej\u00e4<\/li>\n<li>Esikatselutoiminto ennen palautusta<\/li>\n<\/ul>\n<h3 class='consTitle'>Miinukset<\/h3>\n<ul class='listpc cons'>\n<li>Ilmaisversio sis\u00e4lt\u00e4\u00e4 rajoitetut palautusominaisuudet<\/li>\n<li>T\u00e4ysi palautus voi olla aikaaviev\u00e4\u00e4<\/li>\n<\/ul>\n<\/section>\n<section>\n<div class=\"medal\">\n<div>&#129353;<\/div>\n<\/div>\n<h2><a href='https:\/\/www.stellarinfo.com\/free-data-recovery.php' rel=\"nofollow noopener\" target='_blank'>Stellar Data Recovery<\/a><\/h2>\n<p><img src=\"https:\/\/www.ping.fm\/data-recovery-software\/wp-content\/uploads\/ai\/https---www-stellarinfo-com-free-data-recovery-phpFinnish.jpg\"><\/p>\n<p>Olin vaikuttunut <b>Stellar Data Recoverysta<\/b>, kun k\u00e4sitin kadonneita tietoja vakavasti vioittuneelta kovalevylt\u00e4. Sen edistyneet ominaisuudet ja tehokas syv\u00e4skannaus teknologia auttoivat minua pelastamaan l\u00e4hes kaikki asiakirjani, jotka luulin menneen lopullisesti.<\/p>\n<p><a href='https:\/\/www.stellarinfo.com\/free-data-recovery.php' rel=\"nofollow noopener\" target='_blank' class='ofWSite'>Virallinen verkkosivusto<\/a><\/p>\n<h3 class='prosTitle'>Edut<\/h3>\n<ul class='listpc pros'>\n<li>K\u00e4ytt\u00e4j\u00e4yst\u00e4v\u00e4llinen k\u00e4ytt\u00f6liittym\u00e4<\/li>\n<li>Korkea onnistumisaste tietojen palauttamisessa<\/li>\n<\/ul>\n<h3 class='consTitle'>Haitat<\/h3>\n<ul class='listpc cons'>\n<li>Palautusnopeus voi vaihdella datan koosta ja tilasta riippuen<\/li>\n<li>Korkeammat kustannukset premium-ominaisuuksista<\/li>\n<\/ul>\n<\/section>\n<section>\n<div class=\"no-medal\">\n<div>4<\/div>\n<\/div>\n<h2><a href='https:\/\/www.wondershare.com\/data-recovery\/' rel=\"nofollow noopener\" target='_blank'>Wondershare Recoverit<\/a><\/h2>\n<p><img src=\"https:\/\/www.ping.fm\/data-recovery-software\/wp-content\/uploads\/ai\/https---www-wondershare-com-data-recovery-Finnish.jpg\"><\/p>\n<p>K\u00e4ytt\u00e4ess\u00e4ni <b>Wondershare Recoveritia<\/b>, havaitsin sen erityisen tehokkaaksi medi tiedostojen palauttamisessa. Sen video korjausty\u00f6kalu on pelastus videoiden korjaamisessa samalla, kun tiedostojen palautus tapahtuu.<\/p>\n<p><a href='https:\/\/www.wondershare.com\/data-recovery\/' rel=\"nofollow noopener\" target='_blank' class='ofWSite'>Virallinen verkkosivusto<\/a><\/p>\n<h3 class='prosTitle'>Edut<\/h3>\n<ul class='listpc pros'>\n<li>Erityistaitoinen medi tiedostojen palautuksessa<\/li>\n<li>Video korjausty\u00f6kalu sis\u00e4ltyy<\/li>\n<\/ul>\n<h3 class='consTitle'>Haitat<\/h3>\n<ul class='listpc cons'>\n<li>Ilmainen versio on melko rajoittunut<\/li>\n<li>Monimutkainen k\u00e4ytt\u00f6liittym\u00e4 uusille k\u00e4ytt\u00e4jille<\/li>\n<\/ul>\n<\/section>\n<section>\n<div class=\"no-medal\">\n<div>5<\/div>\n<\/div>\n<h2>Recuva<\/h2>\n<p><b>Recuva<\/b> on budjettiyst\u00e4v\u00e4llinen ja vankka tiedonpalautusty\u00f6kalu. Se tarjoaa yksinkertaista tiedoston palautusta ja omien kokemuksieni mukaan se suoriutuu hyvin nopeista skannauksista ja tiedostojen palautuksesta digikameroiden muistikorteilta.<\/p>\n<h3 class='prosTitle'>Edut<\/h3>\n<ul class='listpc pros'>\n<li>Keve\u00e4 ja helppok\u00e4ytt\u00f6inen<\/li>\n<li>Kustannustehokas, ilmaisversio saatavilla<\/li>\n<\/ul>\n<h3 class='consTitle'>Haitat<\/h3>\n<ul class='listpc cons'>\n<li>Rajoitetut toiminnot verrattuna kehittyneempiin ty\u00f6kaluihin<\/li>\n<li>Ei aina palauta tiedostoja ehjin\u00e4<\/li>\n<\/ul>\n<\/section>\n<section>\n<h2>Yhteenveto:<\/h2>\n<div class=\"nonp\">\n<p>Kun valitaan <b>tietojen palautusohjelmistoa<\/b>, on t\u00e4rke\u00e4\u00e4 ymm\u00e4rt\u00e4\u00e4 ty\u00f6kalun tekniset seikat ja toiminnallisuudet. Jotkin sovellukset tarjoavat perusteellisia tarkistuksia ja kykenev\u00e4t palauttamaan tiedostoja uudelleenmuotoilluilta asemilta, kun taas toiset soveltuvat paremmin yksinkertaisempiin teht\u00e4viin, kuten \u00e4skett\u00e4in poistettujen tiedostojen noutamiseen.<\/p>\n<p>Eri ohjelmistoratkaisut tulevat vaihtelevilla hintalapuilla ja ominaisuusseteill\u00e4. On t\u00e4rke\u00e4\u00e4 ymm\u00e4rt\u00e4\u00e4 kunkin tuotteen arvo verrattuna sen kustannuksiin p\u00e4\u00e4t\u00f6st\u00e4 tehdess\u00e4.<\/p>\n<p>Lis\u00e4ksi <b>Windows 7 -k\u00e4ytt\u00f6j\u00e4rjestelm\u00e4ll\u00e4<\/b> on erityisvaatimuksia, ja yhteensopivuus on olennainen tekij\u00e4. Varmista aina, ett\u00e4 valitsemasi ohjelmisto tukee Windows 7:\u00e4\u00e4. Tulevat Windows-p\u00e4ivitykset saattavat vaikuttaa n\u00e4iden ohjelmistoratkaisujen toiminnallisuuteen, joten tietoisen pysyminen on v\u00e4ltt\u00e4m\u00e4t\u00f6nt\u00e4.<\/p>\n<p>Lopuksi, hyv\u00e4 k\u00e4yt\u00e4nt\u00f6 on tutustua arvosteluihin ja k\u00e4ytt\u00e4j\u00e4kokemuksiin ennen palautusty\u00f6kalun valintaa. Vierailu sivustolla, joka tarjoaa <a href='https:\/\/www.handyrecovery.com\/best-data-recovery-software-for-windows-7\/' rel=\"dofollow noopener\" target='_blank'>lis\u00e4\u00e4 vaihtoehtoja Windows 7:lle<\/a>, saattaa tarjota lis\u00e4n\u00e4kemyksi\u00e4. Artikkeli arvioi parhaat <b>tietojen palautusohjelmistojen<\/b> vaihtoehdot <b>Windows 7:lle<\/b>, arvostellen niiden ominaisuuksia, tehokkuutta ja k\u00e4ytt\u00e4j\u00e4yst\u00e4v\u00e4llisyytt\u00e4.<\/p>\n<\/div>\n<\/section>\n","protected":false},"excerpt":{"rendered":"<p>Paras tiedonpalautusohjelmisto Windows 7:lle Oletko koskaan kokenut sen uppoavan tunteen, kun tajuat vahingossa poistaneesi t\u00e4rke\u00e4n tiedoston, tai pahempaa, k\u00e4rsineesi tietojen menetyksest\u00e4 j\u00e4rjestelm\u00e4kaatuman vuoksi? Windows 7 -k\u00e4ytt\u00e4j\u00e4n\u00e4 olen ollut siell\u00e4, ja usko minua, se ei ole hauskaa. Mutta \u00e4l\u00e4 pelk\u00e4\u00e4, sill\u00e4 on hopeareunus \u2013 tiedonpalautusohjelmat. T\u00e4ss\u00e4 kattavassa oppaassa tarkastellaan parhaita tiedonpalautusohjelmistoja Windows 7:lle, mukaan lukien niiden [&hellip;]<\/p>\n","protected":false},"author":0,"featured_media":44175,"parent":0,"menu_order":0,"comment_status":"closed","ping_status":"closed","template":"chromecast.php","meta":{"_stopmodifiedupdate":false,"_modified_date":"","_lmt_disableupdate":"","_lmt_disable":""},"acf":[],"yoast_head":"<!-- This site is optimized with the Yoast SEO plugin v20.9 - https:\/\/yoast.com\/wordpress\/plugins\/seo\/ -->\n<title>Topdata-gendannelsesl\u00f8sning til Windows 7-brugere<\/title>\n<meta name=\"robots\" content=\"index, follow, max-snippet:-1, max-image-preview:large, max-video-preview:-1\" \/>\n<link rel=\"canonical\" href=\"https:\/\/datarecovery.ping.fm\/fi\/windows-7-recovery-software\/\" \/>\n<meta property=\"og:locale\" content=\"fi_FI\" \/>\n<meta property=\"og:type\" content=\"article\" \/>\n<meta property=\"og:title\" content=\"Topdata-gendannelsesl\u00f8sning til Windows 7-brugere\" \/>\n<meta property=\"og:description\" content=\"Paras tiedonpalautusohjelmisto Windows 7:lle Oletko koskaan kokenut sen uppoavan tunteen, kun tajuat vahingossa poistaneesi t\u00e4rke\u00e4n tiedoston, tai pahempaa, k\u00e4rsineesi tietojen menetyksest\u00e4 j\u00e4rjestelm\u00e4kaatuman vuoksi? Windows 7 -k\u00e4ytt\u00e4j\u00e4n\u00e4 olen ollut siell\u00e4, ja usko minua, se ei ole hauskaa. Mutta \u00e4l\u00e4 pelk\u00e4\u00e4, sill\u00e4 on hopeareunus \u2013 tiedonpalautusohjelmat. T\u00e4ss\u00e4 kattavassa oppaassa tarkastellaan parhaita tiedonpalautusohjelmistoja Windows 7:lle, mukaan lukien niiden [&hellip;]\" \/>\n<meta property=\"og:url\" content=\"https:\/\/datarecovery.ping.fm\/fi\/windows-7-recovery-software\/\" \/>\n<meta property=\"og:site_name\" content=\"Data Recovery Software\" \/>\n<meta property=\"article:modified_time\" content=\"2024-04-19T06:14:34+00:00\" \/>\n<meta property=\"og:image\" content=\"https:\/\/datarecovery.ping.fm\/wp-content\/uploads\/2024\/04\/Best-Data-Recovery-Software-for-Windows-7-Finnish.jpg\" \/>\n\t<meta property=\"og:image:width\" content=\"1280\" \/>\n\t<meta property=\"og:image:height\" content=\"731\" \/>\n\t<meta property=\"og:image:type\" content=\"image\/jpeg\" \/>\n<meta name=\"twitter:card\" content=\"summary_large_image\" \/>\n<meta name=\"twitter:label1\" content=\"Est. reading time\" \/>\n\t<meta name=\"twitter:data1\" content=\"3 minuuttia\" \/>\n<script type=\"application\/ld+json\" class=\"yoast-schema-graph\">{\"@context\":\"https:\/\/schema.org\",\"@graph\":[{\"@type\":\"WebPage\",\"@id\":\"https:\/\/datarecovery.ping.fm\/fi\/windows-7-recovery-software\/\",\"url\":\"https:\/\/datarecovery.ping.fm\/fi\/windows-7-recovery-software\/\",\"name\":\"Topdata-gendannelsesl\u00f8sning til Windows 7-brugere\",\"isPartOf\":{\"@id\":\"https:\/\/datarecovery.ping.fm\/fi\/#website\"},\"datePublished\":\"2024-01-26T10:53:03+00:00\",\"dateModified\":\"2024-04-19T06:14:34+00:00\",\"breadcrumb\":{\"@id\":\"https:\/\/datarecovery.ping.fm\/fi\/windows-7-recovery-software\/#breadcrumb\"},\"inLanguage\":\"fi\",\"potentialAction\":[{\"@type\":\"ReadAction\",\"target\":[\"https:\/\/datarecovery.ping.fm\/fi\/windows-7-recovery-software\/\"]}]},{\"@type\":\"BreadcrumbList\",\"@id\":\"https:\/\/datarecovery.ping.fm\/fi\/windows-7-recovery-software\/#breadcrumb\",\"itemListElement\":[{\"@type\":\"ListItem\",\"position\":1,\"name\":\"Home\",\"item\":\"https:\/\/datarecovery.ping.fm\/fi\/\"},{\"@type\":\"ListItem\",\"position\":2,\"name\":\"Windows 7 parhaat tiedonpalautusohjelmistot\"}]},{\"@type\":\"WebSite\",\"@id\":\"https:\/\/datarecovery.ping.fm\/fi\/#website\",\"url\":\"https:\/\/datarecovery.ping.fm\/fi\/\",\"name\":\"Data Recovery Software\",\"description\":\"\",\"potentialAction\":[{\"@type\":\"SearchAction\",\"target\":{\"@type\":\"EntryPoint\",\"urlTemplate\":\"https:\/\/datarecovery.ping.fm\/fi\/?s={search_term_string}\"},\"query-input\":\"required name=search_term_string\"}],\"inLanguage\":\"fi\"}]}<\/script>\n<!-- \/ Yoast SEO plugin. -->","yoast_head_json":{"title":"Topdata-gendannelsesl\u00f8sning til Windows 7-brugere","robots":{"index":"index","follow":"follow","max-snippet":"max-snippet:-1","max-image-preview":"max-image-preview:large","max-video-preview":"max-video-preview:-1"},"canonical":"https:\/\/datarecovery.ping.fm\/fi\/windows-7-recovery-software\/","og_locale":"fi_FI","og_type":"article","og_title":"Topdata-gendannelsesl\u00f8sning til Windows 7-brugere","og_description":"Paras tiedonpalautusohjelmisto Windows 7:lle Oletko koskaan kokenut sen uppoavan tunteen, kun tajuat vahingossa poistaneesi t\u00e4rke\u00e4n tiedoston, tai pahempaa, k\u00e4rsineesi tietojen menetyksest\u00e4 j\u00e4rjestelm\u00e4kaatuman vuoksi? Windows 7 -k\u00e4ytt\u00e4j\u00e4n\u00e4 olen ollut siell\u00e4, ja usko minua, se ei ole hauskaa. Mutta \u00e4l\u00e4 pelk\u00e4\u00e4, sill\u00e4 on hopeareunus \u2013 tiedonpalautusohjelmat. T\u00e4ss\u00e4 kattavassa oppaassa tarkastellaan parhaita tiedonpalautusohjelmistoja Windows 7:lle, mukaan lukien niiden [&hellip;]","og_url":"https:\/\/datarecovery.ping.fm\/fi\/windows-7-recovery-software\/","og_site_name":"Data Recovery Software","article_modified_time":"2024-04-19T06:14:34+00:00","og_image":[{"width":1280,"height":731,"url":"https:\/\/datarecovery.ping.fm\/wp-content\/uploads\/2024\/04\/Best-Data-Recovery-Software-for-Windows-7-Finnish.jpg","type":"image\/jpeg"}],"twitter_card":"summary_large_image","twitter_misc":{"Est. reading time":"3 minuuttia"},"schema":{"@context":"https:\/\/schema.org","@graph":[{"@type":"WebPage","@id":"https:\/\/datarecovery.ping.fm\/fi\/windows-7-recovery-software\/","url":"https:\/\/datarecovery.ping.fm\/fi\/windows-7-recovery-software\/","name":"Topdata-gendannelsesl\u00f8sning til Windows 7-brugere","isPartOf":{"@id":"https:\/\/datarecovery.ping.fm\/fi\/#website"},"datePublished":"2024-01-26T10:53:03+00:00","dateModified":"2024-04-19T06:14:34+00:00","breadcrumb":{"@id":"https:\/\/datarecovery.ping.fm\/fi\/windows-7-recovery-software\/#breadcrumb"},"inLanguage":"fi","potentialAction":[{"@type":"ReadAction","target":["https:\/\/datarecovery.ping.fm\/fi\/windows-7-recovery-software\/"]}]},{"@type":"BreadcrumbList","@id":"https:\/\/datarecovery.ping.fm\/fi\/windows-7-recovery-software\/#breadcrumb","itemListElement":[{"@type":"ListItem","position":1,"name":"Home","item":"https:\/\/datarecovery.ping.fm\/fi\/"},{"@type":"ListItem","position":2,"name":"Windows 7 parhaat tiedonpalautusohjelmistot"}]},{"@type":"WebSite","@id":"https:\/\/datarecovery.ping.fm\/fi\/#website","url":"https:\/\/datarecovery.ping.fm\/fi\/","name":"Data Recovery Software","description":"","potentialAction":[{"@type":"SearchAction","target":{"@type":"EntryPoint","urlTemplate":"https:\/\/datarecovery.ping.fm\/fi\/?s={search_term_string}"},"query-input":"required name=search_term_string"}],"inLanguage":"fi"}]}},"_links":{"self":[{"href":"https:\/\/datarecovery.ping.fm\/fi\/wp-json\/wp\/v2\/pages\/44174"}],"collection":[{"href":"https:\/\/datarecovery.ping.fm\/fi\/wp-json\/wp\/v2\/pages"}],"about":[{"href":"https:\/\/datarecovery.ping.fm\/fi\/wp-json\/wp\/v2\/types\/page"}],"replies":[{"embeddable":true,"href":"https:\/\/datarecovery.ping.fm\/fi\/wp-json\/wp\/v2\/comments?post=44174"}],"version-history":[{"count":0,"href":"https:\/\/datarecovery.ping.fm\/fi\/wp-json\/wp\/v2\/pages\/44174\/revisions"}],"wp:featuredmedia":[{"embeddable":true,"href":"https:\/\/datarecovery.ping.fm\/fi\/wp-json\/wp\/v2\/media\/44175"}],"wp:attachment":[{"href":"https:\/\/datarecovery.ping.fm\/fi\/wp-json\/wp\/v2\/media?parent=44174"}],"curies":[{"name":"wp","href":"https:\/\/api.w.org\/{rel}","templated":true}]}}