{"id":43745,"date":"2024-02-22T06:28:29","date_gmt":"2024-02-22T06:28:29","guid":{"rendered":"https:\/\/www.ping.fm\/data-recovery-software\/hard-drive-repair-software\/"},"modified":"2024-04-23T07:34:44","modified_gmt":"2024-04-23T07:34:44","slug":"hard-drive-repair-software","status":"publish","type":"page","link":"https:\/\/datarecovery.ping.fm\/fi\/hard-drive-repair-software\/","title":{"rendered":"2024:n paras kiintolevyjen korjausohjelmisto"},"content":{"rendered":"<section>\n<h1>Parhaat kovalevyn korjausohjelmistot vuonna 2024<\/h1>\n<div class=\"inbrief\">\n<div>                     <img src=\"https:\/\/www.ping.fm\/data-recovery-software\/wp-content\/uploads\/ai\/Best-Hard-Drive-Repair-Software-to-Use-in-2024-Finnish.jpg\" alt=\"Parhaat kovalevyn korjausohjelmistot vuonna 2024\" title=\"Parhaat kovalevyn korjausohjelmistot vuonna 2024\" width=\"1280\" height=\"720\">                     <\/p>\n<p>Tietokoneenk\u00e4ytt\u00e4jille harvoja asioita on yht\u00e4 lannistavia kuin kovalevyn hajoamisen uhka. Olipa kyseess\u00e4 sitten pel\u00e4tty &#8221;kuoleman klikkaus&#8221; tai arvoituksellinen virheilmoitus, viallinen kovalevy voi tuntua ylitsep\u00e4\u00e4sem\u00e4tt\u00f6m\u00e4lt\u00e4 ongelmalta. Olemassa on kuitenkin lukuisia kovalevyn korjausty\u00f6kaluja, jotka voivat pelastaa tietosi ja mahdollisesti pident\u00e4\u00e4 asemasi ik\u00e4\u00e4. T\u00e4ss\u00e4 artikkelissa opastamme sinua joillakin markkinoiden parhailla kovalevyn korjausty\u00f6kaluilla. Sukeltaakaamme t\u00e4h\u00e4n olennaiseen ty\u00f6kalupakkiin jokaiselle digitaaliselle elinevolle.<\/p>\n<\/div>\n<\/div>\n<\/section>\n<section>\n<div class=\"medal\">\n<div>&#129351;<\/div>\n<\/div>\n<h2><a href='https:\/\/www.cleverfiles.com\/' rel=\"nofollow noopener\" target='_blank'>Disk Drill<\/a><\/h2>\n<p><img src=\"https:\/\/www.ping.fm\/data-recovery-software\/wp-content\/uploads\/ai\/https---www-cleverfiles-com-Finnish.jpg\" alt=\"https:\/\/www.cleverfiles.com\/ -sivuston n\u00e4ytt\u00f6kuva\" width=\"1280\" height=\"720\"><\/p>\n<p>Oman kokemuksen syv\u00e4st\u00e4 tiedonmenetyksen myllerryksest\u00e4 l\u00f6ysin pelastuksen <b>Disk Drill<\/b> -palvelussa, joka on kattava ty\u00f6kalu <b>tietojen palautukseen<\/b> sek\u00e4 kovalevyn analysointiin. Sen k\u00e4ytt\u00e4j\u00e4yst\u00e4v\u00e4llinen k\u00e4ytt\u00f6liittym\u00e4 yksinkertaistaa palautusprosessin, tehden siit\u00e4 saavutettavan sek\u00e4 noviiseille ett\u00e4 asiantuntijoille. Disk Drillin ominaisuuskattaus ulottuu palautuksen yli <b>tietojen suojelu<\/b>-ty\u00f6kaluihin, kuten Recovery Vaulttiin ja aseman varmuuskopiointiin.<\/p>\n<p><a href='https:\/\/www.cleverfiles.com\/' rel=\"nofollow noopener\" target='_blank' class='ofWSite'>Virallinen verkkosivusto<\/a><\/p>\n<h3 class='prosTitle'>Plussat<\/h3>\n<ul class='listpc pros'>\n<li>Vaivaton k\u00e4ytt\u00f6liittym\u00e4<\/li>\n<li>Tehokkaat skannausalgoritmit<\/li>\n<\/ul>\n<h3 class='consTitle'>Miinukset<\/h3>\n<ul class='listpc cons'>\n<li>Ilmaisversiossa on tietojen palautusrajoituksia<\/li>\n<li>Edistyneet toiminnot vaativat maksullisen version<\/li>\n<\/ul>\n<\/section>\n<section>\n<div class=\"medal\">\n<div>&#129352;<\/div>\n<\/div>\n<h2><a href='https:\/\/www.cgsecurity.org\/wiki\/TestDisk' rel=\"nofollow noopener\" target='_blank'>TestDisk<\/a><\/h2>\n<p><img src=\"https:\/\/www.ping.fm\/data-recovery-software\/wp-content\/uploads\/ai\/https---www-cgsecurity-org-wiki-TestDiskFinnish.jpg\" alt=\"https:\/\/www.cgsecurity.org\/wiki\/TestDisk -sivuston n\u00e4ytt\u00f6kuva\" width=\"1280\" height=\"720\"><\/p>\n<p><b>TestDisk<\/b> on voimatekij\u00e4 kadonneiden osioiden palauttamisessa ja k\u00e4ynnistyvien asemien korjaamisessa, jotka eiv\u00e4t suostu k\u00e4ynnistym\u00e4\u00e4n. Se on avoimen l\u00e4hdekoodin ty\u00f6kalu, jota kovat tekniikan harrastajat arvostavat sen syv\u00e4llisten toimintojen ansiosta. Vaikka sen k\u00e4ytt\u00f6 tapahtuu komentorivin kautta, joka voi olla joillekin pelottava, sen tehokkuus osiointitaulukoiden palauttamisessa ja tiedostoj\u00e4rjestelmien korjauksessa on kiist\u00e4m\u00e4t\u00f6n.<\/p>\n<p><a href='https:\/\/www.cgsecurity.org\/wiki\/TestDisk' rel=\"nofollow noopener\" target='_blank' class='ofWSite'>Virallinen verkkosivusto<\/a><\/p>\n<h3 class='prosTitle'>Plussat<\/h3>\n<ul class='listpc pros'>\n<li>Voi palauttaa kadonneet osiot<\/li>\n<li>Avoimen l\u00e4hdekoodin ohjelmisto, joka p\u00e4ivittyy usein<\/li>\n<\/ul>\n<h3 class='consTitle'>Miinukset<\/h3>\n<ul class='listpc cons'>\n<li>Komentorivin liittym\u00e4 voi olla haasteellinen joillekin k\u00e4ytt\u00e4jille<\/li>\n<li>Ei graafista k\u00e4ytt\u00f6liittym\u00e4\u00e4<\/li>\n<\/ul>\n<\/section>\n<section>\n<div class=\"medal\">\n<div>&#129353;<\/div>\n<\/div>\n<h2>GParted<\/h2>\n<p><b>GParted<\/b>-sovellus on ilmainen, avoimen l\u00e4hdekoodin osioeditori, joka loistaa osioiden koon muuttamisessa, kopioimisessa ja siirt\u00e4misess\u00e4 ilman tietojen h\u00e4vi\u00e4mist\u00e4. Se tukee erilaisia tiedostoj\u00e4rjestelmi\u00e4 ja sit\u00e4 k\u00e4ytet\u00e4\u00e4n usein kiintolevyn levytilan hallintaan. Selke\u00e4n graafisen k\u00e4ytt\u00f6liittym\u00e4ns\u00e4 ansiosta GParted soveltuu k\u00e4ytett\u00e4v\u00e4ksi live-USB-muistilta, mik\u00e4 tekee siit\u00e4 kannettavan ja joustavan ty\u00f6kalun levyhallintaan.<\/p>\n<h3 class='prosTitle'>Hyv\u00e4t puolet<\/h3>\n<ul class='listpc pros'>\n<li>Tukee laajaa valikoimaa tiedostoj\u00e4rjestelmi\u00e4<\/li>\n<li>Graafinen k\u00e4ytt\u00f6liittym\u00e4<\/li>\n<\/ul>\n<h3 class='consTitle'>Huonot puolet<\/h3>\n<ul class='listpc cons'>\n<li>Ei ehk\u00e4 k\u00e4sittele monimutkaisia palautustilanteita<\/li>\n<li>Vaihtoehdot voivat olla aloittelijoille valtavia<\/li>\n<\/ul>\n<\/section>\n<section>\n<div class=\"no-medal\">\n<div>4<\/div>\n<\/div>\n<h2><a href='https:\/\/hddscan.com\/' rel=\"nofollow noopener\" target='_blank'>HDDScan<\/a><\/h2>\n<p><img src=\"https:\/\/www.ping.fm\/data-recovery-software\/wp-content\/uploads\/ai\/https---hddscan-com-Finnish.jpg\" alt=\"https:\/\/hddscan.com\/ ruutukaappaus\" width=\"1280\" height=\"720\"><\/p>\n<p><b>HDDScan<\/b> on freeware-ohjelmisto kiintolevyn diagnostiikkaan. Se tarjoaa useita testej\u00e4, joita voidaan k\u00e4ytt\u00e4\u00e4 huonojen sektoreiden tarkistamiseen, SMART-ominaisuuksien seuraamiseen ja matalan tason suorituskykytestien tekemiseen. Erityisen hy\u00f6dylliseksi olen havainnut sen kyvyn suorittaa n\u00e4m\u00e4 diagnostiikat tarvitsematta poistaa tietoja asemalta\u2014t\u00e4rke\u00e4\u00e4, kun yrit\u00e4t v\u00e4ltt\u00e4\u00e4 lis\u00e4datan menetyksi\u00e4.<\/p>\n<p><a href='https:\/\/hddscan.com\/' rel=\"nofollow noopener\" target='_blank' class='ofWSite'>Virallinen verkkosivusto<\/a><\/p>\n<h3 class='prosTitle'>Hyv\u00e4t puolet<\/h3>\n<ul class='listpc pros'>\n<li>Ei vaadi asentamista (kannettava)<\/li>\n<li>Yksityiskohtainen raportointi aseman terveydest\u00e4<\/li>\n<\/ul>\n<h3 class='consTitle'>Huonot puolet<\/h3>\n<ul class='listpc cons'>\n<li>K\u00e4ytt\u00f6liittym\u00e4 voi olla monimutkainen aloittelijoille<\/li>\n<li>Rajoitetut korjausominaisuudet<\/li>\n<\/ul>\n<\/section>\n<section>\n<div class=\"no-medal\">\n<div>5<\/div>\n<\/div>\n<h2><a href='https:\/\/www.crystalmark.info\/en\/software\/crystaldiskinfo\/' rel=\"nofollow noopener\" target='_blank'>CrystalDiskInfo<\/a><\/h2>\n<p><img src=\"https:\/\/www.ping.fm\/data-recovery-software\/wp-content\/uploads\/ai\/https---www-crystalmark-info-en-software-crystaldiskinfo-Finnish.jpg\" alt=\"https:\/\/www.crystalmark.info\/en\/software\/crystaldiskinfo\/ ruutukaappaus\" width=\"1280\" height=\"720\"><\/p>\n<p>Kun seuraan kiintolevyn terveytt\u00e4, <b>CrystalDiskInfo<\/b> on jatkuvasti ty\u00f6kalupakissani. Se on ilmainen apuohjelma, joka pit\u00e4\u00e4 sinut ajan tasalla kiintolevysi SMART-informaatiosta, toimien n\u00e4in varhaisena varoitusj\u00e4rjestelm\u00e4n\u00e4 mahdollisille aseman vioille. Reaaliaikaisen valvonnan ja h\u00e4lytysten avulla CrystalDiskInfo mahdollistaa k\u00e4ytt\u00e4jien olla ennakoivia datan suojelemisessa.<\/p>\n<p><a href='https:\/\/www.crystalmark.info\/en\/software\/crystaldiskinfo\/' rel=\"nofollow noopener\" target='_blank' class='ofWSite'>Virallinen verkkosivusto<\/a><\/p>\n<h3 class='prosTitle'>Hyv\u00e4t puolet<\/h3>\n<ul class='listpc pros'>\n<li>Reaaliaikainen SMART-valvonta<\/li>\n<li>K\u00e4ytt\u00e4j\u00e4yst\u00e4v\u00e4llinen k\u00e4ytt\u00f6liittym\u00e4<\/li>\n<\/ul>\n<h3 class='consTitle'>Huonot puolet<\/h3>\n<ul class='listpc cons'>\n<li>Rajoittuu valvontaan (ei korjausvaihtoehtoja)<\/li>\n<li>Mainoksia ilmaisversiossa<\/li>\n<\/ul>\n<\/section>\n<section>\n<h2>Yhteenveto:<\/h2>\n<div class=\"nonp\">\n<p>Kovalevyn terveyden yll\u00e4pit\u00e4minen ja tietojen turvaaminen on jatkuvaa prosessia. Korjausty\u00f6kalujen k\u00e4yt\u00f6n lis\u00e4ksi on hyv\u00e4 omaksua s\u00e4\u00e4nn\u00f6llisen <b>huollon rutiini<\/b>, kuten levyvirheiden ajoittainen tarkistus sis\u00e4\u00e4nrakennettujen ty\u00f6kalujen, kuten Windowsin <b>CHKDSK<\/b>:n tai macOS:n <b>Disk Utility<\/b>:n avulla. Vaikka ennaltaehk\u00e4isev\u00e4t toimet ovat t\u00e4rkeit\u00e4, toisinaan palauttaminen on v\u00e4ist\u00e4m\u00e4t\u00f6nt\u00e4. T\u00e4llaisissa tapauksissa on elint\u00e4rke\u00e4\u00e4 ymm\u00e4rt\u00e4\u00e4 korjausty\u00f6kalujen mahdollisuudet ja rajoitukset. Pelastustoimenpiteit\u00e4 ohjelmistoty\u00f6kalujen avulla tulisi kokeilla ennen ammattipalveluiden k\u00e4ytt\u00f6\u00e4, joka voi olla kallista ja ei aina v\u00e4ltt\u00e4m\u00e4t\u00f6nt\u00e4. Olen l\u00f6yt\u00e4nyt artikkeleita sivustoilta kuten <a href='https:\/\/www.techradar.com\/' rel=\"nofollow noopener\" target='_blank'>TechRadar<\/a> ja <a href='https:\/\/www.pcworld.com\/' rel=\"nofollow noopener\" target='_blank'>PCWorld<\/a>, jotka ovat olleet hy\u00f6dyllisi\u00e4 uusimpien ty\u00f6kalujen ja tekniikoiden seuraamisessa.<\/p>\n<\/div>\n<\/section>\n","protected":false},"excerpt":{"rendered":"<p>Parhaat kovalevyn korjausohjelmistot vuonna 2024 Tietokoneenk\u00e4ytt\u00e4jille harvoja asioita on yht\u00e4 lannistavia kuin kovalevyn hajoamisen uhka. Olipa kyseess\u00e4 sitten pel\u00e4tty &#8221;kuoleman klikkaus&#8221; tai arvoituksellinen virheilmoitus, viallinen kovalevy voi tuntua ylitsep\u00e4\u00e4sem\u00e4tt\u00f6m\u00e4lt\u00e4 ongelmalta. Olemassa on kuitenkin lukuisia kovalevyn korjausty\u00f6kaluja, jotka voivat pelastaa tietosi ja mahdollisesti pident\u00e4\u00e4 asemasi ik\u00e4\u00e4. T\u00e4ss\u00e4 artikkelissa opastamme sinua joillakin markkinoiden parhailla kovalevyn korjausty\u00f6kaluilla. Sukeltaakaamme [&hellip;]<\/p>\n","protected":false},"author":0,"featured_media":44709,"parent":0,"menu_order":0,"comment_status":"closed","ping_status":"closed","template":"chromecast.php","meta":{"_stopmodifiedupdate":false,"_modified_date":"","_lmt_disableupdate":"","_lmt_disable":""},"acf":[],"yoast_head":"<!-- This site is optimized with the Yoast SEO plugin v20.9 - https:\/\/yoast.com\/wordpress\/plugins\/seo\/ -->\n<title>2024 paras kiintolevyn korjausohjelmisto | Arviointi<\/title>\n<meta name=\"robots\" content=\"index, follow, max-snippet:-1, max-image-preview:large, max-video-preview:-1\" \/>\n<link rel=\"canonical\" href=\"https:\/\/datarecovery.ping.fm\/fi\/hard-drive-repair-software\/\" \/>\n<meta property=\"og:locale\" content=\"fi_FI\" \/>\n<meta property=\"og:type\" content=\"article\" \/>\n<meta property=\"og:title\" content=\"2024 paras kiintolevyn korjausohjelmisto | Arviointi\" \/>\n<meta property=\"og:description\" content=\"Parhaat kovalevyn korjausohjelmistot vuonna 2024 Tietokoneenk\u00e4ytt\u00e4jille harvoja asioita on yht\u00e4 lannistavia kuin kovalevyn hajoamisen uhka. Olipa kyseess\u00e4 sitten pel\u00e4tty &#8221;kuoleman klikkaus&#8221; tai arvoituksellinen virheilmoitus, viallinen kovalevy voi tuntua ylitsep\u00e4\u00e4sem\u00e4tt\u00f6m\u00e4lt\u00e4 ongelmalta. Olemassa on kuitenkin lukuisia kovalevyn korjausty\u00f6kaluja, jotka voivat pelastaa tietosi ja mahdollisesti pident\u00e4\u00e4 asemasi ik\u00e4\u00e4. T\u00e4ss\u00e4 artikkelissa opastamme sinua joillakin markkinoiden parhailla kovalevyn korjausty\u00f6kaluilla. Sukeltaakaamme [&hellip;]\" \/>\n<meta property=\"og:url\" content=\"https:\/\/datarecovery.ping.fm\/fi\/hard-drive-repair-software\/\" \/>\n<meta property=\"og:site_name\" content=\"Data Recovery Software\" \/>\n<meta property=\"article:modified_time\" content=\"2024-04-23T07:34:44+00:00\" \/>\n<meta property=\"og:image\" content=\"https:\/\/datarecovery.ping.fm\/wp-content\/uploads\/2024\/04\/Best-Hard-Drive-Repair-Software-to-Use-in-2024-Finnish-1.jpg\" \/>\n\t<meta property=\"og:image:width\" content=\"1280\" \/>\n\t<meta property=\"og:image:height\" content=\"731\" \/>\n\t<meta property=\"og:image:type\" content=\"image\/jpeg\" \/>\n<meta name=\"twitter:card\" content=\"summary_large_image\" \/>\n<meta name=\"twitter:label1\" content=\"Est. reading time\" \/>\n\t<meta name=\"twitter:data1\" content=\"3 minuuttia\" \/>\n<script type=\"application\/ld+json\" class=\"yoast-schema-graph\">{\"@context\":\"https:\/\/schema.org\",\"@graph\":[{\"@type\":\"WebPage\",\"@id\":\"https:\/\/datarecovery.ping.fm\/fi\/hard-drive-repair-software\/\",\"url\":\"https:\/\/datarecovery.ping.fm\/fi\/hard-drive-repair-software\/\",\"name\":\"2024 paras kiintolevyn korjausohjelmisto | Arviointi\",\"isPartOf\":{\"@id\":\"https:\/\/datarecovery.ping.fm\/fi\/#website\"},\"datePublished\":\"2024-02-22T06:28:29+00:00\",\"dateModified\":\"2024-04-23T07:34:44+00:00\",\"breadcrumb\":{\"@id\":\"https:\/\/datarecovery.ping.fm\/fi\/hard-drive-repair-software\/#breadcrumb\"},\"inLanguage\":\"fi\",\"potentialAction\":[{\"@type\":\"ReadAction\",\"target\":[\"https:\/\/datarecovery.ping.fm\/fi\/hard-drive-repair-software\/\"]}]},{\"@type\":\"BreadcrumbList\",\"@id\":\"https:\/\/datarecovery.ping.fm\/fi\/hard-drive-repair-software\/#breadcrumb\",\"itemListElement\":[{\"@type\":\"ListItem\",\"position\":1,\"name\":\"Home\",\"item\":\"https:\/\/datarecovery.ping.fm\/fi\/\"},{\"@type\":\"ListItem\",\"position\":2,\"name\":\"2024:n paras kiintolevyjen korjausohjelmisto\"}]},{\"@type\":\"WebSite\",\"@id\":\"https:\/\/datarecovery.ping.fm\/fi\/#website\",\"url\":\"https:\/\/datarecovery.ping.fm\/fi\/\",\"name\":\"Data Recovery Software\",\"description\":\"\",\"potentialAction\":[{\"@type\":\"SearchAction\",\"target\":{\"@type\":\"EntryPoint\",\"urlTemplate\":\"https:\/\/datarecovery.ping.fm\/fi\/?s={search_term_string}\"},\"query-input\":\"required name=search_term_string\"}],\"inLanguage\":\"fi\"}]}<\/script>\n<!-- \/ Yoast SEO plugin. -->","yoast_head_json":{"title":"2024 paras kiintolevyn korjausohjelmisto | Arviointi","robots":{"index":"index","follow":"follow","max-snippet":"max-snippet:-1","max-image-preview":"max-image-preview:large","max-video-preview":"max-video-preview:-1"},"canonical":"https:\/\/datarecovery.ping.fm\/fi\/hard-drive-repair-software\/","og_locale":"fi_FI","og_type":"article","og_title":"2024 paras kiintolevyn korjausohjelmisto | Arviointi","og_description":"Parhaat kovalevyn korjausohjelmistot vuonna 2024 Tietokoneenk\u00e4ytt\u00e4jille harvoja asioita on yht\u00e4 lannistavia kuin kovalevyn hajoamisen uhka. Olipa kyseess\u00e4 sitten pel\u00e4tty &#8221;kuoleman klikkaus&#8221; tai arvoituksellinen virheilmoitus, viallinen kovalevy voi tuntua ylitsep\u00e4\u00e4sem\u00e4tt\u00f6m\u00e4lt\u00e4 ongelmalta. Olemassa on kuitenkin lukuisia kovalevyn korjausty\u00f6kaluja, jotka voivat pelastaa tietosi ja mahdollisesti pident\u00e4\u00e4 asemasi ik\u00e4\u00e4. T\u00e4ss\u00e4 artikkelissa opastamme sinua joillakin markkinoiden parhailla kovalevyn korjausty\u00f6kaluilla. Sukeltaakaamme [&hellip;]","og_url":"https:\/\/datarecovery.ping.fm\/fi\/hard-drive-repair-software\/","og_site_name":"Data Recovery Software","article_modified_time":"2024-04-23T07:34:44+00:00","og_image":[{"width":1280,"height":731,"url":"https:\/\/datarecovery.ping.fm\/wp-content\/uploads\/2024\/04\/Best-Hard-Drive-Repair-Software-to-Use-in-2024-Finnish-1.jpg","type":"image\/jpeg"}],"twitter_card":"summary_large_image","twitter_misc":{"Est. reading time":"3 minuuttia"},"schema":{"@context":"https:\/\/schema.org","@graph":[{"@type":"WebPage","@id":"https:\/\/datarecovery.ping.fm\/fi\/hard-drive-repair-software\/","url":"https:\/\/datarecovery.ping.fm\/fi\/hard-drive-repair-software\/","name":"2024 paras kiintolevyn korjausohjelmisto | Arviointi","isPartOf":{"@id":"https:\/\/datarecovery.ping.fm\/fi\/#website"},"datePublished":"2024-02-22T06:28:29+00:00","dateModified":"2024-04-23T07:34:44+00:00","breadcrumb":{"@id":"https:\/\/datarecovery.ping.fm\/fi\/hard-drive-repair-software\/#breadcrumb"},"inLanguage":"fi","potentialAction":[{"@type":"ReadAction","target":["https:\/\/datarecovery.ping.fm\/fi\/hard-drive-repair-software\/"]}]},{"@type":"BreadcrumbList","@id":"https:\/\/datarecovery.ping.fm\/fi\/hard-drive-repair-software\/#breadcrumb","itemListElement":[{"@type":"ListItem","position":1,"name":"Home","item":"https:\/\/datarecovery.ping.fm\/fi\/"},{"@type":"ListItem","position":2,"name":"2024:n paras kiintolevyjen korjausohjelmisto"}]},{"@type":"WebSite","@id":"https:\/\/datarecovery.ping.fm\/fi\/#website","url":"https:\/\/datarecovery.ping.fm\/fi\/","name":"Data Recovery Software","description":"","potentialAction":[{"@type":"SearchAction","target":{"@type":"EntryPoint","urlTemplate":"https:\/\/datarecovery.ping.fm\/fi\/?s={search_term_string}"},"query-input":"required name=search_term_string"}],"inLanguage":"fi"}]}},"_links":{"self":[{"href":"https:\/\/datarecovery.ping.fm\/fi\/wp-json\/wp\/v2\/pages\/43745"}],"collection":[{"href":"https:\/\/datarecovery.ping.fm\/fi\/wp-json\/wp\/v2\/pages"}],"about":[{"href":"https:\/\/datarecovery.ping.fm\/fi\/wp-json\/wp\/v2\/types\/page"}],"replies":[{"embeddable":true,"href":"https:\/\/datarecovery.ping.fm\/fi\/wp-json\/wp\/v2\/comments?post=43745"}],"version-history":[{"count":0,"href":"https:\/\/datarecovery.ping.fm\/fi\/wp-json\/wp\/v2\/pages\/43745\/revisions"}],"wp:featuredmedia":[{"embeddable":true,"href":"https:\/\/datarecovery.ping.fm\/fi\/wp-json\/wp\/v2\/media\/44709"}],"wp:attachment":[{"href":"https:\/\/datarecovery.ping.fm\/fi\/wp-json\/wp\/v2\/media?parent=43745"}],"curies":[{"name":"wp","href":"https:\/\/api.w.org\/{rel}","templated":true}]}}