{"id":42929,"date":"2024-01-25T06:37:32","date_gmt":"2024-01-25T06:37:32","guid":{"rendered":"https:\/\/www.ping.fm\/data-recovery-software\/unallocated-hard-drive\/"},"modified":"2024-04-17T07:46:50","modified_gmt":"2024-04-17T07:46:50","slug":"unallocated-hard-drive","status":"publish","type":"page","link":"https:\/\/datarecovery.ping.fm\/fi\/unallocated-hard-drive\/","title":{"rendered":"Mik\u00e4 on allokoiomaton kiintolevyalue ja kuinka sen voi korjata?"},"content":{"rendered":"<section>\n<h1>Mik\u00e4 on alustamaton kiintolevy ja miten se korjataan<\/h1>\n<div class=\"inbrief\">\n<div>             <img src=\"https:\/\/www.ping.fm\/data-recovery-software\/wp-content\/uploads\/ai\/What-is-an-Unallocated-Hard-Drive-and-How-to-Fix-It-Finnish.jpg\" alt=\"Mik\u00e4 on alustamaton kiintolevy ja miten se korjataan\" title=\"Mik\u00e4 on alustamaton kiintolevy ja miten se korjataan\" width=\"1280\" height=\"720\">             <\/p>\n<p>Kiintolevyn hallintaan perehtym\u00e4tt\u00f6mille sen hallinnointi voi tuntua kuin navigoisi mutaisissa vesiss\u00e4. \u00c4skett\u00e4in jouduin tilanteeseen, jossa osa kiintolevyst\u00e4ni n\u00e4kyi alustamattomana Levynhallinnassa. N\u00e4enn\u00e4isesti kadonnut tila oli v\u00e4hint\u00e4\u00e4nkin h\u00e4mment\u00e4v\u00e4\u00e4. T\u00e4m\u00e4n seurauksena ryhdyin tutkimaan erilaisia keinoja ongelman ratkaisemiseksi. Kun tallennuslaitteesi osoittaa alustamatonta tilaa, se yleens\u00e4 tarkoittaa, ettei tilaa ole alustettu tai osioitu ja n\u00e4in ollen se ei ole valmis tietojen tallennusta varten. T\u00e4ss\u00e4 k\u00e4yn l\u00e4pi, kuinka voit <b>palauttaa<\/b> tai <a href='https:\/\/7datarecovery.com\/blog\/unallocated-hard-drive\/' rel=\"dofollow noopener\" target='_blank'>korjata alustamattoman kiintolevyn<\/a> Windowsissa ja hy\u00f6dynt\u00e4\u00e4 HDD- tai SSD-levysi koko kapasiteettia.<\/p>\n<\/div>\n<\/div>\n<\/section>\n<section>\n<div>\n<div>1<\/div>\n<h2>Yleiset skenaariot:<\/h2>\n<\/div>\n<h3>Vahingossa tapahtunut osion poisto &#128465;<\/h3>\n<ul>\n<li>Kun yrit\u00e4t <b>muuttaa kokoa<\/b> tai uudelleenosioda asemaa, saatat joskus vahingossa <b>poistaa<\/b> olemassaolevia osioita.<\/li>\n<li><b>Ohjelmistoviat<\/b> tai keskeytykset osiointitoimenpiteiden aikana voivat johtaa osiotietojen katoamiseen.<\/li>\n<li>Kolmannen osapuolen osionhallintaty\u00f6kalujen k\u00e4ytt\u00f6, jotka suorittavat v\u00e4\u00e4r\u00e4nlaisia toiminpiteit\u00e4, voi johtaa <b>alustamattomaan kiintolevytilaan<\/b>.<\/li>\n<\/ul>\n<h3>Levyn p\u00e4ivityksen ja kloonauksen k\u00f6mm\u00e4hdykset &#9877;<\/h3>\n<ul>\n<li>Jos p\u00e4ivit\u00e4t suurempaan asemaan ja k\u00e4yt\u00e4t kloonamisohjelmistoa v\u00e4\u00e4rin, saatat p\u00e4\u00e4ty\u00e4 j\u00e4tt\u00e4m\u00e4\u00e4n j\u00e4ljelle <b>alustamatonta tilaa<\/b>.<\/li>\n<li>Jos et valitse oikeita vaihtoehtoja kloonaustoiminnossa, uusi asema ei ehk\u00e4 k\u00e4yt\u00e4 kaikkia saatavilla olevia tiloja, mik\u00e4 johtaa <b>alustamattomiin sektoreihin<\/b>.<\/li>\n<\/ul>\n<h3>Alkuper\u00e4isen kiintolevyn asetusten sekaannus &#129300;<\/h3>\n<ul>\n<li>Uuden kiintolevyn ensimm\u00e4inen k\u00e4ytt\u00f6\u00f6notto voi johtaa <b>alustamattomaan<\/b> tilaan, jos osiointia ei ole tehty oikein.<\/li>\n<li>Asennusprosessin t\u00e4rkeiden vaiheiden ohittaminen voi aiheuttaa, ett\u00e4 asema ei n\u00e4y tai toimi odotetusti.<\/li>\n<\/ul>\n<\/section>\n<section class=\"stepByStep\">\n<div>\n<div>2<\/div>\n<h2>Askel askeleelta -opas. Alustamaton kiintolevy:<\/h2>\n<\/div>\n<h3>Menetelm\u00e4 1: Levynhallintaty\u00f6kalun k\u00e4ytt\u00e4minen &#9881;<\/h3>\n<ul>\n<li>Paina <b>Windows + X<\/b> ja valitse pikavalikosta Levynhallinta.<\/li>\n<li>Etsi <b>alustamaton<\/b> tila, napsauta sit\u00e4 hiiren kakkospainikkeella ja valitse &#8217;Uusi yksinkertainen taltio&#8217;. Noudata Yksinkertaisen taltion ohjatun toiminnon ohjeita luodaksesi ja alustaaksesi uuden osion.<\/li>\n<li>Anna <b>asemakirjain<\/b>, valitse <b>tiedostoj\u00e4rjestelm\u00e4<\/b> ja allokaatioyksik\u00f6n koko, jonka j\u00e4lkeen voit alustaa taltion.<\/li>\n<\/ul>\n<p><b>Huom:<\/b> Varmista, ettei alustamattomassa tilassa ole t\u00e4rkeit\u00e4 tietoja ennen uuden taltion luomista, sill\u00e4 t\u00e4m\u00e4 prosessi <b>poistaa<\/b> kaikki mahdollisesti palautettavissa olevat tiedot.<\/p>\n<p><b>Johtop\u00e4\u00e4t\u00f6s:<\/b> T\u00e4m\u00e4 on suoraviivaisin menetelm\u00e4 alustamattoman tilan hy\u00f6dynt\u00e4miseen aloittelijoille.<\/p>\n<h3>Menetelm\u00e4 2: Komentorivin k\u00e4ytt\u00f6 &#128421;<\/h3>\n<ul>\n<li>Avaa komentokehote <b>yll\u00e4pit\u00e4j\u00e4n\u00e4<\/b>.<\/li>\n<li>Sy\u00f6t\u00e4 &#8217;diskpart&#8217; k\u00e4ynnist\u00e4\u00e4ksesi levynosioinnin ty\u00f6kalun.<\/li>\n<li>Kirjoita &#8217;list disk&#8217; ja tunnista levy, jossa on <b>alustamatonta<\/b> tilaa.<\/li>\n<li>Valitun levyn j\u00e4lkeen luo uusi osio k\u00e4ytt\u00e4en &#8217;create partition primary&#8217; -komentoa.<\/li>\n<li>K\u00e4yt\u00e4 &#8217;format fs=ntfs&#8217; (tai valitsemasi tiedostoj\u00e4rjestelm\u00e4) ja sitten &#8217;assign letter=E&#8217; (tai valitsemasi kirjain).<\/li>\n<\/ul>\n<p><b>Huom:<\/b> T\u00e4m\u00e4 menetelm\u00e4 on kehittyneempi ja mahdollistaa suuremman hallinnan mutta sis\u00e4lt\u00e4\u00e4 suuremman riskin. <a href='https:\/\/www.microsoft.com\/resources\/documentation\/windows\/xp\/all\/proddocs\/en-us\/diskpart.mspx?mfr=true' rel=\"nofollow noopener\" target='_blank'>Komentorivin<\/a> tuntemus on suositeltavaa v\u00e4ltt\u00e4\u00e4ksesi virheit\u00e4.<\/p>\n<p><b>Johtop\u00e4\u00e4t\u00f6s:<\/b> Parhaiten sopii niille, jotka ovat mukavia komentorivik\u00e4ytt\u00f6liittymien kanssa.<\/p>\n<h3>Menetelm\u00e4 3: Osion palautamisohjelmisto &#128736;<\/h3>\n<ul>\n<li>Lataa ja asenna luotettava <b>osion palautamisohjelmisto<\/b>.<\/li>\n<li>Aja ohjelmisto ja valitse vaihtoehto <b>palauttaa osiot<\/b>.<\/li>\n<li>Valitse <b>kohdelevy<\/b> ja anna ohjelmiston etsi\u00e4 kadonneita osiorakenteita.<\/li>\n<li><a href='https:\/\/www.partitionwizard.com\/free-partition-manager.html' rel=\"nofollow noopener\" target='_blank'>Esikatsele<\/a> ja palauta l\u00f6ydetyt osiot noudattamalla n\u00e4yt\u00f6ll\u00e4 n\u00e4kyvi\u00e4 ohjeita.<\/li>\n<\/ul>\n<p><b>Huom:<\/b> T\u00e4m\u00e4 menetelm\u00e4 voi auttaa osioiden palauttamisessa, jos niiden tiedot ovat ehj\u00e4t, mutta onnistuminen ei ole taattu; se riippuu suuresti siit\u00e4, onko osiotietoja ylikirjoitettu.<\/p>\n<p><b>Johtop\u00e4\u00e4t\u00f6s:<\/b> Erityisen hy\u00f6dyllinen, jos alustamattoman tilan tiedot ovat t\u00e4rkeit\u00e4 eik\u00e4 niit\u00e4 ole viel\u00e4 ylikirjoitettu.<\/p>\n<h3>Menetelm\u00e4 4: Kiintolevyn kloonamisohjelmisto &#128260;<\/h3>\n<ul>\n<li>K\u00e4yt\u00e4 <b>kloonamisohjelmistoa<\/b>, joka pystyy automaattisesti s\u00e4\u00e4t\u00e4m\u00e4\u00e4n osiokokoja kloonauksen aikana.<\/li>\n<li>Valitse l\u00e4hde- ja kohdeasemat huolellisesti, varmistaen, ett\u00e4 kaikki halutut osiot on valittu kloonausta varten.<\/li>\n<li>S\u00e4\u00e4d\u00e4 osiokokoja manuaalisesti, jos ohjelmisto sen sallii, k\u00e4ytt\u00e4en uuden aseman t\u00e4ytt\u00e4 kapasiteettia.<\/li>\n<li>Jatka kloonausta ja tarkista tulokset Levynhallinnasta valmistumisen j\u00e4lkeen.<\/li>\n<\/ul>\n<p><b>Huom:<\/b> Varmista, ett\u00e4 valitsemasi ohjelmisto tukee osioiden koon muuttamista kloonauksen aikana. Jotkut eiv\u00e4t tue t\u00e4t\u00e4, mik\u00e4 johtaa alustamattomaan tilaan.<\/p>\n<p><b>Johtop\u00e4\u00e4t\u00f6s:<\/b> T\u00e4m\u00e4 l\u00e4hestymistapa on parhain, kun p\u00e4ivit\u00e4t suurempaan kiintolevyyn ja haluat v\u00e4ltt\u00e4\u00e4 manuaalista osiointia.<\/p>\n<h3>Menetelm\u00e4 5: Valmistajan ty\u00f6kalut &#9881;<\/h3>\n<ul>\n<li>Vieraile <b>kiintolevyvalmistajan verkkosivustolla<\/b> tarkistaaksesi saatavilla olevat ty\u00f6kalut, jotka ovat erityisi\u00e4 asemamallillesi.<\/li>\n<li>Lataa ja asenna n\u00e4m\u00e4 ty\u00f6kalut, jotka on usein suunniteltu <b>optimoimaan<\/b> ja hallitsemaan <b>osiorakennetta<\/b> tehokkaasti.<\/li>\n<li>Etsi ty\u00f6kalussa vaihtoehtoja alustamattoman tilan vaatimiseen, <b>korjaamiseen<\/b> tai <b>alustamiseen<\/b>.<\/li>\n<li>Noudata ty\u00f6kalun ohjeita varmistaaksesi tilan turvallisen allokaation ilman datan menetyst\u00e4.<\/li>\n<\/ul>\n<p><b>Huom:<\/b> Valmistajan ty\u00f6kalut voivat olla hyvin tehokkaita ja erityisesti laitteistollensa suunniteltuja, mutta niiden v\u00e4\u00e4rink\u00e4ytt\u00f6 voi johtaa tietojen menetykseen.<\/p>\n<p><b>Johtop\u00e4\u00e4t\u00f6s:<\/b> Kun k\u00e4ytet\u00e4\u00e4n oikein, n\u00e4m\u00e4 ty\u00f6kalut tarjoavat yksinkertaisen ja luotettavan ratkaisun kiintolevytilan tehokkaaseen hallintaan.<\/p>\n<\/section>\n<section>\n<div>\n<div>3<\/div>\n<h2>Varotoimenpiteit\u00e4 ja vinkkej\u00e4:<\/h2>\n<\/div>\n<h3>Maximize Storage Efficiency &#9889;<\/h3>\n<ul>\n<li>Varmuuskopioi aina tietosi ennen kuin teet muutoksia levyosioiden kokoonpanossa.<\/li>\n<li>Harkitse tallennustarpeitasi osioita luodessasi ja j\u00e4rjest\u00e4 tiedostot k\u00e4ytt\u00f6tiheyden mukaan.<\/li>\n<li>Pid\u00e4 kovalevysi <b>defragmentoituna<\/b> parantaaksesi suorituskyky\u00e4, erityisesti jos k\u00e4yt\u00e4t HDD-levy\u00e4.<\/li>\n<li>K\u00e4yt\u00e4 <a href='https:\/\/support.microsoft.com\/en-us\/help\/4026616\/windows-10-disk-cleanup' rel=\"nofollow noopener\" target='_blank'>levynpuhdistusta<\/a> ja muita Windowsin sis\u00e4isi\u00e4 ty\u00f6kaluja ajurisi terveyden yll\u00e4pit\u00e4miseen.<\/li>\n<\/ul>\n<\/section>\n<section>\n<div>\n<div>4<\/div>\n<h2>Optimoidut tallennusratkaisut<\/h2>\n<\/div>\n<p>Digitaaisten merien purjehtimiseen voi sis\u00e4lty\u00e4 erilaisia tallennusongelmia, kuten tyhjien kovalevytilojen tehokas hy\u00f6dynt\u00e4minen. Kovalevyn k\u00e4ytt\u00e4m\u00e4tt\u00f6m\u00e4\u00e4n tilaan voi verrata tyhj\u00e4\u00e4 tonttia vilkkaassa kaupungissa &#8211; siin\u00e4 on potentiaalia, mutta tarvitaan oikeita ty\u00f6kaluja ja prosesseja hy\u00f6dylliseksi tekemiseen. Kovalevyn tehokkuuden maksimoimiseksi on ymm\u00e4rrett\u00e4v\u00e4 tasapaino tallennuskoon, nopeuden ja tietoturvan v\u00e4lill\u00e4.<\/p>\n<p>Modernit tallennustekniikan edistysaskeleet ovat tuoneet markkinoille kiintolevyasemat (SSD:t), jotka ovat suositumpia nopeutensa ja luotettavuutensa vuoksi perinteisiin kovalevyasemiin (HDD:t) verrattuna. Kuitenkin kun kyse on suurista datam\u00e4\u00e4rist\u00e4 alhaisilla kustannuksilla, HDD:t pit\u00e4v\u00e4t edelleen paikkansa markkinoilla. My\u00f6s oikean <b>tiedostoj\u00e4rjestelm\u00e4n<\/b> ymm\u00e4rt\u00e4minen, kuten NTFS, exFAT tai FAT32, k\u00e4ytt\u00f6j\u00e4rjestelm\u00e4si ja tallennustarpeidesi mukaan, on ratkaisevaa.<\/p>\n<p>Ammatillisissa ymp\u00e4rist\u00f6iss\u00e4 RAID-konfiguraatioiden k\u00e4ytt\u00f6\u00f6notto voi tarjota sek\u00e4 tallennuksen optimointia ett\u00e4 redundanssia. RAID, joka tarkoittaa itsen\u00e4isten levyjen redundanssij\u00e4rjestelm\u00e4\u00e4, voi auttaa minimoimaan tietoh\u00e4vi\u00f6n riskit levyvian sattuessa. RAID-tason valinta &#8211; RAID 0:sta suorituskyvyn parantamiseen RAID 6:iin vikasietoisuutta varten &#8211; riippuu yksil\u00f6llisist\u00e4 tai yrityksen tarpeista.<\/p>\n<p>Regulaarisen varmuuskopioinnin strategian toteuttaminen on neuvoteltavissa oleva asia niille, jotka arvostavat tietojaan. Pilvipalveluiden, kuten <a href='https:\/\/onedrive.live.com\/about\/en-us\/' rel=\"nofollow noopener\" target='_blank'>OneDriven<\/a> tai <a href='https:\/\/www.google.com\/drive\/' rel=\"nofollow noopener\" target='_blank'>Google Driven<\/a>, k\u00e4ytt\u00f6 tai ulkoisen kovalevyn hankinta paikallista varmuuskopiota varten varmistaa, ett\u00e4 tieto pysyy turvassa laitteistovikojen tai vahingossa tapahtuvien poistojen suhteen.<\/p>\n<p>Lopuksi, ohjelmiston p\u00e4ivitt\u00e4minen ajantasalle, s\u00e4\u00e4nn\u00f6lliset levytarkistukset ja varovaisuus kyberuhkien suhteen yll\u00e4pit\u00e4v\u00e4t kovalevyn kokonaisterveytt\u00e4. Haittaohjelmistojen torjuntaohjelmiston k\u00e4ytt\u00f6 ja tietoisuus phishing-yrityksist\u00e4 ovat v\u00e4ltt\u00e4m\u00e4tt\u00f6mi\u00e4 askelia ei ainoastaan tietojen, vaan my\u00f6s tallennuslaitteen eheyden suojelemiseksi.<\/p>\n<\/section>\n<section>\n<h2>Yhteenveto:<\/h2>\n<div class=\"nonp\">\n<p>P\u00e4\u00e4tteeksi retkellemme, muistathan, ett\u00e4 k\u00e4ytt\u00e4m\u00e4tt\u00f6m\u00e4n kovalevyn k\u00e4sittely ei tarvitse olla Sisyfoksen teht\u00e4v\u00e4. Kuten olen hahmotellut, useat menetelm\u00e4t \u2013 Windowsin sis\u00e4\u00e4nrakennetuista hallintaty\u00f6kaluista kolmansien osapuolten ohjelmistoihin \u2013 voivat <b>palauttaa<\/b> tai <b>uudelleen k\u00e4ytt\u00e4\u00e4<\/b> t\u00e4t\u00e4 tilaa tehokkaasti, kunhan asianmukaista huolellisuutta ja huomiota harjoitetaan. Olitpa satunnainen k\u00e4ytt\u00e4j\u00e4 tai IT-ammattilainen, t\u00e4ss\u00e4 keskustellut ty\u00f6kalut ja vinkit tarjoavat arvokkaita oivalluksia kovalevytilan hallintaan ja tallennustilan maksimaaliseen hy\u00f6dynt\u00e4miseen. Pysy proaktiivisena tietojenhallintastrategioissasi, ja huomaat, ett\u00e4 jokainen tavu digitaalisessa tallennusalueessasi voidaan hy\u00f6dynt\u00e4\u00e4 t\u00e4ysim\u00e4\u00e4r\u00e4isesti.<\/p>\n<\/div>\n<\/section>\n<p>T\u00e4m\u00e4 on pelkk\u00e4 k\u00e4\u00e4nn\u00f6smerkkijono, ei teht\u00e4v\u00e4! Vain merkkijonon k\u00e4\u00e4nt\u00e4minen. On t\u00e4rke\u00e4\u00e4 olla poistamatta tai lis\u00e4\u00e4m\u00e4tt\u00e4 HTML-tageja, \u00e4l\u00e4k\u00e4 lis\u00e4\u00e4 mit\u00e4\u00e4n omaa. T\u00e4rke\u00e4\u00e4 on olla lis\u00e4\u00e4m\u00e4tt\u00e4 kielennime\u00e4. K\u00e4\u00e4nn\u00e4 merkkijono:<\/p>\n","protected":false},"excerpt":{"rendered":"<p>Mik\u00e4 on alustamaton kiintolevy ja miten se korjataan Kiintolevyn hallintaan perehtym\u00e4tt\u00f6mille sen hallinnointi voi tuntua kuin navigoisi mutaisissa vesiss\u00e4. \u00c4skett\u00e4in jouduin tilanteeseen, jossa osa kiintolevyst\u00e4ni n\u00e4kyi alustamattomana Levynhallinnassa. N\u00e4enn\u00e4isesti kadonnut tila oli v\u00e4hint\u00e4\u00e4nkin h\u00e4mment\u00e4v\u00e4\u00e4. T\u00e4m\u00e4n seurauksena ryhdyin tutkimaan erilaisia keinoja ongelman ratkaisemiseksi. Kun tallennuslaitteesi osoittaa alustamatonta tilaa, se yleens\u00e4 tarkoittaa, ettei tilaa ole alustettu tai [&hellip;]<\/p>\n","protected":false},"author":0,"featured_media":42930,"parent":0,"menu_order":0,"comment_status":"closed","ping_status":"closed","template":"chromecast.php","meta":{"_stopmodifiedupdate":false,"_modified_date":"","_lmt_disableupdate":"","_lmt_disable":""},"acf":[],"yoast_head":"<!-- This site is optimized with the Yoast SEO plugin v20.9 - https:\/\/yoast.com\/wordpress\/plugins\/seo\/ -->\n<title>Mik\u00e4 on allokoi\u00adm\u00adaton kovalevy ja miten sen korjaa\u3010Opas\u3011<\/title>\n<meta name=\"robots\" content=\"index, follow, max-snippet:-1, max-image-preview:large, max-video-preview:-1\" \/>\n<link rel=\"canonical\" href=\"https:\/\/datarecovery.ping.fm\/fi\/unallocated-hard-drive\/\" \/>\n<meta property=\"og:locale\" content=\"fi_FI\" \/>\n<meta property=\"og:type\" content=\"article\" \/>\n<meta property=\"og:title\" content=\"Mik\u00e4 on allokoi\u00adm\u00adaton kovalevy ja miten sen korjaa\u3010Opas\u3011\" \/>\n<meta property=\"og:description\" content=\"Mik\u00e4 on alustamaton kiintolevy ja miten se korjataan Kiintolevyn hallintaan perehtym\u00e4tt\u00f6mille sen hallinnointi voi tuntua kuin navigoisi mutaisissa vesiss\u00e4. \u00c4skett\u00e4in jouduin tilanteeseen, jossa osa kiintolevyst\u00e4ni n\u00e4kyi alustamattomana Levynhallinnassa. N\u00e4enn\u00e4isesti kadonnut tila oli v\u00e4hint\u00e4\u00e4nkin h\u00e4mment\u00e4v\u00e4\u00e4. T\u00e4m\u00e4n seurauksena ryhdyin tutkimaan erilaisia keinoja ongelman ratkaisemiseksi. Kun tallennuslaitteesi osoittaa alustamatonta tilaa, se yleens\u00e4 tarkoittaa, ettei tilaa ole alustettu tai [&hellip;]\" \/>\n<meta property=\"og:url\" content=\"https:\/\/datarecovery.ping.fm\/fi\/unallocated-hard-drive\/\" \/>\n<meta property=\"og:site_name\" content=\"Data Recovery Software\" \/>\n<meta property=\"article:modified_time\" content=\"2024-04-17T07:46:50+00:00\" \/>\n<meta property=\"og:image\" content=\"https:\/\/datarecovery.ping.fm\/wp-content\/uploads\/2024\/04\/What-is-an-Unallocated-Hard-Drive-and-How-to-Fix-It-Finnish.jpg\" \/>\n\t<meta property=\"og:image:width\" content=\"1280\" \/>\n\t<meta property=\"og:image:height\" content=\"731\" \/>\n\t<meta property=\"og:image:type\" content=\"image\/jpeg\" \/>\n<meta name=\"twitter:card\" content=\"summary_large_image\" \/>\n<meta name=\"twitter:label1\" content=\"Est. reading time\" \/>\n\t<meta name=\"twitter:data1\" content=\"6 minuuttia\" \/>\n<script type=\"application\/ld+json\" class=\"yoast-schema-graph\">{\"@context\":\"https:\/\/schema.org\",\"@graph\":[{\"@type\":\"WebPage\",\"@id\":\"https:\/\/datarecovery.ping.fm\/fi\/unallocated-hard-drive\/\",\"url\":\"https:\/\/datarecovery.ping.fm\/fi\/unallocated-hard-drive\/\",\"name\":\"Mik\u00e4 on allokoi\u00adm\u00adaton kovalevy ja miten sen korjaa\u3010Opas\u3011\",\"isPartOf\":{\"@id\":\"https:\/\/datarecovery.ping.fm\/fi\/#website\"},\"datePublished\":\"2024-01-25T06:37:32+00:00\",\"dateModified\":\"2024-04-17T07:46:50+00:00\",\"breadcrumb\":{\"@id\":\"https:\/\/datarecovery.ping.fm\/fi\/unallocated-hard-drive\/#breadcrumb\"},\"inLanguage\":\"fi\",\"potentialAction\":[{\"@type\":\"ReadAction\",\"target\":[\"https:\/\/datarecovery.ping.fm\/fi\/unallocated-hard-drive\/\"]}]},{\"@type\":\"BreadcrumbList\",\"@id\":\"https:\/\/datarecovery.ping.fm\/fi\/unallocated-hard-drive\/#breadcrumb\",\"itemListElement\":[{\"@type\":\"ListItem\",\"position\":1,\"name\":\"Home\",\"item\":\"https:\/\/datarecovery.ping.fm\/fi\/\"},{\"@type\":\"ListItem\",\"position\":2,\"name\":\"Mik\u00e4 on allokoiomaton kiintolevyalue ja kuinka sen voi korjata?\"}]},{\"@type\":\"WebSite\",\"@id\":\"https:\/\/datarecovery.ping.fm\/fi\/#website\",\"url\":\"https:\/\/datarecovery.ping.fm\/fi\/\",\"name\":\"Data Recovery Software\",\"description\":\"\",\"potentialAction\":[{\"@type\":\"SearchAction\",\"target\":{\"@type\":\"EntryPoint\",\"urlTemplate\":\"https:\/\/datarecovery.ping.fm\/fi\/?s={search_term_string}\"},\"query-input\":\"required name=search_term_string\"}],\"inLanguage\":\"fi\"}]}<\/script>\n<!-- \/ Yoast SEO plugin. -->","yoast_head_json":{"title":"Mik\u00e4 on allokoi\u00adm\u00adaton kovalevy ja miten sen korjaa\u3010Opas\u3011","robots":{"index":"index","follow":"follow","max-snippet":"max-snippet:-1","max-image-preview":"max-image-preview:large","max-video-preview":"max-video-preview:-1"},"canonical":"https:\/\/datarecovery.ping.fm\/fi\/unallocated-hard-drive\/","og_locale":"fi_FI","og_type":"article","og_title":"Mik\u00e4 on allokoi\u00adm\u00adaton kovalevy ja miten sen korjaa\u3010Opas\u3011","og_description":"Mik\u00e4 on alustamaton kiintolevy ja miten se korjataan Kiintolevyn hallintaan perehtym\u00e4tt\u00f6mille sen hallinnointi voi tuntua kuin navigoisi mutaisissa vesiss\u00e4. \u00c4skett\u00e4in jouduin tilanteeseen, jossa osa kiintolevyst\u00e4ni n\u00e4kyi alustamattomana Levynhallinnassa. N\u00e4enn\u00e4isesti kadonnut tila oli v\u00e4hint\u00e4\u00e4nkin h\u00e4mment\u00e4v\u00e4\u00e4. T\u00e4m\u00e4n seurauksena ryhdyin tutkimaan erilaisia keinoja ongelman ratkaisemiseksi. Kun tallennuslaitteesi osoittaa alustamatonta tilaa, se yleens\u00e4 tarkoittaa, ettei tilaa ole alustettu tai [&hellip;]","og_url":"https:\/\/datarecovery.ping.fm\/fi\/unallocated-hard-drive\/","og_site_name":"Data Recovery Software","article_modified_time":"2024-04-17T07:46:50+00:00","og_image":[{"width":1280,"height":731,"url":"https:\/\/datarecovery.ping.fm\/wp-content\/uploads\/2024\/04\/What-is-an-Unallocated-Hard-Drive-and-How-to-Fix-It-Finnish.jpg","type":"image\/jpeg"}],"twitter_card":"summary_large_image","twitter_misc":{"Est. reading time":"6 minuuttia"},"schema":{"@context":"https:\/\/schema.org","@graph":[{"@type":"WebPage","@id":"https:\/\/datarecovery.ping.fm\/fi\/unallocated-hard-drive\/","url":"https:\/\/datarecovery.ping.fm\/fi\/unallocated-hard-drive\/","name":"Mik\u00e4 on allokoi\u00adm\u00adaton kovalevy ja miten sen korjaa\u3010Opas\u3011","isPartOf":{"@id":"https:\/\/datarecovery.ping.fm\/fi\/#website"},"datePublished":"2024-01-25T06:37:32+00:00","dateModified":"2024-04-17T07:46:50+00:00","breadcrumb":{"@id":"https:\/\/datarecovery.ping.fm\/fi\/unallocated-hard-drive\/#breadcrumb"},"inLanguage":"fi","potentialAction":[{"@type":"ReadAction","target":["https:\/\/datarecovery.ping.fm\/fi\/unallocated-hard-drive\/"]}]},{"@type":"BreadcrumbList","@id":"https:\/\/datarecovery.ping.fm\/fi\/unallocated-hard-drive\/#breadcrumb","itemListElement":[{"@type":"ListItem","position":1,"name":"Home","item":"https:\/\/datarecovery.ping.fm\/fi\/"},{"@type":"ListItem","position":2,"name":"Mik\u00e4 on allokoiomaton kiintolevyalue ja kuinka sen voi korjata?"}]},{"@type":"WebSite","@id":"https:\/\/datarecovery.ping.fm\/fi\/#website","url":"https:\/\/datarecovery.ping.fm\/fi\/","name":"Data Recovery Software","description":"","potentialAction":[{"@type":"SearchAction","target":{"@type":"EntryPoint","urlTemplate":"https:\/\/datarecovery.ping.fm\/fi\/?s={search_term_string}"},"query-input":"required name=search_term_string"}],"inLanguage":"fi"}]}},"_links":{"self":[{"href":"https:\/\/datarecovery.ping.fm\/fi\/wp-json\/wp\/v2\/pages\/42929"}],"collection":[{"href":"https:\/\/datarecovery.ping.fm\/fi\/wp-json\/wp\/v2\/pages"}],"about":[{"href":"https:\/\/datarecovery.ping.fm\/fi\/wp-json\/wp\/v2\/types\/page"}],"replies":[{"embeddable":true,"href":"https:\/\/datarecovery.ping.fm\/fi\/wp-json\/wp\/v2\/comments?post=42929"}],"version-history":[{"count":0,"href":"https:\/\/datarecovery.ping.fm\/fi\/wp-json\/wp\/v2\/pages\/42929\/revisions"}],"wp:featuredmedia":[{"embeddable":true,"href":"https:\/\/datarecovery.ping.fm\/fi\/wp-json\/wp\/v2\/media\/42930"}],"wp:attachment":[{"href":"https:\/\/datarecovery.ping.fm\/fi\/wp-json\/wp\/v2\/media?parent=42929"}],"curies":[{"name":"wp","href":"https:\/\/api.w.org\/{rel}","templated":true}]}}