{"id":42112,"date":"2024-02-01T09:52:08","date_gmt":"2024-02-01T09:52:08","guid":{"rendered":"https:\/\/www.ping.fm\/data-recovery-software\/recover-deleted-excel-file\/"},"modified":"2024-04-16T16:57:50","modified_gmt":"2024-04-16T16:57:50","slug":"recover-deleted-excel-file","status":"publish","type":"page","link":"https:\/\/datarecovery.ping.fm\/fi\/recover-deleted-excel-file\/","title":{"rendered":"N\u00e4in palautetaan poistetut Excel-tiedostot Windows 10\/11:ss\u00e4"},"content":{"rendered":"<section>\n<h1>Kuinka palauttaa poistettu Excel-tiedosto Windows 10\/11:ss\u00e4<\/h1>\n<div class=\"inbrief\">\n<div>              <img decoding=\"async\" class=\"lazyload\"  srcset=\"data:image\/png;base64,iVBORw0KGgoAAAANSUhEUgAABLAAAAKkAQMAAAAqeFQ7AAAAA3NCSVQICAjb4U\/gAAAABlBMVEX\/\/\/\/\/\/\/9VfPVsAAAAAnRSTlMA\/1uRIrUAAAAJcEhZcwAACxIAAAsSAdLdfvwAAAAcdEVYdFNvZnR3YXJlAEFkb2JlIEZpcmV3b3JrcyBDUzbovLKMAAAAFnRFWHRDcmVhdGlvbiBUaW1lADAxLzI5LzE536V52wAAAHpJREFUeJztwQENAAAAwqD3T20ON6AAAAAAAAAAAAAAAAAAAAAAAAAAAAAAAAAAAAAAAAAAAAAAAAAAAAAAAAAAAAAAAAAAAAAAAAAAAAAAAAAAAAAAAAAAAAAAAAAAAAAAAAAAAAAAAAAAAAAAAAAAAAAAAAAAAIAHA47LAAHp9LjEAAAAAElFTkSuQmCC\" src=\"https:\/\/www.ping.fm\/data-recovery-software\/wp-content\/uploads\/ai\/How-to-Recover-a-Deleted-Excel-File-on-Windows-10-11-Finnish.jpg\" data-srcset=\"https:\/\/www.ping.fm\/data-recovery-software\/wp-content\/uploads\/ai\/How-to-Recover-a-Deleted-Excel-File-on-Windows-10-11-Finnish.jpg\" data-lazy-type=\"image\" data-original=\"https:\/\/www.ping.fm\/data-recovery-software\/wp-content\/uploads\/ai\/How-to-Recover-a-Deleted-Excel-File-on-Windows-10-11-Finnish.jpg\" alt=\"Kuinka palauttaa poistettu Excel-tiedosto Windows 10\/11:ss\u00e4\" title=\"Kuinka palauttaa poistettu Excel-tiedosto Windows 10\/11:ss\u00e4\" width=\"1280\" height=\"720\">              <\/p>\n<p>T\u00e4rke\u00e4n Excel-tiedoston menett\u00e4minen voi olla j\u00e4rkytt\u00e4v\u00e4 kokemus, erityisesti jos se sis\u00e4lt\u00e4\u00e4 liiketoimintap\u00e4\u00e4t\u00f6ksiin, taloushallintaan tai henkil\u00f6kohtaiseen k\u00e4ytt\u00f6\u00f6n tarvittavia kriittisi\u00e4 tietoja. Onneksi olemassa on useita palautusmenetelmi\u00e4, jotka voivat auttaa pelastamaan n\u00e4enn\u00e4isesti menetetyt Excel-asiakirjat. T\u00e4ss\u00e4 yksityiskohtaisessa opasartikkelissa jaan tekniikoita, joita olen itse k\u00e4ytt\u00e4nyt poistettujen Excel-tiedostojen palauttamiseen, ja jokaisessa osiossa on selke\u00e4t askeleet ja tukilinkkej\u00e4 lis\u00e4avun saamiseen.<\/p>\n<\/div>\n<\/div>\n<\/section>\n<section>\n<div>\n<div>1<\/div>\n<h2>Yleiset tapaukset:<\/h2>\n<\/div>\n<h3>Vahingossa tapahtunut poisto  Kuinka se on edes mahdollista?  <\/h3>\n<ul>\n<li><b>Ihmisen virhe:<\/b> &#8217;Poista&#8217;-n\u00e4pp\u00e4imen vahingonomainen painaminen tai tiedostojen v\u00e4\u00e4r\u00e4 siirto roskakoriin.<\/li>\n<li><b>Massapoisto:<\/b> T\u00e4rke\u00e4n Excel-tiedoston vahingonomainen sis\u00e4llytt\u00e4minen ryhm\u00e4valintaan massatiedostojen poiston yhteydess\u00e4.<\/li>\n<li><b>Kolmannen osapuolen ohjelmistot:<\/b> J\u00e4rjestelm\u00e4n puhdistusty\u00f6kalujen k\u00e4ytt\u00f6, jotka saattavat poistaa v\u00e4liaikaisia tiedostoja, mukaan lukien tallentamattomat Excel-asiakirjat.<\/li>\n<\/ul>\n<h3>Hukatut tiedostot  Minne se meni?  <\/h3>\n<ul>\n<li><b>Ep\u00e4asianmukainen tallennus:<\/b> Tiedoston tallentaminen ei-toivottuun sijaintiin tai eri nimell\u00e4, mik\u00e4 tekee siit\u00e4 my\u00f6hemmin vaikeasti l\u00f6ydett\u00e4v\u00e4n.<\/li>\n<li><b>K\u00e4ytt\u00f6j\u00e4rjestelm\u00e4n h\u00e4iri\u00f6t:<\/b> J\u00e4rjestelm\u00e4kaatumiset tai p\u00e4ivitykset saattavat joskus aiheuttaa tiedostojen katoamisen tai siirtymisen toiseen paikkaan.<\/li>\n<li><b>Ajuri-ongelmat:<\/b> Ongelmat kovalevyss\u00e4 tai tallennuslaitteessa voivat johtaa tiedostojen korruptoitumiseen tai tahattomaan siirtoon.<\/li>\n<\/ul>\n<h3>J\u00e4rjestelm\u00e4n puhdistukset tai palautukset  Meni klikkauksella!  <\/h3>\n<ul>\n<li><b>J\u00e4rjestelm\u00e4n palautus:<\/b> J\u00e4rjestelm\u00e4n palauttaminen aiempaan pisteeseen saattaa poistaa tiedostoja, jotka on luotu palautuspisteen asettamisen j\u00e4lkeen.<\/li>\n<li><b>Tehtaan asetusten palautus:<\/b> Laitteen palauttaminen tehdasasetuksiin voi johtaa kaikkien henkil\u00f6kohtaisten tiedostojen, mukaan lukien Excel-dokumenttien, menetykseen.<\/li>\n<li><b>K\u00e4ytt\u00f6j\u00e4rjestelm\u00e4n uudelleenasennus:<\/b> K\u00e4ytt\u00f6j\u00e4rjestelm\u00e4n uudelleen asentaminen tai p\u00e4ivitt\u00e4minen ilman tiedostojen varmuuskopiointia voi johtaa tietojen menetykseen.<\/li>\n<\/ul>\n<\/section>\n<section class=\"stepByStep\">\n<div>\n<div>2<\/div>\n<h2>Askel askeleelta -opas. Kuinka palauttaa poistettu Excel-tiedosto:<\/h2>\n<\/div>\n<h3>Menetelm\u00e4 1: K\u00e4yt\u00e4 Roskakoria    \ufe0f  <\/h3>\n<ul>\n<li>Avaa <b>Roskakori<\/b> ty\u00f6p\u00f6yd\u00e4ll\u00e4si kaksoisnapsauttamalla kuvaketta.<\/li>\n<li>Etsi poistettua Excel-tiedostoa lajittelemalla tiedostoja p\u00e4iv\u00e4m\u00e4\u00e4r\u00e4n mukaan tai k\u00e4ytt\u00e4m\u00e4ll\u00e4 hakupalkkia.<\/li>\n<li>Napsauta haluamaasi tiedostoa hiiren kakkospainikkeella ja valitse <b>&#8217;Palauta&#8217;<\/b> palauttaaksesi sen alkuper\u00e4iseen sijaintiinsa.<\/li>\n<\/ul>\n<p><b>Huom:<\/b> T\u00e4m\u00e4 menetelm\u00e4 toimii vain, jos Roskakoria ei ole tyhjennetty tiedoston poistamisen j\u00e4lkeen.<\/p>\n<p><b>Johtop\u00e4\u00e4t\u00f6s:<\/b> Roskakorin k\u00e4ytt\u00f6 on yksi nopeimmista tavoista palauttaa poistettuja tiedostoja, mutta se toimii vain, jos tiedostoja ei ole pysyv\u00e4sti poistettu j\u00e4rjestelm\u00e4st\u00e4.<\/p>\n<h3>Menetelm\u00e4 2: Tiedostohistorian ominaisuus      <\/h3>\n<ul>\n<li>Mene <b>Ohjauspaneeliin<\/b> > <b>J\u00e4rjestelm\u00e4 ja turvallisuus<\/b> > <b>Tiedostohistoria<\/b>.<\/li>\n<li>Valitse vasemmanpuoleisesta valikosta &#8217;<b>&#8217;Palauta henkil\u00f6kohtaisia tiedostoja&#8217;<\/b>&#8217;.<\/li>\n<li>Navigoi kansioon, jossa Excel-tiedosto oli tallennettu, ja k\u00e4yt\u00e4 aikajanaa valitaksesi kansion version ennen tiedoston poistamista.<\/li>\n<li>Napsauta vihre\u00e4\u00e4 painiketta <b>&#8217;Palauta&#8217;<\/b> palauttaaksesi tiedoston sen alkuper\u00e4iseen sijaintiin.<\/li>\n<\/ul>\n<p><b>Huom:<\/b> Tiedostohistorian ominaisuuden t\u00e4ytyy olla ollut k\u00e4yt\u00f6ss\u00e4 ennen tiedoston poistamista, jotta t\u00e4m\u00e4 menetelm\u00e4 toimisi.<\/p>\n<p><b>Johtop\u00e4\u00e4t\u00f6s:<\/b> Tiedostohistoria on k\u00e4tev\u00e4 ty\u00f6kalu palauttamiseen, mutta sen k\u00e4ytett\u00e4vyys riippuu siit\u00e4, oliko se asetettu k\u00e4ytt\u00f6\u00f6n etuk\u00e4teen.<\/p>\n<h3>Menetelm\u00e4 3: Aiemmat versiot   \u23f2\ufe0f  <\/h3>\n<ul>\n<li>Navigoi kansioon, joka sis\u00e4lsi poistetun Excel-tiedoston.<\/li>\n<li>Napsauta kansiota hiiren kakkospainikkeella ja valitse <b>&#8217;Ominaisuudet&#8217;<\/b>.<\/li>\n<li>Siirry <b>&#8217;Aiemmat versiot&#8217;<\/b>-v\u00e4lilehdelle, jossa n\u00e4et luettelon kansion saatavilla olevista aikaisemmista versioista.<\/li>\n<li>Valitse versio ennen Excel-tiedoston poistamista ja napsauta &#8217;<b>Palauta<\/b>&#8217; palauttaaksesi tiedoston.<\/li>\n<\/ul>\n<p><b>Huom:<\/b> T\u00e4m\u00e4 menetelm\u00e4 my\u00f6s nojaa siihen, ett\u00e4 j\u00e4rjestelm\u00e4n suojaustoiminto on aktiivinen asemassa, jossa tiedosto oli tallennettu.<\/p>\n<p><b>Johtop\u00e4\u00e4t\u00f6s:<\/b> Aiemmat versiot tarjoavat kansion koko kuvan, mik\u00e4 helpottaa tiedoston palauttamista, jos j\u00e4rjestelm\u00e4n suojaus on k\u00e4yt\u00f6ss\u00e4.<\/p>\n<h3>Menetelm\u00e4 4: Tietojen palautusty\u00f6kalut      <\/h3>\n<ul>\n<li>Lataa ja asenna tunnettu tietojen palautusty\u00f6kalu, kuten <a href=\"https:\/\/www.ccleaner.com\/recuva\" rel=\"nofollow external noopener noreferrer\" target=\"_blank\" data-wpel-link=\"external\">Recuva<\/a>.<\/li>\n<li>K\u00e4ynnist\u00e4 ohjelma ja valitse asema tai sijainti, jossa Excel-tiedosto alun perin sijaitsi.<\/li>\n<li>Noudata n\u00e4yt\u00f6ll\u00e4 n\u00e4kyvi\u00e4 ohjeita skannataksesi aseman palautettavissa olevia tiedostoja varten.<\/li>\n<li>Etsi Excel-tiedosto skannauksen tuloksista, valitse se ja napsauta <b>&#8217;Palauta&#8217;<\/b> tallentaaksesi sen turvalliseen paikkaan.<\/li>\n<\/ul>\n<p><b>Huom:<\/b> V\u00e4lt\u00e4 palautusohjelmiston asentamista samalle asemalle, jossa poistettu tiedosto sijaitsi, jotta estet\u00e4\u00e4n tietojen ylikirjoittaminen.<\/p>\n<p><b>Johtop\u00e4\u00e4t\u00f6s:<\/b> Tietojen palautusty\u00f6kalut voivat olla eritt\u00e4in tehokkaita, mutta on t\u00e4rke\u00e4\u00e4 toimia nopeasti ennen kuin poistettu tiedosto ylikirjoitetaan uusilla tiedoilla.<\/p>\n<h3>Menetelm\u00e4 5: Pilvivarmuuskopion nouto   \u2601\ufe0f  <\/h3>\n<ul>\n<li>Kirjaudu sis\u00e4\u00e4n pilvitallennuspalveluusi, kuten <a href=\"https:\/\/drive.google.com\/\" rel=\"nofollow external noopener noreferrer\" target=\"_blank\" data-wpel-link=\"external\">Google Drive<\/a> tai <a href=\"https:\/\/onedrive.live.com\/\" rel=\"nofollow external noopener noreferrer\" target=\"_blank\" data-wpel-link=\"external\">OneDrive<\/a>, jossa Excel-tiedosto oli varmuuskopioitu.<\/li>\n<li>Navigoi pilvipalvelun &#8217;<b>&#8217;Roskakori&#8217;<\/b>&#8217;- tai &#8217;<b>&#8217;Recycle bin&#8217;<\/b>&#8217;-osioon.<\/li>\n<li>Etsi poistettu Excel-tiedosto ja valitse vaihtoehto <b>&#8217;Palauta&#8217;<\/b> tai <b>&#8217;Kumoa poisto&#8217;<\/b> tiedostolle.<\/li>\n<\/ul>\n<p><b>Huom:<\/b> T\u00e4m\u00e4 menetelm\u00e4 toimii vain, jos tiedosto oli aikaisemmin synkronoitu tai manuaalisesti ladattu pilveen.<\/p>\n<p><b>Johtop\u00e4\u00e4t\u00f6s:<\/b> Pilvivarmuuskopiot tarjoavat ylim\u00e4\u00e4r\u00e4isen turvallisuustason tiedostojen palauttamiselle, jos paikalliset menetelm\u00e4t ep\u00e4onnistuvat tai jos tiedosto menetettiin j\u00e4rjestelm\u00e4h\u00e4iri\u00f6n aikana.<\/p>\n<\/section>\n<section>\n<div>\n<div>3<\/div>\n<h2>Katsottava Youtube-video<\/h2>\n<\/div>\n<div class=\"iframe\"><span class=\"lazyload\" data-original_content=\"PGlmcmFtZSB3aWR0aD0iNDIwIiBoZWlnaHQ9IjMxNSIgc3JjPSIvL3d3dy55b3V0dWJlLmNvbS9lbWJlZC80Rk1fYWlRWllTcyIgZnJhbWVib3JkZXI9IjAiIGFsbG93ZnVsbHNjcmVlbj48L2lmcmFtZT4=\"><\/span><\/div>\n<\/section>\n<p>&#13;                          <\/p>\n<section>\n<div>\n<div>4<\/div>\n<h2>Varotoimenpiteit\u00e4 ja vinkkej\u00e4:<\/h2>\n<\/div>\n<h3>Suojaa tietosi &#13; &#128737;&#13; <\/h3>\n<p>&#13; &#13; <\/p>\n<ul>&#13;     <\/p>\n<li><b>Varmuuskopioi<\/b> Excel-tiedostosi s\u00e4\u00e4nn\u00f6llisesti ulkoiselle asemalle tai pilvipalveluun.<\/li>\n<p>&#13;     <\/p>\n<li>Ota k\u00e4ytt\u00f6\u00f6n Excelin <b>AutoRecover<\/b> -ominaisuus, joka tallentaa tiedostoversioita automaattisesti ty\u00f6skentelyn aikana.<\/li>\n<p>&#13;     <\/p>\n<li>P\u00e4ivit\u00e4 s\u00e4\u00e4nn\u00f6llisesti ohjelmistosi ja k\u00e4ytt\u00f6j\u00e4rjestelm\u00e4si est\u00e4\u00e4ksesi ongelmat, jotka voisivat johtaa tiedostoh\u00e4vi\u00f6ihin.<\/li>\n<p>&#13;     <\/p>\n<li>Asenna ja yll\u00e4pid\u00e4 luotettavia <b>antivirus<\/b>&#8211; ja <b>antimalware<\/b>-ohjelmia uhkien est\u00e4miseksi, jotka voisivat vahingoittaa tai poistaa tiedostosi.<\/li>\n<p>&#13;     <\/p>\n<li>K\u00e4yt\u00e4 erityist\u00e4 kansiota t\u00e4rkeille asiakirjoille ja merkitse se <b>&#8217;Suojatuksi&#8217;<\/b> Windowsin <b>Tiedostohistoria<\/b>&#8211; tai <b>J\u00e4rjestelm\u00e4nsuojaus<\/b>-asetuksissa.<\/li>\n<p>&#13; <\/ul>\n<\/section>\n<p>&#13;                          <\/p>\n<section>\n<div>\n<div>5<\/div>\n<h2>Tietojen maksimaalinen s\u00e4ilytt\u00e4minen<\/h2>\n<\/div>\n<p>Elossa, jossa data on uusi kulta ja sen suojeleminen on ensiarvoisen t\u00e4rke\u00e4\u00e4. Vaikka yll\u00e4 mainitut menetelm\u00e4t ovat hienoja palauttamiseen, on viel\u00e4 t\u00e4rke\u00e4mp\u00e4\u00e4 ryhty\u00e4 ennakoiviin toimenpiteisiin tiedon menett\u00e4misen est\u00e4miseksi. Tarkista s\u00e4\u00e4nn\u00f6llisesti <b>Roskakorisi<\/b> s\u00e4ilytysasetukset, varmistaen, ettei se tyhjene automaattisesti liian usein, mik\u00e4 antaa sinulle mahdollisuuden palauttaa poistetut tiedostot ennen kuin ne katoavat pysyv\u00e4sti. Ohjelmat kuten <a href=\"https:\/\/www.microsoft.com\/en-us\/store\/b\/windows?activetab=tab:shopwindows10\" rel=\"nofollow external noopener noreferrer\" target=\"_blank\" data-wpel-link=\"external\">Windowsin tiedostonpalautus<\/a> voivat olla varavaihtoehto vaikeampiin tilanteisiin.<\/p>\n<p>&#13; &#13; <\/p>\n<p>Excel itsess\u00e4\u00e4n tarjoaa vahvoja ominaisuuksia tietojen suojelemiseksi. <b>Asiakirjan palautus<\/b> -ruutu ilmestyy, kun sinulla on tiedosto, jota ei ole tallennettu ennen kaatumista, ja se voi pelastaa paljon. Niille, jotka ovat huolissaan historiallisen datan menett\u00e4misest\u00e4, kannattaa harkita <a href=\"https:\/\/support.microsoft.com\/en-us\/office\/save-a-backup-copy-of-a-file-fb3b4765-7533-4c2e-a2df-2d147d89935f\" rel=\"nofollow external noopener noreferrer\" target=\"_blank\" data-wpel-link=\"external\">Excelin asettamista<\/a> tallentamaan varmuuskopiot ty\u00f6st\u00e4si automaattisesti.<\/p>\n<p>&#13; &#13; <\/p>\n<p>Lopuksi, pilvipalveluiden k\u00e4ytt\u00f6\u00f6notto tietojen tallennuksessa alustoilla kuten <a href=\"https:\/\/www.dropbox.com\/\" rel=\"nofollow external noopener noreferrer\" target=\"_blank\" data-wpel-link=\"external\">Dropbox<\/a> tai <a href=\"https:\/\/www.icloud.com\/\" rel=\"nofollow external noopener noreferrer\" target=\"_blank\" data-wpel-link=\"external\">iCloud<\/a> on korvaamatonta. Tiedostojen synkronointi laitteiden v\u00e4lill\u00e4 ei ainoastaan varmista niiden turvallisuutta vaan my\u00f6s parantaa niiden saatavuutta. Useimmat n\u00e4ist\u00e4 palveluista tarjoavat versiohistorian, mik\u00e4 tarkoittaa, ett\u00e4 voit palata vanhempiin versioihin tiedostoista, jos \u00e4skett\u00e4iset muutokset aiheuttivat tietojen menetyst\u00e4.<\/p>\n<\/section>\n<section>\n<h2>Yhteenveto:<\/h2>\n<div class=\"nonp\">Yhteenvetona voidaan todeta, ett\u00e4 t\u00e4rke\u00e4n Excel-tiedoston menett\u00e4misen pelko ei tulisi pit\u00e4\u00e4 sinua hereill\u00e4 \u00f6isin. Noudattamalla minun esittelemi\u00e4ni menetelmi\u00e4, jotka kattavat kaiken Roskakorista tarkistamisesta erikoistuneiden palautusty\u00f6kalujen k\u00e4ytt\u00f6\u00f6n ja pilvipalveluihin varmuuskopioinnista, on sinulla vahva mahdollisuus saada arvokkaat tiedostosi takaisin. Muista aina, ett\u00e4 ehk\u00e4isy on parempi kuin hoito; t\u00e4m\u00e4n vuoksi varmuuskopiointistrategiat yhdistettyn\u00e4 varovaisiin datanhallintak\u00e4yt\u00e4nt\u00f6ihin v\u00e4hent\u00e4v\u00e4t suuresti datan menetyksen riskej\u00e4. Pid\u00e4 yll\u00e4 hyv\u00e4\u00e4 tapaa tallentaa ja varmuuskopioida usein, jotta vaikka pahin tapahtuisi, olet hyvin valmistautunut k\u00e4sittelem\u00e4\u00e4n tilannetta.<\/div>\n<\/section>\n","protected":false},"excerpt":{"rendered":"<p>Kuinka palauttaa poistettu Excel-tiedosto Windows 10\/11:ss\u00e4 T\u00e4rke\u00e4n Excel-tiedoston menett\u00e4minen voi olla j\u00e4rkytt\u00e4v\u00e4 kokemus, erityisesti jos se sis\u00e4lt\u00e4\u00e4 liiketoimintap\u00e4\u00e4t\u00f6ksiin, taloushallintaan tai henkil\u00f6kohtaiseen k\u00e4ytt\u00f6\u00f6n tarvittavia kriittisi\u00e4 tietoja. Onneksi olemassa on useita palautusmenetelmi\u00e4, jotka voivat auttaa pelastamaan n\u00e4enn\u00e4isesti menetetyt Excel-asiakirjat. T\u00e4ss\u00e4 yksityiskohtaisessa opasartikkelissa jaan tekniikoita, joita olen itse k\u00e4ytt\u00e4nyt poistettujen Excel-tiedostojen palauttamiseen, ja jokaisessa osiossa on selke\u00e4t askeleet [&hellip;]<\/p>\n","protected":false},"author":0,"featured_media":42113,"parent":0,"menu_order":0,"comment_status":"closed","ping_status":"closed","template":"chromecast.php","meta":{"_stopmodifiedupdate":false,"_modified_date":"","_lmt_disableupdate":"","_lmt_disable":""},"acf":[],"yoast_head":"<!-- This site is optimized with the Yoast SEO plugin v20.9 - https:\/\/yoast.com\/wordpress\/plugins\/seo\/ -->\n<title>N\u00e4in palautat poistetut Excel-tiedostot Windows 10\/11:ss\u00e4 (Opas)<\/title>\n<meta name=\"robots\" content=\"index, follow, max-snippet:-1, max-image-preview:large, max-video-preview:-1\" \/>\n<link rel=\"canonical\" href=\"https:\/\/datarecovery.ping.fm\/fi\/recover-deleted-excel-file\/\" \/>\n<meta property=\"og:locale\" content=\"fi_FI\" \/>\n<meta property=\"og:type\" content=\"article\" \/>\n<meta property=\"og:title\" content=\"N\u00e4in palautat poistetut Excel-tiedostot Windows 10\/11:ss\u00e4 (Opas)\" \/>\n<meta property=\"og:description\" content=\"Kuinka palauttaa poistettu Excel-tiedosto Windows 10\/11:ss\u00e4 T\u00e4rke\u00e4n Excel-tiedoston menett\u00e4minen voi olla j\u00e4rkytt\u00e4v\u00e4 kokemus, erityisesti jos se sis\u00e4lt\u00e4\u00e4 liiketoimintap\u00e4\u00e4t\u00f6ksiin, taloushallintaan tai henkil\u00f6kohtaiseen k\u00e4ytt\u00f6\u00f6n tarvittavia kriittisi\u00e4 tietoja. Onneksi olemassa on useita palautusmenetelmi\u00e4, jotka voivat auttaa pelastamaan n\u00e4enn\u00e4isesti menetetyt Excel-asiakirjat. T\u00e4ss\u00e4 yksityiskohtaisessa opasartikkelissa jaan tekniikoita, joita olen itse k\u00e4ytt\u00e4nyt poistettujen Excel-tiedostojen palauttamiseen, ja jokaisessa osiossa on selke\u00e4t askeleet [&hellip;]\" \/>\n<meta property=\"og:url\" content=\"https:\/\/datarecovery.ping.fm\/fi\/recover-deleted-excel-file\/\" \/>\n<meta property=\"og:site_name\" content=\"Data Recovery Software\" \/>\n<meta property=\"article:modified_time\" content=\"2024-04-16T16:57:50+00:00\" \/>\n<meta property=\"og:image\" content=\"https:\/\/datarecovery.ping.fm\/wp-content\/uploads\/2024\/04\/How-to-Recover-a-Deleted-Excel-File-on-Windows-10-11-Finnish.jpg\" \/>\n\t<meta property=\"og:image:width\" content=\"1280\" \/>\n\t<meta property=\"og:image:height\" content=\"731\" \/>\n\t<meta property=\"og:image:type\" content=\"image\/jpeg\" \/>\n<meta name=\"twitter:card\" content=\"summary_large_image\" \/>\n<meta name=\"twitter:label1\" content=\"Est. reading time\" \/>\n\t<meta name=\"twitter:data1\" content=\"5 minuuttia\" \/>\n<script type=\"application\/ld+json\" class=\"yoast-schema-graph\">{\"@context\":\"https:\/\/schema.org\",\"@graph\":[{\"@type\":\"WebPage\",\"@id\":\"https:\/\/datarecovery.ping.fm\/fi\/recover-deleted-excel-file\/\",\"url\":\"https:\/\/datarecovery.ping.fm\/fi\/recover-deleted-excel-file\/\",\"name\":\"N\u00e4in palautat poistetut Excel-tiedostot Windows 10\/11:ss\u00e4 (Opas)\",\"isPartOf\":{\"@id\":\"https:\/\/datarecovery.ping.fm\/fi\/#website\"},\"datePublished\":\"2024-02-01T09:52:08+00:00\",\"dateModified\":\"2024-04-16T16:57:50+00:00\",\"breadcrumb\":{\"@id\":\"https:\/\/datarecovery.ping.fm\/fi\/recover-deleted-excel-file\/#breadcrumb\"},\"inLanguage\":\"fi\",\"potentialAction\":[{\"@type\":\"ReadAction\",\"target\":[\"https:\/\/datarecovery.ping.fm\/fi\/recover-deleted-excel-file\/\"]}]},{\"@type\":\"BreadcrumbList\",\"@id\":\"https:\/\/datarecovery.ping.fm\/fi\/recover-deleted-excel-file\/#breadcrumb\",\"itemListElement\":[{\"@type\":\"ListItem\",\"position\":1,\"name\":\"Home\",\"item\":\"https:\/\/datarecovery.ping.fm\/fi\/\"},{\"@type\":\"ListItem\",\"position\":2,\"name\":\"N\u00e4in palautetaan poistetut Excel-tiedostot Windows 10\/11:ss\u00e4\"}]},{\"@type\":\"WebSite\",\"@id\":\"https:\/\/datarecovery.ping.fm\/fi\/#website\",\"url\":\"https:\/\/datarecovery.ping.fm\/fi\/\",\"name\":\"Data Recovery Software\",\"description\":\"\",\"potentialAction\":[{\"@type\":\"SearchAction\",\"target\":{\"@type\":\"EntryPoint\",\"urlTemplate\":\"https:\/\/datarecovery.ping.fm\/fi\/?s={search_term_string}\"},\"query-input\":\"required name=search_term_string\"}],\"inLanguage\":\"fi\"}]}<\/script>\n<!-- \/ Yoast SEO plugin. -->","yoast_head_json":{"title":"N\u00e4in palautat poistetut Excel-tiedostot Windows 10\/11:ss\u00e4 (Opas)","robots":{"index":"index","follow":"follow","max-snippet":"max-snippet:-1","max-image-preview":"max-image-preview:large","max-video-preview":"max-video-preview:-1"},"canonical":"https:\/\/datarecovery.ping.fm\/fi\/recover-deleted-excel-file\/","og_locale":"fi_FI","og_type":"article","og_title":"N\u00e4in palautat poistetut Excel-tiedostot Windows 10\/11:ss\u00e4 (Opas)","og_description":"Kuinka palauttaa poistettu Excel-tiedosto Windows 10\/11:ss\u00e4 T\u00e4rke\u00e4n Excel-tiedoston menett\u00e4minen voi olla j\u00e4rkytt\u00e4v\u00e4 kokemus, erityisesti jos se sis\u00e4lt\u00e4\u00e4 liiketoimintap\u00e4\u00e4t\u00f6ksiin, taloushallintaan tai henkil\u00f6kohtaiseen k\u00e4ytt\u00f6\u00f6n tarvittavia kriittisi\u00e4 tietoja. Onneksi olemassa on useita palautusmenetelmi\u00e4, jotka voivat auttaa pelastamaan n\u00e4enn\u00e4isesti menetetyt Excel-asiakirjat. T\u00e4ss\u00e4 yksityiskohtaisessa opasartikkelissa jaan tekniikoita, joita olen itse k\u00e4ytt\u00e4nyt poistettujen Excel-tiedostojen palauttamiseen, ja jokaisessa osiossa on selke\u00e4t askeleet [&hellip;]","og_url":"https:\/\/datarecovery.ping.fm\/fi\/recover-deleted-excel-file\/","og_site_name":"Data Recovery Software","article_modified_time":"2024-04-16T16:57:50+00:00","og_image":[{"width":1280,"height":731,"url":"https:\/\/datarecovery.ping.fm\/wp-content\/uploads\/2024\/04\/How-to-Recover-a-Deleted-Excel-File-on-Windows-10-11-Finnish.jpg","type":"image\/jpeg"}],"twitter_card":"summary_large_image","twitter_misc":{"Est. reading time":"5 minuuttia"},"schema":{"@context":"https:\/\/schema.org","@graph":[{"@type":"WebPage","@id":"https:\/\/datarecovery.ping.fm\/fi\/recover-deleted-excel-file\/","url":"https:\/\/datarecovery.ping.fm\/fi\/recover-deleted-excel-file\/","name":"N\u00e4in palautat poistetut Excel-tiedostot Windows 10\/11:ss\u00e4 (Opas)","isPartOf":{"@id":"https:\/\/datarecovery.ping.fm\/fi\/#website"},"datePublished":"2024-02-01T09:52:08+00:00","dateModified":"2024-04-16T16:57:50+00:00","breadcrumb":{"@id":"https:\/\/datarecovery.ping.fm\/fi\/recover-deleted-excel-file\/#breadcrumb"},"inLanguage":"fi","potentialAction":[{"@type":"ReadAction","target":["https:\/\/datarecovery.ping.fm\/fi\/recover-deleted-excel-file\/"]}]},{"@type":"BreadcrumbList","@id":"https:\/\/datarecovery.ping.fm\/fi\/recover-deleted-excel-file\/#breadcrumb","itemListElement":[{"@type":"ListItem","position":1,"name":"Home","item":"https:\/\/datarecovery.ping.fm\/fi\/"},{"@type":"ListItem","position":2,"name":"N\u00e4in palautetaan poistetut Excel-tiedostot Windows 10\/11:ss\u00e4"}]},{"@type":"WebSite","@id":"https:\/\/datarecovery.ping.fm\/fi\/#website","url":"https:\/\/datarecovery.ping.fm\/fi\/","name":"Data Recovery Software","description":"","potentialAction":[{"@type":"SearchAction","target":{"@type":"EntryPoint","urlTemplate":"https:\/\/datarecovery.ping.fm\/fi\/?s={search_term_string}"},"query-input":"required name=search_term_string"}],"inLanguage":"fi"}]}},"_links":{"self":[{"href":"https:\/\/datarecovery.ping.fm\/fi\/wp-json\/wp\/v2\/pages\/42112"}],"collection":[{"href":"https:\/\/datarecovery.ping.fm\/fi\/wp-json\/wp\/v2\/pages"}],"about":[{"href":"https:\/\/datarecovery.ping.fm\/fi\/wp-json\/wp\/v2\/types\/page"}],"replies":[{"embeddable":true,"href":"https:\/\/datarecovery.ping.fm\/fi\/wp-json\/wp\/v2\/comments?post=42112"}],"version-history":[{"count":0,"href":"https:\/\/datarecovery.ping.fm\/fi\/wp-json\/wp\/v2\/pages\/42112\/revisions"}],"wp:featuredmedia":[{"embeddable":true,"href":"https:\/\/datarecovery.ping.fm\/fi\/wp-json\/wp\/v2\/media\/42113"}],"wp:attachment":[{"href":"https:\/\/datarecovery.ping.fm\/fi\/wp-json\/wp\/v2\/media?parent=42112"}],"curies":[{"name":"wp","href":"https:\/\/api.w.org\/{rel}","templated":true}]}}