{"id":41725,"date":"2024-02-21T05:25:08","date_gmt":"2024-02-21T05:25:08","guid":{"rendered":"https:\/\/www.ping.fm\/data-recovery-software\/partition-recovery-software\/"},"modified":"2024-04-16T11:36:20","modified_gmt":"2024-04-16T11:36:20","slug":"partition-recovery-software","status":"publish","type":"page","link":"https:\/\/datarecovery.ping.fm\/fi\/partition-recovery-software\/","title":{"rendered":"2024 paras osioiden palautusohjelmisto Windowsille"},"content":{"rendered":"<section>\n<h1>Parhaat Osion Palautusohjelmat 2024 Windowsille<\/h1>\n<div class=\"inbrief\">\n<div>             <img src=\"https:\/\/www.ping.fm\/data-recovery-software\/wp-content\/uploads\/ai\/Best-Partition-Recovery-Software-in-2024-for-Windows-Finnish.jpg\" alt=\"Parhaat Osion Palautusohjelmat 2024 Windowsille\" title=\"Parhaat Osion Palautusohjelmat 2024 Windowsille\" width=\"1280\" height=\"720\">             <\/p>\n<p>Kun olet vahingossa poistanut osion tai k\u00e4rsinyt j\u00e4rjestelm\u00e4kaatumisesta, tunne on kaikkea muuta kuin mukava, varsinkin jos osio sis\u00e4lsi arvokkaita tietoja. Onneksi osion palautusohjelmat voivat olla pelastus k\u00f6ydess\u00e4 tilanteessa. Henkil\u00f6kohtaisen kokemukseni perusteella t\u00e4ss\u00e4 on kooste parhaista osion palautusohjelmista Windowsille, joita olen onnekkaasti (tai onnettomasti) k\u00e4ytt\u00e4nyt. Jokaisella ty\u00f6kalulla on omat ominaisuutensa ja erikoisuutensa, joten kerron mit\u00e4 voit odottaa kultakin. Heads up, on ehdottoman t\u00e4rke\u00e4\u00e4 lopettaa kyseisen aseman k\u00e4ytt\u00e4minen v\u00e4ltt\u00e4\u00e4ksesi palautettavan tiedon ylikirjoittamisen, ja aina kannattaa valita luotettavin ty\u00f6kalu sen sijaan, ett\u00e4 valitset halvimman.<\/p>\n<\/div>\n<\/div>\n<\/section>\n<section>\n<div class=\"medal\">\n<div>&#129351;<\/div>\n<\/div>\n<h2><a href='https:\/\/www.stellarinfo.com\/partition-recovery-software.php' rel=\"nofollow noopener\" target='_blank'>Stellar Data Recovery<\/a><\/h2>\n<p><img src=\"https:\/\/www.ping.fm\/data-recovery-software\/wp-content\/uploads\/ai\/https---www-stellarinfo-com-partition-recovery-software-phpFinnish.jpg\"><\/p>\n<p>Stellar Data Recovery on tehokas ty\u00f6kalu, joka tarjoaa ihailtavaa tasapainoa intuitiivisen k\u00e4ytt\u00f6liittym\u00e4n ja tehokkaan palautuskyvyn v\u00e4lill\u00e4. T\u00e4m\u00e4 ohjelmisto on ollut minun valintani tilap\u00e4isiin tietojen menetyksiin, ja se k\u00e4sittelee osion palautuksen taidolla. Se soveltuu hyvin sek\u00e4 aloittelijoille ett\u00e4 edistyneille k\u00e4ytt\u00e4jille, ja olen henkil\u00f6kohtaisesti k\u00e4ytt\u00e4nyt sit\u00e4 palauttamaan osioita, jotka luulin olevan menetettyj\u00e4.<\/p>\n<p><a href='https:\/\/www.stellarinfo.com\/partition-recovery-software.php' rel=\"nofollow noopener\" target='_blank' class='ofWSite'>Virallinen verkkosivusto<\/a><\/p>\n<h3 class='prosTitle'>Hyv\u00e4t puolet<\/h3>\n<ul class='listpc pros'>\n<li>Eritt\u00e4in intuitiivinen k\u00e4ytt\u00f6liittym\u00e4<\/li>\n<li>Edistyneet skannausvaihtoehdot<\/li>\n<\/ul>\n<h3 class='consTitle'>Huonot puolet<\/h3>\n<ul class='listpc cons'>\n<li>Palautusnopeus voi olla hidas suurilla asemilla<\/li>\n<li>Lisenssikustannukset ovat suhteellisen korkeat<\/li>\n<\/ul>\n<\/section>\n<section>\n<div class=\"medal\">\n<div>&#129352;<\/div>\n<\/div>\n<h2><a href='https:\/\/www.easeus.com\/partition-recovery\/' rel=\"nofollow noopener\" target='_blank'>EaseUS Partition Recovery<\/a><\/h2>\n<p><img src=\"https:\/\/www.ping.fm\/data-recovery-software\/wp-content\/uploads\/ai\/https---www-easeus-com-partition-recovery-Finnish.jpg\"><\/p>\n<p>Yksi helmist\u00e4 osion palautuksen saralla on EaseUS Partition Recovery. Se on miellytt\u00e4v\u00e4 silm\u00e4lle ja mielelle, ja tekee prosessista, joka voisi olla hyvin tekninen, kuin k\u00e4vely\u00e4 puistossa. Palautusvelho on erityisen avulias ja opastaa sinua jokaisessa vaiheessa. Yksinkertaisuudestaan huolimatta se on onnistuneesti hakenut tietoja minulle useissa tapauksissa vaivattomasti.<\/p>\n<p><a href='https:\/\/www.easeus.com\/partition-recovery\/' rel=\"nofollow noopener\" target='_blank' class='ofWSite'>Virallinen verkkosivusto<\/a><\/p>\n<h3 class='prosTitle'>Hyv\u00e4t puolet<\/h3>\n<ul class='listpc pros'>\n<li>K\u00e4ytt\u00e4j\u00e4yst\u00e4v\u00e4llinen velho-k\u00e4ytt\u00f6liittym\u00e4<\/li>\n<li>Hyv\u00e4 tuki erilaisille tiedostoj\u00e4rjestelmille<\/li>\n<\/ul>\n<h3 class='consTitle'>Huonot puolet<\/h3>\n<ul class='listpc cons'>\n<li>Ilmainen versio on rajoitetuilla ominaisuuksilla<\/li>\n<li>T\u00e4ysi palautus voi olla aikaa viev\u00e4<\/li>\n<\/ul>\n<\/section>\n<section>\n<div class=\"medal\">\n<div>&#129353;<\/div>\n<\/div>\n<h2>AOMEI Partition Assistant<\/h2>\n<p>AOMEI Partition Assistant ei ole vain osioiden palautukseen; se on t\u00e4ydellinen osioiden hallintapaketti. Ohjelmisto sis\u00e4lt\u00e4\u00e4 monia toimintoja sek\u00e4 palauttamiseen ett\u00e4 yleiseen osioiden hallintaan. Olen k\u00e4ytt\u00e4nyt AOMEI:t\u00e4 p\u00e4\u00e4asiassa osioiden koon muuttamiseen ja jakamiseen, mutta sill\u00e4 on my\u00f6s melko vankka palautustoiminto, joka on pelastanut ihoni useammin kuin kerran.<\/p>\n<h3 class='prosTitle'>Hyv\u00e4t puolet<\/h3>\n<ul class='listpc pros'>\n<li>Kattavat osioiden hallintaty\u00f6kalut<\/li>\n<li>Palautusominaisuudet ovat eritt\u00e4in luotettavia<\/li>\n<\/ul>\n<h3 class='consTitle'>Huonot puolet<\/h3>\n<ul class='listpc cons'>\n<li>K\u00e4ytt\u00f6liittym\u00e4 voi olla ylivoimainen aloittelijoille<\/li>\n<li>Tietyt edistyneet toiminnot vaativat pro-version<\/li>\n<\/ul>\n<\/section>\n<section>\n<div class=\"no-medal\">\n<div>4<\/div>\n<\/div>\n<h2><a href='https:\/\/www.cleverfiles.com\/partition-recovery.html' rel=\"nofollow noopener\" target='_blank'>Disk Drill<\/a><\/h2>\n<p><img src=\"https:\/\/www.ping.fm\/data-recovery-software\/wp-content\/uploads\/ai\/https---www-cleverfiles-com-partition-recovery-htmlFinnish.jpg\"><\/p>\n<p>Disk Drill osoittautui odottamattomaksi sankariksi osioiden palautuksen kent\u00e4ss\u00e4. Lukuisien palautusty\u00f6kalujensa ansiosta se on usein ollut viimeinen keino, kun muut ovat ep\u00e4onnistuneet. Sen syv\u00e4skannausominaisuus on osoittautunut erityisen hy\u00f6dylliseksi, mahdollistaen tiedostojen palautuksen, jotka olivat jo katsottu menetetyiksi. Se on k\u00e4ytt\u00e4j\u00e4yst\u00e4v\u00e4llinen, mutta ei tingi vahvasta palautuskyvyst\u00e4\u00e4n.<\/p>\n<p><a href='https:\/\/www.cleverfiles.com\/partition-recovery.html' rel=\"nofollow noopener\" target='_blank' class='ofWSite'>Virallinen verkkosivusto<\/a><\/p>\n<h3 class='prosTitle'>Hyv\u00e4t puolet<\/h3>\n<ul class='listpc pros'>\n<li>Erinomaiset syv\u00e4skannauskyvyt<\/li>\n<li>Yksinkertainen, k\u00e4ytt\u00e4j\u00e4l\u00e4ht\u00f6inen suunnittelu<\/li>\n<\/ul>\n<h3 class='consTitle'>Huonot puolet<\/h3>\n<ul class='listpc cons'>\n<li>Palautus voi olla hidasta<\/li>\n<li>Kaikki toiminnot vaativat maksullista p\u00e4ivityst\u00e4<\/li>\n<\/ul>\n<\/section>\n<section>\n<div class=\"no-medal\">\n<div>5<\/div>\n<\/div>\n<h2><a href='https:\/\/www.minitool.com\/data-recovery-software\/partition-recovery.html' rel=\"nofollow noopener\" target='_blank'>MiniTool Partition Recovery<\/a><\/h2>\n<p><img src=\"https:\/\/www.ping.fm\/data-recovery-software\/wp-content\/uploads\/ai\/https---www-minitool-com-data-recovery-software-partition-recovery-htmlFinnish.jpg\"><\/p>\n<p>MiniTool Partition Recovery on keskittynyt sovellus, joka keskittyy pelk\u00e4st\u00e4\u00e4n osioiden palautukseen ilman t\u00e4yden datanpalautuspaketin krumeluureja. Olen k\u00e4ytt\u00e4nyt t\u00e4t\u00e4 erikoisty\u00f6kalua, kun tiesin tarkalleen, mit\u00e4 tarvitsin palauttaa. Se on nopea, tehokas, eik\u00e4 siin\u00e4 ole mit\u00e4\u00e4n, mik\u00e4 voisi h\u00e4irit\u00e4 sen ainoaa tarkoitusta: saada osiosi takaisin.<\/p>\n<p><a href='https:\/\/www.minitool.com\/data-recovery-software\/partition-recovery.html' rel=\"nofollow noopener\" target='_blank' class='ofWSite'>Virallinen verkkosivusto<\/a><\/p>\n<h3 class='prosTitle'>Hyv\u00e4t puolet<\/h3>\n<ul class='listpc pros'>\n<li>Erityistunut osioiden palautukseen<\/li>\n<li>Nopea ja tehokas toiminta<\/li>\n<\/ul>\n<h3 class='consTitle'>Huonot puolet<\/h3>\n<ul class='listpc cons'>\n<li>Toiminnallisuus rajoittuu pelk\u00e4st\u00e4\u00e4n osioiden palautukseen<\/li>\n<li>K\u00e4ytt\u00f6liittym\u00e4 ei ole kaikkein modernein<\/li>\n<\/ul>\n<\/section>\n<section>\n<h2>Yhteenveto:<\/h2>\n<div class=\"nonp\">\n<p>Tietojen menetys voi olla traumaattinen kokemus, mutta on olemassa keinoja, joilla voit minimoia riskit. Pilvitallennuspalveluiden, kuten OneDriven tai <a href='https:\/\/www.dropbox.com\/' rel=\"nofollow noopener\" target='_blank'>Dropboxin<\/a>, k\u00e4ytt\u00e4minen t\u00e4rkeille tiedostoille voi lis\u00e4t\u00e4 turvallisuutta. Lis\u00e4ksi s\u00e4\u00e4nn\u00f6lliset j\u00e4rjestelm\u00e4tarkistukset ty\u00f6kaluja, kuten <a href='https:\/\/www.ccleaner.com\/ccleaner' rel=\"nofollow noopener\" target='_blank'>CCleaneria<\/a> k\u00e4ytt\u00e4en, tarpeettomien tiedostojen poistamiseen ja <a href='https:\/\/www.malwarebytes.com\/' rel=\"nofollow noopener\" target='_blank'>Malwarebytesin<\/a> k\u00e4ytt\u00e4en haittaohjelmien skannaukseen, voivat auttaa est\u00e4m\u00e4\u00e4n j\u00e4rjestelm\u00e4kaatuja, jotka johtavat osioiden menetyksiin. Lopuksi, ole varovainen itse levyosioiden luomisen kanssa; on suositeltavaa k\u00e4ytt\u00e4\u00e4 asiantuntijoiden oppaita tai ammattilaisen apua, jos et ole varma taidoistasi.<\/p>\n<\/div>\n<\/section>\n","protected":false},"excerpt":{"rendered":"<p>Parhaat Osion Palautusohjelmat 2024 Windowsille Kun olet vahingossa poistanut osion tai k\u00e4rsinyt j\u00e4rjestelm\u00e4kaatumisesta, tunne on kaikkea muuta kuin mukava, varsinkin jos osio sis\u00e4lsi arvokkaita tietoja. Onneksi osion palautusohjelmat voivat olla pelastus k\u00f6ydess\u00e4 tilanteessa. Henkil\u00f6kohtaisen kokemukseni perusteella t\u00e4ss\u00e4 on kooste parhaista osion palautusohjelmista Windowsille, joita olen onnekkaasti (tai onnettomasti) k\u00e4ytt\u00e4nyt. Jokaisella ty\u00f6kalulla on omat ominaisuutensa ja [&hellip;]<\/p>\n","protected":false},"author":0,"featured_media":41726,"parent":0,"menu_order":0,"comment_status":"closed","ping_status":"closed","template":"chromecast.php","meta":{"_stopmodifiedupdate":false,"_modified_date":"","_lmt_disableupdate":"","_lmt_disable":""},"acf":[],"yoast_head":"<!-- This site is optimized with the Yoast SEO plugin v20.9 - https:\/\/yoast.com\/wordpress\/plugins\/seo\/ -->\n<title>2024 parasta Windows-osion palautusohjelmistoa<\/title>\n<meta name=\"robots\" content=\"index, follow, max-snippet:-1, max-image-preview:large, max-video-preview:-1\" \/>\n<link rel=\"canonical\" href=\"https:\/\/datarecovery.ping.fm\/fi\/partition-recovery-software\/\" \/>\n<meta property=\"og:locale\" content=\"fi_FI\" \/>\n<meta property=\"og:type\" content=\"article\" \/>\n<meta property=\"og:title\" content=\"2024 parasta Windows-osion palautusohjelmistoa\" \/>\n<meta property=\"og:description\" content=\"Parhaat Osion Palautusohjelmat 2024 Windowsille Kun olet vahingossa poistanut osion tai k\u00e4rsinyt j\u00e4rjestelm\u00e4kaatumisesta, tunne on kaikkea muuta kuin mukava, varsinkin jos osio sis\u00e4lsi arvokkaita tietoja. Onneksi osion palautusohjelmat voivat olla pelastus k\u00f6ydess\u00e4 tilanteessa. Henkil\u00f6kohtaisen kokemukseni perusteella t\u00e4ss\u00e4 on kooste parhaista osion palautusohjelmista Windowsille, joita olen onnekkaasti (tai onnettomasti) k\u00e4ytt\u00e4nyt. Jokaisella ty\u00f6kalulla on omat ominaisuutensa ja [&hellip;]\" \/>\n<meta property=\"og:url\" content=\"https:\/\/datarecovery.ping.fm\/fi\/partition-recovery-software\/\" \/>\n<meta property=\"og:site_name\" content=\"Data Recovery Software\" \/>\n<meta property=\"article:modified_time\" content=\"2024-04-16T11:36:20+00:00\" \/>\n<meta property=\"og:image\" content=\"https:\/\/datarecovery.ping.fm\/wp-content\/uploads\/2024\/04\/Best-Partition-Recovery-Software-in-2024-for-Windows-Finnish.jpg\" \/>\n\t<meta property=\"og:image:width\" content=\"1280\" \/>\n\t<meta property=\"og:image:height\" content=\"731\" \/>\n\t<meta property=\"og:image:type\" content=\"image\/jpeg\" \/>\n<meta name=\"twitter:card\" content=\"summary_large_image\" \/>\n<meta name=\"twitter:label1\" content=\"Est. reading time\" \/>\n\t<meta name=\"twitter:data1\" content=\"3 minuuttia\" \/>\n<script type=\"application\/ld+json\" class=\"yoast-schema-graph\">{\"@context\":\"https:\/\/schema.org\",\"@graph\":[{\"@type\":\"WebPage\",\"@id\":\"https:\/\/datarecovery.ping.fm\/fi\/partition-recovery-software\/\",\"url\":\"https:\/\/datarecovery.ping.fm\/fi\/partition-recovery-software\/\",\"name\":\"2024 parasta Windows-osion palautusohjelmistoa\",\"isPartOf\":{\"@id\":\"https:\/\/datarecovery.ping.fm\/fi\/#website\"},\"datePublished\":\"2024-02-21T05:25:08+00:00\",\"dateModified\":\"2024-04-16T11:36:20+00:00\",\"breadcrumb\":{\"@id\":\"https:\/\/datarecovery.ping.fm\/fi\/partition-recovery-software\/#breadcrumb\"},\"inLanguage\":\"fi\",\"potentialAction\":[{\"@type\":\"ReadAction\",\"target\":[\"https:\/\/datarecovery.ping.fm\/fi\/partition-recovery-software\/\"]}]},{\"@type\":\"BreadcrumbList\",\"@id\":\"https:\/\/datarecovery.ping.fm\/fi\/partition-recovery-software\/#breadcrumb\",\"itemListElement\":[{\"@type\":\"ListItem\",\"position\":1,\"name\":\"Home\",\"item\":\"https:\/\/datarecovery.ping.fm\/fi\/\"},{\"@type\":\"ListItem\",\"position\":2,\"name\":\"2024 paras osioiden palautusohjelmisto Windowsille\"}]},{\"@type\":\"WebSite\",\"@id\":\"https:\/\/datarecovery.ping.fm\/fi\/#website\",\"url\":\"https:\/\/datarecovery.ping.fm\/fi\/\",\"name\":\"Data Recovery Software\",\"description\":\"\",\"potentialAction\":[{\"@type\":\"SearchAction\",\"target\":{\"@type\":\"EntryPoint\",\"urlTemplate\":\"https:\/\/datarecovery.ping.fm\/fi\/?s={search_term_string}\"},\"query-input\":\"required name=search_term_string\"}],\"inLanguage\":\"fi\"}]}<\/script>\n<!-- \/ Yoast SEO plugin. -->","yoast_head_json":{"title":"2024 parasta Windows-osion palautusohjelmistoa","robots":{"index":"index","follow":"follow","max-snippet":"max-snippet:-1","max-image-preview":"max-image-preview:large","max-video-preview":"max-video-preview:-1"},"canonical":"https:\/\/datarecovery.ping.fm\/fi\/partition-recovery-software\/","og_locale":"fi_FI","og_type":"article","og_title":"2024 parasta Windows-osion palautusohjelmistoa","og_description":"Parhaat Osion Palautusohjelmat 2024 Windowsille Kun olet vahingossa poistanut osion tai k\u00e4rsinyt j\u00e4rjestelm\u00e4kaatumisesta, tunne on kaikkea muuta kuin mukava, varsinkin jos osio sis\u00e4lsi arvokkaita tietoja. Onneksi osion palautusohjelmat voivat olla pelastus k\u00f6ydess\u00e4 tilanteessa. Henkil\u00f6kohtaisen kokemukseni perusteella t\u00e4ss\u00e4 on kooste parhaista osion palautusohjelmista Windowsille, joita olen onnekkaasti (tai onnettomasti) k\u00e4ytt\u00e4nyt. Jokaisella ty\u00f6kalulla on omat ominaisuutensa ja [&hellip;]","og_url":"https:\/\/datarecovery.ping.fm\/fi\/partition-recovery-software\/","og_site_name":"Data Recovery Software","article_modified_time":"2024-04-16T11:36:20+00:00","og_image":[{"width":1280,"height":731,"url":"https:\/\/datarecovery.ping.fm\/wp-content\/uploads\/2024\/04\/Best-Partition-Recovery-Software-in-2024-for-Windows-Finnish.jpg","type":"image\/jpeg"}],"twitter_card":"summary_large_image","twitter_misc":{"Est. reading time":"3 minuuttia"},"schema":{"@context":"https:\/\/schema.org","@graph":[{"@type":"WebPage","@id":"https:\/\/datarecovery.ping.fm\/fi\/partition-recovery-software\/","url":"https:\/\/datarecovery.ping.fm\/fi\/partition-recovery-software\/","name":"2024 parasta Windows-osion palautusohjelmistoa","isPartOf":{"@id":"https:\/\/datarecovery.ping.fm\/fi\/#website"},"datePublished":"2024-02-21T05:25:08+00:00","dateModified":"2024-04-16T11:36:20+00:00","breadcrumb":{"@id":"https:\/\/datarecovery.ping.fm\/fi\/partition-recovery-software\/#breadcrumb"},"inLanguage":"fi","potentialAction":[{"@type":"ReadAction","target":["https:\/\/datarecovery.ping.fm\/fi\/partition-recovery-software\/"]}]},{"@type":"BreadcrumbList","@id":"https:\/\/datarecovery.ping.fm\/fi\/partition-recovery-software\/#breadcrumb","itemListElement":[{"@type":"ListItem","position":1,"name":"Home","item":"https:\/\/datarecovery.ping.fm\/fi\/"},{"@type":"ListItem","position":2,"name":"2024 paras osioiden palautusohjelmisto Windowsille"}]},{"@type":"WebSite","@id":"https:\/\/datarecovery.ping.fm\/fi\/#website","url":"https:\/\/datarecovery.ping.fm\/fi\/","name":"Data Recovery Software","description":"","potentialAction":[{"@type":"SearchAction","target":{"@type":"EntryPoint","urlTemplate":"https:\/\/datarecovery.ping.fm\/fi\/?s={search_term_string}"},"query-input":"required name=search_term_string"}],"inLanguage":"fi"}]}},"_links":{"self":[{"href":"https:\/\/datarecovery.ping.fm\/fi\/wp-json\/wp\/v2\/pages\/41725"}],"collection":[{"href":"https:\/\/datarecovery.ping.fm\/fi\/wp-json\/wp\/v2\/pages"}],"about":[{"href":"https:\/\/datarecovery.ping.fm\/fi\/wp-json\/wp\/v2\/types\/page"}],"replies":[{"embeddable":true,"href":"https:\/\/datarecovery.ping.fm\/fi\/wp-json\/wp\/v2\/comments?post=41725"}],"version-history":[{"count":0,"href":"https:\/\/datarecovery.ping.fm\/fi\/wp-json\/wp\/v2\/pages\/41725\/revisions"}],"wp:featuredmedia":[{"embeddable":true,"href":"https:\/\/datarecovery.ping.fm\/fi\/wp-json\/wp\/v2\/media\/41726"}],"wp:attachment":[{"href":"https:\/\/datarecovery.ping.fm\/fi\/wp-json\/wp\/v2\/media?parent=41725"}],"curies":[{"name":"wp","href":"https:\/\/api.w.org\/{rel}","templated":true}]}}