{"id":40885,"date":"2024-01-22T08:55:46","date_gmt":"2024-01-22T08:55:46","guid":{"rendered":"https:\/\/www.ping.fm\/data-recovery-software\/recover-deleted-photos-iphone\/"},"modified":"2024-04-15T18:33:41","modified_gmt":"2024-04-15T18:33:41","slug":"recover-deleted-photos-iphone","status":"publish","type":"page","link":"https:\/\/datarecovery.ping.fm\/fi\/recover-deleted-photos-iphone\/","title":{"rendered":"N\u00e4in palautat pysyv\u00e4sti poistetut kuvat iPhonesta"},"content":{"rendered":"<section>\n<h1>Kuinka palauttaa pysyv\u00e4sti poistetut kuvat iPhonesta<\/h1>\n<div class=\"inbrief\">\n<div>              <img decoding=\"async\" class=\"lazyload\"  srcset=\"data:image\/png;base64,iVBORw0KGgoAAAANSUhEUgAABLAAAAKkAQMAAAAqeFQ7AAAAA3NCSVQICAjb4U\/gAAAABlBMVEX\/\/\/\/\/\/\/9VfPVsAAAAAnRSTlMA\/1uRIrUAAAAJcEhZcwAACxIAAAsSAdLdfvwAAAAcdEVYdFNvZnR3YXJlAEFkb2JlIEZpcmV3b3JrcyBDUzbovLKMAAAAFnRFWHRDcmVhdGlvbiBUaW1lADAxLzI5LzE536V52wAAAHpJREFUeJztwQENAAAAwqD3T20ON6AAAAAAAAAAAAAAAAAAAAAAAAAAAAAAAAAAAAAAAAAAAAAAAAAAAAAAAAAAAAAAAAAAAAAAAAAAAAAAAAAAAAAAAAAAAAAAAAAAAAAAAAAAAAAAAAAAAAAAAAAAAAAAAAAAAAAAAAAAAIAHA47LAAHp9LjEAAAAAElFTkSuQmCC\" src=\"https:\/\/www.ping.fm\/data-recovery-software\/wp-content\/uploads\/ai\/How-to-Recover-Permanently-Deleted-Photos-from-an-iPhone-Finnish.jpg\" data-srcset=\"https:\/\/www.ping.fm\/data-recovery-software\/wp-content\/uploads\/ai\/How-to-Recover-Permanently-Deleted-Photos-from-an-iPhone-Finnish.jpg\" data-lazy-type=\"image\" data-original=\"https:\/\/www.ping.fm\/data-recovery-software\/wp-content\/uploads\/ai\/How-to-Recover-Permanently-Deleted-Photos-from-an-iPhone-Finnish.jpg\" alt=\"Kuinka palauttaa pysyv\u00e4sti poistetut kuvat iPhonesta\" title=\"Kuinka palauttaa pysyv\u00e4sti poistetut kuvat iPhonesta\" width=\"1280\" height=\"720\">              <\/p>\n<p>Digitaalisella aikakaudella iPhonemme toimivat lukemattomien muistojen holvina valokuvien muodossa. Mutta mit\u00e4 tapahtuu, kun n\u00e4m\u00e4 t\u00e4rke\u00e4t otokset n\u00e4ytt\u00e4v\u00e4t h\u00e4vinneen ikuisiksi ajoiksi? Jos olet vahingossa poistanut arvokkaat kuvat, \u00e4l\u00e4 ep\u00e4toivo. On useita tapoja saada kadonneet kuvat takaisin, jopa sen j\u00e4lkeen, kun ne on pysyv\u00e4sti poistettu iPhonestasi. T\u00e4ss\u00e4 oppaassa vien sinut l\u00e4pi henkil\u00f6kohtaisen matkani palauttaakseni pysyv\u00e4sti poistetut kuvat, jakamalla menetelmi\u00e4, jotka auttoivat minua onnistumaan. Sinua auttaakseni suosittelen lukemaan, kuinka samankaltaista ongelmaa l\u00e4hestyt\u00e4\u00e4n, kun <a href=\"https:\/\/applesn.info\/2023\/11\/03\/how-to-fix-photos-disappeared-from-an-iphone-camera-roll\/\" rel=\"dofollow external noopener noreferrer\" target=\"_blank\" data-wpel-link=\"external\">kuvat katosivat iPhonesta<\/a>, joka kuvailee joitakin korjauskeinoja, joita voit kokeilla, jos kuvasi h\u00e4vi\u00e4v\u00e4t rullalta.<\/p>\n<\/div>\n<\/div>\n<\/section>\n<section>\n<div>\n<div>1<\/div>\n<h2>Yleisi\u00e4 tilanteita:<\/h2>\n<\/div>\n<h3>Vahingossa tapahtunut poisto &#128465;<\/h3>\n<ul>\n<li>Yritt\u00e4ess\u00e4ni vapauttaa tilaa iPhonessani valitsin vahingossa ja poistin joitakin t\u00e4rkeit\u00e4 kuvia &#8221;\u00c4skett\u00e4in poistetut&#8221; -albumista, mik\u00e4 teki poistosta pysyv\u00e4n.<\/li>\n<li>Rutiininomaisen siivouksen aikana vahingossa hyv\u00e4ksyin kokonaisen albumin poiston, joka sis\u00e4lsi kuvia, jotka aioin s\u00e4ilytt\u00e4\u00e4.<\/li>\n<li>Lapseni sai p\u00e4\u00e4syn iPhoneen ja poisti vahingossa joitakin perhekuvia, joita ei ollut varmuuskopioitu muualle.<\/li>\n<\/ul>\n<h3>Ohjelmistop\u00e4ivitys meni pieleen &#128295;<\/h3>\n<ul>\n<li>P\u00e4ivitin iPhoneni uusimpaan iOS-versioon, vain huomatakseni, ett\u00e4 joitakin kuviani puuttui p\u00e4ivityksen p\u00e4\u00e4tytty\u00e4.<\/li>\n<li>Yritt\u00e4ess\u00e4ni jailbreakata iPhoneni, jotain meni vikaan, ja useita valokuva-albumeita katosi.<\/li>\n<\/ul>\n<h3>Tekniset vahingot &#128736;<\/h3>\n<ul>\n<li>iPhoneni k\u00e4rsi vakavan kaatumisen, ja uudelleenk\u00e4ynnistyksen j\u00e4lkeen huomasin, ett\u00e4 joitakin kuviani ei en\u00e4\u00e4 ollut valokuvakirjastossa.<\/li>\n<li>Koin synkronointiongelmia iPhoneni ja iCloudin v\u00e4lill\u00e4, mik\u00e4 johti ep\u00e4johdonmukaisuuksiin valokuva-albumeissani, mukaan lukien tiettyjen kuvien katoaminen.<\/li>\n<li>Laitteiston vika, kuten viallinen tallennuspiiri, johti kallisarvoisten valokuvieni vioittumiseen ja sit\u00e4 seuranneeseen katoamiseen.<\/li>\n<\/ul>\n<\/section>\n<section class=\"stepByStep\">\n<div>\n<div>2<\/div>\n<h2>Askel askeleelta -opas. Palauta pysyv\u00e4sti poistetut kuvat iPhonesta:<\/h2>\n<\/div>\n<h3>Menetelm\u00e4 1: Palauta \u00c4skett\u00e4in poistetuista &#128338;<\/h3>\n<ul>\n<li>Avaa <b>Kuvat<\/b>-sovellus iPhonessasi.<\/li>\n<li>Vierit\u00e4 alas ja napauta <b>Albumit<\/b>-v\u00e4lilehte\u00e4.<\/li>\n<li>Etsi <b>\u00c4skett\u00e4in poistetut<\/b>-albumi ja avaa se.<\/li>\n<li>Valitse <b>palautettavat kuvat<\/b> ja napauta <b>Palauta<\/b>.<\/li>\n<li>Vahvista, ett\u00e4 haluat palauttaa valitut kuvat.<\/li>\n<\/ul>\n<p><b>Huom:<\/b> T\u00e4m\u00e4 menetelm\u00e4 toimii vain, jos kuvat on poistettu viimeisten 30 p\u00e4iv\u00e4n aikana eik\u00e4 niit\u00e4 ole poistettu \u00c4skett\u00e4in poistetut -albumista.<\/p>\n<p><b>Johtop\u00e4\u00e4t\u00f6s:<\/b> Kuvien palauttaminen \u00c4skett\u00e4in poistetut -albumista on ensimm\u00e4inen toimintalinja ja h\u00e4mm\u00e4stytt\u00e4v\u00e4n yksinkertainen, jos kuvat on poistettu \u00e4skett\u00e4in.<\/p>\n<h3>Menetelm\u00e4 2: Palauta iCloud-varmuuskopiosta &#128190;<\/h3>\n<ul>\n<li>Ennen jatkamista varmista, ett\u00e4 sinulla on <b>iCloud-varmuuskopio<\/b>, joka on p\u00e4iv\u00e4tty ennen kuvien poistamista.<\/li>\n<li>K\u00e4y osoitteessa <a href=\"https:\/\/www.icloud.com\/\" rel=\"nofollow external noopener noreferrer\" target=\"_blank\" data-wpel-link=\"external\">iCloud.com<\/a> tietokoneella ja kirjaudu sis\u00e4\u00e4n Apple ID -tiedoillasi.<\/li>\n<li>Navigoi kohtaan <b>Kuvat<\/b> ja tarkista, ovatko poistetut kuvasi saatavilla verkossa.<\/li>\n<li>Jos kuvasi eiv\u00e4t ole iCloud.comissa, saatat joutua suorittamaan t\u00e4ydellisen palautuksen. iPhonessasi, siirry kohtaan <b>Asetukset<\/b> > Yleiset > Nollaa > <b>Tyhjenn\u00e4 kaikki sis\u00e4lt\u00f6 ja asetukset<\/b>.<\/li>\n<li>Kun iPhonenne k\u00e4ynnistyy uudelleen, seuraa n\u00e4yt\u00f6n ohjeita ja <b>Palauta iCloud-varmuuskopiosta<\/b> asennusprosessin aikana. Valitse varmuuskopio, jossa kadonneet kuvat ovat.<\/li>\n<\/ul>\n<p><b>Huom:<\/b> Palauttaminen iCloud-varmuuskopiosta korvaa kaikki nykyiset tiedot iPhonessasi varmuuskopion tiedoilla, joten jatka varoen.<\/p>\n<p><b>Johtop\u00e4\u00e4t\u00f6s:<\/b> Jos etsim\u00e4si kuvat sis\u00e4ltyv\u00e4t aiemmin tehtyyn iCloud-varmuuskopioon, t\u00e4m\u00e4 menetelm\u00e4 voi olla eritt\u00e4in tehokas, joskin datan korvaamisen riskill\u00e4.<\/p>\n<h3>Menetelm\u00e4 3: Nouda iTunes\/Finder-varmuuskopiosta &#128421;<\/h3>\n<ul>\n<li>Liit\u00e4 iPhonesi tietokoneeseen, jolla olet aiemmin tehnyt varmuuskopion k\u00e4ytt\u00e4en <b>iTunesia<\/b> (macOS Mojave tai sit\u00e4 aiemmissa versioissa\/Windowsissa) tai <b>Finderia<\/b> (macOS Catalina tai uudemmissa versioissa).<\/li>\n<li>Avaa iTunes tai Finder riippuen k\u00e4ytt\u00f6j\u00e4rjestelm\u00e4st\u00e4si.<\/li>\n<li>Valitse laitteesi, kun se ilmestyy ohjelmistoon.<\/li>\n<li>Valitse <b>Palauta varmuuskopio<\/b> ja valitse sopivin varmuuskopio, joka sis\u00e4lt\u00e4\u00e4 kadonneet kuvasi.<\/li>\n<li>Napsauta <b>Palauta<\/b> ja odota prosessin valmistumista.<\/li>\n<\/ul>\n<p><b>Huom:<\/b> Samankaltainen iCloudin palautusmenetelm\u00e4\u00e4n, t\u00e4m\u00e4 korvaa iPhonessasi olevat tiedot valitun varmuuskopion sis\u00e4ll\u00f6ll\u00e4.<\/p>\n<p><b>Johtop\u00e4\u00e4t\u00f6s:<\/b> Jos teet s\u00e4\u00e4nn\u00f6llisesti varmuuskopioita iTunesin tai Finderin avulla, t\u00e4m\u00e4 menetelm\u00e4 voi pelastaa tilanteen, palauttamalla iPhoneseen kaikki tiedostot, my\u00f6s vahingossa poistetut valokuvasi.<\/p>\n<h3>Menetelm\u00e4 4: K\u00e4yt\u00e4 kolmannen osapuolen palautusohjelmistoa &#128736;<\/h3>\n<ul>\n<li>Lataa ja asenna luotettava kolmannen osapuolen <b>tietojen palautusohjelmisto<\/b> tietokoneellesi.<\/li>\n<li>Liit\u00e4 iPhonesi tietokoneeseen ja k\u00e4ynnist\u00e4 palautusohjelmisto.<\/li>\n<li>Noudata n\u00e4yt\u00f6n ohjeita skannataksesi iPhonesi palautettavat kuvat.<\/li>\n<li>Esikatsele l\u00f6ydetyt kuvat, valitse ne, jotka haluat palauttaa, ja jatka palautusprosessia.<\/li>\n<li>Tallenna palautetut kuvat tietokoneellesi.<\/li>\n<\/ul>\n<p><b>Huom:<\/b> Kaikki kolmannen osapuolen ohjelmistot eiv\u00e4t takaa palautusta, ja jotkut voivat vaatia ostoa t\u00e4yden toiminnallisuuden saamiseksi.<\/p>\n<p><b>Johtop\u00e4\u00e4t\u00f6s:<\/b> Kolmannen osapuolen palautusohjelmisto voi olla tehokas vaihtoehto, joka kykenee hankkimaan takaisin kuvia, joita muut menetelm\u00e4t eiv\u00e4t pysty, vaikkakin usein kustannuksella.<\/p>\n<h3>Menetelm\u00e4 5: Tarkista muut iCloudin kanssa synkronoidut laitteet &#128260;<\/h3>\n<ul>\n<li>Jos sinulla on muita laitteita (kuten iPad tai Mac) synkronoituna samaan iCloud-tiliin, avaa <b>Kuvat<\/b>-sovellus n\u00e4iss\u00e4 laitteissa.<\/li>\n<li>Etsi poistetut kuvat <b>\u00c4skett\u00e4in poistetut<\/b>-albumista tai p\u00e4\u00e4kuvakirjastosta.<\/li>\n<li>Jos l\u00f6yd\u00e4t ne, voit jakaa ne takaisin iPhoneesi k\u00e4ytt\u00e4m\u00e4ll\u00e4 <b>AirDropia<\/b>, s\u00e4hk\u00f6postia tai iCloud-kuvien jakamista.<\/li>\n<\/ul>\n<p><b>Huom:<\/b> T\u00e4m\u00e4 menetelm\u00e4 toimii vain, jos kuvia ei ole poistettu synkronoiduilta laitteilta tai iCloudista itsess\u00e4\u00e4n.<\/p>\n<p><b>Johtop\u00e4\u00e4t\u00f6s:<\/b> Hy\u00f6dynt\u00e4m\u00e4ll\u00e4 muita iCloud-tilisi kanssa synkronoituja laitteita voi yll\u00e4tt\u00e4en pelastaa p\u00e4iv\u00e4n tarjoten yksinkertaisen tavan palauttaa kadonneet muistot.<\/p>\n<\/section>\n<section>\n<div>\n<div>3<\/div>\n<h2>Katsottava Youtube-video<\/h2>\n<\/div>\n<div class=\"iframe\"><span class=\"lazyload\" data-original_content=\"PGlmcmFtZSB3aWR0aD0iNDIwIiBoZWlnaHQ9IjMxNSIgc3JjPSIvL3d3dy55b3V0dWJlLmNvbS9lbWJlZC84WF80bHdPMUZjMCIgZnJhbWVib3JkZXI9IjAiIGFsbG93ZnVsbHNjcmVlbj48L2lmcmFtZT4=\"><\/span><\/div>\n<\/section>\n<p>&#13;                          <\/p>\n<section>\n<div>\n<div>4<\/div>\n<h2>Ennaltaehk\u00e4isev\u00e4t toimenpiteet ja vinkit:<\/h2>\n<\/div>\n<h3>Varmuuskopiointistrategiat tietojen katoamisen est\u00e4miseksi &#128737;<\/h3>\n<ul>\n<li>Varmuuskopioi s\u00e4\u00e4nn\u00f6llisesti iPhone iCloudiin tai tietokoneeseen suojautuaksesi vahingossa tapahtuvalta poistamiselta.<\/li>\n<li>Harkitse ylim\u00e4\u00e4r\u00e4isten pilvipalveluiden, kuten Google Photosin tai Dropboxin, k\u00e4ytt\u00f6\u00e4 lis\u00e4turvaksi.<\/li>\n<li>Ota k\u00e4ytt\u00f6\u00f6n <b>iCloud Photos<\/b>, jotta koko valokuvakirjastosi s\u00e4ilyy turvallisesti tallennettuna ja ajan tasalla kaikissa laitteissasi.<\/li>\n<li>Ole valpas antaessasi iPhoneasi lapsille tai muille, jotka saattavat tahattomasti poistaa sis\u00e4lt\u00f6\u00e4.<\/li>\n<\/ul>\n<\/section>\n<p>&#13;                          <\/p>\n<section>\n<div>\n<div>5<\/div>\n<h2>Tietojen palauttamisen oivalluksia<\/h2>\n<\/div>\n<p>Valokuvien menetys iPhonesta voi olla eritt\u00e4in stressaavaa, erityisesti jos poistetuilla valokuvilla on tunnearvoa. Olen kuvaillut menetelmi\u00e4, mutta on t\u00e4rke\u00e4\u00e4 ymm\u00e4rt\u00e4\u00e4 my\u00f6s tietojen palauttamisen tekninen puoli. Kun poistat valokuvan iPhonesta, sit\u00e4 ei poisteta heti laitteen tallennustilasta. Sen sijaan se tila, jossa kuva oli, merkit\u00e4\u00e4n vapaaksi ylikirjoitettavaksi uudella tiedolla. T\u00e4m\u00e4 tarkoittaa, ett\u00e4 nopea toiminta on ratkaiseva osa palauttamista, mieluiten ennen uusien valokuvien ottamista tai sovellusten lataamista, mik\u00e4 voisi ylikirjoittaa &#8217;poistetut&#8217; kuvat.<\/p>\n<p>Lis\u00e4ksi laillisia ohjelmistoja, kuten Digital Forensics Framework tai avoimen l\u00e4hdekoodin ty\u00f6kaluja, kuten Photorec, voidaan joskus k\u00e4ytt\u00e4\u00e4 kuvien palautukseen, vaikkakin n\u00e4m\u00e4 tekniikat vaativat yleens\u00e4 korkeampaa teknist\u00e4 osaamista ja sis\u00e4lt\u00e4v\u00e4t omat riskins\u00e4. Ammattipalvelujen k\u00e4ytt\u00f6 on suositeltavaa, jos t\u00e4m\u00e4 reitti harkitaan.<\/p>\n<p>Lopuksi, muista, ett\u00e4 tietojen menetyksen ehk\u00e4iseminen on aina helpompaa kuin niiden palauttaminen. Hyv\u00e4n digitaalisen hygienian harjoittaminen, tietojen s\u00e4\u00e4nn\u00f6llinen varmuuskopiointi ja fyysisen laiteturvallisuuden huomioon ottaminen ovat parhaat strategiat tietojesi turvassa pit\u00e4miseen.<\/p>\n<\/section>\n<section>\n<h2>Yhteenveto:<\/h2>\n<div class=\"nonp\">\n<p>Kootessani yksityiskohtaista opasta pysyv\u00e4sti poistettujen valokuvien palauttamisesta iPhonella on selv\u00e4\u00e4, ett\u00e4 tutkittavia vaihtoehtoja on useita. Olipa k\u00e4yt\u00f6ss\u00e4si laitteeseen sis\u00e4\u00e4nrakennetut palautustoiminnot, varmuuskopioihin turvautuminen tai kolmansien osapuolien ohjelmistojen k\u00e4ytt\u00f6, on hyv\u00e4 mahdollisuus saada arvokkaat valokuvasi takaisin. Kuitenkin ennaltaehk\u00e4isy on aina parempi kuin hoito. S\u00e4\u00e4nn\u00f6lliset varmuuskopiot ja huolellinen iPhonen k\u00e4sittely voivat auttaa v\u00e4ltt\u00e4m\u00e4\u00e4n kuvien menetystilanteet. Muista, ett\u00e4 odottamattoman poiston sattuessa nopea ja perill\u00e4 oleva toiminta voi tarkoittaa eroa tuskan ja helpotuksen v\u00e4lill\u00e4.<\/p>\n<\/div>\n<\/section>\n","protected":false},"excerpt":{"rendered":"<p>Kuinka palauttaa pysyv\u00e4sti poistetut kuvat iPhonesta Digitaalisella aikakaudella iPhonemme toimivat lukemattomien muistojen holvina valokuvien muodossa. Mutta mit\u00e4 tapahtuu, kun n\u00e4m\u00e4 t\u00e4rke\u00e4t otokset n\u00e4ytt\u00e4v\u00e4t h\u00e4vinneen ikuisiksi ajoiksi? Jos olet vahingossa poistanut arvokkaat kuvat, \u00e4l\u00e4 ep\u00e4toivo. On useita tapoja saada kadonneet kuvat takaisin, jopa sen j\u00e4lkeen, kun ne on pysyv\u00e4sti poistettu iPhonestasi. T\u00e4ss\u00e4 oppaassa vien sinut l\u00e4pi [&hellip;]<\/p>\n","protected":false},"author":0,"featured_media":40886,"parent":0,"menu_order":0,"comment_status":"closed","ping_status":"closed","template":"chromecast.php","meta":{"_stopmodifiedupdate":false,"_modified_date":"","_lmt_disableupdate":"","_lmt_disable":""},"acf":[],"yoast_head":"<!-- This site is optimized with the Yoast SEO plugin v20.9 - https:\/\/yoast.com\/wordpress\/plugins\/seo\/ -->\n<title>N\u00e4in palautat pysyv\u00e4sti poistetut kuvat iPhonesta | 2024<\/title>\n<meta name=\"robots\" content=\"index, follow, max-snippet:-1, max-image-preview:large, max-video-preview:-1\" \/>\n<link rel=\"canonical\" href=\"https:\/\/datarecovery.ping.fm\/fi\/recover-deleted-photos-iphone\/\" \/>\n<meta property=\"og:locale\" content=\"fi_FI\" \/>\n<meta property=\"og:type\" content=\"article\" \/>\n<meta property=\"og:title\" content=\"N\u00e4in palautat pysyv\u00e4sti poistetut kuvat iPhonesta | 2024\" \/>\n<meta property=\"og:description\" content=\"Kuinka palauttaa pysyv\u00e4sti poistetut kuvat iPhonesta Digitaalisella aikakaudella iPhonemme toimivat lukemattomien muistojen holvina valokuvien muodossa. Mutta mit\u00e4 tapahtuu, kun n\u00e4m\u00e4 t\u00e4rke\u00e4t otokset n\u00e4ytt\u00e4v\u00e4t h\u00e4vinneen ikuisiksi ajoiksi? Jos olet vahingossa poistanut arvokkaat kuvat, \u00e4l\u00e4 ep\u00e4toivo. On useita tapoja saada kadonneet kuvat takaisin, jopa sen j\u00e4lkeen, kun ne on pysyv\u00e4sti poistettu iPhonestasi. T\u00e4ss\u00e4 oppaassa vien sinut l\u00e4pi [&hellip;]\" \/>\n<meta property=\"og:url\" content=\"https:\/\/datarecovery.ping.fm\/fi\/recover-deleted-photos-iphone\/\" \/>\n<meta property=\"og:site_name\" content=\"Data Recovery Software\" \/>\n<meta property=\"article:modified_time\" content=\"2024-04-15T18:33:41+00:00\" \/>\n<meta property=\"og:image\" content=\"https:\/\/datarecovery.ping.fm\/wp-content\/uploads\/2024\/04\/How-to-Recover-Permanently-Deleted-Photos-from-an-iPhone-Finnish.jpg\" \/>\n\t<meta property=\"og:image:width\" content=\"1280\" \/>\n\t<meta property=\"og:image:height\" content=\"731\" \/>\n\t<meta property=\"og:image:type\" content=\"image\/jpeg\" \/>\n<meta name=\"twitter:card\" content=\"summary_large_image\" \/>\n<meta name=\"twitter:label1\" content=\"Est. reading time\" \/>\n\t<meta name=\"twitter:data1\" content=\"5 minuuttia\" \/>\n<script type=\"application\/ld+json\" class=\"yoast-schema-graph\">{\"@context\":\"https:\/\/schema.org\",\"@graph\":[{\"@type\":\"WebPage\",\"@id\":\"https:\/\/datarecovery.ping.fm\/fi\/recover-deleted-photos-iphone\/\",\"url\":\"https:\/\/datarecovery.ping.fm\/fi\/recover-deleted-photos-iphone\/\",\"name\":\"N\u00e4in palautat pysyv\u00e4sti poistetut kuvat iPhonesta | 2024\",\"isPartOf\":{\"@id\":\"https:\/\/datarecovery.ping.fm\/fi\/#website\"},\"datePublished\":\"2024-01-22T08:55:46+00:00\",\"dateModified\":\"2024-04-15T18:33:41+00:00\",\"breadcrumb\":{\"@id\":\"https:\/\/datarecovery.ping.fm\/fi\/recover-deleted-photos-iphone\/#breadcrumb\"},\"inLanguage\":\"fi\",\"potentialAction\":[{\"@type\":\"ReadAction\",\"target\":[\"https:\/\/datarecovery.ping.fm\/fi\/recover-deleted-photos-iphone\/\"]}]},{\"@type\":\"BreadcrumbList\",\"@id\":\"https:\/\/datarecovery.ping.fm\/fi\/recover-deleted-photos-iphone\/#breadcrumb\",\"itemListElement\":[{\"@type\":\"ListItem\",\"position\":1,\"name\":\"Home\",\"item\":\"https:\/\/datarecovery.ping.fm\/fi\/\"},{\"@type\":\"ListItem\",\"position\":2,\"name\":\"N\u00e4in palautat pysyv\u00e4sti poistetut kuvat iPhonesta\"}]},{\"@type\":\"WebSite\",\"@id\":\"https:\/\/datarecovery.ping.fm\/fi\/#website\",\"url\":\"https:\/\/datarecovery.ping.fm\/fi\/\",\"name\":\"Data Recovery Software\",\"description\":\"\",\"potentialAction\":[{\"@type\":\"SearchAction\",\"target\":{\"@type\":\"EntryPoint\",\"urlTemplate\":\"https:\/\/datarecovery.ping.fm\/fi\/?s={search_term_string}\"},\"query-input\":\"required name=search_term_string\"}],\"inLanguage\":\"fi\"}]}<\/script>\n<!-- \/ Yoast SEO plugin. -->","yoast_head_json":{"title":"N\u00e4in palautat pysyv\u00e4sti poistetut kuvat iPhonesta | 2024","robots":{"index":"index","follow":"follow","max-snippet":"max-snippet:-1","max-image-preview":"max-image-preview:large","max-video-preview":"max-video-preview:-1"},"canonical":"https:\/\/datarecovery.ping.fm\/fi\/recover-deleted-photos-iphone\/","og_locale":"fi_FI","og_type":"article","og_title":"N\u00e4in palautat pysyv\u00e4sti poistetut kuvat iPhonesta | 2024","og_description":"Kuinka palauttaa pysyv\u00e4sti poistetut kuvat iPhonesta Digitaalisella aikakaudella iPhonemme toimivat lukemattomien muistojen holvina valokuvien muodossa. Mutta mit\u00e4 tapahtuu, kun n\u00e4m\u00e4 t\u00e4rke\u00e4t otokset n\u00e4ytt\u00e4v\u00e4t h\u00e4vinneen ikuisiksi ajoiksi? Jos olet vahingossa poistanut arvokkaat kuvat, \u00e4l\u00e4 ep\u00e4toivo. On useita tapoja saada kadonneet kuvat takaisin, jopa sen j\u00e4lkeen, kun ne on pysyv\u00e4sti poistettu iPhonestasi. T\u00e4ss\u00e4 oppaassa vien sinut l\u00e4pi [&hellip;]","og_url":"https:\/\/datarecovery.ping.fm\/fi\/recover-deleted-photos-iphone\/","og_site_name":"Data Recovery Software","article_modified_time":"2024-04-15T18:33:41+00:00","og_image":[{"width":1280,"height":731,"url":"https:\/\/datarecovery.ping.fm\/wp-content\/uploads\/2024\/04\/How-to-Recover-Permanently-Deleted-Photos-from-an-iPhone-Finnish.jpg","type":"image\/jpeg"}],"twitter_card":"summary_large_image","twitter_misc":{"Est. reading time":"5 minuuttia"},"schema":{"@context":"https:\/\/schema.org","@graph":[{"@type":"WebPage","@id":"https:\/\/datarecovery.ping.fm\/fi\/recover-deleted-photos-iphone\/","url":"https:\/\/datarecovery.ping.fm\/fi\/recover-deleted-photos-iphone\/","name":"N\u00e4in palautat pysyv\u00e4sti poistetut kuvat iPhonesta | 2024","isPartOf":{"@id":"https:\/\/datarecovery.ping.fm\/fi\/#website"},"datePublished":"2024-01-22T08:55:46+00:00","dateModified":"2024-04-15T18:33:41+00:00","breadcrumb":{"@id":"https:\/\/datarecovery.ping.fm\/fi\/recover-deleted-photos-iphone\/#breadcrumb"},"inLanguage":"fi","potentialAction":[{"@type":"ReadAction","target":["https:\/\/datarecovery.ping.fm\/fi\/recover-deleted-photos-iphone\/"]}]},{"@type":"BreadcrumbList","@id":"https:\/\/datarecovery.ping.fm\/fi\/recover-deleted-photos-iphone\/#breadcrumb","itemListElement":[{"@type":"ListItem","position":1,"name":"Home","item":"https:\/\/datarecovery.ping.fm\/fi\/"},{"@type":"ListItem","position":2,"name":"N\u00e4in palautat pysyv\u00e4sti poistetut kuvat iPhonesta"}]},{"@type":"WebSite","@id":"https:\/\/datarecovery.ping.fm\/fi\/#website","url":"https:\/\/datarecovery.ping.fm\/fi\/","name":"Data Recovery Software","description":"","potentialAction":[{"@type":"SearchAction","target":{"@type":"EntryPoint","urlTemplate":"https:\/\/datarecovery.ping.fm\/fi\/?s={search_term_string}"},"query-input":"required name=search_term_string"}],"inLanguage":"fi"}]}},"_links":{"self":[{"href":"https:\/\/datarecovery.ping.fm\/fi\/wp-json\/wp\/v2\/pages\/40885"}],"collection":[{"href":"https:\/\/datarecovery.ping.fm\/fi\/wp-json\/wp\/v2\/pages"}],"about":[{"href":"https:\/\/datarecovery.ping.fm\/fi\/wp-json\/wp\/v2\/types\/page"}],"replies":[{"embeddable":true,"href":"https:\/\/datarecovery.ping.fm\/fi\/wp-json\/wp\/v2\/comments?post=40885"}],"version-history":[{"count":0,"href":"https:\/\/datarecovery.ping.fm\/fi\/wp-json\/wp\/v2\/pages\/40885\/revisions"}],"wp:featuredmedia":[{"embeddable":true,"href":"https:\/\/datarecovery.ping.fm\/fi\/wp-json\/wp\/v2\/media\/40886"}],"wp:attachment":[{"href":"https:\/\/datarecovery.ping.fm\/fi\/wp-json\/wp\/v2\/media?parent=40885"}],"curies":[{"name":"wp","href":"https:\/\/api.w.org\/{rel}","templated":true}]}}