{"id":39856,"date":"2024-03-07T05:04:08","date_gmt":"2024-03-07T05:04:08","guid":{"rendered":"https:\/\/www.ping.fm\/data-recovery-software\/recover-deleted-files-windows-11\/"},"modified":"2024-04-15T12:20:37","modified_gmt":"2024-04-15T12:20:37","slug":"recover-deleted-files-windows-11","status":"publish","type":"page","link":"https:\/\/datarecovery.ping.fm\/fi\/recover-deleted-files-windows-11\/","title":{"rendered":"Kuinka palauttaa poistetut tiedostot Windows 11:ss\u00e4"},"content":{"rendered":"<section>\n<h1>Miten palauttaa poistetut tiedostot Windows 11:ss\u00e4<\/h1>\n<div class=\"inbrief\">\n<div>              <img decoding=\"async\" class=\"lazyload\"  srcset=\"data:image\/png;base64,iVBORw0KGgoAAAANSUhEUgAABLAAAAKkAQMAAAAqeFQ7AAAAA3NCSVQICAjb4U\/gAAAABlBMVEX\/\/\/\/\/\/\/9VfPVsAAAAAnRSTlMA\/1uRIrUAAAAJcEhZcwAACxIAAAsSAdLdfvwAAAAcdEVYdFNvZnR3YXJlAEFkb2JlIEZpcmV3b3JrcyBDUzbovLKMAAAAFnRFWHRDcmVhdGlvbiBUaW1lADAxLzI5LzE536V52wAAAHpJREFUeJztwQENAAAAwqD3T20ON6AAAAAAAAAAAAAAAAAAAAAAAAAAAAAAAAAAAAAAAAAAAAAAAAAAAAAAAAAAAAAAAAAAAAAAAAAAAAAAAAAAAAAAAAAAAAAAAAAAAAAAAAAAAAAAAAAAAAAAAAAAAAAAAAAAAIAHA47LAAHp9LjEAAAAAElFTkSuQmCC\" src=\"https:\/\/www.ping.fm\/data-recovery-software\/wp-content\/uploads\/ai\/How-to-Recover-Deleted-Files-on-Windows-11-Finnish.jpg\" data-srcset=\"https:\/\/www.ping.fm\/data-recovery-software\/wp-content\/uploads\/ai\/How-to-Recover-Deleted-Files-on-Windows-11-Finnish.jpg\" data-lazy-type=\"image\" data-original=\"https:\/\/www.ping.fm\/data-recovery-software\/wp-content\/uploads\/ai\/How-to-Recover-Deleted-Files-on-Windows-11-Finnish.jpg\" alt=\"Miten palauttaa poistetut tiedostot Windows 11:ss\u00e4\" title=\"Miten palauttaa poistetut tiedostot Windows 11:ss\u00e4\" width=\"1280\" height=\"720\">              <\/p>\n<p>T\u00e4rkeiden tiedostojen vahingossa poistaminen on yleinen k\u00e4mmi, johon monet k\u00e4ytt\u00e4j\u00e4t t\u00f6rm\u00e4\u00e4v\u00e4t. Onneksi Windows 11 sis\u00e4lt\u00e4\u00e4 useita ominaisuuksia ja ty\u00f6kaluja, jotka auttavat palauttamaan n\u00e4m\u00e4 oleelliset tietoer\u00e4t. T\u00e4m\u00e4 artikkeli opastaa sinut Windows 11:n tiedostojen palautuksen kiemuroissa, k\u00e4ytt\u00e4en hyv\u00e4ksi sek\u00e4 sis\u00e4\u00e4nrakennettuja menetelmi\u00e4 ett\u00e4 ulkopuolisia ratkaisuja. Tavoitteena on tarjota kattava l\u00e4hestymistapa tiedostojen palauttamiseen, jota itsekin harjoittelin vastaavanlaisten ongelmien edess\u00e4.<\/p>\n<\/div>\n<\/div>\n<\/section>\n<section>\n<div>\n<div>1<\/div>\n<h2>Yleiset skenaariot:<\/h2>\n<\/div>\n<h3>Vahingossa tapahtunut poisto &#128465;<\/h3>\n<ul>\n<li><b>Tyhjent\u00e4\u00e4 Roskakorin<\/b> tajuamatta, ett\u00e4 jotkin t\u00e4rke\u00e4t tiedostot olivat sis\u00e4ll\u00e4.<\/li>\n<li>K\u00e4ytt\u00e4\u00e4 <b>Shift + Delete<\/b> -komentoa, joka ohittaa Roskakorin.<\/li>\n<li><b>Massapoisto<\/b> tiedostoja, mink\u00e4 j\u00e4lkeen tajuat virheen.<\/li>\n<\/ul>\n<h3>J\u00e4rjestelm\u00e4p\u00e4ivitykset tai -kaatumiset &#128165;<\/h3>\n<ul>\n<li><b>Windows 11 -p\u00e4ivitykset<\/b> johtavat tahattomiin tiedostojen poistoihin.<\/li>\n<li>Odottamattomat <b>virtakatkokset<\/b> tai <b>j\u00e4rjestelm\u00e4kaatumiset<\/b> aiheuttavat tallentamattomien tietojen menetyksen.<\/li>\n<li>Kovalevyvirheet johtuvat j\u00e4rjestelm\u00e4n toimintah\u00e4iri\u00f6ist\u00e4.<\/li>\n<\/ul>\n<h3>Virus- tai haittaohjelmahy\u00f6kk\u00e4ykset &#129440;<\/h3>\n<ul>\n<li>Antivirusohjelmiston <b>automaattisesti poistamat<\/b> tartunnan saaneet tiedostot.<\/li>\n<li><b>Ilke\u00e4mieliset ohjelmistot<\/b>, jotka aiheuttavat tiedostojen vioittumisen tai poiston.<\/li>\n<li><b>K\u00e4ytt\u00f6oikeusongelmat<\/b> my\u00f6hemmin haittaohjelmahy\u00f6kk\u00e4yksen selvitt\u00e4misen j\u00e4lkeen.<\/li>\n<\/ul>\n<\/section>\n<section class=\"stepByStep\">\n<div>\n<div>2<\/div>\n<h2>Vaiheittainen opas. Poistettujen tiedostojen palauttaminen Windows 11:ss\u00e4:<\/h2>\n<\/div>\n<h3>Menetelm\u00e4 1: Roskakorin k\u00e4ytt\u00e4minen &#128465;<\/h3>\n<ul>\n<li>Avaa <b>Roskakori<\/b> kaksoisklikkaamalla sen kuvaketta ty\u00f6p\u00f6yd\u00e4ll\u00e4.<\/li>\n<li>Etsi <b>poistetut tiedostot<\/b>, jotka haluat palauttaa.<\/li>\n<li>Napsauta tiedostoja hiiren kakkospainikkeella ja valitse <b>Palauta<\/b> siirt\u00e4\u00e4ksesi ne takaisin alkuper\u00e4iseen sijaintiin.<\/li>\n<\/ul>\n<p><b>Huom:<\/b> Tiedostoja voidaan palauttaa Roskakorista vain, jos niit\u00e4 ei ole poistettu pysyv\u00e4sti tai jos Roskakoria ei ole tyhjennetty.<\/p>\n<p><b>Johtop\u00e4\u00e4t\u00f6s:<\/b> Roskakori on yksinkertaisin ja nopein tapa palauttaa \u00e4skett\u00e4in poistetut tiedostot, joita ei ole poistettu pysyv\u00e4sti.<\/p>\n<h3>Menetelm\u00e4 2: Tiedostohistorian k\u00e4ytt\u00e4minen &#128338;<\/h3>\n<ul>\n<li>Avaa <b>Asetukset<\/b> ja siirry kohtaan <b>&#8217;Update &#038; Security&#8217;<\/b> > <b>&#8217;Backup&#8217;<\/b>.<\/li>\n<li>Varmista, ett\u00e4 <b>Tiedostohistoria<\/b>-toiminto on asetettu ja valitse <b>&#8217;Lis\u00e4\u00e4 vaihtoehtoja&#8217;<\/b> kohdassa &#8217;Back up using File History&#8217;.<\/li>\n<li>Napsauta <b>&#8217;Restore files from a current backup&#8217;<\/b> ja selaa tiedostoja l\u00f6yt\u00e4\u00e4ksesi tarvitsemasi.<\/li>\n<li>Valitse tiedostot ja napsauta vihre\u00e4\u00e4 <b>Palauta<\/b>-painiketta palauttaaksesi ne.<\/li>\n<\/ul>\n<p><b>Huom:<\/b> T\u00e4m\u00e4 menetelm\u00e4 vaatii, ett\u00e4 olet aiemmin aktivoinut Tiedostohistorian ulkoiselle asemalle tai verkkopaikkaan.<\/p>\n<p><b>Johtop\u00e4\u00e4t\u00f6s:<\/b> Tiedostohistoria on arvokas ty\u00f6kalu jatkuvan varmuuskopioinnin kannalta, jonka avulla on helppo palauttaa tiedostoja, jos se on asetettu ennen tiedoston poistamista.<\/p>\n<h3>Menetelm\u00e4 3: Windows Tiedostonpalautuksen k\u00e4ytt\u00e4minen &#129520;<\/h3>\n<ul>\n<li>Lataa ja asenna <b>Windows Tiedostonpalautus<\/b> -ty\u00f6kalu <a href=\"https:\/\/www.microsoft.com\/en-us\/p\/windows-file-recovery\/9n26s50ln705\" rel=\"nofollow external noopener noreferrer\" target=\"_blank\" data-wpel-link=\"external\">Microsoft Storesta<\/a>.<\/li>\n<li>K\u00e4ynnist\u00e4 ty\u00f6kalu k\u00e4ytt\u00e4m\u00e4ll\u00e4 <b>Komentokehotetta<\/b> yll\u00e4pit\u00e4j\u00e4n oikeuksin.<\/li>\n<li>Sy\u00f6t\u00e4 oikea komentosyntaksi suoritettavan palautuksen tyypille (Tavallinen tai Laaja tila).<\/li>\n<li>Noudata n\u00e4yt\u00f6ll\u00e4 n\u00e4kyvi\u00e4 ohjeita suorittaaksesi tiedostojen palautusprosessin.<\/li>\n<\/ul>\n<p><b>Huom:<\/b> Windows Tiedostonpalautus toimii komentorivin kautta ja voi sopia paremmin edistyneille k\u00e4ytt\u00e4jille.<\/p>\n<p><b>Johtop\u00e4\u00e4t\u00f6s:<\/b> Windows Tiedostonpalautus voi olla tehokas ty\u00f6kalu tiedostojen palauttamiseen, erityisesti alustetuilta tai vioittuneilta tallennuslaitteilta.<\/p>\n<h3>Menetelm\u00e4 4: Kolmannen osapuolen tiedostonpalautusohjelmiston k\u00e4ytt\u00e4minen &#128189;<\/h3>\n<ul>\n<li>Valitse maineikas <b>kolmannen osapuolen tiedostonpalautusohjelmisto<\/b>, kuten Recuva.<\/li>\n<li>Lataa ja asenna ohjelmisto noudattaen tarjoajan ohjeita.<\/li>\n<li>K\u00e4ynnist\u00e4 ohjelma ja valitse asema, jossa poistetut tiedostot sijaitsivat.<\/li>\n<li>Noudata n\u00e4yt\u00f6ll\u00e4 olevia vaiheita etsi\u00e4ksesi palautettavia tiedostoja ja valitse palautettavat tiedostot.<\/li>\n<li>Valitse palautussijainti, joka on eri kuin alkuper\u00e4inen polku, jotta tiedon mahdollinen yliajaminen v\u00e4ltet\u00e4\u00e4n.<\/li>\n<\/ul>\n<p><b>Huom:<\/b> Varmista, ett\u00e4 valitset ohjelmiston jolla on vakuuttavat arvostelut ja luotettava maine.<\/p>\n<p><b>Johtop\u00e4\u00e4t\u00f6s:<\/b> Kolmannen osapuolen ohjelmisto saattaa tarjota k\u00e4ytt\u00e4j\u00e4yst\u00e4v\u00e4llisemm\u00e4n k\u00e4ytt\u00f6liittym\u00e4n ja lis\u00e4ominaisuuksia verrattuna Windowsin natiiveihin ty\u00f6kaluihin.<\/p>\n<h3>Menetelm\u00e4 5: J\u00e4rjestelm\u00e4n palautuspisteen k\u00e4ytt\u00e4minen &#128260;<\/h3>\n<ul>\n<li>Etsi &#8217;Luo palautuspiste&#8217; Windowsin hakupalkista ja paina <b>Enter<\/b>.<\/li>\n<li>Siirry <b>J\u00e4rjestelm\u00e4nsuojaus<\/b>-v\u00e4lilehteen ja valitse <b>J\u00e4rjestelm\u00e4n palauttaminen&#8230;<\/b><\/li>\n<li>Noudata ohjattua toimintoa, ja valitse palautuspiste joka on luotu ennen tiedostojen poistamista.<\/li>\n<li>Suorita palautusprosessi palauttaaksesi j\u00e4rjestelm\u00e4si aikaisempaan tilaan.<\/li>\n<\/ul>\n<p><b>Huom:<\/b> J\u00e4rjestelm\u00e4n palautuksen k\u00e4ytt\u00f6 voi muuttaa j\u00e4rjestelm\u00e4tiedostoja, asetuksia ja asennettuja ohjelmia, mutta yleens\u00e4 se ei vaikuta henkil\u00f6kohtaisiin tiedostoihin.<\/p>\n<p><b>Johtop\u00e4\u00e4t\u00f6s:<\/b> T\u00e4m\u00e4 menetelm\u00e4 ei v\u00e4ltt\u00e4m\u00e4tt\u00e4 palauta suoraan henkil\u00f6kohtaisia tiedostoja, mutta sit\u00e4 voidaan k\u00e4ytt\u00e4\u00e4, jos tiedostojen poisto johtui j\u00e4rjestelm\u00e4n muutoksesta tai p\u00e4ivityksest\u00e4.<\/p>\n<\/section>\n<section>\n<div>\n<div>3<\/div>\n<h2>Varotoimet ja vinkit:<\/h2>\n<\/div>\n<h3>Suojele tietojasi &#128737;<\/h3>\n<ul>\n<li>Varaa s\u00e4\u00e4nn\u00f6llisesti t\u00e4rkeit\u00e4 tiedostoja ulkoiselle asemalle tai pilvipalveluun, kuten <b>OneDrive<\/b> tai <b>Google Drive<\/b>.<\/li>\n<li>Ota k\u00e4ytt\u00f6\u00f6n <b>Tiedostohistoria<\/b> Windows 11:ss\u00e4 pit\u00e4\u00e4ksesi tiedostoista jatkuvasti varmuuskopiot.<\/li>\n<li>Tarkista ja varmista huolellisesti poistoja ennen tiedostojen poistoa v\u00e4ltt\u00e4\u00e4ksesi vahingossa tapahtuvan poiston.<\/li>\n<\/ul>\n<h3>Yll\u00e4pid\u00e4 J\u00e4rjestelm\u00e4si Eheys &#10024;<\/h3>\n<ul>\n<li>Suorita <b>virustorjuntaskannauksia<\/b> s\u00e4\u00e4nn\u00f6llisesti est\u00e4\u00e4ksesi haittaohjelmiin liittyv\u00e4t tiedostojen poistot.<\/li>\n<li>Pid\u00e4 <b>Windows 11<\/b> ja kaikki ohjelmistot ajan tasalla viimeisimmill\u00e4 turvallisuusp\u00e4ivityksill\u00e4.<\/li>\n<li>K\u00e4yt\u00e4 <b>Ylij\u00e4nnitesuojaa<\/b> suojautuaksesi tiedon menetykselt\u00e4 \u00e4killisiss\u00e4 s\u00e4hk\u00f6katkoksissa.<\/li>\n<\/ul>\n<\/section>\n<p>&#13;                         <\/p>\n<section>\n<div>\n<div>4<\/div>\n<h2>Palautuksen yli: Tietojesi suojeleminen<\/h2>\n<\/div>\n<p>Windows 11:ss\u00e4 poistettujen tiedostojen k\u00e4sittely voi olla stressaava kokemus; se on kuitenkin my\u00f6s tilaisuus arvioida uudelleen, miten hallitsemme ja suojelemme tietojamme. Palautusmenetelmien lis\u00e4ksi on useita k\u00e4yt\u00e4nt\u00f6j\u00e4, jotka voivat parantaa datan suojelua ja v\u00e4hent\u00e4\u00e4 tietojen menetyksen riski\u00e4.<\/p>\n<p>Yksi l\u00e4hestymistapa on k\u00e4ytt\u00e4\u00e4 pilvitallennuspalveluita, kuten <b>Microsoft OneDrive<\/b> tai <b>Dropbox<\/b>, jotka eiv\u00e4t ainoastaan turvallisesti varmuuskopioi tietojasi, mutta tarjoavat my\u00f6s ominaisuuksia kuten versionhallinta, joka mahdollistaa muokattujen tiedostojen aikaisempien versioiden palautuksen. Lis\u00e4ksi, tiukkoja varmuuskopiointirutiineja voidaan suoraviivaistaa automaatio-ohjelmistoilla, kuten <b>Acronis True Image<\/b> tai <b>Macrium Reflect<\/b>.<\/p>\n<p>On my\u00f6s t\u00e4rke\u00e4\u00e4 huomioida, ett\u00e4 Solid State Drivet (SSD) k\u00e4sittelev\u00e4t poistamista ja tietojen ylikirjoittamista eri tavoin kuin perinteiset Hard Disk Drivet (HDD). Kun tieto on poistettu tai ylikirjoitettu SSD-asemalla, palauttaminen voi olla paljon vaikeampaa, koska SSD:t k\u00e4sittelev\u00e4t tietojen poistoa k\u00e4ytt\u00e4en TRIM-komentoa. Siksi tiedostojen salaus ja arkaluonteisten tietojen turvallinen pyyhkiminen tarvittaessa on v\u00e4ltt\u00e4m\u00e4t\u00f6nt\u00e4.<\/p>\n<p>Lopuksi, harjoita hyv\u00e4\u00e4 kyberhygieniaa. Ole varovainen avatessasi s\u00e4hk\u00f6postin liitetiedostoja, klikatessasi tuntemattomia linkkej\u00e4 ja ladataessasi ohjelmistoja luotettavista l\u00e4hteist\u00e4. P\u00e4ivit\u00e4 s\u00e4\u00e4nn\u00f6llisesti k\u00e4ytt\u00f6j\u00e4rjestelm\u00e4si ja sovelluksesi, jotta voit torjua haavoittuvuuksia, jotka saattavat aiheuttaa tietojen menetyksi\u00e4 tai murtumia.<\/p>\n<\/section>\n<p>&#13;                         <\/p>\n<section>\n<h2>Yhteenveto:<\/h2>\n<div class=\"nonp\">\n<p>Yhteenvetona voidaan sanoa, ett\u00e4 poistettujen tiedostojen palauttaminen Windows 11:ss\u00e4 vaatii monitahoisen l\u00e4hestymistavan, joka sis\u00e4lt\u00e4\u00e4 sis\u00e4\u00e4nrakennetuista ominaisuuksista kuten Roskakori ja Tiedostohistoria, ty\u00f6kaluja kuten Windows Tiedostojen Palautus tai kolmannen osapuolen palautusohjelmistoja. Jokaisella menetelm\u00e4ll\u00e4 on ainutlaatuinen vaiheiden sarja, ja sinun pit\u00e4isi valita se, joka parhaiten sopii tietojen menetyksen tilanteeseesi.<\/p>\n<p>Muista, ett\u00e4 ehk\u00e4isy on paras strategia. S\u00e4\u00e4nn\u00f6lliset varmuuskopiot ja j\u00e4rjestelm\u00e4si terveyden yll\u00e4pit\u00e4minen voi s\u00e4\u00e4st\u00e4\u00e4 sinut palautuksen vaivalta. Lis\u00e4ksi varmista, ett\u00e4 tietosuojak\u00e4yt\u00e4nt\u00f6si ovat ajan tasalla tarjotakseen turvallisen ymp\u00e4rist\u00f6n digitaalisille omaisuuksillesi.<\/p>\n<\/div>\n<\/section>\n<p>T\u00e4m\u00e4 on vain k\u00e4\u00e4nn\u00f6srivi, ei teht\u00e4v\u00e4! Pelkk\u00e4 k\u00e4\u00e4nn\u00f6s. On t\u00e4rke\u00e4\u00e4 olla poistamatta tai lis\u00e4\u00e4m\u00e4tt\u00e4 HTML-tageja, \u00e4l\u00e4k\u00e4 lis\u00e4\u00e4 mit\u00e4\u00e4n omasta p\u00e4\u00e4st\u00e4si. T\u00e4rke\u00e4\u00e4 on olla lis\u00e4\u00e4m\u00e4tt\u00e4 kielen nime\u00e4. K\u00e4\u00e4nn\u00e4 rivi suomeksi. K\u00e4\u00e4nn\u00f6srivi:<\/p>\n","protected":false},"excerpt":{"rendered":"<p>Miten palauttaa poistetut tiedostot Windows 11:ss\u00e4 T\u00e4rkeiden tiedostojen vahingossa poistaminen on yleinen k\u00e4mmi, johon monet k\u00e4ytt\u00e4j\u00e4t t\u00f6rm\u00e4\u00e4v\u00e4t. Onneksi Windows 11 sis\u00e4lt\u00e4\u00e4 useita ominaisuuksia ja ty\u00f6kaluja, jotka auttavat palauttamaan n\u00e4m\u00e4 oleelliset tietoer\u00e4t. T\u00e4m\u00e4 artikkeli opastaa sinut Windows 11:n tiedostojen palautuksen kiemuroissa, k\u00e4ytt\u00e4en hyv\u00e4ksi sek\u00e4 sis\u00e4\u00e4nrakennettuja menetelmi\u00e4 ett\u00e4 ulkopuolisia ratkaisuja. Tavoitteena on tarjota kattava l\u00e4hestymistapa tiedostojen palauttamiseen, [&hellip;]<\/p>\n","protected":false},"author":0,"featured_media":39857,"parent":0,"menu_order":0,"comment_status":"closed","ping_status":"closed","template":"chromecast.php","meta":{"_stopmodifiedupdate":false,"_modified_date":"","_lmt_disableupdate":"","_lmt_disable":""},"acf":[],"yoast_head":"<!-- This site is optimized with the Yoast SEO plugin v20.9 - https:\/\/yoast.com\/wordpress\/plugins\/seo\/ -->\n<title>N\u00e4in palautat poistetut tiedostot Windows 11:ss\u00e4\u3010Parhaat menetelm\u00e4t\u3011<\/title>\n<meta name=\"robots\" content=\"index, follow, max-snippet:-1, max-image-preview:large, max-video-preview:-1\" \/>\n<link rel=\"canonical\" href=\"https:\/\/datarecovery.ping.fm\/fi\/recover-deleted-files-windows-11\/\" \/>\n<meta property=\"og:locale\" content=\"fi_FI\" \/>\n<meta property=\"og:type\" content=\"article\" \/>\n<meta property=\"og:title\" content=\"N\u00e4in palautat poistetut tiedostot Windows 11:ss\u00e4\u3010Parhaat menetelm\u00e4t\u3011\" \/>\n<meta property=\"og:description\" content=\"Miten palauttaa poistetut tiedostot Windows 11:ss\u00e4 T\u00e4rkeiden tiedostojen vahingossa poistaminen on yleinen k\u00e4mmi, johon monet k\u00e4ytt\u00e4j\u00e4t t\u00f6rm\u00e4\u00e4v\u00e4t. Onneksi Windows 11 sis\u00e4lt\u00e4\u00e4 useita ominaisuuksia ja ty\u00f6kaluja, jotka auttavat palauttamaan n\u00e4m\u00e4 oleelliset tietoer\u00e4t. T\u00e4m\u00e4 artikkeli opastaa sinut Windows 11:n tiedostojen palautuksen kiemuroissa, k\u00e4ytt\u00e4en hyv\u00e4ksi sek\u00e4 sis\u00e4\u00e4nrakennettuja menetelmi\u00e4 ett\u00e4 ulkopuolisia ratkaisuja. Tavoitteena on tarjota kattava l\u00e4hestymistapa tiedostojen palauttamiseen, [&hellip;]\" \/>\n<meta property=\"og:url\" content=\"https:\/\/datarecovery.ping.fm\/fi\/recover-deleted-files-windows-11\/\" \/>\n<meta property=\"og:site_name\" content=\"Data Recovery Software\" \/>\n<meta property=\"article:modified_time\" content=\"2024-04-15T12:20:37+00:00\" \/>\n<meta property=\"og:image\" content=\"https:\/\/datarecovery.ping.fm\/wp-content\/uploads\/2024\/04\/How-to-Recover-Deleted-Files-on-Windows-11-Finnish.jpg\" \/>\n\t<meta property=\"og:image:width\" content=\"1280\" \/>\n\t<meta property=\"og:image:height\" content=\"731\" \/>\n\t<meta property=\"og:image:type\" content=\"image\/jpeg\" \/>\n<meta name=\"twitter:card\" content=\"summary_large_image\" \/>\n<meta name=\"twitter:label1\" content=\"Est. reading time\" \/>\n\t<meta name=\"twitter:data1\" content=\"5 minuuttia\" \/>\n<script type=\"application\/ld+json\" class=\"yoast-schema-graph\">{\"@context\":\"https:\/\/schema.org\",\"@graph\":[{\"@type\":\"WebPage\",\"@id\":\"https:\/\/datarecovery.ping.fm\/fi\/recover-deleted-files-windows-11\/\",\"url\":\"https:\/\/datarecovery.ping.fm\/fi\/recover-deleted-files-windows-11\/\",\"name\":\"N\u00e4in palautat poistetut tiedostot Windows 11:ss\u00e4\u3010Parhaat menetelm\u00e4t\u3011\",\"isPartOf\":{\"@id\":\"https:\/\/datarecovery.ping.fm\/fi\/#website\"},\"datePublished\":\"2024-03-07T05:04:08+00:00\",\"dateModified\":\"2024-04-15T12:20:37+00:00\",\"breadcrumb\":{\"@id\":\"https:\/\/datarecovery.ping.fm\/fi\/recover-deleted-files-windows-11\/#breadcrumb\"},\"inLanguage\":\"fi\",\"potentialAction\":[{\"@type\":\"ReadAction\",\"target\":[\"https:\/\/datarecovery.ping.fm\/fi\/recover-deleted-files-windows-11\/\"]}]},{\"@type\":\"BreadcrumbList\",\"@id\":\"https:\/\/datarecovery.ping.fm\/fi\/recover-deleted-files-windows-11\/#breadcrumb\",\"itemListElement\":[{\"@type\":\"ListItem\",\"position\":1,\"name\":\"Home\",\"item\":\"https:\/\/datarecovery.ping.fm\/fi\/\"},{\"@type\":\"ListItem\",\"position\":2,\"name\":\"Kuinka palauttaa poistetut tiedostot Windows 11:ss\u00e4\"}]},{\"@type\":\"WebSite\",\"@id\":\"https:\/\/datarecovery.ping.fm\/fi\/#website\",\"url\":\"https:\/\/datarecovery.ping.fm\/fi\/\",\"name\":\"Data Recovery Software\",\"description\":\"\",\"potentialAction\":[{\"@type\":\"SearchAction\",\"target\":{\"@type\":\"EntryPoint\",\"urlTemplate\":\"https:\/\/datarecovery.ping.fm\/fi\/?s={search_term_string}\"},\"query-input\":\"required name=search_term_string\"}],\"inLanguage\":\"fi\"}]}<\/script>\n<!-- \/ Yoast SEO plugin. -->","yoast_head_json":{"title":"N\u00e4in palautat poistetut tiedostot Windows 11:ss\u00e4\u3010Parhaat menetelm\u00e4t\u3011","robots":{"index":"index","follow":"follow","max-snippet":"max-snippet:-1","max-image-preview":"max-image-preview:large","max-video-preview":"max-video-preview:-1"},"canonical":"https:\/\/datarecovery.ping.fm\/fi\/recover-deleted-files-windows-11\/","og_locale":"fi_FI","og_type":"article","og_title":"N\u00e4in palautat poistetut tiedostot Windows 11:ss\u00e4\u3010Parhaat menetelm\u00e4t\u3011","og_description":"Miten palauttaa poistetut tiedostot Windows 11:ss\u00e4 T\u00e4rkeiden tiedostojen vahingossa poistaminen on yleinen k\u00e4mmi, johon monet k\u00e4ytt\u00e4j\u00e4t t\u00f6rm\u00e4\u00e4v\u00e4t. Onneksi Windows 11 sis\u00e4lt\u00e4\u00e4 useita ominaisuuksia ja ty\u00f6kaluja, jotka auttavat palauttamaan n\u00e4m\u00e4 oleelliset tietoer\u00e4t. T\u00e4m\u00e4 artikkeli opastaa sinut Windows 11:n tiedostojen palautuksen kiemuroissa, k\u00e4ytt\u00e4en hyv\u00e4ksi sek\u00e4 sis\u00e4\u00e4nrakennettuja menetelmi\u00e4 ett\u00e4 ulkopuolisia ratkaisuja. Tavoitteena on tarjota kattava l\u00e4hestymistapa tiedostojen palauttamiseen, [&hellip;]","og_url":"https:\/\/datarecovery.ping.fm\/fi\/recover-deleted-files-windows-11\/","og_site_name":"Data Recovery Software","article_modified_time":"2024-04-15T12:20:37+00:00","og_image":[{"width":1280,"height":731,"url":"https:\/\/datarecovery.ping.fm\/wp-content\/uploads\/2024\/04\/How-to-Recover-Deleted-Files-on-Windows-11-Finnish.jpg","type":"image\/jpeg"}],"twitter_card":"summary_large_image","twitter_misc":{"Est. reading time":"5 minuuttia"},"schema":{"@context":"https:\/\/schema.org","@graph":[{"@type":"WebPage","@id":"https:\/\/datarecovery.ping.fm\/fi\/recover-deleted-files-windows-11\/","url":"https:\/\/datarecovery.ping.fm\/fi\/recover-deleted-files-windows-11\/","name":"N\u00e4in palautat poistetut tiedostot Windows 11:ss\u00e4\u3010Parhaat menetelm\u00e4t\u3011","isPartOf":{"@id":"https:\/\/datarecovery.ping.fm\/fi\/#website"},"datePublished":"2024-03-07T05:04:08+00:00","dateModified":"2024-04-15T12:20:37+00:00","breadcrumb":{"@id":"https:\/\/datarecovery.ping.fm\/fi\/recover-deleted-files-windows-11\/#breadcrumb"},"inLanguage":"fi","potentialAction":[{"@type":"ReadAction","target":["https:\/\/datarecovery.ping.fm\/fi\/recover-deleted-files-windows-11\/"]}]},{"@type":"BreadcrumbList","@id":"https:\/\/datarecovery.ping.fm\/fi\/recover-deleted-files-windows-11\/#breadcrumb","itemListElement":[{"@type":"ListItem","position":1,"name":"Home","item":"https:\/\/datarecovery.ping.fm\/fi\/"},{"@type":"ListItem","position":2,"name":"Kuinka palauttaa poistetut tiedostot Windows 11:ss\u00e4"}]},{"@type":"WebSite","@id":"https:\/\/datarecovery.ping.fm\/fi\/#website","url":"https:\/\/datarecovery.ping.fm\/fi\/","name":"Data Recovery Software","description":"","potentialAction":[{"@type":"SearchAction","target":{"@type":"EntryPoint","urlTemplate":"https:\/\/datarecovery.ping.fm\/fi\/?s={search_term_string}"},"query-input":"required name=search_term_string"}],"inLanguage":"fi"}]}},"_links":{"self":[{"href":"https:\/\/datarecovery.ping.fm\/fi\/wp-json\/wp\/v2\/pages\/39856"}],"collection":[{"href":"https:\/\/datarecovery.ping.fm\/fi\/wp-json\/wp\/v2\/pages"}],"about":[{"href":"https:\/\/datarecovery.ping.fm\/fi\/wp-json\/wp\/v2\/types\/page"}],"replies":[{"embeddable":true,"href":"https:\/\/datarecovery.ping.fm\/fi\/wp-json\/wp\/v2\/comments?post=39856"}],"version-history":[{"count":0,"href":"https:\/\/datarecovery.ping.fm\/fi\/wp-json\/wp\/v2\/pages\/39856\/revisions"}],"wp:featuredmedia":[{"embeddable":true,"href":"https:\/\/datarecovery.ping.fm\/fi\/wp-json\/wp\/v2\/media\/39857"}],"wp:attachment":[{"href":"https:\/\/datarecovery.ping.fm\/fi\/wp-json\/wp\/v2\/media?parent=39856"}],"curies":[{"name":"wp","href":"https:\/\/api.w.org\/{rel}","templated":true}]}}