{"id":39448,"date":"2024-01-22T21:14:41","date_gmt":"2024-01-22T21:14:41","guid":{"rendered":"https:\/\/www.ping.fm\/data-recovery-software\/best-android-cleaners\/"},"modified":"2024-04-09T17:15:11","modified_gmt":"2024-04-09T17:15:11","slug":"best-android-cleaners","status":"publish","type":"page","link":"https:\/\/datarecovery.ping.fm\/fi\/best-android-cleaners\/","title":{"rendered":"Paras ilmainen puhdistussovellus Android-puhelimille"},"content":{"rendered":"<section>\n<h1>Parhaat ILMAISET Android-puhelinten puhdistussovellukset<\/h1>\n<div class=\"inbrief\">\n<div>             <img src=\"https:\/\/www.ping.fm\/data-recovery-software\/wp-content\/uploads\/ai\/Best-FREE-Android-Phone-Cleaner-Apps-Finnish.jpg\" alt=\"Parhaat ILMAISET Android-puhelinten puhdistussovellukset\" title=\"Parhaat ILMAISET Android-puhelinten puhdistussovellukset\" width=\"1280\" height=\"720\">             <\/p>\n<p>Androidille saatavilla olevien lukemattomien sovellusten my\u00f6t\u00e4 \u00e4lypuhelimet voivat usein tukkiutua ylim\u00e4\u00e4r\u00e4isist\u00e4 tiedostoista ja taustaprosesseista. T\u00e4ss\u00e4 puhdistussovellukset tulevat k\u00e4teviksi avuksi vapauttamaan tilaa, parantamaan suorituskyky\u00e4 ja pident\u00e4m\u00e4\u00e4n akun kestoa. Alla jaan kokemukseni parhaista ilmaisista <b>Android-puhelinten puhdistussovelluksista<\/b>, jotka ovat merkitt\u00e4v\u00e4sti parantaneet laitteeni toiminnallisuutta.<\/p>\n<\/div>\n<\/div>\n<\/section>\n<section>\n<div class=\"medal\">\n<div>&#129351;<\/div>\n<\/div>\n<h2><a href=\"https:\/\/www.ccleaner.com\/ccleaner-android\" rel=\"nofollow noopener\" target=\"_blank\">CCleaner<\/a><\/h2>\n<p><img src=\"https:\/\/www.ping.fm\/data-recovery-software\/wp-content\/uploads\/ai\/https---www-ccleaner-com-ccleaner-androidFinnish.jpg\"><\/p>\n<p><b>CCleaner<\/b> Androidille on monipuolinen puhdistusty\u00f6kalu, jota olen usein k\u00e4ytt\u00e4nyt v\u00e4limuistin tyhjent\u00e4miseen, roskatiedostojen poistoon ja selaushistorian pyyhkimiseen. K\u00e4ytt\u00f6liittym\u00e4 on selke\u00e4, mik\u00e4 tekee rutiinihuolloista vaivatonta. Olen huomannut, ett\u00e4 sovellus tarjoaa my\u00f6s j\u00e4rjestelm\u00e4nvalvontaa, tarjoten oivalluksia laitteeni suorituskyvyst\u00e4.<\/p>\n<p><a href=\"https:\/\/www.ccleaner.com\/ccleaner-android\" rel=\"nofollow noopener\" target=\"_blank\" class=\"ofWSite\">Virallinen verkkosivusto<\/a><\/p>\n<h3 class=\"prosTitle\">Hyv\u00e4t puolet<\/h3>\n<ul class=\"listpc pros\">\n<li>K\u00e4ytt\u00e4j\u00e4yst\u00e4v\u00e4llinen k\u00e4ytt\u00f6liittym\u00e4<\/li>\n<li>Tehokas roskien puhdistus<\/li>\n<li>J\u00e4rjestelm\u00e4nvalvontaominaisuudet<\/li>\n<\/ul>\n<h3 class=\"consTitle\">Huonot puolet<\/h3>\n<ul class=\"listpc cons\">\n<li>Satunnaisia mainoksia ilmaisversiossa<\/li>\n<li>Joitkin edistyneet ominaisuudet ovat maksullisia<\/li>\n<\/ul>\n<\/section>\n<section>\n<div class=\"medal\">\n<div>&#129352;<\/div>\n<\/div>\n<h2><a href=\"https:\/\/www.avast.com\/en-us\/cleanup\" rel=\"nofollow noopener\" target=\"_blank\">Avast Cleanup &#038; Boost<\/a><\/h2>\n<p><img src=\"https:\/\/www.ping.fm\/data-recovery-software\/wp-content\/uploads\/ai\/https---www-avast-com-en-us-cleanupFinnish.jpg\"><\/p>\n<p>Kokemukseni <b>Avast Cleanup &#038; Boost<\/b>-sovelluksen kanssa on ollut p\u00e4\u00e4osin positiivinen laitteeni optimoinnissa. Se analysoi huolellisesti sovellusten tiedot ehdottaakseen poistettavia tarpeettomia tiedostoja. Lis\u00e4ksi se auttaa hallitsemaan sovelluksia tehokkaasti ja voi jopa parantaa akun asetuksia.<\/p>\n<p><a href=\"https:\/\/www.avast.com\/en-us\/cleanup\" rel=\"nofollow noopener\" target=\"_blank\" class=\"ofWSite\">Virallinen verkkosivusto<\/a><\/p>\n<h3 class=\"prosTitle\">Hyv\u00e4t puolet<\/h3>\n<ul class=\"listpc pros\">\n<li>Automaattinen puhdistustoiminto<\/li>\n<li>Akkuprofiilien mukauttaminen<\/li>\n<li>Turvallinen tarpeettomien tiedostojen siivous<\/li>\n<\/ul>\n<h3 class=\"consTitle\">Huonot puolet<\/h3>\n<ul class=\"listpc cons\">\n<li>Sis\u00e4lt\u00e4\u00e4 mainoksia<\/li>\n<li>Joitakin ominaisuuksia varten vaaditaan tilaus<\/li>\n<\/ul>\n<\/section>\n<section>\n<div class=\"medal\">\n<div>&#129353;<\/div>\n<\/div>\n<h2><a href=\"https:\/\/sdmaid.darken.eu\/\" rel=\"nofollow noopener\" target=\"_blank\">SD Maid<\/a><\/h2>\n<p><img src=\"https:\/\/www.ping.fm\/data-recovery-software\/wp-content\/uploads\/ai\/https---sdmaid-darken-eu-Finnish.jpg\"><\/p>\n<p><b>SD Maid<\/b> -sovellus erottuu edukseen sen tietokannan optimointiominaisuuksilla ja &#8217;Corpse Finder&#8217; -toiminnolla, joka etsii orpoja tiedostoja. T\u00e4m\u00e4n ty\u00f6kalun yksinkertaisuus yhdistettyn\u00e4 sen perusteellisiin puhdistuskykyihin on tehnyt Android-laitteeni tiedostoj\u00e4rjestelm\u00e4n siivoamisesta v\u00e4hemm\u00e4n vaivalloista ja enemm\u00e4n nopeaa, tyydytt\u00e4v\u00e4\u00e4 teht\u00e4v\u00e4\u00e4.<\/p>\n<p><a href=\"https:\/\/sdmaid.darken.eu\/\" rel=\"nofollow noopener\" target=\"_blank\" class=\"ofWSite\">Virallinen verkkosivusto<\/a><\/p>\n<h3 class=\"prosTitle\">Hyv\u00e4t puolet<\/h3>\n<ul class=\"listpc pros\">\n<li>Yksityiskohtainen tiedostoj\u00e4rjestelm\u00e4n puhdistus<\/li>\n<li>Hy\u00f6dyllinen &#8217;Corpse Finder&#8217; -ominaisuus<\/li>\n<li>Tietokannan optimointity\u00f6kalut<\/li>\n<\/ul>\n<h3 class=\"consTitle\">Huonot puolet<\/h3>\n<ul class=\"listpc cons\">\n<li>K\u00e4ytt\u00f6liittym\u00e4 voi olla hieman monimutkainen uusille k\u00e4ytt\u00e4jille<\/li>\n<li>Pro-ominaisuudet vaativat p\u00e4ivityksen<\/li>\n<\/ul>\n<\/section>\n<section>\n<div class=\"no-medal\">\n<div>4<\/div>\n<\/div>\n<h2>AVG Cleaner<\/h2>\n<p><b>AVG Cleaner<\/b> on ollut k\u00e4tev\u00e4, kun olen tarvinnut nopeasti tunnistaa ja siivota huonoja valokuvia ja k\u00e4ytt\u00e4m\u00e4tt\u00f6mi\u00e4 sovelluksia. Sen yhden napin analysointi- ja puhdistusprosessi ovat aikatehokkaita. Lis\u00e4ksi sen &#8217;App Uninstaller&#8217; suosittelee harvoin k\u00e4ytettyjen sovellusten poistamista, mik\u00e4 auttaa pit\u00e4m\u00e4\u00e4n laitteeni kevyen\u00e4.<\/p>\n<h3 class=\"prosTitle\">Hyv\u00e4t puolet<\/h3>\n<ul class=\"listpc pros\">\n<li>Yksinkertainen, yhden napin puhdistus<\/li>\n<li>\u00c4lyk\u00e4s valokuvien analysointi<\/li>\n<li>Sovellusten k\u00e4ytt\u00f6tilastot<\/li>\n<\/ul>\n<h3 class=\"consTitle\">Huonot puolet<\/h3>\n<ul class=\"listpc cons\">\n<li>Mainoksia ja kehotuksia muihin AVG-tuotteisiin<\/li>\n<li>Jotkin ominaisuudet on lukittu Pro-version taakse<\/li>\n<\/ul>\n<\/section>\n<section>\n<div class=\"no-medal\">\n<div>5<\/div>\n<\/div>\n<h2><a href=\"https:\/\/www.cleanmasterofficial.com\/\" rel=\"nofollow noopener\" target=\"_blank\">Clean Master<\/a><\/h2>\n<p><img src=\"https:\/\/www.ping.fm\/data-recovery-software\/wp-content\/uploads\/ai\/https---www-cleanmasterofficial-com-Finnish.jpg\"><\/p>\n<p>Olen ollut jatkuvasti vaikuttunut <b>Clean Masterin<\/b> kyvyst\u00e4 ei ainoastaan puhdistaa roskatiedostoja, vaan my\u00f6s tarjota antivirus-skannaus, mik\u00e4 varmistaa, ett\u00e4 laitteeni pysyy turvassa haittaohjelmilta. &#8217;AppLock&#8217;-ominaisuus antaa my\u00f6s lis\u00e4turvaa henkil\u00f6kohtaisille sovelluksilleni.<\/p>\n<p><a href=\"https:\/\/www.cleanmasterofficial.com\/\" rel=\"nofollow noopener\" target=\"_blank\" class=\"ofWSite\">Virallinen verkkosivusto<\/a><\/p>\n<h3 class=\"prosTitle\">Hyv\u00e4t puolet<\/h3>\n<ul class=\"listpc pros\">\n<li>Integroitu antivirus-skannaus<\/li>\n<li>&#8217;AppLock&#8217; yksityisyydensuojan varmistamiseksi<\/li>\n<li>Vaivaton k\u00e4ytt\u00f6liittym\u00e4<\/li>\n<\/ul>\n<h3 class=\"consTitle\">Huonot puolet<\/h3>\n<ul class=\"listpc cons\">\n<li>Mainosaltis<\/li>\n<li>Toisinaan merkitty ep\u00e4ilytt\u00e4v\u00e4ksi muiden turvasovellusten toimesta<\/li>\n<\/ul>\n<\/section>\n<section>\n<h2>Youtube-video katsottavaksi<\/h2>\n<div class=\"nonp iframe\"><iframe width=\"420\" height=\"315\" src=\"\/\/www.youtube.com\/embed\/Pwj4ONDi0hk\" frameborder=\"0\" allowfullscreen><\/iframe><\/div>\n<\/section>\n<section>\n<h2>Yhteenveto:<\/h2>\n<div class=\"nonp\">\n<p>Vaikka puhelimen puhdistussovellukset voivat parantaa merkitt\u00e4v\u00e4sti Android-puhelimesi toiminnallisuutta, on olemassa lis\u00e4toimenpiteit\u00e4, joilla voit <b>maksimoida laitteesi potentiaalin<\/b>. K\u00e4ytt\u00f6j\u00e4rjestelm\u00e4n ja sovellusten pit\u00e4minen ajan tasalla voi tarjota paitsi uusia ominaisuuksia, my\u00f6s t\u00e4rkeit\u00e4 turvap\u00e4ivityksi\u00e4. On my\u00f6s hy\u00f6dyllist\u00e4 hallita sovelluksiasi poistamalla ne, joita ei en\u00e4\u00e4 k\u00e4yt\u00e4, sek\u00e4 kytke\u00e4 tarpeeton esiasennettu ohjelmisto pois k\u00e4yt\u00f6st\u00e4 milloin se on mahdollista.<\/p>\n<p>Jos puhelimesi toimii jatkuvasti heikosti, harkitse tehdasasetusten palauttamista viimeisen\u00e4 keinona. Muista varmuuskopioida tietosi ennen t\u00e4m\u00e4n toimenpiteen tekemist\u00e4. Kattavan oppaan Android-laitteesi tietoturvan ja optimoinnin varmistamiseksi saatat l\u00f6yt\u00e4\u00e4 hy\u00f6dyllisen\u00e4 <a href=\"https:\/\/support.google.com\/android\" rel=\"nofollow noopener\" target=\"_blank\">Googlen Android-tukikeskuksesta<\/a>. Lis\u00e4ksi keskustelufoorumit, kuten <a href=\"https:\/\/forum.xda-developers.com\/\" rel=\"nofollow noopener\" target=\"_blank\">XDA Developers<\/a>, ovat tietopankki custom-ROMeista ja edistyneist\u00e4 muokkauksista harrastajille.<\/p>\n<\/div>\n<\/section>\n","protected":false},"excerpt":{"rendered":"<p>Parhaat ILMAISET Android-puhelinten puhdistussovellukset Androidille saatavilla olevien lukemattomien sovellusten my\u00f6t\u00e4 \u00e4lypuhelimet voivat usein tukkiutua ylim\u00e4\u00e4r\u00e4isist\u00e4 tiedostoista ja taustaprosesseista. T\u00e4ss\u00e4 puhdistussovellukset tulevat k\u00e4teviksi avuksi vapauttamaan tilaa, parantamaan suorituskyky\u00e4 ja pident\u00e4m\u00e4\u00e4n akun kestoa. Alla jaan kokemukseni parhaista ilmaisista Android-puhelinten puhdistussovelluksista, jotka ovat merkitt\u00e4v\u00e4sti parantaneet laitteeni toiminnallisuutta. &#129351; CCleaner CCleaner Androidille on monipuolinen puhdistusty\u00f6kalu, jota olen usein k\u00e4ytt\u00e4nyt [&hellip;]<\/p>\n","protected":false},"author":0,"featured_media":39449,"parent":0,"menu_order":0,"comment_status":"closed","ping_status":"closed","template":"chromecast.php","meta":{"_stopmodifiedupdate":false,"_modified_date":"","_lmt_disableupdate":"","_lmt_disable":""},"acf":[],"yoast_head":"<!-- This site is optimized with the Yoast SEO plugin v20.9 - https:\/\/yoast.com\/wordpress\/plugins\/seo\/ -->\n<title>2024:n parhaat ilmaiset puhdistussovellukset Android-puhelimille. Hy\u00f6dyt ja haitat!<\/title>\n<meta name=\"robots\" content=\"index, follow, max-snippet:-1, max-image-preview:large, max-video-preview:-1\" \/>\n<link rel=\"canonical\" href=\"https:\/\/datarecovery.ping.fm\/fi\/best-android-cleaners\/\" \/>\n<meta property=\"og:locale\" content=\"fi_FI\" \/>\n<meta property=\"og:type\" content=\"article\" \/>\n<meta property=\"og:title\" content=\"2024:n parhaat ilmaiset puhdistussovellukset Android-puhelimille. Hy\u00f6dyt ja haitat!\" \/>\n<meta property=\"og:description\" content=\"Parhaat ILMAISET Android-puhelinten puhdistussovellukset Androidille saatavilla olevien lukemattomien sovellusten my\u00f6t\u00e4 \u00e4lypuhelimet voivat usein tukkiutua ylim\u00e4\u00e4r\u00e4isist\u00e4 tiedostoista ja taustaprosesseista. T\u00e4ss\u00e4 puhdistussovellukset tulevat k\u00e4teviksi avuksi vapauttamaan tilaa, parantamaan suorituskyky\u00e4 ja pident\u00e4m\u00e4\u00e4n akun kestoa. Alla jaan kokemukseni parhaista ilmaisista Android-puhelinten puhdistussovelluksista, jotka ovat merkitt\u00e4v\u00e4sti parantaneet laitteeni toiminnallisuutta. &#129351; CCleaner CCleaner Androidille on monipuolinen puhdistusty\u00f6kalu, jota olen usein k\u00e4ytt\u00e4nyt [&hellip;]\" \/>\n<meta property=\"og:url\" content=\"https:\/\/datarecovery.ping.fm\/fi\/best-android-cleaners\/\" \/>\n<meta property=\"og:site_name\" content=\"Data Recovery Software\" \/>\n<meta property=\"article:modified_time\" content=\"2024-04-09T17:15:11+00:00\" \/>\n<meta property=\"og:image\" content=\"https:\/\/datarecovery.ping.fm\/wp-content\/uploads\/2024\/04\/Best-FREE-Android-Phone-Cleaner-Apps-Finnish.jpg\" \/>\n\t<meta property=\"og:image:width\" content=\"1280\" \/>\n\t<meta property=\"og:image:height\" content=\"731\" \/>\n\t<meta property=\"og:image:type\" content=\"image\/jpeg\" \/>\n<meta name=\"twitter:card\" content=\"summary_large_image\" \/>\n<meta name=\"twitter:label1\" content=\"Est. reading time\" \/>\n\t<meta name=\"twitter:data1\" content=\"2 minuuttia\" \/>\n<script type=\"application\/ld+json\" class=\"yoast-schema-graph\">{\"@context\":\"https:\/\/schema.org\",\"@graph\":[{\"@type\":\"WebPage\",\"@id\":\"https:\/\/datarecovery.ping.fm\/fi\/best-android-cleaners\/\",\"url\":\"https:\/\/datarecovery.ping.fm\/fi\/best-android-cleaners\/\",\"name\":\"2024:n parhaat ilmaiset puhdistussovellukset Android-puhelimille. Hy\u00f6dyt ja haitat!\",\"isPartOf\":{\"@id\":\"https:\/\/datarecovery.ping.fm\/fi\/#website\"},\"datePublished\":\"2024-01-22T21:14:41+00:00\",\"dateModified\":\"2024-04-09T17:15:11+00:00\",\"breadcrumb\":{\"@id\":\"https:\/\/datarecovery.ping.fm\/fi\/best-android-cleaners\/#breadcrumb\"},\"inLanguage\":\"fi\",\"potentialAction\":[{\"@type\":\"ReadAction\",\"target\":[\"https:\/\/datarecovery.ping.fm\/fi\/best-android-cleaners\/\"]}]},{\"@type\":\"BreadcrumbList\",\"@id\":\"https:\/\/datarecovery.ping.fm\/fi\/best-android-cleaners\/#breadcrumb\",\"itemListElement\":[{\"@type\":\"ListItem\",\"position\":1,\"name\":\"Home\",\"item\":\"https:\/\/datarecovery.ping.fm\/fi\/\"},{\"@type\":\"ListItem\",\"position\":2,\"name\":\"Paras ilmainen puhdistussovellus Android-puhelimille\"}]},{\"@type\":\"WebSite\",\"@id\":\"https:\/\/datarecovery.ping.fm\/fi\/#website\",\"url\":\"https:\/\/datarecovery.ping.fm\/fi\/\",\"name\":\"Data Recovery Software\",\"description\":\"\",\"potentialAction\":[{\"@type\":\"SearchAction\",\"target\":{\"@type\":\"EntryPoint\",\"urlTemplate\":\"https:\/\/datarecovery.ping.fm\/fi\/?s={search_term_string}\"},\"query-input\":\"required name=search_term_string\"}],\"inLanguage\":\"fi\"}]}<\/script>\n<!-- \/ Yoast SEO plugin. -->","yoast_head_json":{"title":"2024:n parhaat ilmaiset puhdistussovellukset Android-puhelimille. Hy\u00f6dyt ja haitat!","robots":{"index":"index","follow":"follow","max-snippet":"max-snippet:-1","max-image-preview":"max-image-preview:large","max-video-preview":"max-video-preview:-1"},"canonical":"https:\/\/datarecovery.ping.fm\/fi\/best-android-cleaners\/","og_locale":"fi_FI","og_type":"article","og_title":"2024:n parhaat ilmaiset puhdistussovellukset Android-puhelimille. Hy\u00f6dyt ja haitat!","og_description":"Parhaat ILMAISET Android-puhelinten puhdistussovellukset Androidille saatavilla olevien lukemattomien sovellusten my\u00f6t\u00e4 \u00e4lypuhelimet voivat usein tukkiutua ylim\u00e4\u00e4r\u00e4isist\u00e4 tiedostoista ja taustaprosesseista. T\u00e4ss\u00e4 puhdistussovellukset tulevat k\u00e4teviksi avuksi vapauttamaan tilaa, parantamaan suorituskyky\u00e4 ja pident\u00e4m\u00e4\u00e4n akun kestoa. Alla jaan kokemukseni parhaista ilmaisista Android-puhelinten puhdistussovelluksista, jotka ovat merkitt\u00e4v\u00e4sti parantaneet laitteeni toiminnallisuutta. &#129351; CCleaner CCleaner Androidille on monipuolinen puhdistusty\u00f6kalu, jota olen usein k\u00e4ytt\u00e4nyt [&hellip;]","og_url":"https:\/\/datarecovery.ping.fm\/fi\/best-android-cleaners\/","og_site_name":"Data Recovery Software","article_modified_time":"2024-04-09T17:15:11+00:00","og_image":[{"width":1280,"height":731,"url":"https:\/\/datarecovery.ping.fm\/wp-content\/uploads\/2024\/04\/Best-FREE-Android-Phone-Cleaner-Apps-Finnish.jpg","type":"image\/jpeg"}],"twitter_card":"summary_large_image","twitter_misc":{"Est. reading time":"2 minuuttia"},"schema":{"@context":"https:\/\/schema.org","@graph":[{"@type":"WebPage","@id":"https:\/\/datarecovery.ping.fm\/fi\/best-android-cleaners\/","url":"https:\/\/datarecovery.ping.fm\/fi\/best-android-cleaners\/","name":"2024:n parhaat ilmaiset puhdistussovellukset Android-puhelimille. Hy\u00f6dyt ja haitat!","isPartOf":{"@id":"https:\/\/datarecovery.ping.fm\/fi\/#website"},"datePublished":"2024-01-22T21:14:41+00:00","dateModified":"2024-04-09T17:15:11+00:00","breadcrumb":{"@id":"https:\/\/datarecovery.ping.fm\/fi\/best-android-cleaners\/#breadcrumb"},"inLanguage":"fi","potentialAction":[{"@type":"ReadAction","target":["https:\/\/datarecovery.ping.fm\/fi\/best-android-cleaners\/"]}]},{"@type":"BreadcrumbList","@id":"https:\/\/datarecovery.ping.fm\/fi\/best-android-cleaners\/#breadcrumb","itemListElement":[{"@type":"ListItem","position":1,"name":"Home","item":"https:\/\/datarecovery.ping.fm\/fi\/"},{"@type":"ListItem","position":2,"name":"Paras ilmainen puhdistussovellus Android-puhelimille"}]},{"@type":"WebSite","@id":"https:\/\/datarecovery.ping.fm\/fi\/#website","url":"https:\/\/datarecovery.ping.fm\/fi\/","name":"Data Recovery Software","description":"","potentialAction":[{"@type":"SearchAction","target":{"@type":"EntryPoint","urlTemplate":"https:\/\/datarecovery.ping.fm\/fi\/?s={search_term_string}"},"query-input":"required name=search_term_string"}],"inLanguage":"fi"}]}},"_links":{"self":[{"href":"https:\/\/datarecovery.ping.fm\/fi\/wp-json\/wp\/v2\/pages\/39448"}],"collection":[{"href":"https:\/\/datarecovery.ping.fm\/fi\/wp-json\/wp\/v2\/pages"}],"about":[{"href":"https:\/\/datarecovery.ping.fm\/fi\/wp-json\/wp\/v2\/types\/page"}],"replies":[{"embeddable":true,"href":"https:\/\/datarecovery.ping.fm\/fi\/wp-json\/wp\/v2\/comments?post=39448"}],"version-history":[{"count":0,"href":"https:\/\/datarecovery.ping.fm\/fi\/wp-json\/wp\/v2\/pages\/39448\/revisions"}],"wp:featuredmedia":[{"embeddable":true,"href":"https:\/\/datarecovery.ping.fm\/fi\/wp-json\/wp\/v2\/media\/39449"}],"wp:attachment":[{"href":"https:\/\/datarecovery.ping.fm\/fi\/wp-json\/wp\/v2\/media?parent=39448"}],"curies":[{"name":"wp","href":"https:\/\/api.w.org\/{rel}","templated":true}]}}