{"id":39019,"date":"2024-01-23T07:50:14","date_gmt":"2024-01-23T07:50:14","guid":{"rendered":"https:\/\/www.ping.fm\/data-recovery-software\/retrieve-deleted-text-messages-iphone\/"},"modified":"2024-04-09T14:13:15","modified_gmt":"2024-04-09T14:13:15","slug":"retrieve-deleted-text-messages-iphone","status":"publish","type":"page","link":"https:\/\/datarecovery.ping.fm\/fi\/retrieve-deleted-text-messages-iphone\/","title":{"rendered":"N\u00e4in palautat poistetut tekstiviestit iPhonesta"},"content":{"rendered":"<section>\n<h1>Kuinka palauttaa poistetut tekstiviestit iPhonesta<\/h1>\n<div class=\"inbrief\">\n<div>              <img decoding=\"async\" class=\"lazyload\"  srcset=\"data:image\/png;base64,iVBORw0KGgoAAAANSUhEUgAABLAAAAKkAQMAAAAqeFQ7AAAAA3NCSVQICAjb4U\/gAAAABlBMVEX\/\/\/\/\/\/\/9VfPVsAAAAAnRSTlMA\/1uRIrUAAAAJcEhZcwAACxIAAAsSAdLdfvwAAAAcdEVYdFNvZnR3YXJlAEFkb2JlIEZpcmV3b3JrcyBDUzbovLKMAAAAFnRFWHRDcmVhdGlvbiBUaW1lADAxLzI5LzE536V52wAAAHpJREFUeJztwQENAAAAwqD3T20ON6AAAAAAAAAAAAAAAAAAAAAAAAAAAAAAAAAAAAAAAAAAAAAAAAAAAAAAAAAAAAAAAAAAAAAAAAAAAAAAAAAAAAAAAAAAAAAAAAAAAAAAAAAAAAAAAAAAAAAAAAAAAAAAAAAAAIAHA47LAAHp9LjEAAAAAElFTkSuQmCC\" src=\"https:\/\/www.ping.fm\/data-recovery-software\/wp-content\/uploads\/ai\/How-to-Retrieve-Deleted-Text-Messages-from-an-iPhone-Finnish.jpg\" data-srcset=\"https:\/\/www.ping.fm\/data-recovery-software\/wp-content\/uploads\/ai\/How-to-Retrieve-Deleted-Text-Messages-from-an-iPhone-Finnish.jpg\" data-lazy-type=\"image\" data-original=\"https:\/\/www.ping.fm\/data-recovery-software\/wp-content\/uploads\/ai\/How-to-Retrieve-Deleted-Text-Messages-from-an-iPhone-Finnish.jpg\" alt=\"Kuinka palauttaa poistetut tekstiviestit iPhonesta\" title=\"Kuinka palauttaa poistetut tekstiviestit iPhonesta\" width=\"1280\" height=\"720\">              <\/p>\n<p>Oletko koskaan vahingossa poistanut t\u00e4rke\u00e4n tekstiviestin iPhonesta ja toivonut, ett\u00e4 voisit palauttaa sen? Se on tilanne, joka voi aiheuttaa melko paljon stressi\u00e4, varsinkin jos viesti sis\u00e4lsi arvokasta tietoa. Onneksi on olemassa useita menetelmi\u00e4 yritt\u00e4\u00e4 <b>palauttaa<\/b> nuo kadonneet viestit. Olitpa sitten k\u00e4ytt\u00e4m\u00e4ss\u00e4 iPhone 14:\u00e4\u00e4, vanhempaa mallia tai iOS:n viimeisint\u00e4 p\u00e4ivityst\u00e4, poistettujen tekstiviestien palauttaminen voi olla yksinkertainen prosessi&#8212;jos toimit nopeasti ja noudatat oikeita vaiheita. T\u00e4ss\u00e4 artikkelissa jaan henkil\u00f6kohtaisen kokemukseni ja opastan sinua l\u00e4pi eri menetelmien <b>palauttaa poistetut tekstiviestit<\/b> iPhonesta ja autan varmistamaan, ett\u00e4 olet valmistautunut t\u00e4llaiseen tapahtumaan.<\/p>\n<\/div>\n<\/div>\n<\/section>\n<section>\n<div>\n<div>1<\/div>\n<h2>Yleiset tilanteet:<\/h2>\n<\/div>\n<h3>Vahingossa tapahtunut pyyhk\u00e4isy &#128561;<\/h3>\n<ul>\n<li><b>Paina-ja-pid\u00e4<\/b> meni pieleen: Joskus viestin kopiointia tai v\u00e4litt\u00e4mist\u00e4 yritt\u00e4ess\u00e4, v\u00e4\u00e4r\u00e4 napautus voi johtaa tahattomaan poistamiseen.<\/li>\n<li>Liian innokas <b>siivoaminen<\/b>: Declutterointi-innossasi saatat olla poistanut keskusteluita, joissa oli viestej\u00e4, joita et tarkoittanut h\u00e4vitt\u00e4\u00e4.<\/li>\n<li>Lapset puhelimellasi: Jos olet koskaan antanut puhelimesi lapselle viihteen vuoksi, olet todenn\u00e4k\u00f6isesti kokenut yll\u00e4tyksen h\u00e4vinneist\u00e4 appeista tai t\u00e4ss\u00e4 tapauksessa <b>poistetuista tekstiviesteist\u00e4<\/b>.<\/li>\n<\/ul>\n<h3>P\u00e4ivityksen ylikuormitus &#128260;<\/h3>\n<ul>\n<li>Ohjelmistovirheet: P\u00e4ivityksen j\u00e4lkeen jotkut k\u00e4ytt\u00e4j\u00e4t ilmoittavat kadonneesta datasta, mukaan lukien <b>tekstiviestit<\/b>, mahdollisten j\u00e4rjestelm\u00e4<b>virheiden<\/b> takia.<\/li>\n<li>iOS <b>p\u00e4ivitysep\u00e4onnistumiset<\/b>: Joskus p\u00e4ivitys ei suju suunnitellusti, mik\u00e4 johtaa tietojen menetykseen prosessin aikana.<\/li>\n<li>Virheelliset <b>palautukset<\/b>: iPhone-puhelimen palauttaminen vanhasta varmuuskopiosta voi johtaa siihen, ett\u00e4 nykyiset viestit korvautuvat vanhemmilla.<\/li>\n<\/ul>\n<h3>Tekniset ongelmat &#128736;<\/h3>\n<ul>\n<li>iPhone-h\u00e4iri\u00f6: Odottamattomat kaatumiset tai laitteiston ongelmat voivat johtaa odottamattomaan tietojen menetykseen, mukaan lukien <b>viestisi<\/b>.<\/li>\n<li>Ep\u00e4onnistuneet vankilanmurtamisyritykset: Jailbreaking voi tarjota enemm\u00e4n hallintaa laitteellesi, mutta se tulee riskill\u00e4 menett\u00e4\u00e4 tietoja, jos se tehd\u00e4\u00e4n v\u00e4\u00e4rin.<\/li>\n<li>Vesivahinko: iPhonet ovat tunnettuja niiden vastustuskyvyst\u00e4 vett\u00e4 kohtaan, mutta onnettomuuksia tapahtuu, ja nestevahinko voi olla syy <b>menetettyihin tekstiviesteihin<\/b>.<\/li>\n<\/ul>\n<\/section>\n<section class=\"stepByStep\">\n<div>\n<div>2<\/div>\n<h2>Vaihe vaiheelta opas. Poistettujen tekstiviestien palauttaminen iPhoneen:<\/h2>\n<\/div>\n<h3>Menetelm\u00e4 1: iCloud-palautus &#128242;<\/h3>\n<ul>\n<li>Siirry iPhonessa kohtaan <strong><i>Asetukset<\/i><\/strong> > napauta yl\u00e4laidassa olevaa <b>Apple ID -banneria<\/b> > valitse <i><b>iCloud<\/b><\/i> > Hallinnoi tallennustilaa > <b>Varmuuskopiot<\/b>.<\/li>\n<li>Tarkista, onko saatavilla varmuuskopiota, joka on tehty ennen tekstiviestiesi poistamista.<\/li>\n<li>Jos sopiva varmuuskopio on saatavilla, palaa takaisin p\u00e4\u00e4asetussivulle, napauta <i><b>Yleiset<\/b><\/i> > vierit\u00e4 alas ja valitse <b>Nollaa<\/b> > valitse sitten <i><b>Poista kaikki sis\u00e4lt\u00f6 ja asetukset<\/b><\/i> tehd\u00e4ksesi iPhone-puhelimesta tehdasasetukset.<\/li>\n<li>Sinun on asetettava iPhone uudelleen kuin se olisi uusi laite. Kun saavutat <b>Sovellukset ja tiedot<\/b>-n\u00e4yt\u00f6n, valitse <i><b>Palauta iCloudin varmuuskopiosta<\/b><\/i>, kirjaudu iCloudiin ja valitse varmuuskopio, joka sis\u00e4lt\u00e4\u00e4 <b>poistetut viestisi<\/b>.<\/li>\n<\/ul>\n<p><b>Huom:<\/b> T\u00e4m\u00e4 prosessi korvaa laitteella olevat nykyiset tiedot varmuuskopiosta tulevilla tiedoilla. Varmista, ett\u00e4 olet varmuuskopioinut kaikki \u00e4skett\u00e4iset tiedot, jotka haluat s\u00e4ilytt\u00e4\u00e4 ennen jatkamista.<\/p>\n<p><b>Johtop\u00e4\u00e4t\u00f6s:<\/b> Jos varmuuskopio sis\u00e4lt\u00e4\u00e4 etsim\u00e4si tekstiviestit, ne pit\u00e4isi nyt olla palautettu iPhoneen.<\/p>\n<h3>Menetelm\u00e4 2: iTunes\/Finder-palautus &#128187;<\/h3>\n<ul>\n<li>Yhdist\u00e4 iPhone tietokoneeseesi ja avaa <i><b>iTunes<\/b><\/i> (Windowsissa tai vanhemmissa macOS-versioissa) tai <i><b>Finder<\/b><\/i> (macOS Catalinassa tai my\u00f6hemmin).<\/li>\n<li>Valitse iPhone, kun se ilmestyy iTunesissa tai Finderissa.<\/li>\n<li>Napsauta <i>Palauta varmuuskopio<\/i> ja valitse sopivin varmuuskopio p\u00e4iv\u00e4m\u00e4\u00e4r\u00e4n ja koon perusteella.<\/li>\n<li>Napsauta <b>Palauta<\/b> ja odota prosessin p\u00e4\u00e4ttymist\u00e4 ennen kuin irrotat puhelinta.<\/li>\n<\/ul>\n<p><b>Huom:<\/b> Palauttaminen iTunesin tai Finderin kautta korvaa iPhonessasi olevat nykyiset tiedot, joten varmista, ett\u00e4 varmuuskopioit tarvitsemasi \u00e4skett\u00e4iset tiedot.<\/p>\n<p><b>Johtop\u00e4\u00e4t\u00f6s:<\/b> T\u00e4m\u00e4 menetelm\u00e4 palauttaa kaikki valitun varmuuskopion sis\u00e4lt\u00e4m\u00e4t tiedot, mukaan lukien <b>poistetut tekstiviestit<\/b>, jos ne olivat osa varmuuskopiota.<\/p>\n<h3>Menetelm\u00e4 3: Kolmannen osapuolen ohjelmiston k\u00e4ytt\u00f6 &#128190;<\/h3>\n<ul>\n<li>Lataa ja asenna luotettava kolmannen osapuolen ohjelmistosovellus, kuten <i><b>PhoneRescue<\/b><\/i> tai <i><b>Disk Drill<\/b><\/i>.<\/li>\n<li>Yhdist\u00e4 iPhone tietokoneeseesi ja k\u00e4ynnist\u00e4 ohjelmisto.<\/li>\n<li>Valitse vaihtoehto <b>Palauta iOS-laitteesta<\/b> ja anna ohjelmiston skannata iPhoneesi.<\/li>\n<li>Kun skannaus on valmis, tarkista palautetut tiedot <b>poistettujen tekstiviestien<\/b> osalta ja valitse ne palautettavaksi.<\/li>\n<li>Valitse palauttaako viestit iPhoneen vai tietokoneelle, ohjelmiston tarjoamien vaihtoehtojen mukaan.<\/li>\n<\/ul>\n<p><b>Huom:<\/b> Kolmannen osapuolen palautusty\u00f6kalut eiv\u00e4t v\u00e4ltt\u00e4m\u00e4tt\u00e4 aina onnistu, varsinkin jos tiedot on ylikirjoitettu. Ne voivat my\u00f6s olla kalliita.<\/p>\n<p><b>Johtop\u00e4\u00e4t\u00f6s:<\/b> Kolmannen osapuolen palautusohjelmiston k\u00e4ytt\u00f6 tarjoaa mahdollisen ratkaisun, joka ei vaadi aiempaa varmuuskopiota, mutta menestymiselle ei ole takeita.<\/p>\n<h3>Menetelm\u00e4 4: Ota yhteytt\u00e4 operaattoriisi &#128222;<\/h3>\n<ul>\n<li>Ota yhteytt\u00e4 matkapuhelinoperaattoriisi tiedustellaksesi, s\u00e4ilytt\u00e4v\u00e4tk\u00f6 he kopion tekstiviesteist\u00e4si.<\/li>\n<li>Jos saatavilla, noudata heid\u00e4n prosessiaan p\u00e4\u00e4st\u00e4ksesi k\u00e4siksi viesteihin. T\u00e4m\u00e4 voi vaatia kirjautumista <i><b>verkko-tilillesi<\/b><\/i> tai muodollisen pyynn\u00f6n esitt\u00e4mist\u00e4.<\/li>\n<\/ul>\n<p><b>Huom:<\/b> Useimmat operaattorit eiv\u00e4t s\u00e4ilyt\u00e4 tekstiviestien sis\u00e4lt\u00f6\u00e4, ja yleens\u00e4 tallentavat vain metadataa, kuten p\u00e4iv\u00e4m\u00e4\u00e4r\u00e4n, ajan ja vastaanottajan puhelinnumerot.<\/p>\n<p><b>Johtop\u00e4\u00e4t\u00f6s:<\/b> Vaikka se onkin kaukainen mahdollisuus, operaattorin tarkistaminen voisi tarjota keinon palauttaa <b>poistetut viestisi<\/b>, jos ne liittyv\u00e4t juridisiin tai liiketoimintakysymyksiin.<\/p>\n<h3>Menetelm\u00e4 5: Tarkista muut laitteet &#128421;<\/h3>\n<ul>\n<li>Jos sinulla on muita Apple-laitteita, jotka ovat kirjautuneet samalla <i><b>iCloud-tilill\u00e4<\/b><\/i>, avaa Viestit-sovellus noilla laitteilla n\u00e4hd\u00e4ksesi, ovatko <b>poistetut viestit<\/b> yh\u00e4 siell\u00e4.<\/li>\n<li>Jos l\u00f6yd\u00e4t ne, voit l\u00e4hett\u00e4\u00e4 tekstin s\u00e4hk\u00f6postitse tai ottaa kuvakaappauksia tietojen <b>s\u00e4ilytt\u00e4miseksi<\/b>.<\/li>\n<\/ul>\n<p><b>Huom:<\/b> T\u00e4m\u00e4 menetelm\u00e4 toimii vain, jos viestej\u00e4 ei ole poistettu muista laitteista ja ett\u00e4 viestisi on asetettu synkronoitumaan laitteidesi v\u00e4lill\u00e4.<\/p>\n<p><b>Johtop\u00e4\u00e4t\u00f6s:<\/b> T\u00e4m\u00e4 vaivaton menetelm\u00e4 voi pelastaa poistetut viestisi, jos ne ovat edelleen olemassa muissa Apple-ekosysteemin laitteissa.<\/p>\n<\/section>\n<section>\n<div>\n<div>3<\/div>\n<h2>Katsottava Youtube-video<\/h2>\n<\/div>\n<div class=\"iframe\"><span class=\"lazyload\" data-original_content=\"PGlmcmFtZSB3aWR0aD0iNDIwIiBoZWlnaHQ9IjMxNSIgc3JjPSIvL3d3dy55b3V0dWJlLmNvbS9lbWJlZC84WF80bHdPMUZjMCIgZnJhbWVib3JkZXI9IjAiIGFsbG93ZnVsbHNjcmVlbj48L2lmcmFtZT4=\"><\/span><\/div>\n<\/section>\n<p>&#13;                          <\/p>\n<section>\n<div>\n<div>4<\/div>\n<h2>Varotoimet ja vinkit:<\/h2>\n<\/div>\n<h3>Tietojesi suojaaminen &#128737;<\/h3>\n<ul>\n<li>Tee s\u00e4\u00e4nn\u00f6llisesti varmuuskopioita iPhonesta <b>iCloudiin<\/b> tai tietokoneellesi s\u00e4ilytt\u00e4\u00e4ksesi viestisi ja muut tietosi.<\/li>\n<li>Ota k\u00e4ytt\u00f6\u00f6n <b>iMessage-synkronointi<\/b> kaikissa Apple-laitteissasi, jotta viestit pysyv\u00e4t ajan tasalla ja niihin p\u00e4\u00e4see k\u00e4siksi useammasta laitteesta.<\/li>\n<li>Tarkastele viestint\u00e4tapojasi ja tallenna tai arkistoi s\u00e4\u00e4nn\u00f6llisesti t\u00e4rke\u00e4t tiedot tekstiviestien ulkopuolelle.<\/li>\n<\/ul>\n<h3>Kyberturvatoimenpiteet &#128274;<\/h3>\n<ul>\n<li>Varo kolmansien osapuolien palautusty\u00f6kaluja. Valitse aina ohjelmisto, jolla on vahva maine, ja lue muiden k\u00e4ytt\u00e4jien arvosteluja.<\/li>\n<li>Harkitse p\u00e4\u00e4st\u00e4-p\u00e4\u00e4h\u00e4n -salattujen viestisovellusten k\u00e4ytt\u00e4mist\u00e4 arkaluonteiseen viestint\u00e4\u00e4n, jotta voit varmistaa paremman turvallisuuden ja yksityisyyden.<\/li>\n<li>Pid\u00e4 iPhonen k\u00e4ytt\u00f6j\u00e4rjestelm\u00e4 p\u00e4ivitettyn\u00e4 suojautuaksesi haavoittuvuuksilta, jotka voivat johtaa tietojen katoamiseen.<\/li>\n<\/ul>\n<\/section>\n<p>&#13;                          <\/p>\n<section>\n<div>\n<div>5<\/div>\n<h2>Viestien palauttaminen<\/h2>\n<\/div>\n<p> Digiaikakaudella tekstiviestimme sis\u00e4lt\u00e4v\u00e4t usein olennaista kommunikaatiota, henkil\u00f6kohtaisia muistoja ja joskus kriittist\u00e4 todistusaineistoa oikeudellisissa asioissa. Viestien menett\u00e4minen voi olla huolestuttavaa, mutta kaikki toivo ei ole menetetty. Aiemmin mainittujen menetelmien lis\u00e4ksi on hy\u00f6dyllist\u00e4 pit\u00e4\u00e4 mieless\u00e4 muita keinoja ja ty\u00f6kaluja, jotka voivat auttaa tietojen palauttamisessa. Esimerkiksi tarkistamalla mahdolliset olemassa olevat <b>viestiketjut<\/b> s\u00e4hk\u00f6postitileill\u00e4, jonne olet voinut edelleenl\u00e4hett\u00e4\u00e4 t\u00e4rkeit\u00e4 tekstej\u00e4 tai hy\u00f6dynt\u00e4m\u00e4ll\u00e4 pilvitallennusvaihtoehtoja kuten <i><b>Dropbox<\/b><\/i> tai <i><b>Google Drive<\/b><\/i>, joihin olet saattanut tallentaa varmuuskopioita tiedoistasi.<\/p>\n<p>Saatat mietti\u00e4, millaiset mahdollisuudet ovat onnistuneesti poistettujen tekstiviestien palauttamiseen. Mahdollisuudet ovat parhaimmat, jos poisto on tapahtunut \u00e4skett\u00e4in etk\u00e4 ole k\u00e4ytt\u00e4nyt iPhoneasi laajalti sen j\u00e4lkeen. T\u00e4m\u00e4 johtuu siit\u00e4, ett\u00e4 kun k\u00e4yt\u00e4t puhelintasi, uutta tietoa kirjoitetaan jatkuvasti vanhan p\u00e4\u00e4lle, mik\u00e4 mahdollisesti tekee poistetut viestit palautumattomiksi. Avain on toimia nopeasti huomatessasi, ett\u00e4 viesti puuttuu.<\/p>\n<p>Muista olla ennakoiva tietojesi suhteen.<\/p>\n<\/section>\n<section>\n<h2>Yhteenveto:<\/h2>\n<div class=\"nonp\">\n<p>Yhteenvetona voidaan sanoa, ettei tekstiviestien vahingossa poistaminen iPhonesta tarkoita, ett\u00e4 ne olisivat menneet ikuisesti. Noudattamalla oikeita toimenpiteit\u00e4 ja k\u00e4ytt\u00e4m\u00e4ll\u00e4 yll\u00e4 kuvattuja menetelmi\u00e4, voit usein <b>palauttaa tekstiviestej\u00e4<\/b>, joita luulit menett\u00e4neesi. Kuitenkin, kaikkein kriittisin askel tietojen palauttamiseen on valmistautuminen: s\u00e4\u00e4nn\u00f6llinen iPhonen varmuuskopiointi ja palautusprosessien ymm\u00e4rt\u00e4minen ennen kuin tarvitset niit\u00e4. Ja muista, ep\u00e4varmoissa tilanteissa konsultoi ammattilaista tai tutki, mit\u00e4 matkapuhelinoperaattorisi voisi tarjota. Kadonneet viestit saattavat olla vain pieni\u00e4 h\u00e4iri\u00f6it\u00e4 digitaalisessa el\u00e4m\u00e4ss\u00e4si, eiv\u00e4t suinkaan t\u00e4yspys\u00e4hdys.<\/p>\n<\/div>\n<\/section>\n","protected":false},"excerpt":{"rendered":"<p>Kuinka palauttaa poistetut tekstiviestit iPhonesta Oletko koskaan vahingossa poistanut t\u00e4rke\u00e4n tekstiviestin iPhonesta ja toivonut, ett\u00e4 voisit palauttaa sen? Se on tilanne, joka voi aiheuttaa melko paljon stressi\u00e4, varsinkin jos viesti sis\u00e4lsi arvokasta tietoa. Onneksi on olemassa useita menetelmi\u00e4 yritt\u00e4\u00e4 palauttaa nuo kadonneet viestit. Olitpa sitten k\u00e4ytt\u00e4m\u00e4ss\u00e4 iPhone 14:\u00e4\u00e4, vanhempaa mallia tai iOS:n viimeisint\u00e4 p\u00e4ivityst\u00e4, poistettujen [&hellip;]<\/p>\n","protected":false},"author":0,"featured_media":39020,"parent":0,"menu_order":0,"comment_status":"closed","ping_status":"closed","template":"chromecast.php","meta":{"_stopmodifiedupdate":false,"_modified_date":"","_lmt_disableupdate":"","_lmt_disable":""},"acf":[],"yoast_head":"<!-- This site is optimized with the Yoast SEO plugin v20.9 - https:\/\/yoast.com\/wordpress\/plugins\/seo\/ -->\n<title>N\u00e4in palautat poistetut tekstiviestit iPhonesta [Opas]<\/title>\n<meta name=\"robots\" content=\"index, follow, max-snippet:-1, max-image-preview:large, max-video-preview:-1\" \/>\n<link rel=\"canonical\" href=\"https:\/\/datarecovery.ping.fm\/fi\/retrieve-deleted-text-messages-iphone\/\" \/>\n<meta property=\"og:locale\" content=\"fi_FI\" \/>\n<meta property=\"og:type\" content=\"article\" \/>\n<meta property=\"og:title\" content=\"N\u00e4in palautat poistetut tekstiviestit iPhonesta [Opas]\" \/>\n<meta property=\"og:description\" content=\"Kuinka palauttaa poistetut tekstiviestit iPhonesta Oletko koskaan vahingossa poistanut t\u00e4rke\u00e4n tekstiviestin iPhonesta ja toivonut, ett\u00e4 voisit palauttaa sen? Se on tilanne, joka voi aiheuttaa melko paljon stressi\u00e4, varsinkin jos viesti sis\u00e4lsi arvokasta tietoa. Onneksi on olemassa useita menetelmi\u00e4 yritt\u00e4\u00e4 palauttaa nuo kadonneet viestit. Olitpa sitten k\u00e4ytt\u00e4m\u00e4ss\u00e4 iPhone 14:\u00e4\u00e4, vanhempaa mallia tai iOS:n viimeisint\u00e4 p\u00e4ivityst\u00e4, poistettujen [&hellip;]\" \/>\n<meta property=\"og:url\" content=\"https:\/\/datarecovery.ping.fm\/fi\/retrieve-deleted-text-messages-iphone\/\" \/>\n<meta property=\"og:site_name\" content=\"Data Recovery Software\" \/>\n<meta property=\"article:modified_time\" content=\"2024-04-09T14:13:15+00:00\" \/>\n<meta property=\"og:image\" content=\"https:\/\/datarecovery.ping.fm\/wp-content\/uploads\/2024\/04\/How-to-Retrieve-Deleted-Text-Messages-from-an-iPhone-Finnish.jpg\" \/>\n\t<meta property=\"og:image:width\" content=\"1280\" \/>\n\t<meta property=\"og:image:height\" content=\"731\" \/>\n\t<meta property=\"og:image:type\" content=\"image\/jpeg\" \/>\n<meta name=\"twitter:card\" content=\"summary_large_image\" \/>\n<meta name=\"twitter:label1\" content=\"Est. reading time\" \/>\n\t<meta name=\"twitter:data1\" content=\"6 minuuttia\" \/>\n<script type=\"application\/ld+json\" class=\"yoast-schema-graph\">{\"@context\":\"https:\/\/schema.org\",\"@graph\":[{\"@type\":\"WebPage\",\"@id\":\"https:\/\/datarecovery.ping.fm\/fi\/retrieve-deleted-text-messages-iphone\/\",\"url\":\"https:\/\/datarecovery.ping.fm\/fi\/retrieve-deleted-text-messages-iphone\/\",\"name\":\"N\u00e4in palautat poistetut tekstiviestit iPhonesta [Opas]\",\"isPartOf\":{\"@id\":\"https:\/\/datarecovery.ping.fm\/fi\/#website\"},\"datePublished\":\"2024-01-23T07:50:14+00:00\",\"dateModified\":\"2024-04-09T14:13:15+00:00\",\"breadcrumb\":{\"@id\":\"https:\/\/datarecovery.ping.fm\/fi\/retrieve-deleted-text-messages-iphone\/#breadcrumb\"},\"inLanguage\":\"fi\",\"potentialAction\":[{\"@type\":\"ReadAction\",\"target\":[\"https:\/\/datarecovery.ping.fm\/fi\/retrieve-deleted-text-messages-iphone\/\"]}]},{\"@type\":\"BreadcrumbList\",\"@id\":\"https:\/\/datarecovery.ping.fm\/fi\/retrieve-deleted-text-messages-iphone\/#breadcrumb\",\"itemListElement\":[{\"@type\":\"ListItem\",\"position\":1,\"name\":\"Home\",\"item\":\"https:\/\/datarecovery.ping.fm\/fi\/\"},{\"@type\":\"ListItem\",\"position\":2,\"name\":\"N\u00e4in palautat poistetut tekstiviestit iPhonesta\"}]},{\"@type\":\"WebSite\",\"@id\":\"https:\/\/datarecovery.ping.fm\/fi\/#website\",\"url\":\"https:\/\/datarecovery.ping.fm\/fi\/\",\"name\":\"Data Recovery Software\",\"description\":\"\",\"potentialAction\":[{\"@type\":\"SearchAction\",\"target\":{\"@type\":\"EntryPoint\",\"urlTemplate\":\"https:\/\/datarecovery.ping.fm\/fi\/?s={search_term_string}\"},\"query-input\":\"required name=search_term_string\"}],\"inLanguage\":\"fi\"}]}<\/script>\n<!-- \/ Yoast SEO plugin. -->","yoast_head_json":{"title":"N\u00e4in palautat poistetut tekstiviestit iPhonesta [Opas]","robots":{"index":"index","follow":"follow","max-snippet":"max-snippet:-1","max-image-preview":"max-image-preview:large","max-video-preview":"max-video-preview:-1"},"canonical":"https:\/\/datarecovery.ping.fm\/fi\/retrieve-deleted-text-messages-iphone\/","og_locale":"fi_FI","og_type":"article","og_title":"N\u00e4in palautat poistetut tekstiviestit iPhonesta [Opas]","og_description":"Kuinka palauttaa poistetut tekstiviestit iPhonesta Oletko koskaan vahingossa poistanut t\u00e4rke\u00e4n tekstiviestin iPhonesta ja toivonut, ett\u00e4 voisit palauttaa sen? Se on tilanne, joka voi aiheuttaa melko paljon stressi\u00e4, varsinkin jos viesti sis\u00e4lsi arvokasta tietoa. Onneksi on olemassa useita menetelmi\u00e4 yritt\u00e4\u00e4 palauttaa nuo kadonneet viestit. Olitpa sitten k\u00e4ytt\u00e4m\u00e4ss\u00e4 iPhone 14:\u00e4\u00e4, vanhempaa mallia tai iOS:n viimeisint\u00e4 p\u00e4ivityst\u00e4, poistettujen [&hellip;]","og_url":"https:\/\/datarecovery.ping.fm\/fi\/retrieve-deleted-text-messages-iphone\/","og_site_name":"Data Recovery Software","article_modified_time":"2024-04-09T14:13:15+00:00","og_image":[{"width":1280,"height":731,"url":"https:\/\/datarecovery.ping.fm\/wp-content\/uploads\/2024\/04\/How-to-Retrieve-Deleted-Text-Messages-from-an-iPhone-Finnish.jpg","type":"image\/jpeg"}],"twitter_card":"summary_large_image","twitter_misc":{"Est. reading time":"6 minuuttia"},"schema":{"@context":"https:\/\/schema.org","@graph":[{"@type":"WebPage","@id":"https:\/\/datarecovery.ping.fm\/fi\/retrieve-deleted-text-messages-iphone\/","url":"https:\/\/datarecovery.ping.fm\/fi\/retrieve-deleted-text-messages-iphone\/","name":"N\u00e4in palautat poistetut tekstiviestit iPhonesta [Opas]","isPartOf":{"@id":"https:\/\/datarecovery.ping.fm\/fi\/#website"},"datePublished":"2024-01-23T07:50:14+00:00","dateModified":"2024-04-09T14:13:15+00:00","breadcrumb":{"@id":"https:\/\/datarecovery.ping.fm\/fi\/retrieve-deleted-text-messages-iphone\/#breadcrumb"},"inLanguage":"fi","potentialAction":[{"@type":"ReadAction","target":["https:\/\/datarecovery.ping.fm\/fi\/retrieve-deleted-text-messages-iphone\/"]}]},{"@type":"BreadcrumbList","@id":"https:\/\/datarecovery.ping.fm\/fi\/retrieve-deleted-text-messages-iphone\/#breadcrumb","itemListElement":[{"@type":"ListItem","position":1,"name":"Home","item":"https:\/\/datarecovery.ping.fm\/fi\/"},{"@type":"ListItem","position":2,"name":"N\u00e4in palautat poistetut tekstiviestit iPhonesta"}]},{"@type":"WebSite","@id":"https:\/\/datarecovery.ping.fm\/fi\/#website","url":"https:\/\/datarecovery.ping.fm\/fi\/","name":"Data Recovery Software","description":"","potentialAction":[{"@type":"SearchAction","target":{"@type":"EntryPoint","urlTemplate":"https:\/\/datarecovery.ping.fm\/fi\/?s={search_term_string}"},"query-input":"required name=search_term_string"}],"inLanguage":"fi"}]}},"_links":{"self":[{"href":"https:\/\/datarecovery.ping.fm\/fi\/wp-json\/wp\/v2\/pages\/39019"}],"collection":[{"href":"https:\/\/datarecovery.ping.fm\/fi\/wp-json\/wp\/v2\/pages"}],"about":[{"href":"https:\/\/datarecovery.ping.fm\/fi\/wp-json\/wp\/v2\/types\/page"}],"replies":[{"embeddable":true,"href":"https:\/\/datarecovery.ping.fm\/fi\/wp-json\/wp\/v2\/comments?post=39019"}],"version-history":[{"count":0,"href":"https:\/\/datarecovery.ping.fm\/fi\/wp-json\/wp\/v2\/pages\/39019\/revisions"}],"wp:featuredmedia":[{"embeddable":true,"href":"https:\/\/datarecovery.ping.fm\/fi\/wp-json\/wp\/v2\/media\/39020"}],"wp:attachment":[{"href":"https:\/\/datarecovery.ping.fm\/fi\/wp-json\/wp\/v2\/media?parent=39019"}],"curies":[{"name":"wp","href":"https:\/\/api.w.org\/{rel}","templated":true}]}}