{"id":38711,"date":"2024-01-22T21:44:04","date_gmt":"2024-01-22T21:44:04","guid":{"rendered":"https:\/\/www.ping.fm\/data-recovery-software\/best-iphone-cleaners\/"},"modified":"2024-03-29T10:45:44","modified_gmt":"2024-03-29T10:45:44","slug":"best-iphone-cleaners","status":"publish","type":"page","link":"https:\/\/datarecovery.ping.fm\/fi\/best-iphone-cleaners\/","title":{"rendered":"iPhone Puhdistussovellusten Valinta"},"content":{"rendered":"<section>\n<h1>Parhaat iPhone-puhdistussovellukset<\/h1>\n<div class=\"inbrief\">\n<div>                     <img src=\"https:\/\/www.ping.fm\/data-recovery-software\/wp-content\/uploads\/ai\/FREE-iPhone-Cleaner-Apps-Finnish.jpg\" alt=\"FREE iPhone Cleaner Apps\" title=\"FREE iPhone Cleaner Apps\" width=\"1280\" height=\"720\">                     <\/p>\n<p>Omistautuneena iPhone-k\u00e4ytt\u00e4j\u00e4n\u00e4 on t\u00e4rke\u00e4\u00e4, ett\u00e4 laitteessani on riitt\u00e4v\u00e4sti tallennustilaa ja ett\u00e4 se toimii tehokkaasti. T\u00e4m\u00e4n tavoitteen saavuttamiseksi olen henkil\u00f6kohtaisesti tutustunut erilaisiin <b>ilmaisiin iPhone-puhdistussovelluksiin<\/b>, jotka v\u00e4itt\u00e4v\u00e4t siivoavansa laitteeni ja parantavansa sen suorituskyky\u00e4. Olen testannut ty\u00f6kalujen joukkoa, joihin kuuluu muun muassa <a href='https:\/\/apps.apple.com\/us\/app\/cleaner-kit-clean-up-storage\/id1194582243' rel=\"nofollow noopener\" target='_blank'>Cleaner Kit<\/a>, <a href='https:\/\/apps.apple.com\/us\/app\/cleaner-guru-cleaning-app\/id1476380919' rel=\"nofollow noopener\" target='_blank'>Cleaner Guru<\/a>, <a href='https:\/\/apps.apple.com\/us\/app\/cleanup-phone-storage-cleaner\/id1510944943' rel=\"nofollow noopener\" target='_blank'>Cleanup: Phone Storage Cleaner<\/a>, ja <a href='https:\/\/apps.apple.com\/ie\/app\/cleanmy-phone-careful-cleaner\/id1277110040' rel=\"nofollow noopener\" target='_blank'>CleanMy<\/a>. Liity mukaan, kun jaan henkil\u00f6kohtaisia kokemuksiani kunkin sovelluksen suorituskyvyst\u00e4, hyvist\u00e4 ja huonoista puolista, v\u00e4ltt\u00e4en mainospuheita.<\/p>\n<\/div>\n<\/div>\n<\/section>\n<section>\n<div class=\"medal\">\n<div>&#129351;<\/div>\n<\/div>\n<h2><a href='https:\/\/apps.apple.com\/us\/app\/cleaner-kit-clean-up-storage\/id1194582243' rel=\"nofollow noopener\" target='_blank'>Cleaner Kit: Puhdista Tallennustilaa<\/a><\/h2>\n<p><img src=\"https:\/\/www.ping.fm\/data-recovery-software\/wp-content\/uploads\/ai\/https---apps-apple-com-us-app-cleaner-kit-clean-up-storage-id1194582243Finnish.jpg\"><\/p>\n<p><b>Cleaner Kit<\/b> -sovellus lupaa kattavan puhdistuksen iPhonen tallennustilalle. Sen k\u00e4ytt\u00e4j\u00e4yst\u00e4v\u00e4llisen k\u00e4ytt\u00f6liittym\u00e4n tarkoituksena on tehostaa ylim\u00e4\u00e4r\u00e4isten tiedostojen poistoa ja v\u00e4limuistien tyhjent\u00e4mist\u00e4,<\/p>\n<p><a href='https:\/\/apps.apple.com\/us\/app\/cleaner-kit-clean-up-storage\/id1194582243' rel=\"nofollow noopener\" target='_blank' class='ofWSite'>Virallinen verkkosivusto<\/a><\/p>\n<h3 class='prosTitle'>Hyv\u00e4t puolet<\/h3>\n<ul class='listpc pros'>\n<li>Vaivaton k\u00e4ytt\u00f6liittym\u00e4<\/li>\n<li>Tehokas turhien tiedostojen poisto<\/li>\n<\/ul>\n<h3 class='consTitle'>Huonot puolet<\/h3>\n<ul class='listpc cons'>\n<li>Rajoitetut toiminnallisuudet ilmaisversiossa<\/li>\n<li>Mahdollisuus t\u00e4rkeiden tietojen poistoon, jos ei ole varovainen<\/li>\n<\/ul>\n<\/section>\n<section>\n<div class=\"medal\">\n<div>&#129352;<\/div>\n<\/div>\n<h2><a href='https:\/\/apps.apple.com\/us\/app\/cleaner-guru-cleaning-app\/id1476380919' rel=\"nofollow noopener\" target='_blank'>Cleaner Guru: Puhdistussovellus<\/a><\/h2>\n<p><img src=\"https:\/\/www.ping.fm\/data-recovery-software\/wp-content\/uploads\/ai\/https---apps-apple-com-us-app-cleaner-guru-cleaning-app-id1476380919Finnish.jpg\"><\/p>\n<p><b>Cleaner Guru<\/b> esitt\u00e4ytyy \u00e4lykk\u00e4\u00e4n\u00e4 ratkaisuna iPhonen siivoamiseen. Se tarjoaa erilaisia puhdistustoimintoja, kuten kaksoiskappaleiden tunnistamisen ja suurten tiedostojen lajitteleminen.<\/p>\n<p><a href='https:\/\/apps.apple.com\/us\/app\/cleaner-guru-cleaning-app\/id1476380919' rel=\"nofollow noopener\" target='_blank' class='ofWSite'>Virallinen verkkosivusto<\/a><\/p>\n<h3 class='prosTitle'>Hyv\u00e4t puolet<\/h3>\n<ul class='listpc pros'>\n<li>Tunnistaa kaksoiskappaleet ja suuret tiedostot<\/li>\n<li>Tiedostojen yksinkertainen luokittelu<\/li>\n<\/ul>\n<h3 class='consTitle'>Huonot puolet<\/h3>\n<ul class='listpc cons'>\n<li>Saattaa joskus tunnistaa ei-kaksoiskappaleita kaksoiskappaleiksi<\/li>\n<li>Mainokset ilmaisversiossa voivat olla h\u00e4iritsevi\u00e4<\/li>\n<\/ul>\n<\/section>\n<section>\n<div class=\"medal\">\n<div>&#129353;<\/div>\n<\/div>\n<h2><a href='https:\/\/apps.apple.com\/us\/app\/cleanup-phone-storage-cleaner\/id1510944943' rel=\"nofollow noopener\" target='_blank'>Cleanup: Phone Storage Cleaner<\/a><\/h2>\n<p><img src=\"https:\/\/www.ping.fm\/data-recovery-software\/wp-content\/uploads\/ai\/https---apps-apple-com-us-app-cleanup-phone-storage-cleaner-id1510944943Finnish.jpg\"><\/p>\n<p>Yksinkertaisuuteen ja tehokkuuteen keskittyen <b>Cleanup: Phone Storage Cleaner<\/b> toimii ty\u00f6kaluna tarpeettoman datan, kuten v\u00e4liaikaistiedostojen, nopeaan poistamiseen ja kuvakirjaston j\u00e4rjest\u00e4miseen poistamalla p\u00e4\u00e4llekk\u00e4isi\u00e4 kuvia.<\/p>\n<p><a href='https:\/\/apps.apple.com\/us\/app\/cleanup-phone-storage-cleaner\/id1510944943' rel=\"nofollow noopener\" target='_blank' class='ofWSite'>Virallinen verkkosivusto<\/a><\/p>\n<h3 class='prosTitle'>Hyv\u00e4t puolet<\/h3>\n<ul class='listpc pros'>\n<li>Yksinkertaistettu kuvien siivous<\/li>\n<li>K\u00e4ytt\u00e4j\u00e4l\u00e4ht\u00f6inen k\u00e4ytt\u00f6liittym\u00e4<\/li>\n<\/ul>\n<h3 class='consTitle'>Huonot puolet<\/h3>\n<ul class='listpc cons'>\n<li>Rajoitetut toiminnot ilmaisversiossa<\/li>\n<li>Automaattinen siivous saattaa poistaa haluttuja tiedostoja<\/li>\n<\/ul>\n<\/section>\n<section>\n<div class=\"no-medal\">\n<div>4<\/div>\n<\/div>\n<h2><a href='https:\/\/apps.apple.com\/ie\/app\/cleanmy-phone-careful-cleaner\/id1277110040' rel=\"nofollow noopener\" target='_blank'>CleanMy: Careful Cleaner<\/a><\/h2>\n<p><img src=\"https:\/\/www.ping.fm\/data-recovery-software\/wp-content\/uploads\/ai\/https---apps-apple-com-ie-app-cleanmy-phone-careful-cleaner-id1277110040Finnish.jpg\"><\/p>\n<p><b>CleanMy<\/b>-sovellus on yksityiskohtainen puhdistusty\u00f6kalu, joka menee tavallisia siivousteht\u00e4vi\u00e4 pidemm\u00e4lle. Se tarjoaa huolellisen laitteen skannauksen varmistaakseen, ettei mit\u00e4\u00e4n tarpeetonta vie arvokasta tallennustilaa.<\/p>\n<p><a href='https:\/\/apps.apple.com\/ie\/app\/cleanmy-phone-careful-cleaner\/id1277110040' rel=\"nofollow noopener\" target='_blank' class='ofWSite'>Virallinen verkkosivusto<\/a><\/p>\n<h3 class='prosTitle'>Hyv\u00e4t puolet<\/h3>\n<ul class='listpc pros'>\n<li>Yksityiskohtainen skannaus ja siivous<\/li>\n<li>Hy\u00f6dyllinen asiakastuki<\/li>\n<\/ul>\n<h3 class='consTitle'>Huonot puolet<\/h3>\n<ul class='listpc cons'>\n<li>K\u00e4ytt\u00f6liittym\u00e4 voi tuntua uusille k\u00e4ytt\u00e4jille ylivoimaiselta<\/li>\n<li>Kokeiluversion rajoitukset voivat est\u00e4\u00e4 kattavan arvioinnin<\/li>\n<\/ul>\n<\/section>\n<section>\n<h2>Youtube-video katsottavaksi<\/h2>\n<div class=\"nonp iframe\"><iframe width=\"420\" height=\"315\" src=\"\/\/www.youtube.com\/embed\/iLmIRZypAIs\" frameborder=\"0\" allowfullscreen><\/iframe><\/div>\n<\/section>\n<section>\n<h2>Johtop\u00e4\u00e4t\u00f6s:<\/h2>\n<div class=\"nonp\">iPhonen terveyden yll\u00e4pito ei ole vain tilan vapauttamista; kyse on kokonaisvaltaisen laitteenhallintatavan omaksumisesta. S\u00e4\u00e4nn\u00f6lliset p\u00e4ivitykset, harkitut sovellusasennukset ja varovainen tietojenkulutus voivat est\u00e4\u00e4 sotkujen syntymisen jo alun perin. Lis\u00e4tietoja iPhonen huollosta voit lukea <a href='https:\/\/support.apple.com\/en-us\/HT201232' rel=\"nofollow noopener\" target='_blank'>Applen viralliselta tukisivulta<\/a> tai tutustua teknisiin foorumeihin kuten <a href='https:\/\/discussions.apple.com\/welcome' rel=\"nofollow noopener\" target='_blank'>Apple Discussions<\/a>, jossa voit vaihtaa vinkkej\u00e4 muiden k\u00e4ytt\u00e4jien kanssa.<\/div>\n<\/section>\n","protected":false},"excerpt":{"rendered":"<p>Parhaat iPhone-puhdistussovellukset Omistautuneena iPhone-k\u00e4ytt\u00e4j\u00e4n\u00e4 on t\u00e4rke\u00e4\u00e4, ett\u00e4 laitteessani on riitt\u00e4v\u00e4sti tallennustilaa ja ett\u00e4 se toimii tehokkaasti. T\u00e4m\u00e4n tavoitteen saavuttamiseksi olen henkil\u00f6kohtaisesti tutustunut erilaisiin ilmaisiin iPhone-puhdistussovelluksiin, jotka v\u00e4itt\u00e4v\u00e4t siivoavansa laitteeni ja parantavansa sen suorituskyky\u00e4. Olen testannut ty\u00f6kalujen joukkoa, joihin kuuluu muun muassa Cleaner Kit, Cleaner Guru, Cleanup: Phone Storage Cleaner, ja CleanMy. Liity mukaan, kun jaan [&hellip;]<\/p>\n","protected":false},"author":0,"featured_media":0,"parent":0,"menu_order":0,"comment_status":"closed","ping_status":"closed","template":"chromecast.php","meta":{"_stopmodifiedupdate":false,"_modified_date":"","_lmt_disableupdate":"yes","_lmt_disable":""},"acf":[],"yoast_head":"<!-- This site is optimized with the Yoast SEO plugin v20.9 - https:\/\/yoast.com\/wordpress\/plugins\/seo\/ -->\n<title>2024 ilmaiset iPhone-puhdistussovellukset. Hy\u00f6dyt ja haitat<\/title>\n<meta name=\"robots\" content=\"index, follow, max-snippet:-1, max-image-preview:large, max-video-preview:-1\" \/>\n<link rel=\"canonical\" href=\"https:\/\/datarecovery.ping.fm\/fi\/best-iphone-cleaners\/\" \/>\n<meta property=\"og:locale\" content=\"fi_FI\" \/>\n<meta property=\"og:type\" content=\"article\" \/>\n<meta property=\"og:title\" content=\"2024 ilmaiset iPhone-puhdistussovellukset. Hy\u00f6dyt ja haitat\" \/>\n<meta property=\"og:description\" content=\"Parhaat iPhone-puhdistussovellukset Omistautuneena iPhone-k\u00e4ytt\u00e4j\u00e4n\u00e4 on t\u00e4rke\u00e4\u00e4, ett\u00e4 laitteessani on riitt\u00e4v\u00e4sti tallennustilaa ja ett\u00e4 se toimii tehokkaasti. T\u00e4m\u00e4n tavoitteen saavuttamiseksi olen henkil\u00f6kohtaisesti tutustunut erilaisiin ilmaisiin iPhone-puhdistussovelluksiin, jotka v\u00e4itt\u00e4v\u00e4t siivoavansa laitteeni ja parantavansa sen suorituskyky\u00e4. Olen testannut ty\u00f6kalujen joukkoa, joihin kuuluu muun muassa Cleaner Kit, Cleaner Guru, Cleanup: Phone Storage Cleaner, ja CleanMy. Liity mukaan, kun jaan [&hellip;]\" \/>\n<meta property=\"og:url\" content=\"https:\/\/datarecovery.ping.fm\/fi\/best-iphone-cleaners\/\" \/>\n<meta property=\"og:site_name\" content=\"Data Recovery Software\" \/>\n<meta property=\"article:modified_time\" content=\"2024-03-29T10:45:44+00:00\" \/>\n<meta property=\"og:image\" content=\"https:\/\/www.ping.fm\/data-recovery-software\/wp-content\/uploads\/ai\/FREE-iPhone-Cleaner-Apps-Finnish.jpg\" \/>\n<meta name=\"twitter:card\" content=\"summary_large_image\" \/>\n<meta name=\"twitter:label1\" content=\"Est. reading time\" \/>\n\t<meta name=\"twitter:data1\" content=\"2 minuuttia\" \/>\n<script type=\"application\/ld+json\" class=\"yoast-schema-graph\">{\"@context\":\"https:\/\/schema.org\",\"@graph\":[{\"@type\":\"WebPage\",\"@id\":\"https:\/\/datarecovery.ping.fm\/fi\/best-iphone-cleaners\/\",\"url\":\"https:\/\/datarecovery.ping.fm\/fi\/best-iphone-cleaners\/\",\"name\":\"2024 ilmaiset iPhone-puhdistussovellukset. Hy\u00f6dyt ja haitat\",\"isPartOf\":{\"@id\":\"https:\/\/datarecovery.ping.fm\/fi\/#website\"},\"datePublished\":\"2024-01-22T21:44:04+00:00\",\"dateModified\":\"2024-03-29T10:45:44+00:00\",\"breadcrumb\":{\"@id\":\"https:\/\/datarecovery.ping.fm\/fi\/best-iphone-cleaners\/#breadcrumb\"},\"inLanguage\":\"fi\",\"potentialAction\":[{\"@type\":\"ReadAction\",\"target\":[\"https:\/\/datarecovery.ping.fm\/fi\/best-iphone-cleaners\/\"]}]},{\"@type\":\"BreadcrumbList\",\"@id\":\"https:\/\/datarecovery.ping.fm\/fi\/best-iphone-cleaners\/#breadcrumb\",\"itemListElement\":[{\"@type\":\"ListItem\",\"position\":1,\"name\":\"Home\",\"item\":\"https:\/\/datarecovery.ping.fm\/fi\/\"},{\"@type\":\"ListItem\",\"position\":2,\"name\":\"iPhone Puhdistussovellusten Valinta\"}]},{\"@type\":\"WebSite\",\"@id\":\"https:\/\/datarecovery.ping.fm\/fi\/#website\",\"url\":\"https:\/\/datarecovery.ping.fm\/fi\/\",\"name\":\"Data Recovery Software\",\"description\":\"\",\"potentialAction\":[{\"@type\":\"SearchAction\",\"target\":{\"@type\":\"EntryPoint\",\"urlTemplate\":\"https:\/\/datarecovery.ping.fm\/fi\/?s={search_term_string}\"},\"query-input\":\"required name=search_term_string\"}],\"inLanguage\":\"fi\"}]}<\/script>\n<!-- \/ Yoast SEO plugin. -->","yoast_head_json":{"title":"2024 ilmaiset iPhone-puhdistussovellukset. Hy\u00f6dyt ja haitat","robots":{"index":"index","follow":"follow","max-snippet":"max-snippet:-1","max-image-preview":"max-image-preview:large","max-video-preview":"max-video-preview:-1"},"canonical":"https:\/\/datarecovery.ping.fm\/fi\/best-iphone-cleaners\/","og_locale":"fi_FI","og_type":"article","og_title":"2024 ilmaiset iPhone-puhdistussovellukset. Hy\u00f6dyt ja haitat","og_description":"Parhaat iPhone-puhdistussovellukset Omistautuneena iPhone-k\u00e4ytt\u00e4j\u00e4n\u00e4 on t\u00e4rke\u00e4\u00e4, ett\u00e4 laitteessani on riitt\u00e4v\u00e4sti tallennustilaa ja ett\u00e4 se toimii tehokkaasti. T\u00e4m\u00e4n tavoitteen saavuttamiseksi olen henkil\u00f6kohtaisesti tutustunut erilaisiin ilmaisiin iPhone-puhdistussovelluksiin, jotka v\u00e4itt\u00e4v\u00e4t siivoavansa laitteeni ja parantavansa sen suorituskyky\u00e4. Olen testannut ty\u00f6kalujen joukkoa, joihin kuuluu muun muassa Cleaner Kit, Cleaner Guru, Cleanup: Phone Storage Cleaner, ja CleanMy. Liity mukaan, kun jaan [&hellip;]","og_url":"https:\/\/datarecovery.ping.fm\/fi\/best-iphone-cleaners\/","og_site_name":"Data Recovery Software","article_modified_time":"2024-03-29T10:45:44+00:00","og_image":[{"url":"https:\/\/www.ping.fm\/data-recovery-software\/wp-content\/uploads\/ai\/FREE-iPhone-Cleaner-Apps-Finnish.jpg"}],"twitter_card":"summary_large_image","twitter_misc":{"Est. reading time":"2 minuuttia"},"schema":{"@context":"https:\/\/schema.org","@graph":[{"@type":"WebPage","@id":"https:\/\/datarecovery.ping.fm\/fi\/best-iphone-cleaners\/","url":"https:\/\/datarecovery.ping.fm\/fi\/best-iphone-cleaners\/","name":"2024 ilmaiset iPhone-puhdistussovellukset. Hy\u00f6dyt ja haitat","isPartOf":{"@id":"https:\/\/datarecovery.ping.fm\/fi\/#website"},"datePublished":"2024-01-22T21:44:04+00:00","dateModified":"2024-03-29T10:45:44+00:00","breadcrumb":{"@id":"https:\/\/datarecovery.ping.fm\/fi\/best-iphone-cleaners\/#breadcrumb"},"inLanguage":"fi","potentialAction":[{"@type":"ReadAction","target":["https:\/\/datarecovery.ping.fm\/fi\/best-iphone-cleaners\/"]}]},{"@type":"BreadcrumbList","@id":"https:\/\/datarecovery.ping.fm\/fi\/best-iphone-cleaners\/#breadcrumb","itemListElement":[{"@type":"ListItem","position":1,"name":"Home","item":"https:\/\/datarecovery.ping.fm\/fi\/"},{"@type":"ListItem","position":2,"name":"iPhone Puhdistussovellusten Valinta"}]},{"@type":"WebSite","@id":"https:\/\/datarecovery.ping.fm\/fi\/#website","url":"https:\/\/datarecovery.ping.fm\/fi\/","name":"Data Recovery Software","description":"","potentialAction":[{"@type":"SearchAction","target":{"@type":"EntryPoint","urlTemplate":"https:\/\/datarecovery.ping.fm\/fi\/?s={search_term_string}"},"query-input":"required name=search_term_string"}],"inLanguage":"fi"}]}},"_links":{"self":[{"href":"https:\/\/datarecovery.ping.fm\/fi\/wp-json\/wp\/v2\/pages\/38711"}],"collection":[{"href":"https:\/\/datarecovery.ping.fm\/fi\/wp-json\/wp\/v2\/pages"}],"about":[{"href":"https:\/\/datarecovery.ping.fm\/fi\/wp-json\/wp\/v2\/types\/page"}],"replies":[{"embeddable":true,"href":"https:\/\/datarecovery.ping.fm\/fi\/wp-json\/wp\/v2\/comments?post=38711"}],"version-history":[{"count":0,"href":"https:\/\/datarecovery.ping.fm\/fi\/wp-json\/wp\/v2\/pages\/38711\/revisions"}],"wp:attachment":[{"href":"https:\/\/datarecovery.ping.fm\/fi\/wp-json\/wp\/v2\/media?parent=38711"}],"curies":[{"name":"wp","href":"https:\/\/api.w.org\/{rel}","templated":true}]}}