{"id":37244,"date":"2023-07-31T13:58:28","date_gmt":"2023-07-31T13:58:28","guid":{"rendered":"https:\/\/www.ping.fm\/data-recovery-software\/?page_id=37244"},"modified":"2024-03-27T16:27:47","modified_gmt":"2024-03-27T16:27:47","slug":"finish-homepage","status":"publish","type":"page","link":"https:\/\/datarecovery.ping.fm\/fi\/","title":{"rendered":"Finnish homepage"},"content":{"rendered":"<section class=\"banner\">\n<div class=\"banner--img\">\n<div class=\"banner--inner\">\n<h1>Tervetuloa Tietojen Palautukseen osoitteessa <a href=\"https:\/\/www.ping.fm\/\" rel=\"dofollow\">Ping.fm<\/a><\/h1>\n<p>T\u00e4\u00e4ll\u00e4 testaamme parhaita tiedonpalautusohjelmistoja ja tarjoamme sinulle optimaaliset skenaariot poistettujen tiedostojen palauttamiseen ja kadonneiden tietojen pelastamiseen. Arvioimme erilaisia menetelmi\u00e4 ja tiedonpalautuspalveluita sek\u00e4 tarjoamme parhaat YouTube-videot itseopiskeluun.<\/p>\n<p>Lis\u00e4ksi k\u00e4sittelemme vaativampia tietojen palautustapauksia, kuten Android-tietojen palautusta ja poistettujen valokuvien palauttamista iPhoneista.<\/p>\n<\/div>\n<\/div>\n<\/section>\n","protected":false},"excerpt":{"rendered":"<p>Tervetuloa Tietojen Palautukseen osoitteessa Ping.fm T\u00e4\u00e4ll\u00e4 testaamme parhaita tiedonpalautusohjelmistoja ja tarjoamme sinulle optimaaliset skenaariot poistettujen tiedostojen palauttamiseen ja kadonneiden tietojen pelastamiseen. Arvioimme erilaisia menetelmi\u00e4 ja tiedonpalautuspalveluita sek\u00e4 tarjoamme parhaat YouTube-videot itseopiskeluun. Lis\u00e4ksi k\u00e4sittelemme vaativampia tietojen palautustapauksia, kuten Android-tietojen palautusta ja poistettujen valokuvien palauttamista iPhoneista.<\/p>\n","protected":false},"author":2,"featured_media":37245,"parent":0,"menu_order":0,"comment_status":"closed","ping_status":"closed","template":"homepage.php","meta":{"_stopmodifiedupdate":false,"_modified_date":"","_lmt_disableupdate":"yes","_lmt_disable":""},"acf":[],"yoast_head":"<!-- This site is optimized with the Yoast SEO plugin v20.9 - https:\/\/yoast.com\/wordpress\/plugins\/seo\/ -->\n<title>Paras tietojen palautusohjelmisto, vinkit, ohjeet. huhtikuu 2026<\/title>\n<meta name=\"description\" content=\"L\u00f6yd\u00e4 ykk\u00f6skohde kaikkiin tietojen palautustarpeisiisi Data Recovery Hub -sivustolta! Verkkosivumme tarkkaan arvioi uusimmat sovellukset, jotka on suunniteltu palauttamaan kadonneet ja poistetut tiedostot. \ud83d\udcf1\ud83d\udcbb Olipa kyseess\u00e4 sitten poistettujen tiedostojen palautus erilaisista laitteista tai monimutkaisista tietojen palautustilanteista, me pystymme auttamaan.\" \/>\n<meta name=\"robots\" content=\"index, follow, max-snippet:-1, max-image-preview:large, max-video-preview:-1\" \/>\n<link rel=\"canonical\" href=\"https:\/\/datarecovery.ping.fm\/fi\/\" \/>\n<meta property=\"og:locale\" content=\"fi_FI\" \/>\n<meta property=\"og:type\" content=\"article\" \/>\n<meta property=\"og:title\" content=\"Paras tietojen palautusohjelmisto, vinkit, ohjeet. huhtikuu 2026\" \/>\n<meta property=\"og:description\" content=\"L\u00f6yd\u00e4 ykk\u00f6skohde kaikkiin tietojen palautustarpeisiisi Data Recovery Hub -sivustolta! Verkkosivumme tarkkaan arvioi uusimmat sovellukset, jotka on suunniteltu palauttamaan kadonneet ja poistetut tiedostot. \ud83d\udcf1\ud83d\udcbb Olipa kyseess\u00e4 sitten poistettujen tiedostojen palautus erilaisista laitteista tai monimutkaisista tietojen palautustilanteista, me pystymme auttamaan.\" \/>\n<meta property=\"og:url\" content=\"https:\/\/datarecovery.ping.fm\/fi\/\" \/>\n<meta property=\"og:site_name\" content=\"Data Recovery Software\" \/>\n<meta property=\"article:modified_time\" content=\"2024-03-27T16:27:47+00:00\" \/>\n<meta property=\"og:image\" content=\"https:\/\/datarecovery.ping.fm\/wp-content\/uploads\/2023\/11\/data-recovery-image.png\" \/>\n\t<meta property=\"og:image:width\" content=\"1024\" \/>\n\t<meta property=\"og:image:height\" content=\"1024\" \/>\n\t<meta property=\"og:image:type\" content=\"image\/png\" \/>\n<meta name=\"twitter:card\" content=\"summary_large_image\" \/>\n<meta name=\"twitter:label1\" content=\"Est. reading time\" \/>\n\t<meta name=\"twitter:data1\" content=\"1 minuutti\" \/>\n<script type=\"application\/ld+json\" class=\"yoast-schema-graph\">{\"@context\":\"https:\/\/schema.org\",\"@graph\":[{\"@type\":\"WebPage\",\"@id\":\"https:\/\/datarecovery.ping.fm\/fi\/\",\"url\":\"https:\/\/datarecovery.ping.fm\/fi\/\",\"name\":\"Paras tietojen palautusohjelmisto, vinkit, ohjeet. huhtikuu 2026\",\"isPartOf\":{\"@id\":\"https:\/\/datarecovery.ping.fm\/fi\/#website\"},\"datePublished\":\"2023-07-31T13:58:28+00:00\",\"dateModified\":\"2024-03-27T16:27:47+00:00\",\"description\":\"L\u00f6yd\u00e4 ykk\u00f6skohde kaikkiin tietojen palautustarpeisiisi Data Recovery Hub -sivustolta! Verkkosivumme tarkkaan arvioi uusimmat sovellukset, jotka on suunniteltu palauttamaan kadonneet ja poistetut tiedostot. \ud83d\udcf1\ud83d\udcbb Olipa kyseess\u00e4 sitten poistettujen tiedostojen palautus erilaisista laitteista tai monimutkaisista tietojen palautustilanteista, me pystymme auttamaan.\",\"breadcrumb\":{\"@id\":\"https:\/\/datarecovery.ping.fm\/fi\/#breadcrumb\"},\"inLanguage\":\"fi\",\"potentialAction\":[{\"@type\":\"ReadAction\",\"target\":[\"https:\/\/datarecovery.ping.fm\/fi\/\"]}]},{\"@type\":\"BreadcrumbList\",\"@id\":\"https:\/\/datarecovery.ping.fm\/fi\/#breadcrumb\",\"itemListElement\":[{\"@type\":\"ListItem\",\"position\":1,\"name\":\"Home\",\"item\":\"https:\/\/datarecovery.ping.fm\/fi\/\"},{\"@type\":\"ListItem\",\"position\":2,\"name\":\"Finnish homepage\"}]},{\"@type\":\"WebSite\",\"@id\":\"https:\/\/datarecovery.ping.fm\/fi\/#website\",\"url\":\"https:\/\/datarecovery.ping.fm\/fi\/\",\"name\":\"Data Recovery Software\",\"description\":\"\",\"potentialAction\":[{\"@type\":\"SearchAction\",\"target\":{\"@type\":\"EntryPoint\",\"urlTemplate\":\"https:\/\/datarecovery.ping.fm\/fi\/?s={search_term_string}\"},\"query-input\":\"required name=search_term_string\"}],\"inLanguage\":\"fi\"}]}<\/script>\n<!-- \/ Yoast SEO plugin. -->","yoast_head_json":{"title":"Paras tietojen palautusohjelmisto, vinkit, ohjeet. huhtikuu 2026","description":"L\u00f6yd\u00e4 ykk\u00f6skohde kaikkiin tietojen palautustarpeisiisi Data Recovery Hub -sivustolta! Verkkosivumme tarkkaan arvioi uusimmat sovellukset, jotka on suunniteltu palauttamaan kadonneet ja poistetut tiedostot. \ud83d\udcf1\ud83d\udcbb Olipa kyseess\u00e4 sitten poistettujen tiedostojen palautus erilaisista laitteista tai monimutkaisista tietojen palautustilanteista, me pystymme auttamaan.","robots":{"index":"index","follow":"follow","max-snippet":"max-snippet:-1","max-image-preview":"max-image-preview:large","max-video-preview":"max-video-preview:-1"},"canonical":"https:\/\/datarecovery.ping.fm\/fi\/","og_locale":"fi_FI","og_type":"article","og_title":"Paras tietojen palautusohjelmisto, vinkit, ohjeet. huhtikuu 2026","og_description":"L\u00f6yd\u00e4 ykk\u00f6skohde kaikkiin tietojen palautustarpeisiisi Data Recovery Hub -sivustolta! Verkkosivumme tarkkaan arvioi uusimmat sovellukset, jotka on suunniteltu palauttamaan kadonneet ja poistetut tiedostot. \ud83d\udcf1\ud83d\udcbb Olipa kyseess\u00e4 sitten poistettujen tiedostojen palautus erilaisista laitteista tai monimutkaisista tietojen palautustilanteista, me pystymme auttamaan.","og_url":"https:\/\/datarecovery.ping.fm\/fi\/","og_site_name":"Data Recovery Software","article_modified_time":"2024-03-27T16:27:47+00:00","og_image":[{"width":1024,"height":1024,"url":"https:\/\/datarecovery.ping.fm\/wp-content\/uploads\/2023\/11\/data-recovery-image.png","type":"image\/png"}],"twitter_card":"summary_large_image","twitter_misc":{"Est. reading time":"1 minuutti"},"schema":{"@context":"https:\/\/schema.org","@graph":[{"@type":"WebPage","@id":"https:\/\/datarecovery.ping.fm\/fi\/","url":"https:\/\/datarecovery.ping.fm\/fi\/","name":"Paras tietojen palautusohjelmisto, vinkit, ohjeet. huhtikuu 2026","isPartOf":{"@id":"https:\/\/datarecovery.ping.fm\/fi\/#website"},"datePublished":"2023-07-31T13:58:28+00:00","dateModified":"2024-03-27T16:27:47+00:00","description":"L\u00f6yd\u00e4 ykk\u00f6skohde kaikkiin tietojen palautustarpeisiisi Data Recovery Hub -sivustolta! Verkkosivumme tarkkaan arvioi uusimmat sovellukset, jotka on suunniteltu palauttamaan kadonneet ja poistetut tiedostot. \ud83d\udcf1\ud83d\udcbb Olipa kyseess\u00e4 sitten poistettujen tiedostojen palautus erilaisista laitteista tai monimutkaisista tietojen palautustilanteista, me pystymme auttamaan.","breadcrumb":{"@id":"https:\/\/datarecovery.ping.fm\/fi\/#breadcrumb"},"inLanguage":"fi","potentialAction":[{"@type":"ReadAction","target":["https:\/\/datarecovery.ping.fm\/fi\/"]}]},{"@type":"BreadcrumbList","@id":"https:\/\/datarecovery.ping.fm\/fi\/#breadcrumb","itemListElement":[{"@type":"ListItem","position":1,"name":"Home","item":"https:\/\/datarecovery.ping.fm\/fi\/"},{"@type":"ListItem","position":2,"name":"Finnish homepage"}]},{"@type":"WebSite","@id":"https:\/\/datarecovery.ping.fm\/fi\/#website","url":"https:\/\/datarecovery.ping.fm\/fi\/","name":"Data Recovery Software","description":"","potentialAction":[{"@type":"SearchAction","target":{"@type":"EntryPoint","urlTemplate":"https:\/\/datarecovery.ping.fm\/fi\/?s={search_term_string}"},"query-input":"required name=search_term_string"}],"inLanguage":"fi"}]}},"_links":{"self":[{"href":"https:\/\/datarecovery.ping.fm\/fi\/wp-json\/wp\/v2\/pages\/37244"}],"collection":[{"href":"https:\/\/datarecovery.ping.fm\/fi\/wp-json\/wp\/v2\/pages"}],"about":[{"href":"https:\/\/datarecovery.ping.fm\/fi\/wp-json\/wp\/v2\/types\/page"}],"author":[{"embeddable":true,"href":"https:\/\/datarecovery.ping.fm\/fi\/wp-json\/wp\/v2\/users\/2"}],"replies":[{"embeddable":true,"href":"https:\/\/datarecovery.ping.fm\/fi\/wp-json\/wp\/v2\/comments?post=37244"}],"version-history":[{"count":2,"href":"https:\/\/datarecovery.ping.fm\/fi\/wp-json\/wp\/v2\/pages\/37244\/revisions"}],"predecessor-version":[{"id":37247,"href":"https:\/\/datarecovery.ping.fm\/fi\/wp-json\/wp\/v2\/pages\/37244\/revisions\/37247"}],"wp:featuredmedia":[{"embeddable":true,"href":"https:\/\/datarecovery.ping.fm\/fi\/wp-json\/wp\/v2\/media\/37245"}],"wp:attachment":[{"href":"https:\/\/datarecovery.ping.fm\/fi\/wp-json\/wp\/v2\/media?parent=37244"}],"curies":[{"name":"wp","href":"https:\/\/api.w.org\/{rel}","templated":true}]}}