{"id":43895,"date":"2024-02-22T06:28:29","date_gmt":"2024-02-22T06:28:29","guid":{"rendered":"https:\/\/www.ping.fm\/data-recovery-software\/hard-drive-repair-software\/"},"modified":"2024-04-23T07:50:57","modified_gmt":"2024-04-23T07:50:57","slug":"hard-drive-repair-software","status":"publish","type":"page","link":"https:\/\/datarecovery.ping.fm\/es\/hard-drive-repair-software\/","title":{"rendered":"El mejor software de reparaci\u00f3n de discos duros para usar en el a\u00f1o 2024"},"content":{"rendered":"<section>\n<h1>Mejor software de reparaci\u00f3n de discos duros para usar en 2024<\/h1>\n<div class=\"inbrief\">\n<div>                     <img src=\"https:\/\/www.ping.fm\/data-recovery-software\/wp-content\/uploads\/ai\/Best-Hard-Drive-Repair-Software-to-Use-in-2024-Spanish.jpg\" alt=\"Mejor software de reparaci\u00f3n de discos duros para usar en 2024\" title=\"Mejor software de reparaci\u00f3n de discos duros para usar en 2024\" width=\"1280\" height=\"720\">                     <\/p>\n<p>No hay nada tan desalentador para los usuarios de computadoras como la posibilidad de falla en el disco duro. Ya sea el temido &#8216;clic de la muerte&#8217; o un mensaje de error cr\u00edptico, un disco duro defectuoso puede parecer un problema insuperable. Sin embargo, hay una gran cantidad de herramientas de reparaci\u00f3n de discos duros disponibles que pueden ayudar a salvar tus datos y potencialmente extender la vida de tu unidad. En este art\u00edculo, te guiaremos a trav\u00e9s de algunas de las mejores herramientas de reparaci\u00f3n de discos duros en el mercado. Adentr\u00e9monos en este kit de herramientas esencial para cualquier salvavidas digital.<\/p>\n<\/div>\n<\/div>\n<\/section>\n<section>\n<div class=\"medal\">\n<div>&#129351;<\/div>\n<\/div>\n<h2><a href='https:\/\/www.cleverfiles.com\/' rel=\"nofollow noopener\" target='_blank'>Disk Drill<\/a><\/h2>\n<p><img src=\"https:\/\/www.ping.fm\/data-recovery-software\/wp-content\/uploads\/ai\/https---www-cleverfiles-com-Spanish.jpg\" alt=\"Captura de pantalla de https:\/\/www.cleverfiles.com\/\" width=\"1280\" height=\"720\"><\/p>\n<p>Habiendo navegado personalmente por los mares turbulentos de la p\u00e9rdida de datos, encontr\u00e9 un salvavidas en <b>Disk Drill<\/b>, una utilidad integral dise\u00f1ada para la <b>recuperaci\u00f3n de datos<\/b> y el an\u00e1lisis de discos duros. Su interfaz amigable con el usuario simplifica el proceso de recuperaci\u00f3n, haci\u00e9ndolo accesible tanto para novatos como para expertos por igual. El conjunto de caracter\u00edsticas de Disk Drill se extiende m\u00e1s all\u00e1 de la recuperaci\u00f3n con utilidades de <b>protecci\u00f3n de datos<\/b> como Recovery Vault y backup de unidad.<\/p>\n<p><a href='https:\/\/www.cleverfiles.com\/' rel=\"nofollow noopener\" target='_blank' class='ofWSite'>Sitio Web Oficial<\/a><\/p>\n<h3 class='prosTitle'>Ventajas<\/h3>\n<ul class='listpc pros'>\n<li>Interfaz de usuario intuitiva<\/li>\n<li>Poderosos algoritmos de escaneo<\/li>\n<\/ul>\n<h3 class='consTitle'>Desventajas<\/h3>\n<ul class='listpc cons'>\n<li>La versi\u00f3n gratuita tiene l\u00edmites de recuperaci\u00f3n de datos<\/li>\n<li>Las caracter\u00edsticas avanzadas requieren la versi\u00f3n premium<\/li>\n<\/ul>\n<\/section>\n<section>\n<div class=\"medal\">\n<div>&#129352;<\/div>\n<\/div>\n<h2><a href='https:\/\/www.cgsecurity.org\/wiki\/TestDisk' rel=\"nofollow noopener\" target='_blank'>TestDisk<\/a><\/h2>\n<p><img src=\"https:\/\/www.ping.fm\/data-recovery-software\/wp-content\/uploads\/ai\/https---www-cgsecurity-org-wiki-TestDiskSpanish.jpg\" alt=\"Captura de pantalla de https:\/\/www.cgsecurity.org\/wiki\/TestDisk\" width=\"1280\" height=\"720\"><\/p>\n<p><b>TestDisk<\/b> es una potencia cuando se trata de recuperar particiones perdidas y arreglar unidades de arranque que se niegan a iniciar. Es una herramienta de c\u00f3digo abierto que los entusiastas de la tecnolog\u00eda respetan por su profunda funcionalidad. Aunque opera a trav\u00e9s de una interfaz de l\u00ednea de comandos, lo cual puede ser desalentador para algunos, su eficacia en la recuperaci\u00f3n de tablas de particiones y la reparaci\u00f3n de sistemas de archivos es indiscutible.<\/p>\n<p><a href='https:\/\/www.cgsecurity.org\/wiki\/TestDisk' rel=\"nofollow noopener\" target='_blank' class='ofWSite'>Sitio Web Oficial<\/a><\/p>\n<h3 class='prosTitle'>Ventajas<\/h3>\n<ul class='listpc pros'>\n<li>Puede recuperar particiones perdidas<\/li>\n<li>C\u00f3digo abierto con actualizaciones frecuentes<\/li>\n<\/ul>\n<h3 class='consTitle'>Desventajas<\/h3>\n<ul class='listpc cons'>\n<li>La interfaz de l\u00ednea de comandos puede ser un desaf\u00edo para algunos usuarios<\/li>\n<li>No tiene interfaz gr\u00e1fica de usuario<\/li>\n<\/ul>\n<\/section>\n<section>\n<div class=\"medal\">\n<div>&#129353;<\/div>\n<\/div>\n<h2>GParted<\/h2>\n<p>La aplicaci\u00f3n <b>GParted<\/b> es un editor de particiones gratuito y de c\u00f3digo abierto que sobresale al redimensionar, copiar y mover particiones sin p\u00e9rdida de datos. Es compatible con diversos sistemas de archivos y a menudo se utiliza para la gesti\u00f3n del espacio en disco en un disco duro. Con una interfaz gr\u00e1fica sencilla, GParted puede ejecutarse desde un USB en vivo, lo que lo convierte en una herramienta port\u00e1til y flexible para la gesti\u00f3n de discos.<\/p>\n<h3 class='prosTitle'>Pros<\/h3>\n<ul class='listpc pros'>\n<li>Soporta una amplia gama de sistemas de archivos<\/li>\n<li>Interfaz gr\u00e1fica de usuario<\/li>\n<\/ul>\n<h3 class='consTitle'>Cons<\/h3>\n<ul class='listpc cons'>\n<li>Puede que no maneje escenarios complejos de recuperaci\u00f3n<\/li>\n<li>Opciones abrumadoras para principiantes<\/li>\n<\/ul>\n<\/section>\n<section>\n<div class=\"no-medal\">\n<div>4<\/div>\n<\/div>\n<h2><a href='https:\/\/hddscan.com\/' rel=\"nofollow noopener\" target='_blank'>HDDScan<\/a><\/h2>\n<p><img src=\"https:\/\/www.ping.fm\/data-recovery-software\/wp-content\/uploads\/ai\/https---hddscan-com-Spanish.jpg\" alt=\"Captura de pantalla https:\/\/hddscan.com\/\" width=\"1280\" height=\"720\"><\/p>\n<p><b>HDDScan<\/b> es un software gratuito para diagn\u00f3sticos de discos duros. Proporciona una variedad de pruebas que se pueden utilizar para buscar sectores da\u00f1ados, monitorear atributos SMART y realizar evaluaciones comparativas a bajo nivel. Lo que he encontrado particularmente \u00fatil es su capacidad para ejecutar estos diagn\u00f3sticos sin la necesidad de eliminar datos del disco&#8212;crucial cuando se trata de evitar una mayor p\u00e9rdida de datos.<\/p>\n<p><a href='https:\/\/hddscan.com\/' rel=\"nofollow noopener\" target='_blank' class='ofWSite'>Sitio Web Oficial<\/a><\/p>\n<h3 class='prosTitle'>Pros<\/h3>\n<ul class='listpc pros'>\n<li>No requiere instalaci\u00f3n (port\u00e1til)<\/li>\n<li>Reportes detallados del estado del disco<\/li>\n<\/ul>\n<h3 class='consTitle'>Cons<\/h3>\n<ul class='listpc cons'>\n<li>La interfaz de usuario puede ser compleja para principiantes<\/li>\n<li>Capacidades limitadas de reparaci\u00f3n<\/li>\n<\/ul>\n<\/section>\n<section>\n<div class=\"no-medal\">\n<div>5<\/div>\n<\/div>\n<h2><a href='https:\/\/www.crystalmark.info\/en\/software\/crystaldiskinfo\/' rel=\"nofollow noopener\" target='_blank'>CrystalDiskInfo<\/a><\/h2>\n<p><img src=\"https:\/\/www.ping.fm\/data-recovery-software\/wp-content\/uploads\/ai\/https---www-crystalmark-info-en-software-crystaldiskinfo-Spanish.jpg\" alt=\"Captura de pantalla https:\/\/www.crystalmark.info\/en\/software\/crystaldiskinfo\/\" width=\"1280\" height=\"720\"><\/p>\n<p>Al monitorear la salud de los discos duros, <b>CrystalDiskInfo<\/b> es un constante en mi caja de herramientas. Es una herramienta de utilidad gratuita que le mantiene informado acerca de la informaci\u00f3n SMART de su disco duro, sirviendo as\u00ed como un sistema de alerta temprana para posibles fallos del disco. Con el monitoreo y las alertas en tiempo real, CrystalDiskInfo permite a los usuarios ser proactivos en la protecci\u00f3n de datos.<\/p>\n<p><a href='https:\/\/www.crystalmark.info\/en\/software\/crystaldiskinfo\/' rel=\"nofollow noopener\" target='_blank' class='ofWSite'>Sitio Web Oficial<\/a><\/p>\n<h3 class='prosTitle'>Pros<\/h3>\n<ul class='listpc pros'>\n<li>Monitoreo SMART en tiempo real<\/li>\n<li>Interfaz amigable para el usuario<\/li>\n<\/ul>\n<h3 class='consTitle'>Cons<\/h3>\n<ul class='listpc cons'>\n<li>Limitado a monitoreo (sin opciones de reparaci\u00f3n)<\/li>\n<li>Anuncios en la versi\u00f3n gratuita<\/li>\n<\/ul>\n<\/section>\n<section>\n<h2>Conclusi\u00f3n:<\/h2>\n<div class=\"nonp\">\n<p>Mantener la salud de tu disco duro y asegurar la seguridad de tus datos es un proceso continuo. Adem\u00e1s de usar herramientas de reparaci\u00f3n, cultiva el h\u00e1bito de un <b>mantenimiento rutinario<\/b>, como verificar peri\u00f3dicamente la existencia de errores en el disco mediante utilidades integradas como <b>CHKDSK<\/b> en Windows o <b>Utilidad de Disco<\/b> en macOS. Aunque las medidas preventivas son fundamentales, a veces la recuperaci\u00f3n es inevitable. En tales casos, es vital entender las capacidades y limitaciones de las herramientas de reparaci\u00f3n. Las operaciones de rescate que involucran herramientas de software deben intentarse antes de recurrir a servicios profesionales, los cuales pueden ser costosos y no siempre necesarios. He encontrado que art\u00edculos de sitios como <a href='https:\/\/www.techradar.com\/' rel=\"nofollow noopener\" target='_blank'>TechRadar<\/a> y <a href='https:\/\/www.pcworld.com\/' rel=\"nofollow noopener\" target='_blank'>PCWorld<\/a> son \u00fatiles para mantenerse al d\u00eda con las \u00faltimas herramientas y t\u00e9cnicas.<\/p>\n<\/div>\n<\/section>\n","protected":false},"excerpt":{"rendered":"<p>Mejor software de reparaci\u00f3n de discos duros para usar en 2024 No hay nada tan desalentador para los usuarios de computadoras como la posibilidad de falla en el disco duro. Ya sea el temido &#8216;clic de la muerte&#8217; o un mensaje de error cr\u00edptico, un disco duro defectuoso puede parecer un problema insuperable. Sin embargo, [&hellip;]<\/p>\n","protected":false},"author":0,"featured_media":44829,"parent":0,"menu_order":0,"comment_status":"closed","ping_status":"closed","template":"chromecast.php","meta":{"_stopmodifiedupdate":false,"_modified_date":"","_lmt_disableupdate":"","_lmt_disable":""},"acf":[],"yoast_head":"<!-- This site is optimized with the Yoast SEO plugin v20.9 - https:\/\/yoast.com\/wordpress\/plugins\/seo\/ -->\n<title>El mejor software de reparaci\u00f3n de discos del 2024 | Revisado<\/title>\n<meta name=\"robots\" content=\"index, follow, max-snippet:-1, max-image-preview:large, max-video-preview:-1\" \/>\n<link rel=\"canonical\" href=\"https:\/\/datarecovery.ping.fm\/es\/hard-drive-repair-software\/\" \/>\n<meta property=\"og:locale\" content=\"es_ES\" \/>\n<meta property=\"og:type\" content=\"article\" \/>\n<meta property=\"og:title\" content=\"El mejor software de reparaci\u00f3n de discos del 2024 | Revisado\" \/>\n<meta property=\"og:description\" content=\"Mejor software de reparaci\u00f3n de discos duros para usar en 2024 No hay nada tan desalentador para los usuarios de computadoras como la posibilidad de falla en el disco duro. Ya sea el temido &#8216;clic de la muerte&#8217; o un mensaje de error cr\u00edptico, un disco duro defectuoso puede parecer un problema insuperable. Sin embargo, [&hellip;]\" \/>\n<meta property=\"og:url\" content=\"https:\/\/datarecovery.ping.fm\/es\/hard-drive-repair-software\/\" \/>\n<meta property=\"og:site_name\" content=\"Software de Recuperaci\u00f3n de Datos\" \/>\n<meta property=\"article:modified_time\" content=\"2024-04-23T07:50:57+00:00\" \/>\n<meta property=\"og:image\" content=\"https:\/\/datarecovery.ping.fm\/wp-content\/uploads\/2024\/04\/Best-Hard-Drive-Repair-Software-to-Use-in-2024-Spanish-1.jpg\" \/>\n\t<meta property=\"og:image:width\" content=\"1280\" \/>\n\t<meta property=\"og:image:height\" content=\"731\" \/>\n\t<meta property=\"og:image:type\" content=\"image\/jpeg\" \/>\n<meta name=\"twitter:card\" content=\"summary_large_image\" \/>\n<meta name=\"twitter:label1\" content=\"Est. reading time\" \/>\n\t<meta name=\"twitter:data1\" content=\"4 minutos\" \/>\n<script type=\"application\/ld+json\" class=\"yoast-schema-graph\">{\"@context\":\"https:\/\/schema.org\",\"@graph\":[{\"@type\":\"WebPage\",\"@id\":\"https:\/\/datarecovery.ping.fm\/es\/hard-drive-repair-software\/\",\"url\":\"https:\/\/datarecovery.ping.fm\/es\/hard-drive-repair-software\/\",\"name\":\"El mejor software de reparaci\u00f3n de discos del 2024 | Revisado\",\"isPartOf\":{\"@id\":\"https:\/\/datarecovery.ping.fm\/es\/#website\"},\"datePublished\":\"2024-02-22T06:28:29+00:00\",\"dateModified\":\"2024-04-23T07:50:57+00:00\",\"breadcrumb\":{\"@id\":\"https:\/\/datarecovery.ping.fm\/es\/hard-drive-repair-software\/#breadcrumb\"},\"inLanguage\":\"es\",\"potentialAction\":[{\"@type\":\"ReadAction\",\"target\":[\"https:\/\/datarecovery.ping.fm\/es\/hard-drive-repair-software\/\"]}]},{\"@type\":\"BreadcrumbList\",\"@id\":\"https:\/\/datarecovery.ping.fm\/es\/hard-drive-repair-software\/#breadcrumb\",\"itemListElement\":[{\"@type\":\"ListItem\",\"position\":1,\"name\":\"Home\",\"item\":\"https:\/\/datarecovery.ping.fm\/es\/\"},{\"@type\":\"ListItem\",\"position\":2,\"name\":\"El mejor software de reparaci\u00f3n de discos duros para usar en el a\u00f1o 2024\"}]},{\"@type\":\"WebSite\",\"@id\":\"https:\/\/datarecovery.ping.fm\/es\/#website\",\"url\":\"https:\/\/datarecovery.ping.fm\/es\/\",\"name\":\"Software de Recuperaci\u00f3n de Datos\",\"description\":\"\",\"potentialAction\":[{\"@type\":\"SearchAction\",\"target\":{\"@type\":\"EntryPoint\",\"urlTemplate\":\"https:\/\/datarecovery.ping.fm\/es\/?s={search_term_string}\"},\"query-input\":\"required name=search_term_string\"}],\"inLanguage\":\"es\"}]}<\/script>\n<!-- \/ Yoast SEO plugin. -->","yoast_head_json":{"title":"El mejor software de reparaci\u00f3n de discos del 2024 | Revisado","robots":{"index":"index","follow":"follow","max-snippet":"max-snippet:-1","max-image-preview":"max-image-preview:large","max-video-preview":"max-video-preview:-1"},"canonical":"https:\/\/datarecovery.ping.fm\/es\/hard-drive-repair-software\/","og_locale":"es_ES","og_type":"article","og_title":"El mejor software de reparaci\u00f3n de discos del 2024 | Revisado","og_description":"Mejor software de reparaci\u00f3n de discos duros para usar en 2024 No hay nada tan desalentador para los usuarios de computadoras como la posibilidad de falla en el disco duro. Ya sea el temido &#8216;clic de la muerte&#8217; o un mensaje de error cr\u00edptico, un disco duro defectuoso puede parecer un problema insuperable. Sin embargo, [&hellip;]","og_url":"https:\/\/datarecovery.ping.fm\/es\/hard-drive-repair-software\/","og_site_name":"Software de Recuperaci\u00f3n de Datos","article_modified_time":"2024-04-23T07:50:57+00:00","og_image":[{"width":1280,"height":731,"url":"https:\/\/datarecovery.ping.fm\/wp-content\/uploads\/2024\/04\/Best-Hard-Drive-Repair-Software-to-Use-in-2024-Spanish-1.jpg","type":"image\/jpeg"}],"twitter_card":"summary_large_image","twitter_misc":{"Est. reading time":"4 minutos"},"schema":{"@context":"https:\/\/schema.org","@graph":[{"@type":"WebPage","@id":"https:\/\/datarecovery.ping.fm\/es\/hard-drive-repair-software\/","url":"https:\/\/datarecovery.ping.fm\/es\/hard-drive-repair-software\/","name":"El mejor software de reparaci\u00f3n de discos del 2024 | Revisado","isPartOf":{"@id":"https:\/\/datarecovery.ping.fm\/es\/#website"},"datePublished":"2024-02-22T06:28:29+00:00","dateModified":"2024-04-23T07:50:57+00:00","breadcrumb":{"@id":"https:\/\/datarecovery.ping.fm\/es\/hard-drive-repair-software\/#breadcrumb"},"inLanguage":"es","potentialAction":[{"@type":"ReadAction","target":["https:\/\/datarecovery.ping.fm\/es\/hard-drive-repair-software\/"]}]},{"@type":"BreadcrumbList","@id":"https:\/\/datarecovery.ping.fm\/es\/hard-drive-repair-software\/#breadcrumb","itemListElement":[{"@type":"ListItem","position":1,"name":"Home","item":"https:\/\/datarecovery.ping.fm\/es\/"},{"@type":"ListItem","position":2,"name":"El mejor software de reparaci\u00f3n de discos duros para usar en el a\u00f1o 2024"}]},{"@type":"WebSite","@id":"https:\/\/datarecovery.ping.fm\/es\/#website","url":"https:\/\/datarecovery.ping.fm\/es\/","name":"Software de Recuperaci\u00f3n de Datos","description":"","potentialAction":[{"@type":"SearchAction","target":{"@type":"EntryPoint","urlTemplate":"https:\/\/datarecovery.ping.fm\/es\/?s={search_term_string}"},"query-input":"required name=search_term_string"}],"inLanguage":"es"}]}},"_links":{"self":[{"href":"https:\/\/datarecovery.ping.fm\/es\/wp-json\/wp\/v2\/pages\/43895"}],"collection":[{"href":"https:\/\/datarecovery.ping.fm\/es\/wp-json\/wp\/v2\/pages"}],"about":[{"href":"https:\/\/datarecovery.ping.fm\/es\/wp-json\/wp\/v2\/types\/page"}],"replies":[{"embeddable":true,"href":"https:\/\/datarecovery.ping.fm\/es\/wp-json\/wp\/v2\/comments?post=43895"}],"version-history":[{"count":0,"href":"https:\/\/datarecovery.ping.fm\/es\/wp-json\/wp\/v2\/pages\/43895\/revisions"}],"wp:featuredmedia":[{"embeddable":true,"href":"https:\/\/datarecovery.ping.fm\/es\/wp-json\/wp\/v2\/media\/44829"}],"wp:attachment":[{"href":"https:\/\/datarecovery.ping.fm\/es\/wp-json\/wp\/v2\/media?parent=43895"}],"curies":[{"name":"wp","href":"https:\/\/api.w.org\/{rel}","templated":true}]}}