{"id":37397,"date":"2024-01-22T21:44:04","date_gmt":"2024-01-22T21:44:04","guid":{"rendered":"https:\/\/www.ping.fm\/data-recovery-software\/best-iphone-cleaners\/"},"modified":"2024-03-27T19:33:56","modified_gmt":"2024-03-27T19:33:56","slug":"best-iphone-cleaners","status":"publish","type":"page","link":"https:\/\/datarecovery.ping.fm\/es\/best-iphone-cleaners\/","title":{"rendered":"Las mejores aplicaciones de limpieza para iPhone"},"content":{"rendered":"<section>\n<h1>Las Mejores Aplicaciones para Limpiar iPhone<\/h1>\n<div class=\"inbrief\">\n<div>                     <img src=\"https:\/\/www.ping.fm\/data-recovery-software\/wp-content\/uploads\/ai\/FREE-iPhone-Cleaner-Apps-Spanish.jpg\" alt=\"Aplicaciones GRATUITAS para Limpiar iPhone\" title=\"Aplicaciones GRATUITAS para Limpiar iPhone\" width=\"1280\" height=\"720\">                     <\/p>\n<p>Como un usuario devoto de iPhone, asegurarme de que mi dispositivo tenga suficiente almacenamiento y funcione de manera eficiente es primordial. Para hacer esto realidad, he explorado personalmente varias <b>aplicaciones gratuitas para limpiar iPhone<\/b> que afirman deshacerse del desorden en mi dispositivo y mejorar su rendimiento. En esta b\u00fasqueda, he probado una serie de herramientas incluyendo <a href='https:\/\/apps.apple.com\/us\/app\/cleaner-kit-clean-up-storage\/id1194582243' rel=\"nofollow noopener\" target='_blank'>Cleaner Kit<\/a>, <a href='https:\/\/apps.apple.com\/us\/app\/cleaner-guru-cleaning-app\/id1476380919' rel=\"nofollow noopener\" target='_blank'>Cleaner Guru<\/a>, <a href='https:\/\/apps.apple.com\/us\/app\/cleanup-phone-storage-cleaner\/id1510944943' rel=\"nofollow noopener\" target='_blank'>Cleanup: Phone Storage Cleaner<\/a>, y <a href='https:\/\/apps.apple.com\/ie\/app\/cleanmy-phone-careful-cleaner\/id1277110040' rel=\"nofollow noopener\" target='_blank'>CleanMy<\/a>. Acomp\u00e1\u00f1ame mientras comparto percepciones personales sobre el rendimiento de cada aplicaci\u00f3n, pros y contras, manteni\u00e9ndome alejado del lenguaje promocional.<\/p>\n<\/div>\n<\/div>\n<\/section>\n<section>\n<div class=\"medal\">\n<div>&#129351;<\/div>\n<\/div>\n<h2><a href='https:\/\/apps.apple.com\/us\/app\/cleaner-kit-clean-up-storage\/id1194582243' rel=\"nofollow noopener\" target='_blank'>Cleaner Kit: Limpiar Almacenamiento<\/a><\/h2>\n<p><img src=\"https:\/\/www.ping.fm\/data-recovery-software\/wp-content\/uploads\/ai\/https---apps-apple-com-us-app-cleaner-kit-clean-up-storage-id1194582243Spanish.jpg\"><\/p>\n<p>La aplicaci\u00f3n <b>Cleaner Kit<\/b> promete una limpieza integral para el almacenamiento de tu iPhone. Con su interfaz amigable, pretende simplificar el proceso de eliminar archivos sobrantes y limpiar cach\u00e9s,<\/p>\n<p><a href='https:\/\/apps.apple.com\/us\/app\/cleaner-kit-clean-up-storage\/id1194582243' rel=\"nofollow noopener\" target='_blank' class='ofWSite'>Sitio Oficial<\/a><\/p>\n<h3 class='prosTitle'>Pros<\/h3>\n<ul class='listpc pros'>\n<li>Interfaz de usuario intuitiva<\/li>\n<li>Eliminaci\u00f3n eficiente de archivos basura<\/li>\n<\/ul>\n<h3 class='consTitle'>Contras<\/h3>\n<ul class='listpc cons'>\n<li>Funcionalidad limitada en la versi\u00f3n gratuita<\/li>\n<li>Potencial de eliminar datos importantes si no se tiene cuidado<\/li>\n<\/ul>\n<\/section>\n<section>\n<div class=\"medal\">\n<div>&#129352;<\/div>\n<\/div>\n<h2><a href='https:\/\/apps.apple.com\/us\/app\/cleaner-guru-cleaning-app\/id1476380919' rel=\"nofollow noopener\" target='_blank'>Cleaner Guru: Aplicaci\u00f3n de Limpieza<\/a><\/h2>\n<p><img src=\"https:\/\/www.ping.fm\/data-recovery-software\/wp-content\/uploads\/ai\/https---apps-apple-com-us-app-cleaner-guru-cleaning-app-id1476380919Spanish.jpg\"><\/p>\n<p><b>Cleaner Guru<\/b> se posiciona como una soluci\u00f3n inteligente para deshacerte del desorden en tu iPhone. Ofrece una combinaci\u00f3n de funcionalidades de limpieza, como la identificaci\u00f3n de fotos duplicadas y la clasificaci\u00f3n de archivos grandes.<\/p>\n<p><a href='https:\/\/apps.apple.com\/us\/app\/cleaner-guru-cleaning-app\/id1476380919' rel=\"nofollow noopener\" target='_blank' class='ofWSite'>Sitio Oficial<\/a><\/p>\n<h3 class='prosTitle'>Pros<\/h3>\n<ul class='listpc pros'>\n<li>Detecci\u00f3n de archivos duplicados y grandes<\/li>\n<li>Simplicidad en la categorizaci\u00f3n de archivos<\/li>\n<\/ul>\n<h3 class='consTitle'>Contras<\/h3>\n<ul class='listpc cons'>\n<li>Occasionalmente puede detectar no duplicados como duplicados<\/li>\n<li>Anuncios en la versi\u00f3n gratuita pueden ser intrusivos<\/li>\n<\/ul>\n<\/section>\n<section>\n<div class=\"medal\">\n<div>&#129353;<\/div>\n<\/div>\n<h2><a href='https:\/\/apps.apple.com\/us\/app\/cleanup-phone-storage-cleaner\/id1510944943' rel=\"nofollow noopener\" target='_blank'>Cleanup: Limpiador de Almacenamiento del Tel\u00e9fono<\/a><\/h2>\n<p><img src=\"https:\/\/www.ping.fm\/data-recovery-software\/wp-content\/uploads\/ai\/https---apps-apple-com-us-app-cleanup-phone-storage-cleaner-id1510944943Spanish.jpg\"><\/p>\n<p>Con un enfoque en la simplicidad y efectividad, <b>Cleanup: Limpiador de Almacenamiento del Tel\u00e9fono<\/b> funciona como una herramienta para eliminar r\u00e1pidamente datos innecesarios, incluyendo archivos temporales, y organiza tu biblioteca de fotos eliminando im\u00e1genes redundantes.<\/p>\n<p><a href='https:\/\/apps.apple.com\/us\/app\/cleanup-phone-storage-cleaner\/id1510944943' rel=\"nofollow noopener\" target='_blank' class='ofWSite'>Sitio Oficial<\/a><\/p>\n<h3 class='prosTitle'>Ventajas<\/h3>\n<ul class='listpc pros'>\n<li>Limpieza de fotos simplificada<\/li>\n<li>Interfaz centrada en el usuario<\/li>\n<\/ul>\n<h3 class='consTitle'>Desventajas<\/h3>\n<ul class='listpc cons'>\n<li>Funciones b\u00e1sicas en la versi\u00f3n gratuita<\/li>\n<li>La limpieza autom\u00e1tica podr\u00eda eliminar archivos deseados<\/li>\n<\/ul>\n<\/section>\n<section>\n<div class=\"no-medal\">\n<div>4<\/div>\n<\/div>\n<h2><a href='https:\/\/apps.apple.com\/ie\/app\/cleanmy-phone-careful-cleaner\/id1277110040' rel=\"nofollow noopener\" target='_blank'>CleanMy: Limpiador Cuidadoso<\/a><\/h2>\n<p><img src=\"https:\/\/www.ping.fm\/data-recovery-software\/wp-content\/uploads\/ai\/https---apps-apple-com-ie-app-cleanmy-phone-careful-cleaner-id1277110040Spanish.jpg\"><\/p>\n<p>La aplicaci\u00f3n <b>CleanMy<\/b> es un limpiador orientado al detalle que va m\u00e1s all\u00e1 de las tareas de limpieza gen\u00e9ricas. Ofrece un escaneo meticuloso de tu dispositivo para asegurarse de que nada innecesario ocupe el precioso espacio de almacenamiento.<\/p>\n<p><a href='https:\/\/apps.apple.com\/ie\/app\/cleanmy-phone-careful-cleaner\/id1277110040' rel=\"nofollow noopener\" target='_blank' class='ofWSite'>Sitio Oficial<\/a><\/p>\n<h3 class='prosTitle'>Ventajas<\/h3>\n<ul class='listpc pros'>\n<li>Escaneo y limpieza detallados<\/li>\n<li>Soporte al cliente \u00fatil<\/li>\n<\/ul>\n<h3 class='consTitle'>Desventajas<\/h3>\n<ul class='listpc cons'>\n<li>La interfaz puede ser abrumadora para los nuevos usuarios<\/li>\n<li>Las limitaciones de la prueba podr\u00edan impedir una evaluaci\u00f3n completa<\/li>\n<\/ul>\n<\/section>\n<section>\n<h2>Video de Youtube para ver<\/h2>\n<div class=\"nonp iframe\"><iframe width=\"420\" height=\"315\" src=\"\/\/www.youtube.com\/embed\/iLmIRZypAIs\" frameborder=\"0\" allowfullscreen><\/iframe><\/div>\n<\/section>\n<section>\n<h2>Conclusi\u00f3n:<\/h2>\n<div class=\"nonp\">Mantener la salud de tu iPhone no se trata \u00fanicamente de liberar espacio; se trata de adoptar un enfoque integral en la gesti\u00f3n del dispositivo. Las actualizaciones regulares, la instalaci\u00f3n consciente de aplicaciones y el cuidado en el consumo de datos pueden prevenir el desorden desde el principio. Para m\u00e1s informaci\u00f3n sobre el mantenimiento del iPhone, visita la <a href='https:\/\/support.apple.com\/en-us\/HT201232' rel=\"nofollow noopener\" target='_blank'>p\u00e1gina oficial de soporte de Apple<\/a> o explora foros tecnol\u00f3gicos como <a href='https:\/\/discussions.apple.com\/welcome' rel=\"nofollow noopener\" target='_blank'>Apple Discussions<\/a> donde puedes intercambiar consejos con otros usuarios.<\/div>\n<\/section>\n","protected":false},"excerpt":{"rendered":"<p>Las Mejores Aplicaciones para Limpiar iPhone Como un usuario devoto de iPhone, asegurarme de que mi dispositivo tenga suficiente almacenamiento y funcione de manera eficiente es primordial. Para hacer esto realidad, he explorado personalmente varias aplicaciones gratuitas para limpiar iPhone que afirman deshacerse del desorden en mi dispositivo y mejorar su rendimiento. En esta b\u00fasqueda, [&hellip;]<\/p>\n","protected":false},"author":0,"featured_media":0,"parent":0,"menu_order":0,"comment_status":"closed","ping_status":"closed","template":"chromecast.php","meta":{"_stopmodifiedupdate":false,"_modified_date":"","_lmt_disableupdate":"yes","_lmt_disable":""},"acf":[],"yoast_head":"<!-- This site is optimized with the Yoast SEO plugin v20.9 - https:\/\/yoast.com\/wordpress\/plugins\/seo\/ -->\n<title>Aplicaci\u00f3n gratuita de limpieza para iPhone 2024. Ventajas y desventajas<\/title>\n<meta name=\"robots\" content=\"index, follow, max-snippet:-1, max-image-preview:large, max-video-preview:-1\" \/>\n<link rel=\"canonical\" href=\"https:\/\/datarecovery.ping.fm\/es\/best-iphone-cleaners\/\" \/>\n<meta property=\"og:locale\" content=\"es_ES\" \/>\n<meta property=\"og:type\" content=\"article\" \/>\n<meta property=\"og:title\" content=\"Aplicaci\u00f3n gratuita de limpieza para iPhone 2024. Ventajas y desventajas\" \/>\n<meta property=\"og:description\" content=\"Las Mejores Aplicaciones para Limpiar iPhone Como un usuario devoto de iPhone, asegurarme de que mi dispositivo tenga suficiente almacenamiento y funcione de manera eficiente es primordial. Para hacer esto realidad, he explorado personalmente varias aplicaciones gratuitas para limpiar iPhone que afirman deshacerse del desorden en mi dispositivo y mejorar su rendimiento. En esta b\u00fasqueda, [&hellip;]\" \/>\n<meta property=\"og:url\" content=\"https:\/\/datarecovery.ping.fm\/es\/best-iphone-cleaners\/\" \/>\n<meta property=\"og:site_name\" content=\"Software de Recuperaci\u00f3n de Datos\" \/>\n<meta property=\"article:modified_time\" content=\"2024-03-27T19:33:56+00:00\" \/>\n<meta property=\"og:image\" content=\"https:\/\/www.ping.fm\/data-recovery-software\/wp-content\/uploads\/ai\/FREE-iPhone-Cleaner-Apps-Spanish.jpg\" \/>\n<meta name=\"twitter:card\" content=\"summary_large_image\" \/>\n<meta name=\"twitter:label1\" content=\"Est. reading time\" \/>\n\t<meta name=\"twitter:data1\" content=\"2 minutos\" \/>\n<script type=\"application\/ld+json\" class=\"yoast-schema-graph\">{\"@context\":\"https:\/\/schema.org\",\"@graph\":[{\"@type\":\"WebPage\",\"@id\":\"https:\/\/datarecovery.ping.fm\/es\/best-iphone-cleaners\/\",\"url\":\"https:\/\/datarecovery.ping.fm\/es\/best-iphone-cleaners\/\",\"name\":\"Aplicaci\u00f3n gratuita de limpieza para iPhone 2024. Ventajas y desventajas\",\"isPartOf\":{\"@id\":\"https:\/\/datarecovery.ping.fm\/es\/#website\"},\"datePublished\":\"2024-01-22T21:44:04+00:00\",\"dateModified\":\"2024-03-27T19:33:56+00:00\",\"breadcrumb\":{\"@id\":\"https:\/\/datarecovery.ping.fm\/es\/best-iphone-cleaners\/#breadcrumb\"},\"inLanguage\":\"es\",\"potentialAction\":[{\"@type\":\"ReadAction\",\"target\":[\"https:\/\/datarecovery.ping.fm\/es\/best-iphone-cleaners\/\"]}]},{\"@type\":\"BreadcrumbList\",\"@id\":\"https:\/\/datarecovery.ping.fm\/es\/best-iphone-cleaners\/#breadcrumb\",\"itemListElement\":[{\"@type\":\"ListItem\",\"position\":1,\"name\":\"Home\",\"item\":\"https:\/\/datarecovery.ping.fm\/es\/\"},{\"@type\":\"ListItem\",\"position\":2,\"name\":\"Las mejores aplicaciones de limpieza para iPhone\"}]},{\"@type\":\"WebSite\",\"@id\":\"https:\/\/datarecovery.ping.fm\/es\/#website\",\"url\":\"https:\/\/datarecovery.ping.fm\/es\/\",\"name\":\"Software de Recuperaci\u00f3n de Datos\",\"description\":\"\",\"potentialAction\":[{\"@type\":\"SearchAction\",\"target\":{\"@type\":\"EntryPoint\",\"urlTemplate\":\"https:\/\/datarecovery.ping.fm\/es\/?s={search_term_string}\"},\"query-input\":\"required name=search_term_string\"}],\"inLanguage\":\"es\"}]}<\/script>\n<!-- \/ Yoast SEO plugin. -->","yoast_head_json":{"title":"Aplicaci\u00f3n gratuita de limpieza para iPhone 2024. Ventajas y desventajas","robots":{"index":"index","follow":"follow","max-snippet":"max-snippet:-1","max-image-preview":"max-image-preview:large","max-video-preview":"max-video-preview:-1"},"canonical":"https:\/\/datarecovery.ping.fm\/es\/best-iphone-cleaners\/","og_locale":"es_ES","og_type":"article","og_title":"Aplicaci\u00f3n gratuita de limpieza para iPhone 2024. Ventajas y desventajas","og_description":"Las Mejores Aplicaciones para Limpiar iPhone Como un usuario devoto de iPhone, asegurarme de que mi dispositivo tenga suficiente almacenamiento y funcione de manera eficiente es primordial. Para hacer esto realidad, he explorado personalmente varias aplicaciones gratuitas para limpiar iPhone que afirman deshacerse del desorden en mi dispositivo y mejorar su rendimiento. En esta b\u00fasqueda, [&hellip;]","og_url":"https:\/\/datarecovery.ping.fm\/es\/best-iphone-cleaners\/","og_site_name":"Software de Recuperaci\u00f3n de Datos","article_modified_time":"2024-03-27T19:33:56+00:00","og_image":[{"url":"https:\/\/www.ping.fm\/data-recovery-software\/wp-content\/uploads\/ai\/FREE-iPhone-Cleaner-Apps-Spanish.jpg"}],"twitter_card":"summary_large_image","twitter_misc":{"Est. reading time":"2 minutos"},"schema":{"@context":"https:\/\/schema.org","@graph":[{"@type":"WebPage","@id":"https:\/\/datarecovery.ping.fm\/es\/best-iphone-cleaners\/","url":"https:\/\/datarecovery.ping.fm\/es\/best-iphone-cleaners\/","name":"Aplicaci\u00f3n gratuita de limpieza para iPhone 2024. Ventajas y desventajas","isPartOf":{"@id":"https:\/\/datarecovery.ping.fm\/es\/#website"},"datePublished":"2024-01-22T21:44:04+00:00","dateModified":"2024-03-27T19:33:56+00:00","breadcrumb":{"@id":"https:\/\/datarecovery.ping.fm\/es\/best-iphone-cleaners\/#breadcrumb"},"inLanguage":"es","potentialAction":[{"@type":"ReadAction","target":["https:\/\/datarecovery.ping.fm\/es\/best-iphone-cleaners\/"]}]},{"@type":"BreadcrumbList","@id":"https:\/\/datarecovery.ping.fm\/es\/best-iphone-cleaners\/#breadcrumb","itemListElement":[{"@type":"ListItem","position":1,"name":"Home","item":"https:\/\/datarecovery.ping.fm\/es\/"},{"@type":"ListItem","position":2,"name":"Las mejores aplicaciones de limpieza para iPhone"}]},{"@type":"WebSite","@id":"https:\/\/datarecovery.ping.fm\/es\/#website","url":"https:\/\/datarecovery.ping.fm\/es\/","name":"Software de Recuperaci\u00f3n de Datos","description":"","potentialAction":[{"@type":"SearchAction","target":{"@type":"EntryPoint","urlTemplate":"https:\/\/datarecovery.ping.fm\/es\/?s={search_term_string}"},"query-input":"required name=search_term_string"}],"inLanguage":"es"}]}},"_links":{"self":[{"href":"https:\/\/datarecovery.ping.fm\/es\/wp-json\/wp\/v2\/pages\/37397"}],"collection":[{"href":"https:\/\/datarecovery.ping.fm\/es\/wp-json\/wp\/v2\/pages"}],"about":[{"href":"https:\/\/datarecovery.ping.fm\/es\/wp-json\/wp\/v2\/types\/page"}],"replies":[{"embeddable":true,"href":"https:\/\/datarecovery.ping.fm\/es\/wp-json\/wp\/v2\/comments?post=37397"}],"version-history":[{"count":0,"href":"https:\/\/datarecovery.ping.fm\/es\/wp-json\/wp\/v2\/pages\/37397\/revisions"}],"wp:attachment":[{"href":"https:\/\/datarecovery.ping.fm\/es\/wp-json\/wp\/v2\/media?parent=37397"}],"curies":[{"name":"wp","href":"https:\/\/api.w.org\/{rel}","templated":true}]}}