{"id":19467,"date":"2024-01-15T20:25:31","date_gmt":"2024-01-15T20:25:31","guid":{"rendered":"https:\/\/www.ping.fm\/data-recovery-software\/easeus-data-recovery\/"},"modified":"2024-02-29T18:59:12","modified_gmt":"2024-02-29T18:59:12","slug":"easeus-data-recovery","status":"publish","type":"page","link":"https:\/\/datarecovery.ping.fm\/es\/easeus-data-recovery\/","title":{"rendered":"Revisi\u00f3n de Easeus Data Recovery (Ventajas y Desventajas)"},"content":{"rendered":"<section>\n<h1>Revisi\u00f3n de Easeus Data Recovery (Pros y Contras)<\/h1>\n<div class=\"inbrief\">\n<div>&#13;             <img decoding=\"async\" class=\"lazyload\"  srcset=\"data:image\/png;base64,iVBORw0KGgoAAAANSUhEUgAABLAAAAKkAQMAAAAqeFQ7AAAAA3NCSVQICAjb4U\/gAAAABlBMVEX\/\/\/\/\/\/\/9VfPVsAAAAAnRSTlMA\/1uRIrUAAAAJcEhZcwAACxIAAAsSAdLdfvwAAAAcdEVYdFNvZnR3YXJlAEFkb2JlIEZpcmV3b3JrcyBDUzbovLKMAAAAFnRFWHRDcmVhdGlvbiBUaW1lADAxLzI5LzE536V52wAAAHpJREFUeJztwQENAAAAwqD3T20ON6AAAAAAAAAAAAAAAAAAAAAAAAAAAAAAAAAAAAAAAAAAAAAAAAAAAAAAAAAAAAAAAAAAAAAAAAAAAAAAAAAAAAAAAAAAAAAAAAAAAAAAAAAAAAAAAAAAAAAAAAAAAAAAAAAAAIAHA47LAAHp9LjEAAAAAElFTkSuQmCC\" src=\"https:\/\/www.ping.fm\/data-recovery-software\/wp-content\/uploads\/ai\/Easeus-Data-Recovery-Review-(Pros-Cons)-Spanish.jpg\" data-srcset=\"https:\/\/www.ping.fm\/data-recovery-software\/wp-content\/uploads\/ai\/Easeus-Data-Recovery-Review-(Pros-Cons)-Spanish.jpg\" data-lazy-type=\"image\" data-original=\"https:\/\/www.ping.fm\/data-recovery-software\/wp-content\/uploads\/ai\/Easeus-Data-Recovery-Review-(Pros-Cons)-Spanish.jpg\" alt=\"Revisi\u00f3n de Easeus Data Recovery (Pros y Contras)\" title=\"Revisi\u00f3n de Easeus Data Recovery (Pros y Contras)\" width=\"1280\" height=\"720\">&#13;             <\/p>\n<p>En el mundo digital de hoy, la p\u00e9rdida de datos puede ser una experiencia angustiosa. Ya sea por eliminaci\u00f3n accidental, fallo del disco duro o un ataque de virus, el resultado es el mismo: los archivos vitales parecen desvanecerse en el aire. Pero no tem\u00e1is, ya que el software de recuperaci\u00f3n de datos entra en escena ofreciendo un rayo de esperanza. Entre estos, EaseUS Data Recovery ha surgido como una soluci\u00f3n muy buscada, pero &#191;c\u00f3mo se compara con otras opciones como Disk Drill? En esta revisi\u00f3n, examinaremos a fondo EaseUS Data Recovery y lo compararemos con Disk Drill y otras dos aplicaciones de recuperaci\u00f3n de datos.<\/p>\n<\/div>\n<\/div>\n<\/section>\n<p>&#13;             <\/p>\n<section>\n<div class=\"medal\">\n<div>&#129351;<\/div>\n<\/div>\n<h2><a href=\"https:\/\/www.easeus.com\/datarecoverywizard\/free-data-recovery-software.htm\" rel=\"nofollow external noopener noreferrer\" target=\"_blank\" data-wpel-link=\"external\">EaseUS Data Recovery Wizard<\/a><\/h2>\n<p><img src=\"https:\/\/www.ping.fm\/data-recovery-software\/wp-content\/uploads\/ai\/https---www-easeus-com-datarecoverywizard-free-data-recovery-software-htmSpanish.jpg\"><\/p>\n<p>Con una interfaz amigable y robustas capacidades de recuperaci\u00f3n, <b>EaseUS Data Recovery Wizard<\/b> ofrece un salvavidas para los datos perdidos. Adecuado tanto para principiantes como para profesionales, EaseUS ofrece opciones de escaneo r\u00e1pido y profundo para diferentes necesidades de recuperaci\u00f3n.<\/p>\n<p><a href=\"https:\/\/www.easeus.com\/datarecoverywizard\/free-data-recovery-software.htm\" rel=\"nofollow external noopener noreferrer\" target=\"_blank\" class=\"ofWSite\" data-wpel-link=\"external\">Sitio Web Oficial<\/a><\/p>\n<h3 class='prosTitle'>Pros<\/h3>\n<ul class='listpc pros'>\n<li>Interfaz de usuario intuitiva<\/li>\n<li>Ofrece una versi\u00f3n gratuita para la recuperaci\u00f3n preliminar de datos<\/li>\n<\/ul>\n<h3 class='consTitle'>Contras<\/h3>\n<ul class='listpc cons'>\n<li>Capacidad limitada de recuperaci\u00f3n en la versi\u00f3n gratuita<\/li>\n<li>La recuperaci\u00f3n completa puede ser algo costosa<\/li>\n<\/ul>\n<\/section>\n<p>&#13;             <\/p>\n<section>\n<div class=\"medal\">\n<div>&#129352;<\/div>\n<\/div>\n<h2><a href=\"https:\/\/www.cleverfiles.com\/\" rel=\"follow noopener\" target=\"_blank\" data-wpel-link=\"internal\">Disk Drill<\/a><\/h2>\n<p><img src=\"https:\/\/www.ping.fm\/data-recovery-software\/wp-content\/uploads\/ai\/https---www-cleverfiles-com-Spanish.jpg\"><\/p>\n<p><b>Disk Drill<\/b> no es solo una alternativa a <b>EaseUS Data Recovery<\/b> es una potencia que trae t\u00e9cnicas avanzadas de recuperaci\u00f3n de archivos al alcance. Con m\u00faltiples m\u00e9todos de recuperaci\u00f3n y soporte para varios sistemas de archivos, Disk Drill se destaca por su alta tasa de \u00e9xito.<\/p>\n<p><a href=\"https:\/\/www.cleverfiles.com\/\" rel=\"follow noopener\" target=\"_blank\" class=\"ofWSite\" data-wpel-link=\"internal\">Sitio Web Oficial<\/a><\/p>\n<h3 class='prosTitle'>Pros<\/h3>\n<ul class='listpc pros'>\n<li>Funciones premium como monitoreo SMART<\/li>\n<li>Vault de Recuperaci\u00f3n para protecci\u00f3n adicional de datos<\/li>\n<\/ul>\n<h3 class='consTitle'>Contras<\/h3>\n<ul class='listpc cons'>\n<li>La versi\u00f3n gratuita permite la recuperaci\u00f3n de hasta 500MB<\/li>\n<li>La interfaz podr\u00eda ser abrumadora para usuarios nuevos<\/li>\n<\/ul>\n<\/section>\n<p>&#13;             <\/p>\n<section>\n<div class=\"medal\">\n<div>&#129353;<\/div>\n<\/div>\n<h2><a href=\"https:\/\/www.r-studio.com\/\" rel=\"nofollow external noopener noreferrer\" target=\"_blank\" data-wpel-link=\"external\">R-Studio Data Recovery<\/a><\/h2>\n<p><img src=\"https:\/\/www.ping.fm\/data-recovery-software\/wp-content\/uploads\/ai\/https---www-r-studio-com-Spanish.jpg\"><\/p>\n<p>Concebido con los profesionales en mente, <b>R-Studio Data Recovery<\/b> es conocido por su completo conjunto de herramientas. Esta potencia puede tratar con da\u00f1os en particiones l\u00f3gicas y corrupci\u00f3n de archivos con relativa facilidad, presumiendo tambi\u00e9n de compatibilidad multiplataforma como un bono.<\/p>\n<p><a href=\"https:\/\/www.r-studio.com\/\" rel=\"nofollow external noopener noreferrer\" target=\"_blank\" class=\"ofWSite\" data-wpel-link=\"external\">Sitio Web Oficial<\/a><\/p>\n<h3 class='prosTitle'>Pros<\/h3>\n<ul class='listpc pros'>\n<li>Funciones avanzadas para uso profesional<\/li>\n<li>Soporte de recuperaci\u00f3n en red<\/li>\n<\/ul>\n<h3 class='consTitle'>Contras<\/h3>\n<ul class='listpc cons'>\n<li>Curva de aprendizaje m\u00e1s alta para principiantes<\/li>\n<li>La disposici\u00f3n puede parecer anticuada<\/li>\n<\/ul>\n<\/section>\n<section>\n<div class=\"no-medal\">\n<div>4<\/div>\n<\/div>\n<h2>Wondershare Recoverit<\/h2>\n<p><b>Wondershare Recoverit<\/b> tiene como objetivo proporcionar una experiencia de recuperaci\u00f3n optimizada con \u00e9nfasis en la claridad visual. Su velocidad de escaneo r\u00e1pido y la interfaz amigable hacen que sea f\u00e1cil para los nuevos usuarios comenzar a recuperar archivos sin necesidad de una curva de aprendizaje pronunciada.<\/p>\n<p>Sitio Web Oficial<\/p>\n<h3 class='prosTitle'>Pros<\/h3>\n<ul class='listpc pros'>\n<li>Dise\u00f1o amigable para el usuario<\/li>\n<li>Velocidades de escaneo r\u00e1pidas<\/li>\n<\/ul>\n<h3 class='consTitle'>Contras<\/h3>\n<ul class='listpc cons'>\n<li>M\u00e1s caro en comparaci\u00f3n con otros<\/li>\n<li>La versi\u00f3n de prueba gratuita tiene funcionalidad limitada<\/li>\n<\/ul>\n<\/section>\n<section>\n<h2>Video de Youtube para ver<\/h2>\n<div class=\"nonp iframe\"><span class=\"lazyload\" data-original_content=\"PGlmcmFtZSB3aWR0aD0iNDIwIiBoZWlnaHQ9IjMxNSIgc3JjPSIvL3d3dy55b3V0dWJlLmNvbS9lbWJlZC9JR0VpenIxV1ozRSIgZnJhbWVib3JkZXI9IjAiIGFsbG93ZnVsbHNjcmVlbj48L2lmcmFtZT4=\"><\/span><\/div>\n<\/section>\n<p>&#13; <\/p>\n<section>\n<h2>Conclusi\u00f3n:<\/h2>\n<div class=\"nonp\">\n<p>Cuando se trata de software de recuperaci\u00f3n de datos, la consideraci\u00f3n primordial deber\u00eda ser la tasa de \u00e9xito de la recuperaci\u00f3n. Aqu\u00ed es donde <b>Disk Drill<\/b> brilla, superando a menudo las expectativas de los usuarios. Su funci\u00f3n de B\u00f3veda de Recuperaci\u00f3n act\u00faa como una capa adicional de protecci\u00f3n, ayudando a salvaguardar archivos importantes antes de cualquier p\u00e9rdida potencial de datos.<\/p>\n<p>La frase \u00abm\u00e1s vale prevenir que lamentar\u00bb es particularmente cierta en el \u00e1mbito de la recuperaci\u00f3n de datos. Aplicaciones como <a href=\"https:\/\/www.cleverfiles.com\/Disk-drill-windows.html\" rel=\"follow noopener\" target=\"_blank\" data-wpel-link=\"internal\">Disk Drill<\/a> y otras de las que hemos hablado aqu\u00ed sirven en gran medida como una cura, pero tambi\u00e9n ofrecen medidas de prevenci\u00f3n, como la B\u00f3veda de Recuperaci\u00f3n de Disk Drill. Implementar dichas funciones es el equivalente moderno de una p\u00f3liza de seguros para tu vida digital.<\/p>\n<p>Tambi\u00e9n es cr\u00edtico buscar software que soporte una amplia gama de sistemas de archivos y dispositivos de almacenamiento. La compatibilidad con las \u00faltimas versiones de Windows y macOS asegura que el software crezca junto con tus necesidades. Para aquellos con conocimientos t\u00e9cnicos avanzados, las capacidades de red de R-Studio Data Recovery podr\u00edan proporcionar esa capa extra de flexibilidad necesaria para tareas de recuperaci\u00f3n complejas.<\/p>\n<p>El precio puede ser un factor decisivo para muchos, sin embargo, es vital considerar el costo frente al valor de los datos potencialmente recuperados. Mientras algunos pueden rehusarse al precio de <b>Wondershare Recoverit<\/b>, la pregunta sigue siendo &#8211; &#191;realmente se puede poner precio a recuerdos irremplazables o archivos de trabajo cruciales?<\/p>\n<p>Con todo, es importante ser cauteloso. Siempre elige un software de recuperaci\u00f3n reputado y seguro como <b>Disk Drill<\/b> o <b>EaseUS Data Recovery Wizard<\/b>, que priorizan la seguridad de los datos. Utiliza versiones de prueba gratuitas para evaluar el rendimiento; un escaneo preliminar a menudo dar\u00e1 una buena indicaci\u00f3n de las capacidades del software. <\/p>\n<p>Finalmente, aun cuando <b>Disk Drill<\/b> es sin duda un fuerte competidor en el \u00e1mbito del software de recuperaci\u00f3n de datos, hay otro software que se destaca como una alternativa a la recuperaci\u00f3n de datos <a href=\"https:\/\/disk-drill.com\" rel=\"dofollow external noopener noreferrer\" target=\"_blank\" data-wpel-link=\"external\">EaseUs<\/a>, combinando una funcionalidad robusta con facilidad de uso. Es esencial considerar la P\u00e1gina Principal de <b>Disk Drill<\/b> y c\u00f3mo enfatiza un enfoque centrado en el usuario, ofreciendo navegaci\u00f3n intuitiva junto a sus poderosas herramientas de recuperaci\u00f3n.<\/p>\n<\/div>\n<\/section>\n","protected":false},"excerpt":{"rendered":"<p>Revisi\u00f3n de Easeus Data Recovery (Pros y Contras) &#13; &#13; En el mundo digital de hoy, la p\u00e9rdida de datos puede ser una experiencia angustiosa. Ya sea por eliminaci\u00f3n accidental, fallo del disco duro o un ataque de virus, el resultado es el mismo: los archivos vitales parecen desvanecerse en el aire. Pero no tem\u00e1is, [&hellip;]<\/p>\n","protected":false},"author":2,"featured_media":35865,"parent":0,"menu_order":0,"comment_status":"closed","ping_status":"closed","template":"chromecast.php","meta":{"_stopmodifiedupdate":false,"_modified_date":"","_lmt_disableupdate":"yes","_lmt_disable":""},"acf":[],"yoast_head":"<!-- This site is optimized with the Yoast SEO plugin v20.9 - https:\/\/yoast.com\/wordpress\/plugins\/seo\/ -->\n<title>Revisi\u00f3n de Easeus Data Recovery &amp; Aplicaciones Alternativas en 2024 (Pros y Contras)<\/title>\n<meta name=\"robots\" content=\"index, follow, max-snippet:-1, max-image-preview:large, max-video-preview:-1\" \/>\n<link rel=\"canonical\" href=\"https:\/\/datarecovery.ping.fm\/es\/easeus-data-recovery\/\" \/>\n<meta property=\"og:locale\" content=\"es_ES\" \/>\n<meta property=\"og:type\" content=\"article\" \/>\n<meta property=\"og:title\" content=\"Revisi\u00f3n de Easeus Data Recovery &amp; Aplicaciones Alternativas en 2024 (Pros y Contras)\" \/>\n<meta property=\"og:description\" content=\"Revisi\u00f3n de Easeus Data Recovery (Pros y Contras) &#013; &#013; En el mundo digital de hoy, la p\u00e9rdida de datos puede ser una experiencia angustiosa. Ya sea por eliminaci\u00f3n accidental, fallo del disco duro o un ataque de virus, el resultado es el mismo: los archivos vitales parecen desvanecerse en el aire. Pero no tem\u00e1is, [&hellip;]\" \/>\n<meta property=\"og:url\" content=\"https:\/\/datarecovery.ping.fm\/es\/easeus-data-recovery\/\" \/>\n<meta property=\"og:site_name\" content=\"Software de Recuperaci\u00f3n de Datos\" \/>\n<meta property=\"article:modified_time\" content=\"2024-02-29T18:59:12+00:00\" \/>\n<meta property=\"og:image\" content=\"https:\/\/datarecovery.ping.fm\/wp-content\/uploads\/2024\/03\/Easeus-Data-Recovery-Review-Pros-Cons-Spanish.jpg\" \/>\n\t<meta property=\"og:image:width\" content=\"1280\" \/>\n\t<meta property=\"og:image:height\" content=\"731\" \/>\n\t<meta property=\"og:image:type\" content=\"image\/jpeg\" \/>\n<meta name=\"twitter:card\" content=\"summary_large_image\" \/>\n<meta name=\"twitter:label1\" content=\"Est. reading time\" \/>\n\t<meta name=\"twitter:data1\" content=\"4 minutos\" \/>\n<script type=\"application\/ld+json\" class=\"yoast-schema-graph\">{\"@context\":\"https:\/\/schema.org\",\"@graph\":[{\"@type\":\"WebPage\",\"@id\":\"https:\/\/datarecovery.ping.fm\/es\/easeus-data-recovery\/\",\"url\":\"https:\/\/datarecovery.ping.fm\/es\/easeus-data-recovery\/\",\"name\":\"Revisi\u00f3n de Easeus Data Recovery & Aplicaciones Alternativas en 2024 (Pros y Contras)\",\"isPartOf\":{\"@id\":\"https:\/\/datarecovery.ping.fm\/es\/#website\"},\"datePublished\":\"2024-01-15T20:25:31+00:00\",\"dateModified\":\"2024-02-29T18:59:12+00:00\",\"breadcrumb\":{\"@id\":\"https:\/\/datarecovery.ping.fm\/es\/easeus-data-recovery\/#breadcrumb\"},\"inLanguage\":\"es\",\"potentialAction\":[{\"@type\":\"ReadAction\",\"target\":[\"https:\/\/datarecovery.ping.fm\/es\/easeus-data-recovery\/\"]}]},{\"@type\":\"BreadcrumbList\",\"@id\":\"https:\/\/datarecovery.ping.fm\/es\/easeus-data-recovery\/#breadcrumb\",\"itemListElement\":[{\"@type\":\"ListItem\",\"position\":1,\"name\":\"Home\",\"item\":\"https:\/\/datarecovery.ping.fm\/es\/\"},{\"@type\":\"ListItem\",\"position\":2,\"name\":\"Revisi\u00f3n de Easeus Data Recovery (Ventajas y Desventajas)\"}]},{\"@type\":\"WebSite\",\"@id\":\"https:\/\/datarecovery.ping.fm\/es\/#website\",\"url\":\"https:\/\/datarecovery.ping.fm\/es\/\",\"name\":\"Software de Recuperaci\u00f3n de Datos\",\"description\":\"\",\"potentialAction\":[{\"@type\":\"SearchAction\",\"target\":{\"@type\":\"EntryPoint\",\"urlTemplate\":\"https:\/\/datarecovery.ping.fm\/es\/?s={search_term_string}\"},\"query-input\":\"required name=search_term_string\"}],\"inLanguage\":\"es\"}]}<\/script>\n<!-- \/ Yoast SEO plugin. -->","yoast_head_json":{"title":"Revisi\u00f3n de Easeus Data Recovery & Aplicaciones Alternativas en 2024 (Pros y Contras)","robots":{"index":"index","follow":"follow","max-snippet":"max-snippet:-1","max-image-preview":"max-image-preview:large","max-video-preview":"max-video-preview:-1"},"canonical":"https:\/\/datarecovery.ping.fm\/es\/easeus-data-recovery\/","og_locale":"es_ES","og_type":"article","og_title":"Revisi\u00f3n de Easeus Data Recovery & Aplicaciones Alternativas en 2024 (Pros y Contras)","og_description":"Revisi\u00f3n de Easeus Data Recovery (Pros y Contras) &#13; &#13; En el mundo digital de hoy, la p\u00e9rdida de datos puede ser una experiencia angustiosa. Ya sea por eliminaci\u00f3n accidental, fallo del disco duro o un ataque de virus, el resultado es el mismo: los archivos vitales parecen desvanecerse en el aire. Pero no tem\u00e1is, [&hellip;]","og_url":"https:\/\/datarecovery.ping.fm\/es\/easeus-data-recovery\/","og_site_name":"Software de Recuperaci\u00f3n de Datos","article_modified_time":"2024-02-29T18:59:12+00:00","og_image":[{"width":1280,"height":731,"url":"https:\/\/datarecovery.ping.fm\/wp-content\/uploads\/2024\/03\/Easeus-Data-Recovery-Review-Pros-Cons-Spanish.jpg","type":"image\/jpeg"}],"twitter_card":"summary_large_image","twitter_misc":{"Est. reading time":"4 minutos"},"schema":{"@context":"https:\/\/schema.org","@graph":[{"@type":"WebPage","@id":"https:\/\/datarecovery.ping.fm\/es\/easeus-data-recovery\/","url":"https:\/\/datarecovery.ping.fm\/es\/easeus-data-recovery\/","name":"Revisi\u00f3n de Easeus Data Recovery & Aplicaciones Alternativas en 2024 (Pros y Contras)","isPartOf":{"@id":"https:\/\/datarecovery.ping.fm\/es\/#website"},"datePublished":"2024-01-15T20:25:31+00:00","dateModified":"2024-02-29T18:59:12+00:00","breadcrumb":{"@id":"https:\/\/datarecovery.ping.fm\/es\/easeus-data-recovery\/#breadcrumb"},"inLanguage":"es","potentialAction":[{"@type":"ReadAction","target":["https:\/\/datarecovery.ping.fm\/es\/easeus-data-recovery\/"]}]},{"@type":"BreadcrumbList","@id":"https:\/\/datarecovery.ping.fm\/es\/easeus-data-recovery\/#breadcrumb","itemListElement":[{"@type":"ListItem","position":1,"name":"Home","item":"https:\/\/datarecovery.ping.fm\/es\/"},{"@type":"ListItem","position":2,"name":"Revisi\u00f3n de Easeus Data Recovery (Ventajas y Desventajas)"}]},{"@type":"WebSite","@id":"https:\/\/datarecovery.ping.fm\/es\/#website","url":"https:\/\/datarecovery.ping.fm\/es\/","name":"Software de Recuperaci\u00f3n de Datos","description":"","potentialAction":[{"@type":"SearchAction","target":{"@type":"EntryPoint","urlTemplate":"https:\/\/datarecovery.ping.fm\/es\/?s={search_term_string}"},"query-input":"required name=search_term_string"}],"inLanguage":"es"}]}},"_links":{"self":[{"href":"https:\/\/datarecovery.ping.fm\/es\/wp-json\/wp\/v2\/pages\/19467"}],"collection":[{"href":"https:\/\/datarecovery.ping.fm\/es\/wp-json\/wp\/v2\/pages"}],"about":[{"href":"https:\/\/datarecovery.ping.fm\/es\/wp-json\/wp\/v2\/types\/page"}],"author":[{"embeddable":true,"href":"https:\/\/datarecovery.ping.fm\/es\/wp-json\/wp\/v2\/users\/2"}],"replies":[{"embeddable":true,"href":"https:\/\/datarecovery.ping.fm\/es\/wp-json\/wp\/v2\/comments?post=19467"}],"version-history":[{"count":1,"href":"https:\/\/datarecovery.ping.fm\/es\/wp-json\/wp\/v2\/pages\/19467\/revisions"}],"predecessor-version":[{"id":29188,"href":"https:\/\/datarecovery.ping.fm\/es\/wp-json\/wp\/v2\/pages\/19467\/revisions\/29188"}],"wp:featuredmedia":[{"embeddable":true,"href":"https:\/\/datarecovery.ping.fm\/es\/wp-json\/wp\/v2\/media\/35865"}],"wp:attachment":[{"href":"https:\/\/datarecovery.ping.fm\/es\/wp-json\/wp\/v2\/media?parent=19467"}],"curies":[{"name":"wp","href":"https:\/\/api.w.org\/{rel}","templated":true}]}}