{"id":16274,"date":"2024-01-11T20:27:47","date_gmt":"2024-01-11T20:27:47","guid":{"rendered":"https:\/\/www.ping.fm\/data-recovery-software\/recover-deleted-files-windows-8\/"},"modified":"2024-02-16T08:55:47","modified_gmt":"2024-02-16T08:55:47","slug":"recover-deleted-files-windows-8","status":"publish","type":"page","link":"https:\/\/datarecovery.ping.fm\/es\/recover-deleted-files-windows-8\/","title":{"rendered":"C\u00f3mo recuperar archivos eliminados en Windows 8"},"content":{"rendered":"<section>\n<h1>C\u00f3mo recuperar archivos eliminados en Windows 8<\/h1>\n<div class=\"inbrief\">\n<div>             <img src=\"https:\/\/www.ping.fm\/data-recovery-software\/wp-content\/uploads\/ai\/How-to-Recover-Deleted-Files-on-Windows-8-Spanish.jpg\" alt=\"C\u00f3mo recuperar archivos eliminados en Windows 8\" title=\"C\u00f3mo recuperar archivos eliminados en Windows 8\" width=\"1280\" height=\"720\">             <\/p>\n<p>Perder archivos importantes en tu ordenador con Windows 8 o 8.1 puede ser una experiencia que induce al p\u00e1nico, especialmente si han sido eliminados de la papelera de reciclaje donde ya no son f\u00e1cilmente recuperables. Independientemente de c\u00f3mo se perdieron los archivos, hay formas de recuperarlos, y una herramienta efectiva para ello es <b>Disk Drill<\/b>. Este art\u00edculo comprensivo te guiar\u00e1 a trav\u00e9s de los m\u00e9todos para recuperar esos valiosos archivos que parec\u00edan perdidos para siempre. Para aquellos que buscan <a href='https:\/\/www.handyrecovery.com\/recover-deleted-files-windows-8\/' rel=\"dofollow noopener\" target='_blank'>m\u00e1s m\u00e9todos de recuperaci\u00f3n de archivos para Windows 8<\/a>, ten en cuenta que esta gu\u00eda incluye tres m\u00e9todos universalmente aplicables que te ayudar\u00e1n a recuperar archivos eliminados recientemente y de forma permanente en Windows 8.<\/p>\n<\/div>\n<\/div>\n<\/section>\n<section>\n<div>\n<div>1<\/div>\n<h2>Escenarios comunes:<\/h2>\n<\/div>\n<h3>Eliminaci\u00f3n inadvertida  <\/h3>\n<ul>\n<li>Todos hemos tenido esos momentos en los que un desliz con el dedo conduce a la eliminaci\u00f3n accidental del archivo incorrecto. Ya sea un documento de trabajo crucial o fotos sentimentales, el choque inicial puede ser abrumador. Pero respira hondo, \u00a1hay una forma de recuperar esos archivos!<\/li>\n<\/ul>\n<h3>Papelera de reciclaje vac\u00eda  <\/h3>\n<ul>\n<li>Otra situaci\u00f3n com\u00fan es vaciar la papelera de reciclaje sin darse cuenta de que hab\u00eda algo importante all\u00ed. Puede parecer que esos archivos se han ido para siempre, pero con las herramientas y pasos adecuados, tienes una buena posibilidad de restaurarlos.<\/li>\n<\/ul>\n<h3>Malfunciones de software o del sistema  <\/h3>\n<ul>\n<li>A veces, no es un error humano lo que causa la p\u00e9rdida de archivos: los fallos del sistema o las actualizaciones de software pueden eliminar datos inadvertidamente. Aunque pueda parecer una causa perdida, un software de recuperaci\u00f3n como <b>Disk Drill<\/b> puede ser un salvavidas en estos escenarios.<\/li>\n<\/ul>\n<\/section>\n<section class=\"stepByStep\">\n<div>\n<div>2<\/div>\n<h2>Gu\u00eda paso a paso. Recuperar archivos eliminados en Windows 8:<\/h2>\n<\/div>\n<h3>M\u00e9todo 1: Recuperar archivos con versiones anteriores  <\/h3>\n<ul>\n<li>Haz clic derecho en la carpeta donde se encontraban los archivos eliminados y selecciona <b>&#8216;Propiedades&#8217;<\/b>.<\/li>\n<li>Navega a la pesta\u00f1a de <b>&#8216;Versiones anteriores&#8217;<\/b>, y ver\u00e1s una lista de versiones de archivos disponibles.<\/li>\n<li>Selecciona la versi\u00f3n m\u00e1s relevante y haz clic en <b>&#8216;Restaurar&#8217;<\/b> para recuperar tus archivos.<\/li>\n<\/ul>\n<p><b>Nota:<\/b> Este m\u00e9todo depende de que la protecci\u00f3n del sistema est\u00e9 habilitada y de que los archivos estuvieran incluidos en un punto de restauraci\u00f3n del sistema o en una copia de seguridad.<\/p>\n<p><b>Conclusi\u00f3n:<\/b> Restaurar versiones anteriores es una soluci\u00f3n r\u00e1pida si est\u00e1 disponible, pero no siempre es fiable, ya que depende de configuraciones del sistema que pueden no estar configuradas correctamente.<\/p>\n<h3>M\u00e9todo 2: Utilizar la funci\u00f3n de historial de archivos  <\/h3>\n<ul>\n<li>Abre el <b>Panel de control<\/b> y selecciona <b>&#8216;Sistema y seguridad&#8217;<\/b>, luego <b>&#8216;Historial de archivos&#8217;<\/b>.<\/li>\n<li>Una vez en Historial de archivos, navega a <b>&#8216;Restaurar archivos personales&#8217;<\/b> ubicado en el men\u00fa lateral izquierdo.<\/li>\n<li>Aqu\u00ed, puedes navegar a trav\u00e9s de diferentes versiones de archivos. Cuando encuentres el archivo que deseas restaurar, simplemente selecci\u00f3nalo y haz clic en el bot\u00f3n verde <b>&#8216;Restaurar&#8217;<\/b> para recuperar tu archivo.<\/li>\n<\/ul>\n<p><b>Nota:<\/b> Esto requiere que el Historial de archivos se haya configurado antes de que se eliminaran los archivos.<\/p>\n<p><b>Conclusi\u00f3n:<\/b> El Historial de archivos es una excelente herramienta integrada para la recuperaci\u00f3n de datos, pero solo es tan buena como tu \u00faltima copia de seguridad.<\/p>\n<h3>M\u00e9todo 3: Recuperar con Disk Drill  <\/h3>\n<ul>\n<li>Descarga e instala <a href='https:\/\/www.cleverfiles.com\/disk-drill-windows.html' rel=\"nofollow noopener\" target='_blank'><b>Disk Drill<\/b> para Windows<\/a>.<\/li>\n<li>Ejecute <b>Disk Drill<\/b> y selecciona la unidad donde estaban guardados tus archivos eliminados.<\/li>\n<li>Haz clic en <b>&#8216;Recuperar&#8217;<\/b> para comenzar el proceso de escaneo.<\/li>\n<li>Una vez completado el escaneo, navega a trav\u00e9s de los archivos encontrados y selecciona aquellos que desees recuperar.<\/li>\n<li>Haz clic en <b>&#8216;Recuperar&#8217;<\/b> de nuevo, elige una ubicaci\u00f3n segura para guardar los archivos restaurados y sigue las instrucciones para completar el proceso de restauraci\u00f3n.<\/li>\n<\/ul>\n<p><b>Nota:<\/b> Evita guardar los archivos recuperados en la misma unidad de la que fueron eliminados para prevenir la sobreescritura de datos.<\/p>\n<p><b>Conclusi\u00f3n:<\/b> Disk Drill es una herramienta de recuperaci\u00f3n poderosa que puede recuperar una amplia gama de tipos de archivos, incluso de papeleras de reciclaje vaciadas o despu\u00e9s de formateos.<\/p>\n<\/section>\n<section>\n<div>\n<div>3<\/div>\n<h2>Precauciones y consejos:<\/h2>\n<\/div>\n<h3>Prevenir futuras p\u00e9rdidas de archivos  <\/h3>\n<ul>\n<li><b>Realiza copias de seguridad<\/b> de tus archivos regularmente en una unidad externa o servicio en la nube. Esta es la forma m\u00e1s efectiva de prevenir la p\u00e9rdida de datos.<\/li>\n<li>Aseg\u00farate de que la <b>protecci\u00f3n del sistema<\/b> est\u00e9 habilitada en tu ordenador para permitir la creaci\u00f3n de puntos de restauraci\u00f3n.<\/li>\n<li>Desarrolla el h\u00e1bito de <b>revisar la papelera de reciclaje<\/b> antes de vaciarla.<\/li>\n<\/ul>\n<\/section>\n<section>\n<div>\n<div>4<\/div>\n<h2>Informaci\u00f3n valiosa para la recuperaci\u00f3n<\/h2>\n<\/div>\n<p> Al intentar recuperar archivos eliminados en Windows 8 o 8.1, es esencial actuar r\u00e1pidamente. Cuanto antes intentes la recuperaci\u00f3n, mejores ser\u00e1n tus posibilidades de \u00e9xito. Esto se debe a que, cuando se elimina un archivo, no se borra inmediatamente del disco duro. En lugar de ello, el espacio que ocupaba se marca como disponible para ser utilizado por nuevos datos. Si los nuevos datos no lo han sobrescrito, software de recuperaci\u00f3n como <b>Disk Drill<\/b> a menudo puede restaurar estos archivos &#8216;invisibles&#8217;.<\/p>\n<p> Si has instalado nuevos programas o continuado usando tu ordenador extensivamente despu\u00e9s de la eliminaci\u00f3n de archivos, las posibilidades de una recuperaci\u00f3n exitosa pueden disminuir. Es crucial dejar de usar el ordenador y ejecutar el software de recuperaci\u00f3n lo antes posible para evitar la sobrescritura de datos. <\/p>\n<p> Usar software profesional es t\u00edpicamente la mejor opci\u00f3n, ya que estas herramientas est\u00e1n dise\u00f1adas para escanear tus discos a fondo y recuperar archivos perdidos en varios escenarios, incluyendo fallos de hardware, eliminaci\u00f3n accidental e incluso ataques de virus. <\/p>\n<p> Adem\u00e1s, invertir en una soluci\u00f3n de respaldo s\u00f3lida, ya sea un disco duro externo f\u00edsico o un servicio en la nube como <a href='https:\/\/www.microsoft.com\/en-us\/microsoft-365\/onedrive\/online-cloud-storage' rel=\"nofollow noopener\" target='_blank'>Microsoft OneDrive<\/a>, proteger\u00e1 tus datos contra futuros accidentes o fallos. <\/p>\n<p> Aunque hemos enfatizado el uso de soluciones de software, tambi\u00e9n vale la pena mencionar que ciertos problemas de hardware pueden requerir servicios profesionales de recuperaci\u00f3n de datos. Si sospechas que tu disco duro est\u00e1 f\u00edsicamente da\u00f1ado, es mejor consultar a un profesional para prevenir m\u00e1s p\u00e9rdida de datos. <\/p>\n<\/section>\n<section>\n<h2>Conclusi\u00f3n:<\/h2>\n<div class=\"nonp\">\n<p> El miedo y la frustraci\u00f3n que acompa\u00f1an la p\u00e9rdida de archivos importantes pueden ser abrumadores, pero con el enfoque correcto y las herramientas a tu disposici\u00f3n, como <b>Disk Drill<\/b>, la recuperaci\u00f3n de archivos en Windows 8 y 8.1 es a menudo posible. Es cr\u00edtico actuar con rapidez y utilizar m\u00e9todos confiables, ya sea aprovechando las funciones incorporadas de Windows o utilizando software dedicado. Realizar respaldos regulares de tus datos y practicar una buena higiene digital tambi\u00e9n pueden ayudar a mitigar las posibles crisis de p\u00e9rdida de archivos en el futuro. Recuerda, el \u00e1mbito digital ofrece soluciones, as\u00ed que toma un respiro y aborda el problema metodol\u00f3gicamente para obtener el mejor resultado. <\/p>\n<\/div>\n<\/section>\n","protected":false},"excerpt":{"rendered":"<p>C\u00f3mo recuperar archivos eliminados en Windows 8 Perder archivos importantes en tu ordenador con Windows 8 o 8.1 puede ser una experiencia que induce al p\u00e1nico, especialmente si han sido eliminados de la papelera de reciclaje donde ya no son f\u00e1cilmente recuperables. Independientemente de c\u00f3mo se perdieron los archivos, hay formas de recuperarlos, y una [&hellip;]<\/p>\n","protected":false},"author":2,"featured_media":35578,"parent":0,"menu_order":0,"comment_status":"closed","ping_status":"closed","template":"chromecast.php","meta":{"_stopmodifiedupdate":false,"_modified_date":"","_lmt_disableupdate":"yes","_lmt_disable":""},"acf":[],"yoast_head":"<!-- This site is optimized with the Yoast SEO plugin v20.9 - https:\/\/yoast.com\/wordpress\/plugins\/seo\/ -->\n<title>C\u00f3mo recuperar archivos borrados accidentalmente en Windows 8<\/title>\n<meta name=\"robots\" content=\"index, follow, max-snippet:-1, max-image-preview:large, max-video-preview:-1\" \/>\n<link rel=\"canonical\" href=\"https:\/\/datarecovery.ping.fm\/es\/recover-deleted-files-windows-8\/\" \/>\n<meta property=\"og:locale\" content=\"es_ES\" \/>\n<meta property=\"og:type\" content=\"article\" \/>\n<meta property=\"og:title\" content=\"C\u00f3mo recuperar archivos borrados accidentalmente en Windows 8\" \/>\n<meta property=\"og:description\" content=\"C\u00f3mo recuperar archivos eliminados en Windows 8 Perder archivos importantes en tu ordenador con Windows 8 o 8.1 puede ser una experiencia que induce al p\u00e1nico, especialmente si han sido eliminados de la papelera de reciclaje donde ya no son f\u00e1cilmente recuperables. Independientemente de c\u00f3mo se perdieron los archivos, hay formas de recuperarlos, y una [&hellip;]\" \/>\n<meta property=\"og:url\" content=\"https:\/\/datarecovery.ping.fm\/es\/recover-deleted-files-windows-8\/\" \/>\n<meta property=\"og:site_name\" content=\"Software de Recuperaci\u00f3n de Datos\" \/>\n<meta property=\"article:modified_time\" content=\"2024-02-16T08:55:47+00:00\" \/>\n<meta property=\"og:image\" content=\"https:\/\/datarecovery.ping.fm\/wp-content\/uploads\/2024\/03\/How-to-Recover-Deleted-Files-on-Windows-8-Spanish.jpg\" \/>\n\t<meta property=\"og:image:width\" content=\"1280\" \/>\n\t<meta property=\"og:image:height\" content=\"731\" \/>\n\t<meta property=\"og:image:type\" content=\"image\/jpeg\" \/>\n<meta name=\"twitter:card\" content=\"summary_large_image\" \/>\n<meta name=\"twitter:label1\" content=\"Est. reading time\" \/>\n\t<meta name=\"twitter:data1\" content=\"6 minutos\" \/>\n<script type=\"application\/ld+json\" class=\"yoast-schema-graph\">{\"@context\":\"https:\/\/schema.org\",\"@graph\":[{\"@type\":\"WebPage\",\"@id\":\"https:\/\/datarecovery.ping.fm\/es\/recover-deleted-files-windows-8\/\",\"url\":\"https:\/\/datarecovery.ping.fm\/es\/recover-deleted-files-windows-8\/\",\"name\":\"C\u00f3mo recuperar archivos borrados accidentalmente en Windows 8\",\"isPartOf\":{\"@id\":\"https:\/\/datarecovery.ping.fm\/es\/#website\"},\"datePublished\":\"2024-01-11T20:27:47+00:00\",\"dateModified\":\"2024-02-16T08:55:47+00:00\",\"breadcrumb\":{\"@id\":\"https:\/\/datarecovery.ping.fm\/es\/recover-deleted-files-windows-8\/#breadcrumb\"},\"inLanguage\":\"es\",\"potentialAction\":[{\"@type\":\"ReadAction\",\"target\":[\"https:\/\/datarecovery.ping.fm\/es\/recover-deleted-files-windows-8\/\"]}]},{\"@type\":\"BreadcrumbList\",\"@id\":\"https:\/\/datarecovery.ping.fm\/es\/recover-deleted-files-windows-8\/#breadcrumb\",\"itemListElement\":[{\"@type\":\"ListItem\",\"position\":1,\"name\":\"Home\",\"item\":\"https:\/\/datarecovery.ping.fm\/es\/\"},{\"@type\":\"ListItem\",\"position\":2,\"name\":\"C\u00f3mo recuperar archivos eliminados en Windows 8\"}]},{\"@type\":\"WebSite\",\"@id\":\"https:\/\/datarecovery.ping.fm\/es\/#website\",\"url\":\"https:\/\/datarecovery.ping.fm\/es\/\",\"name\":\"Software de Recuperaci\u00f3n de Datos\",\"description\":\"\",\"potentialAction\":[{\"@type\":\"SearchAction\",\"target\":{\"@type\":\"EntryPoint\",\"urlTemplate\":\"https:\/\/datarecovery.ping.fm\/es\/?s={search_term_string}\"},\"query-input\":\"required name=search_term_string\"}],\"inLanguage\":\"es\"}]}<\/script>\n<!-- \/ Yoast SEO plugin. -->","yoast_head_json":{"title":"C\u00f3mo recuperar archivos borrados accidentalmente en Windows 8","robots":{"index":"index","follow":"follow","max-snippet":"max-snippet:-1","max-image-preview":"max-image-preview:large","max-video-preview":"max-video-preview:-1"},"canonical":"https:\/\/datarecovery.ping.fm\/es\/recover-deleted-files-windows-8\/","og_locale":"es_ES","og_type":"article","og_title":"C\u00f3mo recuperar archivos borrados accidentalmente en Windows 8","og_description":"C\u00f3mo recuperar archivos eliminados en Windows 8 Perder archivos importantes en tu ordenador con Windows 8 o 8.1 puede ser una experiencia que induce al p\u00e1nico, especialmente si han sido eliminados de la papelera de reciclaje donde ya no son f\u00e1cilmente recuperables. Independientemente de c\u00f3mo se perdieron los archivos, hay formas de recuperarlos, y una [&hellip;]","og_url":"https:\/\/datarecovery.ping.fm\/es\/recover-deleted-files-windows-8\/","og_site_name":"Software de Recuperaci\u00f3n de Datos","article_modified_time":"2024-02-16T08:55:47+00:00","og_image":[{"width":1280,"height":731,"url":"https:\/\/datarecovery.ping.fm\/wp-content\/uploads\/2024\/03\/How-to-Recover-Deleted-Files-on-Windows-8-Spanish.jpg","type":"image\/jpeg"}],"twitter_card":"summary_large_image","twitter_misc":{"Est. reading time":"6 minutos"},"schema":{"@context":"https:\/\/schema.org","@graph":[{"@type":"WebPage","@id":"https:\/\/datarecovery.ping.fm\/es\/recover-deleted-files-windows-8\/","url":"https:\/\/datarecovery.ping.fm\/es\/recover-deleted-files-windows-8\/","name":"C\u00f3mo recuperar archivos borrados accidentalmente en Windows 8","isPartOf":{"@id":"https:\/\/datarecovery.ping.fm\/es\/#website"},"datePublished":"2024-01-11T20:27:47+00:00","dateModified":"2024-02-16T08:55:47+00:00","breadcrumb":{"@id":"https:\/\/datarecovery.ping.fm\/es\/recover-deleted-files-windows-8\/#breadcrumb"},"inLanguage":"es","potentialAction":[{"@type":"ReadAction","target":["https:\/\/datarecovery.ping.fm\/es\/recover-deleted-files-windows-8\/"]}]},{"@type":"BreadcrumbList","@id":"https:\/\/datarecovery.ping.fm\/es\/recover-deleted-files-windows-8\/#breadcrumb","itemListElement":[{"@type":"ListItem","position":1,"name":"Home","item":"https:\/\/datarecovery.ping.fm\/es\/"},{"@type":"ListItem","position":2,"name":"C\u00f3mo recuperar archivos eliminados en Windows 8"}]},{"@type":"WebSite","@id":"https:\/\/datarecovery.ping.fm\/es\/#website","url":"https:\/\/datarecovery.ping.fm\/es\/","name":"Software de Recuperaci\u00f3n de Datos","description":"","potentialAction":[{"@type":"SearchAction","target":{"@type":"EntryPoint","urlTemplate":"https:\/\/datarecovery.ping.fm\/es\/?s={search_term_string}"},"query-input":"required name=search_term_string"}],"inLanguage":"es"}]}},"_links":{"self":[{"href":"https:\/\/datarecovery.ping.fm\/es\/wp-json\/wp\/v2\/pages\/16274"}],"collection":[{"href":"https:\/\/datarecovery.ping.fm\/es\/wp-json\/wp\/v2\/pages"}],"about":[{"href":"https:\/\/datarecovery.ping.fm\/es\/wp-json\/wp\/v2\/types\/page"}],"author":[{"embeddable":true,"href":"https:\/\/datarecovery.ping.fm\/es\/wp-json\/wp\/v2\/users\/2"}],"replies":[{"embeddable":true,"href":"https:\/\/datarecovery.ping.fm\/es\/wp-json\/wp\/v2\/comments?post=16274"}],"version-history":[{"count":1,"href":"https:\/\/datarecovery.ping.fm\/es\/wp-json\/wp\/v2\/pages\/16274\/revisions"}],"predecessor-version":[{"id":35577,"href":"https:\/\/datarecovery.ping.fm\/es\/wp-json\/wp\/v2\/pages\/16274\/revisions\/35577"}],"wp:featuredmedia":[{"embeddable":true,"href":"https:\/\/datarecovery.ping.fm\/es\/wp-json\/wp\/v2\/media\/35578"}],"wp:attachment":[{"href":"https:\/\/datarecovery.ping.fm\/es\/wp-json\/wp\/v2\/media?parent=16274"}],"curies":[{"name":"wp","href":"https:\/\/api.w.org\/{rel}","templated":true}]}}