{"id":14973,"date":"2024-01-14T12:47:06","date_gmt":"2024-01-14T12:47:06","guid":{"rendered":"https:\/\/www.ping.fm\/data-recovery-software\/recoverit-stellar-easeus\/"},"modified":"2024-02-29T18:59:00","modified_gmt":"2024-02-29T18:59:00","slug":"recoverit-stellar-easeus","status":"publish","type":"page","link":"https:\/\/datarecovery.ping.fm\/es\/recoverit-stellar-easeus\/","title":{"rendered":"Easeus Data Recovery Vs Recoverit Vs Stellar"},"content":{"rendered":"<section>\n<h1>Easeus Data Recovery Vs Recoverit Vs Stellar<\/h1>\n<div class=\"inbrief\">\n<div>             <img src=\"https:\/\/www.ping.fm\/data-recovery-software\/wp-content\/uploads\/ai\/Easeus-Data-Recovery-Vs-Recoverit-VS-Stellar--Spanish.jpg\" alt=\"Easeus Data Recovery Vs Recoverit VS Stellar\" title=\"Easeus Data Recovery Vs Recoverit VS Stellar\" width=\"1280\" height=\"720\">             <\/p>\n<p>Cuando se trata de recuperaci\u00f3n de datos, elegir el software correcto puede marcar la diferencia entre el \u00e9xito y la frustraci\u00f3n. En este art\u00edculo, compararemos tres soluciones populares de recuperaci\u00f3n de datos: <a href='https:\/\/recoverit.wondershare.com' rel=\"nofollow noopener\" target='_blank'>Recoverit Data Recovery<\/a>, <a href='https:\/\/www.stellarinfo.com' rel=\"nofollow noopener\" target='_blank'>Stellar Data Recovery<\/a> y <a href='https:\/\/www.easeus.com\/datarecoverywizard\/free-data-recovery-software.htm' rel=\"nofollow noopener\" target='_blank'>EaseUS Data Recovery<\/a> &#8211; y discutiremos otra opci\u00f3n estelar, <a href='https:\/\/www.cleverfiles.com' rel=\"nofollow noopener\" target='_blank'>Disk Drill<\/a>, la cual he encontrado que es la mejor soluci\u00f3n basada en mis experiencias personales.<\/p>\n<\/div>\n<\/div>\n<\/section>\n<section>\n<div class=\"medal\">\n<div>&#129351;<\/div>\n<\/div>\n<h2><a href='https:\/\/recoverit.wondershare.com' rel=\"nofollow noopener\" target='_blank'>Recoverit Data Recovery<\/a><\/h2>\n<p><img src=\"https:\/\/www.ping.fm\/data-recovery-software\/wp-content\/uploads\/ai\/https---recoverit-wondershare-comSpanish.jpg\"><\/p>\n<p>Recoverit Data Recovery es una herramienta integral que promete restaurar tus valiosos datos con una alta tasa de \u00e9xito. Ofreciendo algoritmos avanzados, se ocupa de varios escenarios desde archivos eliminados hasta la recuperaci\u00f3n de particiones enteras.<\/p>\n<p><a href='https:\/\/recoverit.wondershare.com' rel=\"nofollow noopener\" target='_blank' class='ofWSite'>Sitio Web Oficial<\/a><\/p>\n<h3 class='prosTitle'>Pros<\/h3>\n<ul class='listpc pros'>\n<li>Interfaz f\u00e1cil de usar<\/li>\n<li>Tecnolog\u00eda de escaneo profundo<\/li>\n<\/ul>\n<h3 class='consTitle'>Contras<\/h3>\n<ul class='listpc cons'>\n<li>Precio m\u00e1s alto en comparaci\u00f3n con los competidores<\/li>\n<li>Tama\u00f1o limitado de recuperaci\u00f3n en la versi\u00f3n gratuita<\/li>\n<\/ul>\n<\/section>\n<section>\n<div class=\"medal\">\n<div>&#129352;<\/div>\n<\/div>\n<h2><a href='https:\/\/www.stellarinfo.com' rel=\"nofollow noopener\" target='_blank'>Stellar Data Recovery<\/a><\/h2>\n<p><img src=\"https:\/\/www.ping.fm\/data-recovery-software\/wp-content\/uploads\/ai\/https---www-stellarinfo-comSpanish.jpg\"><\/p>\n<p>Stellar Data Recovery se destaca por su s\u00f3lido proceso de recuperaci\u00f3n y el soporte para numerosos tipos de archivos. Dise\u00f1ado tanto para individuos como para empresas, ofrece soluciones para pr\u00e1cticamente cualquier situaci\u00f3n de p\u00e9rdida de datos.<\/p>\n<p><a href='https:\/\/www.stellarinfo.com' rel=\"nofollow noopener\" target='_blank' class='ofWSite'>Sitio Web Oficial<\/a><\/p>\n<h3 class='prosTitle'>Pros<\/h3>\n<ul class='listpc pros'>\n<li>Soporta una amplia gama de formatos de archivo<\/li>\n<li>Recuperaci\u00f3n de discos encriptados<\/li>\n<\/ul>\n<h3 class='consTitle'>Contras<\/h3>\n<ul class='listpc cons'>\n<li>Puede ser lento con discos grandes<\/li>\n<li>Algunos archivos pueden no ser recuperables despu\u00e9s de un escaneo<\/li>\n<\/ul>\n<\/section>\n<section>\n<div class=\"medal\">\n<div>&#129353;<\/div>\n<\/div>\n<h2><a href='https:\/\/www.easeus.com\/datarecoverywizard\/free-data-recovery-software.htm' rel=\"nofollow noopener\" target='_blank'>EaseUS Data Recovery<\/a><\/h2>\n<p><img src=\"https:\/\/www.ping.fm\/data-recovery-software\/wp-content\/uploads\/ai\/https---www-easeus-com-datarecoverywizard-free-data-recovery-software-htmSpanish.jpg\"><\/p>\n<p>EaseUS Data Recovery Wizard es una soluci\u00f3n sencilla que tiene como objetivo simplificar el proceso de recuperaci\u00f3n de datos. Su dise\u00f1o intuitivo e instrucciones claras lo hacen accesible para usuarios de todos los niveles t\u00e9cnicos.<\/p>\n<p><a href='https:\/\/www.easeus.com\/datarecoverywizard\/free-data-recovery-software.htm' rel=\"nofollow noopener\" target='_blank' class='ofWSite'>Sitio Web Oficial<\/a><\/p>\n<h3 class='prosTitle'>Pros<\/h3>\n<ul class='listpc pros'>\n<li>F\u00e1cil de usar para principiantes<\/li>\n<li>Versi\u00f3n gratuita disponible con recuperaci\u00f3n limitada<\/li>\n<\/ul>\n<h3 class='consTitle'>Contras<\/h3>\n<ul class='listpc cons'>\n<li>La versi\u00f3n gratuita tiene un l\u00edmite de recuperaci\u00f3n de 2 GB<\/li>\n<li>Las funciones completas requieren una actualizaci\u00f3n premium<\/li>\n<\/ul>\n<\/section>\n<section>\n<div class=\"no-medal\">\n<div>4<\/div>\n<\/div>\n<h2><a href='https:\/\/www.cleverfiles.com' rel=\"nofollow noopener\" target='_blank'>Disk Drill<\/a><\/h2>\n<p><img src=\"https:\/\/www.ping.fm\/data-recovery-software\/wp-content\/uploads\/ai\/https---www-cleverfiles-comSpanish.jpg\"><\/p>\n<p>Desde mi experiencia personal, <b>Disk Drill<\/b> destaca por encima de sus competidores con una combinaci\u00f3n de potencia, simplicidad y un conjunto de herramientas adicionales. No solo recupera archivos perdidos; tambi\u00e9n ofrece protecci\u00f3n proactiva de datos con Recovery Vault y seguimiento S.M.A.R.T.<\/p>\n<p><a href='https:\/\/www.cleverfiles.com' rel=\"nofollow noopener\" target='_blank' class='ofWSite'>Sitio Oficial<\/a><\/p>\n<h3 class='prosTitle'>Pros<\/h3>\n<ul class='listpc pros'>\n<li>Interfaz de usuario intuitiva<\/li>\n<li>Recovery Vault para protecci\u00f3n de datos<\/li>\n<\/ul>\n<h3 class='consTitle'>Contras<\/h3>\n<ul class='listpc cons'>\n<li>Opciones de recuperaci\u00f3n limitadas en la versi\u00f3n gratuita<\/li>\n<li>Versi\u00f3n Pro necesaria para caracter\u00edsticas avanzadas<\/li>\n<\/ul>\n<\/section>\n<section>\n<h2>Video de Youtube para ver<\/h2>\n<div class=\"nonp iframe\"><iframe width=\"420\" height=\"315\" src=\"\/\/www.youtube.com\/embed\/IGEizr1WZ3E\" frameborder=\"0\" allowfullscreen><\/iframe><\/div>\n<\/section>\n<section>\n<h2>Conclusi\u00f3n:<\/h2>\n<div class=\"nonp\">Al seleccionar una aplicaci\u00f3n de recuperaci\u00f3n de datos, es esencial considerar no solo la eficacia del software, sino tambi\u00e9n su facilidad de uso, soporte y relaci\u00f3n calidad-precio. Al final, no se trata solo de recuperar datos; se trata de toda la experiencia de recuperaci\u00f3n y de lo que el software puede ofrecer m\u00e1s all\u00e1 de la mera restauraci\u00f3n de archivos. Con opciones como <a href='https:\/\/recoverit.wondershare.com' rel=\"nofollow noopener\" target='_blank'>Recoverit Data Recovery<\/a>, <a href='https:\/\/www.stellarinfo.com' rel=\"nofollow noopener\" target='_blank'>Stellar Data Recovery<\/a>, y <a href='https:\/\/www.easeus.com\/datarecoverywizard\/free-data-recovery-software.htm' rel=\"nofollow noopener\" target='_blank'>EaseUS Data Recovery<\/a>, los usuarios tienen una variedad de elecciones, cada una aportando sus propias fortalezas. Sin embargo, desde mi experiencia personal, <b>Disk Drill<\/b> ha proporcionado la experiencia de recuperaci\u00f3n m\u00e1s satisfactoria y completa. No solo ofrece robustas capacidades de recuperaci\u00f3n de datos, sino que caracter\u00edsticas como Recovery Vault y el seguimiento de disco S.M.A.R.T. agregan un valor significativo, actuando como medida preventiva contra futuras p\u00e9rdidas de datos. Estas caracter\u00edsticas, combinadas con una interfaz intuitiva y soporte al cliente dedicado, hacen que <b>Disk Drill<\/b> se destaque en un mercado saturado. Para aquellos interesados en echar un vistazo m\u00e1s de cerca, recomiendo visitar <a href='https:\/\/www.cleverfiles.com' rel=\"dofollow noopener\" target='_blank'>https:\/\/www.cleverfiles.com<\/a>, la p\u00e1gina de inicio de Disk Drill, para obtener m\u00e1s informaci\u00f3n detallada y experimentar de primera mano las ventajas que ofrece. <\/p>\n<p>En el campo de la recuperaci\u00f3n de datos, en constante evoluci\u00f3n, tener una herramienta confiable a mano no es un lujo sino una necesidad. Ya sea que se trate de eliminaciones accidentales, fallas de disco o ataques de virus, una recuperaci\u00f3n exitosa a menudo depende de una acci\u00f3n r\u00e1pida y las capacidades del software que elijas. Adem\u00e1s, buscar asesoramiento en foros tecnol\u00f3gicos y mantenerse al d\u00eda con las \u00faltimas revisiones de software tambi\u00e9n puede guiar tu proceso de toma de decisiones. Por ejemplo, la revisi\u00f3n de <a href='https:\/\/www.techradar.com\/news\/the-best-free-data-recovery-software' rel=\"nofollow noopener\" target='_blank'>los mejores softwares de recuperaci\u00f3n de datos gratuitos de TechRadar<\/a> puede brindarte algunas perspectivas sobre las principales opciones actuales en la industria.<\/p>\n<\/div>\n<\/section>\n","protected":false},"excerpt":{"rendered":"<p>Easeus Data Recovery Vs Recoverit Vs Stellar Cuando se trata de recuperaci\u00f3n de datos, elegir el software correcto puede marcar la diferencia entre el \u00e9xito y la frustraci\u00f3n. En este art\u00edculo, compararemos tres soluciones populares de recuperaci\u00f3n de datos: Recoverit Data Recovery, Stellar Data Recovery y EaseUS Data Recovery &#8211; y discutiremos otra opci\u00f3n estelar, [&hellip;]<\/p>\n","protected":false},"author":2,"featured_media":35473,"parent":0,"menu_order":0,"comment_status":"closed","ping_status":"closed","template":"chromecast.php","meta":{"_stopmodifiedupdate":false,"_modified_date":"","_lmt_disableupdate":"yes","_lmt_disable":""},"acf":[],"yoast_head":"<!-- This site is optimized with the Yoast SEO plugin v20.9 - https:\/\/yoast.com\/wordpress\/plugins\/seo\/ -->\n<title>Mejores aplicaciones de recuperaci\u00f3n de datos: Easeus Data Recovery VS Recoverit VS Stellar. Pros y contras en 2024<\/title>\n<meta name=\"robots\" content=\"index, follow, max-snippet:-1, max-image-preview:large, max-video-preview:-1\" \/>\n<link rel=\"canonical\" href=\"https:\/\/datarecovery.ping.fm\/es\/recoverit-stellar-easeus\/\" \/>\n<meta property=\"og:locale\" content=\"es_ES\" \/>\n<meta property=\"og:type\" content=\"article\" \/>\n<meta property=\"og:title\" content=\"Mejores aplicaciones de recuperaci\u00f3n de datos: Easeus Data Recovery VS Recoverit VS Stellar. Pros y contras en 2024\" \/>\n<meta property=\"og:description\" content=\"Easeus Data Recovery Vs Recoverit Vs Stellar Cuando se trata de recuperaci\u00f3n de datos, elegir el software correcto puede marcar la diferencia entre el \u00e9xito y la frustraci\u00f3n. En este art\u00edculo, compararemos tres soluciones populares de recuperaci\u00f3n de datos: Recoverit Data Recovery, Stellar Data Recovery y EaseUS Data Recovery &#8211; y discutiremos otra opci\u00f3n estelar, [&hellip;]\" \/>\n<meta property=\"og:url\" content=\"https:\/\/datarecovery.ping.fm\/es\/recoverit-stellar-easeus\/\" \/>\n<meta property=\"og:site_name\" content=\"Software de Recuperaci\u00f3n de Datos\" \/>\n<meta property=\"article:modified_time\" content=\"2024-02-29T18:59:00+00:00\" \/>\n<meta property=\"og:image\" content=\"https:\/\/datarecovery.ping.fm\/wp-content\/uploads\/2024\/03\/Easeus-Data-Recovery-Vs-Recoverit-VS-Stellar-Spanish.jpg\" \/>\n\t<meta property=\"og:image:width\" content=\"1280\" \/>\n\t<meta property=\"og:image:height\" content=\"731\" \/>\n\t<meta property=\"og:image:type\" content=\"image\/jpeg\" \/>\n<meta name=\"twitter:card\" content=\"summary_large_image\" \/>\n<meta name=\"twitter:label1\" content=\"Est. reading time\" \/>\n\t<meta name=\"twitter:data1\" content=\"4 minutos\" \/>\n<script type=\"application\/ld+json\" class=\"yoast-schema-graph\">{\"@context\":\"https:\/\/schema.org\",\"@graph\":[{\"@type\":\"WebPage\",\"@id\":\"https:\/\/datarecovery.ping.fm\/es\/recoverit-stellar-easeus\/\",\"url\":\"https:\/\/datarecovery.ping.fm\/es\/recoverit-stellar-easeus\/\",\"name\":\"Mejores aplicaciones de recuperaci\u00f3n de datos: Easeus Data Recovery VS Recoverit VS Stellar. Pros y contras en 2024\",\"isPartOf\":{\"@id\":\"https:\/\/datarecovery.ping.fm\/es\/#website\"},\"datePublished\":\"2024-01-14T12:47:06+00:00\",\"dateModified\":\"2024-02-29T18:59:00+00:00\",\"breadcrumb\":{\"@id\":\"https:\/\/datarecovery.ping.fm\/es\/recoverit-stellar-easeus\/#breadcrumb\"},\"inLanguage\":\"es\",\"potentialAction\":[{\"@type\":\"ReadAction\",\"target\":[\"https:\/\/datarecovery.ping.fm\/es\/recoverit-stellar-easeus\/\"]}]},{\"@type\":\"BreadcrumbList\",\"@id\":\"https:\/\/datarecovery.ping.fm\/es\/recoverit-stellar-easeus\/#breadcrumb\",\"itemListElement\":[{\"@type\":\"ListItem\",\"position\":1,\"name\":\"Home\",\"item\":\"https:\/\/datarecovery.ping.fm\/es\/\"},{\"@type\":\"ListItem\",\"position\":2,\"name\":\"Easeus Data Recovery Vs Recoverit Vs Stellar\"}]},{\"@type\":\"WebSite\",\"@id\":\"https:\/\/datarecovery.ping.fm\/es\/#website\",\"url\":\"https:\/\/datarecovery.ping.fm\/es\/\",\"name\":\"Software de Recuperaci\u00f3n de Datos\",\"description\":\"\",\"potentialAction\":[{\"@type\":\"SearchAction\",\"target\":{\"@type\":\"EntryPoint\",\"urlTemplate\":\"https:\/\/datarecovery.ping.fm\/es\/?s={search_term_string}\"},\"query-input\":\"required name=search_term_string\"}],\"inLanguage\":\"es\"}]}<\/script>\n<!-- \/ Yoast SEO plugin. -->","yoast_head_json":{"title":"Mejores aplicaciones de recuperaci\u00f3n de datos: Easeus Data Recovery VS Recoverit VS Stellar. Pros y contras en 2024","robots":{"index":"index","follow":"follow","max-snippet":"max-snippet:-1","max-image-preview":"max-image-preview:large","max-video-preview":"max-video-preview:-1"},"canonical":"https:\/\/datarecovery.ping.fm\/es\/recoverit-stellar-easeus\/","og_locale":"es_ES","og_type":"article","og_title":"Mejores aplicaciones de recuperaci\u00f3n de datos: Easeus Data Recovery VS Recoverit VS Stellar. Pros y contras en 2024","og_description":"Easeus Data Recovery Vs Recoverit Vs Stellar Cuando se trata de recuperaci\u00f3n de datos, elegir el software correcto puede marcar la diferencia entre el \u00e9xito y la frustraci\u00f3n. En este art\u00edculo, compararemos tres soluciones populares de recuperaci\u00f3n de datos: Recoverit Data Recovery, Stellar Data Recovery y EaseUS Data Recovery &#8211; y discutiremos otra opci\u00f3n estelar, [&hellip;]","og_url":"https:\/\/datarecovery.ping.fm\/es\/recoverit-stellar-easeus\/","og_site_name":"Software de Recuperaci\u00f3n de Datos","article_modified_time":"2024-02-29T18:59:00+00:00","og_image":[{"width":1280,"height":731,"url":"https:\/\/datarecovery.ping.fm\/wp-content\/uploads\/2024\/03\/Easeus-Data-Recovery-Vs-Recoverit-VS-Stellar-Spanish.jpg","type":"image\/jpeg"}],"twitter_card":"summary_large_image","twitter_misc":{"Est. reading time":"4 minutos"},"schema":{"@context":"https:\/\/schema.org","@graph":[{"@type":"WebPage","@id":"https:\/\/datarecovery.ping.fm\/es\/recoverit-stellar-easeus\/","url":"https:\/\/datarecovery.ping.fm\/es\/recoverit-stellar-easeus\/","name":"Mejores aplicaciones de recuperaci\u00f3n de datos: Easeus Data Recovery VS Recoverit VS Stellar. Pros y contras en 2024","isPartOf":{"@id":"https:\/\/datarecovery.ping.fm\/es\/#website"},"datePublished":"2024-01-14T12:47:06+00:00","dateModified":"2024-02-29T18:59:00+00:00","breadcrumb":{"@id":"https:\/\/datarecovery.ping.fm\/es\/recoverit-stellar-easeus\/#breadcrumb"},"inLanguage":"es","potentialAction":[{"@type":"ReadAction","target":["https:\/\/datarecovery.ping.fm\/es\/recoverit-stellar-easeus\/"]}]},{"@type":"BreadcrumbList","@id":"https:\/\/datarecovery.ping.fm\/es\/recoverit-stellar-easeus\/#breadcrumb","itemListElement":[{"@type":"ListItem","position":1,"name":"Home","item":"https:\/\/datarecovery.ping.fm\/es\/"},{"@type":"ListItem","position":2,"name":"Easeus Data Recovery Vs Recoverit Vs Stellar"}]},{"@type":"WebSite","@id":"https:\/\/datarecovery.ping.fm\/es\/#website","url":"https:\/\/datarecovery.ping.fm\/es\/","name":"Software de Recuperaci\u00f3n de Datos","description":"","potentialAction":[{"@type":"SearchAction","target":{"@type":"EntryPoint","urlTemplate":"https:\/\/datarecovery.ping.fm\/es\/?s={search_term_string}"},"query-input":"required name=search_term_string"}],"inLanguage":"es"}]}},"_links":{"self":[{"href":"https:\/\/datarecovery.ping.fm\/es\/wp-json\/wp\/v2\/pages\/14973"}],"collection":[{"href":"https:\/\/datarecovery.ping.fm\/es\/wp-json\/wp\/v2\/pages"}],"about":[{"href":"https:\/\/datarecovery.ping.fm\/es\/wp-json\/wp\/v2\/types\/page"}],"author":[{"embeddable":true,"href":"https:\/\/datarecovery.ping.fm\/es\/wp-json\/wp\/v2\/users\/2"}],"replies":[{"embeddable":true,"href":"https:\/\/datarecovery.ping.fm\/es\/wp-json\/wp\/v2\/comments?post=14973"}],"version-history":[{"count":1,"href":"https:\/\/datarecovery.ping.fm\/es\/wp-json\/wp\/v2\/pages\/14973\/revisions"}],"predecessor-version":[{"id":29140,"href":"https:\/\/datarecovery.ping.fm\/es\/wp-json\/wp\/v2\/pages\/14973\/revisions\/29140"}],"wp:featuredmedia":[{"embeddable":true,"href":"https:\/\/datarecovery.ping.fm\/es\/wp-json\/wp\/v2\/media\/35473"}],"wp:attachment":[{"href":"https:\/\/datarecovery.ping.fm\/es\/wp-json\/wp\/v2\/media?parent=14973"}],"curies":[{"name":"wp","href":"https:\/\/api.w.org\/{rel}","templated":true}]}}