{"id":13067,"date":"2023-12-25T15:46:11","date_gmt":"2023-12-25T15:46:11","guid":{"rendered":"https:\/\/www.ping.fm\/data-recovery-software\/recover-sd-card\/"},"modified":"2024-02-29T18:58:58","modified_gmt":"2024-02-29T18:58:58","slug":"recover-sd-card","status":"publish","type":"page","link":"https:\/\/datarecovery.ping.fm\/es\/recover-sd-card\/","title":{"rendered":"Mejores aplicaciones para recuperar datos en una tarjeta SD da\u00f1ada"},"content":{"rendered":"<section>\n<h1>Mejores aplicaciones para recuperar datos de tarjetas SD corruptas<\/h1>\n<div class=\"inbrief\">\n<div>&#13;  <img src=\"https:\/\/www.ping.fm\/data-recovery-software\/wp-content\/uploads\/ai\/Best-Apps-to-Recover-Data-from-Corrupted-SD-card-Spanish.jpg\" alt=\"Mejores aplicaciones para recuperar datos de tarjetas SD corruptas\" title=\"Mejores aplicaciones para recuperar datos de tarjetas SD corruptas\" width=\"1280\" height=\"720\">&#13;  <\/p>\n<p>En nuestro mundo dirigido por la tecnolog\u00eda, las tarjetas SD son aliadas importantes de almacenamiento, conteniendo preciosas fotograf\u00edas, archivos de negocios cruciales o recuerdos atesorados. Sin embargo, esas peque\u00f1as piezas de tecnolog\u00eda no son inmunes a las fuerzas corruptoras, ya sea por da\u00f1os f\u00edsicos, errores del sistema o infecciones de virus. Cuando una tarjeta SD preciada parece estar corrupta, el temor a la p\u00e9rdida permanente de datos asoma a la superficie. Sin embargo, hay esperanza. En este art\u00edculo, nos adentramos en las 5 principales soluciones de software para recuperar datos de una tarjeta SD corrupta, con un enfoque personal en mi experiencia usando una de ellas, Disk Drill.<\/p>\n<\/div>\n<\/div>\n<\/section>\n<p>&#13;  <\/p>\n<section>\n<div class=\"medal\">\n<div>&#129351;<\/div>\n<\/div>\n<h2><a href='https:\/\/www.cleverfiles.com\/memory-card-recovery-mac.html' rel=\"nofollow noopener\" target='_blank'>Disk Drill<\/a><\/h2>\n<p><img src=\"https:\/\/www.ping.fm\/data-recovery-software\/wp-content\/uploads\/ai\/https---www-cleverfiles-com-memory-card-recovery-mac-htmlSpanish.jpg\"><\/p>\n<p>Desde mi experiencia personal, Disk Drill se presenta como una soluci\u00f3n robusta para la recuperaci\u00f3n de datos. Ofrece una interfaz intuitiva, haciendo menos intimidante la tarea de recuperaci\u00f3n de datos. Conocida por sus <b>capacidades de escaneo potentes<\/b>, Disk Drill puede descubrir archivos que cre\u00edas perdidos para siempre.<\/p>\n<p><a href='https:\/\/www.cleverfiles.com\/memory-card-recovery-mac.html' rel=\"nofollow noopener\" target='_blank' class='ofWSite'>Sitio Web Oficial<\/a><\/p>\n<h3 class='prosTitle'>Pros<\/h3>\n<ul class='listpc pros'>\n<li>Soporte vers\u00e1til de sistemas de archivos.<\/li>\n<li>Interfaz amigable al usuario.<\/li>\n<\/ul>\n<h3 class='consTitle'>Contras<\/h3>\n<ul class='listpc cons'>\n<li>Puede ser m\u00e1s lento que los competidores durante escaneos profundos.<\/li>\n<li>Opciones limitadas de vista previa para ciertos tipos de archivos.<\/li>\n<\/ul>\n<\/section>\n<p>&#13;  <\/p>\n<section>\n<div class=\"medal\">\n<div>&#129352;<\/div>\n<\/div>\n<h2>EaseUS Data Recovery Wizard<\/h2>\n<p>EaseUS Data Recovery Wizard presume de un dise\u00f1o elegante junto con una pl\u00e9tora de caracter\u00edsticas de recuperaci\u00f3n. Este software hace que el proceso de recuperaci\u00f3n sea <b>accesible<\/b> para novatos, sin sacrificar profundidad para usuarios m\u00e1s avanzados.<\/p>\n<p>Sitio Web Oficial<\/p>\n<h3 class='prosTitle'>Pros<\/h3>\n<ul class='listpc pros'>\n<li>Proceso de recuperaci\u00f3n sencillo.<\/li>\n<li>Soporte para diversos escenarios de p\u00e9rdida.<\/li>\n<\/ul>\n<h3 class='consTitle'>Contras<\/h3>\n<ul class='listpc cons'>\n<li>Riesgo de sobrescribir datos si no se usa con cuidado.<\/li>\n<li>La versi\u00f3n gratuita tiene l\u00edmites de recuperaci\u00f3n.<\/li>\n<\/ul>\n<\/section>\n<p>&#13;  <\/p>\n<section>\n<div class=\"medal\">\n<div>&#129353;<\/div>\n<\/div>\n<h2>Wondershare Recoverit<\/h2>\n<p>Wondershare Recoverit se destaca por su alta tasa de \u00e9xito en la recuperaci\u00f3n de diversos tipos de archivos. Ya sea que trates con documentos, fotos o videos, Recoverit ofrece un <b>rendimiento s\u00f3lido<\/b> en la recuperaci\u00f3n de datos perdidos.<\/p>\n<p>Sitio Web Oficial<\/p>\n<h3 class='prosTitle'>Pros<\/h3>\n<ul class='listpc pros'>\n<li>Buena tasa de recuperaci\u00f3n.<\/li>\n<li>Interfaz de usuario amigable.<\/li>\n<\/ul>\n<h3 class='consTitle'>Contras<\/h3>\n<ul class='listpc cons'>\n<li>Algo m\u00e1s caro que los rivales.<\/li>\n<li>Ocasionales problemas de estabilidad.<\/li>\n<\/ul>\n<\/section>\n<section>\n<div class=\"no-medal\">\n<div>4<\/div>\n<\/div>\n<h2><a href='https:\/\/www.stellarinfo.com\/disk-recovery\/memory-card-recovery.php' rel=\"nofollow noopener\" target='_blank'>Stellar Data Recovery<\/a><\/h2>\n<p><img src=\"https:\/\/www.ping.fm\/data-recovery-software\/wp-content\/uploads\/ai\/https---www-stellarinfo-com-disk-recovery-memory-card-recovery-phpSpanish.jpg\"><\/p>\n<p>Stellar Data Recovery es un peso pesado en el segmento de recuperaci\u00f3n de datos, conocido por sus <b>herramientas de grado profesional<\/b>. Va m\u00e1s all\u00e1 de la recuperaci\u00f3n b\u00e1sica con funcionalidades adicionales, incluyendo el monitoreo de discos.<\/p>\n<p><a href='https:\/\/www.stellarinfo.com\/disk-recovery\/memory-card-recovery.php' rel=\"nofollow noopener\" target='_blank' class='ofWSite'>Sitio Oficial<\/a><\/p>\n<h3 class='prosTitle'>Pros<\/h3>\n<ul class='listpc pros'>\n<li>Caracter\u00edsticas altamente avanzadas.<\/li>\n<li>Cobertura amplia de tipos de archivos.<\/li>\n<\/ul>\n<h3 class='consTitle'>Contras<\/h3>\n<ul class='listpc cons'>\n<li>Puede ser intimidante para usuarios ocasionales.<\/li>\n<li>Tiempos de escaneo m\u00e1s lentos.<\/li>\n<\/ul>\n<\/section>\n<section>\n<div class=\"no-medal\">\n<div>5<\/div>\n<\/div>\n<h2>Recuva<\/h2>\n<p>Recuva acude al rescate con sus m\u00e9todos de recuperaci\u00f3n <b>simples pero efectivos<\/b>. Est\u00e1 dirigido a usuarios que desean una herramienta sencilla sin adornos. Su eficiencia es especialmente notable al recuperar r\u00e1pidamente archivos recientemente eliminados.<\/p>\n<p>Sitio Oficial<\/p>\n<h3 class='prosTitle'>Pros<\/h3>\n<ul class='listpc pros'>\n<li>Gratis para uso b\u00e1sico.<\/li>\n<li>Alto rendimiento.<\/li>\n<\/ul>\n<h3 class='consTitle'>Contras<\/h3>\n<ul class='listpc cons'>\n<li>Funcionalidad limitada para tareas complejas de recuperaci\u00f3n.<\/li>\n<li>Sin actualizaciones en a\u00f1os recientes.<\/li>\n<\/ul>\n<\/section>\n<p>&#13; <\/p>\n<section>\n<h2>Conclusi\u00f3n:<\/h2>\n<div class=\"nonp\">\n<p>Aquellos que han enfrentado la angustia de una tarjeta SD corrupta conocen el verdadero valor de una herramienta de recuperaci\u00f3n fiable. Es importante entender que no todas las recuperaciones tienen \u00e9xito, pero con el software adecuado, las posibilidades mejoran dr\u00e1sticamente. Al elegir su software, considere el tipo de <b>archivos<\/b> que intenta recuperar, la <b>complejidad<\/b> del escenario de p\u00e9rdida de datos y su propio nivel de comodidad con las herramientas tecnol\u00f3gicas.<\/p>\n<p>Si necesita dichos servicios, vale la pena echar un vistazo a este recurso \u00fatil donde puede <a href='https:\/\/www.cleverfiles.com\/memory-card-data-recovery.html' rel=\"dofollow noopener\" target='_blank'>Recuperar tarjeta SD corrupta<\/a>. Esto puede servir como salvavidas, ofreciendo herramientas avanzadas y orientaci\u00f3n para restaurar lo que se pensaba perdido.<\/p>\n<p>Adem\u00e1s de eso, familiar\u00edcese con las mejores pr\u00e1cticas de gesti\u00f3n de datos y considere utilizar un servicio de respaldo en la nube para una capa extra de seguridad. Mantenga el firmware y el software antivirus actualizados en todos sus dispositivos, y tenga cuidado con los archivos no reconocidos que pueden se\u00f1alar una amenaza de seguridad.<\/p>\n<\/div>\n<\/section>\n","protected":false},"excerpt":{"rendered":"<p>Mejores aplicaciones para recuperar datos de tarjetas SD corruptas &#13; &#13; En nuestro mundo dirigido por la tecnolog\u00eda, las tarjetas SD son aliadas importantes de almacenamiento, conteniendo preciosas fotograf\u00edas, archivos de negocios cruciales o recuerdos atesorados. Sin embargo, esas peque\u00f1as piezas de tecnolog\u00eda no son inmunes a las fuerzas corruptoras, ya sea por da\u00f1os f\u00edsicos, [&hellip;]<\/p>\n","protected":false},"author":2,"featured_media":35318,"parent":0,"menu_order":0,"comment_status":"closed","ping_status":"closed","template":"chromecast.php","meta":{"_stopmodifiedupdate":false,"_modified_date":"","_lmt_disableupdate":"yes","_lmt_disable":""},"acf":[],"yoast_head":"<!-- This site is optimized with the Yoast SEO plugin v20.9 - https:\/\/yoast.com\/wordpress\/plugins\/seo\/ -->\n<title>Mejor software para recuperaci\u00f3n de datos en una tarjeta SD da\u00f1ada. Pasos sencillos<\/title>\n<meta name=\"robots\" content=\"index, follow, max-snippet:-1, max-image-preview:large, max-video-preview:-1\" \/>\n<link rel=\"canonical\" href=\"https:\/\/datarecovery.ping.fm\/es\/recover-sd-card\/\" \/>\n<meta property=\"og:locale\" content=\"es_ES\" \/>\n<meta property=\"og:type\" content=\"article\" \/>\n<meta property=\"og:title\" content=\"Mejor software para recuperaci\u00f3n de datos en una tarjeta SD da\u00f1ada. Pasos sencillos\" \/>\n<meta property=\"og:description\" content=\"Mejores aplicaciones para recuperar datos de tarjetas SD corruptas &#013; &#013; En nuestro mundo dirigido por la tecnolog\u00eda, las tarjetas SD son aliadas importantes de almacenamiento, conteniendo preciosas fotograf\u00edas, archivos de negocios cruciales o recuerdos atesorados. Sin embargo, esas peque\u00f1as piezas de tecnolog\u00eda no son inmunes a las fuerzas corruptoras, ya sea por da\u00f1os f\u00edsicos, [&hellip;]\" \/>\n<meta property=\"og:url\" content=\"https:\/\/datarecovery.ping.fm\/es\/recover-sd-card\/\" \/>\n<meta property=\"og:site_name\" content=\"Software de Recuperaci\u00f3n de Datos\" \/>\n<meta property=\"article:modified_time\" content=\"2024-02-29T18:58:58+00:00\" \/>\n<meta property=\"og:image\" content=\"https:\/\/datarecovery.ping.fm\/wp-content\/uploads\/2024\/03\/Best-Apps-to-Recover-Data-from-Corrupted-SD-card-Spanish.jpg\" \/>\n\t<meta property=\"og:image:width\" content=\"1280\" \/>\n\t<meta property=\"og:image:height\" content=\"731\" \/>\n\t<meta property=\"og:image:type\" content=\"image\/jpeg\" \/>\n<meta name=\"twitter:card\" content=\"summary_large_image\" \/>\n<meta name=\"twitter:label1\" content=\"Est. reading time\" \/>\n\t<meta name=\"twitter:data1\" content=\"3 minutos\" \/>\n<script type=\"application\/ld+json\" class=\"yoast-schema-graph\">{\"@context\":\"https:\/\/schema.org\",\"@graph\":[{\"@type\":\"WebPage\",\"@id\":\"https:\/\/datarecovery.ping.fm\/es\/recover-sd-card\/\",\"url\":\"https:\/\/datarecovery.ping.fm\/es\/recover-sd-card\/\",\"name\":\"Mejor software para recuperaci\u00f3n de datos en una tarjeta SD da\u00f1ada. Pasos sencillos\",\"isPartOf\":{\"@id\":\"https:\/\/datarecovery.ping.fm\/es\/#website\"},\"datePublished\":\"2023-12-25T15:46:11+00:00\",\"dateModified\":\"2024-02-29T18:58:58+00:00\",\"breadcrumb\":{\"@id\":\"https:\/\/datarecovery.ping.fm\/es\/recover-sd-card\/#breadcrumb\"},\"inLanguage\":\"es\",\"potentialAction\":[{\"@type\":\"ReadAction\",\"target\":[\"https:\/\/datarecovery.ping.fm\/es\/recover-sd-card\/\"]}]},{\"@type\":\"BreadcrumbList\",\"@id\":\"https:\/\/datarecovery.ping.fm\/es\/recover-sd-card\/#breadcrumb\",\"itemListElement\":[{\"@type\":\"ListItem\",\"position\":1,\"name\":\"Home\",\"item\":\"https:\/\/datarecovery.ping.fm\/es\/\"},{\"@type\":\"ListItem\",\"position\":2,\"name\":\"Mejores aplicaciones para recuperar datos en una tarjeta SD da\u00f1ada\"}]},{\"@type\":\"WebSite\",\"@id\":\"https:\/\/datarecovery.ping.fm\/es\/#website\",\"url\":\"https:\/\/datarecovery.ping.fm\/es\/\",\"name\":\"Software de Recuperaci\u00f3n de Datos\",\"description\":\"\",\"potentialAction\":[{\"@type\":\"SearchAction\",\"target\":{\"@type\":\"EntryPoint\",\"urlTemplate\":\"https:\/\/datarecovery.ping.fm\/es\/?s={search_term_string}\"},\"query-input\":\"required name=search_term_string\"}],\"inLanguage\":\"es\"}]}<\/script>\n<!-- \/ Yoast SEO plugin. -->","yoast_head_json":{"title":"Mejor software para recuperaci\u00f3n de datos en una tarjeta SD da\u00f1ada. Pasos sencillos","robots":{"index":"index","follow":"follow","max-snippet":"max-snippet:-1","max-image-preview":"max-image-preview:large","max-video-preview":"max-video-preview:-1"},"canonical":"https:\/\/datarecovery.ping.fm\/es\/recover-sd-card\/","og_locale":"es_ES","og_type":"article","og_title":"Mejor software para recuperaci\u00f3n de datos en una tarjeta SD da\u00f1ada. Pasos sencillos","og_description":"Mejores aplicaciones para recuperar datos de tarjetas SD corruptas &#13; &#13; En nuestro mundo dirigido por la tecnolog\u00eda, las tarjetas SD son aliadas importantes de almacenamiento, conteniendo preciosas fotograf\u00edas, archivos de negocios cruciales o recuerdos atesorados. Sin embargo, esas peque\u00f1as piezas de tecnolog\u00eda no son inmunes a las fuerzas corruptoras, ya sea por da\u00f1os f\u00edsicos, [&hellip;]","og_url":"https:\/\/datarecovery.ping.fm\/es\/recover-sd-card\/","og_site_name":"Software de Recuperaci\u00f3n de Datos","article_modified_time":"2024-02-29T18:58:58+00:00","og_image":[{"width":1280,"height":731,"url":"https:\/\/datarecovery.ping.fm\/wp-content\/uploads\/2024\/03\/Best-Apps-to-Recover-Data-from-Corrupted-SD-card-Spanish.jpg","type":"image\/jpeg"}],"twitter_card":"summary_large_image","twitter_misc":{"Est. reading time":"3 minutos"},"schema":{"@context":"https:\/\/schema.org","@graph":[{"@type":"WebPage","@id":"https:\/\/datarecovery.ping.fm\/es\/recover-sd-card\/","url":"https:\/\/datarecovery.ping.fm\/es\/recover-sd-card\/","name":"Mejor software para recuperaci\u00f3n de datos en una tarjeta SD da\u00f1ada. Pasos sencillos","isPartOf":{"@id":"https:\/\/datarecovery.ping.fm\/es\/#website"},"datePublished":"2023-12-25T15:46:11+00:00","dateModified":"2024-02-29T18:58:58+00:00","breadcrumb":{"@id":"https:\/\/datarecovery.ping.fm\/es\/recover-sd-card\/#breadcrumb"},"inLanguage":"es","potentialAction":[{"@type":"ReadAction","target":["https:\/\/datarecovery.ping.fm\/es\/recover-sd-card\/"]}]},{"@type":"BreadcrumbList","@id":"https:\/\/datarecovery.ping.fm\/es\/recover-sd-card\/#breadcrumb","itemListElement":[{"@type":"ListItem","position":1,"name":"Home","item":"https:\/\/datarecovery.ping.fm\/es\/"},{"@type":"ListItem","position":2,"name":"Mejores aplicaciones para recuperar datos en una tarjeta SD da\u00f1ada"}]},{"@type":"WebSite","@id":"https:\/\/datarecovery.ping.fm\/es\/#website","url":"https:\/\/datarecovery.ping.fm\/es\/","name":"Software de Recuperaci\u00f3n de Datos","description":"","potentialAction":[{"@type":"SearchAction","target":{"@type":"EntryPoint","urlTemplate":"https:\/\/datarecovery.ping.fm\/es\/?s={search_term_string}"},"query-input":"required name=search_term_string"}],"inLanguage":"es"}]}},"_links":{"self":[{"href":"https:\/\/datarecovery.ping.fm\/es\/wp-json\/wp\/v2\/pages\/13067"}],"collection":[{"href":"https:\/\/datarecovery.ping.fm\/es\/wp-json\/wp\/v2\/pages"}],"about":[{"href":"https:\/\/datarecovery.ping.fm\/es\/wp-json\/wp\/v2\/types\/page"}],"author":[{"embeddable":true,"href":"https:\/\/datarecovery.ping.fm\/es\/wp-json\/wp\/v2\/users\/2"}],"replies":[{"embeddable":true,"href":"https:\/\/datarecovery.ping.fm\/es\/wp-json\/wp\/v2\/comments?post=13067"}],"version-history":[{"count":1,"href":"https:\/\/datarecovery.ping.fm\/es\/wp-json\/wp\/v2\/pages\/13067\/revisions"}],"predecessor-version":[{"id":29128,"href":"https:\/\/datarecovery.ping.fm\/es\/wp-json\/wp\/v2\/pages\/13067\/revisions\/29128"}],"wp:featuredmedia":[{"embeddable":true,"href":"https:\/\/datarecovery.ping.fm\/es\/wp-json\/wp\/v2\/media\/35318"}],"wp:attachment":[{"href":"https:\/\/datarecovery.ping.fm\/es\/wp-json\/wp\/v2\/media?parent=13067"}],"curies":[{"name":"wp","href":"https:\/\/api.w.org\/{rel}","templated":true}]}}