{"id":11554,"date":"2023-12-25T15:46:11","date_gmt":"2023-12-25T15:46:11","guid":{"rendered":"https:\/\/www.ping.fm\/data-recovery-software\/sd-card-recovery-software\/"},"modified":"2024-02-29T18:58:56","modified_gmt":"2024-02-29T18:58:56","slug":"sd-card-recovery-software","status":"publish","type":"page","link":"https:\/\/datarecovery.ping.fm\/es\/sd-card-recovery-software\/","title":{"rendered":"Mejor software gratuito de recuperaci\u00f3n de datos para tarjetas SD en uso"},"content":{"rendered":"<section>\n<h1>Mejor Software Gratuito de Recuperaci\u00f3n de Tarjetas SD para Usar<\/h1>\n<div class=\"inbrief\">\n<div>             <img src=\"https:\/\/www.ping.fm\/data-recovery-software\/wp-content\/uploads\/ai\/Best-Free-SD-Card-Recovery-Software-to-Use-Spanish.jpg\" alt=\"Mejor Software Gratuito de Recuperaci\u00f3n de Tarjetas SD para Usar\" title=\"Mejor Software Gratuito de Recuperaci\u00f3n de Tarjetas SD para Usar\" width=\"1280\" height=\"720\">             <\/p>\n<p>Cuando los videos desaparecen de tu PC o Mac, el p\u00e1nico puede instalarse r\u00e1pidamente. Pero antes de resignarte a una p\u00e9rdida, debes saber que esos recuerdos preciados y archivos importantes podr\u00edan no haberse ido para siempre. De hecho, con las herramientas adecuadas, <b>recuperar videos eliminados<\/b> puede ser a menudo sorprendentemente sencillo. Es algo que he tenido que hacer m\u00e1s de una vez, y estoy aqu\u00ed para compartir mis experiencias personales y recomendaciones para las mejores herramientas para recuperar videos eliminados de tu computadora.<\/p>\n<\/div>\n<\/div>\n<\/section>\n<section>\n<div class=\"medal\">\n<div>&#129351;<\/div>\n<\/div>\n<h2>Recuva<\/h2>\n<p><b>Recuva<\/b> es un <b>software de recuperaci\u00f3n de datos<\/b> f\u00e1cil de usar dise\u00f1ado para Windows. Con una interfaz sencilla, ofrece capacidades de escaneo profundo para encontrar videos que han sido eliminados. Lo he encontrado particularmente efectivo para recuperaciones r\u00e1pidas en mi PC.<\/p>\n<p>Sitio Web Oficial<\/p>\n<h3 class='prosTitle'>Pros<\/h3>\n<ul class='listpc pros'>\n<li>Versi\u00f3n gratuita disponible<\/li>\n<li>Interfaz intuitiva<\/li>\n<\/ul>\n<h3 class='consTitle'>Contras<\/h3>\n<ul class='listpc cons'>\n<li>Principalmente para Windows<\/li>\n<li>Puede no encontrar todos los archivos<\/li>\n<\/ul>\n<\/section>\n<section>\n<div class=\"medal\">\n<div>&#129352;<\/div>\n<\/div>\n<h2><a href='https:\/\/www.easeus.com\/datarecoverywizard\/free-data-recovery-software.htm' rel=\"nofollow noopener\" target='_blank'>EaseUS Data Recovery Wizard<\/a><\/h2>\n<p><img src=\"https:\/\/www.ping.fm\/data-recovery-software\/wp-content\/uploads\/ai\/https---www-easeus-com-datarecoverywizard-free-data-recovery-software-htmSpanish.jpg\"><\/p>\n<p>El <b>EaseUS Data Recovery Wizard<\/b> funciona tanto en plataformas PC como Mac. Se destaca por su dise\u00f1o claro y sus robustas opciones de escaneo. Es una de mis herramientas predilectas para recuperaciones m\u00e1s desafiantes.<\/p>\n<p><a href='https:\/\/www.easeus.com\/datarecoverywizard\/free-data-recovery-software.htm' rel=\"nofollow noopener\" target='_blank' class='ofWSite'>Sitio Web Oficial<\/a><\/p>\n<h3 class='prosTitle'>Pros<\/h3>\n<ul class='listpc pros'>\n<li>Soporta varios tipos de archivos<\/li>\n<li>Opci\u00f3n de vista previa antes de la recuperaci\u00f3n<\/li>\n<\/ul>\n<h3 class='consTitle'>Contras<\/h3>\n<ul class='listpc cons'>\n<li>Datos de recuperaci\u00f3n gratuitos limitados<\/li>\n<li>Puede resultar costoso<\/li>\n<\/ul>\n<\/section>\n<section>\n<div class=\"medal\">\n<div>&#129353;<\/div>\n<\/div>\n<h2><a href='https:\/\/www.cleverfiles.com\/' rel=\"nofollow noopener\" target='_blank'>Disk Drill<\/a><\/h2>\n<p><img src=\"https:\/\/www.ping.fm\/data-recovery-software\/wp-content\/uploads\/ai\/https---www-cleverfiles-com-Spanish.jpg\"><\/p>\n<p><b>Disk Drill<\/b> me impresion\u00f3 con su elegante dise\u00f1o y eficiente proceso de escaneo. El software incluye tutoriales \u00fatiles, lo que lo convierte en una elecci\u00f3n s\u00f3lida para aquellos menos experimentados en recuperaci\u00f3n de datos tanto en Windows como en Mac.<\/p>\n<p><a href='https:\/\/www.cleverfiles.com\/' rel=\"nofollow noopener\" target='_blank' class='ofWSite'>Sitio Web Oficial<\/a><\/p>\n<h3 class='prosTitle'>Pros<\/h3>\n<ul class='listpc pros'>\n<li>Apto para principiantes<\/li>\n<li>Funciones de protecci\u00f3n para prevenir futuras p\u00e9rdidas de datos<\/li>\n<\/ul>\n<h3 class='consTitle'>Contras<\/h3>\n<ul class='listpc cons'>\n<li>La versi\u00f3n gratuita tiene caracter\u00edsticas limitadas<\/li>\n<li>La velocidad de recuperaci\u00f3n puede variar<\/li>\n<\/ul>\n<\/section>\n<section>\n<div class=\"no-medal\">\n<div>4<\/div>\n<\/div>\n<h2><a href='https:\/\/www.stellarinfo.com\/data-recovery-mac.php' rel=\"nofollow noopener\" target='_blank'>Stellar Data Recovery<\/a><\/h2>\n<p><img src=\"https:\/\/www.ping.fm\/data-recovery-software\/wp-content\/uploads\/ai\/https---www-stellarinfo-com-data-recovery-mac-phpSpanish.jpg\"><\/p>\n<p><b>Stellar Data Recovery<\/b> es una potencia cuando se trata de salvar archivos. Ofrece una opci\u00f3n avanzada para <b>usuarios de Mac<\/b> y me ha salvado de perder videos esenciales en varias ocasiones. La versi\u00f3n para PC es igual de prol\u00edfica.<\/p>\n<p><a href='https:\/\/www.stellarinfo.com\/data-recovery-mac.php' rel=\"nofollow noopener\" target='_blank' class='ofWSite'>Sitio Web Oficial<\/a><\/p>\n<h3 class='prosTitle'>Pros<\/h3>\n<ul class='listpc pros'>\n<li>Alta tasa de \u00e9xito<\/li>\n<li>Soporta una amplia gama de formatos de archivo<\/li>\n<\/ul>\n<h3 class='consTitle'>Contras<\/h3>\n<ul class='listpc cons'>\n<li>Precio m\u00e1s alto<\/li>\n<li>Puede ser complejo para principiantes<\/li>\n<\/ul>\n<\/section>\n<section>\n<div class=\"no-medal\">\n<div>5<\/div>\n<\/div>\n<h2><a href='https:\/\/www.wondershare.com\/data-recovery-mac\/' rel=\"nofollow noopener\" target='_blank'>Wondershare Recoverit<\/a><\/h2>\n<p><img src=\"https:\/\/www.ping.fm\/data-recovery-software\/wp-content\/uploads\/ai\/https---www-wondershare-com-data-recovery-mac-Spanish.jpg\"><\/p>\n<p>La herramienta <b>Wondershare Recoverit<\/b> cuenta con una experiencia de usuario actualizada y soporte que cubre una multitud de tipos de archivos. Al usarlo en mi Mac, encontr\u00e9 que su funci\u00f3n de escaneo profundo es bastante exhaustiva, aunque s\u00ed toma algo de tiempo completarse.<\/p>\n<p><a href='https:\/\/www.wondershare.com\/data-recovery-mac\/' rel=\"nofollow noopener\" target='_blank' class='ofWSite'>Sitio Oficial<\/a><\/p>\n<h3 class='prosTitle'>Pros<\/h3>\n<ul class='listpc pros'>\n<li>F\u00e1cil de navegar<\/li>\n<li>Buen rendimiento en escaneos m\u00e1s profundos<\/li>\n<\/ul>\n<h3 class='consTitle'>Contras<\/h3>\n<ul class='listpc cons'>\n<li>Tiempos de escaneo m\u00e1s lentos<\/li>\n<li>Limitaciones de la versi\u00f3n de prueba gratuita<\/li>\n<\/ul>\n<\/section>\n<section>\n<h2>Video de Youtube para ver<\/h2>\n<div class=\"nonp iframe\"><iframe width=\"420\" height=\"315\" src=\"\/\/www.youtube.com\/embed\/lJZTb0buKeY\" frameborder=\"0\" allowfullscreen><\/iframe><\/div>\n<\/section>\n<section>\n<h2>Conclusi\u00f3n:<\/h2>\n<div class=\"nonp\">\n<p>Navegar el proceso de <b>recuperaci\u00f3n de v\u00eddeo<\/b> puede ser desalentador, pero con un enfoque estrat\u00e9gico y las herramientas adecuadas, a menudo es posible recuperar lo que se perdi\u00f3. Siempre comience con el m\u00e9todo menos invasivo, como verificar la Papelera de Reciclaje o la Papelera, antes de pasar a las soluciones de software.<\/p>\n<p>Entender los sistemas de archivos y su estructura puede ayudar en el proceso de recuperaci\u00f3n de v\u00eddeo. Por ejemplo, saber si su unidad est\u00e1 formateada como NTFS, FAT o HFS+ podr\u00eda influir en cu\u00e1l herramienta de recuperaci\u00f3n funcionar\u00e1 mejor para su situaci\u00f3n.<\/p>\n<p>Para evitar futuras p\u00e9rdidas, considere la ayuda de <a href='https:\/\/www.backblaze.com' rel=\"nofollow noopener\" target='_blank'>servicios de respaldo en la nube<\/a> como Backblaze o Carbonite, los cuales pueden guardar autom\u00e1ticamente copias de sus archivos y reducir la necesidad de recuperaci\u00f3n de datos de emergencia.<\/p>\n<\/div>\n<\/section>\n","protected":false},"excerpt":{"rendered":"<p>Mejor Software Gratuito de Recuperaci\u00f3n de Tarjetas SD para Usar Cuando los videos desaparecen de tu PC o Mac, el p\u00e1nico puede instalarse r\u00e1pidamente. Pero antes de resignarte a una p\u00e9rdida, debes saber que esos recuerdos preciados y archivos importantes podr\u00edan no haberse ido para siempre. De hecho, con las herramientas adecuadas, recuperar videos eliminados [&hellip;]<\/p>\n","protected":false},"author":2,"featured_media":35307,"parent":0,"menu_order":0,"comment_status":"closed","ping_status":"closed","template":"chromecast.php","meta":{"_stopmodifiedupdate":false,"_modified_date":"","_lmt_disableupdate":"yes","_lmt_disable":""},"acf":[],"yoast_head":"<!-- This site is optimized with the Yoast SEO plugin v20.9 - https:\/\/yoast.com\/wordpress\/plugins\/seo\/ -->\n<title>[TOP] Software de recuperaci\u00f3n de tarjetas SD gratuita para el a\u00f1o 2024<\/title>\n<meta name=\"robots\" content=\"index, follow, max-snippet:-1, max-image-preview:large, max-video-preview:-1\" \/>\n<link rel=\"canonical\" href=\"https:\/\/datarecovery.ping.fm\/es\/sd-card-recovery-software\/\" \/>\n<meta property=\"og:locale\" content=\"es_ES\" \/>\n<meta property=\"og:type\" content=\"article\" \/>\n<meta property=\"og:title\" content=\"[TOP] Software de recuperaci\u00f3n de tarjetas SD gratuita para el a\u00f1o 2024\" \/>\n<meta property=\"og:description\" content=\"Mejor Software Gratuito de Recuperaci\u00f3n de Tarjetas SD para Usar Cuando los videos desaparecen de tu PC o Mac, el p\u00e1nico puede instalarse r\u00e1pidamente. Pero antes de resignarte a una p\u00e9rdida, debes saber que esos recuerdos preciados y archivos importantes podr\u00edan no haberse ido para siempre. De hecho, con las herramientas adecuadas, recuperar videos eliminados [&hellip;]\" \/>\n<meta property=\"og:url\" content=\"https:\/\/datarecovery.ping.fm\/es\/sd-card-recovery-software\/\" \/>\n<meta property=\"og:site_name\" content=\"Software de Recuperaci\u00f3n de Datos\" \/>\n<meta property=\"article:modified_time\" content=\"2024-02-29T18:58:56+00:00\" \/>\n<meta property=\"og:image\" content=\"https:\/\/datarecovery.ping.fm\/wp-content\/uploads\/2024\/03\/Best-Free-SD-Card-Recovery-Software-to-Use-Spanish.jpg\" \/>\n\t<meta property=\"og:image:width\" content=\"1280\" \/>\n\t<meta property=\"og:image:height\" content=\"731\" \/>\n\t<meta property=\"og:image:type\" content=\"image\/jpeg\" \/>\n<meta name=\"twitter:card\" content=\"summary_large_image\" \/>\n<meta name=\"twitter:label1\" content=\"Est. reading time\" \/>\n\t<meta name=\"twitter:data1\" content=\"3 minutos\" \/>\n<script type=\"application\/ld+json\" class=\"yoast-schema-graph\">{\"@context\":\"https:\/\/schema.org\",\"@graph\":[{\"@type\":\"WebPage\",\"@id\":\"https:\/\/datarecovery.ping.fm\/es\/sd-card-recovery-software\/\",\"url\":\"https:\/\/datarecovery.ping.fm\/es\/sd-card-recovery-software\/\",\"name\":\"[TOP] Software de recuperaci\u00f3n de tarjetas SD gratuita para el a\u00f1o 2024\",\"isPartOf\":{\"@id\":\"https:\/\/datarecovery.ping.fm\/es\/#website\"},\"datePublished\":\"2023-12-25T15:46:11+00:00\",\"dateModified\":\"2024-02-29T18:58:56+00:00\",\"breadcrumb\":{\"@id\":\"https:\/\/datarecovery.ping.fm\/es\/sd-card-recovery-software\/#breadcrumb\"},\"inLanguage\":\"es\",\"potentialAction\":[{\"@type\":\"ReadAction\",\"target\":[\"https:\/\/datarecovery.ping.fm\/es\/sd-card-recovery-software\/\"]}]},{\"@type\":\"BreadcrumbList\",\"@id\":\"https:\/\/datarecovery.ping.fm\/es\/sd-card-recovery-software\/#breadcrumb\",\"itemListElement\":[{\"@type\":\"ListItem\",\"position\":1,\"name\":\"Home\",\"item\":\"https:\/\/datarecovery.ping.fm\/es\/\"},{\"@type\":\"ListItem\",\"position\":2,\"name\":\"Mejor software gratuito de recuperaci\u00f3n de datos para tarjetas SD en uso\"}]},{\"@type\":\"WebSite\",\"@id\":\"https:\/\/datarecovery.ping.fm\/es\/#website\",\"url\":\"https:\/\/datarecovery.ping.fm\/es\/\",\"name\":\"Software de Recuperaci\u00f3n de Datos\",\"description\":\"\",\"potentialAction\":[{\"@type\":\"SearchAction\",\"target\":{\"@type\":\"EntryPoint\",\"urlTemplate\":\"https:\/\/datarecovery.ping.fm\/es\/?s={search_term_string}\"},\"query-input\":\"required name=search_term_string\"}],\"inLanguage\":\"es\"}]}<\/script>\n<!-- \/ Yoast SEO plugin. -->","yoast_head_json":{"title":"[TOP] Software de recuperaci\u00f3n de tarjetas SD gratuita para el a\u00f1o 2024","robots":{"index":"index","follow":"follow","max-snippet":"max-snippet:-1","max-image-preview":"max-image-preview:large","max-video-preview":"max-video-preview:-1"},"canonical":"https:\/\/datarecovery.ping.fm\/es\/sd-card-recovery-software\/","og_locale":"es_ES","og_type":"article","og_title":"[TOP] Software de recuperaci\u00f3n de tarjetas SD gratuita para el a\u00f1o 2024","og_description":"Mejor Software Gratuito de Recuperaci\u00f3n de Tarjetas SD para Usar Cuando los videos desaparecen de tu PC o Mac, el p\u00e1nico puede instalarse r\u00e1pidamente. Pero antes de resignarte a una p\u00e9rdida, debes saber que esos recuerdos preciados y archivos importantes podr\u00edan no haberse ido para siempre. De hecho, con las herramientas adecuadas, recuperar videos eliminados [&hellip;]","og_url":"https:\/\/datarecovery.ping.fm\/es\/sd-card-recovery-software\/","og_site_name":"Software de Recuperaci\u00f3n de Datos","article_modified_time":"2024-02-29T18:58:56+00:00","og_image":[{"width":1280,"height":731,"url":"https:\/\/datarecovery.ping.fm\/wp-content\/uploads\/2024\/03\/Best-Free-SD-Card-Recovery-Software-to-Use-Spanish.jpg","type":"image\/jpeg"}],"twitter_card":"summary_large_image","twitter_misc":{"Est. reading time":"3 minutos"},"schema":{"@context":"https:\/\/schema.org","@graph":[{"@type":"WebPage","@id":"https:\/\/datarecovery.ping.fm\/es\/sd-card-recovery-software\/","url":"https:\/\/datarecovery.ping.fm\/es\/sd-card-recovery-software\/","name":"[TOP] Software de recuperaci\u00f3n de tarjetas SD gratuita para el a\u00f1o 2024","isPartOf":{"@id":"https:\/\/datarecovery.ping.fm\/es\/#website"},"datePublished":"2023-12-25T15:46:11+00:00","dateModified":"2024-02-29T18:58:56+00:00","breadcrumb":{"@id":"https:\/\/datarecovery.ping.fm\/es\/sd-card-recovery-software\/#breadcrumb"},"inLanguage":"es","potentialAction":[{"@type":"ReadAction","target":["https:\/\/datarecovery.ping.fm\/es\/sd-card-recovery-software\/"]}]},{"@type":"BreadcrumbList","@id":"https:\/\/datarecovery.ping.fm\/es\/sd-card-recovery-software\/#breadcrumb","itemListElement":[{"@type":"ListItem","position":1,"name":"Home","item":"https:\/\/datarecovery.ping.fm\/es\/"},{"@type":"ListItem","position":2,"name":"Mejor software gratuito de recuperaci\u00f3n de datos para tarjetas SD en uso"}]},{"@type":"WebSite","@id":"https:\/\/datarecovery.ping.fm\/es\/#website","url":"https:\/\/datarecovery.ping.fm\/es\/","name":"Software de Recuperaci\u00f3n de Datos","description":"","potentialAction":[{"@type":"SearchAction","target":{"@type":"EntryPoint","urlTemplate":"https:\/\/datarecovery.ping.fm\/es\/?s={search_term_string}"},"query-input":"required name=search_term_string"}],"inLanguage":"es"}]}},"_links":{"self":[{"href":"https:\/\/datarecovery.ping.fm\/es\/wp-json\/wp\/v2\/pages\/11554"}],"collection":[{"href":"https:\/\/datarecovery.ping.fm\/es\/wp-json\/wp\/v2\/pages"}],"about":[{"href":"https:\/\/datarecovery.ping.fm\/es\/wp-json\/wp\/v2\/types\/page"}],"author":[{"embeddable":true,"href":"https:\/\/datarecovery.ping.fm\/es\/wp-json\/wp\/v2\/users\/2"}],"replies":[{"embeddable":true,"href":"https:\/\/datarecovery.ping.fm\/es\/wp-json\/wp\/v2\/comments?post=11554"}],"version-history":[{"count":1,"href":"https:\/\/datarecovery.ping.fm\/es\/wp-json\/wp\/v2\/pages\/11554\/revisions"}],"predecessor-version":[{"id":29116,"href":"https:\/\/datarecovery.ping.fm\/es\/wp-json\/wp\/v2\/pages\/11554\/revisions\/29116"}],"wp:featuredmedia":[{"embeddable":true,"href":"https:\/\/datarecovery.ping.fm\/es\/wp-json\/wp\/v2\/media\/35307"}],"wp:attachment":[{"href":"https:\/\/datarecovery.ping.fm\/es\/wp-json\/wp\/v2\/media?parent=11554"}],"curies":[{"name":"wp","href":"https:\/\/api.w.org\/{rel}","templated":true}]}}