{"id":11198,"date":"2023-07-31T13:58:28","date_gmt":"2023-07-31T13:58:28","guid":{"rendered":"https:\/\/www.ping.fm\/data-recovery-software\/"},"modified":"2023-12-26T14:54:56","modified_gmt":"2023-12-26T14:54:56","slug":"es","status":"publish","type":"page","link":"https:\/\/datarecovery.ping.fm\/es\/","title":{"rendered":"\/es"},"content":{"rendered":"<section class=\"banner\">\n<div class=\"banner--img\">\n<div class=\"banner--inner\">\n<h1>Bienvenido a Recuperaci\u00f3n de Datos en <a href=\"https:\/\/www.ping.fm\/\" rel=\"dofollow\">Ping.fm<\/a><\/h1>\n<p>Aqu\u00ed, probamos el mejor software de recuperaci\u00f3n de datos y te proporcionamos escenarios \u00f3ptimos para recuperar archivos eliminados y rescatar datos perdidos. Revisamos varios m\u00e9todos y servicios de recuperaci\u00f3n de datos, adem\u00e1s de proporcionar los mejores videos de YouTube para el autoaprendizaje.<\/p>\n<p>Adem\u00e1s, cubrimos casos de recuperaci\u00f3n de datos m\u00e1s complejos, como la recuperaci\u00f3n de datos en Android y la recuperaci\u00f3n de fotos eliminadas en iPhones.<\/p>\n<\/div>\n<\/div>\n<\/section>\n","protected":false},"excerpt":{"rendered":"<p>Bienvenido a Recuperaci\u00f3n de Datos en Ping.fm Aqu\u00ed, probamos el mejor software de recuperaci\u00f3n de datos y te proporcionamos escenarios \u00f3ptimos para recuperar archivos eliminados y rescatar datos perdidos. Revisamos varios m\u00e9todos y servicios de recuperaci\u00f3n de datos, adem\u00e1s de proporcionar los mejores videos de YouTube para el autoaprendizaje. Adem\u00e1s, cubrimos casos de recuperaci\u00f3n de [&hellip;]<\/p>\n","protected":false},"author":2,"featured_media":3190,"parent":0,"menu_order":0,"comment_status":"closed","ping_status":"closed","template":"homepage.php","meta":{"_stopmodifiedupdate":false,"_modified_date":"","_lmt_disableupdate":"yes","_lmt_disable":""},"acf":[],"yoast_head":"<!-- This site is optimized with the Yoast SEO plugin v20.9 - https:\/\/yoast.com\/wordpress\/plugins\/seo\/ -->\n<title>El Mejor Software de Recuperaci\u00f3n de Datos, Consejos, Tutoriales. mayo 2026<\/title>\n<meta name=\"description\" content=\"Descubre el destino definitivo para todas tus necesidades de recuperaci\u00f3n de datos en Data Recovery Hub! Nuestro sitio web revisa meticulosamente las \u00faltimas aplicaciones dise\u00f1adas para recuperar datos perdidos y eliminados. \ud83d\udcf1\ud83d\udcbb Ya sean archivos borrados de diversos dispositivos o escenarios complejos de recuperaci\u00f3n de datos, estamos para ayudarte.\" \/>\n<meta name=\"robots\" content=\"index, follow, max-snippet:-1, max-image-preview:large, max-video-preview:-1\" \/>\n<link rel=\"canonical\" href=\"https:\/\/datarecovery.ping.fm\/es\/\" \/>\n<meta property=\"og:locale\" content=\"es_ES\" \/>\n<meta property=\"og:type\" content=\"article\" \/>\n<meta property=\"og:title\" content=\"El Mejor Software de Recuperaci\u00f3n de Datos, Consejos, Tutoriales. mayo 2026\" \/>\n<meta property=\"og:description\" content=\"Descubre el destino definitivo para todas tus necesidades de recuperaci\u00f3n de datos en Data Recovery Hub! Nuestro sitio web revisa meticulosamente las \u00faltimas aplicaciones dise\u00f1adas para recuperar datos perdidos y eliminados. \ud83d\udcf1\ud83d\udcbb Ya sean archivos borrados de diversos dispositivos o escenarios complejos de recuperaci\u00f3n de datos, estamos para ayudarte.\" \/>\n<meta property=\"og:url\" content=\"https:\/\/datarecovery.ping.fm\/es\/\" \/>\n<meta property=\"og:site_name\" content=\"Software de Recuperaci\u00f3n de Datos\" \/>\n<meta property=\"article:modified_time\" content=\"2023-12-26T14:54:56+00:00\" \/>\n<meta property=\"og:image\" content=\"https:\/\/datarecovery.ping.fm\/wp-content\/uploads\/2023\/11\/data-recovery-image.png\" \/>\n\t<meta property=\"og:image:width\" content=\"1024\" \/>\n\t<meta property=\"og:image:height\" content=\"1024\" \/>\n\t<meta property=\"og:image:type\" content=\"image\/png\" \/>\n<meta name=\"twitter:card\" content=\"summary_large_image\" \/>\n<meta name=\"twitter:label1\" content=\"Est. reading time\" \/>\n\t<meta name=\"twitter:data1\" content=\"1 minuto\" \/>\n<script type=\"application\/ld+json\" class=\"yoast-schema-graph\">{\"@context\":\"https:\/\/schema.org\",\"@graph\":[{\"@type\":\"WebPage\",\"@id\":\"https:\/\/datarecovery.ping.fm\/es\/\",\"url\":\"https:\/\/datarecovery.ping.fm\/es\/\",\"name\":\"El Mejor Software de Recuperaci\u00f3n de Datos, Consejos, Tutoriales. mayo 2026\",\"isPartOf\":{\"@id\":\"https:\/\/datarecovery.ping.fm\/es\/#website\"},\"datePublished\":\"2023-07-31T13:58:28+00:00\",\"dateModified\":\"2023-12-26T14:54:56+00:00\",\"description\":\"Descubre el destino definitivo para todas tus necesidades de recuperaci\u00f3n de datos en Data Recovery Hub! Nuestro sitio web revisa meticulosamente las \u00faltimas aplicaciones dise\u00f1adas para recuperar datos perdidos y eliminados. \ud83d\udcf1\ud83d\udcbb Ya sean archivos borrados de diversos dispositivos o escenarios complejos de recuperaci\u00f3n de datos, estamos para ayudarte.\",\"breadcrumb\":{\"@id\":\"https:\/\/datarecovery.ping.fm\/es\/#breadcrumb\"},\"inLanguage\":\"es\",\"potentialAction\":[{\"@type\":\"ReadAction\",\"target\":[\"https:\/\/datarecovery.ping.fm\/es\/\"]}]},{\"@type\":\"BreadcrumbList\",\"@id\":\"https:\/\/datarecovery.ping.fm\/es\/#breadcrumb\",\"itemListElement\":[{\"@type\":\"ListItem\",\"position\":1,\"name\":\"Home\",\"item\":\"https:\/\/datarecovery.ping.fm\/es\/\"},{\"@type\":\"ListItem\",\"position\":2,\"name\":\"\/es\"}]},{\"@type\":\"WebSite\",\"@id\":\"https:\/\/datarecovery.ping.fm\/es\/#website\",\"url\":\"https:\/\/datarecovery.ping.fm\/es\/\",\"name\":\"Software de Recuperaci\u00f3n de Datos\",\"description\":\"\",\"potentialAction\":[{\"@type\":\"SearchAction\",\"target\":{\"@type\":\"EntryPoint\",\"urlTemplate\":\"https:\/\/datarecovery.ping.fm\/es\/?s={search_term_string}\"},\"query-input\":\"required name=search_term_string\"}],\"inLanguage\":\"es\"}]}<\/script>\n<!-- \/ Yoast SEO plugin. -->","yoast_head_json":{"title":"El Mejor Software de Recuperaci\u00f3n de Datos, Consejos, Tutoriales. mayo 2026","description":"Descubre el destino definitivo para todas tus necesidades de recuperaci\u00f3n de datos en Data Recovery Hub! Nuestro sitio web revisa meticulosamente las \u00faltimas aplicaciones dise\u00f1adas para recuperar datos perdidos y eliminados. \ud83d\udcf1\ud83d\udcbb Ya sean archivos borrados de diversos dispositivos o escenarios complejos de recuperaci\u00f3n de datos, estamos para ayudarte.","robots":{"index":"index","follow":"follow","max-snippet":"max-snippet:-1","max-image-preview":"max-image-preview:large","max-video-preview":"max-video-preview:-1"},"canonical":"https:\/\/datarecovery.ping.fm\/es\/","og_locale":"es_ES","og_type":"article","og_title":"El Mejor Software de Recuperaci\u00f3n de Datos, Consejos, Tutoriales. mayo 2026","og_description":"Descubre el destino definitivo para todas tus necesidades de recuperaci\u00f3n de datos en Data Recovery Hub! Nuestro sitio web revisa meticulosamente las \u00faltimas aplicaciones dise\u00f1adas para recuperar datos perdidos y eliminados. \ud83d\udcf1\ud83d\udcbb Ya sean archivos borrados de diversos dispositivos o escenarios complejos de recuperaci\u00f3n de datos, estamos para ayudarte.","og_url":"https:\/\/datarecovery.ping.fm\/es\/","og_site_name":"Software de Recuperaci\u00f3n de Datos","article_modified_time":"2023-12-26T14:54:56+00:00","og_image":[{"width":1024,"height":1024,"url":"https:\/\/datarecovery.ping.fm\/wp-content\/uploads\/2023\/11\/data-recovery-image.png","type":"image\/png"}],"twitter_card":"summary_large_image","twitter_misc":{"Est. reading time":"1 minuto"},"schema":{"@context":"https:\/\/schema.org","@graph":[{"@type":"WebPage","@id":"https:\/\/datarecovery.ping.fm\/es\/","url":"https:\/\/datarecovery.ping.fm\/es\/","name":"El Mejor Software de Recuperaci\u00f3n de Datos, Consejos, Tutoriales. mayo 2026","isPartOf":{"@id":"https:\/\/datarecovery.ping.fm\/es\/#website"},"datePublished":"2023-07-31T13:58:28+00:00","dateModified":"2023-12-26T14:54:56+00:00","description":"Descubre el destino definitivo para todas tus necesidades de recuperaci\u00f3n de datos en Data Recovery Hub! Nuestro sitio web revisa meticulosamente las \u00faltimas aplicaciones dise\u00f1adas para recuperar datos perdidos y eliminados. \ud83d\udcf1\ud83d\udcbb Ya sean archivos borrados de diversos dispositivos o escenarios complejos de recuperaci\u00f3n de datos, estamos para ayudarte.","breadcrumb":{"@id":"https:\/\/datarecovery.ping.fm\/es\/#breadcrumb"},"inLanguage":"es","potentialAction":[{"@type":"ReadAction","target":["https:\/\/datarecovery.ping.fm\/es\/"]}]},{"@type":"BreadcrumbList","@id":"https:\/\/datarecovery.ping.fm\/es\/#breadcrumb","itemListElement":[{"@type":"ListItem","position":1,"name":"Home","item":"https:\/\/datarecovery.ping.fm\/es\/"},{"@type":"ListItem","position":2,"name":"\/es"}]},{"@type":"WebSite","@id":"https:\/\/datarecovery.ping.fm\/es\/#website","url":"https:\/\/datarecovery.ping.fm\/es\/","name":"Software de Recuperaci\u00f3n de Datos","description":"","potentialAction":[{"@type":"SearchAction","target":{"@type":"EntryPoint","urlTemplate":"https:\/\/datarecovery.ping.fm\/es\/?s={search_term_string}"},"query-input":"required name=search_term_string"}],"inLanguage":"es"}]}},"_links":{"self":[{"href":"https:\/\/datarecovery.ping.fm\/es\/wp-json\/wp\/v2\/pages\/11198"}],"collection":[{"href":"https:\/\/datarecovery.ping.fm\/es\/wp-json\/wp\/v2\/pages"}],"about":[{"href":"https:\/\/datarecovery.ping.fm\/es\/wp-json\/wp\/v2\/types\/page"}],"author":[{"embeddable":true,"href":"https:\/\/datarecovery.ping.fm\/es\/wp-json\/wp\/v2\/users\/2"}],"replies":[{"embeddable":true,"href":"https:\/\/datarecovery.ping.fm\/es\/wp-json\/wp\/v2\/comments?post=11198"}],"version-history":[{"count":2,"href":"https:\/\/datarecovery.ping.fm\/es\/wp-json\/wp\/v2\/pages\/11198\/revisions"}],"predecessor-version":[{"id":11952,"href":"https:\/\/datarecovery.ping.fm\/es\/wp-json\/wp\/v2\/pages\/11198\/revisions\/11952"}],"wp:featuredmedia":[{"embeddable":true,"href":"https:\/\/datarecovery.ping.fm\/es\/wp-json\/wp\/v2\/media\/3190"}],"wp:attachment":[{"href":"https:\/\/datarecovery.ping.fm\/es\/wp-json\/wp\/v2\/media?parent=11198"}],"curies":[{"name":"wp","href":"https:\/\/api.w.org\/{rel}","templated":true}]}}