{"id":8968,"date":"2023-07-31T13:58:28","date_gmt":"2023-07-31T13:58:28","guid":{"rendered":"https:\/\/www.ping.fm\/data-recovery-software\/"},"modified":"2023-12-26T14:50:09","modified_gmt":"2023-12-26T14:50:09","slug":"de","status":"publish","type":"page","link":"https:\/\/datarecovery.ping.fm\/de\/","title":{"rendered":"\/de"},"content":{"rendered":"<section class=\"banner\">\n<div class=\"banner--img\">\n<div class=\"banner--inner\">\n<h1>Willkommen bei der Datenwiederherstellung bei <a href=\"https:\/\/www.ping.fm\/\" rel=\"dofollow\">Ping.fm<\/a><\/h1>\n<p>Hier testen wir die beste Datenwiederherstellungssoftware und stellen Ihnen optimale Szenarien f\u00fcr die Wiederherstellung gel\u00f6schter Dateien und die Rettung verlorener Daten zur Verf\u00fcgung. Wir \u00fcberpr\u00fcfen verschiedene Methoden und Datenwiederherstellungsdienste, und bieten Ihnen die besten YouTube-Videos f\u00fcr das Selbstlernen an.<\/p>\n<p>Zus\u00e4tzlich decken wir anspruchsvollere F\u00e4lle von Datenwiederherstellung ab, wie die Datenwiederherstellung bei Android-Ger\u00e4ten und das Wiederherstellen gel\u00f6schter Fotos auf iPhones.<\/p>\n<\/div>\n<\/div>\n<\/section>\n","protected":false},"excerpt":{"rendered":"<p>Willkommen bei der Datenwiederherstellung bei Ping.fm Hier testen wir die beste Datenwiederherstellungssoftware und stellen Ihnen optimale Szenarien f\u00fcr die Wiederherstellung gel\u00f6schter Dateien und die Rettung verlorener Daten zur Verf\u00fcgung. Wir \u00fcberpr\u00fcfen verschiedene Methoden und Datenwiederherstellungsdienste, und bieten Ihnen die besten YouTube-Videos f\u00fcr das Selbstlernen an. Zus\u00e4tzlich decken wir anspruchsvollere F\u00e4lle von Datenwiederherstellung ab, wie die [&hellip;]<\/p>\n","protected":false},"author":2,"featured_media":3186,"parent":0,"menu_order":0,"comment_status":"closed","ping_status":"closed","template":"homepage.php","meta":{"_stopmodifiedupdate":false,"_modified_date":"","_lmt_disableupdate":"yes","_lmt_disable":""},"acf":[],"yoast_head":"<!-- This site is optimized with the Yoast SEO plugin v20.9 - https:\/\/yoast.com\/wordpress\/plugins\/seo\/ -->\n<title>Beste Datenwiederherstellungssoftware, Tipps, Tutorials. April 2026<\/title>\n<meta name=\"description\" content=\"Entdecken Sie das ultimative Ziel f\u00fcr all Ihre Datenwiederherstellungsbed\u00fcrfnisse bei Data Recovery Hub! Unsere Website \u00fcberpr\u00fcft sorgf\u00e4ltig die neuesten Apps, die zur Wiederherstellung von verlorenen &amp; gel\u00f6schten Daten entwickelt wurden. \ud83d\udcf1\ud83d\udcbb Egal, ob es um gel\u00f6schte Dateien von verschiedenen Ger\u00e4ten geht oder um komplexe Datenwiederherstellungsszenarien, wir haben die L\u00f6sung f\u00fcr Sie.\" \/>\n<meta name=\"robots\" content=\"index, follow, max-snippet:-1, max-image-preview:large, max-video-preview:-1\" \/>\n<link rel=\"canonical\" href=\"https:\/\/datarecovery.ping.fm\/de\/\" \/>\n<meta property=\"og:locale\" content=\"de_DE\" \/>\n<meta property=\"og:type\" content=\"article\" \/>\n<meta property=\"og:title\" content=\"Beste Datenwiederherstellungssoftware, Tipps, Tutorials. April 2026\" \/>\n<meta property=\"og:description\" content=\"Entdecken Sie das ultimative Ziel f\u00fcr all Ihre Datenwiederherstellungsbed\u00fcrfnisse bei Data Recovery Hub! Unsere Website \u00fcberpr\u00fcft sorgf\u00e4ltig die neuesten Apps, die zur Wiederherstellung von verlorenen &amp; gel\u00f6schten Daten entwickelt wurden. \ud83d\udcf1\ud83d\udcbb Egal, ob es um gel\u00f6schte Dateien von verschiedenen Ger\u00e4ten geht oder um komplexe Datenwiederherstellungsszenarien, wir haben die L\u00f6sung f\u00fcr Sie.\" \/>\n<meta property=\"og:url\" content=\"https:\/\/datarecovery.ping.fm\/de\/\" \/>\n<meta property=\"og:site_name\" content=\"Datenwiederherstellungssoftware\" \/>\n<meta property=\"article:modified_time\" content=\"2023-12-26T14:50:09+00:00\" \/>\n<meta property=\"og:image\" content=\"https:\/\/datarecovery.ping.fm\/wp-content\/uploads\/2023\/11\/data-recovery-image.png\" \/>\n\t<meta property=\"og:image:width\" content=\"1024\" \/>\n\t<meta property=\"og:image:height\" content=\"1024\" \/>\n\t<meta property=\"og:image:type\" content=\"image\/png\" \/>\n<meta name=\"twitter:card\" content=\"summary_large_image\" \/>\n<meta name=\"twitter:label1\" content=\"Est. reading time\" \/>\n\t<meta name=\"twitter:data1\" content=\"1 Minute\" \/>\n<script type=\"application\/ld+json\" class=\"yoast-schema-graph\">{\"@context\":\"https:\/\/schema.org\",\"@graph\":[{\"@type\":\"WebPage\",\"@id\":\"https:\/\/datarecovery.ping.fm\/de\/\",\"url\":\"https:\/\/datarecovery.ping.fm\/de\/\",\"name\":\"Beste Datenwiederherstellungssoftware, Tipps, Tutorials. April 2026\",\"isPartOf\":{\"@id\":\"https:\/\/datarecovery.ping.fm\/de\/#website\"},\"datePublished\":\"2023-07-31T13:58:28+00:00\",\"dateModified\":\"2023-12-26T14:50:09+00:00\",\"description\":\"Entdecken Sie das ultimative Ziel f\u00fcr all Ihre Datenwiederherstellungsbed\u00fcrfnisse bei Data Recovery Hub! Unsere Website \u00fcberpr\u00fcft sorgf\u00e4ltig die neuesten Apps, die zur Wiederherstellung von verlorenen & gel\u00f6schten Daten entwickelt wurden. \ud83d\udcf1\ud83d\udcbb Egal, ob es um gel\u00f6schte Dateien von verschiedenen Ger\u00e4ten geht oder um komplexe Datenwiederherstellungsszenarien, wir haben die L\u00f6sung f\u00fcr Sie.\",\"breadcrumb\":{\"@id\":\"https:\/\/datarecovery.ping.fm\/de\/#breadcrumb\"},\"inLanguage\":\"de-DE\",\"potentialAction\":[{\"@type\":\"ReadAction\",\"target\":[\"https:\/\/datarecovery.ping.fm\/de\/\"]}]},{\"@type\":\"BreadcrumbList\",\"@id\":\"https:\/\/datarecovery.ping.fm\/de\/#breadcrumb\",\"itemListElement\":[{\"@type\":\"ListItem\",\"position\":1,\"name\":\"Home\",\"item\":\"https:\/\/datarecovery.ping.fm\/de\/\"},{\"@type\":\"ListItem\",\"position\":2,\"name\":\"\/de\"}]},{\"@type\":\"WebSite\",\"@id\":\"https:\/\/datarecovery.ping.fm\/de\/#website\",\"url\":\"https:\/\/datarecovery.ping.fm\/de\/\",\"name\":\"Datenwiederherstellungssoftware\",\"description\":\"\",\"potentialAction\":[{\"@type\":\"SearchAction\",\"target\":{\"@type\":\"EntryPoint\",\"urlTemplate\":\"https:\/\/datarecovery.ping.fm\/de\/?s={search_term_string}\"},\"query-input\":\"required name=search_term_string\"}],\"inLanguage\":\"de-DE\"}]}<\/script>\n<!-- \/ Yoast SEO plugin. -->","yoast_head_json":{"title":"Beste Datenwiederherstellungssoftware, Tipps, Tutorials. April 2026","description":"Entdecken Sie das ultimative Ziel f\u00fcr all Ihre Datenwiederherstellungsbed\u00fcrfnisse bei Data Recovery Hub! Unsere Website \u00fcberpr\u00fcft sorgf\u00e4ltig die neuesten Apps, die zur Wiederherstellung von verlorenen & gel\u00f6schten Daten entwickelt wurden. \ud83d\udcf1\ud83d\udcbb Egal, ob es um gel\u00f6schte Dateien von verschiedenen Ger\u00e4ten geht oder um komplexe Datenwiederherstellungsszenarien, wir haben die L\u00f6sung f\u00fcr Sie.","robots":{"index":"index","follow":"follow","max-snippet":"max-snippet:-1","max-image-preview":"max-image-preview:large","max-video-preview":"max-video-preview:-1"},"canonical":"https:\/\/datarecovery.ping.fm\/de\/","og_locale":"de_DE","og_type":"article","og_title":"Beste Datenwiederherstellungssoftware, Tipps, Tutorials. April 2026","og_description":"Entdecken Sie das ultimative Ziel f\u00fcr all Ihre Datenwiederherstellungsbed\u00fcrfnisse bei Data Recovery Hub! Unsere Website \u00fcberpr\u00fcft sorgf\u00e4ltig die neuesten Apps, die zur Wiederherstellung von verlorenen & gel\u00f6schten Daten entwickelt wurden. \ud83d\udcf1\ud83d\udcbb Egal, ob es um gel\u00f6schte Dateien von verschiedenen Ger\u00e4ten geht oder um komplexe Datenwiederherstellungsszenarien, wir haben die L\u00f6sung f\u00fcr Sie.","og_url":"https:\/\/datarecovery.ping.fm\/de\/","og_site_name":"Datenwiederherstellungssoftware","article_modified_time":"2023-12-26T14:50:09+00:00","og_image":[{"width":1024,"height":1024,"url":"https:\/\/datarecovery.ping.fm\/wp-content\/uploads\/2023\/11\/data-recovery-image.png","type":"image\/png"}],"twitter_card":"summary_large_image","twitter_misc":{"Est. reading time":"1 Minute"},"schema":{"@context":"https:\/\/schema.org","@graph":[{"@type":"WebPage","@id":"https:\/\/datarecovery.ping.fm\/de\/","url":"https:\/\/datarecovery.ping.fm\/de\/","name":"Beste Datenwiederherstellungssoftware, Tipps, Tutorials. April 2026","isPartOf":{"@id":"https:\/\/datarecovery.ping.fm\/de\/#website"},"datePublished":"2023-07-31T13:58:28+00:00","dateModified":"2023-12-26T14:50:09+00:00","description":"Entdecken Sie das ultimative Ziel f\u00fcr all Ihre Datenwiederherstellungsbed\u00fcrfnisse bei Data Recovery Hub! Unsere Website \u00fcberpr\u00fcft sorgf\u00e4ltig die neuesten Apps, die zur Wiederherstellung von verlorenen & gel\u00f6schten Daten entwickelt wurden. \ud83d\udcf1\ud83d\udcbb Egal, ob es um gel\u00f6schte Dateien von verschiedenen Ger\u00e4ten geht oder um komplexe Datenwiederherstellungsszenarien, wir haben die L\u00f6sung f\u00fcr Sie.","breadcrumb":{"@id":"https:\/\/datarecovery.ping.fm\/de\/#breadcrumb"},"inLanguage":"de-DE","potentialAction":[{"@type":"ReadAction","target":["https:\/\/datarecovery.ping.fm\/de\/"]}]},{"@type":"BreadcrumbList","@id":"https:\/\/datarecovery.ping.fm\/de\/#breadcrumb","itemListElement":[{"@type":"ListItem","position":1,"name":"Home","item":"https:\/\/datarecovery.ping.fm\/de\/"},{"@type":"ListItem","position":2,"name":"\/de"}]},{"@type":"WebSite","@id":"https:\/\/datarecovery.ping.fm\/de\/#website","url":"https:\/\/datarecovery.ping.fm\/de\/","name":"Datenwiederherstellungssoftware","description":"","potentialAction":[{"@type":"SearchAction","target":{"@type":"EntryPoint","urlTemplate":"https:\/\/datarecovery.ping.fm\/de\/?s={search_term_string}"},"query-input":"required name=search_term_string"}],"inLanguage":"de-DE"}]}},"_links":{"self":[{"href":"https:\/\/datarecovery.ping.fm\/de\/wp-json\/wp\/v2\/pages\/8968"}],"collection":[{"href":"https:\/\/datarecovery.ping.fm\/de\/wp-json\/wp\/v2\/pages"}],"about":[{"href":"https:\/\/datarecovery.ping.fm\/de\/wp-json\/wp\/v2\/types\/page"}],"author":[{"embeddable":true,"href":"https:\/\/datarecovery.ping.fm\/de\/wp-json\/wp\/v2\/users\/2"}],"replies":[{"embeddable":true,"href":"https:\/\/datarecovery.ping.fm\/de\/wp-json\/wp\/v2\/comments?post=8968"}],"version-history":[{"count":2,"href":"https:\/\/datarecovery.ping.fm\/de\/wp-json\/wp\/v2\/pages\/8968\/revisions"}],"predecessor-version":[{"id":11949,"href":"https:\/\/datarecovery.ping.fm\/de\/wp-json\/wp\/v2\/pages\/8968\/revisions\/11949"}],"wp:featuredmedia":[{"embeddable":true,"href":"https:\/\/datarecovery.ping.fm\/de\/wp-json\/wp\/v2\/media\/3186"}],"wp:attachment":[{"href":"https:\/\/datarecovery.ping.fm\/de\/wp-json\/wp\/v2\/media?parent=8968"}],"curies":[{"name":"wp","href":"https:\/\/api.w.org\/{rel}","templated":true}]}}