{"id":44196,"date":"2024-01-26T10:53:03","date_gmt":"2024-01-26T10:53:03","guid":{"rendered":"https:\/\/www.ping.fm\/data-recovery-software\/windows-7-recovery-software\/"},"modified":"2024-04-19T06:17:53","modified_gmt":"2024-04-19T06:17:53","slug":"windows-7-recovery-software","status":"publish","type":"page","link":"https:\/\/datarecovery.ping.fm\/de\/windows-7-recovery-software\/","title":{"rendered":"Die beste Datenwiederherstellungssoftware f\u00fcr Windows 7"},"content":{"rendered":"<section>\n<h1>Beste Datenrettungssoftware f\u00fcr Windows 7<\/h1>\n<div class=\"inbrief\">\n<div>             <img src=\"https:\/\/www.ping.fm\/data-recovery-software\/wp-content\/uploads\/ai\/Best-Data-Recovery-Software-for-Windows-7-German.jpg\" alt=\"Beste Datenrettungssoftware f\u00fcr Windows 7\" title=\"Beste Datenrettungssoftware f\u00fcr Windows 7\" width=\"1280\" height=\"720\">             <\/p>\n<p>Haben Sie schon einmal dieses sinkende Gef\u00fchl erlebt, wenn Sie realisieren, dass Sie versehentlich eine wichtige Datei gel\u00f6scht haben, oder noch schlimmer, einen Datenverlust durch einen Systemabsturz erlitten haben? Als Windows 7-Nutzer war ich schon dort, und glauben Sie mir, es macht keinen Spa\u00df. Aber keine Sorge, denn es gibt einen Silberstreifen am Horizont \u2013 die Datenrettungssoftware. In diesem umfassenden Leitfaden werden wir die beste Datenrettungssoftware f\u00fcr Windows 7 erkunden, einschlie\u00dflich ihrer F\u00e4higkeiten und Einschr\u00e4nkungen, sowohl f\u00fcr Anf\u00e4nger als auch f\u00fcr technikaffine Nutzer. Lasst uns auf eine Reise gehen, um das zur\u00fcckzuholen, was einst als verloren galt.<\/p>\n<\/div>\n<\/div>\n<\/section>\n<section>\n<div class=\"medal\">\n<div>&#129351;<\/div>\n<\/div>\n<h2><a href='https:\/\/www.cleverfiles.com\/disk-drill-windows.html' rel=\"nofollow noopener\" target='_blank'>Disk Drill (Version 4.5)<\/a><\/h2>\n<p><img src=\"https:\/\/www.ping.fm\/data-recovery-software\/wp-content\/uploads\/ai\/https---www-cleverfiles-com-disk-drill-windows-htmlGerman.jpg\"><\/p>\n<p>Mein pers\u00f6nlicher Favorit und nach meiner Erfahrung die zuverl\u00e4ssigste Option ist <b>Disk Drill<\/b> (Version 4.5). Seine benutzerfreundliche Oberfl\u00e4che in Kombination mit leistungsstarken Scan-Algorithmen macht es zu einer ausgezeichneten Wahl f\u00fcr Anf\u00e4nger und Experten gleicherma\u00dfen. Ich habe Disk Drill verwendet, um verschiedene Dateitypen mit hohen Erfolgsraten wiederherzustellen, was viel \u00fcber seine Effizienz aussagt.<\/p>\n<p><a href='https:\/\/www.cleverfiles.com\/disk-drill-windows.html' rel=\"nofollow noopener\" target='_blank' class='ofWSite'>Offizielle Webseite<\/a><\/p>\n<h3 class='prosTitle'>Vorteile<\/h3>\n<ul class='listpc pros'>\n<li>Intuitive Benutzeroberfl\u00e4che<\/li>\n<li>Erweiterte Datenbeschutzfunktionen<\/li>\n<\/ul>\n<h3 class='consTitle'>Nachteile<\/h3>\n<ul class='listpc cons'>\n<li>Kostenlose Version hat Limit bei der Datenwiederherstellung<\/li>\n<li>Einige Dateien sind m\u00f6glicherweise aufgrund von \u00dcberschreiben nicht wiederherstellbar<\/li>\n<\/ul>\n<\/section>\n<section>\n<div class=\"medal\">\n<div>&#129352;<\/div>\n<\/div>\n<h2><a href='https:\/\/www.easeus.com\/datarecoverywizard\/free-data-recovery-software.htm' rel=\"nofollow noopener\" target='_blank'>EaseUS Data Recovery Wizard<\/a><\/h2>\n<p><img src=\"https:\/\/www.ping.fm\/data-recovery-software\/wp-content\/uploads\/ai\/https---www-easeus-com-datarecoverywizard-free-data-recovery-software-htmGerman.jpg\"><\/p>\n<p>Ein weiterer herausragender Vertreter ist der <b>EaseUS Data Recovery Wizard<\/b>. Dieses Kraftpaket ist mit Funktionen ausgestattet, die effektiv verschiedene Szenarien von Datenverlusten handhaben k\u00f6nnen. Seine Leistung bei der Wiederherstellung verlorener Partitionen und der Recovery formatierter Laufwerke war bemerkenswert, als ich es am meisten brauchte.<\/p>\n<p><a href='https:\/\/www.easeus.com\/datarecoverywizard\/free-data-recovery-software.htm' rel=\"nofollow noopener\" target='_blank' class='ofWSite'>Offizielle Webseite<\/a><\/p>\n<h3 class='prosTitle'>Vorteile<\/h3>\n<ul class='listpc pros'>\n<li>Unterst\u00fctzt eine gro\u00dfe Auswahl an Dateitypen<\/li>\n<li>Vorschau-Funktion vor der Wiederherstellung<\/li>\n<\/ul>\n<h3 class='consTitle'>Nachteile<\/h3>\n<ul class='listpc cons'>\n<li>Kostenlose Version hat eingeschr\u00e4nkte Wiederherstellungsf\u00e4higkeiten<\/li>\n<li>Volle Wiederherstellung kann zeitaufwendig sein<\/li>\n<\/ul>\n<\/section>\n<section>\n<div class=\"medal\">\n<div>&#129353;<\/div>\n<\/div>\n<h2><a href='https:\/\/www.stellarinfo.com\/free-data-recovery.php' rel=\"nofollow noopener\" target='_blank'>Stellar Data Recovery<\/a><\/h2>\n<p><img src=\"https:\/\/www.ping.fm\/data-recovery-software\/wp-content\/uploads\/ai\/https---www-stellarinfo-com-free-data-recovery-phpGerman.jpg\"><\/p>\n<p>Ich war von <b>Stellar Data Recovery<\/b> beeindruckt, als ich mich mit verlorenen Daten auf einer schwer besch\u00e4digten Festplatte auseinandergesetzt habe. Seine fortgeschrittenen Funktionen und die effiziente Tiefenscan-Technologie halfen mir, nahezu alle meine Dokumente wiederherzustellen, von denen ich dachte, sie w\u00e4ren f\u00fcr immer verloren.<\/p>\n<p><a href='https:\/\/www.stellarinfo.com\/free-data-recovery.php' rel=\"nofollow noopener\" target='_blank' class='ofWSite'>Offizielle Webseite<\/a><\/p>\n<h3 class='prosTitle'>Vorteile<\/h3>\n<ul class='listpc pros'>\n<li>Benutzerfreundliche Schnittstelle<\/li>\n<li>Hohe Erfolgsquote bei der Datenwiederherstellung<\/li>\n<\/ul>\n<h3 class='consTitle'>Nachteile<\/h3>\n<ul class='listpc cons'>\n<li>Wiederherstellungsgeschwindigkeit kann je nach Gr\u00f6\u00dfe und Zustand der Daten variieren<\/li>\n<li>H\u00f6here Kosten f\u00fcr Premium-Funktionen<\/li>\n<\/ul>\n<\/section>\n<section>\n<div class=\"no-medal\">\n<div>4<\/div>\n<\/div>\n<h2><a href='https:\/\/www.wondershare.com\/data-recovery\/' rel=\"nofollow noopener\" target='_blank'>Wondershare Recoverit<\/a><\/h2>\n<p><img src=\"https:\/\/www.ping.fm\/data-recovery-software\/wp-content\/uploads\/ai\/https---www-wondershare-com-data-recovery-German.jpg\"><\/p>\n<p>W\u00e4hrend meiner Zeit mit <b>Wondershare Recoverit<\/b> fand ich es besonders effektiv f\u00fcr die Wiederherstellung von Mediendateien. Das Videoreparatur-Tool ist ein Lebensretter, wenn es darum geht, besch\u00e4digte Videodateien neben dem Wiederherstellungsprozess zu reparieren.<\/p>\n<p><a href='https:\/\/www.wondershare.com\/data-recovery\/' rel=\"nofollow noopener\" target='_blank' class='ofWSite'>Offizielle Webseite<\/a><\/p>\n<h3 class='prosTitle'>Vorteile<\/h3>\n<ul class='listpc pros'>\n<li>Spezialisiert auf die Wiederherstellung von Mediendateien<\/li>\n<li>Videoreparatur-Tool inklusive<\/li>\n<\/ul>\n<h3 class='consTitle'>Nachteile<\/h3>\n<ul class='listpc cons'>\n<li>Kostenlose Version ist recht begrenzt<\/li>\n<li>Komplexe Schnittstelle f\u00fcr Neuanwender<\/li>\n<\/ul>\n<\/section>\n<section>\n<div class=\"no-medal\">\n<div>5<\/div>\n<\/div>\n<h2>Recuva<\/h2>\n<p><b>Recuva<\/b> pr\u00e4sentiert sich als kosteng\u00fcnstiges, aber robustes Datenwiederherstellungstool. Es bietet einfache Dateiwiederherstellung und hat in meiner Erfahrung gut mit Schnellscans funktioniert und Dateien von Speicherkarten digitaler Kameras zur\u00fcckgeholt.<\/p>\n<h3 class='prosTitle'>Vorteile<\/h3>\n<ul class='listpc pros'>\n<li>Leichtgewichtig und einfach zu bedienen<\/li>\n<li>Kosteng\u00fcnstig mit verf\u00fcgbarer kostenloser Version<\/li>\n<\/ul>\n<h3 class='consTitle'>Nachteile<\/h3>\n<ul class='listpc cons'>\n<li>Begrenzte Funktionalit\u00e4t verglichen mit fortschrittlicheren Tools<\/li>\n<li>Stellt nicht immer Dateien intakt wieder her<\/li>\n<\/ul>\n<\/section>\n<section>\n<h2>Fazit:<\/h2>\n<div class=\"nonp\">\n<p>Bei der Auswahl von <b>Datenwiederherstellungssoftware<\/b> ist es entscheidend, die technischen Details und Funktionalit\u00e4ten des Tools zu verstehen. Manche Anwendungen bieten tiefe Scans an und k\u00f6nnen Dateien von neu formatierten Laufwerken wiederherstellen, w\u00e4hrend andere besser f\u00fcr einfache Aufgaben geeignet sind, wie etwa das Wiederherstellen k\u00fcrzlich gel\u00f6schter Dateien.<\/p>\n<p>Verschiedene Softwarel\u00f6sungen kommen mit unterschiedlichen Preisschildern und Funktionsumfang. Es ist wichtig, den Wert, den jede im Vergleich zu ihren Kosten bietet, zu verstehen, wenn man eine Entscheidung trifft.<\/p>\n<p>Dar\u00fcber hinaus hat das <b>Windows 7-Betriebssystem<\/b> spezifische Anforderungen, und Kompatibilit\u00e4t ist ein wesentlicher Faktor. Stellen Sie immer sicher, dass die Software, f\u00fcr die Sie sich entscheiden, Windows 7 unterst\u00fctzt. Bevorstehende Windows-Updates k\u00f6nnen die Funktionalit\u00e4t dieser Softwarel\u00f6sungen beeinflussen, daher ist es essenziell, informiert zu bleiben.<\/p>\n<p>Zu guter Letzt ist es eine gute Praxis, Bewertungen und Nutzererfahrungen zu ber\u00fccksichtigen, bevor man sich f\u00fcr ein Wiederherstellungstool entscheidet. Ein Besuch von <a href='https:\/\/www.handyrecovery.com\/best-data-recovery-software-for-windows-7\/' rel=\"dofollow noopener\" target='_blank'>weiteren Optionen f\u00fcr Windows 7<\/a> k\u00f6nnte zus\u00e4tzliche Einblicke bieten. Der Artikel bewertet die besten <b>Datenwiederherstellungssoftware<\/b>-Optionen f\u00fcr <b>Windows 7<\/b> und evaluiert deren Features, Effizienz und Benutzerfreundlichkeit.<\/p>\n<\/div>\n<\/section>\n","protected":false},"excerpt":{"rendered":"<p>Beste Datenrettungssoftware f\u00fcr Windows 7 Haben Sie schon einmal dieses sinkende Gef\u00fchl erlebt, wenn Sie realisieren, dass Sie versehentlich eine wichtige Datei gel\u00f6scht haben, oder noch schlimmer, einen Datenverlust durch einen Systemabsturz erlitten haben? Als Windows 7-Nutzer war ich schon dort, und glauben Sie mir, es macht keinen Spa\u00df. Aber keine Sorge, denn es gibt [&hellip;]<\/p>\n","protected":false},"author":0,"featured_media":44197,"parent":0,"menu_order":0,"comment_status":"closed","ping_status":"closed","template":"chromecast.php","meta":{"_stopmodifiedupdate":false,"_modified_date":"","_lmt_disableupdate":"","_lmt_disable":""},"acf":[],"yoast_head":"<!-- This site is optimized with the Yoast SEO plugin v20.9 - https:\/\/yoast.com\/wordpress\/plugins\/seo\/ -->\n<title>Beste Datenwiederherstellungsl\u00f6sungen f\u00fcr Windows 7-Benutzer<\/title>\n<meta name=\"robots\" content=\"index, follow, max-snippet:-1, max-image-preview:large, max-video-preview:-1\" \/>\n<link rel=\"canonical\" href=\"https:\/\/datarecovery.ping.fm\/de\/windows-7-recovery-software\/\" \/>\n<meta property=\"og:locale\" content=\"de_DE\" \/>\n<meta property=\"og:type\" content=\"article\" \/>\n<meta property=\"og:title\" content=\"Beste Datenwiederherstellungsl\u00f6sungen f\u00fcr Windows 7-Benutzer\" \/>\n<meta property=\"og:description\" content=\"Beste Datenrettungssoftware f\u00fcr Windows 7 Haben Sie schon einmal dieses sinkende Gef\u00fchl erlebt, wenn Sie realisieren, dass Sie versehentlich eine wichtige Datei gel\u00f6scht haben, oder noch schlimmer, einen Datenverlust durch einen Systemabsturz erlitten haben? Als Windows 7-Nutzer war ich schon dort, und glauben Sie mir, es macht keinen Spa\u00df. Aber keine Sorge, denn es gibt [&hellip;]\" \/>\n<meta property=\"og:url\" content=\"https:\/\/datarecovery.ping.fm\/de\/windows-7-recovery-software\/\" \/>\n<meta property=\"og:site_name\" content=\"Datenwiederherstellungssoftware\" \/>\n<meta property=\"article:modified_time\" content=\"2024-04-19T06:17:53+00:00\" \/>\n<meta property=\"og:image\" content=\"https:\/\/datarecovery.ping.fm\/wp-content\/uploads\/2024\/04\/Best-Data-Recovery-Software-for-Windows-7-German.jpg\" \/>\n\t<meta property=\"og:image:width\" content=\"1280\" \/>\n\t<meta property=\"og:image:height\" content=\"731\" \/>\n\t<meta property=\"og:image:type\" content=\"image\/jpeg\" \/>\n<meta name=\"twitter:card\" content=\"summary_large_image\" \/>\n<meta name=\"twitter:label1\" content=\"Est. reading time\" \/>\n\t<meta name=\"twitter:data1\" content=\"3 Minuten\" \/>\n<script type=\"application\/ld+json\" class=\"yoast-schema-graph\">{\"@context\":\"https:\/\/schema.org\",\"@graph\":[{\"@type\":\"WebPage\",\"@id\":\"https:\/\/datarecovery.ping.fm\/de\/windows-7-recovery-software\/\",\"url\":\"https:\/\/datarecovery.ping.fm\/de\/windows-7-recovery-software\/\",\"name\":\"Beste Datenwiederherstellungsl\u00f6sungen f\u00fcr Windows 7-Benutzer\",\"isPartOf\":{\"@id\":\"https:\/\/datarecovery.ping.fm\/de\/#website\"},\"datePublished\":\"2024-01-26T10:53:03+00:00\",\"dateModified\":\"2024-04-19T06:17:53+00:00\",\"breadcrumb\":{\"@id\":\"https:\/\/datarecovery.ping.fm\/de\/windows-7-recovery-software\/#breadcrumb\"},\"inLanguage\":\"de-DE\",\"potentialAction\":[{\"@type\":\"ReadAction\",\"target\":[\"https:\/\/datarecovery.ping.fm\/de\/windows-7-recovery-software\/\"]}]},{\"@type\":\"BreadcrumbList\",\"@id\":\"https:\/\/datarecovery.ping.fm\/de\/windows-7-recovery-software\/#breadcrumb\",\"itemListElement\":[{\"@type\":\"ListItem\",\"position\":1,\"name\":\"Home\",\"item\":\"https:\/\/datarecovery.ping.fm\/de\/\"},{\"@type\":\"ListItem\",\"position\":2,\"name\":\"Die beste Datenwiederherstellungssoftware f\u00fcr Windows 7\"}]},{\"@type\":\"WebSite\",\"@id\":\"https:\/\/datarecovery.ping.fm\/de\/#website\",\"url\":\"https:\/\/datarecovery.ping.fm\/de\/\",\"name\":\"Datenwiederherstellungssoftware\",\"description\":\"\",\"potentialAction\":[{\"@type\":\"SearchAction\",\"target\":{\"@type\":\"EntryPoint\",\"urlTemplate\":\"https:\/\/datarecovery.ping.fm\/de\/?s={search_term_string}\"},\"query-input\":\"required name=search_term_string\"}],\"inLanguage\":\"de-DE\"}]}<\/script>\n<!-- \/ Yoast SEO plugin. -->","yoast_head_json":{"title":"Beste Datenwiederherstellungsl\u00f6sungen f\u00fcr Windows 7-Benutzer","robots":{"index":"index","follow":"follow","max-snippet":"max-snippet:-1","max-image-preview":"max-image-preview:large","max-video-preview":"max-video-preview:-1"},"canonical":"https:\/\/datarecovery.ping.fm\/de\/windows-7-recovery-software\/","og_locale":"de_DE","og_type":"article","og_title":"Beste Datenwiederherstellungsl\u00f6sungen f\u00fcr Windows 7-Benutzer","og_description":"Beste Datenrettungssoftware f\u00fcr Windows 7 Haben Sie schon einmal dieses sinkende Gef\u00fchl erlebt, wenn Sie realisieren, dass Sie versehentlich eine wichtige Datei gel\u00f6scht haben, oder noch schlimmer, einen Datenverlust durch einen Systemabsturz erlitten haben? Als Windows 7-Nutzer war ich schon dort, und glauben Sie mir, es macht keinen Spa\u00df. Aber keine Sorge, denn es gibt [&hellip;]","og_url":"https:\/\/datarecovery.ping.fm\/de\/windows-7-recovery-software\/","og_site_name":"Datenwiederherstellungssoftware","article_modified_time":"2024-04-19T06:17:53+00:00","og_image":[{"width":1280,"height":731,"url":"https:\/\/datarecovery.ping.fm\/wp-content\/uploads\/2024\/04\/Best-Data-Recovery-Software-for-Windows-7-German.jpg","type":"image\/jpeg"}],"twitter_card":"summary_large_image","twitter_misc":{"Est. reading time":"3 Minuten"},"schema":{"@context":"https:\/\/schema.org","@graph":[{"@type":"WebPage","@id":"https:\/\/datarecovery.ping.fm\/de\/windows-7-recovery-software\/","url":"https:\/\/datarecovery.ping.fm\/de\/windows-7-recovery-software\/","name":"Beste Datenwiederherstellungsl\u00f6sungen f\u00fcr Windows 7-Benutzer","isPartOf":{"@id":"https:\/\/datarecovery.ping.fm\/de\/#website"},"datePublished":"2024-01-26T10:53:03+00:00","dateModified":"2024-04-19T06:17:53+00:00","breadcrumb":{"@id":"https:\/\/datarecovery.ping.fm\/de\/windows-7-recovery-software\/#breadcrumb"},"inLanguage":"de-DE","potentialAction":[{"@type":"ReadAction","target":["https:\/\/datarecovery.ping.fm\/de\/windows-7-recovery-software\/"]}]},{"@type":"BreadcrumbList","@id":"https:\/\/datarecovery.ping.fm\/de\/windows-7-recovery-software\/#breadcrumb","itemListElement":[{"@type":"ListItem","position":1,"name":"Home","item":"https:\/\/datarecovery.ping.fm\/de\/"},{"@type":"ListItem","position":2,"name":"Die beste Datenwiederherstellungssoftware f\u00fcr Windows 7"}]},{"@type":"WebSite","@id":"https:\/\/datarecovery.ping.fm\/de\/#website","url":"https:\/\/datarecovery.ping.fm\/de\/","name":"Datenwiederherstellungssoftware","description":"","potentialAction":[{"@type":"SearchAction","target":{"@type":"EntryPoint","urlTemplate":"https:\/\/datarecovery.ping.fm\/de\/?s={search_term_string}"},"query-input":"required name=search_term_string"}],"inLanguage":"de-DE"}]}},"_links":{"self":[{"href":"https:\/\/datarecovery.ping.fm\/de\/wp-json\/wp\/v2\/pages\/44196"}],"collection":[{"href":"https:\/\/datarecovery.ping.fm\/de\/wp-json\/wp\/v2\/pages"}],"about":[{"href":"https:\/\/datarecovery.ping.fm\/de\/wp-json\/wp\/v2\/types\/page"}],"replies":[{"embeddable":true,"href":"https:\/\/datarecovery.ping.fm\/de\/wp-json\/wp\/v2\/comments?post=44196"}],"version-history":[{"count":0,"href":"https:\/\/datarecovery.ping.fm\/de\/wp-json\/wp\/v2\/pages\/44196\/revisions"}],"wp:featuredmedia":[{"embeddable":true,"href":"https:\/\/datarecovery.ping.fm\/de\/wp-json\/wp\/v2\/media\/44197"}],"wp:attachment":[{"href":"https:\/\/datarecovery.ping.fm\/de\/wp-json\/wp\/v2\/media?parent=44196"}],"curies":[{"name":"wp","href":"https:\/\/api.w.org\/{rel}","templated":true}]}}