{"id":43788,"date":"2024-02-22T06:28:29","date_gmt":"2024-02-22T06:28:29","guid":{"rendered":"https:\/\/www.ping.fm\/data-recovery-software\/hard-drive-repair-software\/"},"modified":"2024-04-23T07:39:01","modified_gmt":"2024-04-23T07:39:01","slug":"hard-drive-repair-software","status":"publish","type":"page","link":"https:\/\/datarecovery.ping.fm\/de\/hard-drive-repair-software\/","title":{"rendered":"Bester Festplattenreparatur-Software f\u00fcr die Verwendung in 2024"},"content":{"rendered":"<section>\n<h1>Beste Festplatten-Reparatursoftware f\u00fcr das Jahr 2024<\/h1>\n<div class=\"inbrief\">\n<div>                     <img src=\"https:\/\/www.ping.fm\/data-recovery-software\/wp-content\/uploads\/ai\/Best-Hard-Drive-Repair-Software-to-Use-in-2024-German.jpg\" alt=\"Beste Festplatten-Reparatursoftware f\u00fcr das Jahr 2024\" title=\"Beste Festplatten-Reparatursoftware f\u00fcr das Jahr 2024\" width=\"1280\" height=\"720\">                     <\/p>\n<p>Es gibt kaum etwas Entmutigenderes f\u00fcr Computernutzer als die Aussicht auf einen Festplattenausfall. Ob das gef\u00fcrchtete &#8222;Klick des Todes&#8220; oder eine kryptische Fehlermeldung, eine fehlerhafte Festplatte kann wie ein un\u00fcberwindbares Problem erscheinen. Es gibt jedoch eine F\u00fclle von Festplatten-Reparaturtools, die helfen k\u00f6nnen, Ihre Daten zu retten und m\u00f6glicherweise die Lebensdauer Ihrer Festplatte zu verl\u00e4ngern. In diesem Artikel f\u00fchren wir Sie durch einige der Top-Festplatten-Reparaturtools auf dem Markt. Lassen Sie uns in dieses unerl\u00e4ssliche Toolkit f\u00fcr jede digitale Lebensader eintauchen.<\/p>\n<\/div>\n<\/div>\n<\/section>\n<section>\n<div class=\"medal\">\n<div>&#129351;<\/div>\n<\/div>\n<h2><a href='https:\/\/www.cleverfiles.com\/' rel=\"nofollow noopener\" target='_blank'>Disk Drill<\/a><\/h2>\n<p><img src=\"https:\/\/www.ping.fm\/data-recovery-software\/wp-content\/uploads\/ai\/https---www-cleverfiles-com-German.jpg\" alt=\"https:\/\/www.cleverfiles.com\/ Screenshot\" width=\"1280\" height=\"720\"><\/p>\n<p>Nachdem ich pers\u00f6nlich durch die st\u00fcrmischen Gew\u00e4sser des Datenverlusts navigiert habe, fand ich einen Rettungsanker in <b>Disk Drill<\/b>, einem umfassenden Programm, das f\u00fcr <b>Datenwiederherstellung<\/b> und Festplattenanalyse konzipiert wurde. Seine benutzerfreundliche Oberfl\u00e4che vereinfacht den Wiederherstellungsprozess und macht ihn sowohl f\u00fcr Anf\u00e4nger als auch f\u00fcr Experten zug\u00e4nglich. Die Funktionspalette von Disk Drill geht \u00fcber die Wiederherstellung hinaus mit <b>Datenschutz<\/b>-Dienstprogrammen wie Recovery Vault und Laufwerkssicherung.<\/p>\n<p><a href='https:\/\/www.cleverfiles.com\/' rel=\"nofollow noopener\" target='_blank' class='ofWSite'>Offizielle Website<\/a><\/p>\n<h3 class='prosTitle'>Vorteile<\/h3>\n<ul class='listpc pros'>\n<li>Intuitive Benutzeroberfl\u00e4che<\/li>\n<li>Leistungsf\u00e4hige Scan-Algorithmen<\/li>\n<\/ul>\n<h3 class='consTitle'>Nachteile<\/h3>\n<ul class='listpc cons'>\n<li>Kostenlose Version hat Grenzen bei der Datenwiederherstellung<\/li>\n<li>Fortgeschrittene Funktionen erfordern die Premium-Version<\/li>\n<\/ul>\n<\/section>\n<section>\n<div class=\"medal\">\n<div>&#129352;<\/div>\n<\/div>\n<h2><a href='https:\/\/www.cgsecurity.org\/wiki\/TestDisk' rel=\"nofollow noopener\" target='_blank'>TestDisk<\/a><\/h2>\n<p><img src=\"https:\/\/www.ping.fm\/data-recovery-software\/wp-content\/uploads\/ai\/https---www-cgsecurity-org-wiki-TestDiskGerman.jpg\" alt=\"https:\/\/www.cgsecurity.org\/wiki\/TestDisk Screenshot\" width=\"1280\" height=\"720\"><\/p>\n<p><b>TestDisk<\/b> ist ein Kraftpaket, wenn es darum geht, verlorene Partitionen wiederherzustellen und bootf\u00e4hige Laufwerke, die nicht starten wollen, zu reparieren. Es handelt sich um ein Open-Source-Tool, das von technikaffinen Nutzern wegen seiner tiefgreifenden Funktionalit\u00e4t gesch\u00e4tzt wird. Obwohl es \u00fcber eine Befehlszeilenschnittstelle funktioniert, welche f\u00fcr manche abschreckend sein kann, ist seine Wirksamkeit bei der Wiederherstellung von Partitionstabellen und der Reparatur von Dateisystemen unbestreitbar.<\/p>\n<p><a href='https:\/\/www.cgsecurity.org\/wiki\/TestDisk' rel=\"nofollow noopener\" target='_blank' class='ofWSite'>Offizielle Website<\/a><\/p>\n<h3 class='prosTitle'>Vorteile<\/h3>\n<ul class='listpc pros'>\n<li>Kann verlorene Partitionen wiederherstellen<\/li>\n<li>Open-Source mit h\u00e4ufigen Aktualisierungen<\/li>\n<\/ul>\n<h3 class='consTitle'>Nachteile<\/h3>\n<ul class='listpc cons'>\n<li>Befehlszeilenschnittstelle kann f\u00fcr einige Nutzer eine Herausforderung darstellen<\/li>\n<li>Keine grafische Benutzeroberfl\u00e4che<\/li>\n<\/ul>\n<\/section>\n<section>\n<div class=\"medal\">\n<div>&#129353;<\/div>\n<\/div>\n<h2>GParted<\/h2>\n<p>Die Anwendung <b>GParted<\/b> ist ein freier, quelloffener Partitionseditor, der sich beim \u00c4ndern der Gr\u00f6\u00dfe, Kopieren und Verschieben von Partitionen ohne Datenverlust hervortut. Er unterst\u00fctzt verschiedene Dateisysteme und wird oft f\u00fcr die Verwaltung von Speicherplatz auf einer Festplatte verwendet. Mit seiner \u00fcbersichtlichen grafischen Benutzeroberfl\u00e4che kann GParted von einem Live-USB ausgef\u00fchrt werden, was es zu einem tragbaren und flexiblen Werkzeug f\u00fcr die Festplattenverwaltung macht.<\/p>\n<h3 class='prosTitle'>Vorteile<\/h3>\n<ul class='listpc pros'>\n<li>Unterst\u00fctzt eine Vielzahl von Dateisystemen<\/li>\n<li>Grafische Benutzeroberfl\u00e4che<\/li>\n<\/ul>\n<h3 class='consTitle'>Nachteile<\/h3>\n<ul class='listpc cons'>\n<li>Kann komplexe Wiederherstellungsszenarien m\u00f6glicherweise nicht bew\u00e4ltigen<\/li>\n<li>F\u00fcr Anf\u00e4nger \u00fcberw\u00e4ltigende Optionen<\/li>\n<\/ul>\n<\/section>\n<section>\n<div class=\"no-medal\">\n<div>4<\/div>\n<\/div>\n<h2><a href='https:\/\/hddscan.com\/' rel=\"nofollow noopener\" target='_blank'>HDDScan<\/a><\/h2>\n<p><img src=\"https:\/\/www.ping.fm\/data-recovery-software\/wp-content\/uploads\/ai\/https---hddscan-com-German.jpg\" alt=\"https:\/\/hddscan.com\/ Screenshot\" width=\"1280\" height=\"720\"><\/p>\n<p><b>HDDScan<\/b> ist eine Freeware-Software f\u00fcr die Festplattendia\u00adgnose. Sie bietet eine Vielzahl von Tests, mit denen auf defekte Sektoren \u00fcberpr\u00fcft, SMART-Attribute \u00fcberwacht und Low-Level-Benchmarks durchgef\u00fchrt werden k\u00f6nnen. Besonders hilfreich finde ich die M\u00f6glichkeit, diese Diagnosen durchzuf\u00fchren, ohne Daten von der Festplatte entfernen zu m\u00fcssen \u2013 entscheidend, wenn Sie weiteren Datenverlust vermeiden m\u00f6chten.<\/p>\n<p><a href='https:\/\/hddscan.com\/' rel=\"nofollow noopener\" target='_blank' class='ofWSite'>Offizielle Webseite<\/a><\/p>\n<h3 class='prosTitle'>Vorteile<\/h3>\n<ul class='listpc pros'>\n<li>Keine Installation erforderlich (tragbar)<\/li>\n<li>Detaillierte Berichte \u00fcber den Festplattenzustand<\/li>\n<\/ul>\n<h3 class='consTitle'>Nachteile<\/h3>\n<ul class='listpc cons'>\n<li>Benutzeroberfl\u00e4che kann f\u00fcr Anf\u00e4nger komplex sein<\/li>\n<li>Begrenzte Reparaturf\u00e4higkeiten<\/li>\n<\/ul>\n<\/section>\n<section>\n<div class=\"no-medal\">\n<div>5<\/div>\n<\/div>\n<h2><a href='https:\/\/www.crystalmark.info\/en\/software\/crystaldiskinfo\/' rel=\"nofollow noopener\" target='_blank'>CrystalDiskInfo<\/a><\/h2>\n<p><img src=\"https:\/\/www.ping.fm\/data-recovery-software\/wp-content\/uploads\/ai\/https---www-crystalmark-info-en-software-crystaldiskinfo-German.jpg\" alt=\"https:\/\/www.crystalmark.info\/en\/software\/crystaldiskinfo\/ Screenshot\" width=\"1280\" height=\"720\"><\/p>\n<p>Wenn es um die \u00dcberwachung der Festplattengesundheit geht, ist <b>CrystalDiskInfo<\/b> eine Konstante in meiner Werkzeugkiste. Es handelt sich um ein kostenloses Utility-Tool, das Sie \u00fcber die SMART-Informationen Ihrer Festplatte auf dem Laufenden h\u00e4lt und somit als Fr\u00fchwarnsystem f\u00fcr potenzielle Laufwerkausf\u00e4lle dient. Mit Echtzeit\u00fcberwachung und Benachrichtigungen erm\u00f6glicht CrystalDiskInfo den Benutzern, proaktiv beim Schutz ihrer Daten zu sein.<\/p>\n<p><a href='https:\/\/www.crystalmark.info\/en\/software\/crystaldiskinfo\/' rel=\"nofollow noopener\" target='_blank' class='ofWSite'>Offizielle Webseite<\/a><\/p>\n<h3 class='prosTitle'>Vorteile<\/h3>\n<ul class='listpc pros'>\n<li>Echtzeit-SMART-\u00dcberwachung<\/li>\n<li>Benutzerfreundliche Oberfl\u00e4che<\/li>\n<\/ul>\n<h3 class='consTitle'>Nachteile<\/h3>\n<ul class='listpc cons'>\n<li>Beschr\u00e4nkt auf \u00dcberwachung (keine Reparaturoptionen)<\/li>\n<li>Werbeanzeigen in der kostenlosen Version<\/li>\n<\/ul>\n<\/section>\n<section>\n<h2>Fazit:<\/h2>\n<div class=\"nonp\">\n<p>Die Gesunderhaltung Ihrer Festplatte und die Sicherstellung der Sicherheit Ihrer Daten ist ein fortlaufender Prozess. Zus\u00e4tzlich zur Verwendung von Reparaturwerkzeugen sollte man die Gewohnheit einer <b>regelm\u00e4\u00dfigen Wartung<\/b> entwickeln, wie beispielsweise das periodische \u00dcberpr\u00fcfen auf Festplattenfehler mithilfe eingebauter Utilities wie <b>CHKDSK<\/b> unter Windows oder <b>Disk Utility<\/b> unter macOS. Obwohl pr\u00e4ventive Ma\u00dfnahmen grundlegend sind, ist manchmal eine Wiederherstellung unumg\u00e4nglich. In solchen F\u00e4llen ist es entscheidend, die F\u00e4higkeiten und Grenzen der Reparaturtools zu verstehen. Rettungsaktionen mit Softwarewerkzeugen sollten versucht werden, bevor man auf professionelle Dienstleistungen zur\u00fcckgreift, die teuer sein k\u00f6nnen und nicht immer notwendig sind. Ich habe festgestellt, dass Artikel von Seiten wie <a href='https:\/\/www.techradar.com\/' rel=\"nofollow noopener\" target='_blank'>TechRadar<\/a> und <a href='https:\/\/www.pcworld.com\/' rel=\"nofollow noopener\" target='_blank'>PCWorld<\/a> hilfreich sind, um auf dem Laufenden \u00fcber die neuesten Werkzeuge und Techniken zu bleiben.<\/p>\n<\/div>\n<\/section>\n","protected":false},"excerpt":{"rendered":"<p>Beste Festplatten-Reparatursoftware f\u00fcr das Jahr 2024 Es gibt kaum etwas Entmutigenderes f\u00fcr Computernutzer als die Aussicht auf einen Festplattenausfall. Ob das gef\u00fcrchtete &#8222;Klick des Todes&#8220; oder eine kryptische Fehlermeldung, eine fehlerhafte Festplatte kann wie ein un\u00fcberwindbares Problem erscheinen. Es gibt jedoch eine F\u00fclle von Festplatten-Reparaturtools, die helfen k\u00f6nnen, Ihre Daten zu retten und m\u00f6glicherweise die [&hellip;]<\/p>\n","protected":false},"author":0,"featured_media":44729,"parent":0,"menu_order":0,"comment_status":"closed","ping_status":"closed","template":"chromecast.php","meta":{"_stopmodifiedupdate":false,"_modified_date":"","_lmt_disableupdate":"","_lmt_disable":""},"acf":[],"yoast_head":"<!-- This site is optimized with the Yoast SEO plugin v20.9 - https:\/\/yoast.com\/wordpress\/plugins\/seo\/ -->\n<title>Bester Festplattenreparatur-Software f\u00fcr 2024 | Bewertet<\/title>\n<meta name=\"robots\" content=\"index, follow, max-snippet:-1, max-image-preview:large, max-video-preview:-1\" \/>\n<link rel=\"canonical\" href=\"https:\/\/datarecovery.ping.fm\/de\/hard-drive-repair-software\/\" \/>\n<meta property=\"og:locale\" content=\"de_DE\" \/>\n<meta property=\"og:type\" content=\"article\" \/>\n<meta property=\"og:title\" content=\"Bester Festplattenreparatur-Software f\u00fcr 2024 | Bewertet\" \/>\n<meta property=\"og:description\" content=\"Beste Festplatten-Reparatursoftware f\u00fcr das Jahr 2024 Es gibt kaum etwas Entmutigenderes f\u00fcr Computernutzer als die Aussicht auf einen Festplattenausfall. Ob das gef\u00fcrchtete &#8222;Klick des Todes&#8220; oder eine kryptische Fehlermeldung, eine fehlerhafte Festplatte kann wie ein un\u00fcberwindbares Problem erscheinen. Es gibt jedoch eine F\u00fclle von Festplatten-Reparaturtools, die helfen k\u00f6nnen, Ihre Daten zu retten und m\u00f6glicherweise die [&hellip;]\" \/>\n<meta property=\"og:url\" content=\"https:\/\/datarecovery.ping.fm\/de\/hard-drive-repair-software\/\" \/>\n<meta property=\"og:site_name\" content=\"Datenwiederherstellungssoftware\" \/>\n<meta property=\"article:modified_time\" content=\"2024-04-23T07:39:01+00:00\" \/>\n<meta property=\"og:image\" content=\"https:\/\/datarecovery.ping.fm\/wp-content\/uploads\/2024\/04\/Best-Hard-Drive-Repair-Software-to-Use-in-2024-German-1.jpg\" \/>\n\t<meta property=\"og:image:width\" content=\"1280\" \/>\n\t<meta property=\"og:image:height\" content=\"731\" \/>\n\t<meta property=\"og:image:type\" content=\"image\/jpeg\" \/>\n<meta name=\"twitter:card\" content=\"summary_large_image\" \/>\n<meta name=\"twitter:label1\" content=\"Est. reading time\" \/>\n\t<meta name=\"twitter:data1\" content=\"3 Minuten\" \/>\n<script type=\"application\/ld+json\" class=\"yoast-schema-graph\">{\"@context\":\"https:\/\/schema.org\",\"@graph\":[{\"@type\":\"WebPage\",\"@id\":\"https:\/\/datarecovery.ping.fm\/de\/hard-drive-repair-software\/\",\"url\":\"https:\/\/datarecovery.ping.fm\/de\/hard-drive-repair-software\/\",\"name\":\"Bester Festplattenreparatur-Software f\u00fcr 2024 | Bewertet\",\"isPartOf\":{\"@id\":\"https:\/\/datarecovery.ping.fm\/de\/#website\"},\"datePublished\":\"2024-02-22T06:28:29+00:00\",\"dateModified\":\"2024-04-23T07:39:01+00:00\",\"breadcrumb\":{\"@id\":\"https:\/\/datarecovery.ping.fm\/de\/hard-drive-repair-software\/#breadcrumb\"},\"inLanguage\":\"de-DE\",\"potentialAction\":[{\"@type\":\"ReadAction\",\"target\":[\"https:\/\/datarecovery.ping.fm\/de\/hard-drive-repair-software\/\"]}]},{\"@type\":\"BreadcrumbList\",\"@id\":\"https:\/\/datarecovery.ping.fm\/de\/hard-drive-repair-software\/#breadcrumb\",\"itemListElement\":[{\"@type\":\"ListItem\",\"position\":1,\"name\":\"Home\",\"item\":\"https:\/\/datarecovery.ping.fm\/de\/\"},{\"@type\":\"ListItem\",\"position\":2,\"name\":\"Bester Festplattenreparatur-Software f\u00fcr die Verwendung in 2024\"}]},{\"@type\":\"WebSite\",\"@id\":\"https:\/\/datarecovery.ping.fm\/de\/#website\",\"url\":\"https:\/\/datarecovery.ping.fm\/de\/\",\"name\":\"Datenwiederherstellungssoftware\",\"description\":\"\",\"potentialAction\":[{\"@type\":\"SearchAction\",\"target\":{\"@type\":\"EntryPoint\",\"urlTemplate\":\"https:\/\/datarecovery.ping.fm\/de\/?s={search_term_string}\"},\"query-input\":\"required name=search_term_string\"}],\"inLanguage\":\"de-DE\"}]}<\/script>\n<!-- \/ Yoast SEO plugin. -->","yoast_head_json":{"title":"Bester Festplattenreparatur-Software f\u00fcr 2024 | Bewertet","robots":{"index":"index","follow":"follow","max-snippet":"max-snippet:-1","max-image-preview":"max-image-preview:large","max-video-preview":"max-video-preview:-1"},"canonical":"https:\/\/datarecovery.ping.fm\/de\/hard-drive-repair-software\/","og_locale":"de_DE","og_type":"article","og_title":"Bester Festplattenreparatur-Software f\u00fcr 2024 | Bewertet","og_description":"Beste Festplatten-Reparatursoftware f\u00fcr das Jahr 2024 Es gibt kaum etwas Entmutigenderes f\u00fcr Computernutzer als die Aussicht auf einen Festplattenausfall. Ob das gef\u00fcrchtete &#8222;Klick des Todes&#8220; oder eine kryptische Fehlermeldung, eine fehlerhafte Festplatte kann wie ein un\u00fcberwindbares Problem erscheinen. Es gibt jedoch eine F\u00fclle von Festplatten-Reparaturtools, die helfen k\u00f6nnen, Ihre Daten zu retten und m\u00f6glicherweise die [&hellip;]","og_url":"https:\/\/datarecovery.ping.fm\/de\/hard-drive-repair-software\/","og_site_name":"Datenwiederherstellungssoftware","article_modified_time":"2024-04-23T07:39:01+00:00","og_image":[{"width":1280,"height":731,"url":"https:\/\/datarecovery.ping.fm\/wp-content\/uploads\/2024\/04\/Best-Hard-Drive-Repair-Software-to-Use-in-2024-German-1.jpg","type":"image\/jpeg"}],"twitter_card":"summary_large_image","twitter_misc":{"Est. reading time":"3 Minuten"},"schema":{"@context":"https:\/\/schema.org","@graph":[{"@type":"WebPage","@id":"https:\/\/datarecovery.ping.fm\/de\/hard-drive-repair-software\/","url":"https:\/\/datarecovery.ping.fm\/de\/hard-drive-repair-software\/","name":"Bester Festplattenreparatur-Software f\u00fcr 2024 | Bewertet","isPartOf":{"@id":"https:\/\/datarecovery.ping.fm\/de\/#website"},"datePublished":"2024-02-22T06:28:29+00:00","dateModified":"2024-04-23T07:39:01+00:00","breadcrumb":{"@id":"https:\/\/datarecovery.ping.fm\/de\/hard-drive-repair-software\/#breadcrumb"},"inLanguage":"de-DE","potentialAction":[{"@type":"ReadAction","target":["https:\/\/datarecovery.ping.fm\/de\/hard-drive-repair-software\/"]}]},{"@type":"BreadcrumbList","@id":"https:\/\/datarecovery.ping.fm\/de\/hard-drive-repair-software\/#breadcrumb","itemListElement":[{"@type":"ListItem","position":1,"name":"Home","item":"https:\/\/datarecovery.ping.fm\/de\/"},{"@type":"ListItem","position":2,"name":"Bester Festplattenreparatur-Software f\u00fcr die Verwendung in 2024"}]},{"@type":"WebSite","@id":"https:\/\/datarecovery.ping.fm\/de\/#website","url":"https:\/\/datarecovery.ping.fm\/de\/","name":"Datenwiederherstellungssoftware","description":"","potentialAction":[{"@type":"SearchAction","target":{"@type":"EntryPoint","urlTemplate":"https:\/\/datarecovery.ping.fm\/de\/?s={search_term_string}"},"query-input":"required name=search_term_string"}],"inLanguage":"de-DE"}]}},"_links":{"self":[{"href":"https:\/\/datarecovery.ping.fm\/de\/wp-json\/wp\/v2\/pages\/43788"}],"collection":[{"href":"https:\/\/datarecovery.ping.fm\/de\/wp-json\/wp\/v2\/pages"}],"about":[{"href":"https:\/\/datarecovery.ping.fm\/de\/wp-json\/wp\/v2\/types\/page"}],"replies":[{"embeddable":true,"href":"https:\/\/datarecovery.ping.fm\/de\/wp-json\/wp\/v2\/comments?post=43788"}],"version-history":[{"count":0,"href":"https:\/\/datarecovery.ping.fm\/de\/wp-json\/wp\/v2\/pages\/43788\/revisions"}],"wp:featuredmedia":[{"embeddable":true,"href":"https:\/\/datarecovery.ping.fm\/de\/wp-json\/wp\/v2\/media\/44729"}],"wp:attachment":[{"href":"https:\/\/datarecovery.ping.fm\/de\/wp-json\/wp\/v2\/media?parent=43788"}],"curies":[{"name":"wp","href":"https:\/\/api.w.org\/{rel}","templated":true}]}}