{"id":41747,"date":"2024-02-21T05:25:08","date_gmt":"2024-02-21T05:25:08","guid":{"rendered":"https:\/\/www.ping.fm\/data-recovery-software\/partition-recovery-software\/"},"modified":"2024-04-16T11:39:56","modified_gmt":"2024-04-16T11:39:56","slug":"partition-recovery-software","status":"publish","type":"page","link":"https:\/\/datarecovery.ping.fm\/de\/partition-recovery-software\/","title":{"rendered":"Bester Partitions-Wiederherstellungsprogramm f\u00fcr 2024 f\u00fcr das Windows-Betriebssystem"},"content":{"rendered":"<section>\n<h1>Beste Software zur Partitionswiederherstellung 2024 f\u00fcr Windows<\/h1>\n<div class=\"inbrief\">\n<div>             <img src=\"https:\/\/www.ping.fm\/data-recovery-software\/wp-content\/uploads\/ai\/Best-Partition-Recovery-Software-in-2024-for-Windows-German.jpg\" alt=\"Beste Software zur Partitionswiederherstellung 2024 f\u00fcr Windows\" title=\"Beste Software zur Partitionswiederherstellung 2024 f\u00fcr Windows\" width=\"1280\" height=\"720\">             <\/p>\n<p>Wenn Sie versehentlich eine Partition gel\u00f6scht haben oder ein Systemabsturz aufgetreten ist, ist das Gef\u00fchl oft kaum zu ertragen, besonders wenn die Partition wertvolle Daten enthielt. Zum Gl\u00fcck kann Software zur Partitionswiederherstellung in solch verzweifelten Zeiten ein Rettungsanker sein. Basierend auf meiner pers\u00f6nlichen Erfahrung hier eine \u00dcbersicht \u00fcber die beste Software zur Partitionswiederherstellung f\u00fcr Windows, die ich das Gl\u00fcck (oder Ungl\u00fcck) hatte zu verwenden. Jedes Tool kommt mit seinem eigenen Funktionsumfang und Eigenheiten, deshalb gebe ich Ihnen einen Einblick, was Sie von jedem erwarten k\u00f6nnen. Achtung, es ist unerl\u00e4sslich, das betroffene Laufwerk nicht weiter zu verwenden, um das \u00dcberschreiben wiederherstellbarer Daten zu vermeiden, und w\u00e4hlen Sie immer das zuverl\u00e4ssigste Tool und nicht das g\u00fcnstigste.<\/p>\n<\/div>\n<\/div>\n<\/section>\n<section>\n<div class=\"medal\">\n<div>&#129351;<\/div>\n<\/div>\n<h2><a href='https:\/\/www.stellarinfo.com\/partition-recovery-software.php' rel=\"nofollow noopener\" target='_blank'>Stellar Data Recovery<\/a><\/h2>\n<p><img src=\"https:\/\/www.ping.fm\/data-recovery-software\/wp-content\/uploads\/ai\/https---www-stellarinfo-com-partition-recovery-software-phpGerman.jpg\"><\/p>\n<p>Stellar Data Recovery ist ein m\u00e4chtiges Tool, das eine bewundernswerte Balance zwischen intuitiver Benutzeroberfl\u00e4che und kraftvollen Wiederherstellungsf\u00e4higkeiten bietet. Diese Software war meine Anlaufstelle bei gelegentlichen Datenverlust-Alptr\u00e4umen und hat die Partitionswiederherstellung mit Bravour gemeistert. Sie ist sowohl f\u00fcr Anf\u00e4nger als auch f\u00fcr fortgeschrittene Benutzer geeignet, und ich habe sie pers\u00f6nlich verwendet, um Partitionen wiederherzustellen, von denen ich dachte, sie w\u00e4ren verloren.<\/p>\n<p><a href='https:\/\/www.stellarinfo.com\/partition-recovery-software.php' rel=\"nofollow noopener\" target='_blank' class='ofWSite'>Offizielle Webseite<\/a><\/p>\n<h3 class='prosTitle'>Vorteile<\/h3>\n<ul class='listpc pros'>\n<li>Sehr intuitive Schnittstelle<\/li>\n<li>Erweiterte Scan-Optionen<\/li>\n<\/ul>\n<h3 class='consTitle'>Nachteile<\/h3>\n<ul class='listpc cons'>\n<li>Wiederherstellungsgeschwindigkeit kann bei gro\u00dfen Laufwerken langsam sein<\/li>\n<li>Lizenzkosten sind relativ hoch<\/li>\n<\/ul>\n<\/section>\n<section>\n<div class=\"medal\">\n<div>&#129352;<\/div>\n<\/div>\n<h2><a href='https:\/\/www.easeus.com\/partition-recovery\/' rel=\"nofollow noopener\" target='_blank'>EaseUS Partition Recovery<\/a><\/h2>\n<p><img src=\"https:\/\/www.ping.fm\/data-recovery-software\/wp-content\/uploads\/ai\/https---www-easeus-com-partition-recovery-German.jpg\"><\/p>\n<p>Ein weiteres Juwel in der Welt der Partitionswiederherstellung ist EaseUS Partition Recovery. Es ist angenehm f\u00fcr die Augen und das Verst\u00e4ndnis, so dass ein ansonsten hochtechnischer Prozess kinderleicht erscheint. Der Wiederherstellungsassistent ist besonders hilfreich und f\u00fchrt Sie durch jeden Schritt. Trotz seiner Einfachheit hat es in mehreren F\u00e4llen erfolgreich Daten f\u00fcr mich wiederhergestellt, ohne viel Aufwand.<\/p>\n<p><a href='https:\/\/www.easeus.com\/partition-recovery\/' rel=\"nofollow noopener\" target='_blank' class='ofWSite'>Offizielle Webseite<\/a><\/p>\n<h3 class='prosTitle'>Vorteile<\/h3>\n<ul class='listpc pros'>\n<li>Benutzerfreundlicher Assistent<\/li>\n<li>Gute Unterst\u00fctzung verschiedener Dateisysteme<\/li>\n<\/ul>\n<h3 class='consTitle'>Nachteile<\/h3>\n<ul class='listpc cons'>\n<li>Kostenlose Version hat begrenzte Funktionen<\/li>\n<li>Vollst\u00e4ndige Wiederherstellung kann zeitaufw\u00e4ndig sein<\/li>\n<\/ul>\n<\/section>\n<section>\n<div class=\"medal\">\n<div>&#129353;<\/div>\n<\/div>\n<h2>AOMEI Partition Assistant<\/h2>\n<p>AOMEI Partition Assistant ist nicht nur auf die Wiederherstellung von Partitionen spezialisiert; es ist ein komplettes Partitionierungs-Management-Paket. Die Software bietet eine Reihe von Funktionen sowohl f\u00fcr die Wiederherstellung als auch f\u00fcr das allgemeine Partitionierungs-Management. Ich habe AOMEI haupts\u00e4chlich f\u00fcr das \u00c4ndern der Gr\u00f6\u00dfe und das Aufteilen von Partitionen verwendet, aber es verf\u00fcgt \u00fcber eine ziemlich robuste Wiederherstellungsfunktion, die mir schon mehr als einmal den Speck gerettet hat.<\/p>\n<h3 class='prosTitle'>Vorteile<\/h3>\n<ul class='listpc pros'>\n<li>Umfangreiche Werkzeuge f\u00fcr das Partitionierungs-Management<\/li>\n<li>Wiederherstellungsfunktionen sind ziemlich zuverl\u00e4ssig<\/li>\n<\/ul>\n<h3 class='consTitle'>Nachteile<\/h3>\n<ul class='listpc cons'>\n<li>Schnittstelle k\u00f6nnte f\u00fcr Anf\u00e4nger \u00fcberw\u00e4ltigend sein<\/li>\n<li>Bestimmte fortgeschrittene Funktionen ben\u00f6tigen die Pro-Version<\/li>\n<\/ul>\n<\/section>\n<section>\n<div class=\"no-medal\">\n<div>4<\/div>\n<\/div>\n<h2><a href='https:\/\/www.cleverfiles.com\/partition-recovery.html' rel=\"nofollow noopener\" target='_blank'>Disk Drill<\/a><\/h2>\n<p><img src=\"https:\/\/www.ping.fm\/data-recovery-software\/wp-content\/uploads\/ai\/https---www-cleverfiles-com-partition-recovery-htmlGerman.jpg\"><\/p>\n<p>Disk Drill hat sich als unerwarteter Held in der Landschaft der Partitionswiederherstellung herausgestellt. Mit einer Vielzahl von Wiederherstellungswerkzeugen war es oft meine letzte Rettung, wenn andere versagt hatten. Sein Tiefenscan-Feature hat sich als besonders n\u00fctzlich erwiesen und es mir erm\u00f6glicht, Dateien wiederherzustellen, die als l\u00e4ngst verloren galten. Es ist benutzerfreundlich, aber es schont nicht bei seiner robusten Wiederherstellungsf\u00e4higkeit.<\/p>\n<p><a href='https:\/\/www.cleverfiles.com\/partition-recovery.html' rel=\"nofollow noopener\" target='_blank' class='ofWSite'>Offizielle Webseite<\/a><\/p>\n<h3 class='prosTitle'>Vorteile<\/h3>\n<ul class='listpc pros'>\n<li>Ausgezeichnete Tiefenscan-F\u00e4higkeiten<\/li>\n<li>Einfaches, benutzerzentriertes Design<\/li>\n<\/ul>\n<h3 class='consTitle'>Nachteile<\/h3>\n<ul class='listpc cons'>\n<li>Wiederherstellung kann langsam sein<\/li>\n<li>Volle Funktionalit\u00e4t erfordert ein kostenpflichtiges Upgrade<\/li>\n<\/ul>\n<\/section>\n<section>\n<div class=\"no-medal\">\n<div>5<\/div>\n<\/div>\n<h2><a href='https:\/\/www.minitool.com\/data-recovery-software\/partition-recovery.html' rel=\"nofollow noopener\" target='_blank'>MiniTool Partition Recovery<\/a><\/h2>\n<p><img src=\"https:\/\/www.ping.fm\/data-recovery-software\/wp-content\/uploads\/ai\/https---www-minitool-com-data-recovery-software-partition-recovery-htmlGerman.jpg\"><\/p>\n<p>MiniTool Partition Recovery ist eine fokussierte Anwendung, die sich ausschlie\u00dflich auf die Wiederherstellung von Partitionen konzentriert, ohne die Glocken und Pfeifen von vollst\u00e4ndigen Datenwiederherstellungsprogrammen. Es ist ein spezialisiertes Werkzeug, das ich verwendet habe, als ich genau wusste, was ich wiederherstellen musste. Es arbeitet schnell, effizient und ist frei von allem, was von seinem eigentlichen Zweck ablenken k\u00f6nnte: Ihre Partitionen zur\u00fcckzuholen.<\/p>\n<p><a href='https:\/\/www.minitool.com\/data-recovery-software\/partition-recovery.html' rel=\"nofollow noopener\" target='_blank' class='ofWSite'>Offizielle Webseite<\/a><\/p>\n<h3 class='prosTitle'>Vorteile<\/h3>\n<ul class='listpc pros'>\n<li>Spezialisiert auf die Wiederherstellung von Partitionen<\/li>\n<li>Schnelle und effiziente Bedienung<\/li>\n<\/ul>\n<h3 class='consTitle'>Nachteile<\/h3>\n<ul class='listpc cons'>\n<li>Begrenzte Funktionalit\u00e4t \u00fcber die Partitionswiederherstellung hinaus<\/li>\n<li>Schnittstelle ist nicht die modernste<\/li>\n<\/ul>\n<\/section>\n<section>\n<h2>Fazit:<\/h2>\n<div class=\"nonp\">\n<p>Datenverlust kann eine traumatische Erfahrung sein, aber es gibt Schritte, die Sie unternehmen k\u00f6nnen, um das Risiko zu minimieren. Die Nutzung von Cloud-Speicherdiensten wie OneDrive oder <a href='https:\/\/www.dropbox.com\/' rel=\"nofollow noopener\" target='_blank'>Dropbox<\/a> f\u00fcr Ihre wichtigen Dateien kann eine zus\u00e4tzliche Sicherheitsebene bieten. Dar\u00fcber hinaus k\u00f6nnen regelm\u00e4\u00dfige System\u00fcberpr\u00fcfungen mit Tools wie <a href='https:\/\/www.ccleaner.com\/ccleaner' rel=\"nofollow noopener\" target='_blank'>CCleaner<\/a>, um unn\u00f6tige Dateien zu entfernen, und <a href='https:\/\/www.malwarebytes.com\/' rel=\"nofollow noopener\" target='_blank'>Malwarebytes<\/a> f\u00fcr Malware-Scans dazu beitragen, Systemabst\u00fcrze, die zu Partitionsverlust f\u00fchren, zu verhindern. Seien Sie zuletzt vorsichtig, wenn Sie selbst Partitionen anlegen; die Nutzung von Expertenanleitungen oder professioneller Hilfe ist ratsam, wenn Sie nicht von Ihren F\u00e4higkeiten \u00fcberzeugt sind.<\/p>\n<\/div>\n<\/section>\n","protected":false},"excerpt":{"rendered":"<p>Beste Software zur Partitionswiederherstellung 2024 f\u00fcr Windows Wenn Sie versehentlich eine Partition gel\u00f6scht haben oder ein Systemabsturz aufgetreten ist, ist das Gef\u00fchl oft kaum zu ertragen, besonders wenn die Partition wertvolle Daten enthielt. Zum Gl\u00fcck kann Software zur Partitionswiederherstellung in solch verzweifelten Zeiten ein Rettungsanker sein. Basierend auf meiner pers\u00f6nlichen Erfahrung hier eine \u00dcbersicht \u00fcber [&hellip;]<\/p>\n","protected":false},"author":0,"featured_media":41748,"parent":0,"menu_order":0,"comment_status":"closed","ping_status":"closed","template":"chromecast.php","meta":{"_stopmodifiedupdate":false,"_modified_date":"","_lmt_disableupdate":"","_lmt_disable":""},"acf":[],"yoast_head":"<!-- This site is optimized with the Yoast SEO plugin v20.9 - https:\/\/yoast.com\/wordpress\/plugins\/seo\/ -->\n<title>Beste Partition-Wiederherstellungsprogramme f\u00fcr 2024 f\u00fcr Windows-Betriebssystem<\/title>\n<meta name=\"robots\" content=\"index, follow, max-snippet:-1, max-image-preview:large, max-video-preview:-1\" \/>\n<link rel=\"canonical\" href=\"https:\/\/datarecovery.ping.fm\/de\/partition-recovery-software\/\" \/>\n<meta property=\"og:locale\" content=\"de_DE\" \/>\n<meta property=\"og:type\" content=\"article\" \/>\n<meta property=\"og:title\" content=\"Beste Partition-Wiederherstellungsprogramme f\u00fcr 2024 f\u00fcr Windows-Betriebssystem\" \/>\n<meta property=\"og:description\" content=\"Beste Software zur Partitionswiederherstellung 2024 f\u00fcr Windows Wenn Sie versehentlich eine Partition gel\u00f6scht haben oder ein Systemabsturz aufgetreten ist, ist das Gef\u00fchl oft kaum zu ertragen, besonders wenn die Partition wertvolle Daten enthielt. Zum Gl\u00fcck kann Software zur Partitionswiederherstellung in solch verzweifelten Zeiten ein Rettungsanker sein. Basierend auf meiner pers\u00f6nlichen Erfahrung hier eine \u00dcbersicht \u00fcber [&hellip;]\" \/>\n<meta property=\"og:url\" content=\"https:\/\/datarecovery.ping.fm\/de\/partition-recovery-software\/\" \/>\n<meta property=\"og:site_name\" content=\"Datenwiederherstellungssoftware\" \/>\n<meta property=\"article:modified_time\" content=\"2024-04-16T11:39:56+00:00\" \/>\n<meta property=\"og:image\" content=\"https:\/\/datarecovery.ping.fm\/wp-content\/uploads\/2024\/04\/Best-Partition-Recovery-Software-in-2024-for-Windows-German.jpg\" \/>\n\t<meta property=\"og:image:width\" content=\"1280\" \/>\n\t<meta property=\"og:image:height\" content=\"731\" \/>\n\t<meta property=\"og:image:type\" content=\"image\/jpeg\" \/>\n<meta name=\"twitter:card\" content=\"summary_large_image\" \/>\n<meta name=\"twitter:label1\" content=\"Est. reading time\" \/>\n\t<meta name=\"twitter:data1\" content=\"3 Minuten\" \/>\n<script type=\"application\/ld+json\" class=\"yoast-schema-graph\">{\"@context\":\"https:\/\/schema.org\",\"@graph\":[{\"@type\":\"WebPage\",\"@id\":\"https:\/\/datarecovery.ping.fm\/de\/partition-recovery-software\/\",\"url\":\"https:\/\/datarecovery.ping.fm\/de\/partition-recovery-software\/\",\"name\":\"Beste Partition-Wiederherstellungsprogramme f\u00fcr 2024 f\u00fcr Windows-Betriebssystem\",\"isPartOf\":{\"@id\":\"https:\/\/datarecovery.ping.fm\/de\/#website\"},\"datePublished\":\"2024-02-21T05:25:08+00:00\",\"dateModified\":\"2024-04-16T11:39:56+00:00\",\"breadcrumb\":{\"@id\":\"https:\/\/datarecovery.ping.fm\/de\/partition-recovery-software\/#breadcrumb\"},\"inLanguage\":\"de-DE\",\"potentialAction\":[{\"@type\":\"ReadAction\",\"target\":[\"https:\/\/datarecovery.ping.fm\/de\/partition-recovery-software\/\"]}]},{\"@type\":\"BreadcrumbList\",\"@id\":\"https:\/\/datarecovery.ping.fm\/de\/partition-recovery-software\/#breadcrumb\",\"itemListElement\":[{\"@type\":\"ListItem\",\"position\":1,\"name\":\"Home\",\"item\":\"https:\/\/datarecovery.ping.fm\/de\/\"},{\"@type\":\"ListItem\",\"position\":2,\"name\":\"Bester Partitions-Wiederherstellungsprogramm f\u00fcr 2024 f\u00fcr das Windows-Betriebssystem\"}]},{\"@type\":\"WebSite\",\"@id\":\"https:\/\/datarecovery.ping.fm\/de\/#website\",\"url\":\"https:\/\/datarecovery.ping.fm\/de\/\",\"name\":\"Datenwiederherstellungssoftware\",\"description\":\"\",\"potentialAction\":[{\"@type\":\"SearchAction\",\"target\":{\"@type\":\"EntryPoint\",\"urlTemplate\":\"https:\/\/datarecovery.ping.fm\/de\/?s={search_term_string}\"},\"query-input\":\"required name=search_term_string\"}],\"inLanguage\":\"de-DE\"}]}<\/script>\n<!-- \/ Yoast SEO plugin. -->","yoast_head_json":{"title":"Beste Partition-Wiederherstellungsprogramme f\u00fcr 2024 f\u00fcr Windows-Betriebssystem","robots":{"index":"index","follow":"follow","max-snippet":"max-snippet:-1","max-image-preview":"max-image-preview:large","max-video-preview":"max-video-preview:-1"},"canonical":"https:\/\/datarecovery.ping.fm\/de\/partition-recovery-software\/","og_locale":"de_DE","og_type":"article","og_title":"Beste Partition-Wiederherstellungsprogramme f\u00fcr 2024 f\u00fcr Windows-Betriebssystem","og_description":"Beste Software zur Partitionswiederherstellung 2024 f\u00fcr Windows Wenn Sie versehentlich eine Partition gel\u00f6scht haben oder ein Systemabsturz aufgetreten ist, ist das Gef\u00fchl oft kaum zu ertragen, besonders wenn die Partition wertvolle Daten enthielt. Zum Gl\u00fcck kann Software zur Partitionswiederherstellung in solch verzweifelten Zeiten ein Rettungsanker sein. Basierend auf meiner pers\u00f6nlichen Erfahrung hier eine \u00dcbersicht \u00fcber [&hellip;]","og_url":"https:\/\/datarecovery.ping.fm\/de\/partition-recovery-software\/","og_site_name":"Datenwiederherstellungssoftware","article_modified_time":"2024-04-16T11:39:56+00:00","og_image":[{"width":1280,"height":731,"url":"https:\/\/datarecovery.ping.fm\/wp-content\/uploads\/2024\/04\/Best-Partition-Recovery-Software-in-2024-for-Windows-German.jpg","type":"image\/jpeg"}],"twitter_card":"summary_large_image","twitter_misc":{"Est. reading time":"3 Minuten"},"schema":{"@context":"https:\/\/schema.org","@graph":[{"@type":"WebPage","@id":"https:\/\/datarecovery.ping.fm\/de\/partition-recovery-software\/","url":"https:\/\/datarecovery.ping.fm\/de\/partition-recovery-software\/","name":"Beste Partition-Wiederherstellungsprogramme f\u00fcr 2024 f\u00fcr Windows-Betriebssystem","isPartOf":{"@id":"https:\/\/datarecovery.ping.fm\/de\/#website"},"datePublished":"2024-02-21T05:25:08+00:00","dateModified":"2024-04-16T11:39:56+00:00","breadcrumb":{"@id":"https:\/\/datarecovery.ping.fm\/de\/partition-recovery-software\/#breadcrumb"},"inLanguage":"de-DE","potentialAction":[{"@type":"ReadAction","target":["https:\/\/datarecovery.ping.fm\/de\/partition-recovery-software\/"]}]},{"@type":"BreadcrumbList","@id":"https:\/\/datarecovery.ping.fm\/de\/partition-recovery-software\/#breadcrumb","itemListElement":[{"@type":"ListItem","position":1,"name":"Home","item":"https:\/\/datarecovery.ping.fm\/de\/"},{"@type":"ListItem","position":2,"name":"Bester Partitions-Wiederherstellungsprogramm f\u00fcr 2024 f\u00fcr das Windows-Betriebssystem"}]},{"@type":"WebSite","@id":"https:\/\/datarecovery.ping.fm\/de\/#website","url":"https:\/\/datarecovery.ping.fm\/de\/","name":"Datenwiederherstellungssoftware","description":"","potentialAction":[{"@type":"SearchAction","target":{"@type":"EntryPoint","urlTemplate":"https:\/\/datarecovery.ping.fm\/de\/?s={search_term_string}"},"query-input":"required name=search_term_string"}],"inLanguage":"de-DE"}]}},"_links":{"self":[{"href":"https:\/\/datarecovery.ping.fm\/de\/wp-json\/wp\/v2\/pages\/41747"}],"collection":[{"href":"https:\/\/datarecovery.ping.fm\/de\/wp-json\/wp\/v2\/pages"}],"about":[{"href":"https:\/\/datarecovery.ping.fm\/de\/wp-json\/wp\/v2\/types\/page"}],"replies":[{"embeddable":true,"href":"https:\/\/datarecovery.ping.fm\/de\/wp-json\/wp\/v2\/comments?post=41747"}],"version-history":[{"count":0,"href":"https:\/\/datarecovery.ping.fm\/de\/wp-json\/wp\/v2\/pages\/41747\/revisions"}],"wp:featuredmedia":[{"embeddable":true,"href":"https:\/\/datarecovery.ping.fm\/de\/wp-json\/wp\/v2\/media\/41748"}],"wp:attachment":[{"href":"https:\/\/datarecovery.ping.fm\/de\/wp-json\/wp\/v2\/media?parent=41747"}],"curies":[{"name":"wp","href":"https:\/\/api.w.org\/{rel}","templated":true}]}}